{"id":496477,"date":"2023-11-28T01:00:00","date_gmt":"2023-11-28T00:00:00","guid":{"rendered":""},"modified":"2023-11-28T13:57:39","modified_gmt":"2023-11-28T12:57:39","slug":"DVD-BRACKET-de_DE","status":"publish","type":"product","link":"https:\/\/b2b.calibereurope.com\/de\/produkt\/DVD-BRACKET-de_DE\/","title":{"rendered":"Auto -Headtrest -Halter &#8211; Zubeh\u00f6r f\u00fcr MPD107, MPD2010T, MPD278T und MPD298 &#8211; DVD -Klammer (DVD -Klammer)"},"content":{"rendered":"<p> Best\u00e4tigen Sie Ihre DVD -Bildschirme im Auto mit diesem Caliber DVD -Player -Auto -Kopfst\u00fctzenhalter. Die Klammer ist speziell f\u00fcr Caliber -DVD -Player hergestellt, insbesondere f\u00fcr die <strong> MPD -Modelle von 2017 <\/strong>. Dank des Kopfst\u00fctzenhalters bleibt der Bildschirm an Ort und Stelle und Kinder k\u00f6nnen ihren Lieblingsfilm oder ihre Serie endlos ansehen. Der DVD -Spielerhalter f\u00fcr das Auto ist <strong> ideal f\u00fcr lange Reisen. <\/strong> Mit Hilfe von Schrauben befestigen Sie die DVD -Player fest an der Kopfst\u00fctze des Autositzes, um endloses Sehvergn\u00fcgen zu erhalten. <\/p>\n<p> <strong> Eigenschaften: <\/strong> <\/p>\n<ul>\n<li> Die Best\u00e4tigung der Kopfst\u00fctze in automatisch <\/li>\n<li> f\u00fcr Caliber -Auto -DVD -Player <\/li>\n<li> MPD -Modelle von 2017:\n<p>MPD107, MPD125, MPD2010T, MPD2125T, MPD278T und MPD298<\/p>\n<ul>\n<li> Ideal f\u00fcr lange Reisen <\/li>\n<\/ul>\n<\/li>\n<\/ul>\n<h3> f\u00fcr Caliber-DVD-Spieler <\/h3>\n<p> Dieser Auto -Kopfst\u00fctzenhalter ist speziell f\u00fcr Caliber -DVD -Spieler hergestellt. Die MPD -Modelle aus dem Jahr 2017 sind mit dieser Halterung kompatibel. Sie k\u00f6nnen beispielsweise die MPD107, MPD125,&nbsp; MPD2010T, MPD2125T, MPD278T und MPD298 mit diesem DVD -Playerhalter an eine Auto -Kopfst\u00fctze anbringen. <\/p>\n<h3> Stunden des Betrachtens des Vergn\u00fcgens <\/h3>\n<p> Mit dem Auto -Kopfst\u00fctzenhalter f\u00fcr Ihren DVD -Player ist es noch komfortabler. Kein Kampf dar\u00fcber, wer den DVD -Bildschirm h\u00e4lt und wie hoch oder niedrig dies passieren sollte. Dank der Kopfst\u00fctze der DVD -Player f\u00fcr das Auto bleibt der Bildschirm immer an Ort und Stelle und das Bild ist auch f\u00fcr alle Zuschauer deutlich sichtbar. <\/p>\n<h3> sicher auf der Stra\u00dfe <\/h3>\n<p> pl\u00f6tzliche Kurven, Bremsen oder einfach nur Ihre Aufmerksamkeit, ist auf langen Autofahrten unvermeidlich. Wenn Kinder einen DVD -Spieler im Auto auf ihrem Scho\u00df halten, ist ein Unfall in einer kleinen Ecke. Eine Packung Trinken wird schnell \u00fcber den DVD -Bildschirm versch\u00fcttet und der DVD -Player wird auch nicht besser. Wenn Sie den DVD -Halter an einer Kopfst\u00fctze im Auto anbringen, geh\u00f6ren diese Probleme der Vergangenheit an. Zum Beispiel kann der R\u00fccksitz in den sch\u00f6nsten Filmen beobachtet werden, ohne das Risiko eines Essens oder Trinkens \u00fcber dem Bildschirm zu essen. Der DVD -Bildschirm fliegt nicht durch das Auto und kann keinen Schaden verursachen. <\/p>\n","protected":false},"excerpt":{"rendered":"<ul>\n<li>Die Best\u00e4tigung der Kopfst\u00fctze in automatisch<\/li>\n<li>f\u00fcr Caliber -Auto -DVD -Player<\/li>\n<li>MPD -Modelle von 2017:\n<p>MPD107, MPD125, MPD2010T, MPD2125T, MPD278T und MPD298<\/p>\n<ul>\n<li>Ideal f\u00fcr lange Reisen<\/li>\n<\/ul>\n<\/li>\n<\/ul>\n","protected":false},"featured_media":839500,"template":"","meta":{"_acf_changed":false,"site-sidebar-layout":"default","site-content-layout":"","ast-site-content-layout":"default","site-content-style":"default","site-sidebar-style":"default","ast-global-header-display":"","ast-banner-title-visibility":"","ast-main-header-display":"","ast-hfb-above-header-display":"","ast-hfb-below-header-display":"","ast-hfb-mobile-header-display":"","site-post-title":"","ast-breadcrumbs-content":"","ast-featured-img":"","footer-sml-layout":"","theme-transparent-header-meta":"","adv-header-id-meta":"","stick-header-meta":"","header-above-stick-meta":"","header-main-stick-meta":"","header-below-stick-meta":"","astra-migrate-meta-layouts":"default","ast-page-background-enabled":"default","ast-page-background-meta":{"desktop":{"background-color":"","background-image":"","background-repeat":"repeat","background-position":"center center","background-size":"auto","background-attachment":"scroll","background-type":"","background-media":"","overlay-type":"","overlay-color":"","overlay-opacity":"","overlay-gradient":""},"tablet":{"background-color":"","background-image":"","background-repeat":"repeat","background-position":"center center","background-size":"auto","background-attachment":"scroll","background-type":"","background-media":"","overlay-type":"","overlay-color":"","overlay-opacity":"","overlay-gradient":""},"mobile":{"background-color":"","background-image":"","background-repeat":"repeat","background-position":"center center","background-size":"auto","background-attachment":"scroll","background-type":"","background-media":"","overlay-type":"","overlay-color":"","overlay-opacity":"","overlay-gradient":""}},"ast-content-background-meta":{"desktop":{"background-color":"var(--ast-global-color-5)","background-image":"","background-repeat":"repeat","background-position":"center center","background-size":"auto","background-attachment":"scroll","background-type":"","background-media":"","overlay-type":"","overlay-color":"","overlay-opacity":"","overlay-gradient":""},"tablet":{"background-color":"var(--ast-global-color-5)","background-image":"","background-repeat":"repeat","background-position":"center center","background-size":"auto","background-attachment":"scroll","background-type":"","background-media":"","overlay-type":"","overlay-color":"","overlay-opacity":"","overlay-gradient":""},"mobile":{"background-color":"var(--ast-global-color-5)","background-image":"","background-repeat":"repeat","background-position":"center center","background-size":"auto","background-attachment":"scroll","background-type":"","background-media":"","overlay-type":"","overlay-color":"","overlay-opacity":"","overlay-gradient":""}}},"product_brand":[],"product_cat":[22956],"product_tag":[],"class_list":{"0":"post-496477","1":"product","2":"type-product","3":"status-publish","4":"has-post-thumbnail","6":"product_cat-keine-kategorie","7":"desktop-align-center","8":"tablet-align-center","9":"mobile-align-center","10":"ast-product-gallery-layout-horizontal","11":"ast-product-tabs-layout-horizontal","13":"first","14":"instock","15":"taxable","16":"shipping-taxable","17":"purchasable","18":"product-type-simple"},"acf":[],"yoast_head":"<!-- This site is optimized with the Yoast SEO plugin v26.5 - https:\/\/yoast.com\/wordpress\/plugins\/seo\/ -->\n<title>Auto -Headtrest -Halter - Zubeh\u00f6r f\u00fcr MPD107, MPD2010T, MPD278T und MPD298 - DVD -Klammer (DVD -Klammer) - Caliber Europe B.V.<\/title>\n<meta name=\"robots\" content=\"noindex, follow, max-snippet:-1, max-image-preview:large, max-video-preview:-1\" \/>\n<meta property=\"og:locale\" content=\"de_DE\" \/>\n<meta property=\"og:type\" content=\"article\" \/>\n<meta property=\"og:title\" content=\"Auto -Headtrest -Halter - Zubeh\u00f6r f\u00fcr MPD107, MPD2010T, MPD278T und MPD298 - DVD -Klammer (DVD -Klammer) - Caliber Europe B.V.\" \/>\n<meta property=\"og:description\" content=\"Die Best\u00e4tigung der Kopfst\u00fctze in automatischf\u00fcr Caliber -Auto -DVD -PlayerMPD -Modelle von 2017:MPD107, MPD125, MPD2010T, MPD2125T, MPD278T und MPD298Ideal f\u00fcr lange Reisen\" \/>\n<meta property=\"og:url\" content=\"https:\/\/b2b.calibereurope.com\/de\/produkt\/dvd-bracket-de_de\/\" \/>\n<meta property=\"og:site_name\" content=\"Caliber Europe B.V.\" \/>\n<meta property=\"article:modified_time\" content=\"2023-11-28T12:57:39+00:00\" \/>\n<meta property=\"og:image\" content=\"https:\/\/b2b.calibereurope.com\/wp-content\/uploads\/2021\/09\/ad4630dc26c250770723c4b04f9037e1908f25cf_DVD_BRACKET_mounted_web.jpg\" \/>\n\t<meta property=\"og:image:width\" content=\"1024\" \/>\n\t<meta property=\"og:image:height\" content=\"768\" \/>\n\t<meta property=\"og:image:type\" content=\"image\/jpeg\" \/>\n<meta name=\"twitter:card\" content=\"summary_large_image\" \/>\n<meta name=\"twitter:label1\" content=\"Gesch\u00e4tzte Lesezeit\" \/>\n\t<meta name=\"twitter:data1\" content=\"2\u00a0Minuten\" \/>\n<script type=\"application\/ld+json\" class=\"yoast-schema-graph\">{\"@context\":\"https:\/\/schema.org\",\"@graph\":[{\"@type\":\"WebPage\",\"@id\":\"https:\/\/b2b.calibereurope.com\/de\/produkt\/dvd-bracket-de_de\/\",\"url\":\"https:\/\/b2b.calibereurope.com\/de\/produkt\/dvd-bracket-de_de\/\",\"name\":\"Auto -Headtrest -Halter - Zubeh\u00f6r f\u00fcr MPD107, MPD2010T, MPD278T und MPD298 - DVD -Klammer (DVD -Klammer) - Caliber Europe B.V.\",\"isPartOf\":{\"@id\":\"https:\/\/b2b.calibereurope.com\/#website\"},\"primaryImageOfPage\":{\"@id\":\"https:\/\/b2b.calibereurope.com\/de\/produkt\/dvd-bracket-de_de\/#primaryimage\"},\"image\":{\"@id\":\"https:\/\/b2b.calibereurope.com\/de\/produkt\/dvd-bracket-de_de\/#primaryimage\"},\"thumbnailUrl\":\"https:\/\/b2b.calibereurope.com\/wp-content\/uploads\/2023\/11\/ad4630dc26c250770723c4b04f9037e1908f25cf_DVD_BRACKET_mounted_web.jpg\",\"datePublished\":\"2023-11-28T00:00:00+00:00\",\"dateModified\":\"2023-11-28T12:57:39+00:00\",\"breadcrumb\":{\"@id\":\"https:\/\/b2b.calibereurope.com\/de\/produkt\/dvd-bracket-de_de\/#breadcrumb\"},\"inLanguage\":\"de\",\"potentialAction\":[{\"@type\":\"ReadAction\",\"target\":[\"https:\/\/b2b.calibereurope.com\/de\/produkt\/dvd-bracket-de_de\/\"]}]},{\"@type\":\"ImageObject\",\"inLanguage\":\"de\",\"@id\":\"https:\/\/b2b.calibereurope.com\/de\/produkt\/dvd-bracket-de_de\/#primaryimage\",\"url\":\"https:\/\/b2b.calibereurope.com\/wp-content\/uploads\/2023\/11\/ad4630dc26c250770723c4b04f9037e1908f25cf_DVD_BRACKET_mounted_web.jpg\",\"contentUrl\":\"https:\/\/b2b.calibereurope.com\/wp-content\/uploads\/2023\/11\/ad4630dc26c250770723c4b04f9037e1908f25cf_DVD_BRACKET_mounted_web.jpg\",\"width\":1024,\"height\":768},{\"@type\":\"BreadcrumbList\",\"@id\":\"https:\/\/b2b.calibereurope.com\/de\/produkt\/dvd-bracket-de_de\/#breadcrumb\",\"itemListElement\":[{\"@type\":\"ListItem\",\"position\":1,\"name\":\"Home\",\"item\":\"https:\/\/b2b.calibereurope.com\/de\/\"},{\"@type\":\"ListItem\",\"position\":2,\"name\":\"Shop\",\"item\":\"https:\/\/b2b.calibereurope.com\/de\/shop\/\"},{\"@type\":\"ListItem\",\"position\":3,\"name\":\"Kopfst\u00fctzenhalterung f\u00fcr DVD-Player &#8211; Schwarz (DVD-BRACKET)\"}]},{\"@type\":\"WebSite\",\"@id\":\"https:\/\/b2b.calibereurope.com\/#website\",\"url\":\"https:\/\/b2b.calibereurope.com\/\",\"name\":\"Caliber Europe B.V.\",\"description\":\"B2B Webshop\",\"publisher\":{\"@id\":\"https:\/\/b2b.calibereurope.com\/#organization\"},\"potentialAction\":[{\"@type\":\"SearchAction\",\"target\":{\"@type\":\"EntryPoint\",\"urlTemplate\":\"https:\/\/b2b.calibereurope.com\/?s={search_term_string}\"},\"query-input\":{\"@type\":\"PropertyValueSpecification\",\"valueRequired\":true,\"valueName\":\"search_term_string\"}}],\"inLanguage\":\"de\"},{\"@type\":\"Organization\",\"@id\":\"https:\/\/b2b.calibereurope.com\/#organization\",\"name\":\"Caliber Europe B.V.\",\"url\":\"https:\/\/b2b.calibereurope.com\/\",\"logo\":{\"@type\":\"ImageObject\",\"inLanguage\":\"de\",\"@id\":\"https:\/\/b2b.calibereurope.com\/#\/schema\/logo\/image\/\",\"url\":\"https:\/\/b2b.calibereurope.com\/wp-content\/uploads\/2020\/12\/Caliber_Logo-Black.png\",\"contentUrl\":\"https:\/\/b2b.calibereurope.com\/wp-content\/uploads\/2020\/12\/Caliber_Logo-Black.png\",\"width\":3157,\"height\":356,\"caption\":\"Caliber Europe B.V.\"},\"image\":{\"@id\":\"https:\/\/b2b.calibereurope.com\/#\/schema\/logo\/image\/\"}}]}<\/script>\n<!-- \/ Yoast SEO plugin. -->","yoast_head_json":{"title":"Auto -Headtrest -Halter - Zubeh\u00f6r f\u00fcr MPD107, MPD2010T, MPD278T und MPD298 - DVD -Klammer (DVD -Klammer) - Caliber Europe B.V.","robots":{"index":"noindex","follow":"follow","max-snippet":"max-snippet:-1","max-image-preview":"max-image-preview:large","max-video-preview":"max-video-preview:-1"},"og_locale":"de_DE","og_type":"article","og_title":"Auto -Headtrest -Halter - Zubeh\u00f6r f\u00fcr MPD107, MPD2010T, MPD278T und MPD298 - DVD -Klammer (DVD -Klammer) - Caliber Europe B.V.","og_description":"Die Best\u00e4tigung der Kopfst\u00fctze in automatischf\u00fcr Caliber -Auto -DVD -PlayerMPD -Modelle von 2017:MPD107, MPD125, MPD2010T, MPD2125T, MPD278T und MPD298Ideal f\u00fcr lange Reisen","og_url":"https:\/\/b2b.calibereurope.com\/de\/produkt\/dvd-bracket-de_de\/","og_site_name":"Caliber Europe B.V.","article_modified_time":"2023-11-28T12:57:39+00:00","og_image":[{"width":1024,"height":768,"url":"https:\/\/b2b.calibereurope.com\/wp-content\/uploads\/2021\/09\/ad4630dc26c250770723c4b04f9037e1908f25cf_DVD_BRACKET_mounted_web.jpg","type":"image\/jpeg"}],"twitter_card":"summary_large_image","twitter_misc":{"Gesch\u00e4tzte Lesezeit":"2\u00a0Minuten"},"schema":{"@context":"https:\/\/schema.org","@graph":[{"@type":"WebPage","@id":"https:\/\/b2b.calibereurope.com\/de\/produkt\/dvd-bracket-de_de\/","url":"https:\/\/b2b.calibereurope.com\/de\/produkt\/dvd-bracket-de_de\/","name":"Auto -Headtrest -Halter - Zubeh\u00f6r f\u00fcr MPD107, MPD2010T, MPD278T und MPD298 - DVD -Klammer (DVD -Klammer) - Caliber Europe B.V.","isPartOf":{"@id":"https:\/\/b2b.calibereurope.com\/#website"},"primaryImageOfPage":{"@id":"https:\/\/b2b.calibereurope.com\/de\/produkt\/dvd-bracket-de_de\/#primaryimage"},"image":{"@id":"https:\/\/b2b.calibereurope.com\/de\/produkt\/dvd-bracket-de_de\/#primaryimage"},"thumbnailUrl":"https:\/\/b2b.calibereurope.com\/wp-content\/uploads\/2023\/11\/ad4630dc26c250770723c4b04f9037e1908f25cf_DVD_BRACKET_mounted_web.jpg","datePublished":"2023-11-28T00:00:00+00:00","dateModified":"2023-11-28T12:57:39+00:00","breadcrumb":{"@id":"https:\/\/b2b.calibereurope.com\/de\/produkt\/dvd-bracket-de_de\/#breadcrumb"},"inLanguage":"de","potentialAction":[{"@type":"ReadAction","target":["https:\/\/b2b.calibereurope.com\/de\/produkt\/dvd-bracket-de_de\/"]}]},{"@type":"ImageObject","inLanguage":"de","@id":"https:\/\/b2b.calibereurope.com\/de\/produkt\/dvd-bracket-de_de\/#primaryimage","url":"https:\/\/b2b.calibereurope.com\/wp-content\/uploads\/2023\/11\/ad4630dc26c250770723c4b04f9037e1908f25cf_DVD_BRACKET_mounted_web.jpg","contentUrl":"https:\/\/b2b.calibereurope.com\/wp-content\/uploads\/2023\/11\/ad4630dc26c250770723c4b04f9037e1908f25cf_DVD_BRACKET_mounted_web.jpg","width":1024,"height":768},{"@type":"BreadcrumbList","@id":"https:\/\/b2b.calibereurope.com\/de\/produkt\/dvd-bracket-de_de\/#breadcrumb","itemListElement":[{"@type":"ListItem","position":1,"name":"Home","item":"https:\/\/b2b.calibereurope.com\/de\/"},{"@type":"ListItem","position":2,"name":"Shop","item":"https:\/\/b2b.calibereurope.com\/de\/shop\/"},{"@type":"ListItem","position":3,"name":"Kopfst\u00fctzenhalterung f\u00fcr DVD-Player &#8211; Schwarz (DVD-BRACKET)"}]},{"@type":"WebSite","@id":"https:\/\/b2b.calibereurope.com\/#website","url":"https:\/\/b2b.calibereurope.com\/","name":"Caliber Europe B.V.","description":"B2B Webshop","publisher":{"@id":"https:\/\/b2b.calibereurope.com\/#organization"},"potentialAction":[{"@type":"SearchAction","target":{"@type":"EntryPoint","urlTemplate":"https:\/\/b2b.calibereurope.com\/?s={search_term_string}"},"query-input":{"@type":"PropertyValueSpecification","valueRequired":true,"valueName":"search_term_string"}}],"inLanguage":"de"},{"@type":"Organization","@id":"https:\/\/b2b.calibereurope.com\/#organization","name":"Caliber Europe B.V.","url":"https:\/\/b2b.calibereurope.com\/","logo":{"@type":"ImageObject","inLanguage":"de","@id":"https:\/\/b2b.calibereurope.com\/#\/schema\/logo\/image\/","url":"https:\/\/b2b.calibereurope.com\/wp-content\/uploads\/2020\/12\/Caliber_Logo-Black.png","contentUrl":"https:\/\/b2b.calibereurope.com\/wp-content\/uploads\/2020\/12\/Caliber_Logo-Black.png","width":3157,"height":356,"caption":"Caliber Europe B.V."},"image":{"@id":"https:\/\/b2b.calibereurope.com\/#\/schema\/logo\/image\/"}}]}},"_links":{"self":[{"href":"https:\/\/b2b.calibereurope.com\/de\/wp-json\/wp\/v2\/product\/496477","targetHints":{"allow":["GET"]}}],"collection":[{"href":"https:\/\/b2b.calibereurope.com\/de\/wp-json\/wp\/v2\/product"}],"about":[{"href":"https:\/\/b2b.calibereurope.com\/de\/wp-json\/wp\/v2\/types\/product"}],"version-history":[{"count":0,"href":"https:\/\/b2b.calibereurope.com\/de\/wp-json\/wp\/v2\/product\/496477\/revisions"}],"wp:featuredmedia":[{"embeddable":true,"href":"https:\/\/b2b.calibereurope.com\/de\/wp-json\/wp\/v2\/media\/839500"}],"wp:attachment":[{"href":"https:\/\/b2b.calibereurope.com\/de\/wp-json\/wp\/v2\/media?parent=496477"}],"wp:term":[{"taxonomy":"product_brand","embeddable":true,"href":"https:\/\/b2b.calibereurope.com\/de\/wp-json\/wp\/v2\/product_brand?post=496477"},{"taxonomy":"product_cat","embeddable":true,"href":"https:\/\/b2b.calibereurope.com\/de\/wp-json\/wp\/v2\/product_cat?post=496477"},{"taxonomy":"product_tag","embeddable":true,"href":"https:\/\/b2b.calibereurope.com\/de\/wp-json\/wp\/v2\/product_tag?post=496477"}],"curies":[{"name":"wp","href":"https:\/\/api.w.org\/{rel}","templated":true}]}}