{"id":497657,"date":"2022-09-07T02:00:00","date_gmt":"2022-09-07T00:00:00","guid":{"rendered":""},"modified":"2024-12-26T19:01:29","modified_gmt":"2024-12-26T18:01:29","slug":"hcg010qidab-bt-de_de","status":"publish","type":"product","link":"https:\/\/b2b.calibereurope.com\/de\/produkt\/hcg010qidab-bt-de_de\/","title":{"rendered":"Uhrenradio mit Bluetooth und DAB+-Empfang &#8211; Schwarz (HCG010QIDAB-BT)"},"content":{"rendered":"<p>Das Kaliber HCG010QIDAB-BT ist ein fortschrittliches Uhrenradio mit mehreren n\u00fctzlichen Funktionen. So wachen Sie mit Ihrer Lieblingsmusik auf und laden Ihr Telefon nachts drahtlos auf.<\/p>\n<p><strong>DAB+ und bluetooth<\/strong><br \/>Das HCG010QIDAB-BT verwendet DAB+-Empfang. Auf diese Weise m\u00fcssen Sie sich keine Sorgen mehr \u00fcber einen knisternden Radioton machen, da DAB+ weniger Rauschen und eine bessere Tonqualit\u00e4t als FM bietet. Sie wachen also mit Ihrer Lieblingsradiosendung auf. Mit 10 Voreinstellungen m\u00fcssen Sie nicht jedes Mal nach den richtigen Frequenzen suchen. Wollen Sie mit Ihrer eigenen Musik einschlafen? Dann verbinden Sie Ihr Telefon \u00fcber Bluetooth? <\/p>\n<p><strong>Drahtloses Laden<\/strong><br \/>Sie brauchen kein Ladekabel f\u00fcr Ihr Telefon mehr neben Ihrem Bett, denn das HCG010QIDAB-BT DAB+ verf\u00fcgt \u00fcber eine Qi-zertifizierte 5-Watt-Drahtlosladefunktion. Qi ist der Standard f\u00fcr das Laden von Mobiltelefonen.<\/p>\n<p><strong>Weckfunktionen<\/strong><br \/>Das HCG010QIDAB-BT DAB+ verf\u00fcgt \u00fcber einen Doppelalarm und einen Summer mit ausreichender Lautst\u00e4rke, um Sie in Gang zu bringen. Wollen Sie noch etwas schlafen? Stellen Sie dann die Schlummerfunktion so ein, dass der Wecker beim Ausschalten wieder ert\u00f6nt. Die LED-Anzeige zeigt nicht nur die Uhrzeit, sondern auch Informationen \u00fcber den Radiosender oder die Musik, die Sie gerade h\u00f6ren. Sie k\u00f6nnen die Helligkeit der Anzeige in 4 Stufen einstellen.<\/p>\n","protected":false},"excerpt":{"rendered":"<p>Das Kaliber HCG010QIDAB-BT ist ein fortschrittliches Uhrenradio mit mehreren n\u00fctzlichen Funktionen. So wachen Sie mit Ihrer Lieblingsmusik auf und laden Ihr Telefon nachts drahtlos auf. DAB+ und bluetoothDas HCG010QIDAB-BT verwendet DAB+-Empfang. Auf diese Weise m\u00fcssen Sie sich keine Sorgen mehr \u00fcber einen knisternden Radioton machen, da DAB+ weniger Rauschen und eine bessere Tonqualit\u00e4t als FM [&hellip;]<\/p>\n","protected":false},"featured_media":719599,"template":"","meta":{"_acf_changed":false,"site-sidebar-layout":"default","site-content-layout":"","ast-site-content-layout":"default","site-content-style":"default","site-sidebar-style":"default","ast-global-header-display":"","ast-banner-title-visibility":"","ast-main-header-display":"","ast-hfb-above-header-display":"","ast-hfb-below-header-display":"","ast-hfb-mobile-header-display":"","site-post-title":"","ast-breadcrumbs-content":"","ast-featured-img":"","footer-sml-layout":"","theme-transparent-header-meta":"","adv-header-id-meta":"","stick-header-meta":"","header-above-stick-meta":"","header-main-stick-meta":"","header-below-stick-meta":"","astra-migrate-meta-layouts":"default","ast-page-background-enabled":"default","ast-page-background-meta":{"desktop":{"background-color":"","background-image":"","background-repeat":"repeat","background-position":"center center","background-size":"auto","background-attachment":"scroll","background-type":"","background-media":"","overlay-type":"","overlay-color":"","overlay-opacity":"","overlay-gradient":""},"tablet":{"background-color":"","background-image":"","background-repeat":"repeat","background-position":"center center","background-size":"auto","background-attachment":"scroll","background-type":"","background-media":"","overlay-type":"","overlay-color":"","overlay-opacity":"","overlay-gradient":""},"mobile":{"background-color":"","background-image":"","background-repeat":"repeat","background-position":"center center","background-size":"auto","background-attachment":"scroll","background-type":"","background-media":"","overlay-type":"","overlay-color":"","overlay-opacity":"","overlay-gradient":""}},"ast-content-background-meta":{"desktop":{"background-color":"var(--ast-global-color-5)","background-image":"","background-repeat":"repeat","background-position":"center center","background-size":"auto","background-attachment":"scroll","background-type":"","background-media":"","overlay-type":"","overlay-color":"","overlay-opacity":"","overlay-gradient":""},"tablet":{"background-color":"var(--ast-global-color-5)","background-image":"","background-repeat":"repeat","background-position":"center center","background-size":"auto","background-attachment":"scroll","background-type":"","background-media":"","overlay-type":"","overlay-color":"","overlay-opacity":"","overlay-gradient":""},"mobile":{"background-color":"var(--ast-global-color-5)","background-image":"","background-repeat":"repeat","background-position":"center center","background-size":"auto","background-attachment":"scroll","background-type":"","background-media":"","overlay-type":"","overlay-color":"","overlay-opacity":"","overlay-gradient":""}}},"product_brand":[],"product_cat":[12263,12275],"product_tag":[],"class_list":{"0":"post-497657","1":"product","2":"type-product","3":"status-publish","4":"has-post-thumbnail","6":"product_cat-wonen_de_de","7":"product_cat-wekker_radios_de_de","8":"desktop-align-center","9":"tablet-align-center","10":"mobile-align-center","11":"ast-product-gallery-layout-horizontal","12":"ast-product-tabs-layout-horizontal","14":"first","15":"outofstock","16":"taxable","17":"shipping-taxable","18":"purchasable","19":"product-type-simple"},"acf":[],"yoast_head":"<!-- This site is optimized with the Yoast SEO plugin v26.5 - https:\/\/yoast.com\/wordpress\/plugins\/seo\/ -->\n<title>Uhrenradio mit Bluetooth und DAB+-Empfang - Schwarz (HCG010QIDAB-BT) - Caliber Europe B.V.<\/title>\n<meta name=\"robots\" content=\"noindex, follow, max-snippet:-1, max-image-preview:large, max-video-preview:-1\" \/>\n<meta property=\"og:locale\" content=\"de_DE\" \/>\n<meta property=\"og:type\" content=\"article\" \/>\n<meta property=\"og:title\" content=\"Uhrenradio mit Bluetooth und DAB+-Empfang - Schwarz (HCG010QIDAB-BT) - Caliber Europe B.V.\" \/>\n<meta property=\"og:description\" content=\"Das Kaliber HCG010QIDAB-BT ist ein fortschrittliches Uhrenradio mit mehreren n\u00fctzlichen Funktionen. So wachen Sie mit Ihrer Lieblingsmusik auf und laden Ihr Telefon nachts drahtlos auf. DAB+ und bluetoothDas HCG010QIDAB-BT verwendet DAB+-Empfang. Auf diese Weise m\u00fcssen Sie sich keine Sorgen mehr \u00fcber einen knisternden Radioton machen, da DAB+ weniger Rauschen und eine bessere Tonqualit\u00e4t als FM [&hellip;]\" \/>\n<meta property=\"og:url\" content=\"https:\/\/b2b.calibereurope.com\/de\/produkt\/hcg010qidab-bt-de_de\/\" \/>\n<meta property=\"og:site_name\" content=\"Caliber Europe B.V.\" \/>\n<meta property=\"article:modified_time\" content=\"2024-12-26T18:01:29+00:00\" \/>\n<meta property=\"og:image\" content=\"https:\/\/b2b.calibereurope.com\/wp-content\/uploads\/2021\/09\/a40af2ae5709fcbe92eb0e2fd7cbffd2f7e98ded_HCG010QiDAB_BT.jpg\" \/>\n\t<meta property=\"og:image:width\" content=\"1191\" \/>\n\t<meta property=\"og:image:height\" content=\"893\" \/>\n\t<meta property=\"og:image:type\" content=\"image\/jpeg\" \/>\n<meta name=\"twitter:card\" content=\"summary_large_image\" \/>\n<meta name=\"twitter:label1\" content=\"Gesch\u00e4tzte Lesezeit\" \/>\n\t<meta name=\"twitter:data1\" content=\"1\u00a0Minute\" \/>\n<script type=\"application\/ld+json\" class=\"yoast-schema-graph\">{\"@context\":\"https:\/\/schema.org\",\"@graph\":[{\"@type\":\"WebPage\",\"@id\":\"https:\/\/b2b.calibereurope.com\/de\/produkt\/hcg010qidab-bt-de_de\/\",\"url\":\"https:\/\/b2b.calibereurope.com\/de\/produkt\/hcg010qidab-bt-de_de\/\",\"name\":\"Uhrenradio mit Bluetooth und DAB+-Empfang - Schwarz (HCG010QIDAB-BT) - Caliber Europe B.V.\",\"isPartOf\":{\"@id\":\"https:\/\/b2b.calibereurope.com\/#website\"},\"primaryImageOfPage\":{\"@id\":\"https:\/\/b2b.calibereurope.com\/de\/produkt\/hcg010qidab-bt-de_de\/#primaryimage\"},\"image\":{\"@id\":\"https:\/\/b2b.calibereurope.com\/de\/produkt\/hcg010qidab-bt-de_de\/#primaryimage\"},\"thumbnailUrl\":\"https:\/\/b2b.calibereurope.com\/wp-content\/uploads\/2022\/09\/a40af2ae5709fcbe92eb0e2fd7cbffd2f7e98ded_HCG010QiDAB_BT.jpg\",\"datePublished\":\"2022-09-07T00:00:00+00:00\",\"dateModified\":\"2024-12-26T18:01:29+00:00\",\"breadcrumb\":{\"@id\":\"https:\/\/b2b.calibereurope.com\/de\/produkt\/hcg010qidab-bt-de_de\/#breadcrumb\"},\"inLanguage\":\"de\",\"potentialAction\":[{\"@type\":\"ReadAction\",\"target\":[\"https:\/\/b2b.calibereurope.com\/de\/produkt\/hcg010qidab-bt-de_de\/\"]}]},{\"@type\":\"ImageObject\",\"inLanguage\":\"de\",\"@id\":\"https:\/\/b2b.calibereurope.com\/de\/produkt\/hcg010qidab-bt-de_de\/#primaryimage\",\"url\":\"https:\/\/b2b.calibereurope.com\/wp-content\/uploads\/2022\/09\/a40af2ae5709fcbe92eb0e2fd7cbffd2f7e98ded_HCG010QiDAB_BT.jpg\",\"contentUrl\":\"https:\/\/b2b.calibereurope.com\/wp-content\/uploads\/2022\/09\/a40af2ae5709fcbe92eb0e2fd7cbffd2f7e98ded_HCG010QiDAB_BT.jpg\",\"width\":1191,\"height\":893},{\"@type\":\"BreadcrumbList\",\"@id\":\"https:\/\/b2b.calibereurope.com\/de\/produkt\/hcg010qidab-bt-de_de\/#breadcrumb\",\"itemListElement\":[{\"@type\":\"ListItem\",\"position\":1,\"name\":\"Home\",\"item\":\"https:\/\/b2b.calibereurope.com\/de\/\"},{\"@type\":\"ListItem\",\"position\":2,\"name\":\"Shop\",\"item\":\"https:\/\/b2b.calibereurope.com\/de\/shop\/\"},{\"@type\":\"ListItem\",\"position\":3,\"name\":\"Uhrenradio mit Bluetooth und DAB+-Empfang &#8211; Schwarz (HCG010QIDAB-BT)\"}]},{\"@type\":\"WebSite\",\"@id\":\"https:\/\/b2b.calibereurope.com\/#website\",\"url\":\"https:\/\/b2b.calibereurope.com\/\",\"name\":\"Caliber Europe B.V.\",\"description\":\"B2B Webshop\",\"publisher\":{\"@id\":\"https:\/\/b2b.calibereurope.com\/#organization\"},\"potentialAction\":[{\"@type\":\"SearchAction\",\"target\":{\"@type\":\"EntryPoint\",\"urlTemplate\":\"https:\/\/b2b.calibereurope.com\/?s={search_term_string}\"},\"query-input\":{\"@type\":\"PropertyValueSpecification\",\"valueRequired\":true,\"valueName\":\"search_term_string\"}}],\"inLanguage\":\"de\"},{\"@type\":\"Organization\",\"@id\":\"https:\/\/b2b.calibereurope.com\/#organization\",\"name\":\"Caliber Europe B.V.\",\"url\":\"https:\/\/b2b.calibereurope.com\/\",\"logo\":{\"@type\":\"ImageObject\",\"inLanguage\":\"de\",\"@id\":\"https:\/\/b2b.calibereurope.com\/#\/schema\/logo\/image\/\",\"url\":\"https:\/\/b2b.calibereurope.com\/wp-content\/uploads\/2020\/12\/Caliber_Logo-Black.png\",\"contentUrl\":\"https:\/\/b2b.calibereurope.com\/wp-content\/uploads\/2020\/12\/Caliber_Logo-Black.png\",\"width\":3157,\"height\":356,\"caption\":\"Caliber Europe B.V.\"},\"image\":{\"@id\":\"https:\/\/b2b.calibereurope.com\/#\/schema\/logo\/image\/\"}}]}<\/script>\n<!-- \/ Yoast SEO plugin. -->","yoast_head_json":{"title":"Uhrenradio mit Bluetooth und DAB+-Empfang - Schwarz (HCG010QIDAB-BT) - Caliber Europe B.V.","robots":{"index":"noindex","follow":"follow","max-snippet":"max-snippet:-1","max-image-preview":"max-image-preview:large","max-video-preview":"max-video-preview:-1"},"og_locale":"de_DE","og_type":"article","og_title":"Uhrenradio mit Bluetooth und DAB+-Empfang - Schwarz (HCG010QIDAB-BT) - Caliber Europe B.V.","og_description":"Das Kaliber HCG010QIDAB-BT ist ein fortschrittliches Uhrenradio mit mehreren n\u00fctzlichen Funktionen. So wachen Sie mit Ihrer Lieblingsmusik auf und laden Ihr Telefon nachts drahtlos auf. DAB+ und bluetoothDas HCG010QIDAB-BT verwendet DAB+-Empfang. Auf diese Weise m\u00fcssen Sie sich keine Sorgen mehr \u00fcber einen knisternden Radioton machen, da DAB+ weniger Rauschen und eine bessere Tonqualit\u00e4t als FM [&hellip;]","og_url":"https:\/\/b2b.calibereurope.com\/de\/produkt\/hcg010qidab-bt-de_de\/","og_site_name":"Caliber Europe B.V.","article_modified_time":"2024-12-26T18:01:29+00:00","og_image":[{"width":1191,"height":893,"url":"https:\/\/b2b.calibereurope.com\/wp-content\/uploads\/2021\/09\/a40af2ae5709fcbe92eb0e2fd7cbffd2f7e98ded_HCG010QiDAB_BT.jpg","type":"image\/jpeg"}],"twitter_card":"summary_large_image","twitter_misc":{"Gesch\u00e4tzte Lesezeit":"1\u00a0Minute"},"schema":{"@context":"https:\/\/schema.org","@graph":[{"@type":"WebPage","@id":"https:\/\/b2b.calibereurope.com\/de\/produkt\/hcg010qidab-bt-de_de\/","url":"https:\/\/b2b.calibereurope.com\/de\/produkt\/hcg010qidab-bt-de_de\/","name":"Uhrenradio mit Bluetooth und DAB+-Empfang - Schwarz (HCG010QIDAB-BT) - Caliber Europe B.V.","isPartOf":{"@id":"https:\/\/b2b.calibereurope.com\/#website"},"primaryImageOfPage":{"@id":"https:\/\/b2b.calibereurope.com\/de\/produkt\/hcg010qidab-bt-de_de\/#primaryimage"},"image":{"@id":"https:\/\/b2b.calibereurope.com\/de\/produkt\/hcg010qidab-bt-de_de\/#primaryimage"},"thumbnailUrl":"https:\/\/b2b.calibereurope.com\/wp-content\/uploads\/2022\/09\/a40af2ae5709fcbe92eb0e2fd7cbffd2f7e98ded_HCG010QiDAB_BT.jpg","datePublished":"2022-09-07T00:00:00+00:00","dateModified":"2024-12-26T18:01:29+00:00","breadcrumb":{"@id":"https:\/\/b2b.calibereurope.com\/de\/produkt\/hcg010qidab-bt-de_de\/#breadcrumb"},"inLanguage":"de","potentialAction":[{"@type":"ReadAction","target":["https:\/\/b2b.calibereurope.com\/de\/produkt\/hcg010qidab-bt-de_de\/"]}]},{"@type":"ImageObject","inLanguage":"de","@id":"https:\/\/b2b.calibereurope.com\/de\/produkt\/hcg010qidab-bt-de_de\/#primaryimage","url":"https:\/\/b2b.calibereurope.com\/wp-content\/uploads\/2022\/09\/a40af2ae5709fcbe92eb0e2fd7cbffd2f7e98ded_HCG010QiDAB_BT.jpg","contentUrl":"https:\/\/b2b.calibereurope.com\/wp-content\/uploads\/2022\/09\/a40af2ae5709fcbe92eb0e2fd7cbffd2f7e98ded_HCG010QiDAB_BT.jpg","width":1191,"height":893},{"@type":"BreadcrumbList","@id":"https:\/\/b2b.calibereurope.com\/de\/produkt\/hcg010qidab-bt-de_de\/#breadcrumb","itemListElement":[{"@type":"ListItem","position":1,"name":"Home","item":"https:\/\/b2b.calibereurope.com\/de\/"},{"@type":"ListItem","position":2,"name":"Shop","item":"https:\/\/b2b.calibereurope.com\/de\/shop\/"},{"@type":"ListItem","position":3,"name":"Uhrenradio mit Bluetooth und DAB+-Empfang &#8211; Schwarz (HCG010QIDAB-BT)"}]},{"@type":"WebSite","@id":"https:\/\/b2b.calibereurope.com\/#website","url":"https:\/\/b2b.calibereurope.com\/","name":"Caliber Europe B.V.","description":"B2B Webshop","publisher":{"@id":"https:\/\/b2b.calibereurope.com\/#organization"},"potentialAction":[{"@type":"SearchAction","target":{"@type":"EntryPoint","urlTemplate":"https:\/\/b2b.calibereurope.com\/?s={search_term_string}"},"query-input":{"@type":"PropertyValueSpecification","valueRequired":true,"valueName":"search_term_string"}}],"inLanguage":"de"},{"@type":"Organization","@id":"https:\/\/b2b.calibereurope.com\/#organization","name":"Caliber Europe B.V.","url":"https:\/\/b2b.calibereurope.com\/","logo":{"@type":"ImageObject","inLanguage":"de","@id":"https:\/\/b2b.calibereurope.com\/#\/schema\/logo\/image\/","url":"https:\/\/b2b.calibereurope.com\/wp-content\/uploads\/2020\/12\/Caliber_Logo-Black.png","contentUrl":"https:\/\/b2b.calibereurope.com\/wp-content\/uploads\/2020\/12\/Caliber_Logo-Black.png","width":3157,"height":356,"caption":"Caliber Europe B.V."},"image":{"@id":"https:\/\/b2b.calibereurope.com\/#\/schema\/logo\/image\/"}}]}},"_links":{"self":[{"href":"https:\/\/b2b.calibereurope.com\/de\/wp-json\/wp\/v2\/product\/497657","targetHints":{"allow":["GET"]}}],"collection":[{"href":"https:\/\/b2b.calibereurope.com\/de\/wp-json\/wp\/v2\/product"}],"about":[{"href":"https:\/\/b2b.calibereurope.com\/de\/wp-json\/wp\/v2\/types\/product"}],"version-history":[{"count":0,"href":"https:\/\/b2b.calibereurope.com\/de\/wp-json\/wp\/v2\/product\/497657\/revisions"}],"wp:featuredmedia":[{"embeddable":true,"href":"https:\/\/b2b.calibereurope.com\/de\/wp-json\/wp\/v2\/media\/719599"}],"wp:attachment":[{"href":"https:\/\/b2b.calibereurope.com\/de\/wp-json\/wp\/v2\/media?parent=497657"}],"wp:term":[{"taxonomy":"product_brand","embeddable":true,"href":"https:\/\/b2b.calibereurope.com\/de\/wp-json\/wp\/v2\/product_brand?post=497657"},{"taxonomy":"product_cat","embeddable":true,"href":"https:\/\/b2b.calibereurope.com\/de\/wp-json\/wp\/v2\/product_cat?post=497657"},{"taxonomy":"product_tag","embeddable":true,"href":"https:\/\/b2b.calibereurope.com\/de\/wp-json\/wp\/v2\/product_tag?post=497657"}],"curies":[{"name":"wp","href":"https:\/\/api.w.org\/{rel}","templated":true}]}}