{"id":497805,"date":"2024-07-17T02:00:00","date_gmt":"2024-07-17T00:00:00","guid":{"rendered":""},"modified":"2024-12-26T19:01:29","modified_gmt":"2024-12-26T18:01:29","slug":"hcg012qi-bt-de_de","status":"publish","type":"product","link":"https:\/\/b2b.calibereurope.com\/de\/produkt\/hcg012qi-bt-de_de\/","title":{"rendered":"Radiowecker mit drahtlosem Ladeger\u00e4t &#8211; Wecker mit Bluetooth und UKW-Radio &#8211; Digitaler Wecker (HCG012QI-BT)"},"content":{"rendered":"<p>Laden Sie Ihr Telefon auf, stellen Sie eine Bluetooth\u00ae-Verbindung her und h\u00f6ren Sie Ihre Lieblingsradiosender: das alles ist m\u00f6glich mit dem Caliber HCG012QI-BT Radiowecker mit drahtlosem Ladeger\u00e4t. Der digitale Wecker ist mit einem <strong>gro\u00dfen roten Display <\/strong>ausgestattet, sodass Sie die Uhrzeit jederzeit leicht ablesen k\u00f6nnen. Dank der <strong>Qi-Technologie <\/strong>k\u00f6nnen Sie Ihr Telefon drahtlos mit dem Wecker <strong>aufladen<\/strong>. Wenn Ihr Telefon die Qi-Technologie nicht unterst\u00fctzt, k\u00f6nnen Sie Ihr Telefon <strong>\u00fcber den USB-Anschluss aufladen<\/strong>. \u00dcber <strong>Bluetooth\u00ae <\/strong>oder <strong>FM-Radio <\/strong>k\u00f6nnen Sie jeden Abend und jeden Morgen die besten Melodien in Ihr Schlafzimmer bringen.<\/p>\n<p><\/p>\n<p><strong>Merkmale:<\/strong><\/p>\n<ul>\n<li>Kabelloses Ladeger\u00e4t f\u00fcr Ihr Telefon<\/li>\n<li>FM-Radio und Bluetooth<\/li>\n<li>2 Alarmzeiten<\/li>\n<li>Schlummerfunktion<\/li>\n<li>Gro\u00dfes rotes Display<\/li>\n<li>Dimmbar<\/li>\n<li>Zus\u00e4tzliche USB-Ladeoption<\/li>\n<li>Ersatzbatterie<\/li>\n<\/ul>\n<h3>Wachen Sie mit einem vollen Akku auf<\/h3>\n<p>Der Radiowecker ist digital und mit einer drahtlosen Ladefunktion ausgestattet. Wenn Ihr Telefon die Qi-Technologie unterst\u00fctzt, stellen Sie es einfach in die Ladestation, um den Ladevorgang zu starten. Der \u00c4rger mit Kabeln auf Ihrem Nachttisch geh\u00f6rt damit der Vergangenheit an. Unterst\u00fctzt Ihr Telefon kein drahtloses Laden oder m\u00f6chten Sie ein zweites Telefon anschlie\u00dfen? Dann verwenden Sie einfach den USB-Anschluss des Wecker-Ladeger\u00e4ts.<\/p>\n<h3>Spielen Sie Ihre Lieblingslieder<\/h3>\n<p>Mit der FM-Radiofunktion des Caliber Weckers k\u00f6nnen Sie ganz einfach Ihren Lieblingsradiosender einstellen, um jeden Morgen mit Ihren Lieblingscharts aufzuwachen. Wenn Sie kontrollieren m\u00f6chten, was Sie h\u00f6ren, k\u00f6nnen Sie Musik von Ihrem Telefon \u00fcber Bluetooth\u00ae abspielen! M\u00f6chten Sie lieber ohne Musik aufwachen? Dann k\u00f6nnen Sie auch einen Signalton als Alarm einstellen. Machen Sie sich nie wieder Sorgen, dass Sie morgens verschlafen. Denn der digitale Wecker ist mit einer Ersatzbatterie ausgestattet, sodass der Alarm auch bei Stromausfall ausgel\u00f6st wird.<\/p>\n<h3>Ausgeruht aufwachen<\/h3>\n<p>Die Forschung hat gezeigt, dass blaues Licht das Einschlafen erschwert. Rotes Licht hingegen kann Ihnen tats\u00e4chlich helfen, leichter einzuschlafen. Ist das rote Licht des Displays immer noch zu hell? Verwenden Sie dann die Dimmerfunktion, um die Helligkeit zu verringern. Stellen Sie zwei Weckzeiten ein, wenn Sie und Ihr Partner zusammen im Bett liegen und zu unterschiedlichen Zeiten aufstehen, oder drehen Sie sich noch einmal um, indem Sie die Schlummerfunktion einschalten.<\/p>\n","protected":false},"excerpt":{"rendered":"<p>Laden Sie Ihr Telefon auf, stellen Sie eine Bluetooth\u00ae-Verbindung her und h\u00f6ren Sie Ihre Lieblingsradiosender: das alles ist m\u00f6glich mit dem Caliber HCG012QI-BT Radiowecker mit drahtlosem Ladeger\u00e4t. Der digitale Wecker ist mit einem gro\u00dfen roten Display ausgestattet, sodass Sie die Uhrzeit jederzeit leicht ablesen k\u00f6nnen. Dank der Qi-Technologie k\u00f6nnen Sie Ihr Telefon drahtlos mit dem [&hellip;]<\/p>\n","protected":false},"featured_media":850109,"template":"","meta":{"_acf_changed":false,"site-sidebar-layout":"default","site-content-layout":"","ast-site-content-layout":"default","site-content-style":"default","site-sidebar-style":"default","ast-global-header-display":"","ast-banner-title-visibility":"","ast-main-header-display":"","ast-hfb-above-header-display":"","ast-hfb-below-header-display":"","ast-hfb-mobile-header-display":"","site-post-title":"","ast-breadcrumbs-content":"","ast-featured-img":"","footer-sml-layout":"","theme-transparent-header-meta":"","adv-header-id-meta":"","stick-header-meta":"","header-above-stick-meta":"","header-main-stick-meta":"","header-below-stick-meta":"","astra-migrate-meta-layouts":"default","ast-page-background-enabled":"default","ast-page-background-meta":{"desktop":{"background-color":"","background-image":"","background-repeat":"repeat","background-position":"center center","background-size":"auto","background-attachment":"scroll","background-type":"","background-media":"","overlay-type":"","overlay-color":"","overlay-opacity":"","overlay-gradient":""},"tablet":{"background-color":"","background-image":"","background-repeat":"repeat","background-position":"center center","background-size":"auto","background-attachment":"scroll","background-type":"","background-media":"","overlay-type":"","overlay-color":"","overlay-opacity":"","overlay-gradient":""},"mobile":{"background-color":"","background-image":"","background-repeat":"repeat","background-position":"center center","background-size":"auto","background-attachment":"scroll","background-type":"","background-media":"","overlay-type":"","overlay-color":"","overlay-opacity":"","overlay-gradient":""}},"ast-content-background-meta":{"desktop":{"background-color":"var(--ast-global-color-5)","background-image":"","background-repeat":"repeat","background-position":"center center","background-size":"auto","background-attachment":"scroll","background-type":"","background-media":"","overlay-type":"","overlay-color":"","overlay-opacity":"","overlay-gradient":""},"tablet":{"background-color":"var(--ast-global-color-5)","background-image":"","background-repeat":"repeat","background-position":"center center","background-size":"auto","background-attachment":"scroll","background-type":"","background-media":"","overlay-type":"","overlay-color":"","overlay-opacity":"","overlay-gradient":""},"mobile":{"background-color":"var(--ast-global-color-5)","background-image":"","background-repeat":"repeat","background-position":"center center","background-size":"auto","background-attachment":"scroll","background-type":"","background-media":"","overlay-type":"","overlay-color":"","overlay-opacity":"","overlay-gradient":""}}},"product_brand":[],"product_cat":[22956],"product_tag":[],"class_list":{"0":"post-497805","1":"product","2":"type-product","3":"status-publish","4":"has-post-thumbnail","6":"product_cat-keine-kategorie","7":"desktop-align-center","8":"tablet-align-center","9":"mobile-align-center","10":"ast-product-gallery-layout-horizontal","11":"ast-product-tabs-layout-horizontal","13":"first","14":"outofstock","15":"taxable","16":"shipping-taxable","17":"purchasable","18":"product-type-simple"},"acf":[],"yoast_head":"<!-- This site is optimized with the Yoast SEO plugin v26.5 - https:\/\/yoast.com\/wordpress\/plugins\/seo\/ -->\n<title>Radiowecker mit drahtlosem Ladeger\u00e4t - Wecker mit Bluetooth und UKW-Radio - Digitaler Wecker (HCG012QI-BT) - Caliber Europe B.V.<\/title>\n<meta name=\"robots\" content=\"noindex, follow, max-snippet:-1, max-image-preview:large, max-video-preview:-1\" \/>\n<meta property=\"og:locale\" content=\"de_DE\" \/>\n<meta property=\"og:type\" content=\"article\" \/>\n<meta property=\"og:title\" content=\"Radiowecker mit drahtlosem Ladeger\u00e4t - Wecker mit Bluetooth und UKW-Radio - Digitaler Wecker (HCG012QI-BT) - Caliber Europe B.V.\" \/>\n<meta property=\"og:description\" content=\"Laden Sie Ihr Telefon auf, stellen Sie eine Bluetooth\u00ae-Verbindung her und h\u00f6ren Sie Ihre Lieblingsradiosender: das alles ist m\u00f6glich mit dem Caliber HCG012QI-BT Radiowecker mit drahtlosem Ladeger\u00e4t. Der digitale Wecker ist mit einem gro\u00dfen roten Display ausgestattet, sodass Sie die Uhrzeit jederzeit leicht ablesen k\u00f6nnen. Dank der Qi-Technologie k\u00f6nnen Sie Ihr Telefon drahtlos mit dem [&hellip;]\" \/>\n<meta property=\"og:url\" content=\"https:\/\/b2b.calibereurope.com\/de\/produkt\/HCG012QI-BT-de_DE\/\" \/>\n<meta property=\"og:site_name\" content=\"Caliber Europe B.V.\" \/>\n<meta property=\"article:modified_time\" content=\"2024-12-26T18:01:29+00:00\" \/>\n<meta property=\"og:image\" content=\"https:\/\/b2b.calibereurope.com\/wp-content\/uploads\/2021\/11\/46f0a0270d3f00c297b84466d4d8f6819e199dcf_HCG012Qi_BT_2.jpg\" \/>\n\t<meta property=\"og:image:width\" content=\"1024\" \/>\n\t<meta property=\"og:image:height\" content=\"768\" \/>\n\t<meta property=\"og:image:type\" content=\"image\/jpeg\" \/>\n<meta name=\"twitter:card\" content=\"summary_large_image\" \/>\n<meta name=\"twitter:label1\" content=\"Gesch\u00e4tzte Lesezeit\" \/>\n\t<meta name=\"twitter:data1\" content=\"2\u00a0Minuten\" \/>\n<script type=\"application\/ld+json\" class=\"yoast-schema-graph\">{\"@context\":\"https:\/\/schema.org\",\"@graph\":[{\"@type\":\"WebPage\",\"@id\":\"https:\/\/b2b.calibereurope.com\/de\/produkt\/HCG012QI-BT-de_DE\/\",\"url\":\"https:\/\/b2b.calibereurope.com\/de\/produkt\/HCG012QI-BT-de_DE\/\",\"name\":\"Radiowecker mit drahtlosem Ladeger\u00e4t - Wecker mit Bluetooth und UKW-Radio - Digitaler Wecker (HCG012QI-BT) - Caliber Europe B.V.\",\"isPartOf\":{\"@id\":\"https:\/\/b2b.calibereurope.com\/#website\"},\"primaryImageOfPage\":{\"@id\":\"https:\/\/b2b.calibereurope.com\/de\/produkt\/HCG012QI-BT-de_DE\/#primaryimage\"},\"image\":{\"@id\":\"https:\/\/b2b.calibereurope.com\/de\/produkt\/HCG012QI-BT-de_DE\/#primaryimage\"},\"thumbnailUrl\":\"https:\/\/b2b.calibereurope.com\/wp-content\/uploads\/2024\/07\/46f0a0270d3f00c297b84466d4d8f6819e199dcf_HCG012Qi_BT_2.jpg\",\"datePublished\":\"2024-07-17T00:00:00+00:00\",\"dateModified\":\"2024-12-26T18:01:29+00:00\",\"breadcrumb\":{\"@id\":\"https:\/\/b2b.calibereurope.com\/de\/produkt\/HCG012QI-BT-de_DE\/#breadcrumb\"},\"inLanguage\":\"de\",\"potentialAction\":[{\"@type\":\"ReadAction\",\"target\":[\"https:\/\/b2b.calibereurope.com\/de\/produkt\/HCG012QI-BT-de_DE\/\"]}]},{\"@type\":\"ImageObject\",\"inLanguage\":\"de\",\"@id\":\"https:\/\/b2b.calibereurope.com\/de\/produkt\/HCG012QI-BT-de_DE\/#primaryimage\",\"url\":\"https:\/\/b2b.calibereurope.com\/wp-content\/uploads\/2024\/07\/46f0a0270d3f00c297b84466d4d8f6819e199dcf_HCG012Qi_BT_2.jpg\",\"contentUrl\":\"https:\/\/b2b.calibereurope.com\/wp-content\/uploads\/2024\/07\/46f0a0270d3f00c297b84466d4d8f6819e199dcf_HCG012Qi_BT_2.jpg\",\"width\":1024,\"height\":768},{\"@type\":\"BreadcrumbList\",\"@id\":\"https:\/\/b2b.calibereurope.com\/de\/produkt\/HCG012QI-BT-de_DE\/#breadcrumb\",\"itemListElement\":[{\"@type\":\"ListItem\",\"position\":1,\"name\":\"Home\",\"item\":\"https:\/\/b2b.calibereurope.com\/de\/\"},{\"@type\":\"ListItem\",\"position\":2,\"name\":\"Shop\",\"item\":\"https:\/\/b2b.calibereurope.com\/de\/shop\/\"},{\"@type\":\"ListItem\",\"position\":3,\"name\":\"Weckerradio mit Bluetooth und Qi-Ladeger\u00e4t &#8211; Schwarz (HCG012QI-BT)\"}]},{\"@type\":\"WebSite\",\"@id\":\"https:\/\/b2b.calibereurope.com\/#website\",\"url\":\"https:\/\/b2b.calibereurope.com\/\",\"name\":\"Caliber Europe B.V.\",\"description\":\"B2B Webshop\",\"publisher\":{\"@id\":\"https:\/\/b2b.calibereurope.com\/#organization\"},\"potentialAction\":[{\"@type\":\"SearchAction\",\"target\":{\"@type\":\"EntryPoint\",\"urlTemplate\":\"https:\/\/b2b.calibereurope.com\/?s={search_term_string}\"},\"query-input\":{\"@type\":\"PropertyValueSpecification\",\"valueRequired\":true,\"valueName\":\"search_term_string\"}}],\"inLanguage\":\"de\"},{\"@type\":\"Organization\",\"@id\":\"https:\/\/b2b.calibereurope.com\/#organization\",\"name\":\"Caliber Europe B.V.\",\"url\":\"https:\/\/b2b.calibereurope.com\/\",\"logo\":{\"@type\":\"ImageObject\",\"inLanguage\":\"de\",\"@id\":\"https:\/\/b2b.calibereurope.com\/#\/schema\/logo\/image\/\",\"url\":\"https:\/\/b2b.calibereurope.com\/wp-content\/uploads\/2020\/12\/Caliber_Logo-Black.png\",\"contentUrl\":\"https:\/\/b2b.calibereurope.com\/wp-content\/uploads\/2020\/12\/Caliber_Logo-Black.png\",\"width\":3157,\"height\":356,\"caption\":\"Caliber Europe B.V.\"},\"image\":{\"@id\":\"https:\/\/b2b.calibereurope.com\/#\/schema\/logo\/image\/\"}}]}<\/script>\n<!-- \/ Yoast SEO plugin. -->","yoast_head_json":{"title":"Radiowecker mit drahtlosem Ladeger\u00e4t - Wecker mit Bluetooth und UKW-Radio - Digitaler Wecker (HCG012QI-BT) - Caliber Europe B.V.","robots":{"index":"noindex","follow":"follow","max-snippet":"max-snippet:-1","max-image-preview":"max-image-preview:large","max-video-preview":"max-video-preview:-1"},"og_locale":"de_DE","og_type":"article","og_title":"Radiowecker mit drahtlosem Ladeger\u00e4t - Wecker mit Bluetooth und UKW-Radio - Digitaler Wecker (HCG012QI-BT) - Caliber Europe B.V.","og_description":"Laden Sie Ihr Telefon auf, stellen Sie eine Bluetooth\u00ae-Verbindung her und h\u00f6ren Sie Ihre Lieblingsradiosender: das alles ist m\u00f6glich mit dem Caliber HCG012QI-BT Radiowecker mit drahtlosem Ladeger\u00e4t. Der digitale Wecker ist mit einem gro\u00dfen roten Display ausgestattet, sodass Sie die Uhrzeit jederzeit leicht ablesen k\u00f6nnen. Dank der Qi-Technologie k\u00f6nnen Sie Ihr Telefon drahtlos mit dem [&hellip;]","og_url":"https:\/\/b2b.calibereurope.com\/de\/produkt\/HCG012QI-BT-de_DE\/","og_site_name":"Caliber Europe B.V.","article_modified_time":"2024-12-26T18:01:29+00:00","og_image":[{"width":1024,"height":768,"url":"https:\/\/b2b.calibereurope.com\/wp-content\/uploads\/2021\/11\/46f0a0270d3f00c297b84466d4d8f6819e199dcf_HCG012Qi_BT_2.jpg","type":"image\/jpeg"}],"twitter_card":"summary_large_image","twitter_misc":{"Gesch\u00e4tzte Lesezeit":"2\u00a0Minuten"},"schema":{"@context":"https:\/\/schema.org","@graph":[{"@type":"WebPage","@id":"https:\/\/b2b.calibereurope.com\/de\/produkt\/HCG012QI-BT-de_DE\/","url":"https:\/\/b2b.calibereurope.com\/de\/produkt\/HCG012QI-BT-de_DE\/","name":"Radiowecker mit drahtlosem Ladeger\u00e4t - Wecker mit Bluetooth und UKW-Radio - Digitaler Wecker (HCG012QI-BT) - Caliber Europe B.V.","isPartOf":{"@id":"https:\/\/b2b.calibereurope.com\/#website"},"primaryImageOfPage":{"@id":"https:\/\/b2b.calibereurope.com\/de\/produkt\/HCG012QI-BT-de_DE\/#primaryimage"},"image":{"@id":"https:\/\/b2b.calibereurope.com\/de\/produkt\/HCG012QI-BT-de_DE\/#primaryimage"},"thumbnailUrl":"https:\/\/b2b.calibereurope.com\/wp-content\/uploads\/2024\/07\/46f0a0270d3f00c297b84466d4d8f6819e199dcf_HCG012Qi_BT_2.jpg","datePublished":"2024-07-17T00:00:00+00:00","dateModified":"2024-12-26T18:01:29+00:00","breadcrumb":{"@id":"https:\/\/b2b.calibereurope.com\/de\/produkt\/HCG012QI-BT-de_DE\/#breadcrumb"},"inLanguage":"de","potentialAction":[{"@type":"ReadAction","target":["https:\/\/b2b.calibereurope.com\/de\/produkt\/HCG012QI-BT-de_DE\/"]}]},{"@type":"ImageObject","inLanguage":"de","@id":"https:\/\/b2b.calibereurope.com\/de\/produkt\/HCG012QI-BT-de_DE\/#primaryimage","url":"https:\/\/b2b.calibereurope.com\/wp-content\/uploads\/2024\/07\/46f0a0270d3f00c297b84466d4d8f6819e199dcf_HCG012Qi_BT_2.jpg","contentUrl":"https:\/\/b2b.calibereurope.com\/wp-content\/uploads\/2024\/07\/46f0a0270d3f00c297b84466d4d8f6819e199dcf_HCG012Qi_BT_2.jpg","width":1024,"height":768},{"@type":"BreadcrumbList","@id":"https:\/\/b2b.calibereurope.com\/de\/produkt\/HCG012QI-BT-de_DE\/#breadcrumb","itemListElement":[{"@type":"ListItem","position":1,"name":"Home","item":"https:\/\/b2b.calibereurope.com\/de\/"},{"@type":"ListItem","position":2,"name":"Shop","item":"https:\/\/b2b.calibereurope.com\/de\/shop\/"},{"@type":"ListItem","position":3,"name":"Weckerradio mit Bluetooth und Qi-Ladeger\u00e4t &#8211; Schwarz (HCG012QI-BT)"}]},{"@type":"WebSite","@id":"https:\/\/b2b.calibereurope.com\/#website","url":"https:\/\/b2b.calibereurope.com\/","name":"Caliber Europe B.V.","description":"B2B Webshop","publisher":{"@id":"https:\/\/b2b.calibereurope.com\/#organization"},"potentialAction":[{"@type":"SearchAction","target":{"@type":"EntryPoint","urlTemplate":"https:\/\/b2b.calibereurope.com\/?s={search_term_string}"},"query-input":{"@type":"PropertyValueSpecification","valueRequired":true,"valueName":"search_term_string"}}],"inLanguage":"de"},{"@type":"Organization","@id":"https:\/\/b2b.calibereurope.com\/#organization","name":"Caliber Europe B.V.","url":"https:\/\/b2b.calibereurope.com\/","logo":{"@type":"ImageObject","inLanguage":"de","@id":"https:\/\/b2b.calibereurope.com\/#\/schema\/logo\/image\/","url":"https:\/\/b2b.calibereurope.com\/wp-content\/uploads\/2020\/12\/Caliber_Logo-Black.png","contentUrl":"https:\/\/b2b.calibereurope.com\/wp-content\/uploads\/2020\/12\/Caliber_Logo-Black.png","width":3157,"height":356,"caption":"Caliber Europe B.V."},"image":{"@id":"https:\/\/b2b.calibereurope.com\/#\/schema\/logo\/image\/"}}]}},"_links":{"self":[{"href":"https:\/\/b2b.calibereurope.com\/de\/wp-json\/wp\/v2\/product\/497805","targetHints":{"allow":["GET"]}}],"collection":[{"href":"https:\/\/b2b.calibereurope.com\/de\/wp-json\/wp\/v2\/product"}],"about":[{"href":"https:\/\/b2b.calibereurope.com\/de\/wp-json\/wp\/v2\/types\/product"}],"version-history":[{"count":0,"href":"https:\/\/b2b.calibereurope.com\/de\/wp-json\/wp\/v2\/product\/497805\/revisions"}],"wp:featuredmedia":[{"embeddable":true,"href":"https:\/\/b2b.calibereurope.com\/de\/wp-json\/wp\/v2\/media\/850109"}],"wp:attachment":[{"href":"https:\/\/b2b.calibereurope.com\/de\/wp-json\/wp\/v2\/media?parent=497805"}],"wp:term":[{"taxonomy":"product_brand","embeddable":true,"href":"https:\/\/b2b.calibereurope.com\/de\/wp-json\/wp\/v2\/product_brand?post=497805"},{"taxonomy":"product_cat","embeddable":true,"href":"https:\/\/b2b.calibereurope.com\/de\/wp-json\/wp\/v2\/product_cat?post=497805"},{"taxonomy":"product_tag","embeddable":true,"href":"https:\/\/b2b.calibereurope.com\/de\/wp-json\/wp\/v2\/product_tag?post=497805"}],"curies":[{"name":"wp","href":"https:\/\/api.w.org\/{rel}","templated":true}]}}