{"id":499973,"date":"2023-07-04T02:00:00","date_gmt":"2023-07-04T00:00:00","guid":{"rendered":""},"modified":"2024-12-26T19:01:31","modified_gmt":"2024-12-26T18:01:31","slug":"hpg619btl-de_de","status":"publish","type":"product","link":"https:\/\/b2b.calibereurope.com\/de\/produkt\/hpg619btl-de_de\/","title":{"rendered":"Bluetooth -Lautsprecher Wireless mit Partylicht &#8211; Karaoke -Set mit Mikrofon &#8211; mit App (HPG619BTL) arbeiten"},"content":{"rendered":"<p> Wenden Sie sich an eine erfolgreiche Party mit diesem Caliber HPG619BTL Bluetooth Karaoke -Lautsprecher. Dank des von <strong> gelieferten Mikrofons <\/strong> k\u00f6nnen Sie mit Ihren Freunden oder Ihrer Familie in k\u00fcrzester Zeit einen <strong> Karaoke sing-Along <\/strong> beginnen. Diese Bluetooth -Box erzeugt einen klaren und tiefen Klang mit dem Subwoofer und den 2 Lautsprechern <strong>. Um Ihre Party zu vervollst\u00e4ndigen<\/strong>, \u00e4ndert sich die integrierte <strong> LED-Beleuchtung <\/strong> mit der Musik. Betreiben Sie den Ton, das Volumen und die Beleuchtungseffekte <strong> \u00fcber die App <\/strong> <strong> auf Ihrem Smartphone <\/strong>. <\/p>\n<p> <strong> Funktionen: <\/strong> <\/p>\n<ul>\n<li> Wireless Bluetooth -Technologie <\/li>\n<li> Licht- und Schallsteuerung \u00fcber App <\/li>\n<li> Batterie f\u00fcr 8 Spielen Sie Stunden <\/li>\n<li> Karaoke sing-along-Funktion <\/li>\n<li> einschlie\u00dflich Mikrofon <\/li>\n<li> 1x Mikrofon und 1x Instrumenteneingang (6,3 mm) <\/li>\n<li> Aux-Eingang (3,5 mm) <\/li>\n<li> Tragen von Riemen f\u00fcr einfache Transport <l> Subwoofer und 2 Lautsprecher <\/l><\/li>\n<li> LED -Partybeleuchtung <\/li>\n<\/ul>\n<h3> Alles f\u00fcr ein gutes Karaoke <\/h3>\n<p> Sind Sie f\u00fcr eine gute Karaoke -Sitzung? Dann sind Sie mit dieser Partybox mit Mikrofon am richtigen Ort. Mit der speziellen Karaoke-Sing-Along-Funktion und eingeschlossenes Mikrofon kann es nicht mehr schief gehen. Betreiben Sie das Karaoke -Set \u00fcber die App und stellen Sie sicher, dass alle Ihre Lieblingslieder von voller Brust gesungen werden. Die LED -Beleuchtung des Karaoke -Lautsprechers hat unterschiedliche Farbt\u00f6ne. Stellen Sie die Beleuchtung auf mindestens 5 Positionen ein und lassen Sie sich das Licht auf den Beats bewegen. <\/p>\n<h3> Gehen Sie von der Party zu Party <\/h3>\n<p> Dank der praktischen Trageband dieses drahtlosen Lautsprechers k\u00f6nnen Sie die Schachtel mit Ihnen \u00fcber Ihre Schulter nehmen. Unabh\u00e4ngig von der Party k\u00f6nnen Sie Ihr Smartphone oder Laptop einfach \u00fcber Bluetooth verbinden und die besten Beats stammen direkt vom tragbaren Lautsprecher. Dank des USB- und SD -Eingangs k\u00f6nnen Sie auch Musik \u00fcber eine USB -Stick- oder SD -Karte gespielt haben. Mit einer vollen Batterie k\u00f6nnen Sie den Party-Lautsprecher f\u00fcr bis zu 8 Stunden ohne Unterbrechung verwenden, damit Sie bis in die fr\u00fchen Morgenstunden fortgesetzt werden k\u00f6nnen! <\/p>\n<h3> 2.1 High Power Sound <\/h3>\n<p> Der Bluetooth -Lautsprecher mit Licht bietet ein gutes Volumen, das in einer Kantine, einem Partyraum oder einem kleinen Caf\u00e9 leicht zu h\u00f6ren ist. Die Kombination aus einem Subwoofer und zwei Lautsprechern bietet den besten Sound durch die Kisten. Der schwere Bass sorgt daf\u00fcr, dass jeder, der sich geschlagen f\u00fchlt, aber der drahtlose Sprecher wei\u00df, wie man die h\u00f6heren T\u00f6ne gut h\u00f6rt. Auf diese Weise k\u00f6nnen Sie einen klaren und tiefen Klang genie\u00dfen. <\/p>\n<p> <strong> <br \/> enthalten: <\/strong> <\/p>\n<ul>\n<li> Caliber HPG619BTL <\/li>\n<li> Karaoke-Mikrofon <\/li>\n<li> AC-Stream-Adapter <\/li>\n<li> 3,5 mm Aux-Kabel<\/li>\n<\/ul>\n","protected":false},"excerpt":{"rendered":"<p>Wenden Sie sich an eine erfolgreiche Party mit diesem Caliber HPG619BTL Bluetooth Karaoke -Lautsprecher. Dank des von gelieferten Mikrofons k\u00f6nnen Sie mit Ihren Freunden oder Ihrer Familie in k\u00fcrzester Zeit einen Karaoke sing-Along beginnen. Diese Bluetooth -Box erzeugt einen klaren und tiefen Klang mit dem Subwoofer und den 2 Lautsprechern . Um Ihre Party zu [&hellip;]<\/p>\n","protected":false},"featured_media":828254,"template":"","meta":{"_acf_changed":false,"site-sidebar-layout":"default","site-content-layout":"","ast-site-content-layout":"default","site-content-style":"default","site-sidebar-style":"default","ast-global-header-display":"","ast-banner-title-visibility":"","ast-main-header-display":"","ast-hfb-above-header-display":"","ast-hfb-below-header-display":"","ast-hfb-mobile-header-display":"","site-post-title":"","ast-breadcrumbs-content":"","ast-featured-img":"","footer-sml-layout":"","theme-transparent-header-meta":"","adv-header-id-meta":"","stick-header-meta":"","header-above-stick-meta":"","header-main-stick-meta":"","header-below-stick-meta":"","astra-migrate-meta-layouts":"default","ast-page-background-enabled":"default","ast-page-background-meta":{"desktop":{"background-color":"","background-image":"","background-repeat":"repeat","background-position":"center center","background-size":"auto","background-attachment":"scroll","background-type":"","background-media":"","overlay-type":"","overlay-color":"","overlay-opacity":"","overlay-gradient":""},"tablet":{"background-color":"","background-image":"","background-repeat":"repeat","background-position":"center center","background-size":"auto","background-attachment":"scroll","background-type":"","background-media":"","overlay-type":"","overlay-color":"","overlay-opacity":"","overlay-gradient":""},"mobile":{"background-color":"","background-image":"","background-repeat":"repeat","background-position":"center center","background-size":"auto","background-attachment":"scroll","background-type":"","background-media":"","overlay-type":"","overlay-color":"","overlay-opacity":"","overlay-gradient":""}},"ast-content-background-meta":{"desktop":{"background-color":"var(--ast-global-color-5)","background-image":"","background-repeat":"repeat","background-position":"center center","background-size":"auto","background-attachment":"scroll","background-type":"","background-media":"","overlay-type":"","overlay-color":"","overlay-opacity":"","overlay-gradient":""},"tablet":{"background-color":"var(--ast-global-color-5)","background-image":"","background-repeat":"repeat","background-position":"center center","background-size":"auto","background-attachment":"scroll","background-type":"","background-media":"","overlay-type":"","overlay-color":"","overlay-opacity":"","overlay-gradient":""},"mobile":{"background-color":"var(--ast-global-color-5)","background-image":"","background-repeat":"repeat","background-position":"center center","background-size":"auto","background-attachment":"scroll","background-type":"","background-media":"","overlay-type":"","overlay-color":"","overlay-opacity":"","overlay-gradient":""}}},"product_brand":[],"product_cat":[22956],"product_tag":[],"class_list":{"0":"post-499973","1":"product","2":"type-product","3":"status-publish","4":"has-post-thumbnail","6":"product_cat-keine-kategorie","7":"desktop-align-center","8":"tablet-align-center","9":"mobile-align-center","10":"ast-product-gallery-layout-horizontal","11":"ast-product-tabs-layout-horizontal","13":"first","14":"instock","15":"taxable","16":"shipping-taxable","17":"purchasable","18":"product-type-simple"},"acf":[],"yoast_head":"<!-- This site is optimized with the Yoast SEO plugin v26.5 - https:\/\/yoast.com\/wordpress\/plugins\/seo\/ -->\n<title>Bluetooth -Lautsprecher Wireless mit Partylicht - Karaoke -Set mit Mikrofon - mit App (HPG619BTL) arbeiten - Caliber Europe B.V.<\/title>\n<meta name=\"robots\" content=\"noindex, follow, max-snippet:-1, max-image-preview:large, max-video-preview:-1\" \/>\n<meta property=\"og:locale\" content=\"de_DE\" \/>\n<meta property=\"og:type\" content=\"article\" \/>\n<meta property=\"og:title\" content=\"Bluetooth -Lautsprecher Wireless mit Partylicht - Karaoke -Set mit Mikrofon - mit App (HPG619BTL) arbeiten - Caliber Europe B.V.\" \/>\n<meta property=\"og:description\" content=\"Wenden Sie sich an eine erfolgreiche Party mit diesem Caliber HPG619BTL Bluetooth Karaoke -Lautsprecher. Dank des von gelieferten Mikrofons k\u00f6nnen Sie mit Ihren Freunden oder Ihrer Familie in k\u00fcrzester Zeit einen Karaoke sing-Along beginnen. Diese Bluetooth -Box erzeugt einen klaren und tiefen Klang mit dem Subwoofer und den 2 Lautsprechern . Um Ihre Party zu [&hellip;]\" \/>\n<meta property=\"og:url\" content=\"https:\/\/b2b.calibereurope.com\/de\/produkt\/hpg619btl-de_de\/\" \/>\n<meta property=\"og:site_name\" content=\"Caliber Europe B.V.\" \/>\n<meta property=\"article:modified_time\" content=\"2024-12-26T18:01:31+00:00\" \/>\n<meta property=\"og:image\" content=\"https:\/\/b2b.calibereurope.com\/wp-content\/uploads\/2021\/09\/4703598fcfa8c2ea9be1ce0cba69476e3a09a1e5_HPG619BTL_yellow.jpg\" \/>\n\t<meta property=\"og:image:width\" content=\"1024\" \/>\n\t<meta property=\"og:image:height\" content=\"768\" \/>\n\t<meta property=\"og:image:type\" content=\"image\/jpeg\" \/>\n<meta name=\"twitter:card\" content=\"summary_large_image\" \/>\n<meta name=\"twitter:label1\" content=\"Gesch\u00e4tzte Lesezeit\" \/>\n\t<meta name=\"twitter:data1\" content=\"2\u00a0Minuten\" \/>\n<script type=\"application\/ld+json\" class=\"yoast-schema-graph\">{\"@context\":\"https:\/\/schema.org\",\"@graph\":[{\"@type\":\"WebPage\",\"@id\":\"https:\/\/b2b.calibereurope.com\/de\/produkt\/hpg619btl-de_de\/\",\"url\":\"https:\/\/b2b.calibereurope.com\/de\/produkt\/hpg619btl-de_de\/\",\"name\":\"Bluetooth -Lautsprecher Wireless mit Partylicht - Karaoke -Set mit Mikrofon - mit App (HPG619BTL) arbeiten - Caliber Europe B.V.\",\"isPartOf\":{\"@id\":\"https:\/\/b2b.calibereurope.com\/#website\"},\"primaryImageOfPage\":{\"@id\":\"https:\/\/b2b.calibereurope.com\/de\/produkt\/hpg619btl-de_de\/#primaryimage\"},\"image\":{\"@id\":\"https:\/\/b2b.calibereurope.com\/de\/produkt\/hpg619btl-de_de\/#primaryimage\"},\"thumbnailUrl\":\"https:\/\/b2b.calibereurope.com\/wp-content\/uploads\/2023\/07\/50100ff5a0d2109a7529d8f3e7505c14dc9fec36_HPG619BTL_Blue-scaled.jpg\",\"datePublished\":\"2023-07-04T00:00:00+00:00\",\"dateModified\":\"2024-12-26T18:01:31+00:00\",\"breadcrumb\":{\"@id\":\"https:\/\/b2b.calibereurope.com\/de\/produkt\/hpg619btl-de_de\/#breadcrumb\"},\"inLanguage\":\"de\",\"potentialAction\":[{\"@type\":\"ReadAction\",\"target\":[\"https:\/\/b2b.calibereurope.com\/de\/produkt\/hpg619btl-de_de\/\"]}]},{\"@type\":\"ImageObject\",\"inLanguage\":\"de\",\"@id\":\"https:\/\/b2b.calibereurope.com\/de\/produkt\/hpg619btl-de_de\/#primaryimage\",\"url\":\"https:\/\/b2b.calibereurope.com\/wp-content\/uploads\/2023\/07\/50100ff5a0d2109a7529d8f3e7505c14dc9fec36_HPG619BTL_Blue-scaled.jpg\",\"contentUrl\":\"https:\/\/b2b.calibereurope.com\/wp-content\/uploads\/2023\/07\/50100ff5a0d2109a7529d8f3e7505c14dc9fec36_HPG619BTL_Blue-scaled.jpg\",\"width\":2560,\"height\":1542},{\"@type\":\"BreadcrumbList\",\"@id\":\"https:\/\/b2b.calibereurope.com\/de\/produkt\/hpg619btl-de_de\/#breadcrumb\",\"itemListElement\":[{\"@type\":\"ListItem\",\"position\":1,\"name\":\"Home\",\"item\":\"https:\/\/b2b.calibereurope.com\/de\/\"},{\"@type\":\"ListItem\",\"position\":2,\"name\":\"Shop\",\"item\":\"https:\/\/b2b.calibereurope.com\/de\/shop\/\"},{\"@type\":\"ListItem\",\"position\":3,\"name\":\"Bluetooth USB SD &#8211; App gesteuert Karaoke (HPG619BTL)\"}]},{\"@type\":\"WebSite\",\"@id\":\"https:\/\/b2b.calibereurope.com\/#website\",\"url\":\"https:\/\/b2b.calibereurope.com\/\",\"name\":\"Caliber Europe B.V.\",\"description\":\"B2B Webshop\",\"publisher\":{\"@id\":\"https:\/\/b2b.calibereurope.com\/#organization\"},\"potentialAction\":[{\"@type\":\"SearchAction\",\"target\":{\"@type\":\"EntryPoint\",\"urlTemplate\":\"https:\/\/b2b.calibereurope.com\/?s={search_term_string}\"},\"query-input\":{\"@type\":\"PropertyValueSpecification\",\"valueRequired\":true,\"valueName\":\"search_term_string\"}}],\"inLanguage\":\"de\"},{\"@type\":\"Organization\",\"@id\":\"https:\/\/b2b.calibereurope.com\/#organization\",\"name\":\"Caliber Europe B.V.\",\"url\":\"https:\/\/b2b.calibereurope.com\/\",\"logo\":{\"@type\":\"ImageObject\",\"inLanguage\":\"de\",\"@id\":\"https:\/\/b2b.calibereurope.com\/#\/schema\/logo\/image\/\",\"url\":\"https:\/\/b2b.calibereurope.com\/wp-content\/uploads\/2020\/12\/Caliber_Logo-Black.png\",\"contentUrl\":\"https:\/\/b2b.calibereurope.com\/wp-content\/uploads\/2020\/12\/Caliber_Logo-Black.png\",\"width\":3157,\"height\":356,\"caption\":\"Caliber Europe B.V.\"},\"image\":{\"@id\":\"https:\/\/b2b.calibereurope.com\/#\/schema\/logo\/image\/\"}}]}<\/script>\n<!-- \/ Yoast SEO plugin. -->","yoast_head_json":{"title":"Bluetooth -Lautsprecher Wireless mit Partylicht - Karaoke -Set mit Mikrofon - mit App (HPG619BTL) arbeiten - Caliber Europe B.V.","robots":{"index":"noindex","follow":"follow","max-snippet":"max-snippet:-1","max-image-preview":"max-image-preview:large","max-video-preview":"max-video-preview:-1"},"og_locale":"de_DE","og_type":"article","og_title":"Bluetooth -Lautsprecher Wireless mit Partylicht - Karaoke -Set mit Mikrofon - mit App (HPG619BTL) arbeiten - Caliber Europe B.V.","og_description":"Wenden Sie sich an eine erfolgreiche Party mit diesem Caliber HPG619BTL Bluetooth Karaoke -Lautsprecher. Dank des von gelieferten Mikrofons k\u00f6nnen Sie mit Ihren Freunden oder Ihrer Familie in k\u00fcrzester Zeit einen Karaoke sing-Along beginnen. Diese Bluetooth -Box erzeugt einen klaren und tiefen Klang mit dem Subwoofer und den 2 Lautsprechern . Um Ihre Party zu [&hellip;]","og_url":"https:\/\/b2b.calibereurope.com\/de\/produkt\/hpg619btl-de_de\/","og_site_name":"Caliber Europe B.V.","article_modified_time":"2024-12-26T18:01:31+00:00","og_image":[{"width":1024,"height":768,"url":"https:\/\/b2b.calibereurope.com\/wp-content\/uploads\/2021\/09\/4703598fcfa8c2ea9be1ce0cba69476e3a09a1e5_HPG619BTL_yellow.jpg","type":"image\/jpeg"}],"twitter_card":"summary_large_image","twitter_misc":{"Gesch\u00e4tzte Lesezeit":"2\u00a0Minuten"},"schema":{"@context":"https:\/\/schema.org","@graph":[{"@type":"WebPage","@id":"https:\/\/b2b.calibereurope.com\/de\/produkt\/hpg619btl-de_de\/","url":"https:\/\/b2b.calibereurope.com\/de\/produkt\/hpg619btl-de_de\/","name":"Bluetooth -Lautsprecher Wireless mit Partylicht - Karaoke -Set mit Mikrofon - mit App (HPG619BTL) arbeiten - Caliber Europe B.V.","isPartOf":{"@id":"https:\/\/b2b.calibereurope.com\/#website"},"primaryImageOfPage":{"@id":"https:\/\/b2b.calibereurope.com\/de\/produkt\/hpg619btl-de_de\/#primaryimage"},"image":{"@id":"https:\/\/b2b.calibereurope.com\/de\/produkt\/hpg619btl-de_de\/#primaryimage"},"thumbnailUrl":"https:\/\/b2b.calibereurope.com\/wp-content\/uploads\/2023\/07\/50100ff5a0d2109a7529d8f3e7505c14dc9fec36_HPG619BTL_Blue-scaled.jpg","datePublished":"2023-07-04T00:00:00+00:00","dateModified":"2024-12-26T18:01:31+00:00","breadcrumb":{"@id":"https:\/\/b2b.calibereurope.com\/de\/produkt\/hpg619btl-de_de\/#breadcrumb"},"inLanguage":"de","potentialAction":[{"@type":"ReadAction","target":["https:\/\/b2b.calibereurope.com\/de\/produkt\/hpg619btl-de_de\/"]}]},{"@type":"ImageObject","inLanguage":"de","@id":"https:\/\/b2b.calibereurope.com\/de\/produkt\/hpg619btl-de_de\/#primaryimage","url":"https:\/\/b2b.calibereurope.com\/wp-content\/uploads\/2023\/07\/50100ff5a0d2109a7529d8f3e7505c14dc9fec36_HPG619BTL_Blue-scaled.jpg","contentUrl":"https:\/\/b2b.calibereurope.com\/wp-content\/uploads\/2023\/07\/50100ff5a0d2109a7529d8f3e7505c14dc9fec36_HPG619BTL_Blue-scaled.jpg","width":2560,"height":1542},{"@type":"BreadcrumbList","@id":"https:\/\/b2b.calibereurope.com\/de\/produkt\/hpg619btl-de_de\/#breadcrumb","itemListElement":[{"@type":"ListItem","position":1,"name":"Home","item":"https:\/\/b2b.calibereurope.com\/de\/"},{"@type":"ListItem","position":2,"name":"Shop","item":"https:\/\/b2b.calibereurope.com\/de\/shop\/"},{"@type":"ListItem","position":3,"name":"Bluetooth USB SD &#8211; App gesteuert Karaoke (HPG619BTL)"}]},{"@type":"WebSite","@id":"https:\/\/b2b.calibereurope.com\/#website","url":"https:\/\/b2b.calibereurope.com\/","name":"Caliber Europe B.V.","description":"B2B Webshop","publisher":{"@id":"https:\/\/b2b.calibereurope.com\/#organization"},"potentialAction":[{"@type":"SearchAction","target":{"@type":"EntryPoint","urlTemplate":"https:\/\/b2b.calibereurope.com\/?s={search_term_string}"},"query-input":{"@type":"PropertyValueSpecification","valueRequired":true,"valueName":"search_term_string"}}],"inLanguage":"de"},{"@type":"Organization","@id":"https:\/\/b2b.calibereurope.com\/#organization","name":"Caliber Europe B.V.","url":"https:\/\/b2b.calibereurope.com\/","logo":{"@type":"ImageObject","inLanguage":"de","@id":"https:\/\/b2b.calibereurope.com\/#\/schema\/logo\/image\/","url":"https:\/\/b2b.calibereurope.com\/wp-content\/uploads\/2020\/12\/Caliber_Logo-Black.png","contentUrl":"https:\/\/b2b.calibereurope.com\/wp-content\/uploads\/2020\/12\/Caliber_Logo-Black.png","width":3157,"height":356,"caption":"Caliber Europe B.V."},"image":{"@id":"https:\/\/b2b.calibereurope.com\/#\/schema\/logo\/image\/"}}]}},"_links":{"self":[{"href":"https:\/\/b2b.calibereurope.com\/de\/wp-json\/wp\/v2\/product\/499973","targetHints":{"allow":["GET"]}}],"collection":[{"href":"https:\/\/b2b.calibereurope.com\/de\/wp-json\/wp\/v2\/product"}],"about":[{"href":"https:\/\/b2b.calibereurope.com\/de\/wp-json\/wp\/v2\/types\/product"}],"version-history":[{"count":0,"href":"https:\/\/b2b.calibereurope.com\/de\/wp-json\/wp\/v2\/product\/499973\/revisions"}],"wp:featuredmedia":[{"embeddable":true,"href":"https:\/\/b2b.calibereurope.com\/de\/wp-json\/wp\/v2\/media\/828254"}],"wp:attachment":[{"href":"https:\/\/b2b.calibereurope.com\/de\/wp-json\/wp\/v2\/media?parent=499973"}],"wp:term":[{"taxonomy":"product_brand","embeddable":true,"href":"https:\/\/b2b.calibereurope.com\/de\/wp-json\/wp\/v2\/product_brand?post=499973"},{"taxonomy":"product_cat","embeddable":true,"href":"https:\/\/b2b.calibereurope.com\/de\/wp-json\/wp\/v2\/product_cat?post=499973"},{"taxonomy":"product_tag","embeddable":true,"href":"https:\/\/b2b.calibereurope.com\/de\/wp-json\/wp\/v2\/product_tag?post=499973"}],"curies":[{"name":"wp","href":"https:\/\/api.w.org\/{rel}","templated":true}]}}