{"id":500705,"date":"2025-10-07T02:00:00","date_gmt":"2025-10-07T00:00:00","guid":{"rendered":""},"modified":"2025-10-07T12:15:04","modified_gmt":"2025-10-07T10:15:04","slug":"HFG311BT-de_DE","status":"publish","type":"product","link":"https:\/\/b2b.calibereurope.com\/de\/produkt\/HFG311BT-de_DE\/","title":{"rendered":"Retro Morris Bluetooth -Lautsprecher &#8211; 4 Stunden drahtloses Spiel &#8211; Retro -Look &#8211; Aux &#8211; 60 Watt -Strom (HFG311BT)"},"content":{"rendered":"<p> Spielen Sie Ihre Lieblingslieder und geben Sie Ihrem Wohnzimmer einen tollen Look mit diesem Caliber HFG311BT Bluetooth-Lautsprecher. Der Lautsprecher ist mit einem coolen <strong> Retro -Look <\/strong> ausgestattet, was ihn in jedem Innenraum zu einem echten Augenf\u00e4nger macht. Der Bluetooth -Lautsprecher kann <strong> Wireless <\/strong> \u00fcber die <strong> -Katterie <\/strong> verwendet werden, kann aber auch mit einem <strong> Netzkabel <\/strong> verwendet werden. Die Batterie bietet nicht weniger als <strong> 4 Stunden Spielzeit <\/strong>. Mit <strong> 60 Watt Power <\/strong> haben Sie gen\u00fcgend Ton, um einer kleinen Party die erforderlichen Melodien zu bieten. Das <strong> Bedienfeld <\/strong> erleichtert es einfach, die Einstellungen zu \u00e4ndern. <\/p>\n<p> <strong> Eigenschaften: <\/strong> <\/p>\n<ul>\n<li> 4 Stunden drahtloser Spielzeit <\/li>\n<li> auf Netzstrom und Batterie <\/li>\n<li> Holz Wohnraum kann mit Leder-Look-Finish verwendet werden <\/li>\n<li> gewebter Grillabdeckung f\u00fcr echte Retro-Look <\/li>\n<li> Bluetooth-Audio-Technologie <\/li>\n<li> Aux-Audioeingabe (3,5 mm) <\/li>\n<li> Einfacher Betrieb <\/li>\n<li> Aufladen mit USB-Kabel <\/li>\n<\/ul>\n<h3> Ein Augenf\u00e4nger im Innenraum <\/h3>\n<p> Ein wundersch\u00f6ner Bluetooth -Lautsprecher sollte in Ihrem Wohnzimmer nicht fehlen. Damit verwandeln Sie einen angenehmen Abend mit einem Knopfdruck in eine Hausparty. Dieser Sprecher bringt nicht nur die sch\u00f6nsten Beats hervor, sondern ist auch eine stilvolle Erg\u00e4nzung in Ihrem Innenraum. Dank des Retro -Looks verdient der Sprecher einen guten Platz in Ihrem Wohnzimmer. Das h\u00f6lzerne Peginable -Geh\u00e4use mit Leder -Look -Finish passt in jeden Innenraum. <\/p>\n<h3> perfekt f\u00fcr eine Party <\/h3>\n<p> Der Retro -Sprecher hat nicht weniger als 60 Watt. Damit verwandeln Sie jedes Abendessen in eine Tanzparty. Sie berechnen den Lautsprecher mit dem Netzkabel oder verwenden den Bluetooth -Lautsprecher f\u00fcr 4 Stunden Spielzeit drahtlos mit dem Akku. Das Baspoort auf der R\u00fcckseite des Ger\u00e4ts hilft, den Bass f\u00fcr ein nat\u00fcrliches Audio -Display zu verbessern. <\/p>\n<h3> Einfach zu verwenden <\/h3>\n<p> Mit den Schaltfl\u00e4chen auf dem Lautsprecher k\u00f6nnen Sie es ein-\/ausschalten, die Lautst\u00e4rke einstellen und die Zahlen steuern. Der drahtlose Lautsprecher kann auch \u00fcber Bluetooth betrieben werden. Schlie\u00dfen Sie Ihr Telefon einfach \u00fcber Bluetooth an und Sie sind bereit, Ihre Lieblings -Wiedergabelisten einzuschalten. M\u00f6chten Sie Ihren Akku sparen oder keine Bluetooth verwenden? Anschlie\u00dfend k\u00f6nnen Sie auch die Aux -Eingabe verwenden, um Ihr Telefon zu verkn\u00fcpfen. \u00dcber Aux k\u00f6nnen Sie den Lautsprecher auch mit Ihrem Fernseher verbinden, um das Volumen zu verst\u00e4rken. Dieser handliche Bluetooth -Lautsprecher sollte in Ihrem Innenraum nicht fehlen! <\/p>\n<p> <strong> Inklusive: <\/strong> <\/p>\n<ul>\n<li> Caliber HFG311BT<\/li>\n<li> USB-Ladekabel und Ladeger\u00e4t <\/li>\n<li> Aux 3,5-mm-Audiokabel<\/li>\n<\/ul>\n","protected":false},"excerpt":{"rendered":"<p>Spielen Sie Ihre Lieblingslieder und geben Sie Ihrem Wohnzimmer einen tollen Look mit diesem Caliber HFG311BT-2 Bluetooth-Lautsprecher. Der Lautsprecher ist mit einem coolen&nbsp;<strong>Retro -Look&nbsp;<\/strong>ausgestattet, was ihn in jedem Innenraum zu einem echten Augenf\u00e4nger macht. Der Bluetooth -Lautsprecher kann&nbsp;<strong>Wireless&nbsp;<\/strong>\u00fcber die&nbsp;<strong>-Katterie&nbsp;<\/strong>verwendet werden, kann aber auch mit einem&nbsp;<strong>Netzkabel&nbsp;<\/strong>verwendet werden. Die Batterie bietet nicht weniger als&nbsp;<strong>4 Stunden Spielzeit&nbsp;<\/strong>. Mit&nbsp;<strong>60 Watt Power&nbsp;<\/strong>haben Sie gen\u00fcgend Ton, um einer kleinen Party die erforderlichen Melodien zu bieten. Das&nbsp;<strong>Bedienfeld&nbsp;<\/strong>erleichtert es einfach, die Einstellungen zu \u00e4ndern.<\/p>\n<p><strong>Eigenschaften:<\/strong><\/p>\n<ul>\n<li>4 Stunden drahtloser Spielzeit<\/li>\n<li>auf Netzstrom und Batterie<\/li>\n<li>Holz Wohnraum kann mit Leder-Look-Finish verwendet werden<\/li>\n<li>gewebter Grillabdeckung f\u00fcr echte Retro-Look<\/li>\n<li>Bluetooth-Audio-Technologie<\/li>\n<li>Aux-Audioeingabe (3,5 mm)<\/li>\n<li>Einfacher Betrieb<\/li>\n<li>Aufladen mit USB-Kabel<\/li>\n<\/ul>\n<h3>Ein Augenf\u00e4nger im Innenraum<\/h3>\n<p>Ein wundersch\u00f6ner Bluetooth -Lautsprecher sollte in Ihrem Wohnzimmer nicht fehlen. Damit verwandeln Sie einen angenehmen Abend mit einem Knopfdruck in eine Hausparty. Dieser Sprecher bringt nicht nur die sch\u00f6nsten Beats hervor, sondern ist auch eine stilvolle Erg\u00e4nzung in Ihrem Innenraum. Dank des Retro -Looks verdient der Sprecher einen guten Platz in Ihrem Wohnzimmer. Das h\u00f6lzerne Peginable -Geh\u00e4use mit Leder -Look -Finish passt in jeden Innenraum.<\/p>\n<h3>perfekt f\u00fcr eine Party<\/h3>\n<p>Der Retro -Sprecher hat nicht weniger als 60 Watt. Damit verwandeln Sie jedes Abendessen in eine Tanzparty. Sie berechnen den Lautsprecher mit dem Netzkabel oder verwenden den Bluetooth -Lautsprecher f\u00fcr 4 Stunden Spielzeit drahtlos mit dem Akku. Das Baspoort auf der R\u00fcckseite des Ger\u00e4ts hilft, den Bass f\u00fcr ein nat\u00fcrliches Audio -Display zu verbessern.<\/p>\n<h3>Einfach zu verwenden<\/h3>\n<p>Mit den Schaltfl\u00e4chen auf dem Lautsprecher k\u00f6nnen Sie es ein-\/ausschalten, die Lautst\u00e4rke einstellen und die Zahlen steuern. Der drahtlose Lautsprecher kann auch \u00fcber Bluetooth betrieben werden. Schlie\u00dfen Sie Ihr Telefon einfach \u00fcber Bluetooth an und Sie sind bereit, Ihre Lieblings -Wiedergabelisten einzuschalten. M\u00f6chten Sie Ihren Akku sparen oder keine Bluetooth verwenden? Anschlie\u00dfend k\u00f6nnen Sie auch die Aux -Eingabe verwenden, um Ihr Telefon zu verkn\u00fcpfen. \u00dcber Aux k\u00f6nnen Sie den Lautsprecher auch mit Ihrem Fernseher verbinden, um das Volumen zu verst\u00e4rken. Dieser handliche Bluetooth -Lautsprecher sollte in Ihrem Innenraum nicht fehlen!<\/p>\n<p><strong>Inklusive:<\/strong><\/p>\n<ul>\n<li>Caliber HFG311BT<\/li>\n<li>USB-Ladekabel und Ladeger\u00e4t<\/li>\n<li>Aux 3,5-mm-Audiokabel<\/li>\n<\/ul>\n","protected":false},"featured_media":859197,"template":"","meta":{"_acf_changed":false,"site-sidebar-layout":"default","site-content-layout":"","ast-site-content-layout":"default","site-content-style":"default","site-sidebar-style":"default","ast-global-header-display":"","ast-banner-title-visibility":"","ast-main-header-display":"","ast-hfb-above-header-display":"","ast-hfb-below-header-display":"","ast-hfb-mobile-header-display":"","site-post-title":"","ast-breadcrumbs-content":"","ast-featured-img":"","footer-sml-layout":"","theme-transparent-header-meta":"","adv-header-id-meta":"","stick-header-meta":"","header-above-stick-meta":"","header-main-stick-meta":"","header-below-stick-meta":"","astra-migrate-meta-layouts":"default","ast-page-background-enabled":"default","ast-page-background-meta":{"desktop":{"background-color":"","background-image":"","background-repeat":"repeat","background-position":"center center","background-size":"auto","background-attachment":"scroll","background-type":"","background-media":"","overlay-type":"","overlay-color":"","overlay-opacity":"","overlay-gradient":""},"tablet":{"background-color":"","background-image":"","background-repeat":"repeat","background-position":"center center","background-size":"auto","background-attachment":"scroll","background-type":"","background-media":"","overlay-type":"","overlay-color":"","overlay-opacity":"","overlay-gradient":""},"mobile":{"background-color":"","background-image":"","background-repeat":"repeat","background-position":"center center","background-size":"auto","background-attachment":"scroll","background-type":"","background-media":"","overlay-type":"","overlay-color":"","overlay-opacity":"","overlay-gradient":""}},"ast-content-background-meta":{"desktop":{"background-color":"var(--ast-global-color-5)","background-image":"","background-repeat":"repeat","background-position":"center center","background-size":"auto","background-attachment":"scroll","background-type":"","background-media":"","overlay-type":"","overlay-color":"","overlay-opacity":"","overlay-gradient":""},"tablet":{"background-color":"var(--ast-global-color-5)","background-image":"","background-repeat":"repeat","background-position":"center center","background-size":"auto","background-attachment":"scroll","background-type":"","background-media":"","overlay-type":"","overlay-color":"","overlay-opacity":"","overlay-gradient":""},"mobile":{"background-color":"var(--ast-global-color-5)","background-image":"","background-repeat":"repeat","background-position":"center center","background-size":"auto","background-attachment":"scroll","background-type":"","background-media":"","overlay-type":"","overlay-color":"","overlay-opacity":"","overlay-gradient":""}}},"product_brand":[],"product_cat":[22956],"product_tag":[],"class_list":{"0":"post-500705","1":"product","2":"type-product","3":"status-publish","4":"has-post-thumbnail","6":"product_cat-keine-kategorie","7":"desktop-align-center","8":"tablet-align-center","9":"mobile-align-center","10":"ast-product-gallery-layout-horizontal","11":"ast-product-tabs-layout-horizontal","13":"first","14":"instock","15":"taxable","16":"shipping-taxable","17":"purchasable","18":"product-type-simple"},"acf":[],"yoast_head":"<!-- This site is optimized with the Yoast SEO plugin v26.5 - https:\/\/yoast.com\/wordpress\/plugins\/seo\/ -->\n<title>Retro Morris Bluetooth -Lautsprecher - 4 Stunden drahtloses Spiel - Retro -Look - Aux - 60 Watt -Strom (HFG311BT) - Caliber Europe B.V.<\/title>\n<meta name=\"robots\" content=\"noindex, follow, max-snippet:-1, max-image-preview:large, max-video-preview:-1\" \/>\n<meta property=\"og:locale\" content=\"de_DE\" \/>\n<meta property=\"og:type\" content=\"article\" \/>\n<meta property=\"og:title\" content=\"Retro Morris Bluetooth -Lautsprecher - 4 Stunden drahtloses Spiel - Retro -Look - Aux - 60 Watt -Strom (HFG311BT) - Caliber Europe B.V.\" \/>\n<meta property=\"og:description\" content=\"Spielen Sie Ihre Lieblingslieder und geben Sie Ihrem Wohnzimmer einen tollen Look mit diesem Caliber HFG311BT-2 Bluetooth-Lautsprecher. Der Lautsprecher ist mit einem coolen&nbsp;Retro -Look&nbsp;ausgestattet, was ihn in jedem Innenraum zu einem echten Augenf\u00e4nger macht. Der Bluetooth -Lautsprecher kann&nbsp;Wireless&nbsp;\u00fcber die&nbsp;-Katterie&nbsp;verwendet werden, kann aber auch mit einem&nbsp;Netzkabel&nbsp;verwendet werden. Die Batterie bietet nicht weniger als&nbsp;4 Stunden Spielzeit&nbsp;. Mit&nbsp;60 Watt Power&nbsp;haben Sie gen\u00fcgend Ton, um einer kleinen Party die erforderlichen Melodien zu bieten. Das&nbsp;Bedienfeld&nbsp;erleichtert es einfach, die Einstellungen zu \u00e4ndern.Eigenschaften:4 Stunden drahtloser Spielzeitauf Netzstrom und BatterieHolz Wohnraum kann mit Leder-Look-Finish verwendet werdengewebter Grillabdeckung f\u00fcr echte Retro-LookBluetooth-Audio-TechnologieAux-Audioeingabe (3,5 mm)Einfacher BetriebAufladen mit USB-KabelEin Augenf\u00e4nger im InnenraumEin wundersch\u00f6ner Bluetooth -Lautsprecher sollte in Ihrem Wohnzimmer nicht fehlen. Damit verwandeln Sie einen angenehmen Abend mit einem Knopfdruck in eine Hausparty. Dieser Sprecher bringt nicht nur die sch\u00f6nsten Beats hervor, sondern ist auch eine stilvolle Erg\u00e4nzung in Ihrem Innenraum. Dank des Retro -Looks verdient der Sprecher einen guten Platz in Ihrem Wohnzimmer. Das h\u00f6lzerne Peginable -Geh\u00e4use mit Leder -Look -Finish passt in jeden Innenraum.perfekt f\u00fcr eine PartyDer Retro -Sprecher hat nicht weniger als 60 Watt. Damit verwandeln Sie jedes Abendessen in eine Tanzparty. Sie berechnen den Lautsprecher mit dem Netzkabel oder verwenden den Bluetooth -Lautsprecher f\u00fcr 4 Stunden Spielzeit drahtlos mit dem Akku. Das Baspoort auf der R\u00fcckseite des Ger\u00e4ts hilft, den Bass f\u00fcr ein nat\u00fcrliches Audio -Display zu verbessern.Einfach zu verwendenMit den Schaltfl\u00e4chen auf dem Lautsprecher k\u00f6nnen Sie es ein-\/ausschalten, die Lautst\u00e4rke einstellen und die Zahlen steuern. Der drahtlose Lautsprecher kann auch \u00fcber Bluetooth betrieben werden. Schlie\u00dfen Sie Ihr Telefon einfach \u00fcber Bluetooth an und Sie sind bereit, Ihre Lieblings -Wiedergabelisten einzuschalten. M\u00f6chten Sie Ihren Akku sparen oder keine Bluetooth verwenden? Anschlie\u00dfend k\u00f6nnen Sie auch die Aux -Eingabe verwenden, um Ihr Telefon zu verkn\u00fcpfen. \u00dcber Aux k\u00f6nnen Sie den Lautsprecher auch mit Ihrem Fernseher verbinden, um das Volumen zu verst\u00e4rken. Dieser handliche Bluetooth -Lautsprecher sollte in Ihrem Innenraum nicht fehlen!Inklusive:Caliber HFG311BTUSB-Ladekabel und Ladeger\u00e4tAux 3,5-mm-Audiokabel\" \/>\n<meta property=\"og:url\" content=\"https:\/\/b2b.calibereurope.com\/de\/produkt\/hfg311bt-de_de\/\" \/>\n<meta property=\"og:site_name\" content=\"Caliber Europe B.V.\" \/>\n<meta property=\"article:modified_time\" content=\"2025-10-07T10:15:04+00:00\" \/>\n<meta property=\"og:image\" content=\"https:\/\/b2b.calibereurope.com\/wp-content\/uploads\/2021\/09\/15b094cffdb1abc59e7c14f895d95261843f9313_HFG311BT_web.jpg\" \/>\n\t<meta property=\"og:image:width\" content=\"1024\" \/>\n\t<meta property=\"og:image:height\" content=\"768\" \/>\n\t<meta property=\"og:image:type\" content=\"image\/jpeg\" \/>\n<meta name=\"twitter:card\" content=\"summary_large_image\" \/>\n<meta name=\"twitter:label1\" content=\"Gesch\u00e4tzte Lesezeit\" \/>\n\t<meta name=\"twitter:data1\" content=\"2\u00a0Minuten\" \/>\n<script type=\"application\/ld+json\" class=\"yoast-schema-graph\">{\"@context\":\"https:\/\/schema.org\",\"@graph\":[{\"@type\":\"WebPage\",\"@id\":\"https:\/\/b2b.calibereurope.com\/de\/produkt\/hfg311bt-de_de\/\",\"url\":\"https:\/\/b2b.calibereurope.com\/de\/produkt\/hfg311bt-de_de\/\",\"name\":\"Retro Morris Bluetooth -Lautsprecher - 4 Stunden drahtloses Spiel - Retro -Look - Aux - 60 Watt -Strom (HFG311BT) - Caliber Europe B.V.\",\"isPartOf\":{\"@id\":\"https:\/\/b2b.calibereurope.com\/#website\"},\"primaryImageOfPage\":{\"@id\":\"https:\/\/b2b.calibereurope.com\/de\/produkt\/hfg311bt-de_de\/#primaryimage\"},\"image\":{\"@id\":\"https:\/\/b2b.calibereurope.com\/de\/produkt\/hfg311bt-de_de\/#primaryimage\"},\"thumbnailUrl\":\"https:\/\/b2b.calibereurope.com\/wp-content\/uploads\/2025\/10\/15b094cffdb1abc59e7c14f895d95261843f9313_HFG311BT_web.jpg\",\"datePublished\":\"2025-10-07T00:00:00+00:00\",\"dateModified\":\"2025-10-07T10:15:04+00:00\",\"breadcrumb\":{\"@id\":\"https:\/\/b2b.calibereurope.com\/de\/produkt\/hfg311bt-de_de\/#breadcrumb\"},\"inLanguage\":\"de\",\"potentialAction\":[{\"@type\":\"ReadAction\",\"target\":[\"https:\/\/b2b.calibereurope.com\/de\/produkt\/hfg311bt-de_de\/\"]}]},{\"@type\":\"ImageObject\",\"inLanguage\":\"de\",\"@id\":\"https:\/\/b2b.calibereurope.com\/de\/produkt\/hfg311bt-de_de\/#primaryimage\",\"url\":\"https:\/\/b2b.calibereurope.com\/wp-content\/uploads\/2025\/10\/15b094cffdb1abc59e7c14f895d95261843f9313_HFG311BT_web.jpg\",\"contentUrl\":\"https:\/\/b2b.calibereurope.com\/wp-content\/uploads\/2025\/10\/15b094cffdb1abc59e7c14f895d95261843f9313_HFG311BT_web.jpg\",\"width\":1024,\"height\":768},{\"@type\":\"BreadcrumbList\",\"@id\":\"https:\/\/b2b.calibereurope.com\/de\/produkt\/hfg311bt-de_de\/#breadcrumb\",\"itemListElement\":[{\"@type\":\"ListItem\",\"position\":1,\"name\":\"Home\",\"item\":\"https:\/\/b2b.calibereurope.com\/de\/\"},{\"@type\":\"ListItem\",\"position\":2,\"name\":\"Shop\",\"item\":\"https:\/\/b2b.calibereurope.com\/de\/shop\/\"},{\"@type\":\"ListItem\",\"position\":3,\"name\":\"Bluetooth-Lautsprecher &#8211; Retro Braun (HFG311BT)\"}]},{\"@type\":\"WebSite\",\"@id\":\"https:\/\/b2b.calibereurope.com\/#website\",\"url\":\"https:\/\/b2b.calibereurope.com\/\",\"name\":\"Caliber Europe B.V.\",\"description\":\"B2B Webshop\",\"publisher\":{\"@id\":\"https:\/\/b2b.calibereurope.com\/#organization\"},\"potentialAction\":[{\"@type\":\"SearchAction\",\"target\":{\"@type\":\"EntryPoint\",\"urlTemplate\":\"https:\/\/b2b.calibereurope.com\/?s={search_term_string}\"},\"query-input\":{\"@type\":\"PropertyValueSpecification\",\"valueRequired\":true,\"valueName\":\"search_term_string\"}}],\"inLanguage\":\"de\"},{\"@type\":\"Organization\",\"@id\":\"https:\/\/b2b.calibereurope.com\/#organization\",\"name\":\"Caliber Europe B.V.\",\"url\":\"https:\/\/b2b.calibereurope.com\/\",\"logo\":{\"@type\":\"ImageObject\",\"inLanguage\":\"de\",\"@id\":\"https:\/\/b2b.calibereurope.com\/#\/schema\/logo\/image\/\",\"url\":\"https:\/\/b2b.calibereurope.com\/wp-content\/uploads\/2020\/12\/Caliber_Logo-Black.png\",\"contentUrl\":\"https:\/\/b2b.calibereurope.com\/wp-content\/uploads\/2020\/12\/Caliber_Logo-Black.png\",\"width\":3157,\"height\":356,\"caption\":\"Caliber Europe B.V.\"},\"image\":{\"@id\":\"https:\/\/b2b.calibereurope.com\/#\/schema\/logo\/image\/\"}}]}<\/script>\n<!-- \/ Yoast SEO plugin. -->","yoast_head_json":{"title":"Retro Morris Bluetooth -Lautsprecher - 4 Stunden drahtloses Spiel - Retro -Look - Aux - 60 Watt -Strom (HFG311BT) - Caliber Europe B.V.","robots":{"index":"noindex","follow":"follow","max-snippet":"max-snippet:-1","max-image-preview":"max-image-preview:large","max-video-preview":"max-video-preview:-1"},"og_locale":"de_DE","og_type":"article","og_title":"Retro Morris Bluetooth -Lautsprecher - 4 Stunden drahtloses Spiel - Retro -Look - Aux - 60 Watt -Strom (HFG311BT) - Caliber Europe B.V.","og_description":"Spielen Sie Ihre Lieblingslieder und geben Sie Ihrem Wohnzimmer einen tollen Look mit diesem Caliber HFG311BT-2 Bluetooth-Lautsprecher. Der Lautsprecher ist mit einem coolen&nbsp;Retro -Look&nbsp;ausgestattet, was ihn in jedem Innenraum zu einem echten Augenf\u00e4nger macht. Der Bluetooth -Lautsprecher kann&nbsp;Wireless&nbsp;\u00fcber die&nbsp;-Katterie&nbsp;verwendet werden, kann aber auch mit einem&nbsp;Netzkabel&nbsp;verwendet werden. Die Batterie bietet nicht weniger als&nbsp;4 Stunden Spielzeit&nbsp;. Mit&nbsp;60 Watt Power&nbsp;haben Sie gen\u00fcgend Ton, um einer kleinen Party die erforderlichen Melodien zu bieten. Das&nbsp;Bedienfeld&nbsp;erleichtert es einfach, die Einstellungen zu \u00e4ndern.Eigenschaften:4 Stunden drahtloser Spielzeitauf Netzstrom und BatterieHolz Wohnraum kann mit Leder-Look-Finish verwendet werdengewebter Grillabdeckung f\u00fcr echte Retro-LookBluetooth-Audio-TechnologieAux-Audioeingabe (3,5 mm)Einfacher BetriebAufladen mit USB-KabelEin Augenf\u00e4nger im InnenraumEin wundersch\u00f6ner Bluetooth -Lautsprecher sollte in Ihrem Wohnzimmer nicht fehlen. Damit verwandeln Sie einen angenehmen Abend mit einem Knopfdruck in eine Hausparty. Dieser Sprecher bringt nicht nur die sch\u00f6nsten Beats hervor, sondern ist auch eine stilvolle Erg\u00e4nzung in Ihrem Innenraum. Dank des Retro -Looks verdient der Sprecher einen guten Platz in Ihrem Wohnzimmer. Das h\u00f6lzerne Peginable -Geh\u00e4use mit Leder -Look -Finish passt in jeden Innenraum.perfekt f\u00fcr eine PartyDer Retro -Sprecher hat nicht weniger als 60 Watt. Damit verwandeln Sie jedes Abendessen in eine Tanzparty. Sie berechnen den Lautsprecher mit dem Netzkabel oder verwenden den Bluetooth -Lautsprecher f\u00fcr 4 Stunden Spielzeit drahtlos mit dem Akku. Das Baspoort auf der R\u00fcckseite des Ger\u00e4ts hilft, den Bass f\u00fcr ein nat\u00fcrliches Audio -Display zu verbessern.Einfach zu verwendenMit den Schaltfl\u00e4chen auf dem Lautsprecher k\u00f6nnen Sie es ein-\/ausschalten, die Lautst\u00e4rke einstellen und die Zahlen steuern. Der drahtlose Lautsprecher kann auch \u00fcber Bluetooth betrieben werden. Schlie\u00dfen Sie Ihr Telefon einfach \u00fcber Bluetooth an und Sie sind bereit, Ihre Lieblings -Wiedergabelisten einzuschalten. M\u00f6chten Sie Ihren Akku sparen oder keine Bluetooth verwenden? Anschlie\u00dfend k\u00f6nnen Sie auch die Aux -Eingabe verwenden, um Ihr Telefon zu verkn\u00fcpfen. \u00dcber Aux k\u00f6nnen Sie den Lautsprecher auch mit Ihrem Fernseher verbinden, um das Volumen zu verst\u00e4rken. Dieser handliche Bluetooth -Lautsprecher sollte in Ihrem Innenraum nicht fehlen!Inklusive:Caliber HFG311BTUSB-Ladekabel und Ladeger\u00e4tAux 3,5-mm-Audiokabel","og_url":"https:\/\/b2b.calibereurope.com\/de\/produkt\/hfg311bt-de_de\/","og_site_name":"Caliber Europe B.V.","article_modified_time":"2025-10-07T10:15:04+00:00","og_image":[{"width":1024,"height":768,"url":"https:\/\/b2b.calibereurope.com\/wp-content\/uploads\/2021\/09\/15b094cffdb1abc59e7c14f895d95261843f9313_HFG311BT_web.jpg","type":"image\/jpeg"}],"twitter_card":"summary_large_image","twitter_misc":{"Gesch\u00e4tzte Lesezeit":"2\u00a0Minuten"},"schema":{"@context":"https:\/\/schema.org","@graph":[{"@type":"WebPage","@id":"https:\/\/b2b.calibereurope.com\/de\/produkt\/hfg311bt-de_de\/","url":"https:\/\/b2b.calibereurope.com\/de\/produkt\/hfg311bt-de_de\/","name":"Retro Morris Bluetooth -Lautsprecher - 4 Stunden drahtloses Spiel - Retro -Look - Aux - 60 Watt -Strom (HFG311BT) - Caliber Europe B.V.","isPartOf":{"@id":"https:\/\/b2b.calibereurope.com\/#website"},"primaryImageOfPage":{"@id":"https:\/\/b2b.calibereurope.com\/de\/produkt\/hfg311bt-de_de\/#primaryimage"},"image":{"@id":"https:\/\/b2b.calibereurope.com\/de\/produkt\/hfg311bt-de_de\/#primaryimage"},"thumbnailUrl":"https:\/\/b2b.calibereurope.com\/wp-content\/uploads\/2025\/10\/15b094cffdb1abc59e7c14f895d95261843f9313_HFG311BT_web.jpg","datePublished":"2025-10-07T00:00:00+00:00","dateModified":"2025-10-07T10:15:04+00:00","breadcrumb":{"@id":"https:\/\/b2b.calibereurope.com\/de\/produkt\/hfg311bt-de_de\/#breadcrumb"},"inLanguage":"de","potentialAction":[{"@type":"ReadAction","target":["https:\/\/b2b.calibereurope.com\/de\/produkt\/hfg311bt-de_de\/"]}]},{"@type":"ImageObject","inLanguage":"de","@id":"https:\/\/b2b.calibereurope.com\/de\/produkt\/hfg311bt-de_de\/#primaryimage","url":"https:\/\/b2b.calibereurope.com\/wp-content\/uploads\/2025\/10\/15b094cffdb1abc59e7c14f895d95261843f9313_HFG311BT_web.jpg","contentUrl":"https:\/\/b2b.calibereurope.com\/wp-content\/uploads\/2025\/10\/15b094cffdb1abc59e7c14f895d95261843f9313_HFG311BT_web.jpg","width":1024,"height":768},{"@type":"BreadcrumbList","@id":"https:\/\/b2b.calibereurope.com\/de\/produkt\/hfg311bt-de_de\/#breadcrumb","itemListElement":[{"@type":"ListItem","position":1,"name":"Home","item":"https:\/\/b2b.calibereurope.com\/de\/"},{"@type":"ListItem","position":2,"name":"Shop","item":"https:\/\/b2b.calibereurope.com\/de\/shop\/"},{"@type":"ListItem","position":3,"name":"Bluetooth-Lautsprecher &#8211; Retro Braun (HFG311BT)"}]},{"@type":"WebSite","@id":"https:\/\/b2b.calibereurope.com\/#website","url":"https:\/\/b2b.calibereurope.com\/","name":"Caliber Europe B.V.","description":"B2B Webshop","publisher":{"@id":"https:\/\/b2b.calibereurope.com\/#organization"},"potentialAction":[{"@type":"SearchAction","target":{"@type":"EntryPoint","urlTemplate":"https:\/\/b2b.calibereurope.com\/?s={search_term_string}"},"query-input":{"@type":"PropertyValueSpecification","valueRequired":true,"valueName":"search_term_string"}}],"inLanguage":"de"},{"@type":"Organization","@id":"https:\/\/b2b.calibereurope.com\/#organization","name":"Caliber Europe B.V.","url":"https:\/\/b2b.calibereurope.com\/","logo":{"@type":"ImageObject","inLanguage":"de","@id":"https:\/\/b2b.calibereurope.com\/#\/schema\/logo\/image\/","url":"https:\/\/b2b.calibereurope.com\/wp-content\/uploads\/2020\/12\/Caliber_Logo-Black.png","contentUrl":"https:\/\/b2b.calibereurope.com\/wp-content\/uploads\/2020\/12\/Caliber_Logo-Black.png","width":3157,"height":356,"caption":"Caliber Europe B.V."},"image":{"@id":"https:\/\/b2b.calibereurope.com\/#\/schema\/logo\/image\/"}}]}},"_links":{"self":[{"href":"https:\/\/b2b.calibereurope.com\/de\/wp-json\/wp\/v2\/product\/500705","targetHints":{"allow":["GET"]}}],"collection":[{"href":"https:\/\/b2b.calibereurope.com\/de\/wp-json\/wp\/v2\/product"}],"about":[{"href":"https:\/\/b2b.calibereurope.com\/de\/wp-json\/wp\/v2\/types\/product"}],"version-history":[{"count":0,"href":"https:\/\/b2b.calibereurope.com\/de\/wp-json\/wp\/v2\/product\/500705\/revisions"}],"wp:featuredmedia":[{"embeddable":true,"href":"https:\/\/b2b.calibereurope.com\/de\/wp-json\/wp\/v2\/media\/859197"}],"wp:attachment":[{"href":"https:\/\/b2b.calibereurope.com\/de\/wp-json\/wp\/v2\/media?parent=500705"}],"wp:term":[{"taxonomy":"product_brand","embeddable":true,"href":"https:\/\/b2b.calibereurope.com\/de\/wp-json\/wp\/v2\/product_brand?post=500705"},{"taxonomy":"product_cat","embeddable":true,"href":"https:\/\/b2b.calibereurope.com\/de\/wp-json\/wp\/v2\/product_cat?post=500705"},{"taxonomy":"product_tag","embeddable":true,"href":"https:\/\/b2b.calibereurope.com\/de\/wp-json\/wp\/v2\/product_tag?post=500705"}],"curies":[{"name":"wp","href":"https:\/\/api.w.org\/{rel}","templated":true}]}}