{"id":501497,"date":"2024-05-13T02:00:00","date_gmt":"2024-05-13T00:00:00","guid":{"rendered":""},"modified":"2024-05-13T08:51:33","modified_gmt":"2024-05-13T06:51:33","slug":"CNC16-de_DE","status":"publish","type":"product","link":"https:\/\/b2b.calibereurope.com\/de\/produkt\/CNC16-de_DE\/","title":{"rendered":"Tablet-Halter f\u00fcr 9,5 bis 14,5 Zoll &#8211; Auto-Kopfst\u00fctze und Armaturenbrett &#8211; Schreibtisch &#8211; drehbar (CNC16)"},"content":{"rendered":"<p>Benutzen Sie Ihr Tablet, ohne es halten zu m\u00fcssen, dank dieses Caliber CNC16 Tablet-Halters. Der iPad-Halter ist f\u00fcr die <strong>Kopfst\u00fctze eines Autos <\/strong>geeignet, wo Sie ihn mit der <strong>mitgelieferten Halterung <\/strong>befestigen. Dank des <strong>starken Saugnapfes <\/strong>k\u00f6nnen Sie den Universal-Tablet-Halter auch auf glatten Oberfl\u00e4chen verwenden. H\u00e4ngen Sie den Tablet-Halter an das Armaturenbrett oder die K\u00fcchenwand, aber Sie k\u00f6nnen ihn auch ganz einfach auf den Rand der Badewanne oder auf Ihren Schreibtisch stellen. Der Tablet-Halter ist <strong>f\u00fcr Tablets von 9,5&#8243; bis 14,5&#8243; <\/strong>geeignet und <strong>l\u00e4sst sich um 360 Grad drehen<\/strong>.<\/p>\n<p><\/p>\n<p><strong>Merkmale:<\/strong><\/p>\n<ul>\n<li>F\u00fcr Kopfst\u00fctzen und glatte Oberfl\u00e4chen<\/li>\n<li>Extrastarker Saugnapf<\/li>\n<li>Schreibtischst\u00e4nder<\/li>\n<li>360 Grad drehbarer Halter<\/li>\n<li>Universal<\/li>\n<li>F\u00fcr 9,5&#8243; bis 14,5&#8243; Tablets<\/li>\n<li>F\u00fcr Tabletten mit einer Breite von bis zu 40,5 cm<\/li>\n<\/ul>\n<h3>An der Wand oder am Spiegel<\/h3>\n<p>Dank des mitgelieferten starken Saugnapfes k\u00f6nnen Sie Ihr Tablet problemlos an glatten Oberfl\u00e4chen aufh\u00e4ngen. Verwenden Sie die Halterung, um Ihr Tablet an Ihren Spiegel zu h\u00e4ngen und endlose Make-up-Tutorials zu verfolgen. Oder sehen Sie sich Ihre Lieblingsserie in der Badewanne an, w\u00e4hrend Ihr Tablet an der Badezimmerwand h\u00e4ngt. Verfolgen Sie gerne Online-Kochkurse? Verwenden Sie dann den Tablet-Halter, um ihn mit einem Saugnapf \u00fcber der K\u00fcchentheke aufzuh\u00e4ngen. Auf diese Weise m\u00fcssen Sie das Tablet nicht mit Ihren schmutzigen Fingern bewegen und k\u00f6nnen au\u00dferdem problemlos auf den Bildschirm schauen. Mit dem Saugnapf k\u00f6nnen Sie den Tablet-St\u00e4nder auch an der Windschutzscheibe Ihres Autos befestigen und als Schreibtischst\u00e4nder abstellen.<\/p>\n<h3>Stundenlanges Sehvergn\u00fcgen im Auto<\/h3>\n<p>Haben Sie alle Ihre Lieblingsepisoden und -filme von Netflix heruntergeladen? Dann sind Sie bereit f\u00fcr die lange Autofahrt zu Ihrem Urlaubsziel. Befestigen Sie den Tablet-Halter an der Kopfst\u00fctze eines der Vordersitze und Sie k\u00f6nnen immer in angenehmer H\u00f6he schauen. Und dank der iPad-Halterung m\u00fcssen Sie Ihr Tablet nicht selbst im Auto halten. So haben Sie die H\u00e4nde frei, um etwas zu essen oder zu trinken oder einfach nur um eine angenehme Position einzunehmen. Sie k\u00f6nnen den Tablet-Halter auch verwenden, um das Ger\u00e4t am Armaturenbrett Ihres Autos zu befestigen, wenn Sie Ihr Tablet z.B. f\u00fcr die Navigation unterwegs verwenden.<\/p>\n<h3>F\u00fcr verschiedene Tabletten<\/h3>\n<p>Der Tablet-Halter ist f\u00fcr verschiedene Gr\u00f6\u00dfen von Tablets mit einer Breite von bis zu 40,5 cm geeignet. Besitzen Sie ein Tablet mit einem Bildschirm zwischen 9,5&#8243; und 14,5&#8243;? Dann passt es in den iPad-Halter f\u00fcr die Kopfst\u00fctze im Auto, an die Wand oder auf den Tisch. Der Tablet-Halter kann um nicht weniger als 360 Grad gedreht werden, sodass er immer in die richtige Position gebracht werden kann.<\/p>\n<p><strong><br \/>&nbsp;Mitgeliefert:<\/strong><\/p>\n<ul>\n<li>Caliber CNC16 Tablet-Halter<\/li>\n<li>Halterung Kopfst\u00fctze<\/li>\n<li>Halterung mit Saugnapf<\/li>\n<\/ul>\n","protected":false},"excerpt":{"rendered":"<p>Benutzen Sie Ihr Tablet, ohne es halten zu m\u00fcssen, dank dieses Caliber CNC16 Tablet-Halters. Der iPad-Halter ist f\u00fcr die Kopfst\u00fctze eines Autos geeignet, wo Sie ihn mit der mitgelieferten Halterung befestigen. Dank des starken Saugnapfes k\u00f6nnen Sie den Universal-Tablet-Halter auch auf glatten Oberfl\u00e4chen verwenden. H\u00e4ngen Sie den Tablet-Halter an das Armaturenbrett oder die K\u00fcchenwand, aber [&hellip;]<\/p>\n","protected":false},"featured_media":844330,"template":"","meta":{"_acf_changed":false,"site-sidebar-layout":"default","site-content-layout":"","ast-site-content-layout":"default","site-content-style":"default","site-sidebar-style":"default","ast-global-header-display":"","ast-banner-title-visibility":"","ast-main-header-display":"","ast-hfb-above-header-display":"","ast-hfb-below-header-display":"","ast-hfb-mobile-header-display":"","site-post-title":"","ast-breadcrumbs-content":"","ast-featured-img":"","footer-sml-layout":"","theme-transparent-header-meta":"","adv-header-id-meta":"","stick-header-meta":"","header-above-stick-meta":"","header-main-stick-meta":"","header-below-stick-meta":"","astra-migrate-meta-layouts":"default","ast-page-background-enabled":"default","ast-page-background-meta":{"desktop":{"background-color":"","background-image":"","background-repeat":"repeat","background-position":"center center","background-size":"auto","background-attachment":"scroll","background-type":"","background-media":"","overlay-type":"","overlay-color":"","overlay-opacity":"","overlay-gradient":""},"tablet":{"background-color":"","background-image":"","background-repeat":"repeat","background-position":"center center","background-size":"auto","background-attachment":"scroll","background-type":"","background-media":"","overlay-type":"","overlay-color":"","overlay-opacity":"","overlay-gradient":""},"mobile":{"background-color":"","background-image":"","background-repeat":"repeat","background-position":"center center","background-size":"auto","background-attachment":"scroll","background-type":"","background-media":"","overlay-type":"","overlay-color":"","overlay-opacity":"","overlay-gradient":""}},"ast-content-background-meta":{"desktop":{"background-color":"var(--ast-global-color-5)","background-image":"","background-repeat":"repeat","background-position":"center center","background-size":"auto","background-attachment":"scroll","background-type":"","background-media":"","overlay-type":"","overlay-color":"","overlay-opacity":"","overlay-gradient":""},"tablet":{"background-color":"var(--ast-global-color-5)","background-image":"","background-repeat":"repeat","background-position":"center center","background-size":"auto","background-attachment":"scroll","background-type":"","background-media":"","overlay-type":"","overlay-color":"","overlay-opacity":"","overlay-gradient":""},"mobile":{"background-color":"var(--ast-global-color-5)","background-image":"","background-repeat":"repeat","background-position":"center center","background-size":"auto","background-attachment":"scroll","background-type":"","background-media":"","overlay-type":"","overlay-color":"","overlay-opacity":"","overlay-gradient":""}}},"product_brand":[],"product_cat":[22956],"product_tag":[],"class_list":{"0":"post-501497","1":"product","2":"type-product","3":"status-publish","4":"has-post-thumbnail","6":"product_cat-keine-kategorie","7":"desktop-align-center","8":"tablet-align-center","9":"mobile-align-center","10":"ast-product-gallery-layout-horizontal","11":"ast-product-tabs-layout-horizontal","13":"first","14":"outofstock","15":"taxable","16":"shipping-taxable","17":"purchasable","18":"product-type-simple"},"acf":[],"yoast_head":"<!-- This site is optimized with the Yoast SEO plugin v26.5 - https:\/\/yoast.com\/wordpress\/plugins\/seo\/ -->\n<title>Tablet-Halter f\u00fcr 9,5 bis 14,5 Zoll - Auto-Kopfst\u00fctze und Armaturenbrett - Schreibtisch - drehbar (CNC16) - Caliber Europe B.V.<\/title>\n<meta name=\"robots\" content=\"noindex, follow, max-snippet:-1, max-image-preview:large, max-video-preview:-1\" \/>\n<meta property=\"og:locale\" content=\"de_DE\" \/>\n<meta property=\"og:type\" content=\"article\" \/>\n<meta property=\"og:title\" content=\"Tablet-Halter f\u00fcr 9,5 bis 14,5 Zoll - Auto-Kopfst\u00fctze und Armaturenbrett - Schreibtisch - drehbar (CNC16) - Caliber Europe B.V.\" \/>\n<meta property=\"og:description\" content=\"Benutzen Sie Ihr Tablet, ohne es halten zu m\u00fcssen, dank dieses Caliber CNC16 Tablet-Halters. Der iPad-Halter ist f\u00fcr die Kopfst\u00fctze eines Autos geeignet, wo Sie ihn mit der mitgelieferten Halterung befestigen. Dank des starken Saugnapfes k\u00f6nnen Sie den Universal-Tablet-Halter auch auf glatten Oberfl\u00e4chen verwenden. H\u00e4ngen Sie den Tablet-Halter an das Armaturenbrett oder die K\u00fcchenwand, aber [&hellip;]\" \/>\n<meta property=\"og:url\" content=\"https:\/\/b2b.calibereurope.com\/de\/produkt\/cnc16-de_de\/\" \/>\n<meta property=\"og:site_name\" content=\"Caliber Europe B.V.\" \/>\n<meta property=\"article:modified_time\" content=\"2024-05-13T06:51:33+00:00\" \/>\n<meta property=\"og:image\" content=\"https:\/\/b2b.calibereurope.com\/wp-content\/uploads\/2021\/09\/65291310bc1a8aeac6a5e7992c8305d7e4cd9359_CNC16_Suction_Tablet_2.jpg\" \/>\n\t<meta property=\"og:image:width\" content=\"1024\" \/>\n\t<meta property=\"og:image:height\" content=\"768\" \/>\n\t<meta property=\"og:image:type\" content=\"image\/jpeg\" \/>\n<meta name=\"twitter:card\" content=\"summary_large_image\" \/>\n<meta name=\"twitter:label1\" content=\"Gesch\u00e4tzte Lesezeit\" \/>\n\t<meta name=\"twitter:data1\" content=\"2\u00a0Minuten\" \/>\n<script type=\"application\/ld+json\" class=\"yoast-schema-graph\">{\"@context\":\"https:\/\/schema.org\",\"@graph\":[{\"@type\":\"WebPage\",\"@id\":\"https:\/\/b2b.calibereurope.com\/de\/produkt\/cnc16-de_de\/\",\"url\":\"https:\/\/b2b.calibereurope.com\/de\/produkt\/cnc16-de_de\/\",\"name\":\"Tablet-Halter f\u00fcr 9,5 bis 14,5 Zoll - Auto-Kopfst\u00fctze und Armaturenbrett - Schreibtisch - drehbar (CNC16) - Caliber Europe B.V.\",\"isPartOf\":{\"@id\":\"https:\/\/b2b.calibereurope.com\/#website\"},\"primaryImageOfPage\":{\"@id\":\"https:\/\/b2b.calibereurope.com\/de\/produkt\/cnc16-de_de\/#primaryimage\"},\"image\":{\"@id\":\"https:\/\/b2b.calibereurope.com\/de\/produkt\/cnc16-de_de\/#primaryimage\"},\"thumbnailUrl\":\"https:\/\/b2b.calibereurope.com\/wp-content\/uploads\/2024\/05\/65291310bc1a8aeac6a5e7992c8305d7e4cd9359_CNC16_Suction_Tablet_2.jpg\",\"datePublished\":\"2024-05-13T00:00:00+00:00\",\"dateModified\":\"2024-05-13T06:51:33+00:00\",\"breadcrumb\":{\"@id\":\"https:\/\/b2b.calibereurope.com\/de\/produkt\/cnc16-de_de\/#breadcrumb\"},\"inLanguage\":\"de\",\"potentialAction\":[{\"@type\":\"ReadAction\",\"target\":[\"https:\/\/b2b.calibereurope.com\/de\/produkt\/cnc16-de_de\/\"]}]},{\"@type\":\"ImageObject\",\"inLanguage\":\"de\",\"@id\":\"https:\/\/b2b.calibereurope.com\/de\/produkt\/cnc16-de_de\/#primaryimage\",\"url\":\"https:\/\/b2b.calibereurope.com\/wp-content\/uploads\/2024\/05\/65291310bc1a8aeac6a5e7992c8305d7e4cd9359_CNC16_Suction_Tablet_2.jpg\",\"contentUrl\":\"https:\/\/b2b.calibereurope.com\/wp-content\/uploads\/2024\/05\/65291310bc1a8aeac6a5e7992c8305d7e4cd9359_CNC16_Suction_Tablet_2.jpg\",\"width\":1024,\"height\":768},{\"@type\":\"BreadcrumbList\",\"@id\":\"https:\/\/b2b.calibereurope.com\/de\/produkt\/cnc16-de_de\/#breadcrumb\",\"itemListElement\":[{\"@type\":\"ListItem\",\"position\":1,\"name\":\"Home\",\"item\":\"https:\/\/b2b.calibereurope.com\/de\/\"},{\"@type\":\"ListItem\",\"position\":2,\"name\":\"Shop\",\"item\":\"https:\/\/b2b.calibereurope.com\/de\/shop\/\"},{\"@type\":\"ListItem\",\"position\":3,\"name\":\"Universal-Tablettenhalterung f\u00fcr Auto und Haushalt &#8211; Schwarz (CNC16)\"}]},{\"@type\":\"WebSite\",\"@id\":\"https:\/\/b2b.calibereurope.com\/#website\",\"url\":\"https:\/\/b2b.calibereurope.com\/\",\"name\":\"Caliber Europe B.V.\",\"description\":\"B2B Webshop\",\"publisher\":{\"@id\":\"https:\/\/b2b.calibereurope.com\/#organization\"},\"potentialAction\":[{\"@type\":\"SearchAction\",\"target\":{\"@type\":\"EntryPoint\",\"urlTemplate\":\"https:\/\/b2b.calibereurope.com\/?s={search_term_string}\"},\"query-input\":{\"@type\":\"PropertyValueSpecification\",\"valueRequired\":true,\"valueName\":\"search_term_string\"}}],\"inLanguage\":\"de\"},{\"@type\":\"Organization\",\"@id\":\"https:\/\/b2b.calibereurope.com\/#organization\",\"name\":\"Caliber Europe B.V.\",\"url\":\"https:\/\/b2b.calibereurope.com\/\",\"logo\":{\"@type\":\"ImageObject\",\"inLanguage\":\"de\",\"@id\":\"https:\/\/b2b.calibereurope.com\/#\/schema\/logo\/image\/\",\"url\":\"https:\/\/b2b.calibereurope.com\/wp-content\/uploads\/2020\/12\/Caliber_Logo-Black.png\",\"contentUrl\":\"https:\/\/b2b.calibereurope.com\/wp-content\/uploads\/2020\/12\/Caliber_Logo-Black.png\",\"width\":3157,\"height\":356,\"caption\":\"Caliber Europe B.V.\"},\"image\":{\"@id\":\"https:\/\/b2b.calibereurope.com\/#\/schema\/logo\/image\/\"}}]}<\/script>\n<!-- \/ Yoast SEO plugin. -->","yoast_head_json":{"title":"Tablet-Halter f\u00fcr 9,5 bis 14,5 Zoll - Auto-Kopfst\u00fctze und Armaturenbrett - Schreibtisch - drehbar (CNC16) - Caliber Europe B.V.","robots":{"index":"noindex","follow":"follow","max-snippet":"max-snippet:-1","max-image-preview":"max-image-preview:large","max-video-preview":"max-video-preview:-1"},"og_locale":"de_DE","og_type":"article","og_title":"Tablet-Halter f\u00fcr 9,5 bis 14,5 Zoll - Auto-Kopfst\u00fctze und Armaturenbrett - Schreibtisch - drehbar (CNC16) - Caliber Europe B.V.","og_description":"Benutzen Sie Ihr Tablet, ohne es halten zu m\u00fcssen, dank dieses Caliber CNC16 Tablet-Halters. Der iPad-Halter ist f\u00fcr die Kopfst\u00fctze eines Autos geeignet, wo Sie ihn mit der mitgelieferten Halterung befestigen. Dank des starken Saugnapfes k\u00f6nnen Sie den Universal-Tablet-Halter auch auf glatten Oberfl\u00e4chen verwenden. H\u00e4ngen Sie den Tablet-Halter an das Armaturenbrett oder die K\u00fcchenwand, aber [&hellip;]","og_url":"https:\/\/b2b.calibereurope.com\/de\/produkt\/cnc16-de_de\/","og_site_name":"Caliber Europe B.V.","article_modified_time":"2024-05-13T06:51:33+00:00","og_image":[{"width":1024,"height":768,"url":"https:\/\/b2b.calibereurope.com\/wp-content\/uploads\/2021\/09\/65291310bc1a8aeac6a5e7992c8305d7e4cd9359_CNC16_Suction_Tablet_2.jpg","type":"image\/jpeg"}],"twitter_card":"summary_large_image","twitter_misc":{"Gesch\u00e4tzte Lesezeit":"2\u00a0Minuten"},"schema":{"@context":"https:\/\/schema.org","@graph":[{"@type":"WebPage","@id":"https:\/\/b2b.calibereurope.com\/de\/produkt\/cnc16-de_de\/","url":"https:\/\/b2b.calibereurope.com\/de\/produkt\/cnc16-de_de\/","name":"Tablet-Halter f\u00fcr 9,5 bis 14,5 Zoll - Auto-Kopfst\u00fctze und Armaturenbrett - Schreibtisch - drehbar (CNC16) - Caliber Europe B.V.","isPartOf":{"@id":"https:\/\/b2b.calibereurope.com\/#website"},"primaryImageOfPage":{"@id":"https:\/\/b2b.calibereurope.com\/de\/produkt\/cnc16-de_de\/#primaryimage"},"image":{"@id":"https:\/\/b2b.calibereurope.com\/de\/produkt\/cnc16-de_de\/#primaryimage"},"thumbnailUrl":"https:\/\/b2b.calibereurope.com\/wp-content\/uploads\/2024\/05\/65291310bc1a8aeac6a5e7992c8305d7e4cd9359_CNC16_Suction_Tablet_2.jpg","datePublished":"2024-05-13T00:00:00+00:00","dateModified":"2024-05-13T06:51:33+00:00","breadcrumb":{"@id":"https:\/\/b2b.calibereurope.com\/de\/produkt\/cnc16-de_de\/#breadcrumb"},"inLanguage":"de","potentialAction":[{"@type":"ReadAction","target":["https:\/\/b2b.calibereurope.com\/de\/produkt\/cnc16-de_de\/"]}]},{"@type":"ImageObject","inLanguage":"de","@id":"https:\/\/b2b.calibereurope.com\/de\/produkt\/cnc16-de_de\/#primaryimage","url":"https:\/\/b2b.calibereurope.com\/wp-content\/uploads\/2024\/05\/65291310bc1a8aeac6a5e7992c8305d7e4cd9359_CNC16_Suction_Tablet_2.jpg","contentUrl":"https:\/\/b2b.calibereurope.com\/wp-content\/uploads\/2024\/05\/65291310bc1a8aeac6a5e7992c8305d7e4cd9359_CNC16_Suction_Tablet_2.jpg","width":1024,"height":768},{"@type":"BreadcrumbList","@id":"https:\/\/b2b.calibereurope.com\/de\/produkt\/cnc16-de_de\/#breadcrumb","itemListElement":[{"@type":"ListItem","position":1,"name":"Home","item":"https:\/\/b2b.calibereurope.com\/de\/"},{"@type":"ListItem","position":2,"name":"Shop","item":"https:\/\/b2b.calibereurope.com\/de\/shop\/"},{"@type":"ListItem","position":3,"name":"Universal-Tablettenhalterung f\u00fcr Auto und Haushalt &#8211; Schwarz (CNC16)"}]},{"@type":"WebSite","@id":"https:\/\/b2b.calibereurope.com\/#website","url":"https:\/\/b2b.calibereurope.com\/","name":"Caliber Europe B.V.","description":"B2B Webshop","publisher":{"@id":"https:\/\/b2b.calibereurope.com\/#organization"},"potentialAction":[{"@type":"SearchAction","target":{"@type":"EntryPoint","urlTemplate":"https:\/\/b2b.calibereurope.com\/?s={search_term_string}"},"query-input":{"@type":"PropertyValueSpecification","valueRequired":true,"valueName":"search_term_string"}}],"inLanguage":"de"},{"@type":"Organization","@id":"https:\/\/b2b.calibereurope.com\/#organization","name":"Caliber Europe B.V.","url":"https:\/\/b2b.calibereurope.com\/","logo":{"@type":"ImageObject","inLanguage":"de","@id":"https:\/\/b2b.calibereurope.com\/#\/schema\/logo\/image\/","url":"https:\/\/b2b.calibereurope.com\/wp-content\/uploads\/2020\/12\/Caliber_Logo-Black.png","contentUrl":"https:\/\/b2b.calibereurope.com\/wp-content\/uploads\/2020\/12\/Caliber_Logo-Black.png","width":3157,"height":356,"caption":"Caliber Europe B.V."},"image":{"@id":"https:\/\/b2b.calibereurope.com\/#\/schema\/logo\/image\/"}}]}},"_links":{"self":[{"href":"https:\/\/b2b.calibereurope.com\/de\/wp-json\/wp\/v2\/product\/501497","targetHints":{"allow":["GET"]}}],"collection":[{"href":"https:\/\/b2b.calibereurope.com\/de\/wp-json\/wp\/v2\/product"}],"about":[{"href":"https:\/\/b2b.calibereurope.com\/de\/wp-json\/wp\/v2\/types\/product"}],"version-history":[{"count":0,"href":"https:\/\/b2b.calibereurope.com\/de\/wp-json\/wp\/v2\/product\/501497\/revisions"}],"wp:featuredmedia":[{"embeddable":true,"href":"https:\/\/b2b.calibereurope.com\/de\/wp-json\/wp\/v2\/media\/844330"}],"wp:attachment":[{"href":"https:\/\/b2b.calibereurope.com\/de\/wp-json\/wp\/v2\/media?parent=501497"}],"wp:term":[{"taxonomy":"product_brand","embeddable":true,"href":"https:\/\/b2b.calibereurope.com\/de\/wp-json\/wp\/v2\/product_brand?post=501497"},{"taxonomy":"product_cat","embeddable":true,"href":"https:\/\/b2b.calibereurope.com\/de\/wp-json\/wp\/v2\/product_cat?post=501497"},{"taxonomy":"product_tag","embeddable":true,"href":"https:\/\/b2b.calibereurope.com\/de\/wp-json\/wp\/v2\/product_tag?post=501497"}],"curies":[{"name":"wp","href":"https:\/\/api.w.org\/{rel}","templated":true}]}}