{"id":503697,"date":"2024-07-17T02:00:00","date_gmt":"2024-07-17T00:00:00","guid":{"rendered":""},"modified":"2024-12-26T19:01:36","modified_gmt":"2024-12-26T18:01:36","slug":"pmt801dab-bt-de_de","status":"publish","type":"product","link":"https:\/\/b2b.calibereurope.com\/de\/produkt\/pmt801dab-bt-de_de\/","title":{"rendered":"Fm-Sender mit DAB+ und Carkit &#8211; Schwarz (PMT801DAB-BT)"},"content":{"rendered":"<p>Mit dem Caliber PMT801DAB-BT k\u00f6nnen Sie im Auto Radio mit hoher Klangqualit\u00e4t h\u00f6ren. Oder Sie k\u00f6nnen Musik von Ihrem Smartphone \u00fcber Bluetooth streamen, wenn Sie ein Autoradio ohne Bluetooth haben. Dieser Sender \u00fcbertr\u00e4gt die Musik \u00fcber eine FM-Frequenz.<\/p>\n<p><strong>DAB+ Qualit\u00e4t<\/strong><br \/>DAB+ ergibt eine h\u00f6here Klangqualit\u00e4t als die \u00e4ltere FM. Dadurch haben Sie weniger L\u00e4rm und Sie h\u00f6ren die Details Ihrer Lieblingshits und Radiosendungen besser. Der PMT801DAB-BT verf\u00fcgt \u00fcber 60 Voreinstellungen, die Sie einfach speichern und ausw\u00e4hlen k\u00f6nnen. Der Sender sendet das Audiosignal \u00fcber eine FM-Frequenz oder \u00fcber ein 3,5-mm-Hilfskabel an Ihr Radio<\/p>\n<p><strong> Arbeitet problemlos mit Ihrem Smartphone<\/strong><br \/>Der PMT801DAB-BT fungiert als Bluetooth-Freisprecheinrichtung, so dass Sie \u00fcber die Lautsprecher im Auto telefonieren k\u00f6nnen. \u00dcber den USB-Eingang k\u00f6nnen Sie gleichzeitig Ihr Smartphone aufladen. Der Sender wird \u00fcber den 12-Volt-Zigarettenanz\u00fcnder in Ihrem Auto mit Strom versorgt. Mit dem Gummisaugnapf k\u00f6nnen Sie den PMT801DAB-BT \u00fcberall dort platzieren, wo Sie wollen, z.B. auf dem Armaturenbrett oder der Windschutzscheibe.<\/p>\n","protected":false},"excerpt":{"rendered":"<p>Mit dem Caliber PMT801DAB-BT k\u00f6nnen Sie im Auto Radio mit hoher Klangqualit\u00e4t h\u00f6ren. Oder Sie k\u00f6nnen Musik von Ihrem Smartphone \u00fcber Bluetooth streamen, wenn Sie ein Autoradio ohne Bluetooth haben. Dieser Sender \u00fcbertr\u00e4gt die Musik \u00fcber eine FM-Frequenz. DAB+ Qualit\u00e4tDAB+ ergibt eine h\u00f6here Klangqualit\u00e4t als die \u00e4ltere FM. Dadurch haben Sie weniger L\u00e4rm und Sie [&hellip;]<\/p>\n","protected":false},"featured_media":850565,"template":"","meta":{"_acf_changed":false,"site-sidebar-layout":"default","site-content-layout":"","ast-site-content-layout":"default","site-content-style":"default","site-sidebar-style":"default","ast-global-header-display":"","ast-banner-title-visibility":"","ast-main-header-display":"","ast-hfb-above-header-display":"","ast-hfb-below-header-display":"","ast-hfb-mobile-header-display":"","site-post-title":"","ast-breadcrumbs-content":"","ast-featured-img":"","footer-sml-layout":"","theme-transparent-header-meta":"","adv-header-id-meta":"","stick-header-meta":"","header-above-stick-meta":"","header-main-stick-meta":"","header-below-stick-meta":"","astra-migrate-meta-layouts":"default","ast-page-background-enabled":"default","ast-page-background-meta":{"desktop":{"background-color":"","background-image":"","background-repeat":"repeat","background-position":"center center","background-size":"auto","background-attachment":"scroll","background-type":"","background-media":"","overlay-type":"","overlay-color":"","overlay-opacity":"","overlay-gradient":""},"tablet":{"background-color":"","background-image":"","background-repeat":"repeat","background-position":"center center","background-size":"auto","background-attachment":"scroll","background-type":"","background-media":"","overlay-type":"","overlay-color":"","overlay-opacity":"","overlay-gradient":""},"mobile":{"background-color":"","background-image":"","background-repeat":"repeat","background-position":"center center","background-size":"auto","background-attachment":"scroll","background-type":"","background-media":"","overlay-type":"","overlay-color":"","overlay-opacity":"","overlay-gradient":""}},"ast-content-background-meta":{"desktop":{"background-color":"var(--ast-global-color-5)","background-image":"","background-repeat":"repeat","background-position":"center center","background-size":"auto","background-attachment":"scroll","background-type":"","background-media":"","overlay-type":"","overlay-color":"","overlay-opacity":"","overlay-gradient":""},"tablet":{"background-color":"var(--ast-global-color-5)","background-image":"","background-repeat":"repeat","background-position":"center center","background-size":"auto","background-attachment":"scroll","background-type":"","background-media":"","overlay-type":"","overlay-color":"","overlay-opacity":"","overlay-gradient":""},"mobile":{"background-color":"var(--ast-global-color-5)","background-image":"","background-repeat":"repeat","background-position":"center center","background-size":"auto","background-attachment":"scroll","background-type":"","background-media":"","overlay-type":"","overlay-color":"","overlay-opacity":"","overlay-gradient":""}}},"product_brand":[],"product_cat":[22956],"product_tag":[],"class_list":{"0":"post-503697","1":"product","2":"type-product","3":"status-publish","4":"has-post-thumbnail","6":"product_cat-keine-kategorie","7":"desktop-align-center","8":"tablet-align-center","9":"mobile-align-center","10":"ast-product-gallery-layout-horizontal","11":"ast-product-tabs-layout-horizontal","13":"first","14":"instock","15":"taxable","16":"shipping-taxable","17":"purchasable","18":"product-type-simple"},"acf":[],"yoast_head":"<!-- This site is optimized with the Yoast SEO plugin v26.5 - https:\/\/yoast.com\/wordpress\/plugins\/seo\/ -->\n<title>Fm-Sender mit DAB+ und Carkit - Schwarz (PMT801DAB-BT) - Caliber Europe B.V.<\/title>\n<meta name=\"robots\" content=\"noindex, follow, max-snippet:-1, max-image-preview:large, max-video-preview:-1\" \/>\n<meta property=\"og:locale\" content=\"de_DE\" \/>\n<meta property=\"og:type\" content=\"article\" \/>\n<meta property=\"og:title\" content=\"Fm-Sender mit DAB+ und Carkit - Schwarz (PMT801DAB-BT) - Caliber Europe B.V.\" \/>\n<meta property=\"og:description\" content=\"Mit dem Caliber PMT801DAB-BT k\u00f6nnen Sie im Auto Radio mit hoher Klangqualit\u00e4t h\u00f6ren. Oder Sie k\u00f6nnen Musik von Ihrem Smartphone \u00fcber Bluetooth streamen, wenn Sie ein Autoradio ohne Bluetooth haben. Dieser Sender \u00fcbertr\u00e4gt die Musik \u00fcber eine FM-Frequenz. DAB+ Qualit\u00e4tDAB+ ergibt eine h\u00f6here Klangqualit\u00e4t als die \u00e4ltere FM. Dadurch haben Sie weniger L\u00e4rm und Sie [&hellip;]\" \/>\n<meta property=\"og:url\" content=\"https:\/\/b2b.calibereurope.com\/de\/?post_type=product&amp;p=503697\" \/>\n<meta property=\"og:site_name\" content=\"Caliber Europe B.V.\" \/>\n<meta property=\"article:modified_time\" content=\"2024-12-26T18:01:36+00:00\" \/>\n<meta property=\"og:image\" content=\"https:\/\/b2b.calibereurope.com\/wp-content\/uploads\/2021\/11\/ff800a25b636565e6176b5f465ac027c4f817ebe_PMT801DAB_BT_web.jpg\" \/>\n\t<meta property=\"og:image:width\" content=\"1024\" \/>\n\t<meta property=\"og:image:height\" content=\"768\" \/>\n\t<meta property=\"og:image:type\" content=\"image\/jpeg\" \/>\n<meta name=\"twitter:card\" content=\"summary_large_image\" \/>\n<meta name=\"twitter:label1\" content=\"Gesch\u00e4tzte Lesezeit\" \/>\n\t<meta name=\"twitter:data1\" content=\"1\u00a0Minute\" \/>\n<script type=\"application\/ld+json\" class=\"yoast-schema-graph\">{\"@context\":\"https:\/\/schema.org\",\"@graph\":[{\"@type\":\"WebPage\",\"@id\":\"https:\/\/b2b.calibereurope.com\/de\/?post_type=product&p=503697\",\"url\":\"https:\/\/b2b.calibereurope.com\/de\/?post_type=product&p=503697\",\"name\":\"Fm-Sender mit DAB+ und Carkit - Schwarz (PMT801DAB-BT) - Caliber Europe B.V.\",\"isPartOf\":{\"@id\":\"https:\/\/b2b.calibereurope.com\/#website\"},\"primaryImageOfPage\":{\"@id\":\"https:\/\/b2b.calibereurope.com\/de\/?post_type=product&p=503697#primaryimage\"},\"image\":{\"@id\":\"https:\/\/b2b.calibereurope.com\/de\/?post_type=product&p=503697#primaryimage\"},\"thumbnailUrl\":\"https:\/\/b2b.calibereurope.com\/wp-content\/uploads\/2024\/07\/21ea811debcdec1acda820b379585c02ff7c7842_PMT801DAB_BT_hang_nieuwe_DAB_logo_zonder_BT_logo-scaled.jpg\",\"datePublished\":\"2024-07-17T00:00:00+00:00\",\"dateModified\":\"2024-12-26T18:01:36+00:00\",\"breadcrumb\":{\"@id\":\"https:\/\/b2b.calibereurope.com\/de\/?post_type=product&p=503697#breadcrumb\"},\"inLanguage\":\"de\",\"potentialAction\":[{\"@type\":\"ReadAction\",\"target\":[\"https:\/\/b2b.calibereurope.com\/de\/?post_type=product&p=503697\"]}]},{\"@type\":\"ImageObject\",\"inLanguage\":\"de\",\"@id\":\"https:\/\/b2b.calibereurope.com\/de\/?post_type=product&p=503697#primaryimage\",\"url\":\"https:\/\/b2b.calibereurope.com\/wp-content\/uploads\/2024\/07\/21ea811debcdec1acda820b379585c02ff7c7842_PMT801DAB_BT_hang_nieuwe_DAB_logo_zonder_BT_logo-scaled.jpg\",\"contentUrl\":\"https:\/\/b2b.calibereurope.com\/wp-content\/uploads\/2024\/07\/21ea811debcdec1acda820b379585c02ff7c7842_PMT801DAB_BT_hang_nieuwe_DAB_logo_zonder_BT_logo-scaled.jpg\",\"width\":2404,\"height\":2560},{\"@type\":\"BreadcrumbList\",\"@id\":\"https:\/\/b2b.calibereurope.com\/de\/?post_type=product&p=503697#breadcrumb\",\"itemListElement\":[{\"@type\":\"ListItem\",\"position\":1,\"name\":\"Home\",\"item\":\"https:\/\/b2b.calibereurope.com\/de\/\"},{\"@type\":\"ListItem\",\"position\":2,\"name\":\"Shop\",\"item\":\"https:\/\/b2b.calibereurope.com\/de\/shop\/\"},{\"@type\":\"ListItem\",\"position\":3,\"name\":\"Fm-Sender mit DAB+ und Carkit &#8211; Schwarz (PMT801DAB-BT)\"}]},{\"@type\":\"WebSite\",\"@id\":\"https:\/\/b2b.calibereurope.com\/#website\",\"url\":\"https:\/\/b2b.calibereurope.com\/\",\"name\":\"Caliber Europe B.V.\",\"description\":\"B2B Webshop\",\"publisher\":{\"@id\":\"https:\/\/b2b.calibereurope.com\/#organization\"},\"potentialAction\":[{\"@type\":\"SearchAction\",\"target\":{\"@type\":\"EntryPoint\",\"urlTemplate\":\"https:\/\/b2b.calibereurope.com\/?s={search_term_string}\"},\"query-input\":{\"@type\":\"PropertyValueSpecification\",\"valueRequired\":true,\"valueName\":\"search_term_string\"}}],\"inLanguage\":\"de\"},{\"@type\":\"Organization\",\"@id\":\"https:\/\/b2b.calibereurope.com\/#organization\",\"name\":\"Caliber Europe B.V.\",\"url\":\"https:\/\/b2b.calibereurope.com\/\",\"logo\":{\"@type\":\"ImageObject\",\"inLanguage\":\"de\",\"@id\":\"https:\/\/b2b.calibereurope.com\/#\/schema\/logo\/image\/\",\"url\":\"https:\/\/b2b.calibereurope.com\/wp-content\/uploads\/2020\/12\/Caliber_Logo-Black.png\",\"contentUrl\":\"https:\/\/b2b.calibereurope.com\/wp-content\/uploads\/2020\/12\/Caliber_Logo-Black.png\",\"width\":3157,\"height\":356,\"caption\":\"Caliber Europe B.V.\"},\"image\":{\"@id\":\"https:\/\/b2b.calibereurope.com\/#\/schema\/logo\/image\/\"}}]}<\/script>\n<!-- \/ Yoast SEO plugin. -->","yoast_head_json":{"title":"Fm-Sender mit DAB+ und Carkit - Schwarz (PMT801DAB-BT) - Caliber Europe B.V.","robots":{"index":"noindex","follow":"follow","max-snippet":"max-snippet:-1","max-image-preview":"max-image-preview:large","max-video-preview":"max-video-preview:-1"},"og_locale":"de_DE","og_type":"article","og_title":"Fm-Sender mit DAB+ und Carkit - Schwarz (PMT801DAB-BT) - Caliber Europe B.V.","og_description":"Mit dem Caliber PMT801DAB-BT k\u00f6nnen Sie im Auto Radio mit hoher Klangqualit\u00e4t h\u00f6ren. Oder Sie k\u00f6nnen Musik von Ihrem Smartphone \u00fcber Bluetooth streamen, wenn Sie ein Autoradio ohne Bluetooth haben. Dieser Sender \u00fcbertr\u00e4gt die Musik \u00fcber eine FM-Frequenz. DAB+ Qualit\u00e4tDAB+ ergibt eine h\u00f6here Klangqualit\u00e4t als die \u00e4ltere FM. Dadurch haben Sie weniger L\u00e4rm und Sie [&hellip;]","og_url":"https:\/\/b2b.calibereurope.com\/de\/?post_type=product&p=503697","og_site_name":"Caliber Europe B.V.","article_modified_time":"2024-12-26T18:01:36+00:00","og_image":[{"width":1024,"height":768,"url":"https:\/\/b2b.calibereurope.com\/wp-content\/uploads\/2021\/11\/ff800a25b636565e6176b5f465ac027c4f817ebe_PMT801DAB_BT_web.jpg","type":"image\/jpeg"}],"twitter_card":"summary_large_image","twitter_misc":{"Gesch\u00e4tzte Lesezeit":"1\u00a0Minute"},"schema":{"@context":"https:\/\/schema.org","@graph":[{"@type":"WebPage","@id":"https:\/\/b2b.calibereurope.com\/de\/?post_type=product&p=503697","url":"https:\/\/b2b.calibereurope.com\/de\/?post_type=product&p=503697","name":"Fm-Sender mit DAB+ und Carkit - Schwarz (PMT801DAB-BT) - Caliber Europe B.V.","isPartOf":{"@id":"https:\/\/b2b.calibereurope.com\/#website"},"primaryImageOfPage":{"@id":"https:\/\/b2b.calibereurope.com\/de\/?post_type=product&p=503697#primaryimage"},"image":{"@id":"https:\/\/b2b.calibereurope.com\/de\/?post_type=product&p=503697#primaryimage"},"thumbnailUrl":"https:\/\/b2b.calibereurope.com\/wp-content\/uploads\/2024\/07\/21ea811debcdec1acda820b379585c02ff7c7842_PMT801DAB_BT_hang_nieuwe_DAB_logo_zonder_BT_logo-scaled.jpg","datePublished":"2024-07-17T00:00:00+00:00","dateModified":"2024-12-26T18:01:36+00:00","breadcrumb":{"@id":"https:\/\/b2b.calibereurope.com\/de\/?post_type=product&p=503697#breadcrumb"},"inLanguage":"de","potentialAction":[{"@type":"ReadAction","target":["https:\/\/b2b.calibereurope.com\/de\/?post_type=product&p=503697"]}]},{"@type":"ImageObject","inLanguage":"de","@id":"https:\/\/b2b.calibereurope.com\/de\/?post_type=product&p=503697#primaryimage","url":"https:\/\/b2b.calibereurope.com\/wp-content\/uploads\/2024\/07\/21ea811debcdec1acda820b379585c02ff7c7842_PMT801DAB_BT_hang_nieuwe_DAB_logo_zonder_BT_logo-scaled.jpg","contentUrl":"https:\/\/b2b.calibereurope.com\/wp-content\/uploads\/2024\/07\/21ea811debcdec1acda820b379585c02ff7c7842_PMT801DAB_BT_hang_nieuwe_DAB_logo_zonder_BT_logo-scaled.jpg","width":2404,"height":2560},{"@type":"BreadcrumbList","@id":"https:\/\/b2b.calibereurope.com\/de\/?post_type=product&p=503697#breadcrumb","itemListElement":[{"@type":"ListItem","position":1,"name":"Home","item":"https:\/\/b2b.calibereurope.com\/de\/"},{"@type":"ListItem","position":2,"name":"Shop","item":"https:\/\/b2b.calibereurope.com\/de\/shop\/"},{"@type":"ListItem","position":3,"name":"Fm-Sender mit DAB+ und Carkit &#8211; Schwarz (PMT801DAB-BT)"}]},{"@type":"WebSite","@id":"https:\/\/b2b.calibereurope.com\/#website","url":"https:\/\/b2b.calibereurope.com\/","name":"Caliber Europe B.V.","description":"B2B Webshop","publisher":{"@id":"https:\/\/b2b.calibereurope.com\/#organization"},"potentialAction":[{"@type":"SearchAction","target":{"@type":"EntryPoint","urlTemplate":"https:\/\/b2b.calibereurope.com\/?s={search_term_string}"},"query-input":{"@type":"PropertyValueSpecification","valueRequired":true,"valueName":"search_term_string"}}],"inLanguage":"de"},{"@type":"Organization","@id":"https:\/\/b2b.calibereurope.com\/#organization","name":"Caliber Europe B.V.","url":"https:\/\/b2b.calibereurope.com\/","logo":{"@type":"ImageObject","inLanguage":"de","@id":"https:\/\/b2b.calibereurope.com\/#\/schema\/logo\/image\/","url":"https:\/\/b2b.calibereurope.com\/wp-content\/uploads\/2020\/12\/Caliber_Logo-Black.png","contentUrl":"https:\/\/b2b.calibereurope.com\/wp-content\/uploads\/2020\/12\/Caliber_Logo-Black.png","width":3157,"height":356,"caption":"Caliber Europe B.V."},"image":{"@id":"https:\/\/b2b.calibereurope.com\/#\/schema\/logo\/image\/"}}]}},"_links":{"self":[{"href":"https:\/\/b2b.calibereurope.com\/de\/wp-json\/wp\/v2\/product\/503697","targetHints":{"allow":["GET"]}}],"collection":[{"href":"https:\/\/b2b.calibereurope.com\/de\/wp-json\/wp\/v2\/product"}],"about":[{"href":"https:\/\/b2b.calibereurope.com\/de\/wp-json\/wp\/v2\/types\/product"}],"version-history":[{"count":0,"href":"https:\/\/b2b.calibereurope.com\/de\/wp-json\/wp\/v2\/product\/503697\/revisions"}],"wp:featuredmedia":[{"embeddable":true,"href":"https:\/\/b2b.calibereurope.com\/de\/wp-json\/wp\/v2\/media\/850565"}],"wp:attachment":[{"href":"https:\/\/b2b.calibereurope.com\/de\/wp-json\/wp\/v2\/media?parent=503697"}],"wp:term":[{"taxonomy":"product_brand","embeddable":true,"href":"https:\/\/b2b.calibereurope.com\/de\/wp-json\/wp\/v2\/product_brand?post=503697"},{"taxonomy":"product_cat","embeddable":true,"href":"https:\/\/b2b.calibereurope.com\/de\/wp-json\/wp\/v2\/product_cat?post=503697"},{"taxonomy":"product_tag","embeddable":true,"href":"https:\/\/b2b.calibereurope.com\/de\/wp-json\/wp\/v2\/product_tag?post=503697"}],"curies":[{"name":"wp","href":"https:\/\/api.w.org\/{rel}","templated":true}]}}