{"id":503781,"date":"2023-07-31T02:00:00","date_gmt":"2023-07-31T00:00:00","guid":{"rendered":""},"modified":"2023-07-31T10:23:46","modified_gmt":"2023-07-31T08:23:46","slug":"PS32-de_DE","status":"publish","type":"product","link":"https:\/\/b2b.calibereurope.com\/de\/produkt\/PS32-de_DE\/","title":{"rendered":"Wall Loader DVD Player Car &#8211; kompatibel mit MPD178, MPD278, MPD278T, MPD298 und MPD2010T &#8211; 230 V (PS32)"},"content":{"rendered":"<p><P> Laden Sie Ihre Caliber -DVD -Player f\u00fcr das Auto mit dem Caliber PS32 -Wandlader von <strong> 230 V <\/strong> auf. Dank dieses praktischen Ladeger\u00e4ts werden Sie niemals unerwartet ohne Batterie auf der Stra\u00dfe sein. Auf diese Weise k\u00f6nnen Sie stundenlang Ihre Lieblingsvideos oder Filme auf dem DVD -Player im Auto ansehen. Das Ladekabel ist <strong> geeignet f\u00fcr die Caliber MPD178, MPD278, MPD278T, MPD298 und MPD2010T <\/strong> geeignet. Diese tragbaren DVD -Spieler sind auf der Stra\u00dfe ideal. Egal, ob Sie auf dem Campingplatz, zu Hause, im Park oder im Auto sind: Sie m\u00fcssen sich nie wieder langweilen. <\/p>\n<p> <strong> Eigenschaften: <\/strong> <\/p>\n<ul>\n<li> AC -Adapter\n<li> Netzspannung (230 V)\n<li> Mit MPD178, MPD278 kompatibel , MPD278T, MPD298 und MPD2010T <\/li>\n<\/ul>\n<h3> Auf der Stra\u00dfe aufgeladen <\/H3> <\/p>\n<p> Sehen Sie sich Ihre Lieblingsvideos, Filme oder Clips auf den Caliber -DVD -Spielern f\u00fcr das Auto an. Die tragbaren DVD -Spieler k\u00f6nnen in den Park, im Auto oder im \u00f6ffentlichen Verkehr gebracht werden. Wenn Sie Filme oder Serien unterwegs sehen m\u00f6chten, ben\u00f6tigen Sie nat\u00fcrlich eine vollst\u00e4ndige Batterie. Der Wandlader bietet den DVD -Spielern ausreichend Strom, damit Sie weiter ungest\u00f6rt aussehen k\u00f6nnen. <\/p>\n<h3> Geeignet f\u00fcr zahlreiche Modelle <\/h3>\n<p> Der Caliber -Wandlader ist f\u00fcr die MPD -DVD -Player aus dem Caliber geeignet. Dies sind die Modelle MPD178, MPD278, MPD278T, MPD298 und MPD2010T. Diese tragbaren DVD -Spieler werden in k\u00fcrzester Zeit mit diesem Caliber -Ladeger\u00e4t erneut aufgeladen! <\/p>\n","protected":false},"excerpt":{"rendered":"<p>Laden Sie Ihre Caliber -DVD -Player f\u00fcr das Auto mit dem Caliber PS32 -Wandlader von 230 V auf. Dank dieses praktischen Ladeger\u00e4ts werden Sie niemals unerwartet ohne Batterie auf der Stra\u00dfe sein. Auf diese Weise k\u00f6nnen Sie stundenlang Ihre Lieblingsvideos oder Filme auf dem DVD -Player im Auto ansehen. Das Ladekabel ist geeignet f\u00fcr die [&hellip;]<\/p>\n","protected":false},"featured_media":831771,"template":"","meta":{"_acf_changed":false,"site-sidebar-layout":"default","site-content-layout":"","ast-site-content-layout":"default","site-content-style":"default","site-sidebar-style":"default","ast-global-header-display":"","ast-banner-title-visibility":"","ast-main-header-display":"","ast-hfb-above-header-display":"","ast-hfb-below-header-display":"","ast-hfb-mobile-header-display":"","site-post-title":"","ast-breadcrumbs-content":"","ast-featured-img":"","footer-sml-layout":"","theme-transparent-header-meta":"","adv-header-id-meta":"","stick-header-meta":"","header-above-stick-meta":"","header-main-stick-meta":"","header-below-stick-meta":"","astra-migrate-meta-layouts":"default","ast-page-background-enabled":"default","ast-page-background-meta":{"desktop":{"background-color":"","background-image":"","background-repeat":"repeat","background-position":"center center","background-size":"auto","background-attachment":"scroll","background-type":"","background-media":"","overlay-type":"","overlay-color":"","overlay-opacity":"","overlay-gradient":""},"tablet":{"background-color":"","background-image":"","background-repeat":"repeat","background-position":"center center","background-size":"auto","background-attachment":"scroll","background-type":"","background-media":"","overlay-type":"","overlay-color":"","overlay-opacity":"","overlay-gradient":""},"mobile":{"background-color":"","background-image":"","background-repeat":"repeat","background-position":"center center","background-size":"auto","background-attachment":"scroll","background-type":"","background-media":"","overlay-type":"","overlay-color":"","overlay-opacity":"","overlay-gradient":""}},"ast-content-background-meta":{"desktop":{"background-color":"var(--ast-global-color-5)","background-image":"","background-repeat":"repeat","background-position":"center center","background-size":"auto","background-attachment":"scroll","background-type":"","background-media":"","overlay-type":"","overlay-color":"","overlay-opacity":"","overlay-gradient":""},"tablet":{"background-color":"var(--ast-global-color-5)","background-image":"","background-repeat":"repeat","background-position":"center center","background-size":"auto","background-attachment":"scroll","background-type":"","background-media":"","overlay-type":"","overlay-color":"","overlay-opacity":"","overlay-gradient":""},"mobile":{"background-color":"var(--ast-global-color-5)","background-image":"","background-repeat":"repeat","background-position":"center center","background-size":"auto","background-attachment":"scroll","background-type":"","background-media":"","overlay-type":"","overlay-color":"","overlay-opacity":"","overlay-gradient":""}}},"product_brand":[],"product_cat":[22956],"product_tag":[],"class_list":{"0":"post-503781","1":"product","2":"type-product","3":"status-publish","4":"has-post-thumbnail","6":"product_cat-keine-kategorie","7":"desktop-align-center","8":"tablet-align-center","9":"mobile-align-center","10":"ast-product-gallery-layout-horizontal","11":"ast-product-tabs-layout-horizontal","13":"first","14":"instock","15":"taxable","16":"shipping-taxable","17":"purchasable","18":"product-type-simple"},"acf":[],"yoast_head":"<!-- This site is optimized with the Yoast SEO plugin v26.5 - https:\/\/yoast.com\/wordpress\/plugins\/seo\/ -->\n<title>Wall Loader DVD Player Car - kompatibel mit MPD178, MPD278, MPD278T, MPD298 und MPD2010T - 230 V (PS32) - Caliber Europe B.V.<\/title>\n<meta name=\"robots\" content=\"noindex, follow, max-snippet:-1, max-image-preview:large, max-video-preview:-1\" \/>\n<meta property=\"og:locale\" content=\"de_DE\" \/>\n<meta property=\"og:type\" content=\"article\" \/>\n<meta property=\"og:title\" content=\"Wall Loader DVD Player Car - kompatibel mit MPD178, MPD278, MPD278T, MPD298 und MPD2010T - 230 V (PS32) - Caliber Europe B.V.\" \/>\n<meta property=\"og:description\" content=\"Laden Sie Ihre Caliber -DVD -Player f\u00fcr das Auto mit dem Caliber PS32 -Wandlader von 230 V auf. Dank dieses praktischen Ladeger\u00e4ts werden Sie niemals unerwartet ohne Batterie auf der Stra\u00dfe sein. Auf diese Weise k\u00f6nnen Sie stundenlang Ihre Lieblingsvideos oder Filme auf dem DVD -Player im Auto ansehen. Das Ladekabel ist geeignet f\u00fcr die [&hellip;]\" \/>\n<meta property=\"og:url\" content=\"https:\/\/b2b.calibereurope.com\/de\/produkt\/ps32-de_de\/\" \/>\n<meta property=\"og:site_name\" content=\"Caliber Europe B.V.\" \/>\n<meta property=\"article:modified_time\" content=\"2023-07-31T08:23:46+00:00\" \/>\n<meta property=\"og:image\" content=\"https:\/\/b2b.calibereurope.com\/wp-content\/uploads\/2021\/09\/25d0f630145914b3b9c29510c498051cb3019bc2_ps32.jpg\" \/>\n\t<meta property=\"og:image:width\" content=\"550\" \/>\n\t<meta property=\"og:image:height\" content=\"413\" \/>\n\t<meta property=\"og:image:type\" content=\"image\/jpeg\" \/>\n<meta name=\"twitter:card\" content=\"summary_large_image\" \/>\n<meta name=\"twitter:label1\" content=\"Gesch\u00e4tzte Lesezeit\" \/>\n\t<meta name=\"twitter:data1\" content=\"1\u00a0Minute\" \/>\n<script type=\"application\/ld+json\" class=\"yoast-schema-graph\">{\"@context\":\"https:\/\/schema.org\",\"@graph\":[{\"@type\":\"WebPage\",\"@id\":\"https:\/\/b2b.calibereurope.com\/de\/produkt\/ps32-de_de\/\",\"url\":\"https:\/\/b2b.calibereurope.com\/de\/produkt\/ps32-de_de\/\",\"name\":\"Wall Loader DVD Player Car - kompatibel mit MPD178, MPD278, MPD278T, MPD298 und MPD2010T - 230 V (PS32) - Caliber Europe B.V.\",\"isPartOf\":{\"@id\":\"https:\/\/b2b.calibereurope.com\/#website\"},\"primaryImageOfPage\":{\"@id\":\"https:\/\/b2b.calibereurope.com\/de\/produkt\/ps32-de_de\/#primaryimage\"},\"image\":{\"@id\":\"https:\/\/b2b.calibereurope.com\/de\/produkt\/ps32-de_de\/#primaryimage\"},\"thumbnailUrl\":\"https:\/\/b2b.calibereurope.com\/wp-content\/uploads\/2023\/07\/25d0f630145914b3b9c29510c498051cb3019bc2_ps32.jpg\",\"datePublished\":\"2023-07-31T00:00:00+00:00\",\"dateModified\":\"2023-07-31T08:23:46+00:00\",\"breadcrumb\":{\"@id\":\"https:\/\/b2b.calibereurope.com\/de\/produkt\/ps32-de_de\/#breadcrumb\"},\"inLanguage\":\"de\",\"potentialAction\":[{\"@type\":\"ReadAction\",\"target\":[\"https:\/\/b2b.calibereurope.com\/de\/produkt\/ps32-de_de\/\"]}]},{\"@type\":\"ImageObject\",\"inLanguage\":\"de\",\"@id\":\"https:\/\/b2b.calibereurope.com\/de\/produkt\/ps32-de_de\/#primaryimage\",\"url\":\"https:\/\/b2b.calibereurope.com\/wp-content\/uploads\/2023\/07\/25d0f630145914b3b9c29510c498051cb3019bc2_ps32.jpg\",\"contentUrl\":\"https:\/\/b2b.calibereurope.com\/wp-content\/uploads\/2023\/07\/25d0f630145914b3b9c29510c498051cb3019bc2_ps32.jpg\",\"width\":550,\"height\":413},{\"@type\":\"BreadcrumbList\",\"@id\":\"https:\/\/b2b.calibereurope.com\/de\/produkt\/ps32-de_de\/#breadcrumb\",\"itemListElement\":[{\"@type\":\"ListItem\",\"position\":1,\"name\":\"Home\",\"item\":\"https:\/\/b2b.calibereurope.com\/de\/\"},{\"@type\":\"ListItem\",\"position\":2,\"name\":\"Shop\",\"item\":\"https:\/\/b2b.calibereurope.com\/de\/shop\/\"},{\"@type\":\"ListItem\",\"position\":3,\"name\":\"220V-Netzteil f\u00fcr tragbare Caliber Dvd MPD-Serie (PS32)\"}]},{\"@type\":\"WebSite\",\"@id\":\"https:\/\/b2b.calibereurope.com\/#website\",\"url\":\"https:\/\/b2b.calibereurope.com\/\",\"name\":\"Caliber Europe B.V.\",\"description\":\"B2B Webshop\",\"publisher\":{\"@id\":\"https:\/\/b2b.calibereurope.com\/#organization\"},\"potentialAction\":[{\"@type\":\"SearchAction\",\"target\":{\"@type\":\"EntryPoint\",\"urlTemplate\":\"https:\/\/b2b.calibereurope.com\/?s={search_term_string}\"},\"query-input\":{\"@type\":\"PropertyValueSpecification\",\"valueRequired\":true,\"valueName\":\"search_term_string\"}}],\"inLanguage\":\"de\"},{\"@type\":\"Organization\",\"@id\":\"https:\/\/b2b.calibereurope.com\/#organization\",\"name\":\"Caliber Europe B.V.\",\"url\":\"https:\/\/b2b.calibereurope.com\/\",\"logo\":{\"@type\":\"ImageObject\",\"inLanguage\":\"de\",\"@id\":\"https:\/\/b2b.calibereurope.com\/#\/schema\/logo\/image\/\",\"url\":\"https:\/\/b2b.calibereurope.com\/wp-content\/uploads\/2020\/12\/Caliber_Logo-Black.png\",\"contentUrl\":\"https:\/\/b2b.calibereurope.com\/wp-content\/uploads\/2020\/12\/Caliber_Logo-Black.png\",\"width\":3157,\"height\":356,\"caption\":\"Caliber Europe B.V.\"},\"image\":{\"@id\":\"https:\/\/b2b.calibereurope.com\/#\/schema\/logo\/image\/\"}}]}<\/script>\n<!-- \/ Yoast SEO plugin. -->","yoast_head_json":{"title":"Wall Loader DVD Player Car - kompatibel mit MPD178, MPD278, MPD278T, MPD298 und MPD2010T - 230 V (PS32) - Caliber Europe B.V.","robots":{"index":"noindex","follow":"follow","max-snippet":"max-snippet:-1","max-image-preview":"max-image-preview:large","max-video-preview":"max-video-preview:-1"},"og_locale":"de_DE","og_type":"article","og_title":"Wall Loader DVD Player Car - kompatibel mit MPD178, MPD278, MPD278T, MPD298 und MPD2010T - 230 V (PS32) - Caliber Europe B.V.","og_description":"Laden Sie Ihre Caliber -DVD -Player f\u00fcr das Auto mit dem Caliber PS32 -Wandlader von 230 V auf. Dank dieses praktischen Ladeger\u00e4ts werden Sie niemals unerwartet ohne Batterie auf der Stra\u00dfe sein. Auf diese Weise k\u00f6nnen Sie stundenlang Ihre Lieblingsvideos oder Filme auf dem DVD -Player im Auto ansehen. Das Ladekabel ist geeignet f\u00fcr die [&hellip;]","og_url":"https:\/\/b2b.calibereurope.com\/de\/produkt\/ps32-de_de\/","og_site_name":"Caliber Europe B.V.","article_modified_time":"2023-07-31T08:23:46+00:00","og_image":[{"width":550,"height":413,"url":"https:\/\/b2b.calibereurope.com\/wp-content\/uploads\/2021\/09\/25d0f630145914b3b9c29510c498051cb3019bc2_ps32.jpg","type":"image\/jpeg"}],"twitter_card":"summary_large_image","twitter_misc":{"Gesch\u00e4tzte Lesezeit":"1\u00a0Minute"},"schema":{"@context":"https:\/\/schema.org","@graph":[{"@type":"WebPage","@id":"https:\/\/b2b.calibereurope.com\/de\/produkt\/ps32-de_de\/","url":"https:\/\/b2b.calibereurope.com\/de\/produkt\/ps32-de_de\/","name":"Wall Loader DVD Player Car - kompatibel mit MPD178, MPD278, MPD278T, MPD298 und MPD2010T - 230 V (PS32) - Caliber Europe B.V.","isPartOf":{"@id":"https:\/\/b2b.calibereurope.com\/#website"},"primaryImageOfPage":{"@id":"https:\/\/b2b.calibereurope.com\/de\/produkt\/ps32-de_de\/#primaryimage"},"image":{"@id":"https:\/\/b2b.calibereurope.com\/de\/produkt\/ps32-de_de\/#primaryimage"},"thumbnailUrl":"https:\/\/b2b.calibereurope.com\/wp-content\/uploads\/2023\/07\/25d0f630145914b3b9c29510c498051cb3019bc2_ps32.jpg","datePublished":"2023-07-31T00:00:00+00:00","dateModified":"2023-07-31T08:23:46+00:00","breadcrumb":{"@id":"https:\/\/b2b.calibereurope.com\/de\/produkt\/ps32-de_de\/#breadcrumb"},"inLanguage":"de","potentialAction":[{"@type":"ReadAction","target":["https:\/\/b2b.calibereurope.com\/de\/produkt\/ps32-de_de\/"]}]},{"@type":"ImageObject","inLanguage":"de","@id":"https:\/\/b2b.calibereurope.com\/de\/produkt\/ps32-de_de\/#primaryimage","url":"https:\/\/b2b.calibereurope.com\/wp-content\/uploads\/2023\/07\/25d0f630145914b3b9c29510c498051cb3019bc2_ps32.jpg","contentUrl":"https:\/\/b2b.calibereurope.com\/wp-content\/uploads\/2023\/07\/25d0f630145914b3b9c29510c498051cb3019bc2_ps32.jpg","width":550,"height":413},{"@type":"BreadcrumbList","@id":"https:\/\/b2b.calibereurope.com\/de\/produkt\/ps32-de_de\/#breadcrumb","itemListElement":[{"@type":"ListItem","position":1,"name":"Home","item":"https:\/\/b2b.calibereurope.com\/de\/"},{"@type":"ListItem","position":2,"name":"Shop","item":"https:\/\/b2b.calibereurope.com\/de\/shop\/"},{"@type":"ListItem","position":3,"name":"220V-Netzteil f\u00fcr tragbare Caliber Dvd MPD-Serie (PS32)"}]},{"@type":"WebSite","@id":"https:\/\/b2b.calibereurope.com\/#website","url":"https:\/\/b2b.calibereurope.com\/","name":"Caliber Europe B.V.","description":"B2B Webshop","publisher":{"@id":"https:\/\/b2b.calibereurope.com\/#organization"},"potentialAction":[{"@type":"SearchAction","target":{"@type":"EntryPoint","urlTemplate":"https:\/\/b2b.calibereurope.com\/?s={search_term_string}"},"query-input":{"@type":"PropertyValueSpecification","valueRequired":true,"valueName":"search_term_string"}}],"inLanguage":"de"},{"@type":"Organization","@id":"https:\/\/b2b.calibereurope.com\/#organization","name":"Caliber Europe B.V.","url":"https:\/\/b2b.calibereurope.com\/","logo":{"@type":"ImageObject","inLanguage":"de","@id":"https:\/\/b2b.calibereurope.com\/#\/schema\/logo\/image\/","url":"https:\/\/b2b.calibereurope.com\/wp-content\/uploads\/2020\/12\/Caliber_Logo-Black.png","contentUrl":"https:\/\/b2b.calibereurope.com\/wp-content\/uploads\/2020\/12\/Caliber_Logo-Black.png","width":3157,"height":356,"caption":"Caliber Europe B.V."},"image":{"@id":"https:\/\/b2b.calibereurope.com\/#\/schema\/logo\/image\/"}}]}},"_links":{"self":[{"href":"https:\/\/b2b.calibereurope.com\/de\/wp-json\/wp\/v2\/product\/503781","targetHints":{"allow":["GET"]}}],"collection":[{"href":"https:\/\/b2b.calibereurope.com\/de\/wp-json\/wp\/v2\/product"}],"about":[{"href":"https:\/\/b2b.calibereurope.com\/de\/wp-json\/wp\/v2\/types\/product"}],"version-history":[{"count":0,"href":"https:\/\/b2b.calibereurope.com\/de\/wp-json\/wp\/v2\/product\/503781\/revisions"}],"wp:featuredmedia":[{"embeddable":true,"href":"https:\/\/b2b.calibereurope.com\/de\/wp-json\/wp\/v2\/media\/831771"}],"wp:attachment":[{"href":"https:\/\/b2b.calibereurope.com\/de\/wp-json\/wp\/v2\/media?parent=503781"}],"wp:term":[{"taxonomy":"product_brand","embeddable":true,"href":"https:\/\/b2b.calibereurope.com\/de\/wp-json\/wp\/v2\/product_brand?post=503781"},{"taxonomy":"product_cat","embeddable":true,"href":"https:\/\/b2b.calibereurope.com\/de\/wp-json\/wp\/v2\/product_cat?post=503781"},{"taxonomy":"product_tag","embeddable":true,"href":"https:\/\/b2b.calibereurope.com\/de\/wp-json\/wp\/v2\/product_tag?post=503781"}],"curies":[{"name":"wp","href":"https:\/\/api.w.org\/{rel}","templated":true}]}}