{"id":503837,"date":"2025-12-04T01:00:00","date_gmt":"2025-12-04T00:00:00","guid":{"rendered":"0"},"modified":"2025-12-04T15:03:05","modified_gmt":"2025-12-04T14:03:05","slug":"HPG317R-de_DE","status":"publish","type":"product","link":"https:\/\/b2b.calibereurope.com\/de\/produkt\/HPG317R-de_DE\/","title":{"rendered":"Tragbares Radio &#8211; Batterien oder Netzkabel &#8211; AM\/FM-Radio mit Griff und Kopfh\u00f6reranschluss (HPG317R)"},"content":{"rendered":"<p>Mit dem Caliber HPG317R tragbaren Radio k\u00f6nnen Sie Ihre Lieblingsradiosender ohne viel Aufhebens h\u00f6ren. Das Radio hat ein cooles <strong>Retro-Design<\/strong>, das es zu einem echten Blickfang in jedem Wohnzimmer macht. Dank des <strong>praktischen Griffs <\/strong>k\u00f6nnen Sie das Radio \u00fcberallhin mitnehmen. Das <strong>AM- oder FM-Radio <\/strong>funktioniert \u00fcber ein <strong>Netzkabel<\/strong>. Dies ist praktisch, wenn Sie das Radio zu Hause benutzen. Dar\u00fcber hinaus kann das Funkger\u00e4t auch mit 4 <strong>CLR14-Batterien<\/strong> betrieben werden, was unterwegs sehr praktisch ist. \u00dcber die <strong>Kopfh\u00f6rerbuchse <\/strong>k\u00f6nnen Sie auch Kopfh\u00f6rer verwenden.<\/p>\n<p><\/p>\n<p><strong>Merkmale:<\/strong><\/p>\n<ul>\n<li>FM\/AM-Radio<\/li>\n<li>Retro-Design<\/li>\n<li>LED-Stromanzeige<\/li>\n<li>Betrieben mit 230V oder 4x C-Batterien<\/li>\n<li>Metall-Teleskopantenne<\/li>\n<li>Mit Griff<\/li>\n<li>Kopfh\u00f6reranschluss 3,5 mm<\/li>\n<li>3W Mono-Ton<\/li>\n<\/ul>\n<h3>\u00dcberall verwenden<\/h3>\n<p>Das tragbare Radio ist enorm vielseitig einsetzbar. Sie k\u00f6nnen das Radio zu Hause \u00fcber das Netzkabel mit Strom versorgen. Schlie\u00dfen Sie ihn einfach an und genie\u00dfen Sie jeden Tag Ihre Lieblingsmusik. M\u00f6chten Sie das UKW-Radio mitnehmen, um Ihre Lieblingssender auch unterwegs zu h\u00f6ren? Dann k\u00f6nnen Sie vier CLR14-Batterien in das Funkger\u00e4t einlegen. Diese sorgen daf\u00fcr, dass Sie Ihre Lieblingssender oder lokale Sender unterwegs, im Park oder auf dem Campingplatz genie\u00dfen k\u00f6nnen.<\/p>\n<h3>Leicht zu tragen<\/h3>\n<p>Das Radio hat einen praktischen Griff an der Oberseite. Mit dem stabilen Griff k\u00f6nnen Sie das Radio \u00fcberallhin mitnehmen. Da das Radio nur 810 Gramm wiegt, ist es kein Problem, es mitzunehmen. W\u00fcrden Sie lieber in aller Ruhe Radio h\u00f6ren? Verwenden Sie dann die Kopfh\u00f6rerbuchse, um \u00fcber Kopfh\u00f6rer oder Ohrst\u00f6psel zu h\u00f6ren.<\/p>\n<h3>Retro-Design<\/h3>\n<p>Das Radio hat ein einzigartiges Retro-Design. Er ist daher ein echter Blickfang in jedem Wohn- oder Schlafzimmer. Mit diesem tragbaren Radio mit Antenne k\u00f6nnen Sie auch bei einer Themenparty beeindrucken. Lassen Sie sich in die 80er oder 90er Jahre versetzen und bringen Sie die Musik mit!<\/p>\n","protected":false},"excerpt":{"rendered":"<p>Mit dem Caliber HPG317R tragbaren Radio k\u00f6nnen Sie Ihre Lieblingsradiosender ohne viel Aufhebens h\u00f6ren. Das Radio hat ein cooles Retro-Design, das es zu einem echten Blickfang in jedem Wohnzimmer macht. Dank des praktischen Griffs k\u00f6nnen Sie das Radio \u00fcberallhin mitnehmen. Das AM- oder FM-Radio funktioniert \u00fcber ein Netzkabel. Dies ist praktisch, wenn Sie das Radio [&hellip;]<\/p>\n","protected":false},"featured_media":869523,"template":"","meta":{"_acf_changed":false,"site-sidebar-layout":"default","site-content-layout":"","ast-site-content-layout":"default","site-content-style":"default","site-sidebar-style":"default","ast-global-header-display":"","ast-banner-title-visibility":"","ast-main-header-display":"","ast-hfb-above-header-display":"","ast-hfb-below-header-display":"","ast-hfb-mobile-header-display":"","site-post-title":"","ast-breadcrumbs-content":"","ast-featured-img":"","footer-sml-layout":"","theme-transparent-header-meta":"","adv-header-id-meta":"","stick-header-meta":"","header-above-stick-meta":"","header-main-stick-meta":"","header-below-stick-meta":"","astra-migrate-meta-layouts":"default","ast-page-background-enabled":"default","ast-page-background-meta":{"desktop":{"background-color":"","background-image":"","background-repeat":"repeat","background-position":"center center","background-size":"auto","background-attachment":"scroll","background-type":"","background-media":"","overlay-type":"","overlay-color":"","overlay-opacity":"","overlay-gradient":""},"tablet":{"background-color":"","background-image":"","background-repeat":"repeat","background-position":"center center","background-size":"auto","background-attachment":"scroll","background-type":"","background-media":"","overlay-type":"","overlay-color":"","overlay-opacity":"","overlay-gradient":""},"mobile":{"background-color":"","background-image":"","background-repeat":"repeat","background-position":"center center","background-size":"auto","background-attachment":"scroll","background-type":"","background-media":"","overlay-type":"","overlay-color":"","overlay-opacity":"","overlay-gradient":""}},"ast-content-background-meta":{"desktop":{"background-color":"var(--ast-global-color-5)","background-image":"","background-repeat":"repeat","background-position":"center center","background-size":"auto","background-attachment":"scroll","background-type":"","background-media":"","overlay-type":"","overlay-color":"","overlay-opacity":"","overlay-gradient":""},"tablet":{"background-color":"var(--ast-global-color-5)","background-image":"","background-repeat":"repeat","background-position":"center center","background-size":"auto","background-attachment":"scroll","background-type":"","background-media":"","overlay-type":"","overlay-color":"","overlay-opacity":"","overlay-gradient":""},"mobile":{"background-color":"var(--ast-global-color-5)","background-image":"","background-repeat":"repeat","background-position":"center center","background-size":"auto","background-attachment":"scroll","background-type":"","background-media":"","overlay-type":"","overlay-color":"","overlay-opacity":"","overlay-gradient":""}}},"product_brand":[],"product_cat":[22956],"product_tag":[],"class_list":{"0":"post-503837","1":"product","2":"type-product","3":"status-publish","4":"has-post-thumbnail","6":"product_cat-keine-kategorie","7":"desktop-align-center","8":"tablet-align-center","9":"mobile-align-center","10":"ast-product-gallery-layout-horizontal","11":"ast-product-gallery-with-no-image","12":"ast-product-tabs-layout-horizontal","14":"first","15":"instock","16":"taxable","17":"shipping-taxable","18":"purchasable","19":"product-type-simple"},"acf":[],"yoast_head":"<!-- This site is optimized with the Yoast SEO plugin v26.5 - https:\/\/yoast.com\/wordpress\/plugins\/seo\/ -->\n<title>Tragbares Radio - Batterien oder Netzkabel - AM\/FM-Radio mit Griff und Kopfh\u00f6reranschluss (HPG317R) - Caliber Europe B.V.<\/title>\n<meta name=\"robots\" content=\"noindex, follow, max-snippet:-1, max-image-preview:large, max-video-preview:-1\" \/>\n<meta property=\"og:locale\" content=\"de_DE\" \/>\n<meta property=\"og:type\" content=\"article\" \/>\n<meta property=\"og:title\" content=\"Tragbares Radio - Batterien oder Netzkabel - AM\/FM-Radio mit Griff und Kopfh\u00f6reranschluss (HPG317R) - Caliber Europe B.V.\" \/>\n<meta property=\"og:description\" content=\"Mit dem Caliber HPG317R tragbaren Radio k\u00f6nnen Sie Ihre Lieblingsradiosender ohne viel Aufhebens h\u00f6ren. Das Radio hat ein cooles Retro-Design, das es zu einem echten Blickfang in jedem Wohnzimmer macht. Dank des praktischen Griffs k\u00f6nnen Sie das Radio \u00fcberallhin mitnehmen. Das AM- oder FM-Radio funktioniert \u00fcber ein Netzkabel. Dies ist praktisch, wenn Sie das Radio [&hellip;]\" \/>\n<meta property=\"og:url\" content=\"https:\/\/b2b.calibereurope.com\/de\/produkt\/HPG317R-de_DE\/\" \/>\n<meta property=\"og:site_name\" content=\"Caliber Europe B.V.\" \/>\n<meta property=\"article:modified_time\" content=\"2025-12-04T14:03:05+00:00\" \/>\n<meta property=\"og:image\" content=\"https:\/\/b2b.calibereurope.com\/wp-content\/uploads\/2021\/11\/81dd76d237b3576887e7ede315b84757bfdc9caf_HPG317R.jpg\" \/>\n\t<meta property=\"og:image:width\" content=\"768\" \/>\n\t<meta property=\"og:image:height\" content=\"576\" \/>\n\t<meta property=\"og:image:type\" content=\"image\/jpeg\" \/>\n<meta name=\"twitter:card\" content=\"summary_large_image\" \/>\n<meta name=\"twitter:label1\" content=\"Gesch\u00e4tzte Lesezeit\" \/>\n\t<meta name=\"twitter:data1\" content=\"2\u00a0Minuten\" \/>\n<script type=\"application\/ld+json\" class=\"yoast-schema-graph\">{\"@context\":\"https:\/\/schema.org\",\"@graph\":[{\"@type\":\"WebPage\",\"@id\":\"https:\/\/b2b.calibereurope.com\/de\/produkt\/HPG317R-de_DE\/\",\"url\":\"https:\/\/b2b.calibereurope.com\/de\/produkt\/HPG317R-de_DE\/\",\"name\":\"Tragbares Radio - Batterien oder Netzkabel - AM\/FM-Radio mit Griff und Kopfh\u00f6reranschluss (HPG317R) - Caliber Europe B.V.\",\"isPartOf\":{\"@id\":\"https:\/\/b2b.calibereurope.com\/#website\"},\"primaryImageOfPage\":{\"@id\":\"https:\/\/b2b.calibereurope.com\/de\/produkt\/HPG317R-de_DE\/#primaryimage\"},\"image\":{\"@id\":\"https:\/\/b2b.calibereurope.com\/de\/produkt\/HPG317R-de_DE\/#primaryimage\"},\"thumbnailUrl\":\"https:\/\/b2b.calibereurope.com\/wp-content\/uploads\/2025\/12\/613967de50ff27825ef8af8cb3c4ed4216e1a56d_HPG317R-4.jpg\",\"datePublished\":\"2025-12-04T00:00:00+00:00\",\"dateModified\":\"2025-12-04T14:03:05+00:00\",\"breadcrumb\":{\"@id\":\"https:\/\/b2b.calibereurope.com\/de\/produkt\/HPG317R-de_DE\/#breadcrumb\"},\"inLanguage\":\"de\",\"potentialAction\":[{\"@type\":\"ReadAction\",\"target\":[\"https:\/\/b2b.calibereurope.com\/de\/produkt\/HPG317R-de_DE\/\"]}]},{\"@type\":\"ImageObject\",\"inLanguage\":\"de\",\"@id\":\"https:\/\/b2b.calibereurope.com\/de\/produkt\/HPG317R-de_DE\/#primaryimage\",\"url\":\"https:\/\/b2b.calibereurope.com\/wp-content\/uploads\/2025\/12\/613967de50ff27825ef8af8cb3c4ed4216e1a56d_HPG317R-4.jpg\",\"contentUrl\":\"https:\/\/b2b.calibereurope.com\/wp-content\/uploads\/2025\/12\/613967de50ff27825ef8af8cb3c4ed4216e1a56d_HPG317R-4.jpg\",\"width\":2500,\"height\":2500},{\"@type\":\"BreadcrumbList\",\"@id\":\"https:\/\/b2b.calibereurope.com\/de\/produkt\/HPG317R-de_DE\/#breadcrumb\",\"itemListElement\":[{\"@type\":\"ListItem\",\"position\":1,\"name\":\"Home\",\"item\":\"https:\/\/b2b.calibereurope.com\/de\/\"},{\"@type\":\"ListItem\",\"position\":2,\"name\":\"Shop\",\"item\":\"https:\/\/b2b.calibereurope.com\/de\/shop\/\"},{\"@type\":\"ListItem\",\"position\":3,\"name\":\"Tragbares FM AM-Radio &#8211; Grau\/Schwarz (HPG317R)\"}]},{\"@type\":\"WebSite\",\"@id\":\"https:\/\/b2b.calibereurope.com\/#website\",\"url\":\"https:\/\/b2b.calibereurope.com\/\",\"name\":\"Caliber Europe B.V.\",\"description\":\"B2B Webshop\",\"publisher\":{\"@id\":\"https:\/\/b2b.calibereurope.com\/#organization\"},\"potentialAction\":[{\"@type\":\"SearchAction\",\"target\":{\"@type\":\"EntryPoint\",\"urlTemplate\":\"https:\/\/b2b.calibereurope.com\/?s={search_term_string}\"},\"query-input\":{\"@type\":\"PropertyValueSpecification\",\"valueRequired\":true,\"valueName\":\"search_term_string\"}}],\"inLanguage\":\"de\"},{\"@type\":\"Organization\",\"@id\":\"https:\/\/b2b.calibereurope.com\/#organization\",\"name\":\"Caliber Europe B.V.\",\"url\":\"https:\/\/b2b.calibereurope.com\/\",\"logo\":{\"@type\":\"ImageObject\",\"inLanguage\":\"de\",\"@id\":\"https:\/\/b2b.calibereurope.com\/#\/schema\/logo\/image\/\",\"url\":\"https:\/\/b2b.calibereurope.com\/wp-content\/uploads\/2020\/12\/Caliber_Logo-Black.png\",\"contentUrl\":\"https:\/\/b2b.calibereurope.com\/wp-content\/uploads\/2020\/12\/Caliber_Logo-Black.png\",\"width\":3157,\"height\":356,\"caption\":\"Caliber Europe B.V.\"},\"image\":{\"@id\":\"https:\/\/b2b.calibereurope.com\/#\/schema\/logo\/image\/\"}}]}<\/script>\n<!-- \/ Yoast SEO plugin. -->","yoast_head_json":{"title":"Tragbares Radio - Batterien oder Netzkabel - AM\/FM-Radio mit Griff und Kopfh\u00f6reranschluss (HPG317R) - Caliber Europe B.V.","robots":{"index":"noindex","follow":"follow","max-snippet":"max-snippet:-1","max-image-preview":"max-image-preview:large","max-video-preview":"max-video-preview:-1"},"og_locale":"de_DE","og_type":"article","og_title":"Tragbares Radio - Batterien oder Netzkabel - AM\/FM-Radio mit Griff und Kopfh\u00f6reranschluss (HPG317R) - Caliber Europe B.V.","og_description":"Mit dem Caliber HPG317R tragbaren Radio k\u00f6nnen Sie Ihre Lieblingsradiosender ohne viel Aufhebens h\u00f6ren. Das Radio hat ein cooles Retro-Design, das es zu einem echten Blickfang in jedem Wohnzimmer macht. Dank des praktischen Griffs k\u00f6nnen Sie das Radio \u00fcberallhin mitnehmen. Das AM- oder FM-Radio funktioniert \u00fcber ein Netzkabel. Dies ist praktisch, wenn Sie das Radio [&hellip;]","og_url":"https:\/\/b2b.calibereurope.com\/de\/produkt\/HPG317R-de_DE\/","og_site_name":"Caliber Europe B.V.","article_modified_time":"2025-12-04T14:03:05+00:00","og_image":[{"width":768,"height":576,"url":"https:\/\/b2b.calibereurope.com\/wp-content\/uploads\/2021\/11\/81dd76d237b3576887e7ede315b84757bfdc9caf_HPG317R.jpg","type":"image\/jpeg"}],"twitter_card":"summary_large_image","twitter_misc":{"Gesch\u00e4tzte Lesezeit":"2\u00a0Minuten"},"schema":{"@context":"https:\/\/schema.org","@graph":[{"@type":"WebPage","@id":"https:\/\/b2b.calibereurope.com\/de\/produkt\/HPG317R-de_DE\/","url":"https:\/\/b2b.calibereurope.com\/de\/produkt\/HPG317R-de_DE\/","name":"Tragbares Radio - Batterien oder Netzkabel - AM\/FM-Radio mit Griff und Kopfh\u00f6reranschluss (HPG317R) - Caliber Europe B.V.","isPartOf":{"@id":"https:\/\/b2b.calibereurope.com\/#website"},"primaryImageOfPage":{"@id":"https:\/\/b2b.calibereurope.com\/de\/produkt\/HPG317R-de_DE\/#primaryimage"},"image":{"@id":"https:\/\/b2b.calibereurope.com\/de\/produkt\/HPG317R-de_DE\/#primaryimage"},"thumbnailUrl":"https:\/\/b2b.calibereurope.com\/wp-content\/uploads\/2025\/12\/613967de50ff27825ef8af8cb3c4ed4216e1a56d_HPG317R-4.jpg","datePublished":"2025-12-04T00:00:00+00:00","dateModified":"2025-12-04T14:03:05+00:00","breadcrumb":{"@id":"https:\/\/b2b.calibereurope.com\/de\/produkt\/HPG317R-de_DE\/#breadcrumb"},"inLanguage":"de","potentialAction":[{"@type":"ReadAction","target":["https:\/\/b2b.calibereurope.com\/de\/produkt\/HPG317R-de_DE\/"]}]},{"@type":"ImageObject","inLanguage":"de","@id":"https:\/\/b2b.calibereurope.com\/de\/produkt\/HPG317R-de_DE\/#primaryimage","url":"https:\/\/b2b.calibereurope.com\/wp-content\/uploads\/2025\/12\/613967de50ff27825ef8af8cb3c4ed4216e1a56d_HPG317R-4.jpg","contentUrl":"https:\/\/b2b.calibereurope.com\/wp-content\/uploads\/2025\/12\/613967de50ff27825ef8af8cb3c4ed4216e1a56d_HPG317R-4.jpg","width":2500,"height":2500},{"@type":"BreadcrumbList","@id":"https:\/\/b2b.calibereurope.com\/de\/produkt\/HPG317R-de_DE\/#breadcrumb","itemListElement":[{"@type":"ListItem","position":1,"name":"Home","item":"https:\/\/b2b.calibereurope.com\/de\/"},{"@type":"ListItem","position":2,"name":"Shop","item":"https:\/\/b2b.calibereurope.com\/de\/shop\/"},{"@type":"ListItem","position":3,"name":"Tragbares FM AM-Radio &#8211; Grau\/Schwarz (HPG317R)"}]},{"@type":"WebSite","@id":"https:\/\/b2b.calibereurope.com\/#website","url":"https:\/\/b2b.calibereurope.com\/","name":"Caliber Europe B.V.","description":"B2B Webshop","publisher":{"@id":"https:\/\/b2b.calibereurope.com\/#organization"},"potentialAction":[{"@type":"SearchAction","target":{"@type":"EntryPoint","urlTemplate":"https:\/\/b2b.calibereurope.com\/?s={search_term_string}"},"query-input":{"@type":"PropertyValueSpecification","valueRequired":true,"valueName":"search_term_string"}}],"inLanguage":"de"},{"@type":"Organization","@id":"https:\/\/b2b.calibereurope.com\/#organization","name":"Caliber Europe B.V.","url":"https:\/\/b2b.calibereurope.com\/","logo":{"@type":"ImageObject","inLanguage":"de","@id":"https:\/\/b2b.calibereurope.com\/#\/schema\/logo\/image\/","url":"https:\/\/b2b.calibereurope.com\/wp-content\/uploads\/2020\/12\/Caliber_Logo-Black.png","contentUrl":"https:\/\/b2b.calibereurope.com\/wp-content\/uploads\/2020\/12\/Caliber_Logo-Black.png","width":3157,"height":356,"caption":"Caliber Europe B.V."},"image":{"@id":"https:\/\/b2b.calibereurope.com\/#\/schema\/logo\/image\/"}}]}},"_links":{"self":[{"href":"https:\/\/b2b.calibereurope.com\/de\/wp-json\/wp\/v2\/product\/503837","targetHints":{"allow":["GET"]}}],"collection":[{"href":"https:\/\/b2b.calibereurope.com\/de\/wp-json\/wp\/v2\/product"}],"about":[{"href":"https:\/\/b2b.calibereurope.com\/de\/wp-json\/wp\/v2\/types\/product"}],"version-history":[{"count":0,"href":"https:\/\/b2b.calibereurope.com\/de\/wp-json\/wp\/v2\/product\/503837\/revisions"}],"wp:featuredmedia":[{"embeddable":true,"href":"https:\/\/b2b.calibereurope.com\/de\/wp-json\/wp\/v2\/media\/869523"}],"wp:attachment":[{"href":"https:\/\/b2b.calibereurope.com\/de\/wp-json\/wp\/v2\/media?parent=503837"}],"wp:term":[{"taxonomy":"product_brand","embeddable":true,"href":"https:\/\/b2b.calibereurope.com\/de\/wp-json\/wp\/v2\/product_brand?post=503837"},{"taxonomy":"product_cat","embeddable":true,"href":"https:\/\/b2b.calibereurope.com\/de\/wp-json\/wp\/v2\/product_cat?post=503837"},{"taxonomy":"product_tag","embeddable":true,"href":"https:\/\/b2b.calibereurope.com\/de\/wp-json\/wp\/v2\/product_tag?post=503837"}],"curies":[{"name":"wp","href":"https:\/\/api.w.org\/{rel}","templated":true}]}}