{"id":504485,"date":"2023-11-28T01:00:00","date_gmt":"2023-11-28T00:00:00","guid":{"rendered":""},"modified":"2023-11-28T13:58:51","modified_gmt":"2023-11-28T12:58:51","slug":"HWC404-de_DE","status":"publish","type":"product","link":"https:\/\/b2b.calibereurope.com\/de\/produkt\/HWC404-de_DE\/","title":{"rendered":"\u00dcberwachungskamera f\u00fcr au\u00dfen &#8211; WiFi &#8211; Smart Home App &#8211; Nachtansicht &#8211; Full HD &#8211; wasserfest (HWC404)"},"content":{"rendered":"<p> Einbr\u00fcche vermeiden und mit der Caliber HWC404 -\u00dcberwachungskamera f\u00fcr au\u00dfen auf die Au\u00dfenseite Ihres Hauses im Auge behalten. Die Outdoor -Kamera ist <strong> einfach drahtlos <\/strong> \u00fcber die <strong> kostenlose Smart -Home -App <\/strong> zu bedienen. \u00dcber <strong> wifi <\/strong> <strong> Fotos, Aufnahmen und Benachrichtigungen <\/strong> werden an Ihr Telefon gesendet, so dass Sie immer wissen, was drau\u00dfen vor sich geht. Dank der <strong> -Bewegungserkennung <\/strong> werden die <strong> White Spotlight LEDs <\/strong> zum richtigen Zeitpunkt eingeschaltet. Die zuverl\u00e4ssige Outdoor -Kamera <strong> mit Nachtsicht <\/strong> ist <strong> wasserfest <\/strong> und hat ein <strong> starkes Metallgeh\u00e4use <\/strong>. <\/p>\n<p> <strong> Eigenschaften: <\/strong> <\/p>\n<ul>\n<li> 1080p Full HD -Kamera\n<li> Betrieb \u00fcber kostenlose Smart -Home -App\n<li> wasserfest (IP66)\n<li> Metallgeh\u00e4use\n<li> Automatische Aufnahmen, Fotos und Benachrichtigungen\n<li> Geeignet f\u00fcr eine 128 -GB -SD -Karte\n<li> Hackerproof (ISO27017: 2015)\n<li> White LED -Spotlight mit Bewegungserkennung <l> Nachtansicht up bis 15 Meter\n<li> Verbindung \u00fcber WiFi- oder UTP -Verkabelung\n<li> 230 V Neckstroom <\/li>\n<\/ul>\n<h3> Halten Sie alles im Auge. verhindert. Die \u00dcberwachungskamera f\u00fcr Buiten h\u00e4lt die gew\u00e4hlte Umgebung im Auge und \u00fcberwacht sie per Video. Die Videobilder k\u00f6nnen 15 Tage lang auf einer SD -Karte von 128 GB gespeichert werden, sodass Sie immer auf die neuesten Bilder zur\u00fcckblicken k\u00f6nnen. Die SD -Karte ist nicht in dieser \u00dcberwachungskamera enthalten. Die Bewegungserkennungsfunktion enth\u00e4lt eine Benachrichtigung \u00fcber die App, wenn Bewegungen beobachtet werden. Sie k\u00f6nnen dann die Aufnahmen und Fotos anzeigen, um zu sehen, was au\u00dferhalb Ihres Hauses vor sich geht. <\/p>\n<h3> Eine zuverl\u00e4ssige Wache <\/h3>\n<p> Die Outdoor -Kamera mit Nachtansicht ist eine robuste \u00dcberwachungskamera. Das Metallgeh\u00e4use ist durch die Einschulenmontage vollst\u00e4ndig verstellbar, sodass Sie sie \u00fcberall montieren k\u00f6nnen. Die Kamera ist wasserdicht, so dass sie auch starke Regenschauer oder St\u00fcrme \u00fcberlebt. Die Outdoor -Kamera funktioniert drahtlos \u00fcber WLAN und App. Ihre Kamera -Bilder werden sicher \u00fcber das WLAN -Netzwerk gesendet. Die \u00dcberwachungskamera ist Hackerproof. <\/p>\n<h3> Die beste Ansicht <\/h3>\n<p> Die Outdoor-Kamera bietet dank der 1080p-Full-HD-Kamera nicht nur rasiermesserscharfe Bilder, sondern kann auch nachts klare Bilder liefern. Sie haben eine Nachtansicht von bis zu 15 Metern. Dank des eingebauten IR-Cut-Filters profitieren Sie nachts von einer optimalen Sichtbarkeit und werden nicht von der Farbheilung gest\u00f6rt. <\/p>\n<p> <strong> Integriert: <\/strong> <\/p>\n<ul>\n<li> Caliber HWC404\n<li> Wandadapter <L> 3 Meter<br \/>\n","protected":false},"excerpt":{"rendered":"<p>Einbr\u00fcche vermeiden und mit der Caliber HWC404 -\u00dcberwachungskamera f\u00fcr au\u00dfen auf die Au\u00dfenseite Ihres Hauses im Auge behalten. Die Outdoor -Kamera ist einfach drahtlos \u00fcber die kostenlose Smart -Home -App zu bedienen. \u00dcber wifi Fotos, Aufnahmen und Benachrichtigungen werden an Ihr Telefon gesendet, so dass Sie immer wissen, was drau\u00dfen vor sich geht. Dank der [&hellip;]<\/p>\n","protected":false},"featured_media":839580,"template":"","meta":{"_acf_changed":false,"site-sidebar-layout":"default","site-content-layout":"","ast-site-content-layout":"default","site-content-style":"default","site-sidebar-style":"default","ast-global-header-display":"","ast-banner-title-visibility":"","ast-main-header-display":"","ast-hfb-above-header-display":"","ast-hfb-below-header-display":"","ast-hfb-mobile-header-display":"","site-post-title":"","ast-breadcrumbs-content":"","ast-featured-img":"","footer-sml-layout":"","theme-transparent-header-meta":"","adv-header-id-meta":"","stick-header-meta":"","header-above-stick-meta":"","header-main-stick-meta":"","header-below-stick-meta":"","astra-migrate-meta-layouts":"default","ast-page-background-enabled":"default","ast-page-background-meta":{"desktop":{"background-color":"","background-image":"","background-repeat":"repeat","background-position":"center center","background-size":"auto","background-attachment":"scroll","background-type":"","background-media":"","overlay-type":"","overlay-color":"","overlay-opacity":"","overlay-gradient":""},"tablet":{"background-color":"","background-image":"","background-repeat":"repeat","background-position":"center center","background-size":"auto","background-attachment":"scroll","background-type":"","background-media":"","overlay-type":"","overlay-color":"","overlay-opacity":"","overlay-gradient":""},"mobile":{"background-color":"","background-image":"","background-repeat":"repeat","background-position":"center center","background-size":"auto","background-attachment":"scroll","background-type":"","background-media":"","overlay-type":"","overlay-color":"","overlay-opacity":"","overlay-gradient":""}},"ast-content-background-meta":{"desktop":{"background-color":"var(--ast-global-color-5)","background-image":"","background-repeat":"repeat","background-position":"center center","background-size":"auto","background-attachment":"scroll","background-type":"","background-media":"","overlay-type":"","overlay-color":"","overlay-opacity":"","overlay-gradient":""},"tablet":{"background-color":"var(--ast-global-color-5)","background-image":"","background-repeat":"repeat","background-position":"center center","background-size":"auto","background-attachment":"scroll","background-type":"","background-media":"","overlay-type":"","overlay-color":"","overlay-opacity":"","overlay-gradient":""},"mobile":{"background-color":"var(--ast-global-color-5)","background-image":"","background-repeat":"repeat","background-position":"center center","background-size":"auto","background-attachment":"scroll","background-type":"","background-media":"","overlay-type":"","overlay-color":"","overlay-opacity":"","overlay-gradient":""}}},"product_brand":[],"product_cat":[22956],"product_tag":[],"class_list":{"0":"post-504485","1":"product","2":"type-product","3":"status-publish","4":"has-post-thumbnail","6":"product_cat-keine-kategorie","7":"desktop-align-center","8":"tablet-align-center","9":"mobile-align-center","10":"ast-product-gallery-layout-horizontal","11":"ast-product-tabs-layout-horizontal","13":"first","14":"instock","15":"taxable","16":"shipping-taxable","17":"purchasable","18":"product-type-simple"},"acf":[],"yoast_head":"<!-- This site is optimized with the Yoast SEO plugin v26.5 - https:\/\/yoast.com\/wordpress\/plugins\/seo\/ -->\n<title>\u00dcberwachungskamera f\u00fcr au\u00dfen - WiFi - Smart Home App - Nachtansicht - Full HD - wasserfest (HWC404) - Caliber Europe B.V.<\/title>\n<meta name=\"robots\" content=\"noindex, follow, max-snippet:-1, max-image-preview:large, max-video-preview:-1\" \/>\n<meta property=\"og:locale\" content=\"de_DE\" \/>\n<meta property=\"og:type\" content=\"article\" \/>\n<meta property=\"og:title\" content=\"\u00dcberwachungskamera f\u00fcr au\u00dfen - WiFi - Smart Home App - Nachtansicht - Full HD - wasserfest (HWC404) - Caliber Europe B.V.\" \/>\n<meta property=\"og:description\" content=\"Einbr\u00fcche vermeiden und mit der Caliber HWC404 -\u00dcberwachungskamera f\u00fcr au\u00dfen auf die Au\u00dfenseite Ihres Hauses im Auge behalten. Die Outdoor -Kamera ist einfach drahtlos \u00fcber die kostenlose Smart -Home -App zu bedienen. \u00dcber wifi Fotos, Aufnahmen und Benachrichtigungen werden an Ihr Telefon gesendet, so dass Sie immer wissen, was drau\u00dfen vor sich geht. Dank der [&hellip;]\" \/>\n<meta property=\"og:url\" content=\"https:\/\/b2b.calibereurope.com\/de\/produkt\/hwc404-de_de\/\" \/>\n<meta property=\"og:site_name\" content=\"Caliber Europe B.V.\" \/>\n<meta property=\"article:modified_time\" content=\"2023-11-28T12:58:51+00:00\" \/>\n<meta property=\"og:image\" content=\"https:\/\/b2b.calibereurope.com\/wp-content\/uploads\/2021\/09\/22df645fd2571ded9578394e06599a98e96e5be6_HWC404.jpg\" \/>\n\t<meta property=\"og:image:width\" content=\"1024\" \/>\n\t<meta property=\"og:image:height\" content=\"768\" \/>\n\t<meta property=\"og:image:type\" content=\"image\/jpeg\" \/>\n<meta name=\"twitter:card\" content=\"summary_large_image\" \/>\n<meta name=\"twitter:label1\" content=\"Gesch\u00e4tzte Lesezeit\" \/>\n\t<meta name=\"twitter:data1\" content=\"2\u00a0Minuten\" \/>\n<script type=\"application\/ld+json\" class=\"yoast-schema-graph\">{\"@context\":\"https:\/\/schema.org\",\"@graph\":[{\"@type\":\"WebPage\",\"@id\":\"https:\/\/b2b.calibereurope.com\/de\/produkt\/hwc404-de_de\/\",\"url\":\"https:\/\/b2b.calibereurope.com\/de\/produkt\/hwc404-de_de\/\",\"name\":\"\u00dcberwachungskamera f\u00fcr au\u00dfen - WiFi - Smart Home App - Nachtansicht - Full HD - wasserfest (HWC404) - Caliber Europe B.V.\",\"isPartOf\":{\"@id\":\"https:\/\/b2b.calibereurope.com\/#website\"},\"primaryImageOfPage\":{\"@id\":\"https:\/\/b2b.calibereurope.com\/de\/produkt\/hwc404-de_de\/#primaryimage\"},\"image\":{\"@id\":\"https:\/\/b2b.calibereurope.com\/de\/produkt\/hwc404-de_de\/#primaryimage\"},\"thumbnailUrl\":\"https:\/\/b2b.calibereurope.com\/wp-content\/uploads\/2023\/11\/22df645fd2571ded9578394e06599a98e96e5be6_HWC404.jpg\",\"datePublished\":\"2023-11-28T00:00:00+00:00\",\"dateModified\":\"2023-11-28T12:58:51+00:00\",\"breadcrumb\":{\"@id\":\"https:\/\/b2b.calibereurope.com\/de\/produkt\/hwc404-de_de\/#breadcrumb\"},\"inLanguage\":\"de\",\"potentialAction\":[{\"@type\":\"ReadAction\",\"target\":[\"https:\/\/b2b.calibereurope.com\/de\/produkt\/hwc404-de_de\/\"]}]},{\"@type\":\"ImageObject\",\"inLanguage\":\"de\",\"@id\":\"https:\/\/b2b.calibereurope.com\/de\/produkt\/hwc404-de_de\/#primaryimage\",\"url\":\"https:\/\/b2b.calibereurope.com\/wp-content\/uploads\/2023\/11\/22df645fd2571ded9578394e06599a98e96e5be6_HWC404.jpg\",\"contentUrl\":\"https:\/\/b2b.calibereurope.com\/wp-content\/uploads\/2023\/11\/22df645fd2571ded9578394e06599a98e96e5be6_HWC404.jpg\",\"width\":1024,\"height\":768},{\"@type\":\"BreadcrumbList\",\"@id\":\"https:\/\/b2b.calibereurope.com\/de\/produkt\/hwc404-de_de\/#breadcrumb\",\"itemListElement\":[{\"@type\":\"ListItem\",\"position\":1,\"name\":\"Home\",\"item\":\"https:\/\/b2b.calibereurope.com\/de\/\"},{\"@type\":\"ListItem\",\"position\":2,\"name\":\"Shop\",\"item\":\"https:\/\/b2b.calibereurope.com\/de\/shop\/\"},{\"@type\":\"ListItem\",\"position\":3,\"name\":\"Smart-Kamera mit LED-Scheinwerfern (HWC404)\"}]},{\"@type\":\"WebSite\",\"@id\":\"https:\/\/b2b.calibereurope.com\/#website\",\"url\":\"https:\/\/b2b.calibereurope.com\/\",\"name\":\"Caliber Europe B.V.\",\"description\":\"B2B Webshop\",\"publisher\":{\"@id\":\"https:\/\/b2b.calibereurope.com\/#organization\"},\"potentialAction\":[{\"@type\":\"SearchAction\",\"target\":{\"@type\":\"EntryPoint\",\"urlTemplate\":\"https:\/\/b2b.calibereurope.com\/?s={search_term_string}\"},\"query-input\":{\"@type\":\"PropertyValueSpecification\",\"valueRequired\":true,\"valueName\":\"search_term_string\"}}],\"inLanguage\":\"de\"},{\"@type\":\"Organization\",\"@id\":\"https:\/\/b2b.calibereurope.com\/#organization\",\"name\":\"Caliber Europe B.V.\",\"url\":\"https:\/\/b2b.calibereurope.com\/\",\"logo\":{\"@type\":\"ImageObject\",\"inLanguage\":\"de\",\"@id\":\"https:\/\/b2b.calibereurope.com\/#\/schema\/logo\/image\/\",\"url\":\"https:\/\/b2b.calibereurope.com\/wp-content\/uploads\/2020\/12\/Caliber_Logo-Black.png\",\"contentUrl\":\"https:\/\/b2b.calibereurope.com\/wp-content\/uploads\/2020\/12\/Caliber_Logo-Black.png\",\"width\":3157,\"height\":356,\"caption\":\"Caliber Europe B.V.\"},\"image\":{\"@id\":\"https:\/\/b2b.calibereurope.com\/#\/schema\/logo\/image\/\"}}]}<\/script>\n<!-- \/ Yoast SEO plugin. -->","yoast_head_json":{"title":"\u00dcberwachungskamera f\u00fcr au\u00dfen - WiFi - Smart Home App - Nachtansicht - Full HD - wasserfest (HWC404) - Caliber Europe B.V.","robots":{"index":"noindex","follow":"follow","max-snippet":"max-snippet:-1","max-image-preview":"max-image-preview:large","max-video-preview":"max-video-preview:-1"},"og_locale":"de_DE","og_type":"article","og_title":"\u00dcberwachungskamera f\u00fcr au\u00dfen - WiFi - Smart Home App - Nachtansicht - Full HD - wasserfest (HWC404) - Caliber Europe B.V.","og_description":"Einbr\u00fcche vermeiden und mit der Caliber HWC404 -\u00dcberwachungskamera f\u00fcr au\u00dfen auf die Au\u00dfenseite Ihres Hauses im Auge behalten. Die Outdoor -Kamera ist einfach drahtlos \u00fcber die kostenlose Smart -Home -App zu bedienen. \u00dcber wifi Fotos, Aufnahmen und Benachrichtigungen werden an Ihr Telefon gesendet, so dass Sie immer wissen, was drau\u00dfen vor sich geht. Dank der [&hellip;]","og_url":"https:\/\/b2b.calibereurope.com\/de\/produkt\/hwc404-de_de\/","og_site_name":"Caliber Europe B.V.","article_modified_time":"2023-11-28T12:58:51+00:00","og_image":[{"width":1024,"height":768,"url":"https:\/\/b2b.calibereurope.com\/wp-content\/uploads\/2021\/09\/22df645fd2571ded9578394e06599a98e96e5be6_HWC404.jpg","type":"image\/jpeg"}],"twitter_card":"summary_large_image","twitter_misc":{"Gesch\u00e4tzte Lesezeit":"2\u00a0Minuten"},"schema":{"@context":"https:\/\/schema.org","@graph":[{"@type":"WebPage","@id":"https:\/\/b2b.calibereurope.com\/de\/produkt\/hwc404-de_de\/","url":"https:\/\/b2b.calibereurope.com\/de\/produkt\/hwc404-de_de\/","name":"\u00dcberwachungskamera f\u00fcr au\u00dfen - WiFi - Smart Home App - Nachtansicht - Full HD - wasserfest (HWC404) - Caliber Europe B.V.","isPartOf":{"@id":"https:\/\/b2b.calibereurope.com\/#website"},"primaryImageOfPage":{"@id":"https:\/\/b2b.calibereurope.com\/de\/produkt\/hwc404-de_de\/#primaryimage"},"image":{"@id":"https:\/\/b2b.calibereurope.com\/de\/produkt\/hwc404-de_de\/#primaryimage"},"thumbnailUrl":"https:\/\/b2b.calibereurope.com\/wp-content\/uploads\/2023\/11\/22df645fd2571ded9578394e06599a98e96e5be6_HWC404.jpg","datePublished":"2023-11-28T00:00:00+00:00","dateModified":"2023-11-28T12:58:51+00:00","breadcrumb":{"@id":"https:\/\/b2b.calibereurope.com\/de\/produkt\/hwc404-de_de\/#breadcrumb"},"inLanguage":"de","potentialAction":[{"@type":"ReadAction","target":["https:\/\/b2b.calibereurope.com\/de\/produkt\/hwc404-de_de\/"]}]},{"@type":"ImageObject","inLanguage":"de","@id":"https:\/\/b2b.calibereurope.com\/de\/produkt\/hwc404-de_de\/#primaryimage","url":"https:\/\/b2b.calibereurope.com\/wp-content\/uploads\/2023\/11\/22df645fd2571ded9578394e06599a98e96e5be6_HWC404.jpg","contentUrl":"https:\/\/b2b.calibereurope.com\/wp-content\/uploads\/2023\/11\/22df645fd2571ded9578394e06599a98e96e5be6_HWC404.jpg","width":1024,"height":768},{"@type":"BreadcrumbList","@id":"https:\/\/b2b.calibereurope.com\/de\/produkt\/hwc404-de_de\/#breadcrumb","itemListElement":[{"@type":"ListItem","position":1,"name":"Home","item":"https:\/\/b2b.calibereurope.com\/de\/"},{"@type":"ListItem","position":2,"name":"Shop","item":"https:\/\/b2b.calibereurope.com\/de\/shop\/"},{"@type":"ListItem","position":3,"name":"Smart-Kamera mit LED-Scheinwerfern (HWC404)"}]},{"@type":"WebSite","@id":"https:\/\/b2b.calibereurope.com\/#website","url":"https:\/\/b2b.calibereurope.com\/","name":"Caliber Europe B.V.","description":"B2B Webshop","publisher":{"@id":"https:\/\/b2b.calibereurope.com\/#organization"},"potentialAction":[{"@type":"SearchAction","target":{"@type":"EntryPoint","urlTemplate":"https:\/\/b2b.calibereurope.com\/?s={search_term_string}"},"query-input":{"@type":"PropertyValueSpecification","valueRequired":true,"valueName":"search_term_string"}}],"inLanguage":"de"},{"@type":"Organization","@id":"https:\/\/b2b.calibereurope.com\/#organization","name":"Caliber Europe B.V.","url":"https:\/\/b2b.calibereurope.com\/","logo":{"@type":"ImageObject","inLanguage":"de","@id":"https:\/\/b2b.calibereurope.com\/#\/schema\/logo\/image\/","url":"https:\/\/b2b.calibereurope.com\/wp-content\/uploads\/2020\/12\/Caliber_Logo-Black.png","contentUrl":"https:\/\/b2b.calibereurope.com\/wp-content\/uploads\/2020\/12\/Caliber_Logo-Black.png","width":3157,"height":356,"caption":"Caliber Europe B.V."},"image":{"@id":"https:\/\/b2b.calibereurope.com\/#\/schema\/logo\/image\/"}}]}},"_links":{"self":[{"href":"https:\/\/b2b.calibereurope.com\/de\/wp-json\/wp\/v2\/product\/504485","targetHints":{"allow":["GET"]}}],"collection":[{"href":"https:\/\/b2b.calibereurope.com\/de\/wp-json\/wp\/v2\/product"}],"about":[{"href":"https:\/\/b2b.calibereurope.com\/de\/wp-json\/wp\/v2\/types\/product"}],"version-history":[{"count":0,"href":"https:\/\/b2b.calibereurope.com\/de\/wp-json\/wp\/v2\/product\/504485\/revisions"}],"wp:featuredmedia":[{"embeddable":true,"href":"https:\/\/b2b.calibereurope.com\/de\/wp-json\/wp\/v2\/media\/839580"}],"wp:attachment":[{"href":"https:\/\/b2b.calibereurope.com\/de\/wp-json\/wp\/v2\/media?parent=504485"}],"wp:term":[{"taxonomy":"product_brand","embeddable":true,"href":"https:\/\/b2b.calibereurope.com\/de\/wp-json\/wp\/v2\/product_brand?post=504485"},{"taxonomy":"product_cat","embeddable":true,"href":"https:\/\/b2b.calibereurope.com\/de\/wp-json\/wp\/v2\/product_cat?post=504485"},{"taxonomy":"product_tag","embeddable":true,"href":"https:\/\/b2b.calibereurope.com\/de\/wp-json\/wp\/v2\/product_tag?post=504485"}],"curies":[{"name":"wp","href":"https:\/\/api.w.org\/{rel}","templated":true}]}}