{"id":504965,"date":"2025-11-24T01:00:00","date_gmt":"2025-11-24T00:00:00","guid":{"rendered":"0"},"modified":"2025-11-24T10:44:21","modified_gmt":"2025-11-24T09:44:21","slug":"RMD402DAB-BT-de_DE","status":"publish","type":"product","link":"https:\/\/b2b.calibereurope.com\/de\/produkt\/RMD402DAB-BT-de_DE\/","title":{"rendered":"DAB+ Autoradio mit Bluetooth &#8211; USB, SD und AUX &#8211; 1 DIN &#8211; Zus\u00e4tzlicher USB &#8211; Kameraanschluss (RMD402DAB-BT)"},"content":{"rendered":"<p>H\u00f6ren Sie unterwegs ununterbrochen Musik, Podcasts und Radio mit diesem modernen Caliber RMD402DAB-BT DAB+ Autoradio mit Bluetooth. Schlie\u00dfen Sie Ihr Smartphone \u00fcber <strong>Bluetooth\u00ae <\/strong>oder <strong>AUX <\/strong>an und spielen Sie Ihre Lieblingstitel ab. H\u00f6ren Sie lieber Radio? Dank des <strong>DAB+ und FM-Tuners <\/strong>finden Sie alle gew\u00fcnschten Sender. Das <strong>gro\u00dfe 4-Zoll-Display <\/strong>zeigt immer an, was Sie gerade h\u00f6ren. Stellen Sie <strong>Bass, Treble, Fader und Balance <\/strong>nach Ihrem Geschmack ein, damit Sie die Musik in vollen Z\u00fcgen genie\u00dfen k\u00f6nnen. \u00dcber den <strong>USB-Ausgang <\/strong>k\u00f6nnen Sie Ihr Telefon ganz einfach aufladen, damit Sie aufgeladen ankommen.<\/p>\n<p><\/p>\n<p><strong>Merkmale:<\/strong><\/p>\n<ul>\n<li>DAB+ \/ FM-Tuner \/ AUX-Eingang<\/li>\n<li>Helles 4-Zoll-Display<\/li>\n<li>R\u00fcckfahrkamera anschlie\u00dfen<\/li>\n<li>SD- und USB-Wiedergabe (bis zu 32 GB)<\/li>\n<li>Externes Mikrofon<\/li>\n<li>Fernbedienung<\/li>\n<li>Bass, Treble, Fader und Balance einstellbar<\/li>\n<li>USB-Ausgang zum Aufladen des Telefons<\/li>\n<li>Feste Frontplatte<\/li>\n<\/ul>\n<h3>Komplettes Autoradio<\/h3>\n<p>Mit einem UKW- und einem DAB+-Tuner k\u00f6nnen Sie fast jedes Radio in Ihrem Auto abspielen. DAB+ sorgt f\u00fcr einen besseren Empfang der Sender, sodass Sie Ihre Lieblingssender problemlos h\u00f6ren k\u00f6nnen. Neben dem Radio k\u00f6nnen Sie auch Musik \u00fcber Bluetooth\u00ae, AUX-Kabel, SD-Karte und USB-Stick abspielen.<\/p>\n<h3>Modern und vielseitig<\/h3>\n<p>Dieses Bluetooth\u00ae-Autoradio ist eine echte Bereicherung f\u00fcr Ihr Auto. Das Radio verf\u00fcgt \u00fcber ein sch\u00f6nes, gro\u00dfes 4-Zoll-Display. Hier werden alle m\u00f6glichen Informationen angezeigt, z. B. die Uhrzeit, die Lautst\u00e4rke und die Bluetooth\u00ae-Verbindung. Auch das Farbthema des DAB+ Autoradios ist anpassbar, sodass Sie f\u00fcr etwas Abwechslung sorgen k\u00f6nnen. Sie tun dies ganz einfach \u00fcber das Men\u00fc, in dem Sie auch die Toneinstellungen anpassen k\u00f6nnen. Stellen Sie mehr Bass ein oder passen Sie die Balance an. Dank des mitgelieferten externen Mikrofons k\u00f6nnen Sie auch unterwegs freih\u00e4ndig telefonieren, sodass das Bluetooth\u00ae Autoradio alle Ihre Bed\u00fcrfnisse erf\u00fcllt.<\/p>\n<h3>N\u00fctzliche Extras<\/h3>\n<p>Die verschiedenen H\u00f6rm\u00f6glichkeiten und modernen Gadgets sind nicht alles, was dieses 1 DIN Autoradio zu bieten hat. Das Radio verf\u00fcgt zum Beispiel \u00fcber einen Kameraeingang, an den Sie eine R\u00fcckfahrkamera anschlie\u00dfen k\u00f6nnen, was das Einparken erheblich erleichtert. Au\u00dferdem wird das Autoradio mit Bluetooth\u00ae mit einer Fernbedienung geliefert, mit der Sie die Musik von allen Ecken des Autos aus steuern k\u00f6nnen. Sie k\u00f6nnen Ihr Smartphone auch \u00fcber den USB-Anschluss an der Vorderseite des DAB+ Autoradios aufladen. Sie k\u00f6nnen also weiterhin endlos Hits spielen und telefonieren, ohne sich Sorgen um einen leeren Akku machen zu m\u00fcssen.<\/p>\n<p><\/p>\n<p><strong>Mitgeliefert:<\/strong><\/p>\n<ul>\n<li>Caliber RMD402DAB-BT<\/li>\n<li>DAB-Antenne<\/li>\n<li>Fernbedienung<\/li>\n<li>Externes Mikrofon<\/li>\n<\/ul>\n","protected":false},"excerpt":{"rendered":"<p>H\u00f6ren Sie unterwegs ununterbrochen Musik, Podcasts und Radio mit diesem modernen Caliber RMD402DAB-BT DAB+ Autoradio mit Bluetooth. Schlie\u00dfen Sie Ihr Smartphone \u00fcber Bluetooth\u00ae oder AUX an und spielen Sie Ihre Lieblingstitel ab. H\u00f6ren Sie lieber Radio? Dank des DAB+ und FM-Tuners finden Sie alle gew\u00fcnschten Sender. Das gro\u00dfe 4-Zoll-Display zeigt immer an, was Sie gerade [&hellip;]<\/p>\n","protected":false},"featured_media":860259,"template":"","meta":{"_acf_changed":false,"site-sidebar-layout":"default","site-content-layout":"","ast-site-content-layout":"default","site-content-style":"default","site-sidebar-style":"default","ast-global-header-display":"","ast-banner-title-visibility":"","ast-main-header-display":"","ast-hfb-above-header-display":"","ast-hfb-below-header-display":"","ast-hfb-mobile-header-display":"","site-post-title":"","ast-breadcrumbs-content":"","ast-featured-img":"","footer-sml-layout":"","theme-transparent-header-meta":"","adv-header-id-meta":"","stick-header-meta":"","header-above-stick-meta":"","header-main-stick-meta":"","header-below-stick-meta":"","astra-migrate-meta-layouts":"default","ast-page-background-enabled":"default","ast-page-background-meta":{"desktop":{"background-color":"","background-image":"","background-repeat":"repeat","background-position":"center center","background-size":"auto","background-attachment":"scroll","background-type":"","background-media":"","overlay-type":"","overlay-color":"","overlay-opacity":"","overlay-gradient":""},"tablet":{"background-color":"","background-image":"","background-repeat":"repeat","background-position":"center center","background-size":"auto","background-attachment":"scroll","background-type":"","background-media":"","overlay-type":"","overlay-color":"","overlay-opacity":"","overlay-gradient":""},"mobile":{"background-color":"","background-image":"","background-repeat":"repeat","background-position":"center center","background-size":"auto","background-attachment":"scroll","background-type":"","background-media":"","overlay-type":"","overlay-color":"","overlay-opacity":"","overlay-gradient":""}},"ast-content-background-meta":{"desktop":{"background-color":"var(--ast-global-color-5)","background-image":"","background-repeat":"repeat","background-position":"center center","background-size":"auto","background-attachment":"scroll","background-type":"","background-media":"","overlay-type":"","overlay-color":"","overlay-opacity":"","overlay-gradient":""},"tablet":{"background-color":"var(--ast-global-color-5)","background-image":"","background-repeat":"repeat","background-position":"center center","background-size":"auto","background-attachment":"scroll","background-type":"","background-media":"","overlay-type":"","overlay-color":"","overlay-opacity":"","overlay-gradient":""},"mobile":{"background-color":"var(--ast-global-color-5)","background-image":"","background-repeat":"repeat","background-position":"center center","background-size":"auto","background-attachment":"scroll","background-type":"","background-media":"","overlay-type":"","overlay-color":"","overlay-opacity":"","overlay-gradient":""}}},"product_brand":[],"product_cat":[22956],"product_tag":[],"class_list":{"0":"post-504965","1":"product","2":"type-product","3":"status-publish","4":"has-post-thumbnail","6":"product_cat-keine-kategorie","7":"desktop-align-center","8":"tablet-align-center","9":"mobile-align-center","10":"ast-product-gallery-layout-horizontal","11":"ast-product-tabs-layout-horizontal","13":"first","14":"outofstock","15":"taxable","16":"shipping-taxable","17":"purchasable","18":"product-type-simple"},"acf":[],"yoast_head":"<!-- This site is optimized with the Yoast SEO plugin v26.5 - https:\/\/yoast.com\/wordpress\/plugins\/seo\/ -->\n<title>DAB+ Autoradio mit Bluetooth - USB, SD und AUX - 1 DIN - Zus\u00e4tzlicher USB - Kameraanschluss (RMD402DAB-BT) - Caliber Europe B.V.<\/title>\n<meta name=\"robots\" content=\"noindex, follow, max-snippet:-1, max-image-preview:large, max-video-preview:-1\" \/>\n<meta property=\"og:locale\" content=\"de_DE\" \/>\n<meta property=\"og:type\" content=\"article\" \/>\n<meta property=\"og:title\" content=\"DAB+ Autoradio mit Bluetooth - USB, SD und AUX - 1 DIN - Zus\u00e4tzlicher USB - Kameraanschluss (RMD402DAB-BT) - Caliber Europe B.V.\" \/>\n<meta property=\"og:description\" content=\"H\u00f6ren Sie unterwegs ununterbrochen Musik, Podcasts und Radio mit diesem modernen Caliber RMD402DAB-BT DAB+ Autoradio mit Bluetooth. Schlie\u00dfen Sie Ihr Smartphone \u00fcber Bluetooth\u00ae oder AUX an und spielen Sie Ihre Lieblingstitel ab. H\u00f6ren Sie lieber Radio? Dank des DAB+ und FM-Tuners finden Sie alle gew\u00fcnschten Sender. Das gro\u00dfe 4-Zoll-Display zeigt immer an, was Sie gerade [&hellip;]\" \/>\n<meta property=\"og:url\" content=\"https:\/\/b2b.calibereurope.com\/de\/produkt\/RMD402DAB-BT-de_DE\/\" \/>\n<meta property=\"og:site_name\" content=\"Caliber Europe B.V.\" \/>\n<meta property=\"article:modified_time\" content=\"2025-11-24T09:44:21+00:00\" \/>\n<meta property=\"og:image\" content=\"https:\/\/b2b.calibereurope.com\/wp-content\/uploads\/2021\/11\/41f0a634f8493c6b98b926a8855d36a196446ee8_RMD402DAB_BT_front.jpg\" \/>\n\t<meta property=\"og:image:width\" content=\"1134\" \/>\n\t<meta property=\"og:image:height\" content=\"850\" \/>\n\t<meta property=\"og:image:type\" content=\"image\/jpeg\" \/>\n<meta name=\"twitter:card\" content=\"summary_large_image\" \/>\n<meta name=\"twitter:label1\" content=\"Gesch\u00e4tzte Lesezeit\" \/>\n\t<meta name=\"twitter:data1\" content=\"2\u00a0Minuten\" \/>\n<script type=\"application\/ld+json\" class=\"yoast-schema-graph\">{\"@context\":\"https:\/\/schema.org\",\"@graph\":[{\"@type\":\"WebPage\",\"@id\":\"https:\/\/b2b.calibereurope.com\/de\/produkt\/RMD402DAB-BT-de_DE\/\",\"url\":\"https:\/\/b2b.calibereurope.com\/de\/produkt\/RMD402DAB-BT-de_DE\/\",\"name\":\"DAB+ Autoradio mit Bluetooth - USB, SD und AUX - 1 DIN - Zus\u00e4tzlicher USB - Kameraanschluss (RMD402DAB-BT) - Caliber Europe B.V.\",\"isPartOf\":{\"@id\":\"https:\/\/b2b.calibereurope.com\/#website\"},\"primaryImageOfPage\":{\"@id\":\"https:\/\/b2b.calibereurope.com\/de\/produkt\/RMD402DAB-BT-de_DE\/#primaryimage\"},\"image\":{\"@id\":\"https:\/\/b2b.calibereurope.com\/de\/produkt\/RMD402DAB-BT-de_DE\/#primaryimage\"},\"thumbnailUrl\":\"https:\/\/b2b.calibereurope.com\/wp-content\/uploads\/2025\/11\/41f0a634f8493c6b98b926a8855d36a196446ee8_RMD402DAB_BT_front-4.jpg\",\"datePublished\":\"2025-11-24T00:00:00+00:00\",\"dateModified\":\"2025-11-24T09:44:21+00:00\",\"breadcrumb\":{\"@id\":\"https:\/\/b2b.calibereurope.com\/de\/produkt\/RMD402DAB-BT-de_DE\/#breadcrumb\"},\"inLanguage\":\"de\",\"potentialAction\":[{\"@type\":\"ReadAction\",\"target\":[\"https:\/\/b2b.calibereurope.com\/de\/produkt\/RMD402DAB-BT-de_DE\/\"]}]},{\"@type\":\"ImageObject\",\"inLanguage\":\"de\",\"@id\":\"https:\/\/b2b.calibereurope.com\/de\/produkt\/RMD402DAB-BT-de_DE\/#primaryimage\",\"url\":\"https:\/\/b2b.calibereurope.com\/wp-content\/uploads\/2025\/11\/41f0a634f8493c6b98b926a8855d36a196446ee8_RMD402DAB_BT_front-4.jpg\",\"contentUrl\":\"https:\/\/b2b.calibereurope.com\/wp-content\/uploads\/2025\/11\/41f0a634f8493c6b98b926a8855d36a196446ee8_RMD402DAB_BT_front-4.jpg\",\"width\":1134,\"height\":850},{\"@type\":\"BreadcrumbList\",\"@id\":\"https:\/\/b2b.calibereurope.com\/de\/produkt\/RMD402DAB-BT-de_DE\/#breadcrumb\",\"itemListElement\":[{\"@type\":\"ListItem\",\"position\":1,\"name\":\"Home\",\"item\":\"https:\/\/b2b.calibereurope.com\/de\/\"},{\"@type\":\"ListItem\",\"position\":2,\"name\":\"Shop\",\"item\":\"https:\/\/b2b.calibereurope.com\/de\/shop\/\"},{\"@type\":\"ListItem\",\"position\":3,\"name\":\"Autoradio mit DAB+ und Bluetooth &#8211; Schwarz (RMD402DAB-BT)\"}]},{\"@type\":\"WebSite\",\"@id\":\"https:\/\/b2b.calibereurope.com\/#website\",\"url\":\"https:\/\/b2b.calibereurope.com\/\",\"name\":\"Caliber Europe B.V.\",\"description\":\"B2B Webshop\",\"publisher\":{\"@id\":\"https:\/\/b2b.calibereurope.com\/#organization\"},\"potentialAction\":[{\"@type\":\"SearchAction\",\"target\":{\"@type\":\"EntryPoint\",\"urlTemplate\":\"https:\/\/b2b.calibereurope.com\/?s={search_term_string}\"},\"query-input\":{\"@type\":\"PropertyValueSpecification\",\"valueRequired\":true,\"valueName\":\"search_term_string\"}}],\"inLanguage\":\"de\"},{\"@type\":\"Organization\",\"@id\":\"https:\/\/b2b.calibereurope.com\/#organization\",\"name\":\"Caliber Europe B.V.\",\"url\":\"https:\/\/b2b.calibereurope.com\/\",\"logo\":{\"@type\":\"ImageObject\",\"inLanguage\":\"de\",\"@id\":\"https:\/\/b2b.calibereurope.com\/#\/schema\/logo\/image\/\",\"url\":\"https:\/\/b2b.calibereurope.com\/wp-content\/uploads\/2020\/12\/Caliber_Logo-Black.png\",\"contentUrl\":\"https:\/\/b2b.calibereurope.com\/wp-content\/uploads\/2020\/12\/Caliber_Logo-Black.png\",\"width\":3157,\"height\":356,\"caption\":\"Caliber Europe B.V.\"},\"image\":{\"@id\":\"https:\/\/b2b.calibereurope.com\/#\/schema\/logo\/image\/\"}}]}<\/script>\n<!-- \/ Yoast SEO plugin. -->","yoast_head_json":{"title":"DAB+ Autoradio mit Bluetooth - USB, SD und AUX - 1 DIN - Zus\u00e4tzlicher USB - Kameraanschluss (RMD402DAB-BT) - Caliber Europe B.V.","robots":{"index":"noindex","follow":"follow","max-snippet":"max-snippet:-1","max-image-preview":"max-image-preview:large","max-video-preview":"max-video-preview:-1"},"og_locale":"de_DE","og_type":"article","og_title":"DAB+ Autoradio mit Bluetooth - USB, SD und AUX - 1 DIN - Zus\u00e4tzlicher USB - Kameraanschluss (RMD402DAB-BT) - Caliber Europe B.V.","og_description":"H\u00f6ren Sie unterwegs ununterbrochen Musik, Podcasts und Radio mit diesem modernen Caliber RMD402DAB-BT DAB+ Autoradio mit Bluetooth. Schlie\u00dfen Sie Ihr Smartphone \u00fcber Bluetooth\u00ae oder AUX an und spielen Sie Ihre Lieblingstitel ab. H\u00f6ren Sie lieber Radio? Dank des DAB+ und FM-Tuners finden Sie alle gew\u00fcnschten Sender. Das gro\u00dfe 4-Zoll-Display zeigt immer an, was Sie gerade [&hellip;]","og_url":"https:\/\/b2b.calibereurope.com\/de\/produkt\/RMD402DAB-BT-de_DE\/","og_site_name":"Caliber Europe B.V.","article_modified_time":"2025-11-24T09:44:21+00:00","og_image":[{"width":1134,"height":850,"url":"https:\/\/b2b.calibereurope.com\/wp-content\/uploads\/2021\/11\/41f0a634f8493c6b98b926a8855d36a196446ee8_RMD402DAB_BT_front.jpg","type":"image\/jpeg"}],"twitter_card":"summary_large_image","twitter_misc":{"Gesch\u00e4tzte Lesezeit":"2\u00a0Minuten"},"schema":{"@context":"https:\/\/schema.org","@graph":[{"@type":"WebPage","@id":"https:\/\/b2b.calibereurope.com\/de\/produkt\/RMD402DAB-BT-de_DE\/","url":"https:\/\/b2b.calibereurope.com\/de\/produkt\/RMD402DAB-BT-de_DE\/","name":"DAB+ Autoradio mit Bluetooth - USB, SD und AUX - 1 DIN - Zus\u00e4tzlicher USB - Kameraanschluss (RMD402DAB-BT) - Caliber Europe B.V.","isPartOf":{"@id":"https:\/\/b2b.calibereurope.com\/#website"},"primaryImageOfPage":{"@id":"https:\/\/b2b.calibereurope.com\/de\/produkt\/RMD402DAB-BT-de_DE\/#primaryimage"},"image":{"@id":"https:\/\/b2b.calibereurope.com\/de\/produkt\/RMD402DAB-BT-de_DE\/#primaryimage"},"thumbnailUrl":"https:\/\/b2b.calibereurope.com\/wp-content\/uploads\/2025\/11\/41f0a634f8493c6b98b926a8855d36a196446ee8_RMD402DAB_BT_front-4.jpg","datePublished":"2025-11-24T00:00:00+00:00","dateModified":"2025-11-24T09:44:21+00:00","breadcrumb":{"@id":"https:\/\/b2b.calibereurope.com\/de\/produkt\/RMD402DAB-BT-de_DE\/#breadcrumb"},"inLanguage":"de","potentialAction":[{"@type":"ReadAction","target":["https:\/\/b2b.calibereurope.com\/de\/produkt\/RMD402DAB-BT-de_DE\/"]}]},{"@type":"ImageObject","inLanguage":"de","@id":"https:\/\/b2b.calibereurope.com\/de\/produkt\/RMD402DAB-BT-de_DE\/#primaryimage","url":"https:\/\/b2b.calibereurope.com\/wp-content\/uploads\/2025\/11\/41f0a634f8493c6b98b926a8855d36a196446ee8_RMD402DAB_BT_front-4.jpg","contentUrl":"https:\/\/b2b.calibereurope.com\/wp-content\/uploads\/2025\/11\/41f0a634f8493c6b98b926a8855d36a196446ee8_RMD402DAB_BT_front-4.jpg","width":1134,"height":850},{"@type":"BreadcrumbList","@id":"https:\/\/b2b.calibereurope.com\/de\/produkt\/RMD402DAB-BT-de_DE\/#breadcrumb","itemListElement":[{"@type":"ListItem","position":1,"name":"Home","item":"https:\/\/b2b.calibereurope.com\/de\/"},{"@type":"ListItem","position":2,"name":"Shop","item":"https:\/\/b2b.calibereurope.com\/de\/shop\/"},{"@type":"ListItem","position":3,"name":"Autoradio mit DAB+ und Bluetooth &#8211; Schwarz (RMD402DAB-BT)"}]},{"@type":"WebSite","@id":"https:\/\/b2b.calibereurope.com\/#website","url":"https:\/\/b2b.calibereurope.com\/","name":"Caliber Europe B.V.","description":"B2B Webshop","publisher":{"@id":"https:\/\/b2b.calibereurope.com\/#organization"},"potentialAction":[{"@type":"SearchAction","target":{"@type":"EntryPoint","urlTemplate":"https:\/\/b2b.calibereurope.com\/?s={search_term_string}"},"query-input":{"@type":"PropertyValueSpecification","valueRequired":true,"valueName":"search_term_string"}}],"inLanguage":"de"},{"@type":"Organization","@id":"https:\/\/b2b.calibereurope.com\/#organization","name":"Caliber Europe B.V.","url":"https:\/\/b2b.calibereurope.com\/","logo":{"@type":"ImageObject","inLanguage":"de","@id":"https:\/\/b2b.calibereurope.com\/#\/schema\/logo\/image\/","url":"https:\/\/b2b.calibereurope.com\/wp-content\/uploads\/2020\/12\/Caliber_Logo-Black.png","contentUrl":"https:\/\/b2b.calibereurope.com\/wp-content\/uploads\/2020\/12\/Caliber_Logo-Black.png","width":3157,"height":356,"caption":"Caliber Europe B.V."},"image":{"@id":"https:\/\/b2b.calibereurope.com\/#\/schema\/logo\/image\/"}}]}},"_links":{"self":[{"href":"https:\/\/b2b.calibereurope.com\/de\/wp-json\/wp\/v2\/product\/504965","targetHints":{"allow":["GET"]}}],"collection":[{"href":"https:\/\/b2b.calibereurope.com\/de\/wp-json\/wp\/v2\/product"}],"about":[{"href":"https:\/\/b2b.calibereurope.com\/de\/wp-json\/wp\/v2\/types\/product"}],"version-history":[{"count":0,"href":"https:\/\/b2b.calibereurope.com\/de\/wp-json\/wp\/v2\/product\/504965\/revisions"}],"wp:featuredmedia":[{"embeddable":true,"href":"https:\/\/b2b.calibereurope.com\/de\/wp-json\/wp\/v2\/media\/860259"}],"wp:attachment":[{"href":"https:\/\/b2b.calibereurope.com\/de\/wp-json\/wp\/v2\/media?parent=504965"}],"wp:term":[{"taxonomy":"product_brand","embeddable":true,"href":"https:\/\/b2b.calibereurope.com\/de\/wp-json\/wp\/v2\/product_brand?post=504965"},{"taxonomy":"product_cat","embeddable":true,"href":"https:\/\/b2b.calibereurope.com\/de\/wp-json\/wp\/v2\/product_cat?post=504965"},{"taxonomy":"product_tag","embeddable":true,"href":"https:\/\/b2b.calibereurope.com\/de\/wp-json\/wp\/v2\/product_tag?post=504965"}],"curies":[{"name":"wp","href":"https:\/\/api.w.org\/{rel}","templated":true}]}}