{"id":505033,"date":"2024-06-11T02:00:00","date_gmt":"2024-06-11T00:00:00","guid":{"rendered":""},"modified":"2024-12-26T19:01:38","modified_gmt":"2024-12-26T18:01:38","slug":"pmt565bt-de_de","status":"publish","type":"product","link":"https:\/\/b2b.calibereurope.com\/de\/produkt\/pmt565bt-de_de\/","title":{"rendered":"FM -Sender Bluetooth f\u00fcr CAR &#8211; USB &#8211; Ruisen Reduktion &#8211; H\u00e4nde -freies Auto -Kit &#8211; Ladeger\u00e4t (PMT565BT)"},"content":{"rendered":"<p> Erweitern Sie jedes Auto leicht mit Bluetooth \u00fcber den Caliber PMT565BT -FM -Sender. Platzieren Sie den Bluetooth -FM -Sender auf dem Armaturenbrett Ihres Autos und verbinden Sie sich mit dem FM -Radioskanal <\/strong> auf dem <strong> Big Display <\/strong>. Sie haben also <strong> <\/strong> ein modernes <strong> Auto -Kit in Ihrem Auto <\/strong> ohne in ein neues Auto -Radio zu investieren. \u00dcber das 12 -V -Zigaretten -Feuerzeug versorgen Sie dem Sender mit Strom. Sie k\u00f6nnen den FM -Sender \u00fcber <strong> Bluetooth <\/strong> \u00fcber <strong> Bluetooth <\/strong> im Auto aus dem Auto streamen. Dank des <strong> doppelten USB -Anschlusses <\/strong> ist auch <strong> Lade 2 Smartphones <\/strong> m\u00f6glich. <\/p>\n<p> <strong> Funktionen: <\/strong> <\/p>\n<ul>\n<li> Bluetooth \u00fcber FM verbinden Sie sich mit Ihrem Auto <l> 2 USB -Anschl\u00fcsse (1 schnelles Ladeger\u00e4t)\n<li> micro -sd spiel\n<li> 87.6 -107,9 MHz Frequenzgetriebe\n<li> Handsfree Call mit Mikrofon\n<li> Hintergrundrauschen kostenlos aufrufen\n<li> automatische Bluetooth -Reconnection\n<li> kompatibel mit Bluetooth -Smartphones <l> MP3\/ kompatibel WMA\/ape\/wav\/flac <lac <lac <lac <Lac Autoplug <\/li>\n<\/ul>\n<h3> Die besten Melodien auf der Stra\u00dfe <\/h3>\n<p> Genie\u00dfen Sie alle Ihre Lieblingslieder w\u00e4hrend des langen und kurzen Autoes Reisen. Mit der FM -Antenne k\u00f6nnen Sie leicht Ihren eigenen Wiedergabelisten und Podcasts h\u00f6ren. Indem Sie Ihr Smartphone mit dem FM -Kanal anschlie\u00dfen, kann es m\u00f6glich sein, Ihre eigene Musik mit Ihrem Auto -Radio zu streamen. Mit dem Bluetooth -Kanal k\u00f6nnen Sie Ihre eigene Musik h\u00f6ren, auch wenn Ihr Auto -Radio keine Bluetooth -Technologie hat. <\/p>\n<h3> laut und klar, um verstanden zu werden. <\/h3>\n<p> Der FM -Sender ist mit einem Mikrofon ausgestattet. Damit k\u00f6nnen Sie Gespr\u00e4che unterwegs f\u00fchren und sind immer gut verstanden. Dank der L\u00e4rmreduzierung sind Sie auch auf gesch\u00e4ftigen Stra\u00dfen eindeutig verst\u00e4ndlich. Durch die Verwendung von Sprachsteuerung k\u00f6nnen Sie H\u00e4nde nennen -noch sicherer. Sie schalten die Sprachsteuerung ein, indem Sie den Drehknopf an der Vorderseite des Displays dr\u00fccken. Nachdem Sie dies aktiviert haben, bietet Siri oder Voice Assistant ein sorgloses Handelerlebnis. <\/p>\n<h3> Einfach zu verbinden <\/h3>\n<p> Der FM -Sender mit Bluetooth ist innerhalb weniger Sekunden in Ihrem Auto angebracht. Sie legen einfach den Fu\u00df auf das Armaturenbrett. Sie k\u00f6nnen dann den mitgelieferten Adapter an das 12 -Volt -Zigaretten -Feuerzeug in Ihrem Auto anschlie\u00dfen. Zuh\u00f6ren kann beginnen! <\/p>\n","protected":false},"excerpt":{"rendered":"<p>Erweitern Sie jedes Auto leicht mit Bluetooth \u00fcber den Caliber PMT565BT -FM -Sender. Platzieren Sie den Bluetooth -FM -Sender auf dem Armaturenbrett Ihres Autos und verbinden Sie sich mit dem FM -Radioskanal auf dem Big Display . Sie haben also ein modernes Auto -Kit in Ihrem Auto ohne in ein neues Auto -Radio zu investieren. [&hellip;]<\/p>\n","protected":false},"featured_media":845442,"template":"","meta":{"_acf_changed":false,"site-sidebar-layout":"default","site-content-layout":"","ast-site-content-layout":"default","site-content-style":"default","site-sidebar-style":"default","ast-global-header-display":"","ast-banner-title-visibility":"","ast-main-header-display":"","ast-hfb-above-header-display":"","ast-hfb-below-header-display":"","ast-hfb-mobile-header-display":"","site-post-title":"","ast-breadcrumbs-content":"","ast-featured-img":"","footer-sml-layout":"","theme-transparent-header-meta":"","adv-header-id-meta":"","stick-header-meta":"","header-above-stick-meta":"","header-main-stick-meta":"","header-below-stick-meta":"","astra-migrate-meta-layouts":"default","ast-page-background-enabled":"default","ast-page-background-meta":{"desktop":{"background-color":"","background-image":"","background-repeat":"repeat","background-position":"center center","background-size":"auto","background-attachment":"scroll","background-type":"","background-media":"","overlay-type":"","overlay-color":"","overlay-opacity":"","overlay-gradient":""},"tablet":{"background-color":"","background-image":"","background-repeat":"repeat","background-position":"center center","background-size":"auto","background-attachment":"scroll","background-type":"","background-media":"","overlay-type":"","overlay-color":"","overlay-opacity":"","overlay-gradient":""},"mobile":{"background-color":"","background-image":"","background-repeat":"repeat","background-position":"center center","background-size":"auto","background-attachment":"scroll","background-type":"","background-media":"","overlay-type":"","overlay-color":"","overlay-opacity":"","overlay-gradient":""}},"ast-content-background-meta":{"desktop":{"background-color":"var(--ast-global-color-5)","background-image":"","background-repeat":"repeat","background-position":"center center","background-size":"auto","background-attachment":"scroll","background-type":"","background-media":"","overlay-type":"","overlay-color":"","overlay-opacity":"","overlay-gradient":""},"tablet":{"background-color":"var(--ast-global-color-5)","background-image":"","background-repeat":"repeat","background-position":"center center","background-size":"auto","background-attachment":"scroll","background-type":"","background-media":"","overlay-type":"","overlay-color":"","overlay-opacity":"","overlay-gradient":""},"mobile":{"background-color":"var(--ast-global-color-5)","background-image":"","background-repeat":"repeat","background-position":"center center","background-size":"auto","background-attachment":"scroll","background-type":"","background-media":"","overlay-type":"","overlay-color":"","overlay-opacity":"","overlay-gradient":""}}},"product_brand":[],"product_cat":[22956],"product_tag":[],"class_list":{"0":"post-505033","1":"product","2":"type-product","3":"status-publish","4":"has-post-thumbnail","6":"product_cat-keine-kategorie","7":"desktop-align-center","8":"tablet-align-center","9":"mobile-align-center","10":"ast-product-gallery-layout-horizontal","11":"ast-product-tabs-layout-horizontal","13":"first","14":"instock","15":"taxable","16":"shipping-taxable","17":"purchasable","18":"product-type-simple"},"acf":[],"yoast_head":"<!-- This site is optimized with the Yoast SEO plugin v26.5 - https:\/\/yoast.com\/wordpress\/plugins\/seo\/ -->\n<title>FM -Sender Bluetooth f\u00fcr CAR - USB - Ruisen Reduktion - H\u00e4nde -freies Auto -Kit - Ladeger\u00e4t (PMT565BT) - Caliber Europe B.V.<\/title>\n<meta name=\"robots\" content=\"noindex, follow, max-snippet:-1, max-image-preview:large, max-video-preview:-1\" \/>\n<meta property=\"og:locale\" content=\"de_DE\" \/>\n<meta property=\"og:type\" content=\"article\" \/>\n<meta property=\"og:title\" content=\"FM -Sender Bluetooth f\u00fcr CAR - USB - Ruisen Reduktion - H\u00e4nde -freies Auto -Kit - Ladeger\u00e4t (PMT565BT) - Caliber Europe B.V.\" \/>\n<meta property=\"og:description\" content=\"Erweitern Sie jedes Auto leicht mit Bluetooth \u00fcber den Caliber PMT565BT -FM -Sender. Platzieren Sie den Bluetooth -FM -Sender auf dem Armaturenbrett Ihres Autos und verbinden Sie sich mit dem FM -Radioskanal auf dem Big Display . Sie haben also ein modernes Auto -Kit in Ihrem Auto ohne in ein neues Auto -Radio zu investieren. [&hellip;]\" \/>\n<meta property=\"og:url\" content=\"https:\/\/b2b.calibereurope.com\/de\/produkt\/pmt565bt-de_de\/\" \/>\n<meta property=\"og:site_name\" content=\"Caliber Europe B.V.\" \/>\n<meta property=\"article:modified_time\" content=\"2024-12-26T18:01:38+00:00\" \/>\n<meta property=\"og:image\" content=\"https:\/\/b2b.calibereurope.com\/wp-content\/uploads\/2021\/09\/1024bcb60b1ab77bc02a1420a68b669a59ca68b5_PMT565BT_front.jpg\" \/>\n\t<meta property=\"og:image:width\" content=\"1024\" \/>\n\t<meta property=\"og:image:height\" content=\"768\" \/>\n\t<meta property=\"og:image:type\" content=\"image\/jpeg\" \/>\n<meta name=\"twitter:card\" content=\"summary_large_image\" \/>\n<meta name=\"twitter:label1\" content=\"Gesch\u00e4tzte Lesezeit\" \/>\n\t<meta name=\"twitter:data1\" content=\"1\u00a0Minute\" \/>\n<script type=\"application\/ld+json\" class=\"yoast-schema-graph\">{\"@context\":\"https:\/\/schema.org\",\"@graph\":[{\"@type\":\"WebPage\",\"@id\":\"https:\/\/b2b.calibereurope.com\/de\/produkt\/pmt565bt-de_de\/\",\"url\":\"https:\/\/b2b.calibereurope.com\/de\/produkt\/pmt565bt-de_de\/\",\"name\":\"FM -Sender Bluetooth f\u00fcr CAR - USB - Ruisen Reduktion - H\u00e4nde -freies Auto -Kit - Ladeger\u00e4t (PMT565BT) - Caliber Europe B.V.\",\"isPartOf\":{\"@id\":\"https:\/\/b2b.calibereurope.com\/#website\"},\"primaryImageOfPage\":{\"@id\":\"https:\/\/b2b.calibereurope.com\/de\/produkt\/pmt565bt-de_de\/#primaryimage\"},\"image\":{\"@id\":\"https:\/\/b2b.calibereurope.com\/de\/produkt\/pmt565bt-de_de\/#primaryimage\"},\"thumbnailUrl\":\"https:\/\/b2b.calibereurope.com\/wp-content\/uploads\/2024\/06\/1024bcb60b1ab77bc02a1420a68b669a59ca68b5_PMT565BT_front.jpg\",\"datePublished\":\"2024-06-11T00:00:00+00:00\",\"dateModified\":\"2024-12-26T18:01:38+00:00\",\"breadcrumb\":{\"@id\":\"https:\/\/b2b.calibereurope.com\/de\/produkt\/pmt565bt-de_de\/#breadcrumb\"},\"inLanguage\":\"de\",\"potentialAction\":[{\"@type\":\"ReadAction\",\"target\":[\"https:\/\/b2b.calibereurope.com\/de\/produkt\/pmt565bt-de_de\/\"]}]},{\"@type\":\"ImageObject\",\"inLanguage\":\"de\",\"@id\":\"https:\/\/b2b.calibereurope.com\/de\/produkt\/pmt565bt-de_de\/#primaryimage\",\"url\":\"https:\/\/b2b.calibereurope.com\/wp-content\/uploads\/2024\/06\/1024bcb60b1ab77bc02a1420a68b669a59ca68b5_PMT565BT_front.jpg\",\"contentUrl\":\"https:\/\/b2b.calibereurope.com\/wp-content\/uploads\/2024\/06\/1024bcb60b1ab77bc02a1420a68b669a59ca68b5_PMT565BT_front.jpg\",\"width\":1024,\"height\":768},{\"@type\":\"BreadcrumbList\",\"@id\":\"https:\/\/b2b.calibereurope.com\/de\/produkt\/pmt565bt-de_de\/#breadcrumb\",\"itemListElement\":[{\"@type\":\"ListItem\",\"position\":1,\"name\":\"Home\",\"item\":\"https:\/\/b2b.calibereurope.com\/de\/\"},{\"@type\":\"ListItem\",\"position\":2,\"name\":\"Shop\",\"item\":\"https:\/\/b2b.calibereurope.com\/de\/shop\/\"},{\"@type\":\"ListItem\",\"position\":3,\"name\":\"FM-Transmitter mit Sprachassistent &#8211; Schwarz (PMT565BT)\"}]},{\"@type\":\"WebSite\",\"@id\":\"https:\/\/b2b.calibereurope.com\/#website\",\"url\":\"https:\/\/b2b.calibereurope.com\/\",\"name\":\"Caliber Europe B.V.\",\"description\":\"B2B Webshop\",\"publisher\":{\"@id\":\"https:\/\/b2b.calibereurope.com\/#organization\"},\"potentialAction\":[{\"@type\":\"SearchAction\",\"target\":{\"@type\":\"EntryPoint\",\"urlTemplate\":\"https:\/\/b2b.calibereurope.com\/?s={search_term_string}\"},\"query-input\":{\"@type\":\"PropertyValueSpecification\",\"valueRequired\":true,\"valueName\":\"search_term_string\"}}],\"inLanguage\":\"de\"},{\"@type\":\"Organization\",\"@id\":\"https:\/\/b2b.calibereurope.com\/#organization\",\"name\":\"Caliber Europe B.V.\",\"url\":\"https:\/\/b2b.calibereurope.com\/\",\"logo\":{\"@type\":\"ImageObject\",\"inLanguage\":\"de\",\"@id\":\"https:\/\/b2b.calibereurope.com\/#\/schema\/logo\/image\/\",\"url\":\"https:\/\/b2b.calibereurope.com\/wp-content\/uploads\/2020\/12\/Caliber_Logo-Black.png\",\"contentUrl\":\"https:\/\/b2b.calibereurope.com\/wp-content\/uploads\/2020\/12\/Caliber_Logo-Black.png\",\"width\":3157,\"height\":356,\"caption\":\"Caliber Europe B.V.\"},\"image\":{\"@id\":\"https:\/\/b2b.calibereurope.com\/#\/schema\/logo\/image\/\"}}]}<\/script>\n<!-- \/ Yoast SEO plugin. -->","yoast_head_json":{"title":"FM -Sender Bluetooth f\u00fcr CAR - USB - Ruisen Reduktion - H\u00e4nde -freies Auto -Kit - Ladeger\u00e4t (PMT565BT) - Caliber Europe B.V.","robots":{"index":"noindex","follow":"follow","max-snippet":"max-snippet:-1","max-image-preview":"max-image-preview:large","max-video-preview":"max-video-preview:-1"},"og_locale":"de_DE","og_type":"article","og_title":"FM -Sender Bluetooth f\u00fcr CAR - USB - Ruisen Reduktion - H\u00e4nde -freies Auto -Kit - Ladeger\u00e4t (PMT565BT) - Caliber Europe B.V.","og_description":"Erweitern Sie jedes Auto leicht mit Bluetooth \u00fcber den Caliber PMT565BT -FM -Sender. Platzieren Sie den Bluetooth -FM -Sender auf dem Armaturenbrett Ihres Autos und verbinden Sie sich mit dem FM -Radioskanal auf dem Big Display . Sie haben also ein modernes Auto -Kit in Ihrem Auto ohne in ein neues Auto -Radio zu investieren. [&hellip;]","og_url":"https:\/\/b2b.calibereurope.com\/de\/produkt\/pmt565bt-de_de\/","og_site_name":"Caliber Europe B.V.","article_modified_time":"2024-12-26T18:01:38+00:00","og_image":[{"width":1024,"height":768,"url":"https:\/\/b2b.calibereurope.com\/wp-content\/uploads\/2021\/09\/1024bcb60b1ab77bc02a1420a68b669a59ca68b5_PMT565BT_front.jpg","type":"image\/jpeg"}],"twitter_card":"summary_large_image","twitter_misc":{"Gesch\u00e4tzte Lesezeit":"1\u00a0Minute"},"schema":{"@context":"https:\/\/schema.org","@graph":[{"@type":"WebPage","@id":"https:\/\/b2b.calibereurope.com\/de\/produkt\/pmt565bt-de_de\/","url":"https:\/\/b2b.calibereurope.com\/de\/produkt\/pmt565bt-de_de\/","name":"FM -Sender Bluetooth f\u00fcr CAR - USB - Ruisen Reduktion - H\u00e4nde -freies Auto -Kit - Ladeger\u00e4t (PMT565BT) - Caliber Europe B.V.","isPartOf":{"@id":"https:\/\/b2b.calibereurope.com\/#website"},"primaryImageOfPage":{"@id":"https:\/\/b2b.calibereurope.com\/de\/produkt\/pmt565bt-de_de\/#primaryimage"},"image":{"@id":"https:\/\/b2b.calibereurope.com\/de\/produkt\/pmt565bt-de_de\/#primaryimage"},"thumbnailUrl":"https:\/\/b2b.calibereurope.com\/wp-content\/uploads\/2024\/06\/1024bcb60b1ab77bc02a1420a68b669a59ca68b5_PMT565BT_front.jpg","datePublished":"2024-06-11T00:00:00+00:00","dateModified":"2024-12-26T18:01:38+00:00","breadcrumb":{"@id":"https:\/\/b2b.calibereurope.com\/de\/produkt\/pmt565bt-de_de\/#breadcrumb"},"inLanguage":"de","potentialAction":[{"@type":"ReadAction","target":["https:\/\/b2b.calibereurope.com\/de\/produkt\/pmt565bt-de_de\/"]}]},{"@type":"ImageObject","inLanguage":"de","@id":"https:\/\/b2b.calibereurope.com\/de\/produkt\/pmt565bt-de_de\/#primaryimage","url":"https:\/\/b2b.calibereurope.com\/wp-content\/uploads\/2024\/06\/1024bcb60b1ab77bc02a1420a68b669a59ca68b5_PMT565BT_front.jpg","contentUrl":"https:\/\/b2b.calibereurope.com\/wp-content\/uploads\/2024\/06\/1024bcb60b1ab77bc02a1420a68b669a59ca68b5_PMT565BT_front.jpg","width":1024,"height":768},{"@type":"BreadcrumbList","@id":"https:\/\/b2b.calibereurope.com\/de\/produkt\/pmt565bt-de_de\/#breadcrumb","itemListElement":[{"@type":"ListItem","position":1,"name":"Home","item":"https:\/\/b2b.calibereurope.com\/de\/"},{"@type":"ListItem","position":2,"name":"Shop","item":"https:\/\/b2b.calibereurope.com\/de\/shop\/"},{"@type":"ListItem","position":3,"name":"FM-Transmitter mit Sprachassistent &#8211; Schwarz (PMT565BT)"}]},{"@type":"WebSite","@id":"https:\/\/b2b.calibereurope.com\/#website","url":"https:\/\/b2b.calibereurope.com\/","name":"Caliber Europe B.V.","description":"B2B Webshop","publisher":{"@id":"https:\/\/b2b.calibereurope.com\/#organization"},"potentialAction":[{"@type":"SearchAction","target":{"@type":"EntryPoint","urlTemplate":"https:\/\/b2b.calibereurope.com\/?s={search_term_string}"},"query-input":{"@type":"PropertyValueSpecification","valueRequired":true,"valueName":"search_term_string"}}],"inLanguage":"de"},{"@type":"Organization","@id":"https:\/\/b2b.calibereurope.com\/#organization","name":"Caliber Europe B.V.","url":"https:\/\/b2b.calibereurope.com\/","logo":{"@type":"ImageObject","inLanguage":"de","@id":"https:\/\/b2b.calibereurope.com\/#\/schema\/logo\/image\/","url":"https:\/\/b2b.calibereurope.com\/wp-content\/uploads\/2020\/12\/Caliber_Logo-Black.png","contentUrl":"https:\/\/b2b.calibereurope.com\/wp-content\/uploads\/2020\/12\/Caliber_Logo-Black.png","width":3157,"height":356,"caption":"Caliber Europe B.V."},"image":{"@id":"https:\/\/b2b.calibereurope.com\/#\/schema\/logo\/image\/"}}]}},"_links":{"self":[{"href":"https:\/\/b2b.calibereurope.com\/de\/wp-json\/wp\/v2\/product\/505033","targetHints":{"allow":["GET"]}}],"collection":[{"href":"https:\/\/b2b.calibereurope.com\/de\/wp-json\/wp\/v2\/product"}],"about":[{"href":"https:\/\/b2b.calibereurope.com\/de\/wp-json\/wp\/v2\/types\/product"}],"version-history":[{"count":0,"href":"https:\/\/b2b.calibereurope.com\/de\/wp-json\/wp\/v2\/product\/505033\/revisions"}],"wp:featuredmedia":[{"embeddable":true,"href":"https:\/\/b2b.calibereurope.com\/de\/wp-json\/wp\/v2\/media\/845442"}],"wp:attachment":[{"href":"https:\/\/b2b.calibereurope.com\/de\/wp-json\/wp\/v2\/media?parent=505033"}],"wp:term":[{"taxonomy":"product_brand","embeddable":true,"href":"https:\/\/b2b.calibereurope.com\/de\/wp-json\/wp\/v2\/product_brand?post=505033"},{"taxonomy":"product_cat","embeddable":true,"href":"https:\/\/b2b.calibereurope.com\/de\/wp-json\/wp\/v2\/product_cat?post=505033"},{"taxonomy":"product_tag","embeddable":true,"href":"https:\/\/b2b.calibereurope.com\/de\/wp-json\/wp\/v2\/product_tag?post=505033"}],"curies":[{"name":"wp","href":"https:\/\/api.w.org\/{rel}","templated":true}]}}