{"id":505689,"date":"2024-07-17T02:00:00","date_gmt":"2024-07-17T00:00:00","guid":{"rendered":""},"modified":"2024-12-26T19:01:39","modified_gmt":"2024-12-26T18:01:39","slug":"hcg012qidab-bt-de_de","status":"publish","type":"product","link":"https:\/\/b2b.calibereurope.com\/de\/produkt\/hcg012qidab-bt-de_de\/","title":{"rendered":"DAB+ Radiowecker mit kabelloser Ladestation &#8211; Bluetooth &#8211; 2 Weckzeiten &#8211; FM Radio (HCG012QIDAB-BT)"},"content":{"rendered":"<p>Mit dem Caliber HCG012QIDAB-BT <strong>DAB+ Radiowecker <\/strong>mit drahtlosem <strong>Ladeger\u00e4t <\/strong>wachen Sie jeden Morgen mit Ihren Lieblingssongs im Radio und einem aufgeladenen Handy auf. Der Radiowecker nutzt die intelligente <strong>Qi-Technologie<\/strong>, mit der Sie Ihr Telefon im Handumdrehen aufladen k\u00f6nnen, ohne dass Sie ein Ladekabel ben\u00f6tigen. Das <strong>FM-Radio <\/strong>und <strong>Bluetooth\u00ae <\/strong>sorgen daf\u00fcr, dass Sie Ihren Tag gleich mit Ihrer Lieblingsmusik beginnen k\u00f6nnen. Mit <strong>zwei Weckzeiten<\/strong>, einer <strong>Schlummerfunktion <\/strong>und einem <strong>gro\u00dfen wei\u00dfen Display <\/strong>bietet der Caliber Wecker alles, was Sie f\u00fcr einen ausgeruhten Morgen brauchen.<\/p>\n<p><\/p>\n<p><strong>Merkmale:<\/strong><\/p>\n<ul>\n<li>Drahtloses Handy-Ladeger\u00e4t mit Qi-Technologie<\/li>\n<li>DAB+ Radio und FM Radio<\/li>\n<li>Bluetooth\u00ae-Audio<\/li>\n<li>Zus\u00e4tzlicher USB-Anschluss f\u00fcr ein zweites Telefon<\/li>\n<li>Gro\u00dfes wei\u00dfes Display<\/li>\n<li>2 Alarmzeiten<\/li>\n<li>Schlummerfunktion<\/li>\n<li>St\u00fctzbatterie (2x 1,5V AAA)<\/li>\n<\/ul>\n<p><strong>Hinweis: <\/strong>Batterien nicht enthalten<\/p>\n<h3>Alle Ihre Lieblingstitel<\/h3>\n<p>Mit diesem DAB+ Radiowecker wachen Sie jeden Morgen mit Ihren Lieblingssongs auf. Dank des digitalen Signals werden Sie nie wieder von Rauschen in Ihrer Musik bel\u00e4stigt werden. Neben DAB+ k\u00f6nnen Sie auch problemlos UKW-Frequenzen empfangen. Sie k\u00f6nnen also w\u00e4hlen, wie Sie das Radio h\u00f6ren m\u00f6chten. M\u00f6chten Sie diesen einen Song h\u00f6ren? Verbinden Sie Ihr Telefon \u00fcber Bluetooth\u00ae und spielen Sie es einfach auf dem digitalen Wecker ab.<\/p>\n<h3>Wachen Sie mit einem vollen Akku auf<\/h3>\n<p>Der digitale Wecker ist mit einem drahtlosen Ladeger\u00e4t ausgestattet. Unterst\u00fctzt Ihr Smartphone die Qi-Technologie? Legen Sie dann einfach Ihr Telefon auf den Wecker und er beginnt sofort mit dem Aufladen. Kein \u00c4rger mehr mit unordentlichen Kabeln oder vollen Steckdosen und Sie wachen jeden Morgen mit einer vollen Batterie auf.<\/p>\n<h3>Multifunktional im Einsatz<\/h3>\n<p>Der Wecker mit drahtlosem Ladeger\u00e4t hat alles, was Sie brauchen, um ausgeruht aufzuwachen. Sie k\u00f6nnen zwei Wecker einstellen, sodass Sie und Ihr Partner denselben Wecker gemeinsam benutzen k\u00f6nnen. Das spart auch Platz auf dem Nachttisch. Wenn Sie sich am n\u00e4chsten Morgen wieder umdrehen m\u00f6chten, nutzen Sie einfach die Schlummerfunktion f\u00fcr ein paar zus\u00e4tzliche Minuten Schlaf. Der Radiowecker ist mit einer Ersatzbatterie ausgestattet. F\u00e4llt der Strom unerwartet aus? Dann sorgt die Batterie daf\u00fcr, dass Sie trotzdem aufwecken.<\/p>\n","protected":false},"excerpt":{"rendered":"<p>Mit dem Caliber HCG012QIDAB-BT DAB+ Radiowecker mit drahtlosem Ladeger\u00e4t wachen Sie jeden Morgen mit Ihren Lieblingssongs im Radio und einem aufgeladenen Handy auf. Der Radiowecker nutzt die intelligente Qi-Technologie, mit der Sie Ihr Telefon im Handumdrehen aufladen k\u00f6nnen, ohne dass Sie ein Ladekabel ben\u00f6tigen. Das FM-Radio und Bluetooth\u00ae sorgen daf\u00fcr, dass Sie Ihren Tag gleich [&hellip;]<\/p>\n","protected":false},"featured_media":850705,"template":"","meta":{"_acf_changed":false,"site-sidebar-layout":"default","site-content-layout":"","ast-site-content-layout":"default","site-content-style":"default","site-sidebar-style":"default","ast-global-header-display":"","ast-banner-title-visibility":"","ast-main-header-display":"","ast-hfb-above-header-display":"","ast-hfb-below-header-display":"","ast-hfb-mobile-header-display":"","site-post-title":"","ast-breadcrumbs-content":"","ast-featured-img":"","footer-sml-layout":"","theme-transparent-header-meta":"","adv-header-id-meta":"","stick-header-meta":"","header-above-stick-meta":"","header-main-stick-meta":"","header-below-stick-meta":"","astra-migrate-meta-layouts":"default","ast-page-background-enabled":"default","ast-page-background-meta":{"desktop":{"background-color":"","background-image":"","background-repeat":"repeat","background-position":"center center","background-size":"auto","background-attachment":"scroll","background-type":"","background-media":"","overlay-type":"","overlay-color":"","overlay-opacity":"","overlay-gradient":""},"tablet":{"background-color":"","background-image":"","background-repeat":"repeat","background-position":"center center","background-size":"auto","background-attachment":"scroll","background-type":"","background-media":"","overlay-type":"","overlay-color":"","overlay-opacity":"","overlay-gradient":""},"mobile":{"background-color":"","background-image":"","background-repeat":"repeat","background-position":"center center","background-size":"auto","background-attachment":"scroll","background-type":"","background-media":"","overlay-type":"","overlay-color":"","overlay-opacity":"","overlay-gradient":""}},"ast-content-background-meta":{"desktop":{"background-color":"var(--ast-global-color-5)","background-image":"","background-repeat":"repeat","background-position":"center center","background-size":"auto","background-attachment":"scroll","background-type":"","background-media":"","overlay-type":"","overlay-color":"","overlay-opacity":"","overlay-gradient":""},"tablet":{"background-color":"var(--ast-global-color-5)","background-image":"","background-repeat":"repeat","background-position":"center center","background-size":"auto","background-attachment":"scroll","background-type":"","background-media":"","overlay-type":"","overlay-color":"","overlay-opacity":"","overlay-gradient":""},"mobile":{"background-color":"var(--ast-global-color-5)","background-image":"","background-repeat":"repeat","background-position":"center center","background-size":"auto","background-attachment":"scroll","background-type":"","background-media":"","overlay-type":"","overlay-color":"","overlay-opacity":"","overlay-gradient":""}}},"product_brand":[],"product_cat":[22956],"product_tag":[],"class_list":{"0":"post-505689","1":"product","2":"type-product","3":"status-publish","4":"has-post-thumbnail","6":"product_cat-keine-kategorie","7":"desktop-align-center","8":"tablet-align-center","9":"mobile-align-center","10":"ast-product-gallery-layout-horizontal","11":"ast-product-tabs-layout-horizontal","13":"first","14":"instock","15":"taxable","16":"shipping-taxable","17":"purchasable","18":"product-type-simple"},"acf":[],"yoast_head":"<!-- This site is optimized with the Yoast SEO plugin v26.5 - https:\/\/yoast.com\/wordpress\/plugins\/seo\/ -->\n<title>DAB+ Radiowecker mit kabelloser Ladestation - Bluetooth - 2 Weckzeiten - FM Radio (HCG012QIDAB-BT) - Caliber Europe B.V.<\/title>\n<meta name=\"robots\" content=\"noindex, follow, max-snippet:-1, max-image-preview:large, max-video-preview:-1\" \/>\n<meta property=\"og:locale\" content=\"de_DE\" \/>\n<meta property=\"og:type\" content=\"article\" \/>\n<meta property=\"og:title\" content=\"DAB+ Radiowecker mit kabelloser Ladestation - Bluetooth - 2 Weckzeiten - FM Radio (HCG012QIDAB-BT) - Caliber Europe B.V.\" \/>\n<meta property=\"og:description\" content=\"Mit dem Caliber HCG012QIDAB-BT DAB+ Radiowecker mit drahtlosem Ladeger\u00e4t wachen Sie jeden Morgen mit Ihren Lieblingssongs im Radio und einem aufgeladenen Handy auf. Der Radiowecker nutzt die intelligente Qi-Technologie, mit der Sie Ihr Telefon im Handumdrehen aufladen k\u00f6nnen, ohne dass Sie ein Ladekabel ben\u00f6tigen. Das FM-Radio und Bluetooth\u00ae sorgen daf\u00fcr, dass Sie Ihren Tag gleich [&hellip;]\" \/>\n<meta property=\"og:url\" content=\"https:\/\/b2b.calibereurope.com\/de\/produkt\/HCG012QIDAB-BT-de_DE\/\" \/>\n<meta property=\"og:site_name\" content=\"Caliber Europe B.V.\" \/>\n<meta property=\"article:modified_time\" content=\"2024-12-26T18:01:39+00:00\" \/>\n<meta property=\"og:image\" content=\"https:\/\/b2b.calibereurope.com\/wp-content\/uploads\/2021\/11\/1cf535bea243defb2f2984718cd30bf44bee7047_HCG012QiDAB_BT.jpg\" \/>\n\t<meta property=\"og:image:width\" content=\"1024\" \/>\n\t<meta property=\"og:image:height\" content=\"768\" \/>\n\t<meta property=\"og:image:type\" content=\"image\/jpeg\" \/>\n<meta name=\"twitter:card\" content=\"summary_large_image\" \/>\n<meta name=\"twitter:label1\" content=\"Gesch\u00e4tzte Lesezeit\" \/>\n\t<meta name=\"twitter:data1\" content=\"2\u00a0Minuten\" \/>\n<script type=\"application\/ld+json\" class=\"yoast-schema-graph\">{\"@context\":\"https:\/\/schema.org\",\"@graph\":[{\"@type\":\"WebPage\",\"@id\":\"https:\/\/b2b.calibereurope.com\/de\/produkt\/HCG012QIDAB-BT-de_DE\/\",\"url\":\"https:\/\/b2b.calibereurope.com\/de\/produkt\/HCG012QIDAB-BT-de_DE\/\",\"name\":\"DAB+ Radiowecker mit kabelloser Ladestation - Bluetooth - 2 Weckzeiten - FM Radio (HCG012QIDAB-BT) - Caliber Europe B.V.\",\"isPartOf\":{\"@id\":\"https:\/\/b2b.calibereurope.com\/#website\"},\"primaryImageOfPage\":{\"@id\":\"https:\/\/b2b.calibereurope.com\/de\/produkt\/HCG012QIDAB-BT-de_DE\/#primaryimage\"},\"image\":{\"@id\":\"https:\/\/b2b.calibereurope.com\/de\/produkt\/HCG012QIDAB-BT-de_DE\/#primaryimage\"},\"thumbnailUrl\":\"https:\/\/b2b.calibereurope.com\/wp-content\/uploads\/2024\/07\/1cf535bea243defb2f2984718cd30bf44bee7047_HCG012QiDAB_BT.jpg\",\"datePublished\":\"2024-07-17T00:00:00+00:00\",\"dateModified\":\"2024-12-26T18:01:39+00:00\",\"breadcrumb\":{\"@id\":\"https:\/\/b2b.calibereurope.com\/de\/produkt\/HCG012QIDAB-BT-de_DE\/#breadcrumb\"},\"inLanguage\":\"de\",\"potentialAction\":[{\"@type\":\"ReadAction\",\"target\":[\"https:\/\/b2b.calibereurope.com\/de\/produkt\/HCG012QIDAB-BT-de_DE\/\"]}]},{\"@type\":\"ImageObject\",\"inLanguage\":\"de\",\"@id\":\"https:\/\/b2b.calibereurope.com\/de\/produkt\/HCG012QIDAB-BT-de_DE\/#primaryimage\",\"url\":\"https:\/\/b2b.calibereurope.com\/wp-content\/uploads\/2024\/07\/1cf535bea243defb2f2984718cd30bf44bee7047_HCG012QiDAB_BT.jpg\",\"contentUrl\":\"https:\/\/b2b.calibereurope.com\/wp-content\/uploads\/2024\/07\/1cf535bea243defb2f2984718cd30bf44bee7047_HCG012QiDAB_BT.jpg\",\"width\":1024,\"height\":768},{\"@type\":\"BreadcrumbList\",\"@id\":\"https:\/\/b2b.calibereurope.com\/de\/produkt\/HCG012QIDAB-BT-de_DE\/#breadcrumb\",\"itemListElement\":[{\"@type\":\"ListItem\",\"position\":1,\"name\":\"Home\",\"item\":\"https:\/\/b2b.calibereurope.com\/de\/\"},{\"@type\":\"ListItem\",\"position\":2,\"name\":\"Shop\",\"item\":\"https:\/\/b2b.calibereurope.com\/de\/shop\/\"},{\"@type\":\"ListItem\",\"position\":3,\"name\":\"Weckerradio mit DAB+ und drahtlosem Qi-Telefon-Ladeger\u00e4t &#8211; (HCG012QiDAB-BT)\"}]},{\"@type\":\"WebSite\",\"@id\":\"https:\/\/b2b.calibereurope.com\/#website\",\"url\":\"https:\/\/b2b.calibereurope.com\/\",\"name\":\"Caliber Europe B.V.\",\"description\":\"B2B Webshop\",\"publisher\":{\"@id\":\"https:\/\/b2b.calibereurope.com\/#organization\"},\"potentialAction\":[{\"@type\":\"SearchAction\",\"target\":{\"@type\":\"EntryPoint\",\"urlTemplate\":\"https:\/\/b2b.calibereurope.com\/?s={search_term_string}\"},\"query-input\":{\"@type\":\"PropertyValueSpecification\",\"valueRequired\":true,\"valueName\":\"search_term_string\"}}],\"inLanguage\":\"de\"},{\"@type\":\"Organization\",\"@id\":\"https:\/\/b2b.calibereurope.com\/#organization\",\"name\":\"Caliber Europe B.V.\",\"url\":\"https:\/\/b2b.calibereurope.com\/\",\"logo\":{\"@type\":\"ImageObject\",\"inLanguage\":\"de\",\"@id\":\"https:\/\/b2b.calibereurope.com\/#\/schema\/logo\/image\/\",\"url\":\"https:\/\/b2b.calibereurope.com\/wp-content\/uploads\/2020\/12\/Caliber_Logo-Black.png\",\"contentUrl\":\"https:\/\/b2b.calibereurope.com\/wp-content\/uploads\/2020\/12\/Caliber_Logo-Black.png\",\"width\":3157,\"height\":356,\"caption\":\"Caliber Europe B.V.\"},\"image\":{\"@id\":\"https:\/\/b2b.calibereurope.com\/#\/schema\/logo\/image\/\"}}]}<\/script>\n<!-- \/ Yoast SEO plugin. -->","yoast_head_json":{"title":"DAB+ Radiowecker mit kabelloser Ladestation - Bluetooth - 2 Weckzeiten - FM Radio (HCG012QIDAB-BT) - Caliber Europe B.V.","robots":{"index":"noindex","follow":"follow","max-snippet":"max-snippet:-1","max-image-preview":"max-image-preview:large","max-video-preview":"max-video-preview:-1"},"og_locale":"de_DE","og_type":"article","og_title":"DAB+ Radiowecker mit kabelloser Ladestation - Bluetooth - 2 Weckzeiten - FM Radio (HCG012QIDAB-BT) - Caliber Europe B.V.","og_description":"Mit dem Caliber HCG012QIDAB-BT DAB+ Radiowecker mit drahtlosem Ladeger\u00e4t wachen Sie jeden Morgen mit Ihren Lieblingssongs im Radio und einem aufgeladenen Handy auf. Der Radiowecker nutzt die intelligente Qi-Technologie, mit der Sie Ihr Telefon im Handumdrehen aufladen k\u00f6nnen, ohne dass Sie ein Ladekabel ben\u00f6tigen. Das FM-Radio und Bluetooth\u00ae sorgen daf\u00fcr, dass Sie Ihren Tag gleich [&hellip;]","og_url":"https:\/\/b2b.calibereurope.com\/de\/produkt\/HCG012QIDAB-BT-de_DE\/","og_site_name":"Caliber Europe B.V.","article_modified_time":"2024-12-26T18:01:39+00:00","og_image":[{"width":1024,"height":768,"url":"https:\/\/b2b.calibereurope.com\/wp-content\/uploads\/2021\/11\/1cf535bea243defb2f2984718cd30bf44bee7047_HCG012QiDAB_BT.jpg","type":"image\/jpeg"}],"twitter_card":"summary_large_image","twitter_misc":{"Gesch\u00e4tzte Lesezeit":"2\u00a0Minuten"},"schema":{"@context":"https:\/\/schema.org","@graph":[{"@type":"WebPage","@id":"https:\/\/b2b.calibereurope.com\/de\/produkt\/HCG012QIDAB-BT-de_DE\/","url":"https:\/\/b2b.calibereurope.com\/de\/produkt\/HCG012QIDAB-BT-de_DE\/","name":"DAB+ Radiowecker mit kabelloser Ladestation - Bluetooth - 2 Weckzeiten - FM Radio (HCG012QIDAB-BT) - Caliber Europe B.V.","isPartOf":{"@id":"https:\/\/b2b.calibereurope.com\/#website"},"primaryImageOfPage":{"@id":"https:\/\/b2b.calibereurope.com\/de\/produkt\/HCG012QIDAB-BT-de_DE\/#primaryimage"},"image":{"@id":"https:\/\/b2b.calibereurope.com\/de\/produkt\/HCG012QIDAB-BT-de_DE\/#primaryimage"},"thumbnailUrl":"https:\/\/b2b.calibereurope.com\/wp-content\/uploads\/2024\/07\/1cf535bea243defb2f2984718cd30bf44bee7047_HCG012QiDAB_BT.jpg","datePublished":"2024-07-17T00:00:00+00:00","dateModified":"2024-12-26T18:01:39+00:00","breadcrumb":{"@id":"https:\/\/b2b.calibereurope.com\/de\/produkt\/HCG012QIDAB-BT-de_DE\/#breadcrumb"},"inLanguage":"de","potentialAction":[{"@type":"ReadAction","target":["https:\/\/b2b.calibereurope.com\/de\/produkt\/HCG012QIDAB-BT-de_DE\/"]}]},{"@type":"ImageObject","inLanguage":"de","@id":"https:\/\/b2b.calibereurope.com\/de\/produkt\/HCG012QIDAB-BT-de_DE\/#primaryimage","url":"https:\/\/b2b.calibereurope.com\/wp-content\/uploads\/2024\/07\/1cf535bea243defb2f2984718cd30bf44bee7047_HCG012QiDAB_BT.jpg","contentUrl":"https:\/\/b2b.calibereurope.com\/wp-content\/uploads\/2024\/07\/1cf535bea243defb2f2984718cd30bf44bee7047_HCG012QiDAB_BT.jpg","width":1024,"height":768},{"@type":"BreadcrumbList","@id":"https:\/\/b2b.calibereurope.com\/de\/produkt\/HCG012QIDAB-BT-de_DE\/#breadcrumb","itemListElement":[{"@type":"ListItem","position":1,"name":"Home","item":"https:\/\/b2b.calibereurope.com\/de\/"},{"@type":"ListItem","position":2,"name":"Shop","item":"https:\/\/b2b.calibereurope.com\/de\/shop\/"},{"@type":"ListItem","position":3,"name":"Weckerradio mit DAB+ und drahtlosem Qi-Telefon-Ladeger\u00e4t &#8211; (HCG012QiDAB-BT)"}]},{"@type":"WebSite","@id":"https:\/\/b2b.calibereurope.com\/#website","url":"https:\/\/b2b.calibereurope.com\/","name":"Caliber Europe B.V.","description":"B2B Webshop","publisher":{"@id":"https:\/\/b2b.calibereurope.com\/#organization"},"potentialAction":[{"@type":"SearchAction","target":{"@type":"EntryPoint","urlTemplate":"https:\/\/b2b.calibereurope.com\/?s={search_term_string}"},"query-input":{"@type":"PropertyValueSpecification","valueRequired":true,"valueName":"search_term_string"}}],"inLanguage":"de"},{"@type":"Organization","@id":"https:\/\/b2b.calibereurope.com\/#organization","name":"Caliber Europe B.V.","url":"https:\/\/b2b.calibereurope.com\/","logo":{"@type":"ImageObject","inLanguage":"de","@id":"https:\/\/b2b.calibereurope.com\/#\/schema\/logo\/image\/","url":"https:\/\/b2b.calibereurope.com\/wp-content\/uploads\/2020\/12\/Caliber_Logo-Black.png","contentUrl":"https:\/\/b2b.calibereurope.com\/wp-content\/uploads\/2020\/12\/Caliber_Logo-Black.png","width":3157,"height":356,"caption":"Caliber Europe B.V."},"image":{"@id":"https:\/\/b2b.calibereurope.com\/#\/schema\/logo\/image\/"}}]}},"_links":{"self":[{"href":"https:\/\/b2b.calibereurope.com\/de\/wp-json\/wp\/v2\/product\/505689","targetHints":{"allow":["GET"]}}],"collection":[{"href":"https:\/\/b2b.calibereurope.com\/de\/wp-json\/wp\/v2\/product"}],"about":[{"href":"https:\/\/b2b.calibereurope.com\/de\/wp-json\/wp\/v2\/types\/product"}],"version-history":[{"count":0,"href":"https:\/\/b2b.calibereurope.com\/de\/wp-json\/wp\/v2\/product\/505689\/revisions"}],"wp:featuredmedia":[{"embeddable":true,"href":"https:\/\/b2b.calibereurope.com\/de\/wp-json\/wp\/v2\/media\/850705"}],"wp:attachment":[{"href":"https:\/\/b2b.calibereurope.com\/de\/wp-json\/wp\/v2\/media?parent=505689"}],"wp:term":[{"taxonomy":"product_brand","embeddable":true,"href":"https:\/\/b2b.calibereurope.com\/de\/wp-json\/wp\/v2\/product_brand?post=505689"},{"taxonomy":"product_cat","embeddable":true,"href":"https:\/\/b2b.calibereurope.com\/de\/wp-json\/wp\/v2\/product_cat?post=505689"},{"taxonomy":"product_tag","embeddable":true,"href":"https:\/\/b2b.calibereurope.com\/de\/wp-json\/wp\/v2\/product_tag?post=505689"}],"curies":[{"name":"wp","href":"https:\/\/api.w.org\/{rel}","templated":true}]}}