{"id":507225,"date":"2026-02-02T01:00:00","date_gmt":"2026-02-02T00:00:00","guid":{"rendered":"0"},"modified":"2026-02-02T12:25:16","modified_gmt":"2026-02-02T11:25:16","slug":"HPG311R-de_DE","status":"publish","type":"product","link":"https:\/\/b2b.calibereurope.com\/de\/produkt\/HPG311R-de_DE\/","title":{"rendered":"Tragbares batteriebetriebenes Radio &#8211; Mini-Radio im Taschenformat &#8211; AM\/FM-Radio mit Kopfh\u00f6reranschluss (HPG311R)"},"content":{"rendered":"<p>Sie brauchen keinen Platz, haben aber immer Musik in der Tasche: das ist es, was Sie mit diesem batteriebetriebenen Caliber HPG311R tragbaren Radio erreichen. Das Mini-Radio kommt im <strong>Taschenformat<\/strong>, sodass es immer in Ihre Tasche, Jackentasche oder sogar Hosentasche passt. Da das Radio mit <strong>Batterien <\/strong>betrieben wird, k\u00f6nnen Sie Musik h\u00f6ren, wo immer Sie sind. Ob auf der Stra\u00dfe, im Park oder am Strand, Sie k\u00f6nnen problemlos <strong>sowohl AM- als auch FM-Radio <\/strong>h\u00f6ren. Das tragbare Radio <strong>im Retro-Look verf\u00fcgt \u00fcber <\/strong>eine <strong>Kopfh\u00f6rerbuchse, <\/strong>sodass Sie sich leicht abkapseln und alleine h\u00f6ren k\u00f6nnen.<\/p>\n<p><\/p>\n<p><strong>Merkmale:<\/strong><\/p>\n<ul>\n<li>Taschenformat: 9,6 x 5,8 cm<\/li>\n<li>Batteriebetriebenes Radio<\/li>\n<li>Ben\u00f6tigt 2x 1,5V AA Batterien<\/li>\n<li>FM und AM Radio<\/li>\n<li>LED-Stromanzeige<\/li>\n<li>Metall-Teleskopantenne<\/li>\n<li>Kopfh\u00f6reranschluss (3,5 mm)<\/li>\n<\/ul>\n<h3>Ideal f\u00fcr Reisen<\/h3>\n<p>Es gibt kompakte Radios und es gibt Mini-Radios. Dieses Taschenradio ist so klein, dass es sogar in die Innentasche Ihrer Jacke passt. So k\u00f6nnen Sie es immer leicht mitnehmen. Legen Sie das praktische Schl\u00fcsselband um Ihr Handgelenk und Sie k\u00f6nnen das Radio bequem \u00fcberallhin mitnehmen.<\/p>\n<h3>Immer Musik dabei<\/h3>\n<p>Mit diesem tragbaren Radio haben Sie die Musik immer dabei. Hat Ihr Zug Versp\u00e4tung, gehen Sie alleine wandern oder organisieren Sie ein Picknick im Park? Das Taschenradio sorgt f\u00fcr eine gem\u00fctliche Atmosph\u00e4re! Mit der Metallantenne k\u00f6nnen Sie alle Musiksendungen im AM- und FM-Radio wiedergeben. Nur Musik h\u00f6ren? Schlie\u00dfen Sie dann einfach Ihre Kopfh\u00f6rer \u00fcber den 3,5-mm-Eingang an, damit Sie ganz in Ihre Lieblingsradiosender eintauchen k\u00f6nnen.<\/p>\n<h3>Akku-Komfort<\/h3>\n<p>Das tragbare Radio wird mit Batterien betrieben. Kaufen Sie 2x 1,5V AA-Batterien und voil\u00e0: Sie k\u00f6nnen Radio h\u00f6ren, wo immer Sie sind. Auf diese Weise m\u00fcssen Sie keine Steckdose in der N\u00e4he haben. So k\u00f6nnen Sie das Retro-Radio ganz einfach platzieren, um Ihrem Interieur einen witzigen Touch zu verleihen. Sie k\u00f6nnen ihn jederzeit umstellen oder mitnehmen, wenn Sie ausgehen!<\/p>\n","protected":false},"excerpt":{"rendered":"<p>Sie brauchen keinen Platz, haben aber immer Musik in der Tasche: das ist es, was Sie mit diesem batteriebetriebenen Caliber HPG311R tragbaren Radio erreichen. Das Mini-Radio kommt im Taschenformat, sodass es immer in Ihre Tasche, Jackentasche oder sogar Hosentasche passt. Da das Radio mit Batterien betrieben wird, k\u00f6nnen Sie Musik h\u00f6ren, wo immer Sie sind. [&hellip;]<\/p>\n","protected":false},"featured_media":871082,"template":"","meta":{"_acf_changed":false,"site-sidebar-layout":"default","site-content-layout":"","ast-site-content-layout":"default","site-content-style":"default","site-sidebar-style":"default","ast-global-header-display":"","ast-banner-title-visibility":"","ast-main-header-display":"","ast-hfb-above-header-display":"","ast-hfb-below-header-display":"","ast-hfb-mobile-header-display":"","site-post-title":"","ast-breadcrumbs-content":"","ast-featured-img":"","footer-sml-layout":"","theme-transparent-header-meta":"","adv-header-id-meta":"","stick-header-meta":"","header-above-stick-meta":"","header-main-stick-meta":"","header-below-stick-meta":"","astra-migrate-meta-layouts":"default","ast-page-background-enabled":"default","ast-page-background-meta":{"desktop":{"background-color":"","background-image":"","background-repeat":"repeat","background-position":"center center","background-size":"auto","background-attachment":"scroll","background-type":"","background-media":"","overlay-type":"","overlay-color":"","overlay-opacity":"","overlay-gradient":""},"tablet":{"background-color":"","background-image":"","background-repeat":"repeat","background-position":"center center","background-size":"auto","background-attachment":"scroll","background-type":"","background-media":"","overlay-type":"","overlay-color":"","overlay-opacity":"","overlay-gradient":""},"mobile":{"background-color":"","background-image":"","background-repeat":"repeat","background-position":"center center","background-size":"auto","background-attachment":"scroll","background-type":"","background-media":"","overlay-type":"","overlay-color":"","overlay-opacity":"","overlay-gradient":""}},"ast-content-background-meta":{"desktop":{"background-color":"var(--ast-global-color-5)","background-image":"","background-repeat":"repeat","background-position":"center center","background-size":"auto","background-attachment":"scroll","background-type":"","background-media":"","overlay-type":"","overlay-color":"","overlay-opacity":"","overlay-gradient":""},"tablet":{"background-color":"var(--ast-global-color-5)","background-image":"","background-repeat":"repeat","background-position":"center center","background-size":"auto","background-attachment":"scroll","background-type":"","background-media":"","overlay-type":"","overlay-color":"","overlay-opacity":"","overlay-gradient":""},"mobile":{"background-color":"var(--ast-global-color-5)","background-image":"","background-repeat":"repeat","background-position":"center center","background-size":"auto","background-attachment":"scroll","background-type":"","background-media":"","overlay-type":"","overlay-color":"","overlay-opacity":"","overlay-gradient":""}}},"product_brand":[],"product_cat":[22956],"product_tag":[],"class_list":{"0":"post-507225","1":"product","2":"type-product","3":"status-publish","4":"has-post-thumbnail","6":"product_cat-keine-kategorie","7":"desktop-align-center","8":"tablet-align-center","9":"mobile-align-center","10":"ast-product-gallery-layout-horizontal","11":"ast-product-tabs-layout-horizontal","13":"first","14":"instock","15":"taxable","16":"shipping-taxable","17":"purchasable","18":"product-type-simple"},"acf":[],"yoast_head":"<!-- This site is optimized with the Yoast SEO plugin v26.5 - https:\/\/yoast.com\/wordpress\/plugins\/seo\/ -->\n<title>Tragbares batteriebetriebenes Radio - Mini-Radio im Taschenformat - AM\/FM-Radio mit Kopfh\u00f6reranschluss (HPG311R) - Caliber Europe B.V.<\/title>\n<meta name=\"robots\" content=\"noindex, follow, max-snippet:-1, max-image-preview:large, max-video-preview:-1\" \/>\n<meta property=\"og:locale\" content=\"de_DE\" \/>\n<meta property=\"og:type\" content=\"article\" \/>\n<meta property=\"og:title\" content=\"Tragbares batteriebetriebenes Radio - Mini-Radio im Taschenformat - AM\/FM-Radio mit Kopfh\u00f6reranschluss (HPG311R) - Caliber Europe B.V.\" \/>\n<meta property=\"og:description\" content=\"Sie brauchen keinen Platz, haben aber immer Musik in der Tasche: das ist es, was Sie mit diesem batteriebetriebenen Caliber HPG311R tragbaren Radio erreichen. Das Mini-Radio kommt im Taschenformat, sodass es immer in Ihre Tasche, Jackentasche oder sogar Hosentasche passt. Da das Radio mit Batterien betrieben wird, k\u00f6nnen Sie Musik h\u00f6ren, wo immer Sie sind. [&hellip;]\" \/>\n<meta property=\"og:url\" content=\"https:\/\/b2b.calibereurope.com\/de\/produkt\/HPG311R-de_DE\/\" \/>\n<meta property=\"og:site_name\" content=\"Caliber Europe B.V.\" \/>\n<meta property=\"article:modified_time\" content=\"2026-02-02T11:25:16+00:00\" \/>\n<meta property=\"og:image\" content=\"https:\/\/b2b.calibereurope.com\/wp-content\/uploads\/2021\/11\/c0a653729794bb9f5c73a440089bb9db4ccf4caf_HPG311R_size_indication.jpg\" \/>\n\t<meta property=\"og:image:width\" content=\"798\" \/>\n\t<meta property=\"og:image:height\" content=\"598\" \/>\n\t<meta property=\"og:image:type\" content=\"image\/jpeg\" \/>\n<meta name=\"twitter:card\" content=\"summary_large_image\" \/>\n<meta name=\"twitter:label1\" content=\"Gesch\u00e4tzte Lesezeit\" \/>\n\t<meta name=\"twitter:data1\" content=\"2\u00a0Minuten\" \/>\n<script type=\"application\/ld+json\" class=\"yoast-schema-graph\">{\"@context\":\"https:\/\/schema.org\",\"@graph\":[{\"@type\":\"WebPage\",\"@id\":\"https:\/\/b2b.calibereurope.com\/de\/produkt\/HPG311R-de_DE\/\",\"url\":\"https:\/\/b2b.calibereurope.com\/de\/produkt\/HPG311R-de_DE\/\",\"name\":\"Tragbares batteriebetriebenes Radio - Mini-Radio im Taschenformat - AM\/FM-Radio mit Kopfh\u00f6reranschluss (HPG311R) - Caliber Europe B.V.\",\"isPartOf\":{\"@id\":\"https:\/\/b2b.calibereurope.com\/#website\"},\"primaryImageOfPage\":{\"@id\":\"https:\/\/b2b.calibereurope.com\/de\/produkt\/HPG311R-de_DE\/#primaryimage\"},\"image\":{\"@id\":\"https:\/\/b2b.calibereurope.com\/de\/produkt\/HPG311R-de_DE\/#primaryimage\"},\"thumbnailUrl\":\"https:\/\/b2b.calibereurope.com\/wp-content\/uploads\/2026\/02\/18e61a3d18d0490b9efb96fd345aabe7b84d8062_HPG311R_light_on.jpg\",\"datePublished\":\"2026-02-02T00:00:00+00:00\",\"dateModified\":\"2026-02-02T11:25:16+00:00\",\"breadcrumb\":{\"@id\":\"https:\/\/b2b.calibereurope.com\/de\/produkt\/HPG311R-de_DE\/#breadcrumb\"},\"inLanguage\":\"de\",\"potentialAction\":[{\"@type\":\"ReadAction\",\"target\":[\"https:\/\/b2b.calibereurope.com\/de\/produkt\/HPG311R-de_DE\/\"]}]},{\"@type\":\"ImageObject\",\"inLanguage\":\"de\",\"@id\":\"https:\/\/b2b.calibereurope.com\/de\/produkt\/HPG311R-de_DE\/#primaryimage\",\"url\":\"https:\/\/b2b.calibereurope.com\/wp-content\/uploads\/2026\/02\/18e61a3d18d0490b9efb96fd345aabe7b84d8062_HPG311R_light_on.jpg\",\"contentUrl\":\"https:\/\/b2b.calibereurope.com\/wp-content\/uploads\/2026\/02\/18e61a3d18d0490b9efb96fd345aabe7b84d8062_HPG311R_light_on.jpg\",\"width\":2500,\"height\":2500},{\"@type\":\"BreadcrumbList\",\"@id\":\"https:\/\/b2b.calibereurope.com\/de\/produkt\/HPG311R-de_DE\/#breadcrumb\",\"itemListElement\":[{\"@type\":\"ListItem\",\"position\":1,\"name\":\"Home\",\"item\":\"https:\/\/b2b.calibereurope.com\/de\/\"},{\"@type\":\"ListItem\",\"position\":2,\"name\":\"Shop\",\"item\":\"https:\/\/b2b.calibereurope.com\/de\/shop\/\"},{\"@type\":\"ListItem\",\"position\":3,\"name\":\"Tragbares FM AM-Radio &#8211; Grau (HPG311R)\"}]},{\"@type\":\"WebSite\",\"@id\":\"https:\/\/b2b.calibereurope.com\/#website\",\"url\":\"https:\/\/b2b.calibereurope.com\/\",\"name\":\"Caliber Europe B.V.\",\"description\":\"B2B Webshop\",\"publisher\":{\"@id\":\"https:\/\/b2b.calibereurope.com\/#organization\"},\"potentialAction\":[{\"@type\":\"SearchAction\",\"target\":{\"@type\":\"EntryPoint\",\"urlTemplate\":\"https:\/\/b2b.calibereurope.com\/?s={search_term_string}\"},\"query-input\":{\"@type\":\"PropertyValueSpecification\",\"valueRequired\":true,\"valueName\":\"search_term_string\"}}],\"inLanguage\":\"de\"},{\"@type\":\"Organization\",\"@id\":\"https:\/\/b2b.calibereurope.com\/#organization\",\"name\":\"Caliber Europe B.V.\",\"url\":\"https:\/\/b2b.calibereurope.com\/\",\"logo\":{\"@type\":\"ImageObject\",\"inLanguage\":\"de\",\"@id\":\"https:\/\/b2b.calibereurope.com\/#\/schema\/logo\/image\/\",\"url\":\"https:\/\/b2b.calibereurope.com\/wp-content\/uploads\/2020\/12\/Caliber_Logo-Black.png\",\"contentUrl\":\"https:\/\/b2b.calibereurope.com\/wp-content\/uploads\/2020\/12\/Caliber_Logo-Black.png\",\"width\":3157,\"height\":356,\"caption\":\"Caliber Europe B.V.\"},\"image\":{\"@id\":\"https:\/\/b2b.calibereurope.com\/#\/schema\/logo\/image\/\"}}]}<\/script>\n<!-- \/ Yoast SEO plugin. -->","yoast_head_json":{"title":"Tragbares batteriebetriebenes Radio - Mini-Radio im Taschenformat - AM\/FM-Radio mit Kopfh\u00f6reranschluss (HPG311R) - Caliber Europe B.V.","robots":{"index":"noindex","follow":"follow","max-snippet":"max-snippet:-1","max-image-preview":"max-image-preview:large","max-video-preview":"max-video-preview:-1"},"og_locale":"de_DE","og_type":"article","og_title":"Tragbares batteriebetriebenes Radio - Mini-Radio im Taschenformat - AM\/FM-Radio mit Kopfh\u00f6reranschluss (HPG311R) - Caliber Europe B.V.","og_description":"Sie brauchen keinen Platz, haben aber immer Musik in der Tasche: das ist es, was Sie mit diesem batteriebetriebenen Caliber HPG311R tragbaren Radio erreichen. Das Mini-Radio kommt im Taschenformat, sodass es immer in Ihre Tasche, Jackentasche oder sogar Hosentasche passt. Da das Radio mit Batterien betrieben wird, k\u00f6nnen Sie Musik h\u00f6ren, wo immer Sie sind. [&hellip;]","og_url":"https:\/\/b2b.calibereurope.com\/de\/produkt\/HPG311R-de_DE\/","og_site_name":"Caliber Europe B.V.","article_modified_time":"2026-02-02T11:25:16+00:00","og_image":[{"width":798,"height":598,"url":"https:\/\/b2b.calibereurope.com\/wp-content\/uploads\/2021\/11\/c0a653729794bb9f5c73a440089bb9db4ccf4caf_HPG311R_size_indication.jpg","type":"image\/jpeg"}],"twitter_card":"summary_large_image","twitter_misc":{"Gesch\u00e4tzte Lesezeit":"2\u00a0Minuten"},"schema":{"@context":"https:\/\/schema.org","@graph":[{"@type":"WebPage","@id":"https:\/\/b2b.calibereurope.com\/de\/produkt\/HPG311R-de_DE\/","url":"https:\/\/b2b.calibereurope.com\/de\/produkt\/HPG311R-de_DE\/","name":"Tragbares batteriebetriebenes Radio - Mini-Radio im Taschenformat - AM\/FM-Radio mit Kopfh\u00f6reranschluss (HPG311R) - Caliber Europe B.V.","isPartOf":{"@id":"https:\/\/b2b.calibereurope.com\/#website"},"primaryImageOfPage":{"@id":"https:\/\/b2b.calibereurope.com\/de\/produkt\/HPG311R-de_DE\/#primaryimage"},"image":{"@id":"https:\/\/b2b.calibereurope.com\/de\/produkt\/HPG311R-de_DE\/#primaryimage"},"thumbnailUrl":"https:\/\/b2b.calibereurope.com\/wp-content\/uploads\/2026\/02\/18e61a3d18d0490b9efb96fd345aabe7b84d8062_HPG311R_light_on.jpg","datePublished":"2026-02-02T00:00:00+00:00","dateModified":"2026-02-02T11:25:16+00:00","breadcrumb":{"@id":"https:\/\/b2b.calibereurope.com\/de\/produkt\/HPG311R-de_DE\/#breadcrumb"},"inLanguage":"de","potentialAction":[{"@type":"ReadAction","target":["https:\/\/b2b.calibereurope.com\/de\/produkt\/HPG311R-de_DE\/"]}]},{"@type":"ImageObject","inLanguage":"de","@id":"https:\/\/b2b.calibereurope.com\/de\/produkt\/HPG311R-de_DE\/#primaryimage","url":"https:\/\/b2b.calibereurope.com\/wp-content\/uploads\/2026\/02\/18e61a3d18d0490b9efb96fd345aabe7b84d8062_HPG311R_light_on.jpg","contentUrl":"https:\/\/b2b.calibereurope.com\/wp-content\/uploads\/2026\/02\/18e61a3d18d0490b9efb96fd345aabe7b84d8062_HPG311R_light_on.jpg","width":2500,"height":2500},{"@type":"BreadcrumbList","@id":"https:\/\/b2b.calibereurope.com\/de\/produkt\/HPG311R-de_DE\/#breadcrumb","itemListElement":[{"@type":"ListItem","position":1,"name":"Home","item":"https:\/\/b2b.calibereurope.com\/de\/"},{"@type":"ListItem","position":2,"name":"Shop","item":"https:\/\/b2b.calibereurope.com\/de\/shop\/"},{"@type":"ListItem","position":3,"name":"Tragbares FM AM-Radio &#8211; Grau (HPG311R)"}]},{"@type":"WebSite","@id":"https:\/\/b2b.calibereurope.com\/#website","url":"https:\/\/b2b.calibereurope.com\/","name":"Caliber Europe B.V.","description":"B2B Webshop","publisher":{"@id":"https:\/\/b2b.calibereurope.com\/#organization"},"potentialAction":[{"@type":"SearchAction","target":{"@type":"EntryPoint","urlTemplate":"https:\/\/b2b.calibereurope.com\/?s={search_term_string}"},"query-input":{"@type":"PropertyValueSpecification","valueRequired":true,"valueName":"search_term_string"}}],"inLanguage":"de"},{"@type":"Organization","@id":"https:\/\/b2b.calibereurope.com\/#organization","name":"Caliber Europe B.V.","url":"https:\/\/b2b.calibereurope.com\/","logo":{"@type":"ImageObject","inLanguage":"de","@id":"https:\/\/b2b.calibereurope.com\/#\/schema\/logo\/image\/","url":"https:\/\/b2b.calibereurope.com\/wp-content\/uploads\/2020\/12\/Caliber_Logo-Black.png","contentUrl":"https:\/\/b2b.calibereurope.com\/wp-content\/uploads\/2020\/12\/Caliber_Logo-Black.png","width":3157,"height":356,"caption":"Caliber Europe B.V."},"image":{"@id":"https:\/\/b2b.calibereurope.com\/#\/schema\/logo\/image\/"}}]}},"_links":{"self":[{"href":"https:\/\/b2b.calibereurope.com\/de\/wp-json\/wp\/v2\/product\/507225","targetHints":{"allow":["GET"]}}],"collection":[{"href":"https:\/\/b2b.calibereurope.com\/de\/wp-json\/wp\/v2\/product"}],"about":[{"href":"https:\/\/b2b.calibereurope.com\/de\/wp-json\/wp\/v2\/types\/product"}],"version-history":[{"count":0,"href":"https:\/\/b2b.calibereurope.com\/de\/wp-json\/wp\/v2\/product\/507225\/revisions"}],"wp:featuredmedia":[{"embeddable":true,"href":"https:\/\/b2b.calibereurope.com\/de\/wp-json\/wp\/v2\/media\/871082"}],"wp:attachment":[{"href":"https:\/\/b2b.calibereurope.com\/de\/wp-json\/wp\/v2\/media?parent=507225"}],"wp:term":[{"taxonomy":"product_brand","embeddable":true,"href":"https:\/\/b2b.calibereurope.com\/de\/wp-json\/wp\/v2\/product_brand?post=507225"},{"taxonomy":"product_cat","embeddable":true,"href":"https:\/\/b2b.calibereurope.com\/de\/wp-json\/wp\/v2\/product_cat?post=507225"},{"taxonomy":"product_tag","embeddable":true,"href":"https:\/\/b2b.calibereurope.com\/de\/wp-json\/wp\/v2\/product_tag?post=507225"}],"curies":[{"name":"wp","href":"https:\/\/api.w.org\/{rel}","templated":true}]}}