{"id":510717,"date":"2022-09-13T02:00:00","date_gmt":"2022-09-13T00:00:00","guid":{"rendered":""},"modified":"2023-11-13T07:00:50","modified_gmt":"2023-11-13T06:00:50","slug":"hpg419btl-de_de","status":"publish","type":"product","link":"https:\/\/b2b.calibereurope.com\/de\/produkt\/hpg419btl-de_de\/","title":{"rendered":"Karaoke-Set &#8211; mit Led-Beleuchtung Schwarz (HPG419BTL)"},"content":{"rendered":"<div>Mit dem Caliber HPG419BTL Streaming-Party-Lautsprecher k\u00f6nnen Sie eine echte Party veranstalten. Der Lautsprecher ist f\u00fcr einen angenehmen Karaoke-Abend zu Hause oder in einem kleinen Saal geeignet. Das HPG419BTL ist dank seiner mehrfarbigen LED-Beleuchtung eine auff\u00e4llige Erscheinung. Die Beleuchtung bewegt sich als Equalizer mit der Musik und kann in 5 Positionen eingestellt werden. Das wird Sie sofort in Partylaune versetzen. Wenn Sie keine Lust haben, k\u00f6nnen Sie die Beleuchtung einfach wieder ausschalten.&nbsp;<\/div>\n<div><\/div>\n<div><span style=\"font-weight: bold;\">Tragbarer Karaoke-Lautsprecher<\/span><\/div>\n<div>Das HPG419BTL verf\u00fcgt \u00fcber eine Karaoke-Sing-Along-Funktion, mit der Sie w\u00e4hrend der Musikwiedergabe das mitgelieferte kabelgebundene Mikrofon verwenden k\u00f6nnen. Sie k\u00f6nnen jeden Anlass in eine Karaoke-Party verwandeln. Der Lautsprecher verf\u00fcgt sogar \u00fcber zwei 6,3-mm-Mikrofonanschl\u00fcsse, so dass Sie auch als Duo die Show stehlen k\u00f6nnen. Verwenden Sie den Line-In-Anschluss f\u00fcr eine kabelgebundene Verbindung mit einem externen Ger\u00e4t, z. B. einem Laptop. Haben Sie Ihre Karaoke-Hits auf einem USB-Stick oder einer SD-Karte? Kein Problem, das HPG419BTL hat auch daf\u00fcr Anschl\u00fcsse. Steuern Sie den Lautsprecher \u00fcber das Bedienfeld mit LED-Anzeige oder \u00fcber die App, die Sie auf Ihrem Smartphone installieren.<\/div>\n<div><\/div>\n<div><span style=\"font-weight: bold;\">Streaming-Verbindung&nbsp;<\/span><\/div>\n<div>Durch Streaming wird der Lautsprecher mit Ihrem Smartphone, Tablet oder Computer verbunden, sodass Sie Ihre Lieblingsmusik \u00fcberall abspielen k\u00f6nnen. Der HPG419BTL hat eine Streaming-Reichweite von 10 Metern, sodass Sie w\u00e4hrend der Party nicht in der N\u00e4he des Lautsprechers bleiben m\u00fcssen. Die Streaming-Profile A2DP und AVRCP sorgen f\u00fcr eine hohe Klangqualit\u00e4t, ohne dass es zu Verbindungsproblemen kommt.<\/div>\n<div><\/div>\n<div><span style=\"font-weight: bold;\">Starke B\u00e4sse und ausreichend Leistung<\/span><\/div>\n<div>Dank der Kombination aus einem Tieft\u00f6ner und 2 Lautsprechern bietet der HPG 419BLT einen gro\u00dfen und klaren Klang. Der aktive 15-Watt-6,5-Zoll-Tieft\u00f6ner sorgt f\u00fcr tiefe B\u00e4sse, die jedem ein flaues Gef\u00fchl im Magen bescheren. Die beiden 7,5-Watt-2,5-Zoll-Lautsprecher sorgen f\u00fcr eine gute Balance bei den H\u00f6hen. Mit einer Gesamtleistung von 30 Watt kommt die Lautst\u00e4rke bei Ihrer Party nicht zu kurz.<\/div>\n<div><\/div>\n<div><span style=\"font-weight: bold;\">Nehmen Sie den Lautsprecher \u00fcberall mit<\/span><\/div>\n<div>Der HPG 419BLT verf\u00fcgt \u00fcber einen praktischen Tragegurt, mit dem Sie ihn \u00fcber der Schulter tragen k\u00f6nnen. Der eingebaute Akku h\u00e4lt bis zu 8 Stunden. Wenn der Akku leer ist, k\u00f6nnen Sie den Lautsprecher mit dem mitgelieferten Adapter wieder aufladen.<\/div>\n","protected":false},"excerpt":{"rendered":"<p>Mit dem Caliber HPG419BTL Streaming-Party-Lautsprecher k\u00f6nnen Sie eine echte Party veranstalten. Der Lautsprecher ist f\u00fcr einen angenehmen Karaoke-Abend zu Hause oder in einem kleinen Saal geeignet. Das HPG419BTL ist dank seiner mehrfarbigen LED-Beleuchtung eine auff\u00e4llige Erscheinung. Die Beleuchtung bewegt sich als Equalizer mit der Musik und kann in 5 Positionen eingestellt werden. Das wird Sie [&hellip;]<\/p>\n","protected":false},"featured_media":730714,"template":"","meta":{"_acf_changed":false,"site-sidebar-layout":"default","site-content-layout":"","ast-site-content-layout":"default","site-content-style":"default","site-sidebar-style":"default","ast-global-header-display":"","ast-banner-title-visibility":"","ast-main-header-display":"","ast-hfb-above-header-display":"","ast-hfb-below-header-display":"","ast-hfb-mobile-header-display":"","site-post-title":"","ast-breadcrumbs-content":"","ast-featured-img":"","footer-sml-layout":"","theme-transparent-header-meta":"","adv-header-id-meta":"","stick-header-meta":"","header-above-stick-meta":"","header-main-stick-meta":"","header-below-stick-meta":"","astra-migrate-meta-layouts":"default","ast-page-background-enabled":"default","ast-page-background-meta":{"desktop":{"background-color":"","background-image":"","background-repeat":"repeat","background-position":"center center","background-size":"auto","background-attachment":"scroll","background-type":"","background-media":"","overlay-type":"","overlay-color":"","overlay-opacity":"","overlay-gradient":""},"tablet":{"background-color":"","background-image":"","background-repeat":"repeat","background-position":"center center","background-size":"auto","background-attachment":"scroll","background-type":"","background-media":"","overlay-type":"","overlay-color":"","overlay-opacity":"","overlay-gradient":""},"mobile":{"background-color":"","background-image":"","background-repeat":"repeat","background-position":"center center","background-size":"auto","background-attachment":"scroll","background-type":"","background-media":"","overlay-type":"","overlay-color":"","overlay-opacity":"","overlay-gradient":""}},"ast-content-background-meta":{"desktop":{"background-color":"var(--ast-global-color-5)","background-image":"","background-repeat":"repeat","background-position":"center center","background-size":"auto","background-attachment":"scroll","background-type":"","background-media":"","overlay-type":"","overlay-color":"","overlay-opacity":"","overlay-gradient":""},"tablet":{"background-color":"var(--ast-global-color-5)","background-image":"","background-repeat":"repeat","background-position":"center center","background-size":"auto","background-attachment":"scroll","background-type":"","background-media":"","overlay-type":"","overlay-color":"","overlay-opacity":"","overlay-gradient":""},"mobile":{"background-color":"var(--ast-global-color-5)","background-image":"","background-repeat":"repeat","background-position":"center center","background-size":"auto","background-attachment":"scroll","background-type":"","background-media":"","overlay-type":"","overlay-color":"","overlay-opacity":"","overlay-gradient":""}}},"product_brand":[],"product_cat":[12247,12231],"product_tag":[],"class_list":{"0":"post-510717","1":"product","2":"type-product","3":"status-publish","4":"has-post-thumbnail","6":"product_cat-party_karaoke_speakers_de_de","7":"product_cat-geluid_de_de","8":"desktop-align-center","9":"tablet-align-center","10":"mobile-align-center","11":"ast-product-gallery-layout-horizontal","12":"ast-product-tabs-layout-horizontal","14":"first","15":"outofstock","16":"taxable","17":"shipping-taxable","18":"purchasable","19":"product-type-simple"},"acf":[],"yoast_head":"<!-- This site is optimized with the Yoast SEO plugin v26.5 - https:\/\/yoast.com\/wordpress\/plugins\/seo\/ -->\n<title>Karaoke-Set - mit Led-Beleuchtung Schwarz (HPG419BTL) - Caliber Europe B.V.<\/title>\n<meta name=\"robots\" content=\"noindex, follow, max-snippet:-1, max-image-preview:large, max-video-preview:-1\" \/>\n<meta property=\"og:locale\" content=\"de_DE\" \/>\n<meta property=\"og:type\" content=\"article\" \/>\n<meta property=\"og:title\" content=\"Karaoke-Set - mit Led-Beleuchtung Schwarz (HPG419BTL) - Caliber Europe B.V.\" \/>\n<meta property=\"og:description\" content=\"Mit dem Caliber HPG419BTL Streaming-Party-Lautsprecher k\u00f6nnen Sie eine echte Party veranstalten. Der Lautsprecher ist f\u00fcr einen angenehmen Karaoke-Abend zu Hause oder in einem kleinen Saal geeignet. Das HPG419BTL ist dank seiner mehrfarbigen LED-Beleuchtung eine auff\u00e4llige Erscheinung. Die Beleuchtung bewegt sich als Equalizer mit der Musik und kann in 5 Positionen eingestellt werden. Das wird Sie [&hellip;]\" \/>\n<meta property=\"og:url\" content=\"https:\/\/b2b.calibereurope.com\/de\/produkt\/hpg419btl-de_de\/\" \/>\n<meta property=\"og:site_name\" content=\"Caliber Europe B.V.\" \/>\n<meta property=\"article:modified_time\" content=\"2023-11-13T06:00:50+00:00\" \/>\n<meta property=\"og:image\" content=\"https:\/\/b2b.calibereurope.com\/wp-content\/uploads\/2021\/09\/182b845c05addb3adc96f4db833e52a405ee0943_HPG419BTL_front_web.jpg\" \/>\n\t<meta property=\"og:image:width\" content=\"1024\" \/>\n\t<meta property=\"og:image:height\" content=\"768\" \/>\n\t<meta property=\"og:image:type\" content=\"image\/jpeg\" \/>\n<meta name=\"twitter:card\" content=\"summary_large_image\" \/>\n<meta name=\"twitter:label1\" content=\"Gesch\u00e4tzte Lesezeit\" \/>\n\t<meta name=\"twitter:data1\" content=\"2\u00a0Minuten\" \/>\n<script type=\"application\/ld+json\" class=\"yoast-schema-graph\">{\"@context\":\"https:\/\/schema.org\",\"@graph\":[{\"@type\":\"WebPage\",\"@id\":\"https:\/\/b2b.calibereurope.com\/de\/produkt\/hpg419btl-de_de\/\",\"url\":\"https:\/\/b2b.calibereurope.com\/de\/produkt\/hpg419btl-de_de\/\",\"name\":\"Karaoke-Set - mit Led-Beleuchtung Schwarz (HPG419BTL) - Caliber Europe B.V.\",\"isPartOf\":{\"@id\":\"https:\/\/b2b.calibereurope.com\/#website\"},\"primaryImageOfPage\":{\"@id\":\"https:\/\/b2b.calibereurope.com\/de\/produkt\/hpg419btl-de_de\/#primaryimage\"},\"image\":{\"@id\":\"https:\/\/b2b.calibereurope.com\/de\/produkt\/hpg419btl-de_de\/#primaryimage\"},\"thumbnailUrl\":\"https:\/\/b2b.calibereurope.com\/wp-content\/uploads\/2022\/09\/182b845c05addb3adc96f4db833e52a405ee0943_HPG419BTL_front_web.jpg\",\"datePublished\":\"2022-09-13T00:00:00+00:00\",\"dateModified\":\"2023-11-13T06:00:50+00:00\",\"breadcrumb\":{\"@id\":\"https:\/\/b2b.calibereurope.com\/de\/produkt\/hpg419btl-de_de\/#breadcrumb\"},\"inLanguage\":\"de\",\"potentialAction\":[{\"@type\":\"ReadAction\",\"target\":[\"https:\/\/b2b.calibereurope.com\/de\/produkt\/hpg419btl-de_de\/\"]}]},{\"@type\":\"ImageObject\",\"inLanguage\":\"de\",\"@id\":\"https:\/\/b2b.calibereurope.com\/de\/produkt\/hpg419btl-de_de\/#primaryimage\",\"url\":\"https:\/\/b2b.calibereurope.com\/wp-content\/uploads\/2022\/09\/182b845c05addb3adc96f4db833e52a405ee0943_HPG419BTL_front_web.jpg\",\"contentUrl\":\"https:\/\/b2b.calibereurope.com\/wp-content\/uploads\/2022\/09\/182b845c05addb3adc96f4db833e52a405ee0943_HPG419BTL_front_web.jpg\",\"width\":1024,\"height\":768},{\"@type\":\"BreadcrumbList\",\"@id\":\"https:\/\/b2b.calibereurope.com\/de\/produkt\/hpg419btl-de_de\/#breadcrumb\",\"itemListElement\":[{\"@type\":\"ListItem\",\"position\":1,\"name\":\"Home\",\"item\":\"https:\/\/b2b.calibereurope.com\/de\/\"},{\"@type\":\"ListItem\",\"position\":2,\"name\":\"Shop\",\"item\":\"https:\/\/b2b.calibereurope.com\/de\/shop\/\"},{\"@type\":\"ListItem\",\"position\":3,\"name\":\"Karaoke-Set &#8211; mit Led-Beleuchtung Schwarz (HPG419BTL)\"}]},{\"@type\":\"WebSite\",\"@id\":\"https:\/\/b2b.calibereurope.com\/#website\",\"url\":\"https:\/\/b2b.calibereurope.com\/\",\"name\":\"Caliber Europe B.V.\",\"description\":\"B2B Webshop\",\"publisher\":{\"@id\":\"https:\/\/b2b.calibereurope.com\/#organization\"},\"potentialAction\":[{\"@type\":\"SearchAction\",\"target\":{\"@type\":\"EntryPoint\",\"urlTemplate\":\"https:\/\/b2b.calibereurope.com\/?s={search_term_string}\"},\"query-input\":{\"@type\":\"PropertyValueSpecification\",\"valueRequired\":true,\"valueName\":\"search_term_string\"}}],\"inLanguage\":\"de\"},{\"@type\":\"Organization\",\"@id\":\"https:\/\/b2b.calibereurope.com\/#organization\",\"name\":\"Caliber Europe B.V.\",\"url\":\"https:\/\/b2b.calibereurope.com\/\",\"logo\":{\"@type\":\"ImageObject\",\"inLanguage\":\"de\",\"@id\":\"https:\/\/b2b.calibereurope.com\/#\/schema\/logo\/image\/\",\"url\":\"https:\/\/b2b.calibereurope.com\/wp-content\/uploads\/2020\/12\/Caliber_Logo-Black.png\",\"contentUrl\":\"https:\/\/b2b.calibereurope.com\/wp-content\/uploads\/2020\/12\/Caliber_Logo-Black.png\",\"width\":3157,\"height\":356,\"caption\":\"Caliber Europe B.V.\"},\"image\":{\"@id\":\"https:\/\/b2b.calibereurope.com\/#\/schema\/logo\/image\/\"}}]}<\/script>\n<!-- \/ Yoast SEO plugin. -->","yoast_head_json":{"title":"Karaoke-Set - mit Led-Beleuchtung Schwarz (HPG419BTL) - Caliber Europe B.V.","robots":{"index":"noindex","follow":"follow","max-snippet":"max-snippet:-1","max-image-preview":"max-image-preview:large","max-video-preview":"max-video-preview:-1"},"og_locale":"de_DE","og_type":"article","og_title":"Karaoke-Set - mit Led-Beleuchtung Schwarz (HPG419BTL) - Caliber Europe B.V.","og_description":"Mit dem Caliber HPG419BTL Streaming-Party-Lautsprecher k\u00f6nnen Sie eine echte Party veranstalten. Der Lautsprecher ist f\u00fcr einen angenehmen Karaoke-Abend zu Hause oder in einem kleinen Saal geeignet. Das HPG419BTL ist dank seiner mehrfarbigen LED-Beleuchtung eine auff\u00e4llige Erscheinung. Die Beleuchtung bewegt sich als Equalizer mit der Musik und kann in 5 Positionen eingestellt werden. Das wird Sie [&hellip;]","og_url":"https:\/\/b2b.calibereurope.com\/de\/produkt\/hpg419btl-de_de\/","og_site_name":"Caliber Europe B.V.","article_modified_time":"2023-11-13T06:00:50+00:00","og_image":[{"width":1024,"height":768,"url":"https:\/\/b2b.calibereurope.com\/wp-content\/uploads\/2021\/09\/182b845c05addb3adc96f4db833e52a405ee0943_HPG419BTL_front_web.jpg","type":"image\/jpeg"}],"twitter_card":"summary_large_image","twitter_misc":{"Gesch\u00e4tzte Lesezeit":"2\u00a0Minuten"},"schema":{"@context":"https:\/\/schema.org","@graph":[{"@type":"WebPage","@id":"https:\/\/b2b.calibereurope.com\/de\/produkt\/hpg419btl-de_de\/","url":"https:\/\/b2b.calibereurope.com\/de\/produkt\/hpg419btl-de_de\/","name":"Karaoke-Set - mit Led-Beleuchtung Schwarz (HPG419BTL) - Caliber Europe B.V.","isPartOf":{"@id":"https:\/\/b2b.calibereurope.com\/#website"},"primaryImageOfPage":{"@id":"https:\/\/b2b.calibereurope.com\/de\/produkt\/hpg419btl-de_de\/#primaryimage"},"image":{"@id":"https:\/\/b2b.calibereurope.com\/de\/produkt\/hpg419btl-de_de\/#primaryimage"},"thumbnailUrl":"https:\/\/b2b.calibereurope.com\/wp-content\/uploads\/2022\/09\/182b845c05addb3adc96f4db833e52a405ee0943_HPG419BTL_front_web.jpg","datePublished":"2022-09-13T00:00:00+00:00","dateModified":"2023-11-13T06:00:50+00:00","breadcrumb":{"@id":"https:\/\/b2b.calibereurope.com\/de\/produkt\/hpg419btl-de_de\/#breadcrumb"},"inLanguage":"de","potentialAction":[{"@type":"ReadAction","target":["https:\/\/b2b.calibereurope.com\/de\/produkt\/hpg419btl-de_de\/"]}]},{"@type":"ImageObject","inLanguage":"de","@id":"https:\/\/b2b.calibereurope.com\/de\/produkt\/hpg419btl-de_de\/#primaryimage","url":"https:\/\/b2b.calibereurope.com\/wp-content\/uploads\/2022\/09\/182b845c05addb3adc96f4db833e52a405ee0943_HPG419BTL_front_web.jpg","contentUrl":"https:\/\/b2b.calibereurope.com\/wp-content\/uploads\/2022\/09\/182b845c05addb3adc96f4db833e52a405ee0943_HPG419BTL_front_web.jpg","width":1024,"height":768},{"@type":"BreadcrumbList","@id":"https:\/\/b2b.calibereurope.com\/de\/produkt\/hpg419btl-de_de\/#breadcrumb","itemListElement":[{"@type":"ListItem","position":1,"name":"Home","item":"https:\/\/b2b.calibereurope.com\/de\/"},{"@type":"ListItem","position":2,"name":"Shop","item":"https:\/\/b2b.calibereurope.com\/de\/shop\/"},{"@type":"ListItem","position":3,"name":"Karaoke-Set &#8211; mit Led-Beleuchtung Schwarz (HPG419BTL)"}]},{"@type":"WebSite","@id":"https:\/\/b2b.calibereurope.com\/#website","url":"https:\/\/b2b.calibereurope.com\/","name":"Caliber Europe B.V.","description":"B2B Webshop","publisher":{"@id":"https:\/\/b2b.calibereurope.com\/#organization"},"potentialAction":[{"@type":"SearchAction","target":{"@type":"EntryPoint","urlTemplate":"https:\/\/b2b.calibereurope.com\/?s={search_term_string}"},"query-input":{"@type":"PropertyValueSpecification","valueRequired":true,"valueName":"search_term_string"}}],"inLanguage":"de"},{"@type":"Organization","@id":"https:\/\/b2b.calibereurope.com\/#organization","name":"Caliber Europe B.V.","url":"https:\/\/b2b.calibereurope.com\/","logo":{"@type":"ImageObject","inLanguage":"de","@id":"https:\/\/b2b.calibereurope.com\/#\/schema\/logo\/image\/","url":"https:\/\/b2b.calibereurope.com\/wp-content\/uploads\/2020\/12\/Caliber_Logo-Black.png","contentUrl":"https:\/\/b2b.calibereurope.com\/wp-content\/uploads\/2020\/12\/Caliber_Logo-Black.png","width":3157,"height":356,"caption":"Caliber Europe B.V."},"image":{"@id":"https:\/\/b2b.calibereurope.com\/#\/schema\/logo\/image\/"}}]}},"_links":{"self":[{"href":"https:\/\/b2b.calibereurope.com\/de\/wp-json\/wp\/v2\/product\/510717","targetHints":{"allow":["GET"]}}],"collection":[{"href":"https:\/\/b2b.calibereurope.com\/de\/wp-json\/wp\/v2\/product"}],"about":[{"href":"https:\/\/b2b.calibereurope.com\/de\/wp-json\/wp\/v2\/types\/product"}],"version-history":[{"count":0,"href":"https:\/\/b2b.calibereurope.com\/de\/wp-json\/wp\/v2\/product\/510717\/revisions"}],"wp:featuredmedia":[{"embeddable":true,"href":"https:\/\/b2b.calibereurope.com\/de\/wp-json\/wp\/v2\/media\/730714"}],"wp:attachment":[{"href":"https:\/\/b2b.calibereurope.com\/de\/wp-json\/wp\/v2\/media?parent=510717"}],"wp:term":[{"taxonomy":"product_brand","embeddable":true,"href":"https:\/\/b2b.calibereurope.com\/de\/wp-json\/wp\/v2\/product_brand?post=510717"},{"taxonomy":"product_cat","embeddable":true,"href":"https:\/\/b2b.calibereurope.com\/de\/wp-json\/wp\/v2\/product_cat?post=510717"},{"taxonomy":"product_tag","embeddable":true,"href":"https:\/\/b2b.calibereurope.com\/de\/wp-json\/wp\/v2\/product_tag?post=510717"}],"curies":[{"name":"wp","href":"https:\/\/api.w.org\/{rel}","templated":true}]}}