{"id":513909,"date":"2025-10-07T02:00:00","date_gmt":"2025-10-07T00:00:00","guid":{"rendered":""},"modified":"2025-10-07T12:16:08","modified_gmt":"2025-10-07T10:16:08","slug":"HWP102F-de_DE","status":"publish","type":"product","link":"https:\/\/b2b.calibereurope.com\/de\/produkt\/HWP102F-de_DE\/","title":{"rendered":"Smart Plug &#8211; Smart Plug f\u00fcr Energieeinsparung &#8211; Typ E &#8211; Belgischer Stecker &#8211; Steuerung mit App (HWP102F)"},"content":{"rendered":"<p> <strong> Energie sparen <\/strong> und steuern Sie Ihre Ger\u00e4te mit einem Caliber HWP102F -Smart -Stecker aus der Ferne. Mit dem intelligenten Socket k\u00f6nnen Sie <strong> mal <\/strong> setzen, auf dem sie ein- oder ausgeht, unabh\u00e4ngig davon, ob dies mit <strong> Sonnenaufgang und Sonnenuntergang <\/strong> erstellt wird. Der Smart Plug ist auch <strong> Kontrolle \u00fcber eine App <\/strong> und Sie k\u00f6nnen ihn an andere Ger\u00e4te wie eine \u00dcberwachungskamera anschlie\u00dfen. Auf diese Weise k\u00f6nnen Sie leicht Energie sparen. Dank der <strong> physischen Ein-\/Aus -Taste <\/strong> k\u00f6nnen Sie auch die Socket verwenden, wenn Sie Ihr Telefon nicht zur Hand haben. Der Smart Plug verf\u00fcgt \u00fcber einen <strong> Typ E <\/strong>, insbesondere f\u00fcr die Verwendung in Belgien, Frankreich, Polen, Slowakei und Tschechische Republik. <\/p>\n<p> <strong> Eigenschaften: <\/strong> <\/p>\n<ul>\n<li> Smart Plug Typ E <\/li>\n<li> F\u00fcr FR, BE, PL, SK und CZ &lt; LI&gt; Betrieb \u00fcber kostenlose Caliber -App<\/li>\n<li> kompatibel mit Google Home, Amazon Alexa und Siri <\/li>\n<li> Timer\/Zeitplan \u00fcber App <\/li>\n<li> Physische Ein-\/Aus -Schaltfl\u00e4che <\/li>\n<li> Kinderschutz &lt; L&gt; Hackerproof (ISO27017: 2015) <\/li>\n<\/ul>\n<h3> Kein unn\u00f6tiger Energieverbrauch <\/h3>\n<p> Sind Sie auch auf einer Reihe von Ger\u00e4ten, die nachts nicht verwendet werden? Oder hinterlassen Sie immer ein kleines Licht an der Haust\u00fcr, wenn Sie in den Urlaub fahren? Das geh\u00f6rt der Vergangenheit mit diesem intelligenten Stecker an. Auf unterschiedliche Weise k\u00f6nnen Sie sicherstellen, dass Ger\u00e4te nur zu bestimmten Zeiten ein- und ausgehen, auch wenn Sie nicht zu Hause sind. Auf diese Weise k\u00f6nnen Sie einen Zeitplan festlegen, aber auch die aufsteigende und unterbezogene Sonne als Ausl\u00f6ser f\u00fcr die Steckdose verwenden. Zum Beispiel feder eine Lampe springt automatisch, wenn sie dunkel wird und Sie dies nicht anpassen m\u00fcssen, wenn die Tage k\u00fcrzer werden.&nbsp;<\/p>\n<h3> praktisch zu verwenden <\/h3>\n<p> Der Smart Plug funktioniert mit der kostenlosen Smart -Home -App mit kostenloser Caliber, so dass es einfach ist, ihn \u00fcber Ihr Telefon zu verwalten. Der Smart Plug ist auch mit Google Home, Amazon Alexa und Siri kompatibel, damit Sie ihn sogar \u00fcber die Sprache bedienen k\u00f6nnen. \u00dcber die App k\u00f6nnen Sie Timer und Zeitpl\u00e4ne f\u00fcr den Smart Plug festlegen, aber auch Szenarien mit anderen Smart -Home -Ger\u00e4ten Caliber erstellen. Wird die Bewegung auf Ihrer \u00dcberwachungskamera beobachtet? Anschlie\u00dfend kann es beispielsweise einen Ausl\u00f6ser an den Smart Plug senden, damit die angeschlossene Lampe dann einspringt. Dank des Typ -E -Formats ist die Smart Socket auch in Belgien, Frankreich, Polen, Slowakei und der Tschechischen Republik perfekt f\u00fcr die Verwendung von Belgien, Frankreich, Polen. <\/p>\n<h3> sicheres Design <\/h3>\n<p> Der intelligente WLAN -Sockel ist mit dem Schutz von Kindern versorgt, sodass Sie sie ohne Sorgen in einer Steckdose lassen k\u00f6nnen, wenn Sie um Kinder herumlaufen. Dar\u00fcber hinaus ist der Smart Plug mit den erforderlichen Zertifizierungen ausgestattet und ist dieser Hackersicher. <\/p>\n","protected":false},"excerpt":{"rendered":"<p>Energie sparen und steuern Sie Ihre Ger\u00e4te mit einem Caliber HWP102F -Smart -Stecker aus der Ferne. Mit dem intelligenten Socket k\u00f6nnen Sie mal setzen, auf dem sie ein- oder ausgeht, unabh\u00e4ngig davon, ob dies mit Sonnenaufgang und Sonnenuntergang erstellt wird. Der Smart Plug ist auch Kontrolle \u00fcber eine App und Sie k\u00f6nnen ihn an andere [&hellip;]<\/p>\n","protected":false},"featured_media":859337,"template":"","meta":{"_acf_changed":false,"site-sidebar-layout":"default","site-content-layout":"","ast-site-content-layout":"default","site-content-style":"default","site-sidebar-style":"default","ast-global-header-display":"","ast-banner-title-visibility":"","ast-main-header-display":"","ast-hfb-above-header-display":"","ast-hfb-below-header-display":"","ast-hfb-mobile-header-display":"","site-post-title":"","ast-breadcrumbs-content":"","ast-featured-img":"","footer-sml-layout":"","theme-transparent-header-meta":"","adv-header-id-meta":"","stick-header-meta":"","header-above-stick-meta":"","header-main-stick-meta":"","header-below-stick-meta":"","astra-migrate-meta-layouts":"default","ast-page-background-enabled":"default","ast-page-background-meta":{"desktop":{"background-color":"","background-image":"","background-repeat":"repeat","background-position":"center center","background-size":"auto","background-attachment":"scroll","background-type":"","background-media":"","overlay-type":"","overlay-color":"","overlay-opacity":"","overlay-gradient":""},"tablet":{"background-color":"","background-image":"","background-repeat":"repeat","background-position":"center center","background-size":"auto","background-attachment":"scroll","background-type":"","background-media":"","overlay-type":"","overlay-color":"","overlay-opacity":"","overlay-gradient":""},"mobile":{"background-color":"","background-image":"","background-repeat":"repeat","background-position":"center center","background-size":"auto","background-attachment":"scroll","background-type":"","background-media":"","overlay-type":"","overlay-color":"","overlay-opacity":"","overlay-gradient":""}},"ast-content-background-meta":{"desktop":{"background-color":"var(--ast-global-color-5)","background-image":"","background-repeat":"repeat","background-position":"center center","background-size":"auto","background-attachment":"scroll","background-type":"","background-media":"","overlay-type":"","overlay-color":"","overlay-opacity":"","overlay-gradient":""},"tablet":{"background-color":"var(--ast-global-color-5)","background-image":"","background-repeat":"repeat","background-position":"center center","background-size":"auto","background-attachment":"scroll","background-type":"","background-media":"","overlay-type":"","overlay-color":"","overlay-opacity":"","overlay-gradient":""},"mobile":{"background-color":"var(--ast-global-color-5)","background-image":"","background-repeat":"repeat","background-position":"center center","background-size":"auto","background-attachment":"scroll","background-type":"","background-media":"","overlay-type":"","overlay-color":"","overlay-opacity":"","overlay-gradient":""}}},"product_brand":[],"product_cat":[22956],"product_tag":[],"class_list":{"0":"post-513909","1":"product","2":"type-product","3":"status-publish","4":"has-post-thumbnail","6":"product_cat-keine-kategorie","7":"desktop-align-center","8":"tablet-align-center","9":"mobile-align-center","10":"ast-product-gallery-layout-horizontal","11":"ast-product-tabs-layout-horizontal","13":"first","14":"instock","15":"taxable","16":"shipping-taxable","17":"purchasable","18":"product-type-simple"},"acf":[],"yoast_head":"<!-- This site is optimized with the Yoast SEO plugin v26.5 - https:\/\/yoast.com\/wordpress\/plugins\/seo\/ -->\n<title>Smart Plug - Smart Plug f\u00fcr Energieeinsparung - Typ E - Belgischer Stecker - Steuerung mit App (HWP102F) - Caliber Europe B.V.<\/title>\n<meta name=\"robots\" content=\"noindex, follow, max-snippet:-1, max-image-preview:large, max-video-preview:-1\" \/>\n<meta property=\"og:locale\" content=\"de_DE\" \/>\n<meta property=\"og:type\" content=\"article\" \/>\n<meta property=\"og:title\" content=\"Smart Plug - Smart Plug f\u00fcr Energieeinsparung - Typ E - Belgischer Stecker - Steuerung mit App (HWP102F) - Caliber Europe B.V.\" \/>\n<meta property=\"og:description\" content=\"Energie sparen und steuern Sie Ihre Ger\u00e4te mit einem Caliber HWP102F -Smart -Stecker aus der Ferne. Mit dem intelligenten Socket k\u00f6nnen Sie mal setzen, auf dem sie ein- oder ausgeht, unabh\u00e4ngig davon, ob dies mit Sonnenaufgang und Sonnenuntergang erstellt wird. Der Smart Plug ist auch Kontrolle \u00fcber eine App und Sie k\u00f6nnen ihn an andere [&hellip;]\" \/>\n<meta property=\"og:url\" content=\"https:\/\/b2b.calibereurope.com\/de\/produkt\/hwp102f_hwp102f_hwp102f-2\/\" \/>\n<meta property=\"og:site_name\" content=\"Caliber Europe B.V.\" \/>\n<meta property=\"article:modified_time\" content=\"2025-10-07T10:16:08+00:00\" \/>\n<meta property=\"og:image\" content=\"https:\/\/b2b.calibereurope.com\/wp-content\/uploads\/2021\/09\/22f5bf6ca36126d1f8a5a1c40040fc71c81c390e_HWP102F_front.jpg\" \/>\n\t<meta property=\"og:image:width\" content=\"1152\" \/>\n\t<meta property=\"og:image:height\" content=\"768\" \/>\n\t<meta property=\"og:image:type\" content=\"image\/jpeg\" \/>\n<meta name=\"twitter:card\" content=\"summary_large_image\" \/>\n<meta name=\"twitter:label1\" content=\"Gesch\u00e4tzte Lesezeit\" \/>\n\t<meta name=\"twitter:data1\" content=\"2\u00a0Minuten\" \/>\n<script type=\"application\/ld+json\" class=\"yoast-schema-graph\">{\"@context\":\"https:\/\/schema.org\",\"@graph\":[{\"@type\":\"WebPage\",\"@id\":\"https:\/\/b2b.calibereurope.com\/de\/produkt\/hwp102f_hwp102f_hwp102f-2\/\",\"url\":\"https:\/\/b2b.calibereurope.com\/de\/produkt\/hwp102f_hwp102f_hwp102f-2\/\",\"name\":\"Smart Plug - Smart Plug f\u00fcr Energieeinsparung - Typ E - Belgischer Stecker - Steuerung mit App (HWP102F) - Caliber Europe B.V.\",\"isPartOf\":{\"@id\":\"https:\/\/b2b.calibereurope.com\/#website\"},\"primaryImageOfPage\":{\"@id\":\"https:\/\/b2b.calibereurope.com\/de\/produkt\/hwp102f_hwp102f_hwp102f-2\/#primaryimage\"},\"image\":{\"@id\":\"https:\/\/b2b.calibereurope.com\/de\/produkt\/hwp102f_hwp102f_hwp102f-2\/#primaryimage\"},\"thumbnailUrl\":\"https:\/\/b2b.calibereurope.com\/wp-content\/uploads\/2025\/10\/22f5bf6ca36126d1f8a5a1c40040fc71c81c390e_HWP102F_front.jpg\",\"datePublished\":\"2025-10-07T00:00:00+00:00\",\"dateModified\":\"2025-10-07T10:16:08+00:00\",\"breadcrumb\":{\"@id\":\"https:\/\/b2b.calibereurope.com\/de\/produkt\/hwp102f_hwp102f_hwp102f-2\/#breadcrumb\"},\"inLanguage\":\"de\",\"potentialAction\":[{\"@type\":\"ReadAction\",\"target\":[\"https:\/\/b2b.calibereurope.com\/de\/produkt\/hwp102f_hwp102f_hwp102f-2\/\"]}]},{\"@type\":\"ImageObject\",\"inLanguage\":\"de\",\"@id\":\"https:\/\/b2b.calibereurope.com\/de\/produkt\/hwp102f_hwp102f_hwp102f-2\/#primaryimage\",\"url\":\"https:\/\/b2b.calibereurope.com\/wp-content\/uploads\/2025\/10\/22f5bf6ca36126d1f8a5a1c40040fc71c81c390e_HWP102F_front.jpg\",\"contentUrl\":\"https:\/\/b2b.calibereurope.com\/wp-content\/uploads\/2025\/10\/22f5bf6ca36126d1f8a5a1c40040fc71c81c390e_HWP102F_front.jpg\",\"width\":1152,\"height\":768},{\"@type\":\"BreadcrumbList\",\"@id\":\"https:\/\/b2b.calibereurope.com\/de\/produkt\/hwp102f_hwp102f_hwp102f-2\/#breadcrumb\",\"itemListElement\":[{\"@type\":\"ListItem\",\"position\":1,\"name\":\"Home\",\"item\":\"https:\/\/b2b.calibereurope.com\/de\/\"},{\"@type\":\"ListItem\",\"position\":2,\"name\":\"Shop\",\"item\":\"https:\/\/b2b.calibereurope.com\/de\/shop\/\"},{\"@type\":\"ListItem\",\"position\":3,\"name\":\"Smart Plug mit E-Stecker &#8211; Wei\u00df (HWP102F)\"}]},{\"@type\":\"WebSite\",\"@id\":\"https:\/\/b2b.calibereurope.com\/#website\",\"url\":\"https:\/\/b2b.calibereurope.com\/\",\"name\":\"Caliber Europe B.V.\",\"description\":\"B2B Webshop\",\"publisher\":{\"@id\":\"https:\/\/b2b.calibereurope.com\/#organization\"},\"potentialAction\":[{\"@type\":\"SearchAction\",\"target\":{\"@type\":\"EntryPoint\",\"urlTemplate\":\"https:\/\/b2b.calibereurope.com\/?s={search_term_string}\"},\"query-input\":{\"@type\":\"PropertyValueSpecification\",\"valueRequired\":true,\"valueName\":\"search_term_string\"}}],\"inLanguage\":\"de\"},{\"@type\":\"Organization\",\"@id\":\"https:\/\/b2b.calibereurope.com\/#organization\",\"name\":\"Caliber Europe B.V.\",\"url\":\"https:\/\/b2b.calibereurope.com\/\",\"logo\":{\"@type\":\"ImageObject\",\"inLanguage\":\"de\",\"@id\":\"https:\/\/b2b.calibereurope.com\/#\/schema\/logo\/image\/\",\"url\":\"https:\/\/b2b.calibereurope.com\/wp-content\/uploads\/2020\/12\/Caliber_Logo-Black.png\",\"contentUrl\":\"https:\/\/b2b.calibereurope.com\/wp-content\/uploads\/2020\/12\/Caliber_Logo-Black.png\",\"width\":3157,\"height\":356,\"caption\":\"Caliber Europe B.V.\"},\"image\":{\"@id\":\"https:\/\/b2b.calibereurope.com\/#\/schema\/logo\/image\/\"}}]}<\/script>\n<!-- \/ Yoast SEO plugin. -->","yoast_head_json":{"title":"Smart Plug - Smart Plug f\u00fcr Energieeinsparung - Typ E - Belgischer Stecker - Steuerung mit App (HWP102F) - Caliber Europe B.V.","robots":{"index":"noindex","follow":"follow","max-snippet":"max-snippet:-1","max-image-preview":"max-image-preview:large","max-video-preview":"max-video-preview:-1"},"og_locale":"de_DE","og_type":"article","og_title":"Smart Plug - Smart Plug f\u00fcr Energieeinsparung - Typ E - Belgischer Stecker - Steuerung mit App (HWP102F) - Caliber Europe B.V.","og_description":"Energie sparen und steuern Sie Ihre Ger\u00e4te mit einem Caliber HWP102F -Smart -Stecker aus der Ferne. Mit dem intelligenten Socket k\u00f6nnen Sie mal setzen, auf dem sie ein- oder ausgeht, unabh\u00e4ngig davon, ob dies mit Sonnenaufgang und Sonnenuntergang erstellt wird. Der Smart Plug ist auch Kontrolle \u00fcber eine App und Sie k\u00f6nnen ihn an andere [&hellip;]","og_url":"https:\/\/b2b.calibereurope.com\/de\/produkt\/hwp102f_hwp102f_hwp102f-2\/","og_site_name":"Caliber Europe B.V.","article_modified_time":"2025-10-07T10:16:08+00:00","og_image":[{"width":1152,"height":768,"url":"https:\/\/b2b.calibereurope.com\/wp-content\/uploads\/2021\/09\/22f5bf6ca36126d1f8a5a1c40040fc71c81c390e_HWP102F_front.jpg","type":"image\/jpeg"}],"twitter_card":"summary_large_image","twitter_misc":{"Gesch\u00e4tzte Lesezeit":"2\u00a0Minuten"},"schema":{"@context":"https:\/\/schema.org","@graph":[{"@type":"WebPage","@id":"https:\/\/b2b.calibereurope.com\/de\/produkt\/hwp102f_hwp102f_hwp102f-2\/","url":"https:\/\/b2b.calibereurope.com\/de\/produkt\/hwp102f_hwp102f_hwp102f-2\/","name":"Smart Plug - Smart Plug f\u00fcr Energieeinsparung - Typ E - Belgischer Stecker - Steuerung mit App (HWP102F) - Caliber Europe B.V.","isPartOf":{"@id":"https:\/\/b2b.calibereurope.com\/#website"},"primaryImageOfPage":{"@id":"https:\/\/b2b.calibereurope.com\/de\/produkt\/hwp102f_hwp102f_hwp102f-2\/#primaryimage"},"image":{"@id":"https:\/\/b2b.calibereurope.com\/de\/produkt\/hwp102f_hwp102f_hwp102f-2\/#primaryimage"},"thumbnailUrl":"https:\/\/b2b.calibereurope.com\/wp-content\/uploads\/2025\/10\/22f5bf6ca36126d1f8a5a1c40040fc71c81c390e_HWP102F_front.jpg","datePublished":"2025-10-07T00:00:00+00:00","dateModified":"2025-10-07T10:16:08+00:00","breadcrumb":{"@id":"https:\/\/b2b.calibereurope.com\/de\/produkt\/hwp102f_hwp102f_hwp102f-2\/#breadcrumb"},"inLanguage":"de","potentialAction":[{"@type":"ReadAction","target":["https:\/\/b2b.calibereurope.com\/de\/produkt\/hwp102f_hwp102f_hwp102f-2\/"]}]},{"@type":"ImageObject","inLanguage":"de","@id":"https:\/\/b2b.calibereurope.com\/de\/produkt\/hwp102f_hwp102f_hwp102f-2\/#primaryimage","url":"https:\/\/b2b.calibereurope.com\/wp-content\/uploads\/2025\/10\/22f5bf6ca36126d1f8a5a1c40040fc71c81c390e_HWP102F_front.jpg","contentUrl":"https:\/\/b2b.calibereurope.com\/wp-content\/uploads\/2025\/10\/22f5bf6ca36126d1f8a5a1c40040fc71c81c390e_HWP102F_front.jpg","width":1152,"height":768},{"@type":"BreadcrumbList","@id":"https:\/\/b2b.calibereurope.com\/de\/produkt\/hwp102f_hwp102f_hwp102f-2\/#breadcrumb","itemListElement":[{"@type":"ListItem","position":1,"name":"Home","item":"https:\/\/b2b.calibereurope.com\/de\/"},{"@type":"ListItem","position":2,"name":"Shop","item":"https:\/\/b2b.calibereurope.com\/de\/shop\/"},{"@type":"ListItem","position":3,"name":"Smart Plug mit E-Stecker &#8211; Wei\u00df (HWP102F)"}]},{"@type":"WebSite","@id":"https:\/\/b2b.calibereurope.com\/#website","url":"https:\/\/b2b.calibereurope.com\/","name":"Caliber Europe B.V.","description":"B2B Webshop","publisher":{"@id":"https:\/\/b2b.calibereurope.com\/#organization"},"potentialAction":[{"@type":"SearchAction","target":{"@type":"EntryPoint","urlTemplate":"https:\/\/b2b.calibereurope.com\/?s={search_term_string}"},"query-input":{"@type":"PropertyValueSpecification","valueRequired":true,"valueName":"search_term_string"}}],"inLanguage":"de"},{"@type":"Organization","@id":"https:\/\/b2b.calibereurope.com\/#organization","name":"Caliber Europe B.V.","url":"https:\/\/b2b.calibereurope.com\/","logo":{"@type":"ImageObject","inLanguage":"de","@id":"https:\/\/b2b.calibereurope.com\/#\/schema\/logo\/image\/","url":"https:\/\/b2b.calibereurope.com\/wp-content\/uploads\/2020\/12\/Caliber_Logo-Black.png","contentUrl":"https:\/\/b2b.calibereurope.com\/wp-content\/uploads\/2020\/12\/Caliber_Logo-Black.png","width":3157,"height":356,"caption":"Caliber Europe B.V."},"image":{"@id":"https:\/\/b2b.calibereurope.com\/#\/schema\/logo\/image\/"}}]}},"_links":{"self":[{"href":"https:\/\/b2b.calibereurope.com\/de\/wp-json\/wp\/v2\/product\/513909","targetHints":{"allow":["GET"]}}],"collection":[{"href":"https:\/\/b2b.calibereurope.com\/de\/wp-json\/wp\/v2\/product"}],"about":[{"href":"https:\/\/b2b.calibereurope.com\/de\/wp-json\/wp\/v2\/types\/product"}],"version-history":[{"count":0,"href":"https:\/\/b2b.calibereurope.com\/de\/wp-json\/wp\/v2\/product\/513909\/revisions"}],"wp:featuredmedia":[{"embeddable":true,"href":"https:\/\/b2b.calibereurope.com\/de\/wp-json\/wp\/v2\/media\/859337"}],"wp:attachment":[{"href":"https:\/\/b2b.calibereurope.com\/de\/wp-json\/wp\/v2\/media?parent=513909"}],"wp:term":[{"taxonomy":"product_brand","embeddable":true,"href":"https:\/\/b2b.calibereurope.com\/de\/wp-json\/wp\/v2\/product_brand?post=513909"},{"taxonomy":"product_cat","embeddable":true,"href":"https:\/\/b2b.calibereurope.com\/de\/wp-json\/wp\/v2\/product_cat?post=513909"},{"taxonomy":"product_tag","embeddable":true,"href":"https:\/\/b2b.calibereurope.com\/de\/wp-json\/wp\/v2\/product_tag?post=513909"}],"curies":[{"name":"wp","href":"https:\/\/api.w.org\/{rel}","templated":true}]}}