{"id":513993,"date":"2025-10-07T02:00:00","date_gmt":"2025-10-07T00:00:00","guid":{"rendered":""},"modified":"2025-10-07T12:16:18","modified_gmt":"2025-10-07T10:16:18","slug":"HWP302FU-de_DE","status":"publish","type":"product","link":"https:\/\/b2b.calibereurope.com\/de\/produkt\/HWP302FU-de_DE\/","title":{"rendered":"Smart Socket mit USB &#8211; Switch &#8211; App -Betrieb &#8211; Google Home, Amazon Alexa und Siri (HWP302FU)"},"content":{"rendered":"<p> Erstellen Sie mehr Sockets und steuern Sie sie mit diesem Caliber HWP302FU -Smart Socket mit USB aus der Ferne. Der Steckerblock ist mit <strong> 4 Sockets <\/strong> und <strong> 4 USB -Anschl\u00fcssen <\/strong> ausgestattet. Auf diese Weise haben Sie gen\u00fcgend Platz, um gleichzeitig unterschiedliche Ger\u00e4te mit Strom zu versorgen. Der Smart Socket kann <strong> \u00fcber die Caliber Smart Home App <\/strong> betrieben werden, wobei Sie alle Leistungspunkte separat ein- und aus <\/strong> wechseln k\u00f6nnen. Dar\u00fcber hinaus k\u00f6nnen Sie einen <strong> -Pedaturableitungszeitpunkt <\/strong> festlegen, damit Ger\u00e4te zum richtigen Zeitpunkt starten und Strom erhalten. Der Sockel hat <strong> Kinderschutz <\/strong> und ist <strong> staubdichtes <\/strong>. Die Stecker verf\u00fcgen \u00fcber einen Typ -E -Stecker, insbesondere f\u00fcr Belgien, Frankreich, Polen, Slowakei und Tschechische Republik. <\/p>\n<p> <strong> Eigenschaften: <\/strong> <\/p>\n<ul>\n<li> 4 Socken (4x 10a, 2400W insgesamt)\n<li> Typ 3: f\u00fcr FR, BE, PL, SK und CZ\n<li> 4 USB -Anschl\u00fcsse (2,4a, max. 4a zur gleichen Zeit)\n<li> KOSTENLOSE CALIUBER Smart Home App\n<li> Staubdicht (IP20)\n<li> Kinderschutz\n<li> physisch auf \/Aus -Taste f\u00fcr den gesamten Block\n<li> Sockets k\u00f6nnen separat ausgeschaltet werden\n<li> 1,8 m Kabel\n<li> Hackerproof (ISO27017: 2015) <\/li>\n<\/ul>\n<h3> Slim -Ger\u00e4t <\/h3>\n<p> Die Steckdose ist mit WLAN ausgestattet und f\u00e4llt daher in die Kategorie Smart Products. Sie k\u00f6nnen den Steckerblock einfach \u00fcber die kostenlose Smart Home -App mit kostenlosen Caliber bedienen. Dort k\u00f6nnen Sie Zeitpl\u00e4ne einstellen, damit der Fernseher und die Fernsehkiste beispielsweise keinen Strom nachts verwenden. Ger\u00e4te, die Sie immer weitermachen m\u00f6chten, wie dem WLAN -Router, k\u00f6nnen einfach vom Zeitplan ausschlie\u00dfen, sodass Sie immer das Internet zu Hause haben. Dar\u00fcber hinaus haben Sie die M\u00f6glichkeit, verschiedene Caliber -Smart -Home -Produkte \u00fcber die App zu verkn\u00fcpfen. Sie k\u00f6nnen beispielsweise eine Steckdose des Smart Socket einschalten lassen, wenn die Bewegung von einer \u00dcberwachungskamera gefunden wird. <\/p>\n<h3> Immer gen\u00fcgend Steckdosen <\/h3>\n<p> Mit den acht Potenzpunkten dieses Steckerblocks ben\u00f6tigen Sie nur einen Sockel, um verschiedene Ger\u00e4te mit Strom zu versorgen. Dank des 1,8 -Meter -Kabels k\u00f6nnen Sie den Steckerblock auch mit USB -Anschl\u00fcssen ein betr\u00e4chtliches Ende aus der Steckdose legen. Dies macht diese Steckdose auch hinter der Couch oder dem Bett pl\u00f6tzlich interessant und praktisch! M\u00f6chten Sie alle Ger\u00e4te auf einmal deaktivieren und haben Sie Ihr Telefon nicht zur Hand? Dann k\u00f6nnen Sie die Steckdose mit dem Schalter ausschalten. <\/p>\n<h3> sicher zu verwenden <\/h3>\n<p> Der Smart Socket bietet endlose M\u00f6glichkeiten, die Sie aufgrund des gebauten Kinderschutzes mit Zuversicht verwenden k\u00f6nnen. Dar\u00fcber hinaus wurde die Hackerproof -Steckdose entworfen. Dank der Staubdichte des Steckerblocks bleibt er gesch\u00fctzt und Sie k\u00f6nnen ihn jahrelang verwenden. <\/p>\n","protected":false},"excerpt":{"rendered":"<p>Erstellen Sie mehr Sockets und steuern Sie sie mit diesem Caliber HWP302FU -Smart Socket mit USB aus der Ferne. Der Steckerblock ist mit 4 Sockets und 4 USB -Anschl\u00fcssen ausgestattet. Auf diese Weise haben Sie gen\u00fcgend Platz, um gleichzeitig unterschiedliche Ger\u00e4te mit Strom zu versorgen. Der Smart Socket kann \u00fcber die Caliber Smart Home App [&hellip;]<\/p>\n","protected":false},"featured_media":859357,"template":"","meta":{"_acf_changed":false,"site-sidebar-layout":"default","site-content-layout":"","ast-site-content-layout":"default","site-content-style":"default","site-sidebar-style":"default","ast-global-header-display":"","ast-banner-title-visibility":"","ast-main-header-display":"","ast-hfb-above-header-display":"","ast-hfb-below-header-display":"","ast-hfb-mobile-header-display":"","site-post-title":"","ast-breadcrumbs-content":"","ast-featured-img":"","footer-sml-layout":"","theme-transparent-header-meta":"","adv-header-id-meta":"","stick-header-meta":"","header-above-stick-meta":"","header-main-stick-meta":"","header-below-stick-meta":"","astra-migrate-meta-layouts":"default","ast-page-background-enabled":"default","ast-page-background-meta":{"desktop":{"background-color":"","background-image":"","background-repeat":"repeat","background-position":"center center","background-size":"auto","background-attachment":"scroll","background-type":"","background-media":"","overlay-type":"","overlay-color":"","overlay-opacity":"","overlay-gradient":""},"tablet":{"background-color":"","background-image":"","background-repeat":"repeat","background-position":"center center","background-size":"auto","background-attachment":"scroll","background-type":"","background-media":"","overlay-type":"","overlay-color":"","overlay-opacity":"","overlay-gradient":""},"mobile":{"background-color":"","background-image":"","background-repeat":"repeat","background-position":"center center","background-size":"auto","background-attachment":"scroll","background-type":"","background-media":"","overlay-type":"","overlay-color":"","overlay-opacity":"","overlay-gradient":""}},"ast-content-background-meta":{"desktop":{"background-color":"var(--ast-global-color-5)","background-image":"","background-repeat":"repeat","background-position":"center center","background-size":"auto","background-attachment":"scroll","background-type":"","background-media":"","overlay-type":"","overlay-color":"","overlay-opacity":"","overlay-gradient":""},"tablet":{"background-color":"var(--ast-global-color-5)","background-image":"","background-repeat":"repeat","background-position":"center center","background-size":"auto","background-attachment":"scroll","background-type":"","background-media":"","overlay-type":"","overlay-color":"","overlay-opacity":"","overlay-gradient":""},"mobile":{"background-color":"var(--ast-global-color-5)","background-image":"","background-repeat":"repeat","background-position":"center center","background-size":"auto","background-attachment":"scroll","background-type":"","background-media":"","overlay-type":"","overlay-color":"","overlay-opacity":"","overlay-gradient":""}}},"product_brand":[],"product_cat":[22956],"product_tag":[],"class_list":{"0":"post-513993","1":"product","2":"type-product","3":"status-publish","4":"has-post-thumbnail","6":"product_cat-keine-kategorie","7":"desktop-align-center","8":"tablet-align-center","9":"mobile-align-center","10":"ast-product-gallery-layout-horizontal","11":"ast-product-tabs-layout-horizontal","13":"first","14":"instock","15":"taxable","16":"shipping-taxable","17":"purchasable","18":"product-type-simple"},"acf":[],"yoast_head":"<!-- This site is optimized with the Yoast SEO plugin v26.5 - https:\/\/yoast.com\/wordpress\/plugins\/seo\/ -->\n<title>Smart Socket mit USB - Switch - App -Betrieb - Google Home, Amazon Alexa und Siri (HWP302FU) - Caliber Europe B.V.<\/title>\n<meta name=\"robots\" content=\"noindex, follow, max-snippet:-1, max-image-preview:large, max-video-preview:-1\" \/>\n<meta property=\"og:locale\" content=\"de_DE\" \/>\n<meta property=\"og:type\" content=\"article\" \/>\n<meta property=\"og:title\" content=\"Smart Socket mit USB - Switch - App -Betrieb - Google Home, Amazon Alexa und Siri (HWP302FU) - Caliber Europe B.V.\" \/>\n<meta property=\"og:description\" content=\"Erstellen Sie mehr Sockets und steuern Sie sie mit diesem Caliber HWP302FU -Smart Socket mit USB aus der Ferne. Der Steckerblock ist mit 4 Sockets und 4 USB -Anschl\u00fcssen ausgestattet. Auf diese Weise haben Sie gen\u00fcgend Platz, um gleichzeitig unterschiedliche Ger\u00e4te mit Strom zu versorgen. Der Smart Socket kann \u00fcber die Caliber Smart Home App [&hellip;]\" \/>\n<meta property=\"og:url\" content=\"https:\/\/b2b.calibereurope.com\/de\/produkt\/hwp302fu-de_de\/\" \/>\n<meta property=\"og:site_name\" content=\"Caliber Europe B.V.\" \/>\n<meta property=\"article:modified_time\" content=\"2025-10-07T10:16:18+00:00\" \/>\n<meta property=\"og:image\" content=\"https:\/\/b2b.calibereurope.com\/wp-content\/uploads\/2021\/09\/8459e06f1c74d7370f1f8a754bcf4c8a3fe03ab2_HWP302FU_top.jpg\" \/>\n\t<meta property=\"og:image:width\" content=\"1024\" \/>\n\t<meta property=\"og:image:height\" content=\"768\" \/>\n\t<meta property=\"og:image:type\" content=\"image\/jpeg\" \/>\n<meta name=\"twitter:card\" content=\"summary_large_image\" \/>\n<meta name=\"twitter:label1\" content=\"Gesch\u00e4tzte Lesezeit\" \/>\n\t<meta name=\"twitter:data1\" content=\"2\u00a0Minuten\" \/>\n<script type=\"application\/ld+json\" class=\"yoast-schema-graph\">{\"@context\":\"https:\/\/schema.org\",\"@graph\":[{\"@type\":\"WebPage\",\"@id\":\"https:\/\/b2b.calibereurope.com\/de\/produkt\/hwp302fu-de_de\/\",\"url\":\"https:\/\/b2b.calibereurope.com\/de\/produkt\/hwp302fu-de_de\/\",\"name\":\"Smart Socket mit USB - Switch - App -Betrieb - Google Home, Amazon Alexa und Siri (HWP302FU) - Caliber Europe B.V.\",\"isPartOf\":{\"@id\":\"https:\/\/b2b.calibereurope.com\/#website\"},\"primaryImageOfPage\":{\"@id\":\"https:\/\/b2b.calibereurope.com\/de\/produkt\/hwp302fu-de_de\/#primaryimage\"},\"image\":{\"@id\":\"https:\/\/b2b.calibereurope.com\/de\/produkt\/hwp302fu-de_de\/#primaryimage\"},\"thumbnailUrl\":\"https:\/\/b2b.calibereurope.com\/wp-content\/uploads\/2025\/10\/8459e06f1c74d7370f1f8a754bcf4c8a3fe03ab2_HWP302FU_top.jpg\",\"datePublished\":\"2025-10-07T00:00:00+00:00\",\"dateModified\":\"2025-10-07T10:16:18+00:00\",\"breadcrumb\":{\"@id\":\"https:\/\/b2b.calibereurope.com\/de\/produkt\/hwp302fu-de_de\/#breadcrumb\"},\"inLanguage\":\"de\",\"potentialAction\":[{\"@type\":\"ReadAction\",\"target\":[\"https:\/\/b2b.calibereurope.com\/de\/produkt\/hwp302fu-de_de\/\"]}]},{\"@type\":\"ImageObject\",\"inLanguage\":\"de\",\"@id\":\"https:\/\/b2b.calibereurope.com\/de\/produkt\/hwp302fu-de_de\/#primaryimage\",\"url\":\"https:\/\/b2b.calibereurope.com\/wp-content\/uploads\/2025\/10\/8459e06f1c74d7370f1f8a754bcf4c8a3fe03ab2_HWP302FU_top.jpg\",\"contentUrl\":\"https:\/\/b2b.calibereurope.com\/wp-content\/uploads\/2025\/10\/8459e06f1c74d7370f1f8a754bcf4c8a3fe03ab2_HWP302FU_top.jpg\",\"width\":1024,\"height\":768},{\"@type\":\"BreadcrumbList\",\"@id\":\"https:\/\/b2b.calibereurope.com\/de\/produkt\/hwp302fu-de_de\/#breadcrumb\",\"itemListElement\":[{\"@type\":\"ListItem\",\"position\":1,\"name\":\"Home\",\"item\":\"https:\/\/b2b.calibereurope.com\/de\/\"},{\"@type\":\"ListItem\",\"position\":2,\"name\":\"Shop\",\"item\":\"https:\/\/b2b.calibereurope.com\/de\/shop\/\"},{\"@type\":\"ListItem\",\"position\":3,\"name\":\"Smart Power-Steckdose &#8211; Stecker Typ 3 USB Wei\u00df (HWP302FU)\"}]},{\"@type\":\"WebSite\",\"@id\":\"https:\/\/b2b.calibereurope.com\/#website\",\"url\":\"https:\/\/b2b.calibereurope.com\/\",\"name\":\"Caliber Europe B.V.\",\"description\":\"B2B Webshop\",\"publisher\":{\"@id\":\"https:\/\/b2b.calibereurope.com\/#organization\"},\"potentialAction\":[{\"@type\":\"SearchAction\",\"target\":{\"@type\":\"EntryPoint\",\"urlTemplate\":\"https:\/\/b2b.calibereurope.com\/?s={search_term_string}\"},\"query-input\":{\"@type\":\"PropertyValueSpecification\",\"valueRequired\":true,\"valueName\":\"search_term_string\"}}],\"inLanguage\":\"de\"},{\"@type\":\"Organization\",\"@id\":\"https:\/\/b2b.calibereurope.com\/#organization\",\"name\":\"Caliber Europe B.V.\",\"url\":\"https:\/\/b2b.calibereurope.com\/\",\"logo\":{\"@type\":\"ImageObject\",\"inLanguage\":\"de\",\"@id\":\"https:\/\/b2b.calibereurope.com\/#\/schema\/logo\/image\/\",\"url\":\"https:\/\/b2b.calibereurope.com\/wp-content\/uploads\/2020\/12\/Caliber_Logo-Black.png\",\"contentUrl\":\"https:\/\/b2b.calibereurope.com\/wp-content\/uploads\/2020\/12\/Caliber_Logo-Black.png\",\"width\":3157,\"height\":356,\"caption\":\"Caliber Europe B.V.\"},\"image\":{\"@id\":\"https:\/\/b2b.calibereurope.com\/#\/schema\/logo\/image\/\"}}]}<\/script>\n<!-- \/ Yoast SEO plugin. -->","yoast_head_json":{"title":"Smart Socket mit USB - Switch - App -Betrieb - Google Home, Amazon Alexa und Siri (HWP302FU) - Caliber Europe B.V.","robots":{"index":"noindex","follow":"follow","max-snippet":"max-snippet:-1","max-image-preview":"max-image-preview:large","max-video-preview":"max-video-preview:-1"},"og_locale":"de_DE","og_type":"article","og_title":"Smart Socket mit USB - Switch - App -Betrieb - Google Home, Amazon Alexa und Siri (HWP302FU) - Caliber Europe B.V.","og_description":"Erstellen Sie mehr Sockets und steuern Sie sie mit diesem Caliber HWP302FU -Smart Socket mit USB aus der Ferne. Der Steckerblock ist mit 4 Sockets und 4 USB -Anschl\u00fcssen ausgestattet. Auf diese Weise haben Sie gen\u00fcgend Platz, um gleichzeitig unterschiedliche Ger\u00e4te mit Strom zu versorgen. Der Smart Socket kann \u00fcber die Caliber Smart Home App [&hellip;]","og_url":"https:\/\/b2b.calibereurope.com\/de\/produkt\/hwp302fu-de_de\/","og_site_name":"Caliber Europe B.V.","article_modified_time":"2025-10-07T10:16:18+00:00","og_image":[{"width":1024,"height":768,"url":"https:\/\/b2b.calibereurope.com\/wp-content\/uploads\/2021\/09\/8459e06f1c74d7370f1f8a754bcf4c8a3fe03ab2_HWP302FU_top.jpg","type":"image\/jpeg"}],"twitter_card":"summary_large_image","twitter_misc":{"Gesch\u00e4tzte Lesezeit":"2\u00a0Minuten"},"schema":{"@context":"https:\/\/schema.org","@graph":[{"@type":"WebPage","@id":"https:\/\/b2b.calibereurope.com\/de\/produkt\/hwp302fu-de_de\/","url":"https:\/\/b2b.calibereurope.com\/de\/produkt\/hwp302fu-de_de\/","name":"Smart Socket mit USB - Switch - App -Betrieb - Google Home, Amazon Alexa und Siri (HWP302FU) - Caliber Europe B.V.","isPartOf":{"@id":"https:\/\/b2b.calibereurope.com\/#website"},"primaryImageOfPage":{"@id":"https:\/\/b2b.calibereurope.com\/de\/produkt\/hwp302fu-de_de\/#primaryimage"},"image":{"@id":"https:\/\/b2b.calibereurope.com\/de\/produkt\/hwp302fu-de_de\/#primaryimage"},"thumbnailUrl":"https:\/\/b2b.calibereurope.com\/wp-content\/uploads\/2025\/10\/8459e06f1c74d7370f1f8a754bcf4c8a3fe03ab2_HWP302FU_top.jpg","datePublished":"2025-10-07T00:00:00+00:00","dateModified":"2025-10-07T10:16:18+00:00","breadcrumb":{"@id":"https:\/\/b2b.calibereurope.com\/de\/produkt\/hwp302fu-de_de\/#breadcrumb"},"inLanguage":"de","potentialAction":[{"@type":"ReadAction","target":["https:\/\/b2b.calibereurope.com\/de\/produkt\/hwp302fu-de_de\/"]}]},{"@type":"ImageObject","inLanguage":"de","@id":"https:\/\/b2b.calibereurope.com\/de\/produkt\/hwp302fu-de_de\/#primaryimage","url":"https:\/\/b2b.calibereurope.com\/wp-content\/uploads\/2025\/10\/8459e06f1c74d7370f1f8a754bcf4c8a3fe03ab2_HWP302FU_top.jpg","contentUrl":"https:\/\/b2b.calibereurope.com\/wp-content\/uploads\/2025\/10\/8459e06f1c74d7370f1f8a754bcf4c8a3fe03ab2_HWP302FU_top.jpg","width":1024,"height":768},{"@type":"BreadcrumbList","@id":"https:\/\/b2b.calibereurope.com\/de\/produkt\/hwp302fu-de_de\/#breadcrumb","itemListElement":[{"@type":"ListItem","position":1,"name":"Home","item":"https:\/\/b2b.calibereurope.com\/de\/"},{"@type":"ListItem","position":2,"name":"Shop","item":"https:\/\/b2b.calibereurope.com\/de\/shop\/"},{"@type":"ListItem","position":3,"name":"Smart Power-Steckdose &#8211; Stecker Typ 3 USB Wei\u00df (HWP302FU)"}]},{"@type":"WebSite","@id":"https:\/\/b2b.calibereurope.com\/#website","url":"https:\/\/b2b.calibereurope.com\/","name":"Caliber Europe B.V.","description":"B2B Webshop","publisher":{"@id":"https:\/\/b2b.calibereurope.com\/#organization"},"potentialAction":[{"@type":"SearchAction","target":{"@type":"EntryPoint","urlTemplate":"https:\/\/b2b.calibereurope.com\/?s={search_term_string}"},"query-input":{"@type":"PropertyValueSpecification","valueRequired":true,"valueName":"search_term_string"}}],"inLanguage":"de"},{"@type":"Organization","@id":"https:\/\/b2b.calibereurope.com\/#organization","name":"Caliber Europe B.V.","url":"https:\/\/b2b.calibereurope.com\/","logo":{"@type":"ImageObject","inLanguage":"de","@id":"https:\/\/b2b.calibereurope.com\/#\/schema\/logo\/image\/","url":"https:\/\/b2b.calibereurope.com\/wp-content\/uploads\/2020\/12\/Caliber_Logo-Black.png","contentUrl":"https:\/\/b2b.calibereurope.com\/wp-content\/uploads\/2020\/12\/Caliber_Logo-Black.png","width":3157,"height":356,"caption":"Caliber Europe B.V."},"image":{"@id":"https:\/\/b2b.calibereurope.com\/#\/schema\/logo\/image\/"}}]}},"_links":{"self":[{"href":"https:\/\/b2b.calibereurope.com\/de\/wp-json\/wp\/v2\/product\/513993","targetHints":{"allow":["GET"]}}],"collection":[{"href":"https:\/\/b2b.calibereurope.com\/de\/wp-json\/wp\/v2\/product"}],"about":[{"href":"https:\/\/b2b.calibereurope.com\/de\/wp-json\/wp\/v2\/types\/product"}],"version-history":[{"count":0,"href":"https:\/\/b2b.calibereurope.com\/de\/wp-json\/wp\/v2\/product\/513993\/revisions"}],"wp:featuredmedia":[{"embeddable":true,"href":"https:\/\/b2b.calibereurope.com\/de\/wp-json\/wp\/v2\/media\/859357"}],"wp:attachment":[{"href":"https:\/\/b2b.calibereurope.com\/de\/wp-json\/wp\/v2\/media?parent=513993"}],"wp:term":[{"taxonomy":"product_brand","embeddable":true,"href":"https:\/\/b2b.calibereurope.com\/de\/wp-json\/wp\/v2\/product_brand?post=513993"},{"taxonomy":"product_cat","embeddable":true,"href":"https:\/\/b2b.calibereurope.com\/de\/wp-json\/wp\/v2\/product_cat?post=513993"},{"taxonomy":"product_tag","embeddable":true,"href":"https:\/\/b2b.calibereurope.com\/de\/wp-json\/wp\/v2\/product_tag?post=513993"}],"curies":[{"name":"wp","href":"https:\/\/api.w.org\/{rel}","templated":true}]}}