{"id":514109,"date":"2024-06-04T02:00:00","date_gmt":"2024-06-04T00:00:00","guid":{"rendered":""},"modified":"2024-12-26T19:02:16","modified_gmt":"2024-12-26T18:02:16","slug":"hpg540bt-de_de","status":"publish","type":"product","link":"https:\/\/b2b.calibereurope.com\/de\/produkt\/hpg540bt-de_de\/","title":{"rendered":"Bold Bluetooth Lautsprecher drahtlos mit Extra Bass &#8211; Mikrofoneingang, LED und TWS (HPG540BT)"},"content":{"rendered":"<p>Schaffen Sie eine unvergessliche Party mit diesem Caliber BOLD Bluetooth\u00ae Lautsprecher mit <strong>Extra-Bass-Funktion<\/strong>. Dank des <strong>eingebauten Akkus <\/strong>m\u00fcssen Sie die drahtlose Box erst nach <strong>17 Stunden Gebrauch <\/strong>wieder aufladen. Der Lautsprecher hat eine ausreichende Lautst\u00e4rke f\u00fcr gr\u00f6\u00dfere Gruppen. Mit der <strong>TWS-Funktion <\/strong>k\u00f6nnen Sie im Handumdrehen zwei Caliber BOLD Lautsprecher f\u00fcr zus\u00e4tzliche Lautst\u00e4rke koppeln. Mit der <strong>Mikrofonbuchse und der RGB-Beleuchtung sind <\/strong>Sie bereit, \u00fcberall zu feiern. Der Lautsprecher ist <strong>spritzwassergesch\u00fctzt <\/strong>f\u00fcr den Einsatz am Pool oder am Strand.<\/p>\n<p><\/p>\n<p><strong>Merkmale:<\/strong><\/p>\n<ul>\n<li>Extra Bass Funktion<\/li>\n<li>Farbenfrohe LED-Beleuchtung<\/li>\n<li>Bis zu 17 Stunden Spielzeit<\/li>\n<li>AUX-Anschluss (3,5 mm)<\/li>\n<li>Mikrofonbuchse (6,3 mm)<\/li>\n<li>Koppeln Sie mehrere Lautsprecher mit TWS<\/li>\n<li>IPX5 Spritzwassergesch\u00fctzt<\/li>\n<li>Inklusive USB-C-Ladekabel und Adapter<\/li>\n<\/ul>\n<h3>Alles abspielen<\/h3>\n<p>Dieser drahtlose Lautsprecher bietet Ihnen eine Vielzahl von Optionen f\u00fcr die Audiowiedergabe. Neben der Bluetooth\u00ae-Technologie verf\u00fcgt die Box auch \u00fcber einen 3,5 mm AUX-Eingang. Auf diese Weise k\u00f6nnen Sie auch Ger\u00e4te ohne Bluetooth\u00ae verbinden. Dank der Mikrofonbuchse k\u00f6nnen Sie den drahtlosen Lautsprecher auch als Lautsprecher und Verst\u00e4rker verwenden, um jeden problemlos zu erreichen. Sie wollen Ihre Party aufwerten? Verwenden Sie ein Mikrofon, um eine Karaoke-Session zu starten!<\/p>\n<h3>TWS und IPX5<\/h3>\n<p>Suchen Sie nach vollem Klang \u00fcber einen drahtlosen Lautsprecher? Dank der True Wireless Stereo (TWS)-Funktion dieser Box k\u00f6nnen Sie ganz einfach zwei dieser Caliber Bluetooth\u00ae Lautsprecher koppeln, sodass sie dasselbe wiedergeben. Die IPX5-Einstufung macht diesen Lautsprecher wasserdicht und spritzwassergesch\u00fctzt. So k\u00f6nnen Sie den Bluetooth\u00ae Lautsprecher ganz einfach verwenden, wenn Sie am Pool liegen oder eine Poolparty veranstalten!<\/p>\n<h3>Machen Sie jede Party (noch) besser!<\/h3>\n<p>Diese Bluetooth\u00ae-Box enth\u00e4lt alle notwendigen Funktionen, um eine unvergessliche Party zu veranstalten! Der zus\u00e4tzliche Bass l\u00e4sst Sie die Basst\u00f6ne sp\u00fcren, sodass alle Anwesenden unweigerlich tanzen werden. Die RGB-LED beleuchtet den Lautsprecher f\u00fcr zus\u00e4tzliche Stimmung und der Akku bietet 17 Stunden Spielzeit, sodass Sie bis in die fr\u00fchen Morgenstunden durchhalten k\u00f6nnen!<\/p>\n<p><\/p>\n<p><strong>&nbsp;Mitgeliefert:<\/strong><\/p>\n<ul>\n<li>Caliber BOLD HPG540BT<\/li>\n<li>USB-C Ladekabel und Adapter<\/li>\n<\/ul>\n","protected":false},"excerpt":{"rendered":"<p>Schaffen Sie eine unvergessliche Party mit diesem Caliber BOLD Bluetooth\u00ae Lautsprecher mit Extra-Bass-Funktion. Dank des eingebauten Akkus m\u00fcssen Sie die drahtlose Box erst nach 17 Stunden Gebrauch wieder aufladen. Der Lautsprecher hat eine ausreichende Lautst\u00e4rke f\u00fcr gr\u00f6\u00dfere Gruppen. Mit der TWS-Funktion k\u00f6nnen Sie im Handumdrehen zwei Caliber BOLD Lautsprecher f\u00fcr zus\u00e4tzliche Lautst\u00e4rke koppeln. Mit der [&hellip;]<\/p>\n","protected":false},"featured_media":844866,"template":"","meta":{"_acf_changed":false,"site-sidebar-layout":"default","site-content-layout":"","ast-site-content-layout":"default","site-content-style":"default","site-sidebar-style":"default","ast-global-header-display":"","ast-banner-title-visibility":"","ast-main-header-display":"","ast-hfb-above-header-display":"","ast-hfb-below-header-display":"","ast-hfb-mobile-header-display":"","site-post-title":"","ast-breadcrumbs-content":"","ast-featured-img":"","footer-sml-layout":"","theme-transparent-header-meta":"","adv-header-id-meta":"","stick-header-meta":"","header-above-stick-meta":"","header-main-stick-meta":"","header-below-stick-meta":"","astra-migrate-meta-layouts":"default","ast-page-background-enabled":"default","ast-page-background-meta":{"desktop":{"background-color":"","background-image":"","background-repeat":"repeat","background-position":"center center","background-size":"auto","background-attachment":"scroll","background-type":"","background-media":"","overlay-type":"","overlay-color":"","overlay-opacity":"","overlay-gradient":""},"tablet":{"background-color":"","background-image":"","background-repeat":"repeat","background-position":"center center","background-size":"auto","background-attachment":"scroll","background-type":"","background-media":"","overlay-type":"","overlay-color":"","overlay-opacity":"","overlay-gradient":""},"mobile":{"background-color":"","background-image":"","background-repeat":"repeat","background-position":"center center","background-size":"auto","background-attachment":"scroll","background-type":"","background-media":"","overlay-type":"","overlay-color":"","overlay-opacity":"","overlay-gradient":""}},"ast-content-background-meta":{"desktop":{"background-color":"var(--ast-global-color-5)","background-image":"","background-repeat":"repeat","background-position":"center center","background-size":"auto","background-attachment":"scroll","background-type":"","background-media":"","overlay-type":"","overlay-color":"","overlay-opacity":"","overlay-gradient":""},"tablet":{"background-color":"var(--ast-global-color-5)","background-image":"","background-repeat":"repeat","background-position":"center center","background-size":"auto","background-attachment":"scroll","background-type":"","background-media":"","overlay-type":"","overlay-color":"","overlay-opacity":"","overlay-gradient":""},"mobile":{"background-color":"var(--ast-global-color-5)","background-image":"","background-repeat":"repeat","background-position":"center center","background-size":"auto","background-attachment":"scroll","background-type":"","background-media":"","overlay-type":"","overlay-color":"","overlay-opacity":"","overlay-gradient":""}}},"product_brand":[],"product_cat":[22956],"product_tag":[],"class_list":{"0":"post-514109","1":"product","2":"type-product","3":"status-publish","4":"has-post-thumbnail","6":"product_cat-keine-kategorie","7":"desktop-align-center","8":"tablet-align-center","9":"mobile-align-center","10":"ast-product-gallery-layout-horizontal","11":"ast-product-tabs-layout-horizontal","13":"first","14":"outofstock","15":"taxable","16":"shipping-taxable","17":"purchasable","18":"product-type-simple"},"acf":[],"yoast_head":"<!-- This site is optimized with the Yoast SEO plugin v26.5 - https:\/\/yoast.com\/wordpress\/plugins\/seo\/ -->\n<title>Bold Bluetooth Lautsprecher drahtlos mit Extra Bass - Mikrofoneingang, LED und TWS (HPG540BT) - Caliber Europe B.V.<\/title>\n<meta name=\"robots\" content=\"noindex, follow, max-snippet:-1, max-image-preview:large, max-video-preview:-1\" \/>\n<meta property=\"og:locale\" content=\"de_DE\" \/>\n<meta property=\"og:type\" content=\"article\" \/>\n<meta property=\"og:title\" content=\"Bold Bluetooth Lautsprecher drahtlos mit Extra Bass - Mikrofoneingang, LED und TWS (HPG540BT) - Caliber Europe B.V.\" \/>\n<meta property=\"og:description\" content=\"Schaffen Sie eine unvergessliche Party mit diesem Caliber BOLD Bluetooth\u00ae Lautsprecher mit Extra-Bass-Funktion. Dank des eingebauten Akkus m\u00fcssen Sie die drahtlose Box erst nach 17 Stunden Gebrauch wieder aufladen. Der Lautsprecher hat eine ausreichende Lautst\u00e4rke f\u00fcr gr\u00f6\u00dfere Gruppen. Mit der TWS-Funktion k\u00f6nnen Sie im Handumdrehen zwei Caliber BOLD Lautsprecher f\u00fcr zus\u00e4tzliche Lautst\u00e4rke koppeln. Mit der [&hellip;]\" \/>\n<meta property=\"og:url\" content=\"https:\/\/b2b.calibereurope.com\/de\/produkt\/HPG540BT-de_DE\/\" \/>\n<meta property=\"og:site_name\" content=\"Caliber Europe B.V.\" \/>\n<meta property=\"article:modified_time\" content=\"2024-12-26T18:02:16+00:00\" \/>\n<meta property=\"og:image\" content=\"https:\/\/b2b.calibereurope.com\/wp-content\/uploads\/2021\/11\/23d167fc293cf8f722d60e365d4c234d6906c54d_HPG540BT_front-scaled.jpg\" \/>\n\t<meta property=\"og:image:width\" content=\"2560\" \/>\n\t<meta property=\"og:image:height\" content=\"1920\" \/>\n\t<meta property=\"og:image:type\" content=\"image\/jpeg\" \/>\n<meta name=\"twitter:card\" content=\"summary_large_image\" \/>\n<meta name=\"twitter:label1\" content=\"Gesch\u00e4tzte Lesezeit\" \/>\n\t<meta name=\"twitter:data1\" content=\"2\u00a0Minuten\" \/>\n<script type=\"application\/ld+json\" class=\"yoast-schema-graph\">{\"@context\":\"https:\/\/schema.org\",\"@graph\":[{\"@type\":\"WebPage\",\"@id\":\"https:\/\/b2b.calibereurope.com\/de\/produkt\/HPG540BT-de_DE\/\",\"url\":\"https:\/\/b2b.calibereurope.com\/de\/produkt\/HPG540BT-de_DE\/\",\"name\":\"Bold Bluetooth Lautsprecher drahtlos mit Extra Bass - Mikrofoneingang, LED und TWS (HPG540BT) - Caliber Europe B.V.\",\"isPartOf\":{\"@id\":\"https:\/\/b2b.calibereurope.com\/#website\"},\"primaryImageOfPage\":{\"@id\":\"https:\/\/b2b.calibereurope.com\/de\/produkt\/HPG540BT-de_DE\/#primaryimage\"},\"image\":{\"@id\":\"https:\/\/b2b.calibereurope.com\/de\/produkt\/HPG540BT-de_DE\/#primaryimage\"},\"thumbnailUrl\":\"https:\/\/b2b.calibereurope.com\/wp-content\/uploads\/2024\/06\/cbbdbed2343e7f58260504c0e5b93ab83591036e_HPG540BT_L.jpg\",\"datePublished\":\"2024-06-04T00:00:00+00:00\",\"dateModified\":\"2024-12-26T18:02:16+00:00\",\"breadcrumb\":{\"@id\":\"https:\/\/b2b.calibereurope.com\/de\/produkt\/HPG540BT-de_DE\/#breadcrumb\"},\"inLanguage\":\"de\",\"potentialAction\":[{\"@type\":\"ReadAction\",\"target\":[\"https:\/\/b2b.calibereurope.com\/de\/produkt\/HPG540BT-de_DE\/\"]}]},{\"@type\":\"ImageObject\",\"inLanguage\":\"de\",\"@id\":\"https:\/\/b2b.calibereurope.com\/de\/produkt\/HPG540BT-de_DE\/#primaryimage\",\"url\":\"https:\/\/b2b.calibereurope.com\/wp-content\/uploads\/2024\/06\/cbbdbed2343e7f58260504c0e5b93ab83591036e_HPG540BT_L.jpg\",\"contentUrl\":\"https:\/\/b2b.calibereurope.com\/wp-content\/uploads\/2024\/06\/cbbdbed2343e7f58260504c0e5b93ab83591036e_HPG540BT_L.jpg\",\"width\":1024,\"height\":768},{\"@type\":\"BreadcrumbList\",\"@id\":\"https:\/\/b2b.calibereurope.com\/de\/produkt\/HPG540BT-de_DE\/#breadcrumb\",\"itemListElement\":[{\"@type\":\"ListItem\",\"position\":1,\"name\":\"Home\",\"item\":\"https:\/\/b2b.calibereurope.com\/de\/\"},{\"@type\":\"ListItem\",\"position\":2,\"name\":\"Shop\",\"item\":\"https:\/\/b2b.calibereurope.com\/de\/shop\/\"},{\"@type\":\"ListItem\",\"position\":3,\"name\":\"Bluetooth-Lautsprecher mit zus\u00e4tzlichen B\u00e4ssen &#8211; AUX USB RGB-LEDs Schwarz (BOLD) (HPG540BT)\"}]},{\"@type\":\"WebSite\",\"@id\":\"https:\/\/b2b.calibereurope.com\/#website\",\"url\":\"https:\/\/b2b.calibereurope.com\/\",\"name\":\"Caliber Europe B.V.\",\"description\":\"B2B Webshop\",\"publisher\":{\"@id\":\"https:\/\/b2b.calibereurope.com\/#organization\"},\"potentialAction\":[{\"@type\":\"SearchAction\",\"target\":{\"@type\":\"EntryPoint\",\"urlTemplate\":\"https:\/\/b2b.calibereurope.com\/?s={search_term_string}\"},\"query-input\":{\"@type\":\"PropertyValueSpecification\",\"valueRequired\":true,\"valueName\":\"search_term_string\"}}],\"inLanguage\":\"de\"},{\"@type\":\"Organization\",\"@id\":\"https:\/\/b2b.calibereurope.com\/#organization\",\"name\":\"Caliber Europe B.V.\",\"url\":\"https:\/\/b2b.calibereurope.com\/\",\"logo\":{\"@type\":\"ImageObject\",\"inLanguage\":\"de\",\"@id\":\"https:\/\/b2b.calibereurope.com\/#\/schema\/logo\/image\/\",\"url\":\"https:\/\/b2b.calibereurope.com\/wp-content\/uploads\/2020\/12\/Caliber_Logo-Black.png\",\"contentUrl\":\"https:\/\/b2b.calibereurope.com\/wp-content\/uploads\/2020\/12\/Caliber_Logo-Black.png\",\"width\":3157,\"height\":356,\"caption\":\"Caliber Europe B.V.\"},\"image\":{\"@id\":\"https:\/\/b2b.calibereurope.com\/#\/schema\/logo\/image\/\"}}]}<\/script>\n<!-- \/ Yoast SEO plugin. -->","yoast_head_json":{"title":"Bold Bluetooth Lautsprecher drahtlos mit Extra Bass - Mikrofoneingang, LED und TWS (HPG540BT) - Caliber Europe B.V.","robots":{"index":"noindex","follow":"follow","max-snippet":"max-snippet:-1","max-image-preview":"max-image-preview:large","max-video-preview":"max-video-preview:-1"},"og_locale":"de_DE","og_type":"article","og_title":"Bold Bluetooth Lautsprecher drahtlos mit Extra Bass - Mikrofoneingang, LED und TWS (HPG540BT) - Caliber Europe B.V.","og_description":"Schaffen Sie eine unvergessliche Party mit diesem Caliber BOLD Bluetooth\u00ae Lautsprecher mit Extra-Bass-Funktion. Dank des eingebauten Akkus m\u00fcssen Sie die drahtlose Box erst nach 17 Stunden Gebrauch wieder aufladen. Der Lautsprecher hat eine ausreichende Lautst\u00e4rke f\u00fcr gr\u00f6\u00dfere Gruppen. Mit der TWS-Funktion k\u00f6nnen Sie im Handumdrehen zwei Caliber BOLD Lautsprecher f\u00fcr zus\u00e4tzliche Lautst\u00e4rke koppeln. Mit der [&hellip;]","og_url":"https:\/\/b2b.calibereurope.com\/de\/produkt\/HPG540BT-de_DE\/","og_site_name":"Caliber Europe B.V.","article_modified_time":"2024-12-26T18:02:16+00:00","og_image":[{"width":2560,"height":1920,"url":"https:\/\/b2b.calibereurope.com\/wp-content\/uploads\/2021\/11\/23d167fc293cf8f722d60e365d4c234d6906c54d_HPG540BT_front-scaled.jpg","type":"image\/jpeg"}],"twitter_card":"summary_large_image","twitter_misc":{"Gesch\u00e4tzte Lesezeit":"2\u00a0Minuten"},"schema":{"@context":"https:\/\/schema.org","@graph":[{"@type":"WebPage","@id":"https:\/\/b2b.calibereurope.com\/de\/produkt\/HPG540BT-de_DE\/","url":"https:\/\/b2b.calibereurope.com\/de\/produkt\/HPG540BT-de_DE\/","name":"Bold Bluetooth Lautsprecher drahtlos mit Extra Bass - Mikrofoneingang, LED und TWS (HPG540BT) - Caliber Europe B.V.","isPartOf":{"@id":"https:\/\/b2b.calibereurope.com\/#website"},"primaryImageOfPage":{"@id":"https:\/\/b2b.calibereurope.com\/de\/produkt\/HPG540BT-de_DE\/#primaryimage"},"image":{"@id":"https:\/\/b2b.calibereurope.com\/de\/produkt\/HPG540BT-de_DE\/#primaryimage"},"thumbnailUrl":"https:\/\/b2b.calibereurope.com\/wp-content\/uploads\/2024\/06\/cbbdbed2343e7f58260504c0e5b93ab83591036e_HPG540BT_L.jpg","datePublished":"2024-06-04T00:00:00+00:00","dateModified":"2024-12-26T18:02:16+00:00","breadcrumb":{"@id":"https:\/\/b2b.calibereurope.com\/de\/produkt\/HPG540BT-de_DE\/#breadcrumb"},"inLanguage":"de","potentialAction":[{"@type":"ReadAction","target":["https:\/\/b2b.calibereurope.com\/de\/produkt\/HPG540BT-de_DE\/"]}]},{"@type":"ImageObject","inLanguage":"de","@id":"https:\/\/b2b.calibereurope.com\/de\/produkt\/HPG540BT-de_DE\/#primaryimage","url":"https:\/\/b2b.calibereurope.com\/wp-content\/uploads\/2024\/06\/cbbdbed2343e7f58260504c0e5b93ab83591036e_HPG540BT_L.jpg","contentUrl":"https:\/\/b2b.calibereurope.com\/wp-content\/uploads\/2024\/06\/cbbdbed2343e7f58260504c0e5b93ab83591036e_HPG540BT_L.jpg","width":1024,"height":768},{"@type":"BreadcrumbList","@id":"https:\/\/b2b.calibereurope.com\/de\/produkt\/HPG540BT-de_DE\/#breadcrumb","itemListElement":[{"@type":"ListItem","position":1,"name":"Home","item":"https:\/\/b2b.calibereurope.com\/de\/"},{"@type":"ListItem","position":2,"name":"Shop","item":"https:\/\/b2b.calibereurope.com\/de\/shop\/"},{"@type":"ListItem","position":3,"name":"Bluetooth-Lautsprecher mit zus\u00e4tzlichen B\u00e4ssen &#8211; AUX USB RGB-LEDs Schwarz (BOLD) (HPG540BT)"}]},{"@type":"WebSite","@id":"https:\/\/b2b.calibereurope.com\/#website","url":"https:\/\/b2b.calibereurope.com\/","name":"Caliber Europe B.V.","description":"B2B Webshop","publisher":{"@id":"https:\/\/b2b.calibereurope.com\/#organization"},"potentialAction":[{"@type":"SearchAction","target":{"@type":"EntryPoint","urlTemplate":"https:\/\/b2b.calibereurope.com\/?s={search_term_string}"},"query-input":{"@type":"PropertyValueSpecification","valueRequired":true,"valueName":"search_term_string"}}],"inLanguage":"de"},{"@type":"Organization","@id":"https:\/\/b2b.calibereurope.com\/#organization","name":"Caliber Europe B.V.","url":"https:\/\/b2b.calibereurope.com\/","logo":{"@type":"ImageObject","inLanguage":"de","@id":"https:\/\/b2b.calibereurope.com\/#\/schema\/logo\/image\/","url":"https:\/\/b2b.calibereurope.com\/wp-content\/uploads\/2020\/12\/Caliber_Logo-Black.png","contentUrl":"https:\/\/b2b.calibereurope.com\/wp-content\/uploads\/2020\/12\/Caliber_Logo-Black.png","width":3157,"height":356,"caption":"Caliber Europe B.V."},"image":{"@id":"https:\/\/b2b.calibereurope.com\/#\/schema\/logo\/image\/"}}]}},"_links":{"self":[{"href":"https:\/\/b2b.calibereurope.com\/de\/wp-json\/wp\/v2\/product\/514109","targetHints":{"allow":["GET"]}}],"collection":[{"href":"https:\/\/b2b.calibereurope.com\/de\/wp-json\/wp\/v2\/product"}],"about":[{"href":"https:\/\/b2b.calibereurope.com\/de\/wp-json\/wp\/v2\/types\/product"}],"version-history":[{"count":0,"href":"https:\/\/b2b.calibereurope.com\/de\/wp-json\/wp\/v2\/product\/514109\/revisions"}],"wp:featuredmedia":[{"embeddable":true,"href":"https:\/\/b2b.calibereurope.com\/de\/wp-json\/wp\/v2\/media\/844866"}],"wp:attachment":[{"href":"https:\/\/b2b.calibereurope.com\/de\/wp-json\/wp\/v2\/media?parent=514109"}],"wp:term":[{"taxonomy":"product_brand","embeddable":true,"href":"https:\/\/b2b.calibereurope.com\/de\/wp-json\/wp\/v2\/product_brand?post=514109"},{"taxonomy":"product_cat","embeddable":true,"href":"https:\/\/b2b.calibereurope.com\/de\/wp-json\/wp\/v2\/product_cat?post=514109"},{"taxonomy":"product_tag","embeddable":true,"href":"https:\/\/b2b.calibereurope.com\/de\/wp-json\/wp\/v2\/product_tag?post=514109"}],"curies":[{"name":"wp","href":"https:\/\/api.w.org\/{rel}","templated":true}]}}