{"id":517853,"date":"2025-12-04T01:00:00","date_gmt":"2025-12-04T00:00:00","guid":{"rendered":"0"},"modified":"2025-12-04T15:03:54","modified_gmt":"2025-12-04T14:03:54","slug":"ANT742-DAB-de_DE","status":"publish","type":"product","link":"https:\/\/b2b.calibereurope.com\/de\/produkt\/ANT742-DAB-de_DE\/","title":{"rendered":"Antenne f\u00fcr Autoradio &#8211; SMA Stecker &#8211; 3M Kabel &#8211; Aktive DAB+ Antenne &#8211; Scheibenmontage (ANT742-DAB)"},"content":{"rendered":"<p>Erweitern Sie Ihre Radioempfangsm\u00f6glichkeiten mit dieser Caliber ANT742-DAB DAB+ Antenne. Schlie\u00dfen Sie die Antenne an Ihr Autoradio an und Sie k\u00f6nnen alle DAB+ Sender empfangen. Diese h\u00f6ren Sie dann dank des <strong>guten Empfangs der <\/strong>DAB+ Antenne in <strong>klarem Klang<\/strong>. Mit <strong>300 cm Kabel <\/strong>und einer <strong>selbstklebenden Halterung ist die Installation <\/strong>der Antenne ein Kinderspiel. Alles, was Sie sonst noch brauchen, ist ein <strong>5V-Stromanschluss<\/strong>, und schon k\u00f6nnen Sie mit dem H\u00f6ren beginnen. Die Antenne empf\u00e4ngt die <strong>Funkfrequenzen 174~237MHz bis 470~958MHz<\/strong>.<\/p>\n<p><\/p>\n<p><strong>Merkmale:<\/strong><\/p>\n<ul>\n<li>Aktive DAB+ Antenne<\/li>\n<li>SMA-Stecker<\/li>\n<li>Funktioniert mit 5V<\/li>\n<li>300 Zentimeter langes Kabel<\/li>\n<li>Selbstklebend (Montage auf Glas)<\/li>\n<li>Frequenzen 174~237MHz \/ 470~958MHz<\/li>\n<\/ul>\n<h3>Geeignet f\u00fcr verschiedene Radios<\/h3>\n<p>Die DAB+ Antenne f\u00fcr Autoradios ist universell einsetzbar. Sie k\u00f6nnen es also an verschiedene Radios anschlie\u00dfen, um auf DAB+ Radiosender zuzugreifen. Bitte beachten Sie jedoch, dass diese DAB+ Antenne einen SMA-Stecker hat. Wenn Ihr Radio einen SMB-Buchsenanschluss hat, passt diese Antenne daher nicht zu Ihrem Radio.<\/p>\n<h3>Einfach zu installieren<\/h3>\n<p>Dank des nicht weniger als 3 Meter langen Kabels haben Sie genug Spielraum, um die DAB+ Antenne an Ihr Autoradio anzuschlie\u00dfen. Au\u00dferdem ist die Antenne selbstklebend, wenn sie auf Glas angebracht wird. So k\u00f6nnen Sie den idealen Platz f\u00fcr die Installation der Antenne finden, um einen guten Empfang zu gew\u00e4hrleisten und sie gleichzeitig aus dem Weg zu halten.<\/p>\n<h3>Ein neues H\u00f6rerlebnis<\/h3>\n<p>Mit dieser DAB+ Antenne k\u00f6nnen Sie DAB+ Radio im Auto empfangen. Der Vorteil von DAB+ gegen\u00fcber UKW-Radio ist, dass der Empfang besser ist. So leiden Sie weniger unter L\u00e4rm. Au\u00dferdem kann ein DAB+ Tuner mehr Sender einstellen als dies bei UKW-Frequenzen der Fall ist. So genie\u00dfen Sie nicht nur kristallklaren Klang, sondern auch eine Vielzahl von H\u00f6rm\u00f6glichkeiten.<\/p>\n","protected":false},"excerpt":{"rendered":"<p>Erweitern Sie Ihre Radioempfangsm\u00f6glichkeiten mit dieser Caliber ANT742-DAB DAB+ Antenne. Schlie\u00dfen Sie die Antenne an Ihr Autoradio an und Sie k\u00f6nnen alle DAB+ Sender empfangen. Diese h\u00f6ren Sie dann dank des guten Empfangs der DAB+ Antenne in klarem Klang. Mit 300 cm Kabel und einer selbstklebenden Halterung ist die Installation der Antenne ein Kinderspiel. Alles, [&hellip;]<\/p>\n","protected":false},"featured_media":869652,"template":"","meta":{"_acf_changed":false,"site-sidebar-layout":"default","site-content-layout":"","ast-site-content-layout":"default","site-content-style":"default","site-sidebar-style":"default","ast-global-header-display":"","ast-banner-title-visibility":"","ast-main-header-display":"","ast-hfb-above-header-display":"","ast-hfb-below-header-display":"","ast-hfb-mobile-header-display":"","site-post-title":"","ast-breadcrumbs-content":"","ast-featured-img":"","footer-sml-layout":"","theme-transparent-header-meta":"","adv-header-id-meta":"","stick-header-meta":"","header-above-stick-meta":"","header-main-stick-meta":"","header-below-stick-meta":"","astra-migrate-meta-layouts":"default","ast-page-background-enabled":"default","ast-page-background-meta":{"desktop":{"background-color":"","background-image":"","background-repeat":"repeat","background-position":"center center","background-size":"auto","background-attachment":"scroll","background-type":"","background-media":"","overlay-type":"","overlay-color":"","overlay-opacity":"","overlay-gradient":""},"tablet":{"background-color":"","background-image":"","background-repeat":"repeat","background-position":"center center","background-size":"auto","background-attachment":"scroll","background-type":"","background-media":"","overlay-type":"","overlay-color":"","overlay-opacity":"","overlay-gradient":""},"mobile":{"background-color":"","background-image":"","background-repeat":"repeat","background-position":"center center","background-size":"auto","background-attachment":"scroll","background-type":"","background-media":"","overlay-type":"","overlay-color":"","overlay-opacity":"","overlay-gradient":""}},"ast-content-background-meta":{"desktop":{"background-color":"var(--ast-global-color-5)","background-image":"","background-repeat":"repeat","background-position":"center center","background-size":"auto","background-attachment":"scroll","background-type":"","background-media":"","overlay-type":"","overlay-color":"","overlay-opacity":"","overlay-gradient":""},"tablet":{"background-color":"var(--ast-global-color-5)","background-image":"","background-repeat":"repeat","background-position":"center center","background-size":"auto","background-attachment":"scroll","background-type":"","background-media":"","overlay-type":"","overlay-color":"","overlay-opacity":"","overlay-gradient":""},"mobile":{"background-color":"var(--ast-global-color-5)","background-image":"","background-repeat":"repeat","background-position":"center center","background-size":"auto","background-attachment":"scroll","background-type":"","background-media":"","overlay-type":"","overlay-color":"","overlay-opacity":"","overlay-gradient":""}}},"product_brand":[],"product_cat":[22956],"product_tag":[],"class_list":{"0":"post-517853","1":"product","2":"type-product","3":"status-publish","4":"has-post-thumbnail","6":"product_cat-keine-kategorie","7":"desktop-align-center","8":"tablet-align-center","9":"mobile-align-center","10":"ast-product-gallery-layout-horizontal","11":"ast-product-tabs-layout-horizontal","13":"first","14":"instock","15":"taxable","16":"shipping-taxable","17":"purchasable","18":"product-type-simple"},"acf":[],"yoast_head":"<!-- This site is optimized with the Yoast SEO plugin v26.5 - https:\/\/yoast.com\/wordpress\/plugins\/seo\/ -->\n<title>Antenne f\u00fcr Autoradio - SMA Stecker - 3M Kabel - Aktive DAB+ Antenne - Scheibenmontage (ANT742-DAB) - Caliber Europe B.V.<\/title>\n<meta name=\"robots\" content=\"noindex, follow, max-snippet:-1, max-image-preview:large, max-video-preview:-1\" \/>\n<meta property=\"og:locale\" content=\"de_DE\" \/>\n<meta property=\"og:type\" content=\"article\" \/>\n<meta property=\"og:title\" content=\"Antenne f\u00fcr Autoradio - SMA Stecker - 3M Kabel - Aktive DAB+ Antenne - Scheibenmontage (ANT742-DAB) - Caliber Europe B.V.\" \/>\n<meta property=\"og:description\" content=\"Erweitern Sie Ihre Radioempfangsm\u00f6glichkeiten mit dieser Caliber ANT742-DAB DAB+ Antenne. Schlie\u00dfen Sie die Antenne an Ihr Autoradio an und Sie k\u00f6nnen alle DAB+ Sender empfangen. Diese h\u00f6ren Sie dann dank des guten Empfangs der DAB+ Antenne in klarem Klang. Mit 300 cm Kabel und einer selbstklebenden Halterung ist die Installation der Antenne ein Kinderspiel. Alles, [&hellip;]\" \/>\n<meta property=\"og:url\" content=\"https:\/\/b2b.calibereurope.com\/de\/produkt\/ant742-dab-de_de\/\" \/>\n<meta property=\"og:site_name\" content=\"Caliber Europe B.V.\" \/>\n<meta property=\"article:modified_time\" content=\"2025-12-04T14:03:54+00:00\" \/>\n<meta property=\"og:image\" content=\"https:\/\/b2b.calibereurope.com\/wp-content\/uploads\/2021\/09\/e63735a531f91502a3c196357d32f15f8391b4d0_ANT742_DAB_web.jpg\" \/>\n\t<meta property=\"og:image:width\" content=\"1024\" \/>\n\t<meta property=\"og:image:height\" content=\"768\" \/>\n\t<meta property=\"og:image:type\" content=\"image\/jpeg\" \/>\n<meta name=\"twitter:card\" content=\"summary_large_image\" \/>\n<meta name=\"twitter:label1\" content=\"Gesch\u00e4tzte Lesezeit\" \/>\n\t<meta name=\"twitter:data1\" content=\"1\u00a0Minute\" \/>\n<script type=\"application\/ld+json\" class=\"yoast-schema-graph\">{\"@context\":\"https:\/\/schema.org\",\"@graph\":[{\"@type\":\"WebPage\",\"@id\":\"https:\/\/b2b.calibereurope.com\/de\/produkt\/ant742-dab-de_de\/\",\"url\":\"https:\/\/b2b.calibereurope.com\/de\/produkt\/ant742-dab-de_de\/\",\"name\":\"Antenne f\u00fcr Autoradio - SMA Stecker - 3M Kabel - Aktive DAB+ Antenne - Scheibenmontage (ANT742-DAB) - Caliber Europe B.V.\",\"isPartOf\":{\"@id\":\"https:\/\/b2b.calibereurope.com\/#website\"},\"primaryImageOfPage\":{\"@id\":\"https:\/\/b2b.calibereurope.com\/de\/produkt\/ant742-dab-de_de\/#primaryimage\"},\"image\":{\"@id\":\"https:\/\/b2b.calibereurope.com\/de\/produkt\/ant742-dab-de_de\/#primaryimage\"},\"thumbnailUrl\":\"https:\/\/b2b.calibereurope.com\/wp-content\/uploads\/2025\/12\/e63735a531f91502a3c196357d32f15f8391b4d0_ANT742_DAB_web-4.jpg\",\"datePublished\":\"2025-12-04T00:00:00+00:00\",\"dateModified\":\"2025-12-04T14:03:54+00:00\",\"breadcrumb\":{\"@id\":\"https:\/\/b2b.calibereurope.com\/de\/produkt\/ant742-dab-de_de\/#breadcrumb\"},\"inLanguage\":\"de\",\"potentialAction\":[{\"@type\":\"ReadAction\",\"target\":[\"https:\/\/b2b.calibereurope.com\/de\/produkt\/ant742-dab-de_de\/\"]}]},{\"@type\":\"ImageObject\",\"inLanguage\":\"de\",\"@id\":\"https:\/\/b2b.calibereurope.com\/de\/produkt\/ant742-dab-de_de\/#primaryimage\",\"url\":\"https:\/\/b2b.calibereurope.com\/wp-content\/uploads\/2025\/12\/e63735a531f91502a3c196357d32f15f8391b4d0_ANT742_DAB_web-4.jpg\",\"contentUrl\":\"https:\/\/b2b.calibereurope.com\/wp-content\/uploads\/2025\/12\/e63735a531f91502a3c196357d32f15f8391b4d0_ANT742_DAB_web-4.jpg\",\"width\":1024,\"height\":768},{\"@type\":\"BreadcrumbList\",\"@id\":\"https:\/\/b2b.calibereurope.com\/de\/produkt\/ant742-dab-de_de\/#breadcrumb\",\"itemListElement\":[{\"@type\":\"ListItem\",\"position\":1,\"name\":\"Home\",\"item\":\"https:\/\/b2b.calibereurope.com\/de\/\"},{\"@type\":\"ListItem\",\"position\":2,\"name\":\"Shop\",\"item\":\"https:\/\/b2b.calibereurope.com\/de\/shop\/\"},{\"@type\":\"ListItem\",\"position\":3,\"name\":\"Antenne &#8211; DAB+ Aktiv (ANT742-DAB)\"}]},{\"@type\":\"WebSite\",\"@id\":\"https:\/\/b2b.calibereurope.com\/#website\",\"url\":\"https:\/\/b2b.calibereurope.com\/\",\"name\":\"Caliber Europe B.V.\",\"description\":\"B2B Webshop\",\"publisher\":{\"@id\":\"https:\/\/b2b.calibereurope.com\/#organization\"},\"potentialAction\":[{\"@type\":\"SearchAction\",\"target\":{\"@type\":\"EntryPoint\",\"urlTemplate\":\"https:\/\/b2b.calibereurope.com\/?s={search_term_string}\"},\"query-input\":{\"@type\":\"PropertyValueSpecification\",\"valueRequired\":true,\"valueName\":\"search_term_string\"}}],\"inLanguage\":\"de\"},{\"@type\":\"Organization\",\"@id\":\"https:\/\/b2b.calibereurope.com\/#organization\",\"name\":\"Caliber Europe B.V.\",\"url\":\"https:\/\/b2b.calibereurope.com\/\",\"logo\":{\"@type\":\"ImageObject\",\"inLanguage\":\"de\",\"@id\":\"https:\/\/b2b.calibereurope.com\/#\/schema\/logo\/image\/\",\"url\":\"https:\/\/b2b.calibereurope.com\/wp-content\/uploads\/2020\/12\/Caliber_Logo-Black.png\",\"contentUrl\":\"https:\/\/b2b.calibereurope.com\/wp-content\/uploads\/2020\/12\/Caliber_Logo-Black.png\",\"width\":3157,\"height\":356,\"caption\":\"Caliber Europe B.V.\"},\"image\":{\"@id\":\"https:\/\/b2b.calibereurope.com\/#\/schema\/logo\/image\/\"}}]}<\/script>\n<!-- \/ Yoast SEO plugin. -->","yoast_head_json":{"title":"Antenne f\u00fcr Autoradio - SMA Stecker - 3M Kabel - Aktive DAB+ Antenne - Scheibenmontage (ANT742-DAB) - Caliber Europe B.V.","robots":{"index":"noindex","follow":"follow","max-snippet":"max-snippet:-1","max-image-preview":"max-image-preview:large","max-video-preview":"max-video-preview:-1"},"og_locale":"de_DE","og_type":"article","og_title":"Antenne f\u00fcr Autoradio - SMA Stecker - 3M Kabel - Aktive DAB+ Antenne - Scheibenmontage (ANT742-DAB) - Caliber Europe B.V.","og_description":"Erweitern Sie Ihre Radioempfangsm\u00f6glichkeiten mit dieser Caliber ANT742-DAB DAB+ Antenne. Schlie\u00dfen Sie die Antenne an Ihr Autoradio an und Sie k\u00f6nnen alle DAB+ Sender empfangen. Diese h\u00f6ren Sie dann dank des guten Empfangs der DAB+ Antenne in klarem Klang. Mit 300 cm Kabel und einer selbstklebenden Halterung ist die Installation der Antenne ein Kinderspiel. Alles, [&hellip;]","og_url":"https:\/\/b2b.calibereurope.com\/de\/produkt\/ant742-dab-de_de\/","og_site_name":"Caliber Europe B.V.","article_modified_time":"2025-12-04T14:03:54+00:00","og_image":[{"width":1024,"height":768,"url":"https:\/\/b2b.calibereurope.com\/wp-content\/uploads\/2021\/09\/e63735a531f91502a3c196357d32f15f8391b4d0_ANT742_DAB_web.jpg","type":"image\/jpeg"}],"twitter_card":"summary_large_image","twitter_misc":{"Gesch\u00e4tzte Lesezeit":"1\u00a0Minute"},"schema":{"@context":"https:\/\/schema.org","@graph":[{"@type":"WebPage","@id":"https:\/\/b2b.calibereurope.com\/de\/produkt\/ant742-dab-de_de\/","url":"https:\/\/b2b.calibereurope.com\/de\/produkt\/ant742-dab-de_de\/","name":"Antenne f\u00fcr Autoradio - SMA Stecker - 3M Kabel - Aktive DAB+ Antenne - Scheibenmontage (ANT742-DAB) - Caliber Europe B.V.","isPartOf":{"@id":"https:\/\/b2b.calibereurope.com\/#website"},"primaryImageOfPage":{"@id":"https:\/\/b2b.calibereurope.com\/de\/produkt\/ant742-dab-de_de\/#primaryimage"},"image":{"@id":"https:\/\/b2b.calibereurope.com\/de\/produkt\/ant742-dab-de_de\/#primaryimage"},"thumbnailUrl":"https:\/\/b2b.calibereurope.com\/wp-content\/uploads\/2025\/12\/e63735a531f91502a3c196357d32f15f8391b4d0_ANT742_DAB_web-4.jpg","datePublished":"2025-12-04T00:00:00+00:00","dateModified":"2025-12-04T14:03:54+00:00","breadcrumb":{"@id":"https:\/\/b2b.calibereurope.com\/de\/produkt\/ant742-dab-de_de\/#breadcrumb"},"inLanguage":"de","potentialAction":[{"@type":"ReadAction","target":["https:\/\/b2b.calibereurope.com\/de\/produkt\/ant742-dab-de_de\/"]}]},{"@type":"ImageObject","inLanguage":"de","@id":"https:\/\/b2b.calibereurope.com\/de\/produkt\/ant742-dab-de_de\/#primaryimage","url":"https:\/\/b2b.calibereurope.com\/wp-content\/uploads\/2025\/12\/e63735a531f91502a3c196357d32f15f8391b4d0_ANT742_DAB_web-4.jpg","contentUrl":"https:\/\/b2b.calibereurope.com\/wp-content\/uploads\/2025\/12\/e63735a531f91502a3c196357d32f15f8391b4d0_ANT742_DAB_web-4.jpg","width":1024,"height":768},{"@type":"BreadcrumbList","@id":"https:\/\/b2b.calibereurope.com\/de\/produkt\/ant742-dab-de_de\/#breadcrumb","itemListElement":[{"@type":"ListItem","position":1,"name":"Home","item":"https:\/\/b2b.calibereurope.com\/de\/"},{"@type":"ListItem","position":2,"name":"Shop","item":"https:\/\/b2b.calibereurope.com\/de\/shop\/"},{"@type":"ListItem","position":3,"name":"Antenne &#8211; DAB+ Aktiv (ANT742-DAB)"}]},{"@type":"WebSite","@id":"https:\/\/b2b.calibereurope.com\/#website","url":"https:\/\/b2b.calibereurope.com\/","name":"Caliber Europe B.V.","description":"B2B Webshop","publisher":{"@id":"https:\/\/b2b.calibereurope.com\/#organization"},"potentialAction":[{"@type":"SearchAction","target":{"@type":"EntryPoint","urlTemplate":"https:\/\/b2b.calibereurope.com\/?s={search_term_string}"},"query-input":{"@type":"PropertyValueSpecification","valueRequired":true,"valueName":"search_term_string"}}],"inLanguage":"de"},{"@type":"Organization","@id":"https:\/\/b2b.calibereurope.com\/#organization","name":"Caliber Europe B.V.","url":"https:\/\/b2b.calibereurope.com\/","logo":{"@type":"ImageObject","inLanguage":"de","@id":"https:\/\/b2b.calibereurope.com\/#\/schema\/logo\/image\/","url":"https:\/\/b2b.calibereurope.com\/wp-content\/uploads\/2020\/12\/Caliber_Logo-Black.png","contentUrl":"https:\/\/b2b.calibereurope.com\/wp-content\/uploads\/2020\/12\/Caliber_Logo-Black.png","width":3157,"height":356,"caption":"Caliber Europe B.V."},"image":{"@id":"https:\/\/b2b.calibereurope.com\/#\/schema\/logo\/image\/"}}]}},"_links":{"self":[{"href":"https:\/\/b2b.calibereurope.com\/de\/wp-json\/wp\/v2\/product\/517853","targetHints":{"allow":["GET"]}}],"collection":[{"href":"https:\/\/b2b.calibereurope.com\/de\/wp-json\/wp\/v2\/product"}],"about":[{"href":"https:\/\/b2b.calibereurope.com\/de\/wp-json\/wp\/v2\/types\/product"}],"version-history":[{"count":0,"href":"https:\/\/b2b.calibereurope.com\/de\/wp-json\/wp\/v2\/product\/517853\/revisions"}],"wp:featuredmedia":[{"embeddable":true,"href":"https:\/\/b2b.calibereurope.com\/de\/wp-json\/wp\/v2\/media\/869652"}],"wp:attachment":[{"href":"https:\/\/b2b.calibereurope.com\/de\/wp-json\/wp\/v2\/media?parent=517853"}],"wp:term":[{"taxonomy":"product_brand","embeddable":true,"href":"https:\/\/b2b.calibereurope.com\/de\/wp-json\/wp\/v2\/product_brand?post=517853"},{"taxonomy":"product_cat","embeddable":true,"href":"https:\/\/b2b.calibereurope.com\/de\/wp-json\/wp\/v2\/product_cat?post=517853"},{"taxonomy":"product_tag","embeddable":true,"href":"https:\/\/b2b.calibereurope.com\/de\/wp-json\/wp\/v2\/product_tag?post=517853"}],"curies":[{"name":"wp","href":"https:\/\/api.w.org\/{rel}","templated":true}]}}