{"id":518057,"date":"2025-12-04T01:00:00","date_gmt":"2025-12-04T00:00:00","guid":{"rendered":"0"},"modified":"2025-12-04T15:04:19","modified_gmt":"2025-12-04T14:04:19","slug":"HCG021-de_DE","status":"publish","type":"product","link":"https:\/\/b2b.calibereurope.com\/de\/produkt\/HCG021-de_DE\/","title":{"rendered":"Slim-line Digitaler Wecker &#8211; Dualer Wecker &#8211; Gro\u00dfes blaues Display &#8211; USB-Anschluss (HCG021)"},"content":{"rendered":"<p>Wachen Sie jeden Morgen p\u00fcnktlich auf mit dem schlanken Caliber HCG021 Digitalwecker. Das <strong>gro\u00dfe blaue Display <\/strong>dieses Digitalweckers sorgt daf\u00fcr, dass Sie nachts nicht durch das Licht gest\u00f6rt werden, die Zahlen aber trotzdem gut lesbar bleiben. Die Helligkeit des Weckers ist auch <strong>dimmbar<\/strong>. Au\u00dferdem verf\u00fcgt dieser Digitalwecker \u00fcber <strong>2 Weckzeiten <\/strong>und eine <strong>Schlummerfunktion<\/strong>. Dank seines <strong>extraflachen Designs <\/strong>kann dieser Wecker <strong>sowohl stehend <\/strong>als auch <strong>an der Wand montiert verwendet werden<\/strong>. Au\u00dferdem verf\u00fcgt es \u00fcber einen <strong>Ersatzakku <\/strong>und einen <strong>USB-Ausgang zum Aufladen<\/strong>.<\/p>\n<p><\/p>\n<p><strong>Merkmale:<\/strong><\/p>\n<ul>\n<li>Gro\u00dfes blaues Display<\/li>\n<li>Extra d\u00fcnnes Design<\/li>\n<li>Dimmbare Helligkeit<\/li>\n<li>2 Alarmzeiten<\/li>\n<li>Schlummerfunktion<\/li>\n<li>Ersatzbatterie<\/li>\n<li>Kann stehend oder an der Wand verwendet werden<\/li>\n<li>USB-Ausgang (1A) zum Aufladen<\/li>\n<li>Keine FM-Funktion<\/li>\n<\/ul>\n<h3>Multifunktionales Design<\/h3>\n<p>Der schlanke Wecker Caliber hat ein modernes und extraflaches Design mit einem blauen Display, das dezentes Licht mit gut lesbaren Zahlen bietet. Neben der Uhrzeit kann das Display auch das Datum und die Temperatur anzeigen, wenn Sie diese einstellen. Mit dem mitgelieferten Sockel k\u00f6nnen Sie diesen Digitalwecker bequem auf Ihrem Nachttisch platzieren. W\u00fcrden Sie es lieber an die Wand h\u00e4ngen? Dies ist auch dank des besonders schlanken Designs m\u00f6glich. Und schlie\u00dflich k\u00f6nnen Sie mit diesem Wecker ganz einfach Ihr Telefon \u00fcber den 1A-USB-Ausgang aufladen.<\/p>\n<h3>Einstellbar wie Sie wollen<\/h3>\n<p>Das Licht des digitalen Weckers ist in 3 verschiedenen Stufen dimmbar, sodass sich die Helligkeit dem Umgebungslicht anpasst. So k\u00f6nnen Sie die Zeit sowohl tags\u00fcber als auch nachts problemlos ablesen. Sie k\u00f6nnen auch 2 Weckzeiten gleichzeitig einstellen, sodass Sie und Ihr Partner ihren eigenen Wecker auf demselben Ger\u00e4t stellen k\u00f6nnen. Wie bei vielen Digitalweckern gibt es auch bei diesem Wecker eine praktische Schlummerfunktion f\u00fcr alle, die kein Morgenmensch sind. Der Alarm dieses digitalen Weckers ist ein Summerton. Es ist kein FM-Radio verf\u00fcgbar.<\/p>\n<h3>Immer ein Backup<\/h3>\n<p>Dank der mitgelieferten Ersatzbatterie k\u00f6nnen Sie sicher sein, dass der Wecker immer klingelt. Der digitale Wecker erinnert sich an den eingestellten Alarm, wenn nachts der Strom ausf\u00e4llt oder eine andere Ursache f\u00fcr eine Unterbrechung der Stromzufuhr vorliegt. Mit diesem digitalen Wecker in Ihrem Schlafzimmer k\u00f6nnen Sie also immer sicher sein, dass Sie p\u00fcnktlich aufwachen werden!<\/p>\n","protected":false},"excerpt":{"rendered":"<p>Wachen Sie jeden Morgen p\u00fcnktlich auf mit dem schlanken Caliber HCG021 Digitalwecker. Das gro\u00dfe blaue Display dieses Digitalweckers sorgt daf\u00fcr, dass Sie nachts nicht durch das Licht gest\u00f6rt werden, die Zahlen aber trotzdem gut lesbar bleiben. Die Helligkeit des Weckers ist auch dimmbar. Au\u00dferdem verf\u00fcgt dieser Digitalwecker \u00fcber 2 Weckzeiten und eine Schlummerfunktion. Dank seines [&hellip;]<\/p>\n","protected":false},"featured_media":869735,"template":"","meta":{"_acf_changed":false,"site-sidebar-layout":"default","site-content-layout":"","ast-site-content-layout":"default","site-content-style":"default","site-sidebar-style":"default","ast-global-header-display":"","ast-banner-title-visibility":"","ast-main-header-display":"","ast-hfb-above-header-display":"","ast-hfb-below-header-display":"","ast-hfb-mobile-header-display":"","site-post-title":"","ast-breadcrumbs-content":"","ast-featured-img":"","footer-sml-layout":"","theme-transparent-header-meta":"","adv-header-id-meta":"","stick-header-meta":"","header-above-stick-meta":"","header-main-stick-meta":"","header-below-stick-meta":"","astra-migrate-meta-layouts":"default","ast-page-background-enabled":"default","ast-page-background-meta":{"desktop":{"background-color":"","background-image":"","background-repeat":"repeat","background-position":"center center","background-size":"auto","background-attachment":"scroll","background-type":"","background-media":"","overlay-type":"","overlay-color":"","overlay-opacity":"","overlay-gradient":""},"tablet":{"background-color":"","background-image":"","background-repeat":"repeat","background-position":"center center","background-size":"auto","background-attachment":"scroll","background-type":"","background-media":"","overlay-type":"","overlay-color":"","overlay-opacity":"","overlay-gradient":""},"mobile":{"background-color":"","background-image":"","background-repeat":"repeat","background-position":"center center","background-size":"auto","background-attachment":"scroll","background-type":"","background-media":"","overlay-type":"","overlay-color":"","overlay-opacity":"","overlay-gradient":""}},"ast-content-background-meta":{"desktop":{"background-color":"var(--ast-global-color-5)","background-image":"","background-repeat":"repeat","background-position":"center center","background-size":"auto","background-attachment":"scroll","background-type":"","background-media":"","overlay-type":"","overlay-color":"","overlay-opacity":"","overlay-gradient":""},"tablet":{"background-color":"var(--ast-global-color-5)","background-image":"","background-repeat":"repeat","background-position":"center center","background-size":"auto","background-attachment":"scroll","background-type":"","background-media":"","overlay-type":"","overlay-color":"","overlay-opacity":"","overlay-gradient":""},"mobile":{"background-color":"var(--ast-global-color-5)","background-image":"","background-repeat":"repeat","background-position":"center center","background-size":"auto","background-attachment":"scroll","background-type":"","background-media":"","overlay-type":"","overlay-color":"","overlay-opacity":"","overlay-gradient":""}}},"product_brand":[],"product_cat":[22956],"product_tag":[],"class_list":{"0":"post-518057","1":"product","2":"type-product","3":"status-publish","4":"has-post-thumbnail","6":"product_cat-keine-kategorie","7":"desktop-align-center","8":"tablet-align-center","9":"mobile-align-center","10":"ast-product-gallery-layout-horizontal","11":"ast-product-tabs-layout-horizontal","13":"first","14":"instock","15":"taxable","16":"shipping-taxable","17":"purchasable","18":"product-type-simple"},"acf":[],"yoast_head":"<!-- This site is optimized with the Yoast SEO plugin v26.5 - https:\/\/yoast.com\/wordpress\/plugins\/seo\/ -->\n<title>Slim-line Digitaler Wecker - Dualer Wecker - Gro\u00dfes blaues Display - USB-Anschluss (HCG021) - Caliber Europe B.V.<\/title>\n<meta name=\"robots\" content=\"noindex, follow, max-snippet:-1, max-image-preview:large, max-video-preview:-1\" \/>\n<meta property=\"og:locale\" content=\"de_DE\" \/>\n<meta property=\"og:type\" content=\"article\" \/>\n<meta property=\"og:title\" content=\"Slim-line Digitaler Wecker - Dualer Wecker - Gro\u00dfes blaues Display - USB-Anschluss (HCG021) - Caliber Europe B.V.\" \/>\n<meta property=\"og:description\" content=\"Wachen Sie jeden Morgen p\u00fcnktlich auf mit dem schlanken Caliber HCG021 Digitalwecker. Das gro\u00dfe blaue Display dieses Digitalweckers sorgt daf\u00fcr, dass Sie nachts nicht durch das Licht gest\u00f6rt werden, die Zahlen aber trotzdem gut lesbar bleiben. Die Helligkeit des Weckers ist auch dimmbar. Au\u00dferdem verf\u00fcgt dieser Digitalwecker \u00fcber 2 Weckzeiten und eine Schlummerfunktion. Dank seines [&hellip;]\" \/>\n<meta property=\"og:url\" content=\"https:\/\/b2b.calibereurope.com\/de\/produkt\/hcg021-de_de\/\" \/>\n<meta property=\"og:site_name\" content=\"Caliber Europe B.V.\" \/>\n<meta property=\"article:modified_time\" content=\"2025-12-04T14:04:19+00:00\" \/>\n<meta property=\"og:image\" content=\"https:\/\/b2b.calibereurope.com\/wp-content\/uploads\/2021\/09\/c3e791c9c42124bb5aac79b76753104768f856a9_HCG021.jpg\" \/>\n\t<meta property=\"og:image:width\" content=\"1024\" \/>\n\t<meta property=\"og:image:height\" content=\"768\" \/>\n\t<meta property=\"og:image:type\" content=\"image\/jpeg\" \/>\n<meta name=\"twitter:card\" content=\"summary_large_image\" \/>\n<meta name=\"twitter:label1\" content=\"Gesch\u00e4tzte Lesezeit\" \/>\n\t<meta name=\"twitter:data1\" content=\"2\u00a0Minuten\" \/>\n<script type=\"application\/ld+json\" class=\"yoast-schema-graph\">{\"@context\":\"https:\/\/schema.org\",\"@graph\":[{\"@type\":\"WebPage\",\"@id\":\"https:\/\/b2b.calibereurope.com\/de\/produkt\/hcg021-de_de\/\",\"url\":\"https:\/\/b2b.calibereurope.com\/de\/produkt\/hcg021-de_de\/\",\"name\":\"Slim-line Digitaler Wecker - Dualer Wecker - Gro\u00dfes blaues Display - USB-Anschluss (HCG021) - Caliber Europe B.V.\",\"isPartOf\":{\"@id\":\"https:\/\/b2b.calibereurope.com\/#website\"},\"primaryImageOfPage\":{\"@id\":\"https:\/\/b2b.calibereurope.com\/de\/produkt\/hcg021-de_de\/#primaryimage\"},\"image\":{\"@id\":\"https:\/\/b2b.calibereurope.com\/de\/produkt\/hcg021-de_de\/#primaryimage\"},\"thumbnailUrl\":\"https:\/\/b2b.calibereurope.com\/wp-content\/uploads\/2025\/12\/c3e791c9c42124bb5aac79b76753104768f856a9_HCG021-4.jpg\",\"datePublished\":\"2025-12-04T00:00:00+00:00\",\"dateModified\":\"2025-12-04T14:04:19+00:00\",\"breadcrumb\":{\"@id\":\"https:\/\/b2b.calibereurope.com\/de\/produkt\/hcg021-de_de\/#breadcrumb\"},\"inLanguage\":\"de\",\"potentialAction\":[{\"@type\":\"ReadAction\",\"target\":[\"https:\/\/b2b.calibereurope.com\/de\/produkt\/hcg021-de_de\/\"]}]},{\"@type\":\"ImageObject\",\"inLanguage\":\"de\",\"@id\":\"https:\/\/b2b.calibereurope.com\/de\/produkt\/hcg021-de_de\/#primaryimage\",\"url\":\"https:\/\/b2b.calibereurope.com\/wp-content\/uploads\/2025\/12\/c3e791c9c42124bb5aac79b76753104768f856a9_HCG021-4.jpg\",\"contentUrl\":\"https:\/\/b2b.calibereurope.com\/wp-content\/uploads\/2025\/12\/c3e791c9c42124bb5aac79b76753104768f856a9_HCG021-4.jpg\",\"width\":1024,\"height\":768},{\"@type\":\"BreadcrumbList\",\"@id\":\"https:\/\/b2b.calibereurope.com\/de\/produkt\/hcg021-de_de\/#breadcrumb\",\"itemListElement\":[{\"@type\":\"ListItem\",\"position\":1,\"name\":\"Home\",\"item\":\"https:\/\/b2b.calibereurope.com\/de\/\"},{\"@type\":\"ListItem\",\"position\":2,\"name\":\"Shop\",\"item\":\"https:\/\/b2b.calibereurope.com\/de\/shop\/\"},{\"@type\":\"ListItem\",\"position\":3,\"name\":\"Schlanker Wecker &#8211; Blaue Anzeige (HCG021)\"}]},{\"@type\":\"WebSite\",\"@id\":\"https:\/\/b2b.calibereurope.com\/#website\",\"url\":\"https:\/\/b2b.calibereurope.com\/\",\"name\":\"Caliber Europe B.V.\",\"description\":\"B2B Webshop\",\"publisher\":{\"@id\":\"https:\/\/b2b.calibereurope.com\/#organization\"},\"potentialAction\":[{\"@type\":\"SearchAction\",\"target\":{\"@type\":\"EntryPoint\",\"urlTemplate\":\"https:\/\/b2b.calibereurope.com\/?s={search_term_string}\"},\"query-input\":{\"@type\":\"PropertyValueSpecification\",\"valueRequired\":true,\"valueName\":\"search_term_string\"}}],\"inLanguage\":\"de\"},{\"@type\":\"Organization\",\"@id\":\"https:\/\/b2b.calibereurope.com\/#organization\",\"name\":\"Caliber Europe B.V.\",\"url\":\"https:\/\/b2b.calibereurope.com\/\",\"logo\":{\"@type\":\"ImageObject\",\"inLanguage\":\"de\",\"@id\":\"https:\/\/b2b.calibereurope.com\/#\/schema\/logo\/image\/\",\"url\":\"https:\/\/b2b.calibereurope.com\/wp-content\/uploads\/2020\/12\/Caliber_Logo-Black.png\",\"contentUrl\":\"https:\/\/b2b.calibereurope.com\/wp-content\/uploads\/2020\/12\/Caliber_Logo-Black.png\",\"width\":3157,\"height\":356,\"caption\":\"Caliber Europe B.V.\"},\"image\":{\"@id\":\"https:\/\/b2b.calibereurope.com\/#\/schema\/logo\/image\/\"}}]}<\/script>\n<!-- \/ Yoast SEO plugin. -->","yoast_head_json":{"title":"Slim-line Digitaler Wecker - Dualer Wecker - Gro\u00dfes blaues Display - USB-Anschluss (HCG021) - Caliber Europe B.V.","robots":{"index":"noindex","follow":"follow","max-snippet":"max-snippet:-1","max-image-preview":"max-image-preview:large","max-video-preview":"max-video-preview:-1"},"og_locale":"de_DE","og_type":"article","og_title":"Slim-line Digitaler Wecker - Dualer Wecker - Gro\u00dfes blaues Display - USB-Anschluss (HCG021) - Caliber Europe B.V.","og_description":"Wachen Sie jeden Morgen p\u00fcnktlich auf mit dem schlanken Caliber HCG021 Digitalwecker. Das gro\u00dfe blaue Display dieses Digitalweckers sorgt daf\u00fcr, dass Sie nachts nicht durch das Licht gest\u00f6rt werden, die Zahlen aber trotzdem gut lesbar bleiben. Die Helligkeit des Weckers ist auch dimmbar. Au\u00dferdem verf\u00fcgt dieser Digitalwecker \u00fcber 2 Weckzeiten und eine Schlummerfunktion. Dank seines [&hellip;]","og_url":"https:\/\/b2b.calibereurope.com\/de\/produkt\/hcg021-de_de\/","og_site_name":"Caliber Europe B.V.","article_modified_time":"2025-12-04T14:04:19+00:00","og_image":[{"width":1024,"height":768,"url":"https:\/\/b2b.calibereurope.com\/wp-content\/uploads\/2021\/09\/c3e791c9c42124bb5aac79b76753104768f856a9_HCG021.jpg","type":"image\/jpeg"}],"twitter_card":"summary_large_image","twitter_misc":{"Gesch\u00e4tzte Lesezeit":"2\u00a0Minuten"},"schema":{"@context":"https:\/\/schema.org","@graph":[{"@type":"WebPage","@id":"https:\/\/b2b.calibereurope.com\/de\/produkt\/hcg021-de_de\/","url":"https:\/\/b2b.calibereurope.com\/de\/produkt\/hcg021-de_de\/","name":"Slim-line Digitaler Wecker - Dualer Wecker - Gro\u00dfes blaues Display - USB-Anschluss (HCG021) - Caliber Europe B.V.","isPartOf":{"@id":"https:\/\/b2b.calibereurope.com\/#website"},"primaryImageOfPage":{"@id":"https:\/\/b2b.calibereurope.com\/de\/produkt\/hcg021-de_de\/#primaryimage"},"image":{"@id":"https:\/\/b2b.calibereurope.com\/de\/produkt\/hcg021-de_de\/#primaryimage"},"thumbnailUrl":"https:\/\/b2b.calibereurope.com\/wp-content\/uploads\/2025\/12\/c3e791c9c42124bb5aac79b76753104768f856a9_HCG021-4.jpg","datePublished":"2025-12-04T00:00:00+00:00","dateModified":"2025-12-04T14:04:19+00:00","breadcrumb":{"@id":"https:\/\/b2b.calibereurope.com\/de\/produkt\/hcg021-de_de\/#breadcrumb"},"inLanguage":"de","potentialAction":[{"@type":"ReadAction","target":["https:\/\/b2b.calibereurope.com\/de\/produkt\/hcg021-de_de\/"]}]},{"@type":"ImageObject","inLanguage":"de","@id":"https:\/\/b2b.calibereurope.com\/de\/produkt\/hcg021-de_de\/#primaryimage","url":"https:\/\/b2b.calibereurope.com\/wp-content\/uploads\/2025\/12\/c3e791c9c42124bb5aac79b76753104768f856a9_HCG021-4.jpg","contentUrl":"https:\/\/b2b.calibereurope.com\/wp-content\/uploads\/2025\/12\/c3e791c9c42124bb5aac79b76753104768f856a9_HCG021-4.jpg","width":1024,"height":768},{"@type":"BreadcrumbList","@id":"https:\/\/b2b.calibereurope.com\/de\/produkt\/hcg021-de_de\/#breadcrumb","itemListElement":[{"@type":"ListItem","position":1,"name":"Home","item":"https:\/\/b2b.calibereurope.com\/de\/"},{"@type":"ListItem","position":2,"name":"Shop","item":"https:\/\/b2b.calibereurope.com\/de\/shop\/"},{"@type":"ListItem","position":3,"name":"Schlanker Wecker &#8211; Blaue Anzeige (HCG021)"}]},{"@type":"WebSite","@id":"https:\/\/b2b.calibereurope.com\/#website","url":"https:\/\/b2b.calibereurope.com\/","name":"Caliber Europe B.V.","description":"B2B Webshop","publisher":{"@id":"https:\/\/b2b.calibereurope.com\/#organization"},"potentialAction":[{"@type":"SearchAction","target":{"@type":"EntryPoint","urlTemplate":"https:\/\/b2b.calibereurope.com\/?s={search_term_string}"},"query-input":{"@type":"PropertyValueSpecification","valueRequired":true,"valueName":"search_term_string"}}],"inLanguage":"de"},{"@type":"Organization","@id":"https:\/\/b2b.calibereurope.com\/#organization","name":"Caliber Europe B.V.","url":"https:\/\/b2b.calibereurope.com\/","logo":{"@type":"ImageObject","inLanguage":"de","@id":"https:\/\/b2b.calibereurope.com\/#\/schema\/logo\/image\/","url":"https:\/\/b2b.calibereurope.com\/wp-content\/uploads\/2020\/12\/Caliber_Logo-Black.png","contentUrl":"https:\/\/b2b.calibereurope.com\/wp-content\/uploads\/2020\/12\/Caliber_Logo-Black.png","width":3157,"height":356,"caption":"Caliber Europe B.V."},"image":{"@id":"https:\/\/b2b.calibereurope.com\/#\/schema\/logo\/image\/"}}]}},"_links":{"self":[{"href":"https:\/\/b2b.calibereurope.com\/de\/wp-json\/wp\/v2\/product\/518057","targetHints":{"allow":["GET"]}}],"collection":[{"href":"https:\/\/b2b.calibereurope.com\/de\/wp-json\/wp\/v2\/product"}],"about":[{"href":"https:\/\/b2b.calibereurope.com\/de\/wp-json\/wp\/v2\/types\/product"}],"version-history":[{"count":0,"href":"https:\/\/b2b.calibereurope.com\/de\/wp-json\/wp\/v2\/product\/518057\/revisions"}],"wp:featuredmedia":[{"embeddable":true,"href":"https:\/\/b2b.calibereurope.com\/de\/wp-json\/wp\/v2\/media\/869735"}],"wp:attachment":[{"href":"https:\/\/b2b.calibereurope.com\/de\/wp-json\/wp\/v2\/media?parent=518057"}],"wp:term":[{"taxonomy":"product_brand","embeddable":true,"href":"https:\/\/b2b.calibereurope.com\/de\/wp-json\/wp\/v2\/product_brand?post=518057"},{"taxonomy":"product_cat","embeddable":true,"href":"https:\/\/b2b.calibereurope.com\/de\/wp-json\/wp\/v2\/product_cat?post=518057"},{"taxonomy":"product_tag","embeddable":true,"href":"https:\/\/b2b.calibereurope.com\/de\/wp-json\/wp\/v2\/product_tag?post=518057"}],"curies":[{"name":"wp","href":"https:\/\/api.w.org\/{rel}","templated":true}]}}