{"id":518093,"date":"2025-12-04T01:00:00","date_gmt":"2025-12-04T00:00:00","guid":{"rendered":"0"},"modified":"2025-12-04T15:04:33","modified_gmt":"2025-12-04T14:04:33","slug":"HCG022-de_DE","status":"publish","type":"product","link":"https:\/\/b2b.calibereurope.com\/de\/produkt\/HCG022-de_DE\/","title":{"rendered":"Slim-line Digitaler Wecker &#8211; Dualer Wecker &#8211; Gro\u00dfes rotes Display &#8211; USB-Anschluss (HCG022)"},"content":{"rendered":"<p>Mit diesem eleganten, schlanken Caliber HCG022 Digitalwecker schlafen Sie nie wieder ein. Dank seines <strong>besonders schlanken Designs <\/strong>nimmt der Wecker nur wenig Platz ein und kann an die Wand geh\u00e4ngt werden. Sie k\u00f6nnen Ihr <strong>Telefon <\/strong>\u00fcber den <strong>USB-Anschluss aufladen<\/strong>. Neben der bekannten <strong>Schlummerfunktion k\u00f6nnen <\/strong>Sie bei diesem Wecker <strong>zwei Weckzeiten <\/strong>einstellen<strong>. <\/strong>Ideal als zus\u00e4tzlicher Wecker f\u00fcr Sie selbst oder um getrennte Weckzeiten f\u00fcr Sie und Ihren Partner einzustellen. Die Helligkeit des <strong>gro\u00dfen roten Displays <\/strong>ist <strong>dimmbar, <\/strong>sodass Sie die Helligkeit selbst einstellen k\u00f6nnen. Dank der <strong>Ersatzbatterie <\/strong>haben Sie immer die Gewissheit, dass ein Alarm ausgel\u00f6st wird, wenn der Strom ausf\u00e4llt.<\/p>\n<p><\/p>\n<p><strong>Merkmale:<\/strong><\/p>\n<ul>\n<li>Gro\u00dfes rotes Display<\/li>\n<li>Extra d\u00fcnnes Design<\/li>\n<li>Dimmbare Helligkeit<\/li>\n<li>2 Alarmzeiten<\/li>\n<li>Schlummerfunktion<\/li>\n<li>Ersatzbatterie<\/li>\n<li>Kann stehend oder an der Wand verwendet werden<\/li>\n<li>USB-Ausgang (1A) zum Aufladen<\/li>\n<li>Keine FM-Funktion<\/li>\n<\/ul>\n<h3>Verschiedene Weckfunktionen<\/h3>\n<p>Dank der Doppelalarmfunktion k\u00f6nnen Sie bei diesem steckerfertigen Wecker zwei Alarmzeiten einstellen. Sie brauchen also nur einen Wecker, um sowohl sich selbst als auch Ihren Partner zur richtigen Zeit zu wecken. Nutzen Sie die Schlummerfunktion, um sich noch ein wenig umzudrehen, wenn der Alarm ert\u00f6nt ist. Sie k\u00f6nnen die Zeitspanne einstellen, nach der der Alarm wieder losgeht, wenn Sie geschlafen haben. W\u00e4hrend digitale Wecker manchmal eine FM-Funktion haben, hat dieser Caliber-Wecker keine. Sie werden mit einem Summerton geweckt.<\/p>\n<h3>Intelligentes Design<\/h3>\n<p>Mit diesem digitalen Wecker holen Sie sich nicht nur einen funktionalen, sondern auch einen stilvollen Wecker in Ihr Zuhause. Sein modernes und extra d\u00fcnnes Design hilft Ihnen au\u00dferdem, Platz auf Ihrem Nachttisch zu sparen. Der Digitalwecker verf\u00fcgt \u00fcber einen USB 1A-Ladeanschluss, wodurch Sie auch Platz in der Steckdose sparen. Sie k\u00f6nnen Ihr Telefon nachts einfach \u00fcber den Wecker mit Stecker aufladen. M\u00f6chten Sie den Wecker mit roten Zahlen an die Wand h\u00e4ngen? Kein Problem! Denn Sie k\u00f6nnen diesen Wecker einfach auf den mitgelieferten Sockel stellen oder an der Wand befestigen.<\/p>\n<h3>Immer gut sichtbar<\/h3>\n<p>Auf dem gro\u00dfen roten Display dieses Caliber Weckers mit roten Zahlen ist die Zeit immer gut ablesbar. Sie k\u00f6nnen die Helligkeit des Displays in drei Helligkeitsstufen einstellen. Neben der Uhrzeit kann dieser kabelgebundene Wecker auch das Datum und die Temperatur anzeigen. Sollte der Strom ausfallen, k\u00f6nnen Sie sich dank der mitgelieferten Ersatzbatterie immer auf einen Alarm verlassen. Der Wecker bleibt dann einfach an, sodass Sie auch in dieser Situation nicht verschlafen und immer die Zeit sehen k\u00f6nnen.<\/p>\n","protected":false},"excerpt":{"rendered":"<p>Mit diesem eleganten, schlanken Caliber HCG022 Digitalwecker schlafen Sie nie wieder ein. Dank seines besonders schlanken Designs nimmt der Wecker nur wenig Platz ein und kann an die Wand geh\u00e4ngt werden. Sie k\u00f6nnen Ihr Telefon \u00fcber den USB-Anschluss aufladen. Neben der bekannten Schlummerfunktion k\u00f6nnen Sie bei diesem Wecker zwei Weckzeiten einstellen. Ideal als zus\u00e4tzlicher Wecker [&hellip;]<\/p>\n","protected":false},"featured_media":869815,"template":"","meta":{"_acf_changed":false,"site-sidebar-layout":"default","site-content-layout":"","ast-site-content-layout":"default","site-content-style":"default","site-sidebar-style":"default","ast-global-header-display":"","ast-banner-title-visibility":"","ast-main-header-display":"","ast-hfb-above-header-display":"","ast-hfb-below-header-display":"","ast-hfb-mobile-header-display":"","site-post-title":"","ast-breadcrumbs-content":"","ast-featured-img":"","footer-sml-layout":"","theme-transparent-header-meta":"","adv-header-id-meta":"","stick-header-meta":"","header-above-stick-meta":"","header-main-stick-meta":"","header-below-stick-meta":"","astra-migrate-meta-layouts":"default","ast-page-background-enabled":"default","ast-page-background-meta":{"desktop":{"background-color":"","background-image":"","background-repeat":"repeat","background-position":"center center","background-size":"auto","background-attachment":"scroll","background-type":"","background-media":"","overlay-type":"","overlay-color":"","overlay-opacity":"","overlay-gradient":""},"tablet":{"background-color":"","background-image":"","background-repeat":"repeat","background-position":"center center","background-size":"auto","background-attachment":"scroll","background-type":"","background-media":"","overlay-type":"","overlay-color":"","overlay-opacity":"","overlay-gradient":""},"mobile":{"background-color":"","background-image":"","background-repeat":"repeat","background-position":"center center","background-size":"auto","background-attachment":"scroll","background-type":"","background-media":"","overlay-type":"","overlay-color":"","overlay-opacity":"","overlay-gradient":""}},"ast-content-background-meta":{"desktop":{"background-color":"var(--ast-global-color-5)","background-image":"","background-repeat":"repeat","background-position":"center center","background-size":"auto","background-attachment":"scroll","background-type":"","background-media":"","overlay-type":"","overlay-color":"","overlay-opacity":"","overlay-gradient":""},"tablet":{"background-color":"var(--ast-global-color-5)","background-image":"","background-repeat":"repeat","background-position":"center center","background-size":"auto","background-attachment":"scroll","background-type":"","background-media":"","overlay-type":"","overlay-color":"","overlay-opacity":"","overlay-gradient":""},"mobile":{"background-color":"var(--ast-global-color-5)","background-image":"","background-repeat":"repeat","background-position":"center center","background-size":"auto","background-attachment":"scroll","background-type":"","background-media":"","overlay-type":"","overlay-color":"","overlay-opacity":"","overlay-gradient":""}}},"product_brand":[],"product_cat":[22956],"product_tag":[],"class_list":{"0":"post-518093","1":"product","2":"type-product","3":"status-publish","4":"has-post-thumbnail","6":"product_cat-keine-kategorie","7":"desktop-align-center","8":"tablet-align-center","9":"mobile-align-center","10":"ast-product-gallery-layout-horizontal","11":"ast-product-tabs-layout-horizontal","13":"first","14":"instock","15":"taxable","16":"shipping-taxable","17":"purchasable","18":"product-type-simple"},"acf":[],"yoast_head":"<!-- This site is optimized with the Yoast SEO plugin v26.5 - https:\/\/yoast.com\/wordpress\/plugins\/seo\/ -->\n<title>Slim-line Digitaler Wecker - Dualer Wecker - Gro\u00dfes rotes Display - USB-Anschluss (HCG022) - Caliber Europe B.V.<\/title>\n<meta name=\"robots\" content=\"noindex, follow, max-snippet:-1, max-image-preview:large, max-video-preview:-1\" \/>\n<meta property=\"og:locale\" content=\"de_DE\" \/>\n<meta property=\"og:type\" content=\"article\" \/>\n<meta property=\"og:title\" content=\"Slim-line Digitaler Wecker - Dualer Wecker - Gro\u00dfes rotes Display - USB-Anschluss (HCG022) - Caliber Europe B.V.\" \/>\n<meta property=\"og:description\" content=\"Mit diesem eleganten, schlanken Caliber HCG022 Digitalwecker schlafen Sie nie wieder ein. Dank seines besonders schlanken Designs nimmt der Wecker nur wenig Platz ein und kann an die Wand geh\u00e4ngt werden. Sie k\u00f6nnen Ihr Telefon \u00fcber den USB-Anschluss aufladen. Neben der bekannten Schlummerfunktion k\u00f6nnen Sie bei diesem Wecker zwei Weckzeiten einstellen. Ideal als zus\u00e4tzlicher Wecker [&hellip;]\" \/>\n<meta property=\"og:url\" content=\"https:\/\/b2b.calibereurope.com\/de\/produkt\/hcg022-de_de\/\" \/>\n<meta property=\"og:site_name\" content=\"Caliber Europe B.V.\" \/>\n<meta property=\"article:modified_time\" content=\"2025-12-04T14:04:33+00:00\" \/>\n<meta property=\"og:image\" content=\"https:\/\/b2b.calibereurope.com\/wp-content\/uploads\/2021\/09\/23fdbb81e8dc5e2cac5eededad68fd93d2e23aa3_HCG022.jpg\" \/>\n\t<meta property=\"og:image:width\" content=\"1024\" \/>\n\t<meta property=\"og:image:height\" content=\"768\" \/>\n\t<meta property=\"og:image:type\" content=\"image\/jpeg\" \/>\n<meta name=\"twitter:card\" content=\"summary_large_image\" \/>\n<meta name=\"twitter:label1\" content=\"Gesch\u00e4tzte Lesezeit\" \/>\n\t<meta name=\"twitter:data1\" content=\"2\u00a0Minuten\" \/>\n<script type=\"application\/ld+json\" class=\"yoast-schema-graph\">{\"@context\":\"https:\/\/schema.org\",\"@graph\":[{\"@type\":\"WebPage\",\"@id\":\"https:\/\/b2b.calibereurope.com\/de\/produkt\/hcg022-de_de\/\",\"url\":\"https:\/\/b2b.calibereurope.com\/de\/produkt\/hcg022-de_de\/\",\"name\":\"Slim-line Digitaler Wecker - Dualer Wecker - Gro\u00dfes rotes Display - USB-Anschluss (HCG022) - Caliber Europe B.V.\",\"isPartOf\":{\"@id\":\"https:\/\/b2b.calibereurope.com\/#website\"},\"primaryImageOfPage\":{\"@id\":\"https:\/\/b2b.calibereurope.com\/de\/produkt\/hcg022-de_de\/#primaryimage\"},\"image\":{\"@id\":\"https:\/\/b2b.calibereurope.com\/de\/produkt\/hcg022-de_de\/#primaryimage\"},\"thumbnailUrl\":\"https:\/\/b2b.calibereurope.com\/wp-content\/uploads\/2025\/12\/23fdbb81e8dc5e2cac5eededad68fd93d2e23aa3_HCG022-4.jpg\",\"datePublished\":\"2025-12-04T00:00:00+00:00\",\"dateModified\":\"2025-12-04T14:04:33+00:00\",\"breadcrumb\":{\"@id\":\"https:\/\/b2b.calibereurope.com\/de\/produkt\/hcg022-de_de\/#breadcrumb\"},\"inLanguage\":\"de\",\"potentialAction\":[{\"@type\":\"ReadAction\",\"target\":[\"https:\/\/b2b.calibereurope.com\/de\/produkt\/hcg022-de_de\/\"]}]},{\"@type\":\"ImageObject\",\"inLanguage\":\"de\",\"@id\":\"https:\/\/b2b.calibereurope.com\/de\/produkt\/hcg022-de_de\/#primaryimage\",\"url\":\"https:\/\/b2b.calibereurope.com\/wp-content\/uploads\/2025\/12\/23fdbb81e8dc5e2cac5eededad68fd93d2e23aa3_HCG022-4.jpg\",\"contentUrl\":\"https:\/\/b2b.calibereurope.com\/wp-content\/uploads\/2025\/12\/23fdbb81e8dc5e2cac5eededad68fd93d2e23aa3_HCG022-4.jpg\",\"width\":1024,\"height\":768},{\"@type\":\"BreadcrumbList\",\"@id\":\"https:\/\/b2b.calibereurope.com\/de\/produkt\/hcg022-de_de\/#breadcrumb\",\"itemListElement\":[{\"@type\":\"ListItem\",\"position\":1,\"name\":\"Home\",\"item\":\"https:\/\/b2b.calibereurope.com\/de\/\"},{\"@type\":\"ListItem\",\"position\":2,\"name\":\"Shop\",\"item\":\"https:\/\/b2b.calibereurope.com\/de\/shop\/\"},{\"@type\":\"ListItem\",\"position\":3,\"name\":\"Schlanker Wecker &#8211; Rote Anzeige (HCG022)\"}]},{\"@type\":\"WebSite\",\"@id\":\"https:\/\/b2b.calibereurope.com\/#website\",\"url\":\"https:\/\/b2b.calibereurope.com\/\",\"name\":\"Caliber Europe B.V.\",\"description\":\"B2B Webshop\",\"publisher\":{\"@id\":\"https:\/\/b2b.calibereurope.com\/#organization\"},\"potentialAction\":[{\"@type\":\"SearchAction\",\"target\":{\"@type\":\"EntryPoint\",\"urlTemplate\":\"https:\/\/b2b.calibereurope.com\/?s={search_term_string}\"},\"query-input\":{\"@type\":\"PropertyValueSpecification\",\"valueRequired\":true,\"valueName\":\"search_term_string\"}}],\"inLanguage\":\"de\"},{\"@type\":\"Organization\",\"@id\":\"https:\/\/b2b.calibereurope.com\/#organization\",\"name\":\"Caliber Europe B.V.\",\"url\":\"https:\/\/b2b.calibereurope.com\/\",\"logo\":{\"@type\":\"ImageObject\",\"inLanguage\":\"de\",\"@id\":\"https:\/\/b2b.calibereurope.com\/#\/schema\/logo\/image\/\",\"url\":\"https:\/\/b2b.calibereurope.com\/wp-content\/uploads\/2020\/12\/Caliber_Logo-Black.png\",\"contentUrl\":\"https:\/\/b2b.calibereurope.com\/wp-content\/uploads\/2020\/12\/Caliber_Logo-Black.png\",\"width\":3157,\"height\":356,\"caption\":\"Caliber Europe B.V.\"},\"image\":{\"@id\":\"https:\/\/b2b.calibereurope.com\/#\/schema\/logo\/image\/\"}}]}<\/script>\n<!-- \/ Yoast SEO plugin. -->","yoast_head_json":{"title":"Slim-line Digitaler Wecker - Dualer Wecker - Gro\u00dfes rotes Display - USB-Anschluss (HCG022) - Caliber Europe B.V.","robots":{"index":"noindex","follow":"follow","max-snippet":"max-snippet:-1","max-image-preview":"max-image-preview:large","max-video-preview":"max-video-preview:-1"},"og_locale":"de_DE","og_type":"article","og_title":"Slim-line Digitaler Wecker - Dualer Wecker - Gro\u00dfes rotes Display - USB-Anschluss (HCG022) - Caliber Europe B.V.","og_description":"Mit diesem eleganten, schlanken Caliber HCG022 Digitalwecker schlafen Sie nie wieder ein. Dank seines besonders schlanken Designs nimmt der Wecker nur wenig Platz ein und kann an die Wand geh\u00e4ngt werden. Sie k\u00f6nnen Ihr Telefon \u00fcber den USB-Anschluss aufladen. Neben der bekannten Schlummerfunktion k\u00f6nnen Sie bei diesem Wecker zwei Weckzeiten einstellen. Ideal als zus\u00e4tzlicher Wecker [&hellip;]","og_url":"https:\/\/b2b.calibereurope.com\/de\/produkt\/hcg022-de_de\/","og_site_name":"Caliber Europe B.V.","article_modified_time":"2025-12-04T14:04:33+00:00","og_image":[{"width":1024,"height":768,"url":"https:\/\/b2b.calibereurope.com\/wp-content\/uploads\/2021\/09\/23fdbb81e8dc5e2cac5eededad68fd93d2e23aa3_HCG022.jpg","type":"image\/jpeg"}],"twitter_card":"summary_large_image","twitter_misc":{"Gesch\u00e4tzte Lesezeit":"2\u00a0Minuten"},"schema":{"@context":"https:\/\/schema.org","@graph":[{"@type":"WebPage","@id":"https:\/\/b2b.calibereurope.com\/de\/produkt\/hcg022-de_de\/","url":"https:\/\/b2b.calibereurope.com\/de\/produkt\/hcg022-de_de\/","name":"Slim-line Digitaler Wecker - Dualer Wecker - Gro\u00dfes rotes Display - USB-Anschluss (HCG022) - Caliber Europe B.V.","isPartOf":{"@id":"https:\/\/b2b.calibereurope.com\/#website"},"primaryImageOfPage":{"@id":"https:\/\/b2b.calibereurope.com\/de\/produkt\/hcg022-de_de\/#primaryimage"},"image":{"@id":"https:\/\/b2b.calibereurope.com\/de\/produkt\/hcg022-de_de\/#primaryimage"},"thumbnailUrl":"https:\/\/b2b.calibereurope.com\/wp-content\/uploads\/2025\/12\/23fdbb81e8dc5e2cac5eededad68fd93d2e23aa3_HCG022-4.jpg","datePublished":"2025-12-04T00:00:00+00:00","dateModified":"2025-12-04T14:04:33+00:00","breadcrumb":{"@id":"https:\/\/b2b.calibereurope.com\/de\/produkt\/hcg022-de_de\/#breadcrumb"},"inLanguage":"de","potentialAction":[{"@type":"ReadAction","target":["https:\/\/b2b.calibereurope.com\/de\/produkt\/hcg022-de_de\/"]}]},{"@type":"ImageObject","inLanguage":"de","@id":"https:\/\/b2b.calibereurope.com\/de\/produkt\/hcg022-de_de\/#primaryimage","url":"https:\/\/b2b.calibereurope.com\/wp-content\/uploads\/2025\/12\/23fdbb81e8dc5e2cac5eededad68fd93d2e23aa3_HCG022-4.jpg","contentUrl":"https:\/\/b2b.calibereurope.com\/wp-content\/uploads\/2025\/12\/23fdbb81e8dc5e2cac5eededad68fd93d2e23aa3_HCG022-4.jpg","width":1024,"height":768},{"@type":"BreadcrumbList","@id":"https:\/\/b2b.calibereurope.com\/de\/produkt\/hcg022-de_de\/#breadcrumb","itemListElement":[{"@type":"ListItem","position":1,"name":"Home","item":"https:\/\/b2b.calibereurope.com\/de\/"},{"@type":"ListItem","position":2,"name":"Shop","item":"https:\/\/b2b.calibereurope.com\/de\/shop\/"},{"@type":"ListItem","position":3,"name":"Schlanker Wecker &#8211; Rote Anzeige (HCG022)"}]},{"@type":"WebSite","@id":"https:\/\/b2b.calibereurope.com\/#website","url":"https:\/\/b2b.calibereurope.com\/","name":"Caliber Europe B.V.","description":"B2B Webshop","publisher":{"@id":"https:\/\/b2b.calibereurope.com\/#organization"},"potentialAction":[{"@type":"SearchAction","target":{"@type":"EntryPoint","urlTemplate":"https:\/\/b2b.calibereurope.com\/?s={search_term_string}"},"query-input":{"@type":"PropertyValueSpecification","valueRequired":true,"valueName":"search_term_string"}}],"inLanguage":"de"},{"@type":"Organization","@id":"https:\/\/b2b.calibereurope.com\/#organization","name":"Caliber Europe B.V.","url":"https:\/\/b2b.calibereurope.com\/","logo":{"@type":"ImageObject","inLanguage":"de","@id":"https:\/\/b2b.calibereurope.com\/#\/schema\/logo\/image\/","url":"https:\/\/b2b.calibereurope.com\/wp-content\/uploads\/2020\/12\/Caliber_Logo-Black.png","contentUrl":"https:\/\/b2b.calibereurope.com\/wp-content\/uploads\/2020\/12\/Caliber_Logo-Black.png","width":3157,"height":356,"caption":"Caliber Europe B.V."},"image":{"@id":"https:\/\/b2b.calibereurope.com\/#\/schema\/logo\/image\/"}}]}},"_links":{"self":[{"href":"https:\/\/b2b.calibereurope.com\/de\/wp-json\/wp\/v2\/product\/518093","targetHints":{"allow":["GET"]}}],"collection":[{"href":"https:\/\/b2b.calibereurope.com\/de\/wp-json\/wp\/v2\/product"}],"about":[{"href":"https:\/\/b2b.calibereurope.com\/de\/wp-json\/wp\/v2\/types\/product"}],"version-history":[{"count":0,"href":"https:\/\/b2b.calibereurope.com\/de\/wp-json\/wp\/v2\/product\/518093\/revisions"}],"wp:featuredmedia":[{"embeddable":true,"href":"https:\/\/b2b.calibereurope.com\/de\/wp-json\/wp\/v2\/media\/869815"}],"wp:attachment":[{"href":"https:\/\/b2b.calibereurope.com\/de\/wp-json\/wp\/v2\/media?parent=518093"}],"wp:term":[{"taxonomy":"product_brand","embeddable":true,"href":"https:\/\/b2b.calibereurope.com\/de\/wp-json\/wp\/v2\/product_brand?post=518093"},{"taxonomy":"product_cat","embeddable":true,"href":"https:\/\/b2b.calibereurope.com\/de\/wp-json\/wp\/v2\/product_cat?post=518093"},{"taxonomy":"product_tag","embeddable":true,"href":"https:\/\/b2b.calibereurope.com\/de\/wp-json\/wp\/v2\/product_tag?post=518093"}],"curies":[{"name":"wp","href":"https:\/\/api.w.org\/{rel}","templated":true}]}}