{"id":518145,"date":"2025-12-04T01:00:00","date_gmt":"2025-12-04T00:00:00","guid":{"rendered":"0"},"modified":"2025-12-04T15:04:42","modified_gmt":"2025-12-04T14:04:42","slug":"PMT061BT-de_DE","status":"publish","type":"product","link":"https:\/\/b2b.calibereurope.com\/de\/produkt\/PMT061BT-de_DE\/","title":{"rendered":"Bluetooth-Empf\u00e4nger f\u00fcr das Autoradio &#8211; Freisprecheinrichtung &#8211; AUX &#8211; Car Kit f\u00fcr das Auto &#8211; A2DP, AVRCP (PMT061BT)"},"content":{"rendered":"<p>Mit dem Caliber PMT061BT Bluetooth\u00ae-Empf\u00e4nger k\u00f6nnen Sie Ihr Telefon anschlie\u00dfen und unterwegs freih\u00e4ndig telefonieren. Mit dem geteilten Kabel verbinden Sie den Bluetooth\u00ae-Sender \u00fcber <strong>AUX und USB mit <\/strong>dem <strong>Autoradio<\/strong>. Dank des <strong>eingebauten Mikrofons <\/strong>des Bluetooth\u00ae-Empf\u00e4ngers k\u00f6nnen Sie unterwegs freih\u00e4ndig <strong>telefonieren<\/strong>. Telefongespr\u00e4che k\u00f6nnen einfach aufgezeichnet und per Knopfdruck aufgelegt werden. Au\u00dferdem k\u00f6nnen Sie den Bluetooth\u00ae-Empf\u00e4nger ganz einfach per <strong>Sprache \u00fcber Siri und Google <\/strong>steuern und Sie k\u00f6nnen die Bassverst\u00e4rkungstaste verwenden, um den Bass in der Musik noch mehr hervorzuheben.<\/p>\n<p><\/p>\n<p><strong>Merkmale:<\/strong><\/p>\n<ul>\n<li>Bluetooth\u00ae Technologie 5.1<\/li>\n<li>Eingebautes Mikrofon f\u00fcr freih\u00e4ndiges Telefonieren<\/li>\n<li>Anschluss an das Autoradio \u00fcber AUX (3,5 mm)<\/li>\n<li>5V USB-betrieben<\/li>\n<li>Schnelle Aktivierung f\u00fcr Siri\/Google<\/li>\n<li>Bass-Boost-Taste<\/li>\n<li>Einfaches Annehmen und Auflegen von Anrufen<\/li>\n<li>Automatische Bluetooth\u00ae-Verbindung<\/li>\n<li>Unterst\u00fctzt A2DP, AVRCP und HFP<\/li>\n<\/ul>\n<h3>Verbinden Sie Ihr Telefon<\/h3>\n<p>Verf\u00fcgt Ihr Autoradio nicht \u00fcber einen Bluetooth\u00ae-Sender, aber Sie m\u00f6chten Ihre Lieblingsmusik im Auto h\u00f6ren? Mit diesem Bluetooth\u00ae-Empf\u00e4nger f\u00fcr das Auto k\u00f6nnen Sie das. Schlie\u00dfen Sie das geteilte Kabel \u00fcber AUX und USB an Ihr Radio an und der Bluetooth\u00ae-Empf\u00e4nger hat eine Tonverbindung und wird mit Strom versorgt. Sobald Sie ins Auto steigen, verbindet sich der Sender automatisch mit Ihrem Telefon, sodass Sie sofort losfahren k\u00f6nnen.<\/p>\n<h3>Unterwegs freih\u00e4ndig telefonieren<\/h3>\n<p>Dieser Bluetooth\u00ae-Empf\u00e4nger verwandelt jedes Autoradio mit AUX-Anschluss in ein Car Kit, mit dem Sie freih\u00e4ndig telefonieren k\u00f6nnen. Dank des eingebauten Mikrofons telefonieren Sie klar und deutlich, und mit der Telefontaste auf dem Ger\u00e4t k\u00f6nnen Sie ganz einfach Anrufe annehmen und beenden. Lassen Sie Ihr Smartphone einen Kollegen, Freund oder ein Familienmitglied anrufen, indem Sie Siri oder Google Assistant verwenden. Auf diese Weise sind Sie sicher und freih\u00e4ndig unterwegs und k\u00f6nnen trotzdem Ihr Telefon benutzen!<\/p>\n<h3>Einfache Installation im Auto<\/h3>\n<p>Der Bluetooth\u00ae-Sender f\u00fcr das Auto ist klein und kompakt, sodass Sie ihn an verschiedenen Orten installieren k\u00f6nnen. Dank des mitgelieferten doppelten Klettbandes ist das im Handumdrehen erledigt. Sie m\u00fcssen nur sicherstellen, dass der Empf\u00e4nger mit Strom versorgt wird und \u00fcber AUX mit dem Autoradio verbunden ist, um den Ton zu \u00fcbertragen.<\/p>\n<p><\/p>\n<p><strong>&nbsp;Mitgeliefert:<\/strong><\/p>\n<ul>\n<li>Caliber PMT061BT Bluetooth\u00ae Empf\u00e4nger<\/li>\n<li>Doppelter Klettverschluss zur Befestigung<\/li>\n<\/ul>\n","protected":false},"excerpt":{"rendered":"<p>Mit dem Caliber PMT061BT Bluetooth\u00ae-Empf\u00e4nger k\u00f6nnen Sie Ihr Telefon anschlie\u00dfen und unterwegs freih\u00e4ndig telefonieren. Mit dem geteilten Kabel verbinden Sie den Bluetooth\u00ae-Sender \u00fcber AUX und USB mit dem Autoradio. Dank des eingebauten Mikrofons des Bluetooth\u00ae-Empf\u00e4ngers k\u00f6nnen Sie unterwegs freih\u00e4ndig telefonieren. Telefongespr\u00e4che k\u00f6nnen einfach aufgezeichnet und per Knopfdruck aufgelegt werden. Au\u00dferdem k\u00f6nnen Sie den Bluetooth\u00ae-Empf\u00e4nger ganz [&hellip;]<\/p>\n","protected":false},"featured_media":869863,"template":"","meta":{"_acf_changed":false,"site-sidebar-layout":"default","site-content-layout":"","ast-site-content-layout":"default","site-content-style":"default","site-sidebar-style":"default","ast-global-header-display":"","ast-banner-title-visibility":"","ast-main-header-display":"","ast-hfb-above-header-display":"","ast-hfb-below-header-display":"","ast-hfb-mobile-header-display":"","site-post-title":"","ast-breadcrumbs-content":"","ast-featured-img":"","footer-sml-layout":"","theme-transparent-header-meta":"","adv-header-id-meta":"","stick-header-meta":"","header-above-stick-meta":"","header-main-stick-meta":"","header-below-stick-meta":"","astra-migrate-meta-layouts":"default","ast-page-background-enabled":"default","ast-page-background-meta":{"desktop":{"background-color":"","background-image":"","background-repeat":"repeat","background-position":"center center","background-size":"auto","background-attachment":"scroll","background-type":"","background-media":"","overlay-type":"","overlay-color":"","overlay-opacity":"","overlay-gradient":""},"tablet":{"background-color":"","background-image":"","background-repeat":"repeat","background-position":"center center","background-size":"auto","background-attachment":"scroll","background-type":"","background-media":"","overlay-type":"","overlay-color":"","overlay-opacity":"","overlay-gradient":""},"mobile":{"background-color":"","background-image":"","background-repeat":"repeat","background-position":"center center","background-size":"auto","background-attachment":"scroll","background-type":"","background-media":"","overlay-type":"","overlay-color":"","overlay-opacity":"","overlay-gradient":""}},"ast-content-background-meta":{"desktop":{"background-color":"var(--ast-global-color-5)","background-image":"","background-repeat":"repeat","background-position":"center center","background-size":"auto","background-attachment":"scroll","background-type":"","background-media":"","overlay-type":"","overlay-color":"","overlay-opacity":"","overlay-gradient":""},"tablet":{"background-color":"var(--ast-global-color-5)","background-image":"","background-repeat":"repeat","background-position":"center center","background-size":"auto","background-attachment":"scroll","background-type":"","background-media":"","overlay-type":"","overlay-color":"","overlay-opacity":"","overlay-gradient":""},"mobile":{"background-color":"var(--ast-global-color-5)","background-image":"","background-repeat":"repeat","background-position":"center center","background-size":"auto","background-attachment":"scroll","background-type":"","background-media":"","overlay-type":"","overlay-color":"","overlay-opacity":"","overlay-gradient":""}}},"product_brand":[],"product_cat":[22956],"product_tag":[],"class_list":{"0":"post-518145","1":"product","2":"type-product","3":"status-publish","4":"has-post-thumbnail","6":"product_cat-keine-kategorie","7":"desktop-align-center","8":"tablet-align-center","9":"mobile-align-center","10":"ast-product-gallery-layout-horizontal","11":"ast-product-tabs-layout-horizontal","13":"first","14":"instock","15":"taxable","16":"shipping-taxable","17":"purchasable","18":"product-type-simple"},"acf":[],"yoast_head":"<!-- This site is optimized with the Yoast SEO plugin v26.5 - https:\/\/yoast.com\/wordpress\/plugins\/seo\/ -->\n<title>Bluetooth-Empf\u00e4nger f\u00fcr das Autoradio - Freisprecheinrichtung - AUX - Car Kit f\u00fcr das Auto - A2DP, AVRCP (PMT061BT) - Caliber Europe B.V.<\/title>\n<meta name=\"robots\" content=\"noindex, follow, max-snippet:-1, max-image-preview:large, max-video-preview:-1\" \/>\n<meta property=\"og:locale\" content=\"de_DE\" \/>\n<meta property=\"og:type\" content=\"article\" \/>\n<meta property=\"og:title\" content=\"Bluetooth-Empf\u00e4nger f\u00fcr das Autoradio - Freisprecheinrichtung - AUX - Car Kit f\u00fcr das Auto - A2DP, AVRCP (PMT061BT) - Caliber Europe B.V.\" \/>\n<meta property=\"og:description\" content=\"Mit dem Caliber PMT061BT Bluetooth\u00ae-Empf\u00e4nger k\u00f6nnen Sie Ihr Telefon anschlie\u00dfen und unterwegs freih\u00e4ndig telefonieren. Mit dem geteilten Kabel verbinden Sie den Bluetooth\u00ae-Sender \u00fcber AUX und USB mit dem Autoradio. Dank des eingebauten Mikrofons des Bluetooth\u00ae-Empf\u00e4ngers k\u00f6nnen Sie unterwegs freih\u00e4ndig telefonieren. Telefongespr\u00e4che k\u00f6nnen einfach aufgezeichnet und per Knopfdruck aufgelegt werden. Au\u00dferdem k\u00f6nnen Sie den Bluetooth\u00ae-Empf\u00e4nger ganz [&hellip;]\" \/>\n<meta property=\"og:url\" content=\"https:\/\/b2b.calibereurope.com\/de\/produkt\/pmt061bt-de_de\/\" \/>\n<meta property=\"og:site_name\" content=\"Caliber Europe B.V.\" \/>\n<meta property=\"article:modified_time\" content=\"2025-12-04T14:04:42+00:00\" \/>\n<meta property=\"og:image\" content=\"https:\/\/b2b.calibereurope.com\/wp-content\/uploads\/2021\/09\/35fee6e16ddb5797aac0ba10094973a60e069d47_PMT061BT.jpg\" \/>\n\t<meta property=\"og:image:width\" content=\"1024\" \/>\n\t<meta property=\"og:image:height\" content=\"768\" \/>\n\t<meta property=\"og:image:type\" content=\"image\/jpeg\" \/>\n<meta name=\"twitter:card\" content=\"summary_large_image\" \/>\n<meta name=\"twitter:label1\" content=\"Gesch\u00e4tzte Lesezeit\" \/>\n\t<meta name=\"twitter:data1\" content=\"2\u00a0Minuten\" \/>\n<script type=\"application\/ld+json\" class=\"yoast-schema-graph\">{\"@context\":\"https:\/\/schema.org\",\"@graph\":[{\"@type\":\"WebPage\",\"@id\":\"https:\/\/b2b.calibereurope.com\/de\/produkt\/pmt061bt-de_de\/\",\"url\":\"https:\/\/b2b.calibereurope.com\/de\/produkt\/pmt061bt-de_de\/\",\"name\":\"Bluetooth-Empf\u00e4nger f\u00fcr das Autoradio - Freisprecheinrichtung - AUX - Car Kit f\u00fcr das Auto - A2DP, AVRCP (PMT061BT) - Caliber Europe B.V.\",\"isPartOf\":{\"@id\":\"https:\/\/b2b.calibereurope.com\/#website\"},\"primaryImageOfPage\":{\"@id\":\"https:\/\/b2b.calibereurope.com\/de\/produkt\/pmt061bt-de_de\/#primaryimage\"},\"image\":{\"@id\":\"https:\/\/b2b.calibereurope.com\/de\/produkt\/pmt061bt-de_de\/#primaryimage\"},\"thumbnailUrl\":\"https:\/\/b2b.calibereurope.com\/wp-content\/uploads\/2025\/12\/35fee6e16ddb5797aac0ba10094973a60e069d47_PMT061BT-4.jpg\",\"datePublished\":\"2025-12-04T00:00:00+00:00\",\"dateModified\":\"2025-12-04T14:04:42+00:00\",\"breadcrumb\":{\"@id\":\"https:\/\/b2b.calibereurope.com\/de\/produkt\/pmt061bt-de_de\/#breadcrumb\"},\"inLanguage\":\"de\",\"potentialAction\":[{\"@type\":\"ReadAction\",\"target\":[\"https:\/\/b2b.calibereurope.com\/de\/produkt\/pmt061bt-de_de\/\"]}]},{\"@type\":\"ImageObject\",\"inLanguage\":\"de\",\"@id\":\"https:\/\/b2b.calibereurope.com\/de\/produkt\/pmt061bt-de_de\/#primaryimage\",\"url\":\"https:\/\/b2b.calibereurope.com\/wp-content\/uploads\/2025\/12\/35fee6e16ddb5797aac0ba10094973a60e069d47_PMT061BT-4.jpg\",\"contentUrl\":\"https:\/\/b2b.calibereurope.com\/wp-content\/uploads\/2025\/12\/35fee6e16ddb5797aac0ba10094973a60e069d47_PMT061BT-4.jpg\",\"width\":1024,\"height\":768},{\"@type\":\"BreadcrumbList\",\"@id\":\"https:\/\/b2b.calibereurope.com\/de\/produkt\/pmt061bt-de_de\/#breadcrumb\",\"itemListElement\":[{\"@type\":\"ListItem\",\"position\":1,\"name\":\"Home\",\"item\":\"https:\/\/b2b.calibereurope.com\/de\/\"},{\"@type\":\"ListItem\",\"position\":2,\"name\":\"Shop\",\"item\":\"https:\/\/b2b.calibereurope.com\/de\/shop\/\"},{\"@type\":\"ListItem\",\"position\":3,\"name\":\"Mini-Bluetooth-FM-Sender &#8211; Zwart (PMT061BT)\"}]},{\"@type\":\"WebSite\",\"@id\":\"https:\/\/b2b.calibereurope.com\/#website\",\"url\":\"https:\/\/b2b.calibereurope.com\/\",\"name\":\"Caliber Europe B.V.\",\"description\":\"B2B Webshop\",\"publisher\":{\"@id\":\"https:\/\/b2b.calibereurope.com\/#organization\"},\"potentialAction\":[{\"@type\":\"SearchAction\",\"target\":{\"@type\":\"EntryPoint\",\"urlTemplate\":\"https:\/\/b2b.calibereurope.com\/?s={search_term_string}\"},\"query-input\":{\"@type\":\"PropertyValueSpecification\",\"valueRequired\":true,\"valueName\":\"search_term_string\"}}],\"inLanguage\":\"de\"},{\"@type\":\"Organization\",\"@id\":\"https:\/\/b2b.calibereurope.com\/#organization\",\"name\":\"Caliber Europe B.V.\",\"url\":\"https:\/\/b2b.calibereurope.com\/\",\"logo\":{\"@type\":\"ImageObject\",\"inLanguage\":\"de\",\"@id\":\"https:\/\/b2b.calibereurope.com\/#\/schema\/logo\/image\/\",\"url\":\"https:\/\/b2b.calibereurope.com\/wp-content\/uploads\/2020\/12\/Caliber_Logo-Black.png\",\"contentUrl\":\"https:\/\/b2b.calibereurope.com\/wp-content\/uploads\/2020\/12\/Caliber_Logo-Black.png\",\"width\":3157,\"height\":356,\"caption\":\"Caliber Europe B.V.\"},\"image\":{\"@id\":\"https:\/\/b2b.calibereurope.com\/#\/schema\/logo\/image\/\"}}]}<\/script>\n<!-- \/ Yoast SEO plugin. -->","yoast_head_json":{"title":"Bluetooth-Empf\u00e4nger f\u00fcr das Autoradio - Freisprecheinrichtung - AUX - Car Kit f\u00fcr das Auto - A2DP, AVRCP (PMT061BT) - Caliber Europe B.V.","robots":{"index":"noindex","follow":"follow","max-snippet":"max-snippet:-1","max-image-preview":"max-image-preview:large","max-video-preview":"max-video-preview:-1"},"og_locale":"de_DE","og_type":"article","og_title":"Bluetooth-Empf\u00e4nger f\u00fcr das Autoradio - Freisprecheinrichtung - AUX - Car Kit f\u00fcr das Auto - A2DP, AVRCP (PMT061BT) - Caliber Europe B.V.","og_description":"Mit dem Caliber PMT061BT Bluetooth\u00ae-Empf\u00e4nger k\u00f6nnen Sie Ihr Telefon anschlie\u00dfen und unterwegs freih\u00e4ndig telefonieren. Mit dem geteilten Kabel verbinden Sie den Bluetooth\u00ae-Sender \u00fcber AUX und USB mit dem Autoradio. Dank des eingebauten Mikrofons des Bluetooth\u00ae-Empf\u00e4ngers k\u00f6nnen Sie unterwegs freih\u00e4ndig telefonieren. Telefongespr\u00e4che k\u00f6nnen einfach aufgezeichnet und per Knopfdruck aufgelegt werden. Au\u00dferdem k\u00f6nnen Sie den Bluetooth\u00ae-Empf\u00e4nger ganz [&hellip;]","og_url":"https:\/\/b2b.calibereurope.com\/de\/produkt\/pmt061bt-de_de\/","og_site_name":"Caliber Europe B.V.","article_modified_time":"2025-12-04T14:04:42+00:00","og_image":[{"width":1024,"height":768,"url":"https:\/\/b2b.calibereurope.com\/wp-content\/uploads\/2021\/09\/35fee6e16ddb5797aac0ba10094973a60e069d47_PMT061BT.jpg","type":"image\/jpeg"}],"twitter_card":"summary_large_image","twitter_misc":{"Gesch\u00e4tzte Lesezeit":"2\u00a0Minuten"},"schema":{"@context":"https:\/\/schema.org","@graph":[{"@type":"WebPage","@id":"https:\/\/b2b.calibereurope.com\/de\/produkt\/pmt061bt-de_de\/","url":"https:\/\/b2b.calibereurope.com\/de\/produkt\/pmt061bt-de_de\/","name":"Bluetooth-Empf\u00e4nger f\u00fcr das Autoradio - Freisprecheinrichtung - AUX - Car Kit f\u00fcr das Auto - A2DP, AVRCP (PMT061BT) - Caliber Europe B.V.","isPartOf":{"@id":"https:\/\/b2b.calibereurope.com\/#website"},"primaryImageOfPage":{"@id":"https:\/\/b2b.calibereurope.com\/de\/produkt\/pmt061bt-de_de\/#primaryimage"},"image":{"@id":"https:\/\/b2b.calibereurope.com\/de\/produkt\/pmt061bt-de_de\/#primaryimage"},"thumbnailUrl":"https:\/\/b2b.calibereurope.com\/wp-content\/uploads\/2025\/12\/35fee6e16ddb5797aac0ba10094973a60e069d47_PMT061BT-4.jpg","datePublished":"2025-12-04T00:00:00+00:00","dateModified":"2025-12-04T14:04:42+00:00","breadcrumb":{"@id":"https:\/\/b2b.calibereurope.com\/de\/produkt\/pmt061bt-de_de\/#breadcrumb"},"inLanguage":"de","potentialAction":[{"@type":"ReadAction","target":["https:\/\/b2b.calibereurope.com\/de\/produkt\/pmt061bt-de_de\/"]}]},{"@type":"ImageObject","inLanguage":"de","@id":"https:\/\/b2b.calibereurope.com\/de\/produkt\/pmt061bt-de_de\/#primaryimage","url":"https:\/\/b2b.calibereurope.com\/wp-content\/uploads\/2025\/12\/35fee6e16ddb5797aac0ba10094973a60e069d47_PMT061BT-4.jpg","contentUrl":"https:\/\/b2b.calibereurope.com\/wp-content\/uploads\/2025\/12\/35fee6e16ddb5797aac0ba10094973a60e069d47_PMT061BT-4.jpg","width":1024,"height":768},{"@type":"BreadcrumbList","@id":"https:\/\/b2b.calibereurope.com\/de\/produkt\/pmt061bt-de_de\/#breadcrumb","itemListElement":[{"@type":"ListItem","position":1,"name":"Home","item":"https:\/\/b2b.calibereurope.com\/de\/"},{"@type":"ListItem","position":2,"name":"Shop","item":"https:\/\/b2b.calibereurope.com\/de\/shop\/"},{"@type":"ListItem","position":3,"name":"Mini-Bluetooth-FM-Sender &#8211; Zwart (PMT061BT)"}]},{"@type":"WebSite","@id":"https:\/\/b2b.calibereurope.com\/#website","url":"https:\/\/b2b.calibereurope.com\/","name":"Caliber Europe B.V.","description":"B2B Webshop","publisher":{"@id":"https:\/\/b2b.calibereurope.com\/#organization"},"potentialAction":[{"@type":"SearchAction","target":{"@type":"EntryPoint","urlTemplate":"https:\/\/b2b.calibereurope.com\/?s={search_term_string}"},"query-input":{"@type":"PropertyValueSpecification","valueRequired":true,"valueName":"search_term_string"}}],"inLanguage":"de"},{"@type":"Organization","@id":"https:\/\/b2b.calibereurope.com\/#organization","name":"Caliber Europe B.V.","url":"https:\/\/b2b.calibereurope.com\/","logo":{"@type":"ImageObject","inLanguage":"de","@id":"https:\/\/b2b.calibereurope.com\/#\/schema\/logo\/image\/","url":"https:\/\/b2b.calibereurope.com\/wp-content\/uploads\/2020\/12\/Caliber_Logo-Black.png","contentUrl":"https:\/\/b2b.calibereurope.com\/wp-content\/uploads\/2020\/12\/Caliber_Logo-Black.png","width":3157,"height":356,"caption":"Caliber Europe B.V."},"image":{"@id":"https:\/\/b2b.calibereurope.com\/#\/schema\/logo\/image\/"}}]}},"_links":{"self":[{"href":"https:\/\/b2b.calibereurope.com\/de\/wp-json\/wp\/v2\/product\/518145","targetHints":{"allow":["GET"]}}],"collection":[{"href":"https:\/\/b2b.calibereurope.com\/de\/wp-json\/wp\/v2\/product"}],"about":[{"href":"https:\/\/b2b.calibereurope.com\/de\/wp-json\/wp\/v2\/types\/product"}],"version-history":[{"count":0,"href":"https:\/\/b2b.calibereurope.com\/de\/wp-json\/wp\/v2\/product\/518145\/revisions"}],"wp:featuredmedia":[{"embeddable":true,"href":"https:\/\/b2b.calibereurope.com\/de\/wp-json\/wp\/v2\/media\/869863"}],"wp:attachment":[{"href":"https:\/\/b2b.calibereurope.com\/de\/wp-json\/wp\/v2\/media?parent=518145"}],"wp:term":[{"taxonomy":"product_brand","embeddable":true,"href":"https:\/\/b2b.calibereurope.com\/de\/wp-json\/wp\/v2\/product_brand?post=518145"},{"taxonomy":"product_cat","embeddable":true,"href":"https:\/\/b2b.calibereurope.com\/de\/wp-json\/wp\/v2\/product_cat?post=518145"},{"taxonomy":"product_tag","embeddable":true,"href":"https:\/\/b2b.calibereurope.com\/de\/wp-json\/wp\/v2\/product_tag?post=518145"}],"curies":[{"name":"wp","href":"https:\/\/api.w.org\/{rel}","templated":true}]}}