{"id":518365,"date":"2022-09-13T02:00:00","date_gmt":"2022-09-13T00:00:00","guid":{"rendered":""},"modified":"2023-11-13T07:00:52","modified_gmt":"2023-11-13T06:00:52","slug":"hpa603bt-de_de","status":"publish","type":"product","link":"https:\/\/b2b.calibereurope.com\/de\/produkt\/hpa603bt-de_de\/","title":{"rendered":"Party-Lautsprecher &#8211; 12&#8243;-Subwoofer Akku Zwart (HPA603BT)"},"content":{"rendered":"<p>Das Kaliber HPA603BT ist ein Parteisprecher f\u00fcr die gr\u00f6\u00dfere Arbeit. Mit nicht weniger als 150 Watt Leistung k\u00f6nnen Sie in einem kleinen bis mittelgro\u00dfen Veranstaltungsort eine harte Party veranstalten. Der 12-Zoll-Lautsprecher sorgt f\u00fcr ausreichend Bass, der Hocht\u00f6ner f\u00fcr Definition. <\/p>\n<p><strong>Karaokesprecher<\/strong><br \/>Der HPA603BT ist der Karaokeparteisprecher schlechthin. Sie schlie\u00dfen ein Mikrofon \u00fcber ein 6,3-mm-Kabel an oder w\u00e4hlen eine drahtlose Option. Es besteht die M\u00f6glichkeit einer drahtlosen UHF-Verbindung f\u00fcr ein Mikrofon. Nat\u00fcrlich spielen Sie Ihre Lieblingshits auch via Bluetooth \u00fcber Ihr Smartphone oder Ihren Computer ab. <\/p>\n<p><strong>Verbinden und abspielen<\/strong><br \/>Spielen Sie Ihre Titel von einem USB-Stick oder einer SD-Karte ab. Steuern Sie den Lautsprecher ganz einfach \u00fcber die Tasten Play\/Pause, R\u00fcckw\u00e4rts, Vorw\u00e4rts, Shuffle und Modus. Bei letzterem w\u00e4hlen Sie zum Beispiel die Funktion Karaoke Sing-Along. Mit den Bass- und H\u00f6henkn\u00f6pfen steuern Sie einen guten Klang f\u00fcr Ihre Musik und mit dem Echo-Knopf setzen Sie einen Hall auf den Gesang. Der HPA603BT l\u00e4uft 3,5 Stunden lang mit einer Batterie, dann h\u00e4ngen Sie ihn an den Strom.<\/p>\n","protected":false},"excerpt":{"rendered":"<p>Das Kaliber HPA603BT ist ein Parteisprecher f\u00fcr die gr\u00f6\u00dfere Arbeit. Mit nicht weniger als 150 Watt Leistung k\u00f6nnen Sie in einem kleinen bis mittelgro\u00dfen Veranstaltungsort eine harte Party veranstalten. Der 12-Zoll-Lautsprecher sorgt f\u00fcr ausreichend Bass, der Hocht\u00f6ner f\u00fcr Definition. KaraokesprecherDer HPA603BT ist der Karaokeparteisprecher schlechthin. Sie schlie\u00dfen ein Mikrofon \u00fcber ein 6,3-mm-Kabel an oder w\u00e4hlen [&hellip;]<\/p>\n","protected":false},"featured_media":730858,"template":"","meta":{"_acf_changed":false,"site-sidebar-layout":"default","site-content-layout":"","ast-site-content-layout":"default","site-content-style":"default","site-sidebar-style":"default","ast-global-header-display":"","ast-banner-title-visibility":"","ast-main-header-display":"","ast-hfb-above-header-display":"","ast-hfb-below-header-display":"","ast-hfb-mobile-header-display":"","site-post-title":"","ast-breadcrumbs-content":"","ast-featured-img":"","footer-sml-layout":"","theme-transparent-header-meta":"","adv-header-id-meta":"","stick-header-meta":"","header-above-stick-meta":"","header-main-stick-meta":"","header-below-stick-meta":"","astra-migrate-meta-layouts":"default","ast-page-background-enabled":"default","ast-page-background-meta":{"desktop":{"background-color":"","background-image":"","background-repeat":"repeat","background-position":"center center","background-size":"auto","background-attachment":"scroll","background-type":"","background-media":"","overlay-type":"","overlay-color":"","overlay-opacity":"","overlay-gradient":""},"tablet":{"background-color":"","background-image":"","background-repeat":"repeat","background-position":"center center","background-size":"auto","background-attachment":"scroll","background-type":"","background-media":"","overlay-type":"","overlay-color":"","overlay-opacity":"","overlay-gradient":""},"mobile":{"background-color":"","background-image":"","background-repeat":"repeat","background-position":"center center","background-size":"auto","background-attachment":"scroll","background-type":"","background-media":"","overlay-type":"","overlay-color":"","overlay-opacity":"","overlay-gradient":""}},"ast-content-background-meta":{"desktop":{"background-color":"var(--ast-global-color-5)","background-image":"","background-repeat":"repeat","background-position":"center center","background-size":"auto","background-attachment":"scroll","background-type":"","background-media":"","overlay-type":"","overlay-color":"","overlay-opacity":"","overlay-gradient":""},"tablet":{"background-color":"var(--ast-global-color-5)","background-image":"","background-repeat":"repeat","background-position":"center center","background-size":"auto","background-attachment":"scroll","background-type":"","background-media":"","overlay-type":"","overlay-color":"","overlay-opacity":"","overlay-gradient":""},"mobile":{"background-color":"var(--ast-global-color-5)","background-image":"","background-repeat":"repeat","background-position":"center center","background-size":"auto","background-attachment":"scroll","background-type":"","background-media":"","overlay-type":"","overlay-color":"","overlay-opacity":"","overlay-gradient":""}}},"product_brand":[],"product_cat":[12247,12231],"product_tag":[],"class_list":{"0":"post-518365","1":"product","2":"type-product","3":"status-publish","4":"has-post-thumbnail","6":"product_cat-party_karaoke_speakers_de_de","7":"product_cat-geluid_de_de","8":"desktop-align-center","9":"tablet-align-center","10":"mobile-align-center","11":"ast-product-gallery-layout-horizontal","12":"ast-product-tabs-layout-horizontal","14":"first","15":"outofstock","16":"taxable","17":"shipping-taxable","18":"purchasable","19":"product-type-simple"},"acf":[],"yoast_head":"<!-- This site is optimized with the Yoast SEO plugin v26.5 - https:\/\/yoast.com\/wordpress\/plugins\/seo\/ -->\n<title>Party-Lautsprecher - 12&quot;-Subwoofer Akku Zwart (HPA603BT) - Caliber Europe B.V.<\/title>\n<meta name=\"robots\" content=\"noindex, follow, max-snippet:-1, max-image-preview:large, max-video-preview:-1\" \/>\n<meta property=\"og:locale\" content=\"de_DE\" \/>\n<meta property=\"og:type\" content=\"article\" \/>\n<meta property=\"og:title\" content=\"Party-Lautsprecher - 12&quot;-Subwoofer Akku Zwart (HPA603BT) - Caliber Europe B.V.\" \/>\n<meta property=\"og:description\" content=\"Das Kaliber HPA603BT ist ein Parteisprecher f\u00fcr die gr\u00f6\u00dfere Arbeit. Mit nicht weniger als 150 Watt Leistung k\u00f6nnen Sie in einem kleinen bis mittelgro\u00dfen Veranstaltungsort eine harte Party veranstalten. Der 12-Zoll-Lautsprecher sorgt f\u00fcr ausreichend Bass, der Hocht\u00f6ner f\u00fcr Definition. KaraokesprecherDer HPA603BT ist der Karaokeparteisprecher schlechthin. Sie schlie\u00dfen ein Mikrofon \u00fcber ein 6,3-mm-Kabel an oder w\u00e4hlen [&hellip;]\" \/>\n<meta property=\"og:url\" content=\"https:\/\/b2b.calibereurope.com\/de\/produkt\/hpa603bt-de_de\/\" \/>\n<meta property=\"og:site_name\" content=\"Caliber Europe B.V.\" \/>\n<meta property=\"article:modified_time\" content=\"2023-11-13T06:00:52+00:00\" \/>\n<meta property=\"og:image\" content=\"https:\/\/b2b.calibereurope.com\/wp-content\/uploads\/2021\/09\/4acaa7d7c114eef047ce925018960b45ddea3f26_HPA603BT_web.jpg\" \/>\n\t<meta property=\"og:image:width\" content=\"1024\" \/>\n\t<meta property=\"og:image:height\" content=\"768\" \/>\n\t<meta property=\"og:image:type\" content=\"image\/jpeg\" \/>\n<meta name=\"twitter:card\" content=\"summary_large_image\" \/>\n<meta name=\"twitter:label1\" content=\"Gesch\u00e4tzte Lesezeit\" \/>\n\t<meta name=\"twitter:data1\" content=\"1\u00a0Minute\" \/>\n<script type=\"application\/ld+json\" class=\"yoast-schema-graph\">{\"@context\":\"https:\/\/schema.org\",\"@graph\":[{\"@type\":\"WebPage\",\"@id\":\"https:\/\/b2b.calibereurope.com\/de\/produkt\/hpa603bt-de_de\/\",\"url\":\"https:\/\/b2b.calibereurope.com\/de\/produkt\/hpa603bt-de_de\/\",\"name\":\"Party-Lautsprecher - 12\\\"-Subwoofer Akku Zwart (HPA603BT) - Caliber Europe B.V.\",\"isPartOf\":{\"@id\":\"https:\/\/b2b.calibereurope.com\/#website\"},\"primaryImageOfPage\":{\"@id\":\"https:\/\/b2b.calibereurope.com\/de\/produkt\/hpa603bt-de_de\/#primaryimage\"},\"image\":{\"@id\":\"https:\/\/b2b.calibereurope.com\/de\/produkt\/hpa603bt-de_de\/#primaryimage\"},\"thumbnailUrl\":\"https:\/\/b2b.calibereurope.com\/wp-content\/uploads\/2022\/09\/4acaa7d7c114eef047ce925018960b45ddea3f26_HPA603BT_web.jpg\",\"datePublished\":\"2022-09-13T00:00:00+00:00\",\"dateModified\":\"2023-11-13T06:00:52+00:00\",\"breadcrumb\":{\"@id\":\"https:\/\/b2b.calibereurope.com\/de\/produkt\/hpa603bt-de_de\/#breadcrumb\"},\"inLanguage\":\"de\",\"potentialAction\":[{\"@type\":\"ReadAction\",\"target\":[\"https:\/\/b2b.calibereurope.com\/de\/produkt\/hpa603bt-de_de\/\"]}]},{\"@type\":\"ImageObject\",\"inLanguage\":\"de\",\"@id\":\"https:\/\/b2b.calibereurope.com\/de\/produkt\/hpa603bt-de_de\/#primaryimage\",\"url\":\"https:\/\/b2b.calibereurope.com\/wp-content\/uploads\/2022\/09\/4acaa7d7c114eef047ce925018960b45ddea3f26_HPA603BT_web.jpg\",\"contentUrl\":\"https:\/\/b2b.calibereurope.com\/wp-content\/uploads\/2022\/09\/4acaa7d7c114eef047ce925018960b45ddea3f26_HPA603BT_web.jpg\",\"width\":1024,\"height\":768},{\"@type\":\"BreadcrumbList\",\"@id\":\"https:\/\/b2b.calibereurope.com\/de\/produkt\/hpa603bt-de_de\/#breadcrumb\",\"itemListElement\":[{\"@type\":\"ListItem\",\"position\":1,\"name\":\"Home\",\"item\":\"https:\/\/b2b.calibereurope.com\/de\/\"},{\"@type\":\"ListItem\",\"position\":2,\"name\":\"Shop\",\"item\":\"https:\/\/b2b.calibereurope.com\/de\/shop\/\"},{\"@type\":\"ListItem\",\"position\":3,\"name\":\"Party-Lautsprecher &#8211; 12&#8243;-Subwoofer Akku Zwart (HPA603BT)\"}]},{\"@type\":\"WebSite\",\"@id\":\"https:\/\/b2b.calibereurope.com\/#website\",\"url\":\"https:\/\/b2b.calibereurope.com\/\",\"name\":\"Caliber Europe B.V.\",\"description\":\"B2B Webshop\",\"publisher\":{\"@id\":\"https:\/\/b2b.calibereurope.com\/#organization\"},\"potentialAction\":[{\"@type\":\"SearchAction\",\"target\":{\"@type\":\"EntryPoint\",\"urlTemplate\":\"https:\/\/b2b.calibereurope.com\/?s={search_term_string}\"},\"query-input\":{\"@type\":\"PropertyValueSpecification\",\"valueRequired\":true,\"valueName\":\"search_term_string\"}}],\"inLanguage\":\"de\"},{\"@type\":\"Organization\",\"@id\":\"https:\/\/b2b.calibereurope.com\/#organization\",\"name\":\"Caliber Europe B.V.\",\"url\":\"https:\/\/b2b.calibereurope.com\/\",\"logo\":{\"@type\":\"ImageObject\",\"inLanguage\":\"de\",\"@id\":\"https:\/\/b2b.calibereurope.com\/#\/schema\/logo\/image\/\",\"url\":\"https:\/\/b2b.calibereurope.com\/wp-content\/uploads\/2020\/12\/Caliber_Logo-Black.png\",\"contentUrl\":\"https:\/\/b2b.calibereurope.com\/wp-content\/uploads\/2020\/12\/Caliber_Logo-Black.png\",\"width\":3157,\"height\":356,\"caption\":\"Caliber Europe B.V.\"},\"image\":{\"@id\":\"https:\/\/b2b.calibereurope.com\/#\/schema\/logo\/image\/\"}}]}<\/script>\n<!-- \/ Yoast SEO plugin. -->","yoast_head_json":{"title":"Party-Lautsprecher - 12\"-Subwoofer Akku Zwart (HPA603BT) - Caliber Europe B.V.","robots":{"index":"noindex","follow":"follow","max-snippet":"max-snippet:-1","max-image-preview":"max-image-preview:large","max-video-preview":"max-video-preview:-1"},"og_locale":"de_DE","og_type":"article","og_title":"Party-Lautsprecher - 12\"-Subwoofer Akku Zwart (HPA603BT) - Caliber Europe B.V.","og_description":"Das Kaliber HPA603BT ist ein Parteisprecher f\u00fcr die gr\u00f6\u00dfere Arbeit. Mit nicht weniger als 150 Watt Leistung k\u00f6nnen Sie in einem kleinen bis mittelgro\u00dfen Veranstaltungsort eine harte Party veranstalten. Der 12-Zoll-Lautsprecher sorgt f\u00fcr ausreichend Bass, der Hocht\u00f6ner f\u00fcr Definition. KaraokesprecherDer HPA603BT ist der Karaokeparteisprecher schlechthin. Sie schlie\u00dfen ein Mikrofon \u00fcber ein 6,3-mm-Kabel an oder w\u00e4hlen [&hellip;]","og_url":"https:\/\/b2b.calibereurope.com\/de\/produkt\/hpa603bt-de_de\/","og_site_name":"Caliber Europe B.V.","article_modified_time":"2023-11-13T06:00:52+00:00","og_image":[{"width":1024,"height":768,"url":"https:\/\/b2b.calibereurope.com\/wp-content\/uploads\/2021\/09\/4acaa7d7c114eef047ce925018960b45ddea3f26_HPA603BT_web.jpg","type":"image\/jpeg"}],"twitter_card":"summary_large_image","twitter_misc":{"Gesch\u00e4tzte Lesezeit":"1\u00a0Minute"},"schema":{"@context":"https:\/\/schema.org","@graph":[{"@type":"WebPage","@id":"https:\/\/b2b.calibereurope.com\/de\/produkt\/hpa603bt-de_de\/","url":"https:\/\/b2b.calibereurope.com\/de\/produkt\/hpa603bt-de_de\/","name":"Party-Lautsprecher - 12\"-Subwoofer Akku Zwart (HPA603BT) - Caliber Europe B.V.","isPartOf":{"@id":"https:\/\/b2b.calibereurope.com\/#website"},"primaryImageOfPage":{"@id":"https:\/\/b2b.calibereurope.com\/de\/produkt\/hpa603bt-de_de\/#primaryimage"},"image":{"@id":"https:\/\/b2b.calibereurope.com\/de\/produkt\/hpa603bt-de_de\/#primaryimage"},"thumbnailUrl":"https:\/\/b2b.calibereurope.com\/wp-content\/uploads\/2022\/09\/4acaa7d7c114eef047ce925018960b45ddea3f26_HPA603BT_web.jpg","datePublished":"2022-09-13T00:00:00+00:00","dateModified":"2023-11-13T06:00:52+00:00","breadcrumb":{"@id":"https:\/\/b2b.calibereurope.com\/de\/produkt\/hpa603bt-de_de\/#breadcrumb"},"inLanguage":"de","potentialAction":[{"@type":"ReadAction","target":["https:\/\/b2b.calibereurope.com\/de\/produkt\/hpa603bt-de_de\/"]}]},{"@type":"ImageObject","inLanguage":"de","@id":"https:\/\/b2b.calibereurope.com\/de\/produkt\/hpa603bt-de_de\/#primaryimage","url":"https:\/\/b2b.calibereurope.com\/wp-content\/uploads\/2022\/09\/4acaa7d7c114eef047ce925018960b45ddea3f26_HPA603BT_web.jpg","contentUrl":"https:\/\/b2b.calibereurope.com\/wp-content\/uploads\/2022\/09\/4acaa7d7c114eef047ce925018960b45ddea3f26_HPA603BT_web.jpg","width":1024,"height":768},{"@type":"BreadcrumbList","@id":"https:\/\/b2b.calibereurope.com\/de\/produkt\/hpa603bt-de_de\/#breadcrumb","itemListElement":[{"@type":"ListItem","position":1,"name":"Home","item":"https:\/\/b2b.calibereurope.com\/de\/"},{"@type":"ListItem","position":2,"name":"Shop","item":"https:\/\/b2b.calibereurope.com\/de\/shop\/"},{"@type":"ListItem","position":3,"name":"Party-Lautsprecher &#8211; 12&#8243;-Subwoofer Akku Zwart (HPA603BT)"}]},{"@type":"WebSite","@id":"https:\/\/b2b.calibereurope.com\/#website","url":"https:\/\/b2b.calibereurope.com\/","name":"Caliber Europe B.V.","description":"B2B Webshop","publisher":{"@id":"https:\/\/b2b.calibereurope.com\/#organization"},"potentialAction":[{"@type":"SearchAction","target":{"@type":"EntryPoint","urlTemplate":"https:\/\/b2b.calibereurope.com\/?s={search_term_string}"},"query-input":{"@type":"PropertyValueSpecification","valueRequired":true,"valueName":"search_term_string"}}],"inLanguage":"de"},{"@type":"Organization","@id":"https:\/\/b2b.calibereurope.com\/#organization","name":"Caliber Europe B.V.","url":"https:\/\/b2b.calibereurope.com\/","logo":{"@type":"ImageObject","inLanguage":"de","@id":"https:\/\/b2b.calibereurope.com\/#\/schema\/logo\/image\/","url":"https:\/\/b2b.calibereurope.com\/wp-content\/uploads\/2020\/12\/Caliber_Logo-Black.png","contentUrl":"https:\/\/b2b.calibereurope.com\/wp-content\/uploads\/2020\/12\/Caliber_Logo-Black.png","width":3157,"height":356,"caption":"Caliber Europe B.V."},"image":{"@id":"https:\/\/b2b.calibereurope.com\/#\/schema\/logo\/image\/"}}]}},"_links":{"self":[{"href":"https:\/\/b2b.calibereurope.com\/de\/wp-json\/wp\/v2\/product\/518365","targetHints":{"allow":["GET"]}}],"collection":[{"href":"https:\/\/b2b.calibereurope.com\/de\/wp-json\/wp\/v2\/product"}],"about":[{"href":"https:\/\/b2b.calibereurope.com\/de\/wp-json\/wp\/v2\/types\/product"}],"version-history":[{"count":0,"href":"https:\/\/b2b.calibereurope.com\/de\/wp-json\/wp\/v2\/product\/518365\/revisions"}],"wp:featuredmedia":[{"embeddable":true,"href":"https:\/\/b2b.calibereurope.com\/de\/wp-json\/wp\/v2\/media\/730858"}],"wp:attachment":[{"href":"https:\/\/b2b.calibereurope.com\/de\/wp-json\/wp\/v2\/media?parent=518365"}],"wp:term":[{"taxonomy":"product_brand","embeddable":true,"href":"https:\/\/b2b.calibereurope.com\/de\/wp-json\/wp\/v2\/product_brand?post=518365"},{"taxonomy":"product_cat","embeddable":true,"href":"https:\/\/b2b.calibereurope.com\/de\/wp-json\/wp\/v2\/product_cat?post=518365"},{"taxonomy":"product_tag","embeddable":true,"href":"https:\/\/b2b.calibereurope.com\/de\/wp-json\/wp\/v2\/product_tag?post=518365"}],"curies":[{"name":"wp","href":"https:\/\/api.w.org\/{rel}","templated":true}]}}