{"id":518497,"date":"2024-12-05T01:00:00","date_gmt":"2024-12-05T00:00:00","guid":{"rendered":""},"modified":"2025-06-24T11:23:45","modified_gmt":"2025-06-24T09:23:45","slug":"CSB3-1-de_DE","status":"publish","type":"product","link":"https:\/\/b2b.calibereurope.com\/de\/produkt\/CSB3-1-de_DE\/","title":{"rendered":"Lautsprecher f\u00fcr Aufputzmontage &#8211; 2-Wege 45 Watt (CSB3-1)"},"content":{"rendered":"<p>Das Caliber CSB 3-1 ist ein Lautsprecherset, das Sie \u00fcberall dort montieren k\u00f6nnen, wo Sie wollen. Dank der Montagehalterungen k\u00f6nnen Sie die Lautsprecher leicht an Orten wie der Hutablage in Ihrem Auto, auf Ihrem Boot oder in Ihrem Gartenhaus montieren. Die Lautsprecher bleiben mit ein paar kleinen Schrauben an ihrem Platz, so dass Sie keine gro\u00dfen Schraubenl\u00f6cher hinterlassen und nichts einbauen m\u00fcssen. <\/p>\n<p><strong>Klangqualit\u00e4t<\/strong><\/p>\n<p>Mit diesem Lautsprecherset k\u00f6nnen Sie einen definierten Klang genie\u00dfen. Das CSB 3-1 konzentriert sich auf die Mitte und macht z.B. Gesang, Klavier und Gitarre deutlich h\u00f6rbar. Der Tief- und der Hocht\u00f6ner verleihen diesen Lautsprechern ein 2-Wege-System, das einen ausgewogenen Klang zwischen B\u00e4ssen und H\u00f6hen gew\u00e4hrleistet. Mit 45 Watt haben die Lautsprecher genug Leistung, um immer h\u00f6rbar zu sein.<\/p>\n","protected":false},"excerpt":{"rendered":"<p>Das Caliber CSB 3-1 ist ein Lautsprecherset, das Sie \u00fcberall dort montieren k\u00f6nnen, wo Sie wollen. Dank der Montagehalterungen k\u00f6nnen Sie die Lautsprecher leicht an Orten wie der Hutablage in Ihrem Auto, auf Ihrem Boot oder in Ihrem Gartenhaus montieren. Die Lautsprecher bleiben mit ein paar kleinen Schrauben an ihrem Platz, so dass Sie keine [&hellip;]<\/p>\n","protected":false},"featured_media":853521,"template":"","meta":{"_acf_changed":false,"site-sidebar-layout":"default","site-content-layout":"","ast-site-content-layout":"default","site-content-style":"default","site-sidebar-style":"default","ast-global-header-display":"","ast-banner-title-visibility":"","ast-main-header-display":"","ast-hfb-above-header-display":"","ast-hfb-below-header-display":"","ast-hfb-mobile-header-display":"","site-post-title":"","ast-breadcrumbs-content":"","ast-featured-img":"","footer-sml-layout":"","theme-transparent-header-meta":"","adv-header-id-meta":"","stick-header-meta":"","header-above-stick-meta":"","header-main-stick-meta":"","header-below-stick-meta":"","astra-migrate-meta-layouts":"default","ast-page-background-enabled":"default","ast-page-background-meta":{"desktop":{"background-color":"","background-image":"","background-repeat":"repeat","background-position":"center center","background-size":"auto","background-attachment":"scroll","background-type":"","background-media":"","overlay-type":"","overlay-color":"","overlay-opacity":"","overlay-gradient":""},"tablet":{"background-color":"","background-image":"","background-repeat":"repeat","background-position":"center center","background-size":"auto","background-attachment":"scroll","background-type":"","background-media":"","overlay-type":"","overlay-color":"","overlay-opacity":"","overlay-gradient":""},"mobile":{"background-color":"","background-image":"","background-repeat":"repeat","background-position":"center center","background-size":"auto","background-attachment":"scroll","background-type":"","background-media":"","overlay-type":"","overlay-color":"","overlay-opacity":"","overlay-gradient":""}},"ast-content-background-meta":{"desktop":{"background-color":"var(--ast-global-color-5)","background-image":"","background-repeat":"repeat","background-position":"center center","background-size":"auto","background-attachment":"scroll","background-type":"","background-media":"","overlay-type":"","overlay-color":"","overlay-opacity":"","overlay-gradient":""},"tablet":{"background-color":"var(--ast-global-color-5)","background-image":"","background-repeat":"repeat","background-position":"center center","background-size":"auto","background-attachment":"scroll","background-type":"","background-media":"","overlay-type":"","overlay-color":"","overlay-opacity":"","overlay-gradient":""},"mobile":{"background-color":"var(--ast-global-color-5)","background-image":"","background-repeat":"repeat","background-position":"center center","background-size":"auto","background-attachment":"scroll","background-type":"","background-media":"","overlay-type":"","overlay-color":"","overlay-opacity":"","overlay-gradient":""}}},"product_brand":[],"product_cat":[22956],"product_tag":[],"class_list":{"0":"post-518497","1":"product","2":"type-product","3":"status-publish","4":"has-post-thumbnail","6":"product_cat-keine-kategorie","7":"desktop-align-center","8":"tablet-align-center","9":"mobile-align-center","10":"ast-product-gallery-layout-horizontal","11":"ast-product-tabs-layout-horizontal","13":"first","14":"onbackorder","15":"taxable","16":"shipping-taxable","17":"purchasable","18":"product-type-simple"},"acf":[],"yoast_head":"<!-- This site is optimized with the Yoast SEO plugin v26.5 - https:\/\/yoast.com\/wordpress\/plugins\/seo\/ -->\n<title>Lautsprecher f\u00fcr Aufputzmontage - 2-Wege 45 Watt (CSB3-1) - Caliber Europe B.V.<\/title>\n<meta name=\"robots\" content=\"noindex, follow, max-snippet:-1, max-image-preview:large, max-video-preview:-1\" \/>\n<meta property=\"og:locale\" content=\"de_DE\" \/>\n<meta property=\"og:type\" content=\"article\" \/>\n<meta property=\"og:title\" content=\"Lautsprecher f\u00fcr Aufputzmontage - 2-Wege 45 Watt (CSB3-1) - Caliber Europe B.V.\" \/>\n<meta property=\"og:description\" content=\"Das Caliber CSB 3-1 ist ein Lautsprecherset, das Sie \u00fcberall dort montieren k\u00f6nnen, wo Sie wollen. Dank der Montagehalterungen k\u00f6nnen Sie die Lautsprecher leicht an Orten wie der Hutablage in Ihrem Auto, auf Ihrem Boot oder in Ihrem Gartenhaus montieren. Die Lautsprecher bleiben mit ein paar kleinen Schrauben an ihrem Platz, so dass Sie keine [&hellip;]\" \/>\n<meta property=\"og:url\" content=\"https:\/\/b2b.calibereurope.com\/de\/produkt\/csb3-1-de_de\/\" \/>\n<meta property=\"og:site_name\" content=\"Caliber Europe B.V.\" \/>\n<meta property=\"article:modified_time\" content=\"2025-06-24T09:23:45+00:00\" \/>\n<meta property=\"og:image\" content=\"https:\/\/b2b.calibereurope.com\/wp-content\/uploads\/2021\/09\/408e1887c20b9b1eb1d6ed82f8feced5a02565df_CSB3_1_Kijkzeshinen.jpg\" \/>\n\t<meta property=\"og:image:width\" content=\"1024\" \/>\n\t<meta property=\"og:image:height\" content=\"768\" \/>\n\t<meta property=\"og:image:type\" content=\"image\/jpeg\" \/>\n<meta name=\"twitter:card\" content=\"summary_large_image\" \/>\n<meta name=\"twitter:label1\" content=\"Gesch\u00e4tzte Lesezeit\" \/>\n\t<meta name=\"twitter:data1\" content=\"1\u00a0Minute\" \/>\n<script type=\"application\/ld+json\" class=\"yoast-schema-graph\">{\"@context\":\"https:\/\/schema.org\",\"@graph\":[{\"@type\":\"WebPage\",\"@id\":\"https:\/\/b2b.calibereurope.com\/de\/produkt\/csb3-1-de_de\/\",\"url\":\"https:\/\/b2b.calibereurope.com\/de\/produkt\/csb3-1-de_de\/\",\"name\":\"Lautsprecher f\u00fcr Aufputzmontage - 2-Wege 45 Watt (CSB3-1) - Caliber Europe B.V.\",\"isPartOf\":{\"@id\":\"https:\/\/b2b.calibereurope.com\/#website\"},\"primaryImageOfPage\":{\"@id\":\"https:\/\/b2b.calibereurope.com\/de\/produkt\/csb3-1-de_de\/#primaryimage\"},\"image\":{\"@id\":\"https:\/\/b2b.calibereurope.com\/de\/produkt\/csb3-1-de_de\/#primaryimage\"},\"thumbnailUrl\":\"https:\/\/b2b.calibereurope.com\/wp-content\/uploads\/2024\/12\/408e1887c20b9b1eb1d6ed82f8feced5a02565df_CSB3_1_Kijkzeshinen.jpg\",\"datePublished\":\"2024-12-05T00:00:00+00:00\",\"dateModified\":\"2025-06-24T09:23:45+00:00\",\"breadcrumb\":{\"@id\":\"https:\/\/b2b.calibereurope.com\/de\/produkt\/csb3-1-de_de\/#breadcrumb\"},\"inLanguage\":\"de\",\"potentialAction\":[{\"@type\":\"ReadAction\",\"target\":[\"https:\/\/b2b.calibereurope.com\/de\/produkt\/csb3-1-de_de\/\"]}]},{\"@type\":\"ImageObject\",\"inLanguage\":\"de\",\"@id\":\"https:\/\/b2b.calibereurope.com\/de\/produkt\/csb3-1-de_de\/#primaryimage\",\"url\":\"https:\/\/b2b.calibereurope.com\/wp-content\/uploads\/2024\/12\/408e1887c20b9b1eb1d6ed82f8feced5a02565df_CSB3_1_Kijkzeshinen.jpg\",\"contentUrl\":\"https:\/\/b2b.calibereurope.com\/wp-content\/uploads\/2024\/12\/408e1887c20b9b1eb1d6ed82f8feced5a02565df_CSB3_1_Kijkzeshinen.jpg\",\"width\":1024,\"height\":768},{\"@type\":\"BreadcrumbList\",\"@id\":\"https:\/\/b2b.calibereurope.com\/de\/produkt\/csb3-1-de_de\/#breadcrumb\",\"itemListElement\":[{\"@type\":\"ListItem\",\"position\":1,\"name\":\"Home\",\"item\":\"https:\/\/b2b.calibereurope.com\/de\/\"},{\"@type\":\"ListItem\",\"position\":2,\"name\":\"Shop\",\"item\":\"https:\/\/b2b.calibereurope.com\/de\/shop\/\"},{\"@type\":\"ListItem\",\"position\":3,\"name\":\"Lautsprecher f\u00fcr Aufputzmontage &#8211; 2-Wege 45 Watt (CSB3-1)\"}]},{\"@type\":\"WebSite\",\"@id\":\"https:\/\/b2b.calibereurope.com\/#website\",\"url\":\"https:\/\/b2b.calibereurope.com\/\",\"name\":\"Caliber Europe B.V.\",\"description\":\"B2B Webshop\",\"publisher\":{\"@id\":\"https:\/\/b2b.calibereurope.com\/#organization\"},\"potentialAction\":[{\"@type\":\"SearchAction\",\"target\":{\"@type\":\"EntryPoint\",\"urlTemplate\":\"https:\/\/b2b.calibereurope.com\/?s={search_term_string}\"},\"query-input\":{\"@type\":\"PropertyValueSpecification\",\"valueRequired\":true,\"valueName\":\"search_term_string\"}}],\"inLanguage\":\"de\"},{\"@type\":\"Organization\",\"@id\":\"https:\/\/b2b.calibereurope.com\/#organization\",\"name\":\"Caliber Europe B.V.\",\"url\":\"https:\/\/b2b.calibereurope.com\/\",\"logo\":{\"@type\":\"ImageObject\",\"inLanguage\":\"de\",\"@id\":\"https:\/\/b2b.calibereurope.com\/#\/schema\/logo\/image\/\",\"url\":\"https:\/\/b2b.calibereurope.com\/wp-content\/uploads\/2020\/12\/Caliber_Logo-Black.png\",\"contentUrl\":\"https:\/\/b2b.calibereurope.com\/wp-content\/uploads\/2020\/12\/Caliber_Logo-Black.png\",\"width\":3157,\"height\":356,\"caption\":\"Caliber Europe B.V.\"},\"image\":{\"@id\":\"https:\/\/b2b.calibereurope.com\/#\/schema\/logo\/image\/\"}}]}<\/script>\n<!-- \/ Yoast SEO plugin. -->","yoast_head_json":{"title":"Lautsprecher f\u00fcr Aufputzmontage - 2-Wege 45 Watt (CSB3-1) - Caliber Europe B.V.","robots":{"index":"noindex","follow":"follow","max-snippet":"max-snippet:-1","max-image-preview":"max-image-preview:large","max-video-preview":"max-video-preview:-1"},"og_locale":"de_DE","og_type":"article","og_title":"Lautsprecher f\u00fcr Aufputzmontage - 2-Wege 45 Watt (CSB3-1) - Caliber Europe B.V.","og_description":"Das Caliber CSB 3-1 ist ein Lautsprecherset, das Sie \u00fcberall dort montieren k\u00f6nnen, wo Sie wollen. Dank der Montagehalterungen k\u00f6nnen Sie die Lautsprecher leicht an Orten wie der Hutablage in Ihrem Auto, auf Ihrem Boot oder in Ihrem Gartenhaus montieren. Die Lautsprecher bleiben mit ein paar kleinen Schrauben an ihrem Platz, so dass Sie keine [&hellip;]","og_url":"https:\/\/b2b.calibereurope.com\/de\/produkt\/csb3-1-de_de\/","og_site_name":"Caliber Europe B.V.","article_modified_time":"2025-06-24T09:23:45+00:00","og_image":[{"width":1024,"height":768,"url":"https:\/\/b2b.calibereurope.com\/wp-content\/uploads\/2021\/09\/408e1887c20b9b1eb1d6ed82f8feced5a02565df_CSB3_1_Kijkzeshinen.jpg","type":"image\/jpeg"}],"twitter_card":"summary_large_image","twitter_misc":{"Gesch\u00e4tzte Lesezeit":"1\u00a0Minute"},"schema":{"@context":"https:\/\/schema.org","@graph":[{"@type":"WebPage","@id":"https:\/\/b2b.calibereurope.com\/de\/produkt\/csb3-1-de_de\/","url":"https:\/\/b2b.calibereurope.com\/de\/produkt\/csb3-1-de_de\/","name":"Lautsprecher f\u00fcr Aufputzmontage - 2-Wege 45 Watt (CSB3-1) - Caliber Europe B.V.","isPartOf":{"@id":"https:\/\/b2b.calibereurope.com\/#website"},"primaryImageOfPage":{"@id":"https:\/\/b2b.calibereurope.com\/de\/produkt\/csb3-1-de_de\/#primaryimage"},"image":{"@id":"https:\/\/b2b.calibereurope.com\/de\/produkt\/csb3-1-de_de\/#primaryimage"},"thumbnailUrl":"https:\/\/b2b.calibereurope.com\/wp-content\/uploads\/2024\/12\/408e1887c20b9b1eb1d6ed82f8feced5a02565df_CSB3_1_Kijkzeshinen.jpg","datePublished":"2024-12-05T00:00:00+00:00","dateModified":"2025-06-24T09:23:45+00:00","breadcrumb":{"@id":"https:\/\/b2b.calibereurope.com\/de\/produkt\/csb3-1-de_de\/#breadcrumb"},"inLanguage":"de","potentialAction":[{"@type":"ReadAction","target":["https:\/\/b2b.calibereurope.com\/de\/produkt\/csb3-1-de_de\/"]}]},{"@type":"ImageObject","inLanguage":"de","@id":"https:\/\/b2b.calibereurope.com\/de\/produkt\/csb3-1-de_de\/#primaryimage","url":"https:\/\/b2b.calibereurope.com\/wp-content\/uploads\/2024\/12\/408e1887c20b9b1eb1d6ed82f8feced5a02565df_CSB3_1_Kijkzeshinen.jpg","contentUrl":"https:\/\/b2b.calibereurope.com\/wp-content\/uploads\/2024\/12\/408e1887c20b9b1eb1d6ed82f8feced5a02565df_CSB3_1_Kijkzeshinen.jpg","width":1024,"height":768},{"@type":"BreadcrumbList","@id":"https:\/\/b2b.calibereurope.com\/de\/produkt\/csb3-1-de_de\/#breadcrumb","itemListElement":[{"@type":"ListItem","position":1,"name":"Home","item":"https:\/\/b2b.calibereurope.com\/de\/"},{"@type":"ListItem","position":2,"name":"Shop","item":"https:\/\/b2b.calibereurope.com\/de\/shop\/"},{"@type":"ListItem","position":3,"name":"Lautsprecher f\u00fcr Aufputzmontage &#8211; 2-Wege 45 Watt (CSB3-1)"}]},{"@type":"WebSite","@id":"https:\/\/b2b.calibereurope.com\/#website","url":"https:\/\/b2b.calibereurope.com\/","name":"Caliber Europe B.V.","description":"B2B Webshop","publisher":{"@id":"https:\/\/b2b.calibereurope.com\/#organization"},"potentialAction":[{"@type":"SearchAction","target":{"@type":"EntryPoint","urlTemplate":"https:\/\/b2b.calibereurope.com\/?s={search_term_string}"},"query-input":{"@type":"PropertyValueSpecification","valueRequired":true,"valueName":"search_term_string"}}],"inLanguage":"de"},{"@type":"Organization","@id":"https:\/\/b2b.calibereurope.com\/#organization","name":"Caliber Europe B.V.","url":"https:\/\/b2b.calibereurope.com\/","logo":{"@type":"ImageObject","inLanguage":"de","@id":"https:\/\/b2b.calibereurope.com\/#\/schema\/logo\/image\/","url":"https:\/\/b2b.calibereurope.com\/wp-content\/uploads\/2020\/12\/Caliber_Logo-Black.png","contentUrl":"https:\/\/b2b.calibereurope.com\/wp-content\/uploads\/2020\/12\/Caliber_Logo-Black.png","width":3157,"height":356,"caption":"Caliber Europe B.V."},"image":{"@id":"https:\/\/b2b.calibereurope.com\/#\/schema\/logo\/image\/"}}]}},"_links":{"self":[{"href":"https:\/\/b2b.calibereurope.com\/de\/wp-json\/wp\/v2\/product\/518497","targetHints":{"allow":["GET"]}}],"collection":[{"href":"https:\/\/b2b.calibereurope.com\/de\/wp-json\/wp\/v2\/product"}],"about":[{"href":"https:\/\/b2b.calibereurope.com\/de\/wp-json\/wp\/v2\/types\/product"}],"version-history":[{"count":0,"href":"https:\/\/b2b.calibereurope.com\/de\/wp-json\/wp\/v2\/product\/518497\/revisions"}],"wp:featuredmedia":[{"embeddable":true,"href":"https:\/\/b2b.calibereurope.com\/de\/wp-json\/wp\/v2\/media\/853521"}],"wp:attachment":[{"href":"https:\/\/b2b.calibereurope.com\/de\/wp-json\/wp\/v2\/media?parent=518497"}],"wp:term":[{"taxonomy":"product_brand","embeddable":true,"href":"https:\/\/b2b.calibereurope.com\/de\/wp-json\/wp\/v2\/product_brand?post=518497"},{"taxonomy":"product_cat","embeddable":true,"href":"https:\/\/b2b.calibereurope.com\/de\/wp-json\/wp\/v2\/product_cat?post=518497"},{"taxonomy":"product_tag","embeddable":true,"href":"https:\/\/b2b.calibereurope.com\/de\/wp-json\/wp\/v2\/product_tag?post=518497"}],"curies":[{"name":"wp","href":"https:\/\/api.w.org\/{rel}","templated":true}]}}