{"id":518581,"date":"2025-02-10T01:00:00","date_gmt":"2025-02-10T00:00:00","guid":{"rendered":""},"modified":"2025-02-10T14:24:40","modified_gmt":"2025-02-10T13:24:40","slug":"RMD033DAB-BT-de_DE","status":"publish","type":"product","link":"https:\/\/b2b.calibereurope.com\/de\/produkt\/RMD033DAB-BT-de_DE\/","title":{"rendered":"DAB+ Autoradio mit Bluetooth &#8211; FM, USB, SD und AUX &#8211; 1 DIN &#8211; 4 x 55W &#8211; flacher Einbau (RMD033DAB-BT)"},"content":{"rendered":"<p>Dieses Caliber RMD033DAB-BT DAB+ Autoradio mit Bluetooth\u00ae hat alles, was Sie f\u00fcr sch\u00f6ne Autoreisen brauchen. Alleine im Auto? Verabreden Sie sich mit einem Freund oder Kollegen, indem Sie Ihr Telefon \u00fcber <strong>Bluetooth\u00ae <\/strong>verbinden und <strong>freih\u00e4ndig telefonieren<\/strong>. Gemeinsam zu Hits singen? W\u00e4hlen Sie Ihren bevorzugten <strong>DAB+ oder FM-Radiosender <\/strong>und lassen Sie Ihre Stimmb\u00e4nder ihr Bestes geben. Mit der <strong>Fernbedienung <\/strong>kann jeder Beifahrer das <strong>1 DIN Autoradio <\/strong>bedienen. Die <strong>USB-, AUX- und SD-Anschl\u00fcsse <\/strong>bieten zus\u00e4tzliche M\u00f6glichkeiten, um unterwegs Ihre Lieblingsmusik zu h\u00f6ren.<\/p>\n<p><\/p>\n<p><strong>Merkmale:<\/strong><\/p>\n<ul>\n<li>Bluetooth\u00ae Technologie<\/li>\n<li>DAB+ und FM-Tuner<\/li>\n<li>Speichern von 18 DAB- und 18 FM-Speicherpl\u00e4tzen<\/li>\n<li>AUX-, USB- und SD-Wiedergabem\u00f6glichkeit<\/li>\n<li>Freisprecheinrichtung mit Mikrofon<\/li>\n<li>1 DIN-Format<\/li>\n<li>Extrem flach: 35 mm<\/li>\n<li>Versenkter ISO-Anschluss<\/li>\n<li>4 x 55 Watt maximale Leistung<\/li>\n<li>MP3-Wiedergabe<\/li>\n<li>RCA-Ausgang<\/li>\n<\/ul>\n<h3>Immer gut gelaunt auf der Stra\u00dfe<\/h3>\n<p>Dieses DAB+ Autoradio mit Bluetooth\u00ae verf\u00fcgt auch \u00fcber mehrere physische Anschl\u00fcsse, wie einen USB-, SD- und AUX-Eingang. Bei so viel Auswahl haben Sie die Hits, auf die Sie Lust haben, immer zur Hand. Von der Radiosendung bis zum Podcast oder der Wiedergabeliste: mit diesem vielseitigen Autoradio k\u00f6nnen Sie sich alles anh\u00f6ren. So wird eine Autofahrt nie wieder lange dauern und Sie werden immer voll aufgeladen an Ihrem Ziel ankommen.<\/p>\n<h3>Nutzen Sie die Vorteile von Bluetooth<\/h3>\n<p>Dank der Bluetooth\u00ae-Technologie dieses Autoradios k\u00f6nnen Sie Ihr Smartphone ganz einfach anschlie\u00dfen. Auf diese Weise sind Sie immer mit Ihrer Lieblingsmusik verbunden. Au\u00dferdem k\u00f6nnen Sie das Bluetooth\u00ae Autoradio dank des eingebauten Mikrofons als Car Kit verwenden. Die Bluetooth\u00ae-Verbindung sorgt daf\u00fcr, dass Sie nie wieder einen Anruf verpassen. Telefonieren Sie endlos freih\u00e4ndig, damit Sie sicher unterwegs sind!<\/p>\n<h3>Entdecken Sie DAB+<\/h3>\n<p>Dank der DAB+ Antenne dieses 1 DIN Autoradios k\u00f6nnen Sie sowohl UKW- als auch DAB+-Radio h\u00f6ren. Wenn Sie DAB+ bisher noch nicht genutzt haben, werden Sie feststellen, dass Sie nicht nur mehr Sender empfangen k\u00f6nnen, sondern dass auch die Klangqualit\u00e4t viel besser ist. Zum Beispiel werden Sie nicht durch L\u00e4rm bel\u00e4stigt. Legen Sie bis zu 18 DAB+- und 18 UKW-Sender als Voreinstellungen fest und Sie k\u00f6nnen sie immer im Handumdrehen abrufen.<\/p>\n<p><strong><br \/>&nbsp;Mitgeliefert:<\/strong><\/p>\n<ul>\n<li>Caliber DAB+ Autoradio mit Bluetooth<\/li>\n<li>Fernbedienung<\/li>\n<li>DAB+ Antenne<\/li>\n<\/ul>\n","protected":false},"excerpt":{"rendered":"<p>Dieses Caliber RMD033DAB-BT DAB+ Autoradio mit Bluetooth\u00ae hat alles, was Sie f\u00fcr sch\u00f6ne Autoreisen brauchen. Alleine im Auto? Verabreden Sie sich mit einem Freund oder Kollegen, indem Sie Ihr Telefon \u00fcber Bluetooth\u00ae verbinden und freih\u00e4ndig telefonieren. Gemeinsam zu Hits singen? W\u00e4hlen Sie Ihren bevorzugten DAB+ oder FM-Radiosender und lassen Sie Ihre Stimmb\u00e4nder ihr Bestes geben. [&hellip;]<\/p>\n","protected":false},"featured_media":856000,"template":"","meta":{"_acf_changed":false,"site-sidebar-layout":"default","site-content-layout":"","ast-site-content-layout":"default","site-content-style":"default","site-sidebar-style":"default","ast-global-header-display":"","ast-banner-title-visibility":"","ast-main-header-display":"","ast-hfb-above-header-display":"","ast-hfb-below-header-display":"","ast-hfb-mobile-header-display":"","site-post-title":"","ast-breadcrumbs-content":"","ast-featured-img":"","footer-sml-layout":"","theme-transparent-header-meta":"","adv-header-id-meta":"","stick-header-meta":"","header-above-stick-meta":"","header-main-stick-meta":"","header-below-stick-meta":"","astra-migrate-meta-layouts":"default","ast-page-background-enabled":"default","ast-page-background-meta":{"desktop":{"background-color":"","background-image":"","background-repeat":"repeat","background-position":"center center","background-size":"auto","background-attachment":"scroll","background-type":"","background-media":"","overlay-type":"","overlay-color":"","overlay-opacity":"","overlay-gradient":""},"tablet":{"background-color":"","background-image":"","background-repeat":"repeat","background-position":"center center","background-size":"auto","background-attachment":"scroll","background-type":"","background-media":"","overlay-type":"","overlay-color":"","overlay-opacity":"","overlay-gradient":""},"mobile":{"background-color":"","background-image":"","background-repeat":"repeat","background-position":"center center","background-size":"auto","background-attachment":"scroll","background-type":"","background-media":"","overlay-type":"","overlay-color":"","overlay-opacity":"","overlay-gradient":""}},"ast-content-background-meta":{"desktop":{"background-color":"var(--ast-global-color-5)","background-image":"","background-repeat":"repeat","background-position":"center center","background-size":"auto","background-attachment":"scroll","background-type":"","background-media":"","overlay-type":"","overlay-color":"","overlay-opacity":"","overlay-gradient":""},"tablet":{"background-color":"var(--ast-global-color-5)","background-image":"","background-repeat":"repeat","background-position":"center center","background-size":"auto","background-attachment":"scroll","background-type":"","background-media":"","overlay-type":"","overlay-color":"","overlay-opacity":"","overlay-gradient":""},"mobile":{"background-color":"var(--ast-global-color-5)","background-image":"","background-repeat":"repeat","background-position":"center center","background-size":"auto","background-attachment":"scroll","background-type":"","background-media":"","overlay-type":"","overlay-color":"","overlay-opacity":"","overlay-gradient":""}}},"product_brand":[],"product_cat":[22956],"product_tag":[],"class_list":{"0":"post-518581","1":"product","2":"type-product","3":"status-publish","4":"has-post-thumbnail","6":"product_cat-keine-kategorie","7":"desktop-align-center","8":"tablet-align-center","9":"mobile-align-center","10":"ast-product-gallery-layout-horizontal","11":"ast-product-tabs-layout-horizontal","13":"first","14":"outofstock","15":"taxable","16":"shipping-taxable","17":"purchasable","18":"product-type-simple"},"acf":[],"yoast_head":"<!-- This site is optimized with the Yoast SEO plugin v26.5 - https:\/\/yoast.com\/wordpress\/plugins\/seo\/ -->\n<title>DAB+ Autoradio mit Bluetooth - FM, USB, SD und AUX - 1 DIN - 4 x 55W - flacher Einbau (RMD033DAB-BT) - Caliber Europe B.V.<\/title>\n<meta name=\"robots\" content=\"noindex, follow, max-snippet:-1, max-image-preview:large, max-video-preview:-1\" \/>\n<meta property=\"og:locale\" content=\"de_DE\" \/>\n<meta property=\"og:type\" content=\"article\" \/>\n<meta property=\"og:title\" content=\"DAB+ Autoradio mit Bluetooth - FM, USB, SD und AUX - 1 DIN - 4 x 55W - flacher Einbau (RMD033DAB-BT) - Caliber Europe B.V.\" \/>\n<meta property=\"og:description\" content=\"Dieses Caliber RMD033DAB-BT DAB+ Autoradio mit Bluetooth\u00ae hat alles, was Sie f\u00fcr sch\u00f6ne Autoreisen brauchen. Alleine im Auto? Verabreden Sie sich mit einem Freund oder Kollegen, indem Sie Ihr Telefon \u00fcber Bluetooth\u00ae verbinden und freih\u00e4ndig telefonieren. Gemeinsam zu Hits singen? W\u00e4hlen Sie Ihren bevorzugten DAB+ oder FM-Radiosender und lassen Sie Ihre Stimmb\u00e4nder ihr Bestes geben. [&hellip;]\" \/>\n<meta property=\"og:url\" content=\"https:\/\/b2b.calibereurope.com\/de\/produkt\/rmd033dab-bt-de_de\/\" \/>\n<meta property=\"og:site_name\" content=\"Caliber Europe B.V.\" \/>\n<meta property=\"article:modified_time\" content=\"2025-02-10T13:24:40+00:00\" \/>\n<meta property=\"og:image\" content=\"http:\/\/b2b.calibereurope.com\/wp-content\/uploads\/2023\/02\/21a433de454520fbcfc1ca81e730fb1bd0ee87b3_RMD033DAB_BT_web.jpg\" \/>\n\t<meta property=\"og:image:width\" content=\"1024\" \/>\n\t<meta property=\"og:image:height\" content=\"768\" \/>\n\t<meta property=\"og:image:type\" content=\"image\/jpeg\" \/>\n<meta name=\"twitter:card\" content=\"summary_large_image\" \/>\n<meta name=\"twitter:label1\" content=\"Gesch\u00e4tzte Lesezeit\" \/>\n\t<meta name=\"twitter:data1\" content=\"2\u00a0Minuten\" \/>\n<script type=\"application\/ld+json\" class=\"yoast-schema-graph\">{\"@context\":\"https:\/\/schema.org\",\"@graph\":[{\"@type\":\"WebPage\",\"@id\":\"https:\/\/b2b.calibereurope.com\/de\/produkt\/rmd033dab-bt-de_de\/\",\"url\":\"https:\/\/b2b.calibereurope.com\/de\/produkt\/rmd033dab-bt-de_de\/\",\"name\":\"DAB+ Autoradio mit Bluetooth - FM, USB, SD und AUX - 1 DIN - 4 x 55W - flacher Einbau (RMD033DAB-BT) - Caliber Europe B.V.\",\"isPartOf\":{\"@id\":\"https:\/\/b2b.calibereurope.com\/#website\"},\"primaryImageOfPage\":{\"@id\":\"https:\/\/b2b.calibereurope.com\/de\/produkt\/rmd033dab-bt-de_de\/#primaryimage\"},\"image\":{\"@id\":\"https:\/\/b2b.calibereurope.com\/de\/produkt\/rmd033dab-bt-de_de\/#primaryimage\"},\"thumbnailUrl\":\"https:\/\/b2b.calibereurope.com\/wp-content\/uploads\/2025\/02\/21a433de454520fbcfc1ca81e730fb1bd0ee87b3_RMD033DAB_BT_web.jpg\",\"datePublished\":\"2025-02-10T00:00:00+00:00\",\"dateModified\":\"2025-02-10T13:24:40+00:00\",\"breadcrumb\":{\"@id\":\"https:\/\/b2b.calibereurope.com\/de\/produkt\/rmd033dab-bt-de_de\/#breadcrumb\"},\"inLanguage\":\"de\",\"potentialAction\":[{\"@type\":\"ReadAction\",\"target\":[\"https:\/\/b2b.calibereurope.com\/de\/produkt\/rmd033dab-bt-de_de\/\"]}]},{\"@type\":\"ImageObject\",\"inLanguage\":\"de\",\"@id\":\"https:\/\/b2b.calibereurope.com\/de\/produkt\/rmd033dab-bt-de_de\/#primaryimage\",\"url\":\"https:\/\/b2b.calibereurope.com\/wp-content\/uploads\/2025\/02\/21a433de454520fbcfc1ca81e730fb1bd0ee87b3_RMD033DAB_BT_web.jpg\",\"contentUrl\":\"https:\/\/b2b.calibereurope.com\/wp-content\/uploads\/2025\/02\/21a433de454520fbcfc1ca81e730fb1bd0ee87b3_RMD033DAB_BT_web.jpg\",\"width\":1024,\"height\":768},{\"@type\":\"BreadcrumbList\",\"@id\":\"https:\/\/b2b.calibereurope.com\/de\/produkt\/rmd033dab-bt-de_de\/#breadcrumb\",\"itemListElement\":[{\"@type\":\"ListItem\",\"position\":1,\"name\":\"Home\",\"item\":\"https:\/\/b2b.calibereurope.com\/de\/\"},{\"@type\":\"ListItem\",\"position\":2,\"name\":\"Shop\",\"item\":\"https:\/\/b2b.calibereurope.com\/de\/shop\/\"},{\"@type\":\"ListItem\",\"position\":3,\"name\":\"DAB+ Autoradio mit Bluetooth &#8211; FM, USB, SD und AUX &#8211; 1 DIN &#8211; 4 x 55W &#8211; flacher Einbau (RMD033DAB-BT)\"}]},{\"@type\":\"WebSite\",\"@id\":\"https:\/\/b2b.calibereurope.com\/#website\",\"url\":\"https:\/\/b2b.calibereurope.com\/\",\"name\":\"Caliber Europe B.V.\",\"description\":\"B2B Webshop\",\"publisher\":{\"@id\":\"https:\/\/b2b.calibereurope.com\/#organization\"},\"potentialAction\":[{\"@type\":\"SearchAction\",\"target\":{\"@type\":\"EntryPoint\",\"urlTemplate\":\"https:\/\/b2b.calibereurope.com\/?s={search_term_string}\"},\"query-input\":{\"@type\":\"PropertyValueSpecification\",\"valueRequired\":true,\"valueName\":\"search_term_string\"}}],\"inLanguage\":\"de\"},{\"@type\":\"Organization\",\"@id\":\"https:\/\/b2b.calibereurope.com\/#organization\",\"name\":\"Caliber Europe B.V.\",\"url\":\"https:\/\/b2b.calibereurope.com\/\",\"logo\":{\"@type\":\"ImageObject\",\"inLanguage\":\"de\",\"@id\":\"https:\/\/b2b.calibereurope.com\/#\/schema\/logo\/image\/\",\"url\":\"https:\/\/b2b.calibereurope.com\/wp-content\/uploads\/2020\/12\/Caliber_Logo-Black.png\",\"contentUrl\":\"https:\/\/b2b.calibereurope.com\/wp-content\/uploads\/2020\/12\/Caliber_Logo-Black.png\",\"width\":3157,\"height\":356,\"caption\":\"Caliber Europe B.V.\"},\"image\":{\"@id\":\"https:\/\/b2b.calibereurope.com\/#\/schema\/logo\/image\/\"}}]}<\/script>\n<!-- \/ Yoast SEO plugin. -->","yoast_head_json":{"title":"DAB+ Autoradio mit Bluetooth - FM, USB, SD und AUX - 1 DIN - 4 x 55W - flacher Einbau (RMD033DAB-BT) - Caliber Europe B.V.","robots":{"index":"noindex","follow":"follow","max-snippet":"max-snippet:-1","max-image-preview":"max-image-preview:large","max-video-preview":"max-video-preview:-1"},"og_locale":"de_DE","og_type":"article","og_title":"DAB+ Autoradio mit Bluetooth - FM, USB, SD und AUX - 1 DIN - 4 x 55W - flacher Einbau (RMD033DAB-BT) - Caliber Europe B.V.","og_description":"Dieses Caliber RMD033DAB-BT DAB+ Autoradio mit Bluetooth\u00ae hat alles, was Sie f\u00fcr sch\u00f6ne Autoreisen brauchen. Alleine im Auto? Verabreden Sie sich mit einem Freund oder Kollegen, indem Sie Ihr Telefon \u00fcber Bluetooth\u00ae verbinden und freih\u00e4ndig telefonieren. Gemeinsam zu Hits singen? W\u00e4hlen Sie Ihren bevorzugten DAB+ oder FM-Radiosender und lassen Sie Ihre Stimmb\u00e4nder ihr Bestes geben. [&hellip;]","og_url":"https:\/\/b2b.calibereurope.com\/de\/produkt\/rmd033dab-bt-de_de\/","og_site_name":"Caliber Europe B.V.","article_modified_time":"2025-02-10T13:24:40+00:00","og_image":[{"width":1024,"height":768,"url":"http:\/\/b2b.calibereurope.com\/wp-content\/uploads\/2023\/02\/21a433de454520fbcfc1ca81e730fb1bd0ee87b3_RMD033DAB_BT_web.jpg","type":"image\/jpeg"}],"twitter_card":"summary_large_image","twitter_misc":{"Gesch\u00e4tzte Lesezeit":"2\u00a0Minuten"},"schema":{"@context":"https:\/\/schema.org","@graph":[{"@type":"WebPage","@id":"https:\/\/b2b.calibereurope.com\/de\/produkt\/rmd033dab-bt-de_de\/","url":"https:\/\/b2b.calibereurope.com\/de\/produkt\/rmd033dab-bt-de_de\/","name":"DAB+ Autoradio mit Bluetooth - FM, USB, SD und AUX - 1 DIN - 4 x 55W - flacher Einbau (RMD033DAB-BT) - Caliber Europe B.V.","isPartOf":{"@id":"https:\/\/b2b.calibereurope.com\/#website"},"primaryImageOfPage":{"@id":"https:\/\/b2b.calibereurope.com\/de\/produkt\/rmd033dab-bt-de_de\/#primaryimage"},"image":{"@id":"https:\/\/b2b.calibereurope.com\/de\/produkt\/rmd033dab-bt-de_de\/#primaryimage"},"thumbnailUrl":"https:\/\/b2b.calibereurope.com\/wp-content\/uploads\/2025\/02\/21a433de454520fbcfc1ca81e730fb1bd0ee87b3_RMD033DAB_BT_web.jpg","datePublished":"2025-02-10T00:00:00+00:00","dateModified":"2025-02-10T13:24:40+00:00","breadcrumb":{"@id":"https:\/\/b2b.calibereurope.com\/de\/produkt\/rmd033dab-bt-de_de\/#breadcrumb"},"inLanguage":"de","potentialAction":[{"@type":"ReadAction","target":["https:\/\/b2b.calibereurope.com\/de\/produkt\/rmd033dab-bt-de_de\/"]}]},{"@type":"ImageObject","inLanguage":"de","@id":"https:\/\/b2b.calibereurope.com\/de\/produkt\/rmd033dab-bt-de_de\/#primaryimage","url":"https:\/\/b2b.calibereurope.com\/wp-content\/uploads\/2025\/02\/21a433de454520fbcfc1ca81e730fb1bd0ee87b3_RMD033DAB_BT_web.jpg","contentUrl":"https:\/\/b2b.calibereurope.com\/wp-content\/uploads\/2025\/02\/21a433de454520fbcfc1ca81e730fb1bd0ee87b3_RMD033DAB_BT_web.jpg","width":1024,"height":768},{"@type":"BreadcrumbList","@id":"https:\/\/b2b.calibereurope.com\/de\/produkt\/rmd033dab-bt-de_de\/#breadcrumb","itemListElement":[{"@type":"ListItem","position":1,"name":"Home","item":"https:\/\/b2b.calibereurope.com\/de\/"},{"@type":"ListItem","position":2,"name":"Shop","item":"https:\/\/b2b.calibereurope.com\/de\/shop\/"},{"@type":"ListItem","position":3,"name":"DAB+ Autoradio mit Bluetooth &#8211; FM, USB, SD und AUX &#8211; 1 DIN &#8211; 4 x 55W &#8211; flacher Einbau (RMD033DAB-BT)"}]},{"@type":"WebSite","@id":"https:\/\/b2b.calibereurope.com\/#website","url":"https:\/\/b2b.calibereurope.com\/","name":"Caliber Europe B.V.","description":"B2B Webshop","publisher":{"@id":"https:\/\/b2b.calibereurope.com\/#organization"},"potentialAction":[{"@type":"SearchAction","target":{"@type":"EntryPoint","urlTemplate":"https:\/\/b2b.calibereurope.com\/?s={search_term_string}"},"query-input":{"@type":"PropertyValueSpecification","valueRequired":true,"valueName":"search_term_string"}}],"inLanguage":"de"},{"@type":"Organization","@id":"https:\/\/b2b.calibereurope.com\/#organization","name":"Caliber Europe B.V.","url":"https:\/\/b2b.calibereurope.com\/","logo":{"@type":"ImageObject","inLanguage":"de","@id":"https:\/\/b2b.calibereurope.com\/#\/schema\/logo\/image\/","url":"https:\/\/b2b.calibereurope.com\/wp-content\/uploads\/2020\/12\/Caliber_Logo-Black.png","contentUrl":"https:\/\/b2b.calibereurope.com\/wp-content\/uploads\/2020\/12\/Caliber_Logo-Black.png","width":3157,"height":356,"caption":"Caliber Europe B.V."},"image":{"@id":"https:\/\/b2b.calibereurope.com\/#\/schema\/logo\/image\/"}}]}},"_links":{"self":[{"href":"https:\/\/b2b.calibereurope.com\/de\/wp-json\/wp\/v2\/product\/518581","targetHints":{"allow":["GET"]}}],"collection":[{"href":"https:\/\/b2b.calibereurope.com\/de\/wp-json\/wp\/v2\/product"}],"about":[{"href":"https:\/\/b2b.calibereurope.com\/de\/wp-json\/wp\/v2\/types\/product"}],"version-history":[{"count":1,"href":"https:\/\/b2b.calibereurope.com\/de\/wp-json\/wp\/v2\/product\/518581\/revisions"}],"predecessor-version":[{"id":845518,"href":"https:\/\/b2b.calibereurope.com\/de\/wp-json\/wp\/v2\/product\/518581\/revisions\/845518"}],"wp:featuredmedia":[{"embeddable":true,"href":"https:\/\/b2b.calibereurope.com\/de\/wp-json\/wp\/v2\/media\/856000"}],"wp:attachment":[{"href":"https:\/\/b2b.calibereurope.com\/de\/wp-json\/wp\/v2\/media?parent=518581"}],"wp:term":[{"taxonomy":"product_brand","embeddable":true,"href":"https:\/\/b2b.calibereurope.com\/de\/wp-json\/wp\/v2\/product_brand?post=518581"},{"taxonomy":"product_cat","embeddable":true,"href":"https:\/\/b2b.calibereurope.com\/de\/wp-json\/wp\/v2\/product_cat?post=518581"},{"taxonomy":"product_tag","embeddable":true,"href":"https:\/\/b2b.calibereurope.com\/de\/wp-json\/wp\/v2\/product_tag?post=518581"}],"curies":[{"name":"wp","href":"https:\/\/api.w.org\/{rel}","templated":true}]}}