{"id":518681,"date":"2024-06-19T02:00:00","date_gmt":"2024-06-19T00:00:00","guid":{"rendered":""},"modified":"2024-06-19T12:40:03","modified_gmt":"2024-06-19T10:40:03","slug":"RMD034DAB-BT-de_DE","status":"publish","type":"product","link":"https:\/\/b2b.calibereurope.com\/de\/produkt\/RMD034DAB-BT-de_DE\/","title":{"rendered":"Autoradio mit Bluetooth, USB, DAB+ und UKW-Radio &#8211; 1 DIN &#8211; 4 x 55W Leistung &#8211; inklusive Mikrofon (RMD034DAB-BT)"},"content":{"rendered":"<p>Genie\u00dfen Sie ein optimales Musikerlebnis mit dem Caliber RMD034DAB-BT Autoradio mit Bluetooth. Dies ist ein Autoradio mit <strong>USB und Bluetooth\u00ae, <\/strong>mit dem Sie Musik auf verschiedene Arten abspielen k\u00f6nnen. Das Autoradio DAB+ bietet eine <strong>bessere Klangqualit\u00e4t <\/strong>mit mehr Definition und <strong>weniger Rauschen. <\/strong>Sie k\u00f6nnen bis zu <strong>18 DAB+ und FM-Sender <\/strong>speichern. Au\u00dferdem gibt es Eing\u00e4nge f\u00fcr USB, AUX und eine SD-Karte zur Wiedergabe Ihrer eigenen Musik. Dieses 1 DIN Autoradio wird sowohl mit einem <strong>USB-Stick als auch mit einer eigenen Fernbedienung geliefert.<\/strong><\/p>\n<p><strong><br \/><\/strong><\/p>\n<\/p>\n<p><strong>Merkmale:<\/strong><\/p>\n<ul>\n<li>1 DIN-Format<\/li>\n<li>DAB+ und FM-Tuner<\/li>\n<li>Bluetooth\u00ae, AUX, USB und SD<\/li>\n<li>Freisprechen \u00fcber das integrierte Mikrofon<\/li>\n<li>Inklusive Fernbedienung<\/li>\n<li>Mehrere B\u00e4nder f\u00fcr Voreinstellungen<\/li>\n<li>Vertiefte Tiefe 35 mm<\/li>\n<li>4 x 55 Watt maximale Leistung<\/li>\n<li>MP3-Wiedergabe<\/li>\n<li>18 voreingestellte DAB+ und FM Sender<\/li>\n<\/ul>\n<h3>Bessere Klangqualit\u00e4t mit DAB+<\/h3>\n<p>Ein Autoradio mit DAB+ bietet eine bessere Klangqualit\u00e4t als \u00e4ltere UKW-Radios. DAB+ Autoradios haben ein besseres Empfangssignal. Infolgedessen gibt es weniger Ger\u00e4usche und Sie k\u00f6nnen einen hervorragenden Klang genie\u00dfen. So k\u00f6nnen Sie Ihre Lieblingsmusik bei jeder Fahrt noch mehr genie\u00dfen!<\/p>\n<h3>Spielen Sie Musik so ab, wie Sie m\u00f6chten<\/h3>\n<p>Neben DAB+ bietet dieses Radio mehrere Wiedergabeoptionen. Sie k\u00f6nnen Ihr Telefon zum Beispiel drahtlos \u00fcber Bluetooth\u00ae oder \u00fcber eine direkte Verkabelung mit einem AUX-Kabel verbinden. Sie k\u00f6nnen auch einen USB-Stick oder eine SD-Karte verwenden. So k\u00f6nnen Sie ganz einfach Ihre eigene Lieblingswiedergabeliste abspielen. Das Autoradio wird mit einer Fernbedienung geliefert und \u00fcber das interne Mikrofon und die Lautsprecher Ihres Autos k\u00f6nnen Sie sogar freih\u00e4ndig telefonieren.<\/p>\n<h3>Andere Funktionen<\/h3>\n<p>Auf dem LED-Display dieses 1 DIN Autoradios k\u00f6nnen Sie genau sehen, welcher Song gerade gespielt wird und zu welchem K\u00fcnstler dieser Song geh\u00f6rt. Das Autoradio hat eine maximale Ausgangsleistung von 4 x 55 Watt, was f\u00fcr einen kraftvollen Klang sorgt. Das Autoradio mit Bluetooth\u00ae hat eine Standard-Einbautiefe von 35 Millimetern, wodurch es sich in den meisten Autos leicht einbauen l\u00e4sst.<\/p>\n<p><\/p>\n<p><strong>Mitgeliefert:<\/strong><\/p>\n<ul>\n<li>Caliber RMD034DAB-BT Autoradio<\/li>\n<li>USB-Stick<\/li>\n<li>DAB+ Antenne<\/li>\n<li>Fernbedienung<\/li>\n<\/ul>\n","protected":false},"excerpt":{"rendered":"<p>Genie\u00dfen Sie ein optimales Musikerlebnis mit dem Caliber RMD034DAB-BT Autoradio mit Bluetooth. Dies ist ein Autoradio mit USB und Bluetooth\u00ae, mit dem Sie Musik auf verschiedene Arten abspielen k\u00f6nnen. Das Autoradio DAB+ bietet eine bessere Klangqualit\u00e4t mit mehr Definition und weniger Rauschen. Sie k\u00f6nnen bis zu 18 DAB+ und FM-Sender speichern. Au\u00dferdem gibt es Eing\u00e4nge [&hellip;]<\/p>\n","protected":false},"featured_media":845755,"template":"","meta":{"_acf_changed":false,"site-sidebar-layout":"default","site-content-layout":"","ast-site-content-layout":"default","site-content-style":"default","site-sidebar-style":"default","ast-global-header-display":"","ast-banner-title-visibility":"","ast-main-header-display":"","ast-hfb-above-header-display":"","ast-hfb-below-header-display":"","ast-hfb-mobile-header-display":"","site-post-title":"","ast-breadcrumbs-content":"","ast-featured-img":"","footer-sml-layout":"","theme-transparent-header-meta":"","adv-header-id-meta":"","stick-header-meta":"","header-above-stick-meta":"","header-main-stick-meta":"","header-below-stick-meta":"","astra-migrate-meta-layouts":"default","ast-page-background-enabled":"default","ast-page-background-meta":{"desktop":{"background-color":"","background-image":"","background-repeat":"repeat","background-position":"center center","background-size":"auto","background-attachment":"scroll","background-type":"","background-media":"","overlay-type":"","overlay-color":"","overlay-opacity":"","overlay-gradient":""},"tablet":{"background-color":"","background-image":"","background-repeat":"repeat","background-position":"center center","background-size":"auto","background-attachment":"scroll","background-type":"","background-media":"","overlay-type":"","overlay-color":"","overlay-opacity":"","overlay-gradient":""},"mobile":{"background-color":"","background-image":"","background-repeat":"repeat","background-position":"center center","background-size":"auto","background-attachment":"scroll","background-type":"","background-media":"","overlay-type":"","overlay-color":"","overlay-opacity":"","overlay-gradient":""}},"ast-content-background-meta":{"desktop":{"background-color":"var(--ast-global-color-5)","background-image":"","background-repeat":"repeat","background-position":"center center","background-size":"auto","background-attachment":"scroll","background-type":"","background-media":"","overlay-type":"","overlay-color":"","overlay-opacity":"","overlay-gradient":""},"tablet":{"background-color":"var(--ast-global-color-5)","background-image":"","background-repeat":"repeat","background-position":"center center","background-size":"auto","background-attachment":"scroll","background-type":"","background-media":"","overlay-type":"","overlay-color":"","overlay-opacity":"","overlay-gradient":""},"mobile":{"background-color":"var(--ast-global-color-5)","background-image":"","background-repeat":"repeat","background-position":"center center","background-size":"auto","background-attachment":"scroll","background-type":"","background-media":"","overlay-type":"","overlay-color":"","overlay-opacity":"","overlay-gradient":""}}},"product_brand":[],"product_cat":[22956],"product_tag":[],"class_list":{"0":"post-518681","1":"product","2":"type-product","3":"status-publish","4":"has-post-thumbnail","6":"product_cat-keine-kategorie","7":"desktop-align-center","8":"tablet-align-center","9":"mobile-align-center","10":"ast-product-gallery-layout-horizontal","11":"ast-product-tabs-layout-horizontal","13":"first","14":"instock","15":"taxable","16":"shipping-taxable","17":"purchasable","18":"product-type-simple"},"acf":[],"yoast_head":"<!-- This site is optimized with the Yoast SEO plugin v26.5 - https:\/\/yoast.com\/wordpress\/plugins\/seo\/ -->\n<title>Autoradio mit Bluetooth, USB, DAB+ und UKW-Radio - 1 DIN - 4 x 55W Leistung - inklusive Mikrofon (RMD034DAB-BT) - Caliber Europe B.V.<\/title>\n<meta name=\"robots\" content=\"noindex, follow, max-snippet:-1, max-image-preview:large, max-video-preview:-1\" \/>\n<meta property=\"og:locale\" content=\"de_DE\" \/>\n<meta property=\"og:type\" content=\"article\" \/>\n<meta property=\"og:title\" content=\"Autoradio mit Bluetooth, USB, DAB+ und UKW-Radio - 1 DIN - 4 x 55W Leistung - inklusive Mikrofon (RMD034DAB-BT) - Caliber Europe B.V.\" \/>\n<meta property=\"og:description\" content=\"Genie\u00dfen Sie ein optimales Musikerlebnis mit dem Caliber RMD034DAB-BT Autoradio mit Bluetooth. Dies ist ein Autoradio mit USB und Bluetooth\u00ae, mit dem Sie Musik auf verschiedene Arten abspielen k\u00f6nnen. Das Autoradio DAB+ bietet eine bessere Klangqualit\u00e4t mit mehr Definition und weniger Rauschen. Sie k\u00f6nnen bis zu 18 DAB+ und FM-Sender speichern. Au\u00dferdem gibt es Eing\u00e4nge [&hellip;]\" \/>\n<meta property=\"og:url\" content=\"https:\/\/b2b.calibereurope.com\/de\/produkt\/rmd034dab-bt-de_de\/\" \/>\n<meta property=\"og:site_name\" content=\"Caliber Europe B.V.\" \/>\n<meta property=\"article:modified_time\" content=\"2024-06-19T10:40:03+00:00\" \/>\n<meta property=\"og:image\" content=\"http:\/\/b2b.calibereurope.com\/wp-content\/uploads\/2023\/02\/5e7615df04743d1d8273621f48d747774c65ca70_RMD034DAB_BT_web.jpg\" \/>\n\t<meta property=\"og:image:width\" content=\"1024\" \/>\n\t<meta property=\"og:image:height\" content=\"768\" \/>\n\t<meta property=\"og:image:type\" content=\"image\/jpeg\" \/>\n<meta name=\"twitter:card\" content=\"summary_large_image\" \/>\n<meta name=\"twitter:label1\" content=\"Gesch\u00e4tzte Lesezeit\" \/>\n\t<meta name=\"twitter:data1\" content=\"2\u00a0Minuten\" \/>\n<script type=\"application\/ld+json\" class=\"yoast-schema-graph\">{\"@context\":\"https:\/\/schema.org\",\"@graph\":[{\"@type\":\"WebPage\",\"@id\":\"https:\/\/b2b.calibereurope.com\/de\/produkt\/rmd034dab-bt-de_de\/\",\"url\":\"https:\/\/b2b.calibereurope.com\/de\/produkt\/rmd034dab-bt-de_de\/\",\"name\":\"Autoradio mit Bluetooth, USB, DAB+ und UKW-Radio - 1 DIN - 4 x 55W Leistung - inklusive Mikrofon (RMD034DAB-BT) - Caliber Europe B.V.\",\"isPartOf\":{\"@id\":\"https:\/\/b2b.calibereurope.com\/#website\"},\"primaryImageOfPage\":{\"@id\":\"https:\/\/b2b.calibereurope.com\/de\/produkt\/rmd034dab-bt-de_de\/#primaryimage\"},\"image\":{\"@id\":\"https:\/\/b2b.calibereurope.com\/de\/produkt\/rmd034dab-bt-de_de\/#primaryimage\"},\"thumbnailUrl\":\"https:\/\/b2b.calibereurope.com\/wp-content\/uploads\/2024\/06\/5e7615df04743d1d8273621f48d747774c65ca70_RMD034DAB_BT_web.jpg\",\"datePublished\":\"2024-06-19T00:00:00+00:00\",\"dateModified\":\"2024-06-19T10:40:03+00:00\",\"breadcrumb\":{\"@id\":\"https:\/\/b2b.calibereurope.com\/de\/produkt\/rmd034dab-bt-de_de\/#breadcrumb\"},\"inLanguage\":\"de\",\"potentialAction\":[{\"@type\":\"ReadAction\",\"target\":[\"https:\/\/b2b.calibereurope.com\/de\/produkt\/rmd034dab-bt-de_de\/\"]}]},{\"@type\":\"ImageObject\",\"inLanguage\":\"de\",\"@id\":\"https:\/\/b2b.calibereurope.com\/de\/produkt\/rmd034dab-bt-de_de\/#primaryimage\",\"url\":\"https:\/\/b2b.calibereurope.com\/wp-content\/uploads\/2024\/06\/5e7615df04743d1d8273621f48d747774c65ca70_RMD034DAB_BT_web.jpg\",\"contentUrl\":\"https:\/\/b2b.calibereurope.com\/wp-content\/uploads\/2024\/06\/5e7615df04743d1d8273621f48d747774c65ca70_RMD034DAB_BT_web.jpg\",\"width\":1024,\"height\":768},{\"@type\":\"BreadcrumbList\",\"@id\":\"https:\/\/b2b.calibereurope.com\/de\/produkt\/rmd034dab-bt-de_de\/#breadcrumb\",\"itemListElement\":[{\"@type\":\"ListItem\",\"position\":1,\"name\":\"Home\",\"item\":\"https:\/\/b2b.calibereurope.com\/de\/\"},{\"@type\":\"ListItem\",\"position\":2,\"name\":\"Shop\",\"item\":\"https:\/\/b2b.calibereurope.com\/de\/shop\/\"},{\"@type\":\"ListItem\",\"position\":3,\"name\":\"Autoradio mit Bluetooth, USB, DAB+ und UKW-Radio &#8211; 1 DIN &#8211; 4 x 55W Leistung &#8211; inklusive Mikrofon (RMD034DAB-BT)\"}]},{\"@type\":\"WebSite\",\"@id\":\"https:\/\/b2b.calibereurope.com\/#website\",\"url\":\"https:\/\/b2b.calibereurope.com\/\",\"name\":\"Caliber Europe B.V.\",\"description\":\"B2B Webshop\",\"publisher\":{\"@id\":\"https:\/\/b2b.calibereurope.com\/#organization\"},\"potentialAction\":[{\"@type\":\"SearchAction\",\"target\":{\"@type\":\"EntryPoint\",\"urlTemplate\":\"https:\/\/b2b.calibereurope.com\/?s={search_term_string}\"},\"query-input\":{\"@type\":\"PropertyValueSpecification\",\"valueRequired\":true,\"valueName\":\"search_term_string\"}}],\"inLanguage\":\"de\"},{\"@type\":\"Organization\",\"@id\":\"https:\/\/b2b.calibereurope.com\/#organization\",\"name\":\"Caliber Europe B.V.\",\"url\":\"https:\/\/b2b.calibereurope.com\/\",\"logo\":{\"@type\":\"ImageObject\",\"inLanguage\":\"de\",\"@id\":\"https:\/\/b2b.calibereurope.com\/#\/schema\/logo\/image\/\",\"url\":\"https:\/\/b2b.calibereurope.com\/wp-content\/uploads\/2020\/12\/Caliber_Logo-Black.png\",\"contentUrl\":\"https:\/\/b2b.calibereurope.com\/wp-content\/uploads\/2020\/12\/Caliber_Logo-Black.png\",\"width\":3157,\"height\":356,\"caption\":\"Caliber Europe B.V.\"},\"image\":{\"@id\":\"https:\/\/b2b.calibereurope.com\/#\/schema\/logo\/image\/\"}}]}<\/script>\n<!-- \/ Yoast SEO plugin. -->","yoast_head_json":{"title":"Autoradio mit Bluetooth, USB, DAB+ und UKW-Radio - 1 DIN - 4 x 55W Leistung - inklusive Mikrofon (RMD034DAB-BT) - Caliber Europe B.V.","robots":{"index":"noindex","follow":"follow","max-snippet":"max-snippet:-1","max-image-preview":"max-image-preview:large","max-video-preview":"max-video-preview:-1"},"og_locale":"de_DE","og_type":"article","og_title":"Autoradio mit Bluetooth, USB, DAB+ und UKW-Radio - 1 DIN - 4 x 55W Leistung - inklusive Mikrofon (RMD034DAB-BT) - Caliber Europe B.V.","og_description":"Genie\u00dfen Sie ein optimales Musikerlebnis mit dem Caliber RMD034DAB-BT Autoradio mit Bluetooth. Dies ist ein Autoradio mit USB und Bluetooth\u00ae, mit dem Sie Musik auf verschiedene Arten abspielen k\u00f6nnen. Das Autoradio DAB+ bietet eine bessere Klangqualit\u00e4t mit mehr Definition und weniger Rauschen. Sie k\u00f6nnen bis zu 18 DAB+ und FM-Sender speichern. Au\u00dferdem gibt es Eing\u00e4nge [&hellip;]","og_url":"https:\/\/b2b.calibereurope.com\/de\/produkt\/rmd034dab-bt-de_de\/","og_site_name":"Caliber Europe B.V.","article_modified_time":"2024-06-19T10:40:03+00:00","og_image":[{"width":1024,"height":768,"url":"http:\/\/b2b.calibereurope.com\/wp-content\/uploads\/2023\/02\/5e7615df04743d1d8273621f48d747774c65ca70_RMD034DAB_BT_web.jpg","type":"image\/jpeg"}],"twitter_card":"summary_large_image","twitter_misc":{"Gesch\u00e4tzte Lesezeit":"2\u00a0Minuten"},"schema":{"@context":"https:\/\/schema.org","@graph":[{"@type":"WebPage","@id":"https:\/\/b2b.calibereurope.com\/de\/produkt\/rmd034dab-bt-de_de\/","url":"https:\/\/b2b.calibereurope.com\/de\/produkt\/rmd034dab-bt-de_de\/","name":"Autoradio mit Bluetooth, USB, DAB+ und UKW-Radio - 1 DIN - 4 x 55W Leistung - inklusive Mikrofon (RMD034DAB-BT) - Caliber Europe B.V.","isPartOf":{"@id":"https:\/\/b2b.calibereurope.com\/#website"},"primaryImageOfPage":{"@id":"https:\/\/b2b.calibereurope.com\/de\/produkt\/rmd034dab-bt-de_de\/#primaryimage"},"image":{"@id":"https:\/\/b2b.calibereurope.com\/de\/produkt\/rmd034dab-bt-de_de\/#primaryimage"},"thumbnailUrl":"https:\/\/b2b.calibereurope.com\/wp-content\/uploads\/2024\/06\/5e7615df04743d1d8273621f48d747774c65ca70_RMD034DAB_BT_web.jpg","datePublished":"2024-06-19T00:00:00+00:00","dateModified":"2024-06-19T10:40:03+00:00","breadcrumb":{"@id":"https:\/\/b2b.calibereurope.com\/de\/produkt\/rmd034dab-bt-de_de\/#breadcrumb"},"inLanguage":"de","potentialAction":[{"@type":"ReadAction","target":["https:\/\/b2b.calibereurope.com\/de\/produkt\/rmd034dab-bt-de_de\/"]}]},{"@type":"ImageObject","inLanguage":"de","@id":"https:\/\/b2b.calibereurope.com\/de\/produkt\/rmd034dab-bt-de_de\/#primaryimage","url":"https:\/\/b2b.calibereurope.com\/wp-content\/uploads\/2024\/06\/5e7615df04743d1d8273621f48d747774c65ca70_RMD034DAB_BT_web.jpg","contentUrl":"https:\/\/b2b.calibereurope.com\/wp-content\/uploads\/2024\/06\/5e7615df04743d1d8273621f48d747774c65ca70_RMD034DAB_BT_web.jpg","width":1024,"height":768},{"@type":"BreadcrumbList","@id":"https:\/\/b2b.calibereurope.com\/de\/produkt\/rmd034dab-bt-de_de\/#breadcrumb","itemListElement":[{"@type":"ListItem","position":1,"name":"Home","item":"https:\/\/b2b.calibereurope.com\/de\/"},{"@type":"ListItem","position":2,"name":"Shop","item":"https:\/\/b2b.calibereurope.com\/de\/shop\/"},{"@type":"ListItem","position":3,"name":"Autoradio mit Bluetooth, USB, DAB+ und UKW-Radio &#8211; 1 DIN &#8211; 4 x 55W Leistung &#8211; inklusive Mikrofon (RMD034DAB-BT)"}]},{"@type":"WebSite","@id":"https:\/\/b2b.calibereurope.com\/#website","url":"https:\/\/b2b.calibereurope.com\/","name":"Caliber Europe B.V.","description":"B2B Webshop","publisher":{"@id":"https:\/\/b2b.calibereurope.com\/#organization"},"potentialAction":[{"@type":"SearchAction","target":{"@type":"EntryPoint","urlTemplate":"https:\/\/b2b.calibereurope.com\/?s={search_term_string}"},"query-input":{"@type":"PropertyValueSpecification","valueRequired":true,"valueName":"search_term_string"}}],"inLanguage":"de"},{"@type":"Organization","@id":"https:\/\/b2b.calibereurope.com\/#organization","name":"Caliber Europe B.V.","url":"https:\/\/b2b.calibereurope.com\/","logo":{"@type":"ImageObject","inLanguage":"de","@id":"https:\/\/b2b.calibereurope.com\/#\/schema\/logo\/image\/","url":"https:\/\/b2b.calibereurope.com\/wp-content\/uploads\/2020\/12\/Caliber_Logo-Black.png","contentUrl":"https:\/\/b2b.calibereurope.com\/wp-content\/uploads\/2020\/12\/Caliber_Logo-Black.png","width":3157,"height":356,"caption":"Caliber Europe B.V."},"image":{"@id":"https:\/\/b2b.calibereurope.com\/#\/schema\/logo\/image\/"}}]}},"_links":{"self":[{"href":"https:\/\/b2b.calibereurope.com\/de\/wp-json\/wp\/v2\/product\/518681","targetHints":{"allow":["GET"]}}],"collection":[{"href":"https:\/\/b2b.calibereurope.com\/de\/wp-json\/wp\/v2\/product"}],"about":[{"href":"https:\/\/b2b.calibereurope.com\/de\/wp-json\/wp\/v2\/types\/product"}],"version-history":[{"count":1,"href":"https:\/\/b2b.calibereurope.com\/de\/wp-json\/wp\/v2\/product\/518681\/revisions"}],"predecessor-version":[{"id":845521,"href":"https:\/\/b2b.calibereurope.com\/de\/wp-json\/wp\/v2\/product\/518681\/revisions\/845521"}],"wp:featuredmedia":[{"embeddable":true,"href":"https:\/\/b2b.calibereurope.com\/de\/wp-json\/wp\/v2\/media\/845755"}],"wp:attachment":[{"href":"https:\/\/b2b.calibereurope.com\/de\/wp-json\/wp\/v2\/media?parent=518681"}],"wp:term":[{"taxonomy":"product_brand","embeddable":true,"href":"https:\/\/b2b.calibereurope.com\/de\/wp-json\/wp\/v2\/product_brand?post=518681"},{"taxonomy":"product_cat","embeddable":true,"href":"https:\/\/b2b.calibereurope.com\/de\/wp-json\/wp\/v2\/product_cat?post=518681"},{"taxonomy":"product_tag","embeddable":true,"href":"https:\/\/b2b.calibereurope.com\/de\/wp-json\/wp\/v2\/product_tag?post=518681"}],"curies":[{"name":"wp","href":"https:\/\/api.w.org\/{rel}","templated":true}]}}