{"id":519181,"date":"2026-04-07T02:00:00","date_gmt":"2026-04-07T00:00:00","guid":{"rendered":"0"},"modified":"2026-04-07T07:26:16","modified_gmt":"2026-04-07T05:26:16","slug":"CNC17-de_DE","status":"publish","type":"product","link":"https:\/\/b2b.calibereurope.com\/de\/produkt\/CNC17-de_DE\/","title":{"rendered":"Tablet- und Telefonhalterung f\u00fcr 7 bis 12,9 Zoll &#8211; Auto-Kopfst\u00fctze &#8211; drehbar (CNC17)"},"content":{"rendered":"<p>Schauen Sie sich stundenlang Ihre Lieblingsserie oder Ihren Lieblingsfilm an und spielen Sie Spiele, w\u00e4hrend Sie im Auto sitzen &#8211; mit diesem Caliber CNC17 Tablet-Halter. Sie befestigen den Telefon- und Tablet-Halter ganz einfach an der Kopfst\u00fctze des Sitzes vor Ihnen im Auto. Dank seiner <strong>verstellbaren Halterung ist <\/strong>er f\u00fcr Telefone und Tablets mit Bildschirmen <strong>von 7&#8243; bis 12,9&#8243; <\/strong>geeignet. Damit ist er ein geeigneter iPad-Halter f\u00fcr das Auto, passt aber auch f\u00fcr viele Smartphones. Der Universalhalter ist von <strong>155 bis 217 mm Breite <\/strong>verstellbar, sodass Sie ihn an die Kopfst\u00fctze in Ihrem Auto anpassen k\u00f6nnen.<\/p>\n<p><\/p>\n<p><strong>Merkmale:<\/strong><\/p>\n<ul>\n<li>Halter f\u00fcr Tablet und Telefon<\/li>\n<li>F\u00fcr die Kopfst\u00fctze im Auto<\/li>\n<li>Min-Max Tablettengr\u00f6\u00dfe: 155 &#8211; 217 mm<\/li>\n<li>Geeignet f\u00fcr Bildschirme zwischen 7&#8243; und 12,9&#8243;<\/li>\n<li>H\u00f6he und Blickwinkel einstellbar<\/li>\n<li>Minimalistisches Design<\/li>\n<li>Gepolsterter Halter<\/li>\n<\/ul>\n<h3>Immer die H\u00e4nde frei<\/h3>\n<p>Egal, ob Sie ein iPad Pro oder Mini haben, mit dieser Tablet-Halterung k\u00f6nnen Sie es an die Kopfst\u00fctze eines Autos h\u00e4ngen. Dar\u00fcber hinaus ist die Halterung auch f\u00fcr verschiedene Smartphones geeignet, wie z.B. das Samsung Galaxy S3 und h\u00f6her und das iPhone 6 und h\u00f6her. M\u00f6chten Sie wissen, ob Ihr Ger\u00e4t in die Universalhalterung passt? Wenn es einen Bildschirm zwischen 7&#8243; und 12,9&#8243; hat, sind Sie hier genau richtig! Auf diese Weise m\u00fcssen Sie Ihr Ger\u00e4t unterwegs nicht festhalten und haben die H\u00e4nde f\u00fcr andere Dinge frei.<\/p>\n<h3>Stundenlanges Sehvergn\u00fcgen im Auto<\/h3>\n<p>Sehen Sie sich gerne Filme und Serien unterwegs an? Dann macht es keinen Spa\u00df, Ihr Tablet oder Telefon st\u00e4ndig in der Hand zu halten. Mit diesem Tablet-Halter h\u00e4ngen Sie Ihr Ger\u00e4t in angenehmer H\u00f6he an die Kopfst\u00fctze des Autos vor Ihnen. Die H\u00f6he und der Blickwinkel sind einstellbar und Sie k\u00f6nnen den Bildschirm sowohl horizontal als auch vertikal drehen. Das ist viel besser f\u00fcr Ihren Nacken, Sie k\u00f6nnen bequemer sitzen und haben die H\u00e4nde frei.<\/p>\n<h3>Einfach im Gebrauch<\/h3>\n<p>Sie k\u00f6nnen den Tablet-Halter ganz einfach an einer Kopfst\u00fctze im Auto befestigen, indem Sie ihn an den Halterungen der Kopfst\u00fctze anbringen. Sie k\u00f6nnen den Halter von 155 bis 217 mm Breite einstellen, damit er sicher sitzt. Die Halterung f\u00fcr die Kopfst\u00fctze im Auto ist ebenfalls gepolstert und verhindert Kratzer auf Ihrem Bildschirm. Dank seines minimalistischen Designs ist dieser Halter nicht nur eine praktische, sondern auch eine sch\u00f6ne Erg\u00e4nzung f\u00fcr Ihr Auto.<\/p>\n","protected":false},"excerpt":{"rendered":"<p>Schauen Sie sich stundenlang Ihre Lieblingsserie oder Ihren Lieblingsfilm an und spielen Sie Spiele, w\u00e4hrend Sie im Auto sitzen &#8211; mit diesem Caliber CNC17 Tablet-Halter. Sie befestigen den Telefon- und Tablet-Halter ganz einfach an der Kopfst\u00fctze des Sitzes vor Ihnen im Auto. Dank seiner verstellbaren Halterung ist er f\u00fcr Telefone und Tablets mit Bildschirmen von [&hellip;]<\/p>\n","protected":false},"featured_media":873005,"template":"","meta":{"_acf_changed":false,"site-sidebar-layout":"default","site-content-layout":"","ast-site-content-layout":"default","site-content-style":"default","site-sidebar-style":"default","ast-global-header-display":"","ast-banner-title-visibility":"","ast-main-header-display":"","ast-hfb-above-header-display":"","ast-hfb-below-header-display":"","ast-hfb-mobile-header-display":"","site-post-title":"","ast-breadcrumbs-content":"","ast-featured-img":"","footer-sml-layout":"","theme-transparent-header-meta":"","adv-header-id-meta":"","stick-header-meta":"","header-above-stick-meta":"","header-main-stick-meta":"","header-below-stick-meta":"","astra-migrate-meta-layouts":"default","ast-page-background-enabled":"default","ast-page-background-meta":{"desktop":{"background-color":"","background-image":"","background-repeat":"repeat","background-position":"center center","background-size":"auto","background-attachment":"scroll","background-type":"","background-media":"","overlay-type":"","overlay-color":"","overlay-opacity":"","overlay-gradient":""},"tablet":{"background-color":"","background-image":"","background-repeat":"repeat","background-position":"center center","background-size":"auto","background-attachment":"scroll","background-type":"","background-media":"","overlay-type":"","overlay-color":"","overlay-opacity":"","overlay-gradient":""},"mobile":{"background-color":"","background-image":"","background-repeat":"repeat","background-position":"center center","background-size":"auto","background-attachment":"scroll","background-type":"","background-media":"","overlay-type":"","overlay-color":"","overlay-opacity":"","overlay-gradient":""}},"ast-content-background-meta":{"desktop":{"background-color":"var(--ast-global-color-5)","background-image":"","background-repeat":"repeat","background-position":"center center","background-size":"auto","background-attachment":"scroll","background-type":"","background-media":"","overlay-type":"","overlay-color":"","overlay-opacity":"","overlay-gradient":""},"tablet":{"background-color":"var(--ast-global-color-5)","background-image":"","background-repeat":"repeat","background-position":"center center","background-size":"auto","background-attachment":"scroll","background-type":"","background-media":"","overlay-type":"","overlay-color":"","overlay-opacity":"","overlay-gradient":""},"mobile":{"background-color":"var(--ast-global-color-5)","background-image":"","background-repeat":"repeat","background-position":"center center","background-size":"auto","background-attachment":"scroll","background-type":"","background-media":"","overlay-type":"","overlay-color":"","overlay-opacity":"","overlay-gradient":""}}},"product_brand":[],"product_cat":[12139,12151],"product_tag":[],"class_list":{"0":"post-519181","1":"product","2":"type-product","3":"status-publish","4":"has-post-thumbnail","6":"product_cat-auto_de_de","7":"product_cat-overige_accessoires_de_de","8":"desktop-align-center","9":"tablet-align-center","10":"mobile-align-center","11":"ast-product-gallery-layout-horizontal","12":"ast-product-tabs-layout-horizontal","14":"first","15":"instock","16":"taxable","17":"shipping-taxable","18":"purchasable","19":"product-type-simple"},"acf":[],"yoast_head":"<!-- This site is optimized with the Yoast SEO plugin v26.5 - https:\/\/yoast.com\/wordpress\/plugins\/seo\/ -->\n<title>Tablet- und Telefonhalterung f\u00fcr 7 bis 12,9 Zoll - Auto-Kopfst\u00fctze - drehbar (CNC17) - Caliber Europe B.V.<\/title>\n<meta name=\"robots\" content=\"noindex, follow, max-snippet:-1, max-image-preview:large, max-video-preview:-1\" \/>\n<meta property=\"og:locale\" content=\"de_DE\" \/>\n<meta property=\"og:type\" content=\"article\" \/>\n<meta property=\"og:title\" content=\"Tablet- und Telefonhalterung f\u00fcr 7 bis 12,9 Zoll - Auto-Kopfst\u00fctze - drehbar (CNC17) - Caliber Europe B.V.\" \/>\n<meta property=\"og:description\" content=\"Schauen Sie sich stundenlang Ihre Lieblingsserie oder Ihren Lieblingsfilm an und spielen Sie Spiele, w\u00e4hrend Sie im Auto sitzen &#8211; mit diesem Caliber CNC17 Tablet-Halter. Sie befestigen den Telefon- und Tablet-Halter ganz einfach an der Kopfst\u00fctze des Sitzes vor Ihnen im Auto. Dank seiner verstellbaren Halterung ist er f\u00fcr Telefone und Tablets mit Bildschirmen von [&hellip;]\" \/>\n<meta property=\"og:url\" content=\"https:\/\/b2b.calibereurope.com\/de\/produkt\/cnc17-de_de\/\" \/>\n<meta property=\"og:site_name\" content=\"Caliber Europe B.V.\" \/>\n<meta property=\"article:modified_time\" content=\"2026-04-07T05:26:16+00:00\" \/>\n<meta property=\"og:image\" content=\"https:\/\/b2b.calibereurope.com\/wp-content\/uploads\/2021\/09\/d19bb6a60a145a1f0bc0c83f29cd99e37c77107f_CNC17_inCarwithnocar.jpg\" \/>\n\t<meta property=\"og:image:width\" content=\"1024\" \/>\n\t<meta property=\"og:image:height\" content=\"768\" \/>\n\t<meta property=\"og:image:type\" content=\"image\/jpeg\" \/>\n<meta name=\"twitter:card\" content=\"summary_large_image\" \/>\n<meta name=\"twitter:label1\" content=\"Gesch\u00e4tzte Lesezeit\" \/>\n\t<meta name=\"twitter:data1\" content=\"2\u00a0Minuten\" \/>\n<script type=\"application\/ld+json\" class=\"yoast-schema-graph\">{\"@context\":\"https:\/\/schema.org\",\"@graph\":[{\"@type\":\"WebPage\",\"@id\":\"https:\/\/b2b.calibereurope.com\/de\/produkt\/cnc17-de_de\/\",\"url\":\"https:\/\/b2b.calibereurope.com\/de\/produkt\/cnc17-de_de\/\",\"name\":\"Tablet- und Telefonhalterung f\u00fcr 7 bis 12,9 Zoll - Auto-Kopfst\u00fctze - drehbar (CNC17) - Caliber Europe B.V.\",\"isPartOf\":{\"@id\":\"https:\/\/b2b.calibereurope.com\/#website\"},\"primaryImageOfPage\":{\"@id\":\"https:\/\/b2b.calibereurope.com\/de\/produkt\/cnc17-de_de\/#primaryimage\"},\"image\":{\"@id\":\"https:\/\/b2b.calibereurope.com\/de\/produkt\/cnc17-de_de\/#primaryimage\"},\"thumbnailUrl\":\"https:\/\/b2b.calibereurope.com\/wp-content\/uploads\/2026\/04\/d19bb6a60a145a1f0bc0c83f29cd99e37c77107f_CNC17_inCarwithnocar.jpg\",\"datePublished\":\"2026-04-07T00:00:00+00:00\",\"dateModified\":\"2026-04-07T05:26:16+00:00\",\"breadcrumb\":{\"@id\":\"https:\/\/b2b.calibereurope.com\/de\/produkt\/cnc17-de_de\/#breadcrumb\"},\"inLanguage\":\"de\",\"potentialAction\":[{\"@type\":\"ReadAction\",\"target\":[\"https:\/\/b2b.calibereurope.com\/de\/produkt\/cnc17-de_de\/\"]}]},{\"@type\":\"ImageObject\",\"inLanguage\":\"de\",\"@id\":\"https:\/\/b2b.calibereurope.com\/de\/produkt\/cnc17-de_de\/#primaryimage\",\"url\":\"https:\/\/b2b.calibereurope.com\/wp-content\/uploads\/2026\/04\/d19bb6a60a145a1f0bc0c83f29cd99e37c77107f_CNC17_inCarwithnocar.jpg\",\"contentUrl\":\"https:\/\/b2b.calibereurope.com\/wp-content\/uploads\/2026\/04\/d19bb6a60a145a1f0bc0c83f29cd99e37c77107f_CNC17_inCarwithnocar.jpg\",\"width\":1024,\"height\":768},{\"@type\":\"BreadcrumbList\",\"@id\":\"https:\/\/b2b.calibereurope.com\/de\/produkt\/cnc17-de_de\/#breadcrumb\",\"itemListElement\":[{\"@type\":\"ListItem\",\"position\":1,\"name\":\"Home\",\"item\":\"https:\/\/b2b.calibereurope.com\/de\/\"},{\"@type\":\"ListItem\",\"position\":2,\"name\":\"Shop\",\"item\":\"https:\/\/b2b.calibereurope.com\/de\/shop\/\"},{\"@type\":\"ListItem\",\"position\":3,\"name\":\"Universal-Tablettenhalterung f\u00fcr Auto &#8211; Schwarz (CNC17)\"}]},{\"@type\":\"WebSite\",\"@id\":\"https:\/\/b2b.calibereurope.com\/#website\",\"url\":\"https:\/\/b2b.calibereurope.com\/\",\"name\":\"Caliber Europe B.V.\",\"description\":\"B2B Webshop\",\"publisher\":{\"@id\":\"https:\/\/b2b.calibereurope.com\/#organization\"},\"potentialAction\":[{\"@type\":\"SearchAction\",\"target\":{\"@type\":\"EntryPoint\",\"urlTemplate\":\"https:\/\/b2b.calibereurope.com\/?s={search_term_string}\"},\"query-input\":{\"@type\":\"PropertyValueSpecification\",\"valueRequired\":true,\"valueName\":\"search_term_string\"}}],\"inLanguage\":\"de\"},{\"@type\":\"Organization\",\"@id\":\"https:\/\/b2b.calibereurope.com\/#organization\",\"name\":\"Caliber Europe B.V.\",\"url\":\"https:\/\/b2b.calibereurope.com\/\",\"logo\":{\"@type\":\"ImageObject\",\"inLanguage\":\"de\",\"@id\":\"https:\/\/b2b.calibereurope.com\/#\/schema\/logo\/image\/\",\"url\":\"https:\/\/b2b.calibereurope.com\/wp-content\/uploads\/2020\/12\/Caliber_Logo-Black.png\",\"contentUrl\":\"https:\/\/b2b.calibereurope.com\/wp-content\/uploads\/2020\/12\/Caliber_Logo-Black.png\",\"width\":3157,\"height\":356,\"caption\":\"Caliber Europe B.V.\"},\"image\":{\"@id\":\"https:\/\/b2b.calibereurope.com\/#\/schema\/logo\/image\/\"}}]}<\/script>\n<!-- \/ Yoast SEO plugin. -->","yoast_head_json":{"title":"Tablet- und Telefonhalterung f\u00fcr 7 bis 12,9 Zoll - Auto-Kopfst\u00fctze - drehbar (CNC17) - Caliber Europe B.V.","robots":{"index":"noindex","follow":"follow","max-snippet":"max-snippet:-1","max-image-preview":"max-image-preview:large","max-video-preview":"max-video-preview:-1"},"og_locale":"de_DE","og_type":"article","og_title":"Tablet- und Telefonhalterung f\u00fcr 7 bis 12,9 Zoll - Auto-Kopfst\u00fctze - drehbar (CNC17) - Caliber Europe B.V.","og_description":"Schauen Sie sich stundenlang Ihre Lieblingsserie oder Ihren Lieblingsfilm an und spielen Sie Spiele, w\u00e4hrend Sie im Auto sitzen &#8211; mit diesem Caliber CNC17 Tablet-Halter. Sie befestigen den Telefon- und Tablet-Halter ganz einfach an der Kopfst\u00fctze des Sitzes vor Ihnen im Auto. Dank seiner verstellbaren Halterung ist er f\u00fcr Telefone und Tablets mit Bildschirmen von [&hellip;]","og_url":"https:\/\/b2b.calibereurope.com\/de\/produkt\/cnc17-de_de\/","og_site_name":"Caliber Europe B.V.","article_modified_time":"2026-04-07T05:26:16+00:00","og_image":[{"width":1024,"height":768,"url":"https:\/\/b2b.calibereurope.com\/wp-content\/uploads\/2021\/09\/d19bb6a60a145a1f0bc0c83f29cd99e37c77107f_CNC17_inCarwithnocar.jpg","type":"image\/jpeg"}],"twitter_card":"summary_large_image","twitter_misc":{"Gesch\u00e4tzte Lesezeit":"2\u00a0Minuten"},"schema":{"@context":"https:\/\/schema.org","@graph":[{"@type":"WebPage","@id":"https:\/\/b2b.calibereurope.com\/de\/produkt\/cnc17-de_de\/","url":"https:\/\/b2b.calibereurope.com\/de\/produkt\/cnc17-de_de\/","name":"Tablet- und Telefonhalterung f\u00fcr 7 bis 12,9 Zoll - Auto-Kopfst\u00fctze - drehbar (CNC17) - Caliber Europe B.V.","isPartOf":{"@id":"https:\/\/b2b.calibereurope.com\/#website"},"primaryImageOfPage":{"@id":"https:\/\/b2b.calibereurope.com\/de\/produkt\/cnc17-de_de\/#primaryimage"},"image":{"@id":"https:\/\/b2b.calibereurope.com\/de\/produkt\/cnc17-de_de\/#primaryimage"},"thumbnailUrl":"https:\/\/b2b.calibereurope.com\/wp-content\/uploads\/2026\/04\/d19bb6a60a145a1f0bc0c83f29cd99e37c77107f_CNC17_inCarwithnocar.jpg","datePublished":"2026-04-07T00:00:00+00:00","dateModified":"2026-04-07T05:26:16+00:00","breadcrumb":{"@id":"https:\/\/b2b.calibereurope.com\/de\/produkt\/cnc17-de_de\/#breadcrumb"},"inLanguage":"de","potentialAction":[{"@type":"ReadAction","target":["https:\/\/b2b.calibereurope.com\/de\/produkt\/cnc17-de_de\/"]}]},{"@type":"ImageObject","inLanguage":"de","@id":"https:\/\/b2b.calibereurope.com\/de\/produkt\/cnc17-de_de\/#primaryimage","url":"https:\/\/b2b.calibereurope.com\/wp-content\/uploads\/2026\/04\/d19bb6a60a145a1f0bc0c83f29cd99e37c77107f_CNC17_inCarwithnocar.jpg","contentUrl":"https:\/\/b2b.calibereurope.com\/wp-content\/uploads\/2026\/04\/d19bb6a60a145a1f0bc0c83f29cd99e37c77107f_CNC17_inCarwithnocar.jpg","width":1024,"height":768},{"@type":"BreadcrumbList","@id":"https:\/\/b2b.calibereurope.com\/de\/produkt\/cnc17-de_de\/#breadcrumb","itemListElement":[{"@type":"ListItem","position":1,"name":"Home","item":"https:\/\/b2b.calibereurope.com\/de\/"},{"@type":"ListItem","position":2,"name":"Shop","item":"https:\/\/b2b.calibereurope.com\/de\/shop\/"},{"@type":"ListItem","position":3,"name":"Universal-Tablettenhalterung f\u00fcr Auto &#8211; Schwarz (CNC17)"}]},{"@type":"WebSite","@id":"https:\/\/b2b.calibereurope.com\/#website","url":"https:\/\/b2b.calibereurope.com\/","name":"Caliber Europe B.V.","description":"B2B Webshop","publisher":{"@id":"https:\/\/b2b.calibereurope.com\/#organization"},"potentialAction":[{"@type":"SearchAction","target":{"@type":"EntryPoint","urlTemplate":"https:\/\/b2b.calibereurope.com\/?s={search_term_string}"},"query-input":{"@type":"PropertyValueSpecification","valueRequired":true,"valueName":"search_term_string"}}],"inLanguage":"de"},{"@type":"Organization","@id":"https:\/\/b2b.calibereurope.com\/#organization","name":"Caliber Europe B.V.","url":"https:\/\/b2b.calibereurope.com\/","logo":{"@type":"ImageObject","inLanguage":"de","@id":"https:\/\/b2b.calibereurope.com\/#\/schema\/logo\/image\/","url":"https:\/\/b2b.calibereurope.com\/wp-content\/uploads\/2020\/12\/Caliber_Logo-Black.png","contentUrl":"https:\/\/b2b.calibereurope.com\/wp-content\/uploads\/2020\/12\/Caliber_Logo-Black.png","width":3157,"height":356,"caption":"Caliber Europe B.V."},"image":{"@id":"https:\/\/b2b.calibereurope.com\/#\/schema\/logo\/image\/"}}]}},"_links":{"self":[{"href":"https:\/\/b2b.calibereurope.com\/de\/wp-json\/wp\/v2\/product\/519181","targetHints":{"allow":["GET"]}}],"collection":[{"href":"https:\/\/b2b.calibereurope.com\/de\/wp-json\/wp\/v2\/product"}],"about":[{"href":"https:\/\/b2b.calibereurope.com\/de\/wp-json\/wp\/v2\/types\/product"}],"version-history":[{"count":0,"href":"https:\/\/b2b.calibereurope.com\/de\/wp-json\/wp\/v2\/product\/519181\/revisions"}],"wp:featuredmedia":[{"embeddable":true,"href":"https:\/\/b2b.calibereurope.com\/de\/wp-json\/wp\/v2\/media\/873005"}],"wp:attachment":[{"href":"https:\/\/b2b.calibereurope.com\/de\/wp-json\/wp\/v2\/media?parent=519181"}],"wp:term":[{"taxonomy":"product_brand","embeddable":true,"href":"https:\/\/b2b.calibereurope.com\/de\/wp-json\/wp\/v2\/product_brand?post=519181"},{"taxonomy":"product_cat","embeddable":true,"href":"https:\/\/b2b.calibereurope.com\/de\/wp-json\/wp\/v2\/product_cat?post=519181"},{"taxonomy":"product_tag","embeddable":true,"href":"https:\/\/b2b.calibereurope.com\/de\/wp-json\/wp\/v2\/product_tag?post=519181"}],"curies":[{"name":"wp","href":"https:\/\/api.w.org\/{rel}","templated":true}]}}