{"id":519997,"date":"2025-12-04T01:00:00","date_gmt":"2025-12-04T00:00:00","guid":{"rendered":"0"},"modified":"2025-12-04T15:07:42","modified_gmt":"2025-12-04T14:07:42","slug":"PMR206BT-de_DE","status":"publish","type":"product","link":"https:\/\/b2b.calibereurope.com\/de\/produkt\/PMR206BT-de_DE\/","title":{"rendered":"Bluetooth-Empf\u00e4nger &#8211; Sender und Empf\u00e4nger &#8211; 9 Stunden Akkulaufzeit &#8211; 10 Meter Reichweite &#8211; 2-in-1-Sender (PMR206BT)"},"content":{"rendered":"<p>Verwenden Sie den Caliber PMR206BT Bluetooth\u00ae-Empf\u00e4nger, um drahtlos <strong>Audio zu empfangen oder zu senden<\/strong>. Der Bluetooth\u00ae-Sender hat eine <strong>Reichweite von 10 Metern<\/strong>. So k\u00f6nnen Sie auch aus der Ferne noch guten Klang genie\u00dfen. Der Bluetooth\u00ae-Sender ist praktisch, wenn Sie z.B. im Flugzeug oder anderswo Ihre eigenen (drahtlosen) Kopfh\u00f6rer mit dem anderen Ger\u00e4t verbinden m\u00f6chten. Dazu schlie\u00dfen Sie die Kabel an den <strong>3,<\/strong>5-Millimeter-Klinkenanschluss an. Der Bluetooth\u00ae-Sender und -Empf\u00e4nger <strong>kommuniziert mit fast allen Arten von Ger\u00e4ten und Marken.<\/strong><\/p>\n<p><strong><br \/><\/strong><\/p>\n<\/p>\n<p><strong>Merkmale:<\/strong><\/p>\n<ul>\n<li>Bluetooth\u00ae Sender und Empf\u00e4nger<\/li>\n<li>Kommuniziert mit fast jeder Marke<\/li>\n<li>Bluetooth\u00ae-Reichweite von 10 Metern<\/li>\n<li>Lebensdauer der Batterie: 9 Stunden<\/li>\n<li>Bluetooth\u00ae 2.1<\/li>\n<li>3,5-Millimeter-Klinkenanschluss<\/li>\n<\/ul>\n<h3>Verbindung zu jedem Ger\u00e4t<\/h3>\n<p>Mit dem Bluetooth\u00ae-Empf\u00e4nger verwandeln Sie jedes Ger\u00e4t in ein Bluetooth\u00ae-Streaming-Ger\u00e4t. Der Empf\u00e4nger l\u00e4sst sich mit jeder Art von Technologie verbinden, also zum Beispiel auch mit Apple Airpods oder Samsung Earbuds. Indem Sie den Bluetooth\u00ae-Sender z.B. mit dem mitgelieferten Miniklinke-auf-Miniklinke-Kabel an ein Ger\u00e4t Ihrer Wahl anschlie\u00dfen, stellen Sie eine starke Verbindung sicher. Danach m\u00fcssen Sie nur noch Ihre drahtlosen Kopf- oder Kopfh\u00f6rer mit dem Bluetooth\u00ae-Sender verbinden und schon k\u00f6nnen Sie Ihre Lieblingsmusik genie\u00dfen!<\/p>\n<h3>Sender und Empf\u00e4nger<\/h3>\n<p>Die Bluetooth\u00ae-Box ist sowohl ein Sender als auch ein Empf\u00e4nger. Das bedeutet, dass Sie die Bluetooth\u00ae-Box auf zwei Arten verwenden k\u00f6nnen. Sie k\u00f6nnen den Sender mit Ihrem Telefon verbinden, um Ihre Musik so abzuspielen, wie Sie es bevorzugen, zum Beispiel auf einer alten Box. In diesem Fall schlie\u00dfen Sie die entsprechenden Kabel an die Box an. Sie k\u00f6nnen den Empf\u00e4nger auch an Ihre drahtlosen Kopfh\u00f6rer anschlie\u00dfen.<\/p>\n<h3>Mit allem Zubeh\u00f6r geliefert<\/h3>\n<p>Der Bluetooth\u00ae-Sender wird mit allen erforderlichen Kabeln geliefert. Das bedeutet, dass Sie den Sender mit allen Arten von Ger\u00e4ten verwenden k\u00f6nnen, also auch mit \u00e4lteren Ger\u00e4ten wie einem Plattenspieler oder einem \u00e4lteren Fernseher. Der Sender verf\u00fcgt \u00fcber eine Batterie, die 9 Stunden lang h\u00e4lt. Die Bluetooth\u00ae-Technologie hat eine Reichweite von 10 Metern.<\/p>\n<p><\/p>\n<p><strong>Mitgeliefert:<\/strong><\/p>\n<ul>\n<li>Caliber PMR206BT Bluetooth\u00ae Empf\u00e4nger<\/li>\n<li>USB-Ladekabel<\/li>\n<li>RCA zu Miniklinke Konverter<\/li>\n<li>Mini-Jack auf Mini-Jack Kabel<\/li>\n<li>Flugzeugadapter<\/li>\n<li>Eine Anleitung<\/li>\n<\/ul>\n","protected":false},"excerpt":{"rendered":"<p>Verwenden Sie den Caliber PMR206BT Bluetooth\u00ae-Empf\u00e4nger, um drahtlos Audio zu empfangen oder zu senden. Der Bluetooth\u00ae-Sender hat eine Reichweite von 10 Metern. So k\u00f6nnen Sie auch aus der Ferne noch guten Klang genie\u00dfen. Der Bluetooth\u00ae-Sender ist praktisch, wenn Sie z.B. im Flugzeug oder anderswo Ihre eigenen (drahtlosen) Kopfh\u00f6rer mit dem anderen Ger\u00e4t verbinden m\u00f6chten. Dazu [&hellip;]<\/p>\n","protected":false},"featured_media":870231,"template":"","meta":{"_acf_changed":false,"site-sidebar-layout":"default","site-content-layout":"","ast-site-content-layout":"default","site-content-style":"default","site-sidebar-style":"default","ast-global-header-display":"","ast-banner-title-visibility":"","ast-main-header-display":"","ast-hfb-above-header-display":"","ast-hfb-below-header-display":"","ast-hfb-mobile-header-display":"","site-post-title":"","ast-breadcrumbs-content":"","ast-featured-img":"","footer-sml-layout":"","theme-transparent-header-meta":"","adv-header-id-meta":"","stick-header-meta":"","header-above-stick-meta":"","header-main-stick-meta":"","header-below-stick-meta":"","astra-migrate-meta-layouts":"default","ast-page-background-enabled":"default","ast-page-background-meta":{"desktop":{"background-color":"","background-image":"","background-repeat":"repeat","background-position":"center center","background-size":"auto","background-attachment":"scroll","background-type":"","background-media":"","overlay-type":"","overlay-color":"","overlay-opacity":"","overlay-gradient":""},"tablet":{"background-color":"","background-image":"","background-repeat":"repeat","background-position":"center center","background-size":"auto","background-attachment":"scroll","background-type":"","background-media":"","overlay-type":"","overlay-color":"","overlay-opacity":"","overlay-gradient":""},"mobile":{"background-color":"","background-image":"","background-repeat":"repeat","background-position":"center center","background-size":"auto","background-attachment":"scroll","background-type":"","background-media":"","overlay-type":"","overlay-color":"","overlay-opacity":"","overlay-gradient":""}},"ast-content-background-meta":{"desktop":{"background-color":"var(--ast-global-color-5)","background-image":"","background-repeat":"repeat","background-position":"center center","background-size":"auto","background-attachment":"scroll","background-type":"","background-media":"","overlay-type":"","overlay-color":"","overlay-opacity":"","overlay-gradient":""},"tablet":{"background-color":"var(--ast-global-color-5)","background-image":"","background-repeat":"repeat","background-position":"center center","background-size":"auto","background-attachment":"scroll","background-type":"","background-media":"","overlay-type":"","overlay-color":"","overlay-opacity":"","overlay-gradient":""},"mobile":{"background-color":"var(--ast-global-color-5)","background-image":"","background-repeat":"repeat","background-position":"center center","background-size":"auto","background-attachment":"scroll","background-type":"","background-media":"","overlay-type":"","overlay-color":"","overlay-opacity":"","overlay-gradient":""}}},"product_brand":[],"product_cat":[22956],"product_tag":[],"class_list":{"0":"post-519997","1":"product","2":"type-product","3":"status-publish","4":"has-post-thumbnail","6":"product_cat-keine-kategorie","7":"desktop-align-center","8":"tablet-align-center","9":"mobile-align-center","10":"ast-product-gallery-layout-horizontal","11":"ast-product-tabs-layout-horizontal","13":"first","14":"instock","15":"taxable","16":"shipping-taxable","17":"purchasable","18":"product-type-simple"},"acf":[],"yoast_head":"<!-- This site is optimized with the Yoast SEO plugin v26.5 - https:\/\/yoast.com\/wordpress\/plugins\/seo\/ -->\n<title>Bluetooth-Empf\u00e4nger - Sender und Empf\u00e4nger - 9 Stunden Akkulaufzeit - 10 Meter Reichweite - 2-in-1-Sender (PMR206BT) - Caliber Europe B.V.<\/title>\n<meta name=\"robots\" content=\"noindex, follow, max-snippet:-1, max-image-preview:large, max-video-preview:-1\" \/>\n<meta property=\"og:locale\" content=\"de_DE\" \/>\n<meta property=\"og:type\" content=\"article\" \/>\n<meta property=\"og:title\" content=\"Bluetooth-Empf\u00e4nger - Sender und Empf\u00e4nger - 9 Stunden Akkulaufzeit - 10 Meter Reichweite - 2-in-1-Sender (PMR206BT) - Caliber Europe B.V.\" \/>\n<meta property=\"og:description\" content=\"Verwenden Sie den Caliber PMR206BT Bluetooth\u00ae-Empf\u00e4nger, um drahtlos Audio zu empfangen oder zu senden. Der Bluetooth\u00ae-Sender hat eine Reichweite von 10 Metern. So k\u00f6nnen Sie auch aus der Ferne noch guten Klang genie\u00dfen. Der Bluetooth\u00ae-Sender ist praktisch, wenn Sie z.B. im Flugzeug oder anderswo Ihre eigenen (drahtlosen) Kopfh\u00f6rer mit dem anderen Ger\u00e4t verbinden m\u00f6chten. Dazu [&hellip;]\" \/>\n<meta property=\"og:url\" content=\"https:\/\/b2b.calibereurope.com\/de\/produkt\/pmr206bt-de_de\/\" \/>\n<meta property=\"og:site_name\" content=\"Caliber Europe B.V.\" \/>\n<meta property=\"article:modified_time\" content=\"2025-12-04T14:07:42+00:00\" \/>\n<meta property=\"og:image\" content=\"https:\/\/b2b.calibereurope.com\/wp-content\/uploads\/2021\/09\/eb317a05b1c394276be5860b4b6cbc1f51de8b4c_PMR206BT_view2_web.jpg\" \/>\n\t<meta property=\"og:image:width\" content=\"1024\" \/>\n\t<meta property=\"og:image:height\" content=\"768\" \/>\n\t<meta property=\"og:image:type\" content=\"image\/jpeg\" \/>\n<meta name=\"twitter:card\" content=\"summary_large_image\" \/>\n<meta name=\"twitter:label1\" content=\"Gesch\u00e4tzte Lesezeit\" \/>\n\t<meta name=\"twitter:data1\" content=\"2\u00a0Minuten\" \/>\n<script type=\"application\/ld+json\" class=\"yoast-schema-graph\">{\"@context\":\"https:\/\/schema.org\",\"@graph\":[{\"@type\":\"WebPage\",\"@id\":\"https:\/\/b2b.calibereurope.com\/de\/produkt\/pmr206bt-de_de\/\",\"url\":\"https:\/\/b2b.calibereurope.com\/de\/produkt\/pmr206bt-de_de\/\",\"name\":\"Bluetooth-Empf\u00e4nger - Sender und Empf\u00e4nger - 9 Stunden Akkulaufzeit - 10 Meter Reichweite - 2-in-1-Sender (PMR206BT) - Caliber Europe B.V.\",\"isPartOf\":{\"@id\":\"https:\/\/b2b.calibereurope.com\/#website\"},\"primaryImageOfPage\":{\"@id\":\"https:\/\/b2b.calibereurope.com\/de\/produkt\/pmr206bt-de_de\/#primaryimage\"},\"image\":{\"@id\":\"https:\/\/b2b.calibereurope.com\/de\/produkt\/pmr206bt-de_de\/#primaryimage\"},\"thumbnailUrl\":\"https:\/\/b2b.calibereurope.com\/wp-content\/uploads\/2025\/12\/a9b8871c85e653d6283de8483daaf506f343ed8f_PMR206BT_topview-4.jpg\",\"datePublished\":\"2025-12-04T00:00:00+00:00\",\"dateModified\":\"2025-12-04T14:07:42+00:00\",\"breadcrumb\":{\"@id\":\"https:\/\/b2b.calibereurope.com\/de\/produkt\/pmr206bt-de_de\/#breadcrumb\"},\"inLanguage\":\"de\",\"potentialAction\":[{\"@type\":\"ReadAction\",\"target\":[\"https:\/\/b2b.calibereurope.com\/de\/produkt\/pmr206bt-de_de\/\"]}]},{\"@type\":\"ImageObject\",\"inLanguage\":\"de\",\"@id\":\"https:\/\/b2b.calibereurope.com\/de\/produkt\/pmr206bt-de_de\/#primaryimage\",\"url\":\"https:\/\/b2b.calibereurope.com\/wp-content\/uploads\/2025\/12\/a9b8871c85e653d6283de8483daaf506f343ed8f_PMR206BT_topview-4.jpg\",\"contentUrl\":\"https:\/\/b2b.calibereurope.com\/wp-content\/uploads\/2025\/12\/a9b8871c85e653d6283de8483daaf506f343ed8f_PMR206BT_topview-4.jpg\",\"width\":1024,\"height\":768},{\"@type\":\"BreadcrumbList\",\"@id\":\"https:\/\/b2b.calibereurope.com\/de\/produkt\/pmr206bt-de_de\/#breadcrumb\",\"itemListElement\":[{\"@type\":\"ListItem\",\"position\":1,\"name\":\"Home\",\"item\":\"https:\/\/b2b.calibereurope.com\/de\/\"},{\"@type\":\"ListItem\",\"position\":2,\"name\":\"Shop\",\"item\":\"https:\/\/b2b.calibereurope.com\/de\/shop\/\"},{\"@type\":\"ListItem\",\"position\":3,\"name\":\"Bluetooth-Empf\u00e4nger und -Sender (PMR206BT)\"}]},{\"@type\":\"WebSite\",\"@id\":\"https:\/\/b2b.calibereurope.com\/#website\",\"url\":\"https:\/\/b2b.calibereurope.com\/\",\"name\":\"Caliber Europe B.V.\",\"description\":\"B2B Webshop\",\"publisher\":{\"@id\":\"https:\/\/b2b.calibereurope.com\/#organization\"},\"potentialAction\":[{\"@type\":\"SearchAction\",\"target\":{\"@type\":\"EntryPoint\",\"urlTemplate\":\"https:\/\/b2b.calibereurope.com\/?s={search_term_string}\"},\"query-input\":{\"@type\":\"PropertyValueSpecification\",\"valueRequired\":true,\"valueName\":\"search_term_string\"}}],\"inLanguage\":\"de\"},{\"@type\":\"Organization\",\"@id\":\"https:\/\/b2b.calibereurope.com\/#organization\",\"name\":\"Caliber Europe B.V.\",\"url\":\"https:\/\/b2b.calibereurope.com\/\",\"logo\":{\"@type\":\"ImageObject\",\"inLanguage\":\"de\",\"@id\":\"https:\/\/b2b.calibereurope.com\/#\/schema\/logo\/image\/\",\"url\":\"https:\/\/b2b.calibereurope.com\/wp-content\/uploads\/2020\/12\/Caliber_Logo-Black.png\",\"contentUrl\":\"https:\/\/b2b.calibereurope.com\/wp-content\/uploads\/2020\/12\/Caliber_Logo-Black.png\",\"width\":3157,\"height\":356,\"caption\":\"Caliber Europe B.V.\"},\"image\":{\"@id\":\"https:\/\/b2b.calibereurope.com\/#\/schema\/logo\/image\/\"}}]}<\/script>\n<!-- \/ Yoast SEO plugin. -->","yoast_head_json":{"title":"Bluetooth-Empf\u00e4nger - Sender und Empf\u00e4nger - 9 Stunden Akkulaufzeit - 10 Meter Reichweite - 2-in-1-Sender (PMR206BT) - Caliber Europe B.V.","robots":{"index":"noindex","follow":"follow","max-snippet":"max-snippet:-1","max-image-preview":"max-image-preview:large","max-video-preview":"max-video-preview:-1"},"og_locale":"de_DE","og_type":"article","og_title":"Bluetooth-Empf\u00e4nger - Sender und Empf\u00e4nger - 9 Stunden Akkulaufzeit - 10 Meter Reichweite - 2-in-1-Sender (PMR206BT) - Caliber Europe B.V.","og_description":"Verwenden Sie den Caliber PMR206BT Bluetooth\u00ae-Empf\u00e4nger, um drahtlos Audio zu empfangen oder zu senden. Der Bluetooth\u00ae-Sender hat eine Reichweite von 10 Metern. So k\u00f6nnen Sie auch aus der Ferne noch guten Klang genie\u00dfen. Der Bluetooth\u00ae-Sender ist praktisch, wenn Sie z.B. im Flugzeug oder anderswo Ihre eigenen (drahtlosen) Kopfh\u00f6rer mit dem anderen Ger\u00e4t verbinden m\u00f6chten. Dazu [&hellip;]","og_url":"https:\/\/b2b.calibereurope.com\/de\/produkt\/pmr206bt-de_de\/","og_site_name":"Caliber Europe B.V.","article_modified_time":"2025-12-04T14:07:42+00:00","og_image":[{"width":1024,"height":768,"url":"https:\/\/b2b.calibereurope.com\/wp-content\/uploads\/2021\/09\/eb317a05b1c394276be5860b4b6cbc1f51de8b4c_PMR206BT_view2_web.jpg","type":"image\/jpeg"}],"twitter_card":"summary_large_image","twitter_misc":{"Gesch\u00e4tzte Lesezeit":"2\u00a0Minuten"},"schema":{"@context":"https:\/\/schema.org","@graph":[{"@type":"WebPage","@id":"https:\/\/b2b.calibereurope.com\/de\/produkt\/pmr206bt-de_de\/","url":"https:\/\/b2b.calibereurope.com\/de\/produkt\/pmr206bt-de_de\/","name":"Bluetooth-Empf\u00e4nger - Sender und Empf\u00e4nger - 9 Stunden Akkulaufzeit - 10 Meter Reichweite - 2-in-1-Sender (PMR206BT) - Caliber Europe B.V.","isPartOf":{"@id":"https:\/\/b2b.calibereurope.com\/#website"},"primaryImageOfPage":{"@id":"https:\/\/b2b.calibereurope.com\/de\/produkt\/pmr206bt-de_de\/#primaryimage"},"image":{"@id":"https:\/\/b2b.calibereurope.com\/de\/produkt\/pmr206bt-de_de\/#primaryimage"},"thumbnailUrl":"https:\/\/b2b.calibereurope.com\/wp-content\/uploads\/2025\/12\/a9b8871c85e653d6283de8483daaf506f343ed8f_PMR206BT_topview-4.jpg","datePublished":"2025-12-04T00:00:00+00:00","dateModified":"2025-12-04T14:07:42+00:00","breadcrumb":{"@id":"https:\/\/b2b.calibereurope.com\/de\/produkt\/pmr206bt-de_de\/#breadcrumb"},"inLanguage":"de","potentialAction":[{"@type":"ReadAction","target":["https:\/\/b2b.calibereurope.com\/de\/produkt\/pmr206bt-de_de\/"]}]},{"@type":"ImageObject","inLanguage":"de","@id":"https:\/\/b2b.calibereurope.com\/de\/produkt\/pmr206bt-de_de\/#primaryimage","url":"https:\/\/b2b.calibereurope.com\/wp-content\/uploads\/2025\/12\/a9b8871c85e653d6283de8483daaf506f343ed8f_PMR206BT_topview-4.jpg","contentUrl":"https:\/\/b2b.calibereurope.com\/wp-content\/uploads\/2025\/12\/a9b8871c85e653d6283de8483daaf506f343ed8f_PMR206BT_topview-4.jpg","width":1024,"height":768},{"@type":"BreadcrumbList","@id":"https:\/\/b2b.calibereurope.com\/de\/produkt\/pmr206bt-de_de\/#breadcrumb","itemListElement":[{"@type":"ListItem","position":1,"name":"Home","item":"https:\/\/b2b.calibereurope.com\/de\/"},{"@type":"ListItem","position":2,"name":"Shop","item":"https:\/\/b2b.calibereurope.com\/de\/shop\/"},{"@type":"ListItem","position":3,"name":"Bluetooth-Empf\u00e4nger und -Sender (PMR206BT)"}]},{"@type":"WebSite","@id":"https:\/\/b2b.calibereurope.com\/#website","url":"https:\/\/b2b.calibereurope.com\/","name":"Caliber Europe B.V.","description":"B2B Webshop","publisher":{"@id":"https:\/\/b2b.calibereurope.com\/#organization"},"potentialAction":[{"@type":"SearchAction","target":{"@type":"EntryPoint","urlTemplate":"https:\/\/b2b.calibereurope.com\/?s={search_term_string}"},"query-input":{"@type":"PropertyValueSpecification","valueRequired":true,"valueName":"search_term_string"}}],"inLanguage":"de"},{"@type":"Organization","@id":"https:\/\/b2b.calibereurope.com\/#organization","name":"Caliber Europe B.V.","url":"https:\/\/b2b.calibereurope.com\/","logo":{"@type":"ImageObject","inLanguage":"de","@id":"https:\/\/b2b.calibereurope.com\/#\/schema\/logo\/image\/","url":"https:\/\/b2b.calibereurope.com\/wp-content\/uploads\/2020\/12\/Caliber_Logo-Black.png","contentUrl":"https:\/\/b2b.calibereurope.com\/wp-content\/uploads\/2020\/12\/Caliber_Logo-Black.png","width":3157,"height":356,"caption":"Caliber Europe B.V."},"image":{"@id":"https:\/\/b2b.calibereurope.com\/#\/schema\/logo\/image\/"}}]}},"_links":{"self":[{"href":"https:\/\/b2b.calibereurope.com\/de\/wp-json\/wp\/v2\/product\/519997","targetHints":{"allow":["GET"]}}],"collection":[{"href":"https:\/\/b2b.calibereurope.com\/de\/wp-json\/wp\/v2\/product"}],"about":[{"href":"https:\/\/b2b.calibereurope.com\/de\/wp-json\/wp\/v2\/types\/product"}],"version-history":[{"count":0,"href":"https:\/\/b2b.calibereurope.com\/de\/wp-json\/wp\/v2\/product\/519997\/revisions"}],"wp:featuredmedia":[{"embeddable":true,"href":"https:\/\/b2b.calibereurope.com\/de\/wp-json\/wp\/v2\/media\/870231"}],"wp:attachment":[{"href":"https:\/\/b2b.calibereurope.com\/de\/wp-json\/wp\/v2\/media?parent=519997"}],"wp:term":[{"taxonomy":"product_brand","embeddable":true,"href":"https:\/\/b2b.calibereurope.com\/de\/wp-json\/wp\/v2\/product_brand?post=519997"},{"taxonomy":"product_cat","embeddable":true,"href":"https:\/\/b2b.calibereurope.com\/de\/wp-json\/wp\/v2\/product_cat?post=519997"},{"taxonomy":"product_tag","embeddable":true,"href":"https:\/\/b2b.calibereurope.com\/de\/wp-json\/wp\/v2\/product_tag?post=519997"}],"curies":[{"name":"wp","href":"https:\/\/api.w.org\/{rel}","templated":true}]}}