{"id":520081,"date":"2025-01-15T01:00:00","date_gmt":"2025-01-15T00:00:00","guid":{"rendered":""},"modified":"2025-01-15T08:58:15","modified_gmt":"2025-01-15T07:58:15","slug":"HBT-GU10-de_DE","status":"publish","type":"product","link":"https:\/\/b2b.calibereurope.com\/de\/produkt\/HBT-GU10-de_DE\/","title":{"rendered":"Intelligente Gl\u00fchbirne &#8211; Lose Gl\u00fchbirne &#8211; GU10 &#8211; Farben RGB und Wei\u00df (HBT-GU10)"},"content":{"rendered":"<p>Das Kaliber HBT-GU10 ist ein intelligenter LED-Scheinwerfer mit den gleichen Abmessungen und Anschl\u00fcssen wie die bekannten Glas-Halogen-Versionen. Die LED-Lampe hat eine Wattzahl von 5 Watt und eine Helligkeit von 300 Lumen. Die Lampe kann in jeder gew\u00fcnschten Farbe eingestellt werden, oder Sie k\u00f6nnen Wei\u00df mit einer Farbtemperatur von 2700K bis 9000K w\u00e4hlen, was f\u00fcr warmes Licht bis k\u00fchles wei\u00dfes Licht steht. <\/p>\n<p><strong>Verbinden Sie sich mit Ihrem Smartphone oder Tablet<\/strong><br \/>\nInstallieren Sie die Caliber Smart Home-App und verbinden Sie das intelligente Ger\u00e4t \u00fcber Bluetooth\u00ae mit Ihrem Smartphone oder Tablet. Geben Sie Ihre installierten Ger\u00e4te z. B. an Familie und Freunde weiter, damit jeder sie steuern kann. Dazu m\u00fcssen die Benutzer Bluetooth\u00ae auf ihrem Ger\u00e4t einschalten und sich im Umkreis von etwa 10 Metern um die intelligenten Ger\u00e4te befinden.<\/p>\n<p><strong>Erweiterung<\/strong><br \/>\nKombiniert man mehrere Lampen der HBT-Serie, entsteht ein sogenanntes &#8222;Bluetooth Low Energy Mesh&#8220;-Netzwerk. Der gro\u00dfe Vorteil dabei ist, dass diese intelligenten Ger\u00e4te auch dort funktionieren, wo es kein Wifi-Signal gibt. Das Mesh-Netzwerk funktioniert wie folgt: Ein Ger\u00e4t wird als &#8222;Master&#8220; zugewiesen. Von dort aus wird das Signal an das n\u00e4chste Ger\u00e4t und von diesem Ger\u00e4t aus weiter \u00fcbertragen. So kann das Ger\u00e4t das Signal sowohl empfangen als auch senden. Aus diesem Grund hat das Netzwerk eine sehr gro\u00dfe Reichweite und Sie ben\u00f6tigen z.B. keine Signalverst\u00e4rker.<\/p>\n<p><strong>Immer funktionsf\u00e4hig (optional)<\/strong><br \/>\nM\u00f6chten Sie Ihre HBT-Ger\u00e4te von \u00fcberall aus steuern? Denken Sie z.B. an Ihre Urlaubsadresse, das Haus von Freunden oder Familie oder an einen Ausgehabend. Verwenden Sie dann das abnehmbare HBT-Gateway. Hierf\u00fcr nutzen Sie Wifi. Das Bluetooth Mesh-Netzwerk verbindet sich \u00fcber Wifi mit dem Internet. Sie m\u00fcssen also nicht mehr innerhalb von 10 Metern Abstand bleiben, um die Beleuchtung \u00fcber die App zu steuern. Auf diese Weise nutzen Sie auch alle App-Funktionalit\u00e4ten optimal aus. Stellen Sie z.B. ein, dass die Beleuchtung bei Sonnenuntergang und Sonnenaufgang automatisch ein- und ausgeschaltet wird. Oder Geometrie festlegen. Das bedeutet, dass sich die HBT-Ger\u00e4te automatisch einschalten, wenn Sie in die N\u00e4he Ihrer Wohnung kommen, oder ausschalten, wenn Sie diese verlassen. Energie zu sparen war nie einfacher. <\/p>\n","protected":false},"excerpt":{"rendered":"<p>Das Kaliber HBT-GU10 ist ein intelligenter LED-Scheinwerfer mit den gleichen Abmessungen und Anschl\u00fcssen wie die bekannten Glas-Halogen-Versionen. Die LED-Lampe hat eine Wattzahl von 5 Watt und eine Helligkeit von 300 Lumen. Die Lampe kann in jeder gew\u00fcnschten Farbe eingestellt werden, oder Sie k\u00f6nnen Wei\u00df mit einer Farbtemperatur von 2700K bis 9000K w\u00e4hlen, was f\u00fcr warmes [&hellip;]<\/p>\n","protected":false},"featured_media":855638,"template":"","meta":{"_acf_changed":false,"site-sidebar-layout":"default","site-content-layout":"","ast-site-content-layout":"default","site-content-style":"default","site-sidebar-style":"default","ast-global-header-display":"","ast-banner-title-visibility":"","ast-main-header-display":"","ast-hfb-above-header-display":"","ast-hfb-below-header-display":"","ast-hfb-mobile-header-display":"","site-post-title":"","ast-breadcrumbs-content":"","ast-featured-img":"","footer-sml-layout":"","theme-transparent-header-meta":"","adv-header-id-meta":"","stick-header-meta":"","header-above-stick-meta":"","header-main-stick-meta":"","header-below-stick-meta":"","astra-migrate-meta-layouts":"default","ast-page-background-enabled":"default","ast-page-background-meta":{"desktop":{"background-color":"","background-image":"","background-repeat":"repeat","background-position":"center center","background-size":"auto","background-attachment":"scroll","background-type":"","background-media":"","overlay-type":"","overlay-color":"","overlay-opacity":"","overlay-gradient":""},"tablet":{"background-color":"","background-image":"","background-repeat":"repeat","background-position":"center center","background-size":"auto","background-attachment":"scroll","background-type":"","background-media":"","overlay-type":"","overlay-color":"","overlay-opacity":"","overlay-gradient":""},"mobile":{"background-color":"","background-image":"","background-repeat":"repeat","background-position":"center center","background-size":"auto","background-attachment":"scroll","background-type":"","background-media":"","overlay-type":"","overlay-color":"","overlay-opacity":"","overlay-gradient":""}},"ast-content-background-meta":{"desktop":{"background-color":"var(--ast-global-color-5)","background-image":"","background-repeat":"repeat","background-position":"center center","background-size":"auto","background-attachment":"scroll","background-type":"","background-media":"","overlay-type":"","overlay-color":"","overlay-opacity":"","overlay-gradient":""},"tablet":{"background-color":"var(--ast-global-color-5)","background-image":"","background-repeat":"repeat","background-position":"center center","background-size":"auto","background-attachment":"scroll","background-type":"","background-media":"","overlay-type":"","overlay-color":"","overlay-opacity":"","overlay-gradient":""},"mobile":{"background-color":"var(--ast-global-color-5)","background-image":"","background-repeat":"repeat","background-position":"center center","background-size":"auto","background-attachment":"scroll","background-type":"","background-media":"","overlay-type":"","overlay-color":"","overlay-opacity":"","overlay-gradient":""}}},"product_brand":[],"product_cat":[22956],"product_tag":[],"class_list":{"0":"post-520081","1":"product","2":"type-product","3":"status-publish","4":"has-post-thumbnail","6":"product_cat-keine-kategorie","7":"desktop-align-center","8":"tablet-align-center","9":"mobile-align-center","10":"ast-product-gallery-layout-horizontal","11":"ast-product-tabs-layout-horizontal","13":"first","14":"instock","15":"taxable","16":"shipping-taxable","17":"purchasable","18":"product-type-simple"},"acf":[],"yoast_head":"<!-- This site is optimized with the Yoast SEO plugin v26.5 - https:\/\/yoast.com\/wordpress\/plugins\/seo\/ -->\n<title>Intelligente Gl\u00fchbirne - Lose Gl\u00fchbirne - GU10 - Farben RGB und Wei\u00df (HBT-GU10) - Caliber Europe B.V.<\/title>\n<meta name=\"robots\" content=\"noindex, follow, max-snippet:-1, max-image-preview:large, max-video-preview:-1\" \/>\n<meta property=\"og:locale\" content=\"de_DE\" \/>\n<meta property=\"og:type\" content=\"article\" \/>\n<meta property=\"og:title\" content=\"Intelligente Gl\u00fchbirne - Lose Gl\u00fchbirne - GU10 - Farben RGB und Wei\u00df (HBT-GU10) - Caliber Europe B.V.\" \/>\n<meta property=\"og:description\" content=\"Das Kaliber HBT-GU10 ist ein intelligenter LED-Scheinwerfer mit den gleichen Abmessungen und Anschl\u00fcssen wie die bekannten Glas-Halogen-Versionen. Die LED-Lampe hat eine Wattzahl von 5 Watt und eine Helligkeit von 300 Lumen. Die Lampe kann in jeder gew\u00fcnschten Farbe eingestellt werden, oder Sie k\u00f6nnen Wei\u00df mit einer Farbtemperatur von 2700K bis 9000K w\u00e4hlen, was f\u00fcr warmes [&hellip;]\" \/>\n<meta property=\"og:url\" content=\"https:\/\/b2b.calibereurope.com\/de\/produkt\/hbt-gu10-de_de\/\" \/>\n<meta property=\"og:site_name\" content=\"Caliber Europe B.V.\" \/>\n<meta property=\"article:modified_time\" content=\"2025-01-15T07:58:15+00:00\" \/>\n<meta property=\"og:image\" content=\"https:\/\/b2b.calibereurope.com\/wp-content\/uploads\/2021\/09\/3acb131f350d7432de34263a917d9b96c6fa9484_HBT_GU10_verpakking.jpg\" \/>\n\t<meta property=\"og:image:width\" content=\"1024\" \/>\n\t<meta property=\"og:image:height\" content=\"768\" \/>\n\t<meta property=\"og:image:type\" content=\"image\/jpeg\" \/>\n<meta name=\"twitter:card\" content=\"summary_large_image\" \/>\n<meta name=\"twitter:label1\" content=\"Gesch\u00e4tzte Lesezeit\" \/>\n\t<meta name=\"twitter:data1\" content=\"2\u00a0Minuten\" \/>\n<script type=\"application\/ld+json\" class=\"yoast-schema-graph\">{\"@context\":\"https:\/\/schema.org\",\"@graph\":[{\"@type\":\"WebPage\",\"@id\":\"https:\/\/b2b.calibereurope.com\/de\/produkt\/hbt-gu10-de_de\/\",\"url\":\"https:\/\/b2b.calibereurope.com\/de\/produkt\/hbt-gu10-de_de\/\",\"name\":\"Intelligente Gl\u00fchbirne - Lose Gl\u00fchbirne - GU10 - Farben RGB und Wei\u00df (HBT-GU10) - Caliber Europe B.V.\",\"isPartOf\":{\"@id\":\"https:\/\/b2b.calibereurope.com\/#website\"},\"primaryImageOfPage\":{\"@id\":\"https:\/\/b2b.calibereurope.com\/de\/produkt\/hbt-gu10-de_de\/#primaryimage\"},\"image\":{\"@id\":\"https:\/\/b2b.calibereurope.com\/de\/produkt\/hbt-gu10-de_de\/#primaryimage\"},\"thumbnailUrl\":\"https:\/\/b2b.calibereurope.com\/wp-content\/uploads\/2025\/01\/3acb131f350d7432de34263a917d9b96c6fa9484_HBT_GU10_verpakking.jpg\",\"datePublished\":\"2025-01-15T00:00:00+00:00\",\"dateModified\":\"2025-01-15T07:58:15+00:00\",\"breadcrumb\":{\"@id\":\"https:\/\/b2b.calibereurope.com\/de\/produkt\/hbt-gu10-de_de\/#breadcrumb\"},\"inLanguage\":\"de\",\"potentialAction\":[{\"@type\":\"ReadAction\",\"target\":[\"https:\/\/b2b.calibereurope.com\/de\/produkt\/hbt-gu10-de_de\/\"]}]},{\"@type\":\"ImageObject\",\"inLanguage\":\"de\",\"@id\":\"https:\/\/b2b.calibereurope.com\/de\/produkt\/hbt-gu10-de_de\/#primaryimage\",\"url\":\"https:\/\/b2b.calibereurope.com\/wp-content\/uploads\/2025\/01\/3acb131f350d7432de34263a917d9b96c6fa9484_HBT_GU10_verpakking.jpg\",\"contentUrl\":\"https:\/\/b2b.calibereurope.com\/wp-content\/uploads\/2025\/01\/3acb131f350d7432de34263a917d9b96c6fa9484_HBT_GU10_verpakking.jpg\",\"width\":1024,\"height\":768},{\"@type\":\"BreadcrumbList\",\"@id\":\"https:\/\/b2b.calibereurope.com\/de\/produkt\/hbt-gu10-de_de\/#breadcrumb\",\"itemListElement\":[{\"@type\":\"ListItem\",\"position\":1,\"name\":\"Home\",\"item\":\"https:\/\/b2b.calibereurope.com\/de\/\"},{\"@type\":\"ListItem\",\"position\":2,\"name\":\"Shop\",\"item\":\"https:\/\/b2b.calibereurope.com\/de\/shop\/\"},{\"@type\":\"ListItem\",\"position\":3,\"name\":\"Smart-Lampe GU10 &#8211; Farben RGB und Wei\u00df Bluetooth-Masche (HBT-GU10)\"}]},{\"@type\":\"WebSite\",\"@id\":\"https:\/\/b2b.calibereurope.com\/#website\",\"url\":\"https:\/\/b2b.calibereurope.com\/\",\"name\":\"Caliber Europe B.V.\",\"description\":\"B2B Webshop\",\"publisher\":{\"@id\":\"https:\/\/b2b.calibereurope.com\/#organization\"},\"potentialAction\":[{\"@type\":\"SearchAction\",\"target\":{\"@type\":\"EntryPoint\",\"urlTemplate\":\"https:\/\/b2b.calibereurope.com\/?s={search_term_string}\"},\"query-input\":{\"@type\":\"PropertyValueSpecification\",\"valueRequired\":true,\"valueName\":\"search_term_string\"}}],\"inLanguage\":\"de\"},{\"@type\":\"Organization\",\"@id\":\"https:\/\/b2b.calibereurope.com\/#organization\",\"name\":\"Caliber Europe B.V.\",\"url\":\"https:\/\/b2b.calibereurope.com\/\",\"logo\":{\"@type\":\"ImageObject\",\"inLanguage\":\"de\",\"@id\":\"https:\/\/b2b.calibereurope.com\/#\/schema\/logo\/image\/\",\"url\":\"https:\/\/b2b.calibereurope.com\/wp-content\/uploads\/2020\/12\/Caliber_Logo-Black.png\",\"contentUrl\":\"https:\/\/b2b.calibereurope.com\/wp-content\/uploads\/2020\/12\/Caliber_Logo-Black.png\",\"width\":3157,\"height\":356,\"caption\":\"Caliber Europe B.V.\"},\"image\":{\"@id\":\"https:\/\/b2b.calibereurope.com\/#\/schema\/logo\/image\/\"}}]}<\/script>\n<!-- \/ Yoast SEO plugin. -->","yoast_head_json":{"title":"Intelligente Gl\u00fchbirne - Lose Gl\u00fchbirne - GU10 - Farben RGB und Wei\u00df (HBT-GU10) - Caliber Europe B.V.","robots":{"index":"noindex","follow":"follow","max-snippet":"max-snippet:-1","max-image-preview":"max-image-preview:large","max-video-preview":"max-video-preview:-1"},"og_locale":"de_DE","og_type":"article","og_title":"Intelligente Gl\u00fchbirne - Lose Gl\u00fchbirne - GU10 - Farben RGB und Wei\u00df (HBT-GU10) - Caliber Europe B.V.","og_description":"Das Kaliber HBT-GU10 ist ein intelligenter LED-Scheinwerfer mit den gleichen Abmessungen und Anschl\u00fcssen wie die bekannten Glas-Halogen-Versionen. Die LED-Lampe hat eine Wattzahl von 5 Watt und eine Helligkeit von 300 Lumen. Die Lampe kann in jeder gew\u00fcnschten Farbe eingestellt werden, oder Sie k\u00f6nnen Wei\u00df mit einer Farbtemperatur von 2700K bis 9000K w\u00e4hlen, was f\u00fcr warmes [&hellip;]","og_url":"https:\/\/b2b.calibereurope.com\/de\/produkt\/hbt-gu10-de_de\/","og_site_name":"Caliber Europe B.V.","article_modified_time":"2025-01-15T07:58:15+00:00","og_image":[{"width":1024,"height":768,"url":"https:\/\/b2b.calibereurope.com\/wp-content\/uploads\/2021\/09\/3acb131f350d7432de34263a917d9b96c6fa9484_HBT_GU10_verpakking.jpg","type":"image\/jpeg"}],"twitter_card":"summary_large_image","twitter_misc":{"Gesch\u00e4tzte Lesezeit":"2\u00a0Minuten"},"schema":{"@context":"https:\/\/schema.org","@graph":[{"@type":"WebPage","@id":"https:\/\/b2b.calibereurope.com\/de\/produkt\/hbt-gu10-de_de\/","url":"https:\/\/b2b.calibereurope.com\/de\/produkt\/hbt-gu10-de_de\/","name":"Intelligente Gl\u00fchbirne - Lose Gl\u00fchbirne - GU10 - Farben RGB und Wei\u00df (HBT-GU10) - Caliber Europe B.V.","isPartOf":{"@id":"https:\/\/b2b.calibereurope.com\/#website"},"primaryImageOfPage":{"@id":"https:\/\/b2b.calibereurope.com\/de\/produkt\/hbt-gu10-de_de\/#primaryimage"},"image":{"@id":"https:\/\/b2b.calibereurope.com\/de\/produkt\/hbt-gu10-de_de\/#primaryimage"},"thumbnailUrl":"https:\/\/b2b.calibereurope.com\/wp-content\/uploads\/2025\/01\/3acb131f350d7432de34263a917d9b96c6fa9484_HBT_GU10_verpakking.jpg","datePublished":"2025-01-15T00:00:00+00:00","dateModified":"2025-01-15T07:58:15+00:00","breadcrumb":{"@id":"https:\/\/b2b.calibereurope.com\/de\/produkt\/hbt-gu10-de_de\/#breadcrumb"},"inLanguage":"de","potentialAction":[{"@type":"ReadAction","target":["https:\/\/b2b.calibereurope.com\/de\/produkt\/hbt-gu10-de_de\/"]}]},{"@type":"ImageObject","inLanguage":"de","@id":"https:\/\/b2b.calibereurope.com\/de\/produkt\/hbt-gu10-de_de\/#primaryimage","url":"https:\/\/b2b.calibereurope.com\/wp-content\/uploads\/2025\/01\/3acb131f350d7432de34263a917d9b96c6fa9484_HBT_GU10_verpakking.jpg","contentUrl":"https:\/\/b2b.calibereurope.com\/wp-content\/uploads\/2025\/01\/3acb131f350d7432de34263a917d9b96c6fa9484_HBT_GU10_verpakking.jpg","width":1024,"height":768},{"@type":"BreadcrumbList","@id":"https:\/\/b2b.calibereurope.com\/de\/produkt\/hbt-gu10-de_de\/#breadcrumb","itemListElement":[{"@type":"ListItem","position":1,"name":"Home","item":"https:\/\/b2b.calibereurope.com\/de\/"},{"@type":"ListItem","position":2,"name":"Shop","item":"https:\/\/b2b.calibereurope.com\/de\/shop\/"},{"@type":"ListItem","position":3,"name":"Smart-Lampe GU10 &#8211; Farben RGB und Wei\u00df Bluetooth-Masche (HBT-GU10)"}]},{"@type":"WebSite","@id":"https:\/\/b2b.calibereurope.com\/#website","url":"https:\/\/b2b.calibereurope.com\/","name":"Caliber Europe B.V.","description":"B2B Webshop","publisher":{"@id":"https:\/\/b2b.calibereurope.com\/#organization"},"potentialAction":[{"@type":"SearchAction","target":{"@type":"EntryPoint","urlTemplate":"https:\/\/b2b.calibereurope.com\/?s={search_term_string}"},"query-input":{"@type":"PropertyValueSpecification","valueRequired":true,"valueName":"search_term_string"}}],"inLanguage":"de"},{"@type":"Organization","@id":"https:\/\/b2b.calibereurope.com\/#organization","name":"Caliber Europe B.V.","url":"https:\/\/b2b.calibereurope.com\/","logo":{"@type":"ImageObject","inLanguage":"de","@id":"https:\/\/b2b.calibereurope.com\/#\/schema\/logo\/image\/","url":"https:\/\/b2b.calibereurope.com\/wp-content\/uploads\/2020\/12\/Caliber_Logo-Black.png","contentUrl":"https:\/\/b2b.calibereurope.com\/wp-content\/uploads\/2020\/12\/Caliber_Logo-Black.png","width":3157,"height":356,"caption":"Caliber Europe B.V."},"image":{"@id":"https:\/\/b2b.calibereurope.com\/#\/schema\/logo\/image\/"}}]}},"_links":{"self":[{"href":"https:\/\/b2b.calibereurope.com\/de\/wp-json\/wp\/v2\/product\/520081","targetHints":{"allow":["GET"]}}],"collection":[{"href":"https:\/\/b2b.calibereurope.com\/de\/wp-json\/wp\/v2\/product"}],"about":[{"href":"https:\/\/b2b.calibereurope.com\/de\/wp-json\/wp\/v2\/types\/product"}],"version-history":[{"count":0,"href":"https:\/\/b2b.calibereurope.com\/de\/wp-json\/wp\/v2\/product\/520081\/revisions"}],"wp:featuredmedia":[{"embeddable":true,"href":"https:\/\/b2b.calibereurope.com\/de\/wp-json\/wp\/v2\/media\/855638"}],"wp:attachment":[{"href":"https:\/\/b2b.calibereurope.com\/de\/wp-json\/wp\/v2\/media?parent=520081"}],"wp:term":[{"taxonomy":"product_brand","embeddable":true,"href":"https:\/\/b2b.calibereurope.com\/de\/wp-json\/wp\/v2\/product_brand?post=520081"},{"taxonomy":"product_cat","embeddable":true,"href":"https:\/\/b2b.calibereurope.com\/de\/wp-json\/wp\/v2\/product_cat?post=520081"},{"taxonomy":"product_tag","embeddable":true,"href":"https:\/\/b2b.calibereurope.com\/de\/wp-json\/wp\/v2\/product_tag?post=520081"}],"curies":[{"name":"wp","href":"https:\/\/api.w.org\/{rel}","templated":true}]}}