{"id":520445,"date":"2026-04-07T02:00:00","date_gmt":"2026-04-07T00:00:00","guid":{"rendered":"0"},"modified":"2026-04-07T07:26:32","modified_gmt":"2026-04-07T05:26:32","slug":"HCG019QI-SG-de_DE","status":"publish","type":"product","link":"https:\/\/b2b.calibereurope.com\/de\/produkt\/HCG019QI-SG-de_DE\/","title":{"rendered":"Digitaler Wecker &#8211; drahtloses Ladeger\u00e4t f\u00fcr Telefone &#8211; Wecklicht &#8211; Space Grau (HCG019QI-SG)"},"content":{"rendered":"<p>Der Caliber HCG019QI-SG Digitalwecker ist ein <strong>Wecker, Nachtlicht und Ladeger\u00e4t in einem. <\/strong>Stellen Sie <strong>2 Alarmzeiten <\/strong>f\u00fcr Wochentage und Wochenenden ein. Dank der <strong>Ersatzbatterie <\/strong>k\u00f6nnen Sie sicher sein, dass Ihr Alarm auch bei einem Stromausfall ausgel\u00f6st wird. Die <strong>Schlummerfunktion <\/strong>erm\u00f6glicht es Ihnen, l\u00e4nger im Bett zu bleiben, ohne zu verschlafen. Dieser drahtlose Wecker und Ladeger\u00e4t f\u00fcr Ihr Telefon hat die <strong>iPhone Farbe Space Grau. <\/strong>Dank des <strong>dimmbaren Wecklichts <\/strong>wachen Sie mit einem Gef\u00fchl der Ruhe und Entspannung auf.<\/p>\n<p><\/p>\n<p><strong>Merkmale:<\/strong><\/p>\n<ul>\n<li>Digitaler Wecker mit Ladeger\u00e4t<\/li>\n<li>Schnelles drahtloses Aufladen dank der Qi-Technologie<\/li>\n<li>Aufladen auch \u00fcber USB-Anschluss m\u00f6glich<\/li>\n<li>Dieselbe Farbe wie iPhone Space Grey<\/li>\n<li>Mit dimmbarem Wecklicht<\/li>\n<li>Licht in verschiedenen Farben einstellbar<\/li>\n<li>Schlummerfunktion<\/li>\n<li>Doppelalarm<\/li>\n<li>Keine FM-Funktion<\/li>\n<li>Wei\u00dfes Display<\/li>\n<\/ul>\n<h3>Aufgewacht und aufgeladen<\/h3>\n<p>Dieser Caliber Wecker ist nicht nur ein digitaler Wecker, sondern auch ein drahtloses Ladeger\u00e4t f\u00fcr Ihr Telefon. Dank der Qi-Technologie k\u00f6nnen Sie Ihr Telefon einfach und schnell drahtlos aufladen, indem Sie Ihr Telefon auf die Bogenform legen. Unterst\u00fctzt Ihr Telefon diese drahtlose Ladetechnologie nicht? Dann k\u00f6nnen Sie auch ein Ladeger\u00e4t \u00fcber den USB-Anschluss verwenden.<\/p>\n<h3>Aufwachen mit Wecklicht<\/h3>\n<p>Dieses Wecker-Ladeger\u00e4t f\u00fcr das Telefon verf\u00fcgt au\u00dferdem \u00fcber ein Wecklicht. Durch die Bogenform des Caliber Weckers ist Platz f\u00fcr ein dimmbares Licht. Sie k\u00f6nnen dieses Licht als Nachtlicht verwenden und es in verschiedenen Farben einstellen. W\u00e4hlen Sie zum Beispiel die Standardfarbe Warmwei\u00df, entscheiden Sie sich f\u00fcr Lila oder versuchen Sie es mit einer gr\u00fcnen Farbe!<\/p>\n<h3>Immer p\u00fcnktlich<\/h3>\n<p>Mit diesem digitalen Wecker von Caliber k\u00f6nnen Sie ein paar Minuten l\u00e4nger schlafen, ohne Angst zu haben, zu verschlafen. Haben Sie einen wichtigen Tag im B\u00fcro oder einen sch\u00f6nen Ausflug geplant? Stellen Sie zwei Weckzeiten ein und Sie k\u00f6nnen sicher sein, dass Sie nicht verschlafen werden. Oder nutzen Sie die praktische Schlummerfunktion, damit Sie nach einer Weile wieder mit dem Summerton geweckt werden. Dieser intelligente Wecker passt die Helligkeit der Zahlen auf dem wei\u00dfen Display an die Uhrzeit an. Wenn Sie nachts aufwachen und die Uhrzeit deutlich sehen m\u00f6chten, k\u00f6nnen Sie sie im Handumdrehen heller machen.<\/p>\n","protected":false},"excerpt":{"rendered":"<p>Der Caliber HCG019QI-SG Digitalwecker ist ein Wecker, Nachtlicht und Ladeger\u00e4t in einem. Stellen Sie 2 Alarmzeiten f\u00fcr Wochentage und Wochenenden ein. Dank der Ersatzbatterie k\u00f6nnen Sie sicher sein, dass Ihr Alarm auch bei einem Stromausfall ausgel\u00f6st wird. Die Schlummerfunktion erm\u00f6glicht es Ihnen, l\u00e4nger im Bett zu bleiben, ohne zu verschlafen. Dieser drahtlose Wecker und Ladeger\u00e4t [&hellip;]<\/p>\n","protected":false},"featured_media":873101,"template":"","meta":{"_acf_changed":false,"site-sidebar-layout":"default","site-content-layout":"","ast-site-content-layout":"default","site-content-style":"default","site-sidebar-style":"default","ast-global-header-display":"","ast-banner-title-visibility":"","ast-main-header-display":"","ast-hfb-above-header-display":"","ast-hfb-below-header-display":"","ast-hfb-mobile-header-display":"","site-post-title":"","ast-breadcrumbs-content":"","ast-featured-img":"","footer-sml-layout":"","theme-transparent-header-meta":"","adv-header-id-meta":"","stick-header-meta":"","header-above-stick-meta":"","header-main-stick-meta":"","header-below-stick-meta":"","astra-migrate-meta-layouts":"default","ast-page-background-enabled":"default","ast-page-background-meta":{"desktop":{"background-color":"","background-image":"","background-repeat":"repeat","background-position":"center center","background-size":"auto","background-attachment":"scroll","background-type":"","background-media":"","overlay-type":"","overlay-color":"","overlay-opacity":"","overlay-gradient":""},"tablet":{"background-color":"","background-image":"","background-repeat":"repeat","background-position":"center center","background-size":"auto","background-attachment":"scroll","background-type":"","background-media":"","overlay-type":"","overlay-color":"","overlay-opacity":"","overlay-gradient":""},"mobile":{"background-color":"","background-image":"","background-repeat":"repeat","background-position":"center center","background-size":"auto","background-attachment":"scroll","background-type":"","background-media":"","overlay-type":"","overlay-color":"","overlay-opacity":"","overlay-gradient":""}},"ast-content-background-meta":{"desktop":{"background-color":"var(--ast-global-color-5)","background-image":"","background-repeat":"repeat","background-position":"center center","background-size":"auto","background-attachment":"scroll","background-type":"","background-media":"","overlay-type":"","overlay-color":"","overlay-opacity":"","overlay-gradient":""},"tablet":{"background-color":"var(--ast-global-color-5)","background-image":"","background-repeat":"repeat","background-position":"center center","background-size":"auto","background-attachment":"scroll","background-type":"","background-media":"","overlay-type":"","overlay-color":"","overlay-opacity":"","overlay-gradient":""},"mobile":{"background-color":"var(--ast-global-color-5)","background-image":"","background-repeat":"repeat","background-position":"center center","background-size":"auto","background-attachment":"scroll","background-type":"","background-media":"","overlay-type":"","overlay-color":"","overlay-opacity":"","overlay-gradient":""}}},"product_brand":[],"product_cat":[22956],"product_tag":[],"class_list":{"0":"post-520445","1":"product","2":"type-product","3":"status-publish","4":"has-post-thumbnail","6":"product_cat-keine-kategorie","7":"desktop-align-center","8":"tablet-align-center","9":"mobile-align-center","10":"ast-product-gallery-layout-horizontal","11":"ast-product-tabs-layout-horizontal","13":"first","14":"instock","15":"taxable","16":"shipping-taxable","17":"purchasable","18":"product-type-simple"},"acf":[],"yoast_head":"<!-- This site is optimized with the Yoast SEO plugin v26.5 - https:\/\/yoast.com\/wordpress\/plugins\/seo\/ -->\n<title>Digitaler Wecker - drahtloses Ladeger\u00e4t f\u00fcr Telefone - Wecklicht - Space Grau (HCG019QI-SG) - Caliber Europe B.V.<\/title>\n<meta name=\"robots\" content=\"noindex, follow, max-snippet:-1, max-image-preview:large, max-video-preview:-1\" \/>\n<meta property=\"og:locale\" content=\"de_DE\" \/>\n<meta property=\"og:type\" content=\"article\" \/>\n<meta property=\"og:title\" content=\"Digitaler Wecker - drahtloses Ladeger\u00e4t f\u00fcr Telefone - Wecklicht - Space Grau (HCG019QI-SG) - Caliber Europe B.V.\" \/>\n<meta property=\"og:description\" content=\"Der Caliber HCG019QI-SG Digitalwecker ist ein Wecker, Nachtlicht und Ladeger\u00e4t in einem. Stellen Sie 2 Alarmzeiten f\u00fcr Wochentage und Wochenenden ein. Dank der Ersatzbatterie k\u00f6nnen Sie sicher sein, dass Ihr Alarm auch bei einem Stromausfall ausgel\u00f6st wird. Die Schlummerfunktion erm\u00f6glicht es Ihnen, l\u00e4nger im Bett zu bleiben, ohne zu verschlafen. Dieser drahtlose Wecker und Ladeger\u00e4t [&hellip;]\" \/>\n<meta property=\"og:url\" content=\"https:\/\/b2b.calibereurope.com\/de\/produkt\/hcg019qi-sg-de_de\/\" \/>\n<meta property=\"og:site_name\" content=\"Caliber Europe B.V.\" \/>\n<meta property=\"article:modified_time\" content=\"2026-04-07T05:26:32+00:00\" \/>\n<meta property=\"og:image\" content=\"https:\/\/b2b.calibereurope.com\/wp-content\/uploads\/2021\/09\/e12eb7eb9ed6545def2283b51a23522b959f5d67_HCG019Qi_SG_iPhone.jpg\" \/>\n\t<meta property=\"og:image:width\" content=\"1024\" \/>\n\t<meta property=\"og:image:height\" content=\"768\" \/>\n\t<meta property=\"og:image:type\" content=\"image\/jpeg\" \/>\n<meta name=\"twitter:card\" content=\"summary_large_image\" \/>\n<meta name=\"twitter:label1\" content=\"Gesch\u00e4tzte Lesezeit\" \/>\n\t<meta name=\"twitter:data1\" content=\"2\u00a0Minuten\" \/>\n<script type=\"application\/ld+json\" class=\"yoast-schema-graph\">{\"@context\":\"https:\/\/schema.org\",\"@graph\":[{\"@type\":\"WebPage\",\"@id\":\"https:\/\/b2b.calibereurope.com\/de\/produkt\/hcg019qi-sg-de_de\/\",\"url\":\"https:\/\/b2b.calibereurope.com\/de\/produkt\/hcg019qi-sg-de_de\/\",\"name\":\"Digitaler Wecker - drahtloses Ladeger\u00e4t f\u00fcr Telefone - Wecklicht - Space Grau (HCG019QI-SG) - Caliber Europe B.V.\",\"isPartOf\":{\"@id\":\"https:\/\/b2b.calibereurope.com\/#website\"},\"primaryImageOfPage\":{\"@id\":\"https:\/\/b2b.calibereurope.com\/de\/produkt\/hcg019qi-sg-de_de\/#primaryimage\"},\"image\":{\"@id\":\"https:\/\/b2b.calibereurope.com\/de\/produkt\/hcg019qi-sg-de_de\/#primaryimage\"},\"thumbnailUrl\":\"https:\/\/b2b.calibereurope.com\/wp-content\/uploads\/2026\/04\/0e56d72a5f714c245729df000acc3f10ce6b0028_HCG019QI_PB_Enhanced_Images_SG_07.jpg\",\"datePublished\":\"2026-04-07T00:00:00+00:00\",\"dateModified\":\"2026-04-07T05:26:32+00:00\",\"breadcrumb\":{\"@id\":\"https:\/\/b2b.calibereurope.com\/de\/produkt\/hcg019qi-sg-de_de\/#breadcrumb\"},\"inLanguage\":\"de\",\"potentialAction\":[{\"@type\":\"ReadAction\",\"target\":[\"https:\/\/b2b.calibereurope.com\/de\/produkt\/hcg019qi-sg-de_de\/\"]}]},{\"@type\":\"ImageObject\",\"inLanguage\":\"de\",\"@id\":\"https:\/\/b2b.calibereurope.com\/de\/produkt\/hcg019qi-sg-de_de\/#primaryimage\",\"url\":\"https:\/\/b2b.calibereurope.com\/wp-content\/uploads\/2026\/04\/0e56d72a5f714c245729df000acc3f10ce6b0028_HCG019QI_PB_Enhanced_Images_SG_07.jpg\",\"contentUrl\":\"https:\/\/b2b.calibereurope.com\/wp-content\/uploads\/2026\/04\/0e56d72a5f714c245729df000acc3f10ce6b0028_HCG019QI_PB_Enhanced_Images_SG_07.jpg\",\"width\":2500,\"height\":2500},{\"@type\":\"BreadcrumbList\",\"@id\":\"https:\/\/b2b.calibereurope.com\/de\/produkt\/hcg019qi-sg-de_de\/#breadcrumb\",\"itemListElement\":[{\"@type\":\"ListItem\",\"position\":1,\"name\":\"Home\",\"item\":\"https:\/\/b2b.calibereurope.com\/de\/\"},{\"@type\":\"ListItem\",\"position\":2,\"name\":\"Shop\",\"item\":\"https:\/\/b2b.calibereurope.com\/de\/shop\/\"},{\"@type\":\"ListItem\",\"position\":3,\"name\":\"Wecker mit drahtloser Aufladung &#8211; Space Grey (HCG019QI-SG)\"}]},{\"@type\":\"WebSite\",\"@id\":\"https:\/\/b2b.calibereurope.com\/#website\",\"url\":\"https:\/\/b2b.calibereurope.com\/\",\"name\":\"Caliber Europe B.V.\",\"description\":\"B2B Webshop\",\"publisher\":{\"@id\":\"https:\/\/b2b.calibereurope.com\/#organization\"},\"potentialAction\":[{\"@type\":\"SearchAction\",\"target\":{\"@type\":\"EntryPoint\",\"urlTemplate\":\"https:\/\/b2b.calibereurope.com\/?s={search_term_string}\"},\"query-input\":{\"@type\":\"PropertyValueSpecification\",\"valueRequired\":true,\"valueName\":\"search_term_string\"}}],\"inLanguage\":\"de\"},{\"@type\":\"Organization\",\"@id\":\"https:\/\/b2b.calibereurope.com\/#organization\",\"name\":\"Caliber Europe B.V.\",\"url\":\"https:\/\/b2b.calibereurope.com\/\",\"logo\":{\"@type\":\"ImageObject\",\"inLanguage\":\"de\",\"@id\":\"https:\/\/b2b.calibereurope.com\/#\/schema\/logo\/image\/\",\"url\":\"https:\/\/b2b.calibereurope.com\/wp-content\/uploads\/2020\/12\/Caliber_Logo-Black.png\",\"contentUrl\":\"https:\/\/b2b.calibereurope.com\/wp-content\/uploads\/2020\/12\/Caliber_Logo-Black.png\",\"width\":3157,\"height\":356,\"caption\":\"Caliber Europe B.V.\"},\"image\":{\"@id\":\"https:\/\/b2b.calibereurope.com\/#\/schema\/logo\/image\/\"}}]}<\/script>\n<!-- \/ Yoast SEO plugin. -->","yoast_head_json":{"title":"Digitaler Wecker - drahtloses Ladeger\u00e4t f\u00fcr Telefone - Wecklicht - Space Grau (HCG019QI-SG) - Caliber Europe B.V.","robots":{"index":"noindex","follow":"follow","max-snippet":"max-snippet:-1","max-image-preview":"max-image-preview:large","max-video-preview":"max-video-preview:-1"},"og_locale":"de_DE","og_type":"article","og_title":"Digitaler Wecker - drahtloses Ladeger\u00e4t f\u00fcr Telefone - Wecklicht - Space Grau (HCG019QI-SG) - Caliber Europe B.V.","og_description":"Der Caliber HCG019QI-SG Digitalwecker ist ein Wecker, Nachtlicht und Ladeger\u00e4t in einem. Stellen Sie 2 Alarmzeiten f\u00fcr Wochentage und Wochenenden ein. Dank der Ersatzbatterie k\u00f6nnen Sie sicher sein, dass Ihr Alarm auch bei einem Stromausfall ausgel\u00f6st wird. Die Schlummerfunktion erm\u00f6glicht es Ihnen, l\u00e4nger im Bett zu bleiben, ohne zu verschlafen. Dieser drahtlose Wecker und Ladeger\u00e4t [&hellip;]","og_url":"https:\/\/b2b.calibereurope.com\/de\/produkt\/hcg019qi-sg-de_de\/","og_site_name":"Caliber Europe B.V.","article_modified_time":"2026-04-07T05:26:32+00:00","og_image":[{"width":1024,"height":768,"url":"https:\/\/b2b.calibereurope.com\/wp-content\/uploads\/2021\/09\/e12eb7eb9ed6545def2283b51a23522b959f5d67_HCG019Qi_SG_iPhone.jpg","type":"image\/jpeg"}],"twitter_card":"summary_large_image","twitter_misc":{"Gesch\u00e4tzte Lesezeit":"2\u00a0Minuten"},"schema":{"@context":"https:\/\/schema.org","@graph":[{"@type":"WebPage","@id":"https:\/\/b2b.calibereurope.com\/de\/produkt\/hcg019qi-sg-de_de\/","url":"https:\/\/b2b.calibereurope.com\/de\/produkt\/hcg019qi-sg-de_de\/","name":"Digitaler Wecker - drahtloses Ladeger\u00e4t f\u00fcr Telefone - Wecklicht - Space Grau (HCG019QI-SG) - Caliber Europe B.V.","isPartOf":{"@id":"https:\/\/b2b.calibereurope.com\/#website"},"primaryImageOfPage":{"@id":"https:\/\/b2b.calibereurope.com\/de\/produkt\/hcg019qi-sg-de_de\/#primaryimage"},"image":{"@id":"https:\/\/b2b.calibereurope.com\/de\/produkt\/hcg019qi-sg-de_de\/#primaryimage"},"thumbnailUrl":"https:\/\/b2b.calibereurope.com\/wp-content\/uploads\/2026\/04\/0e56d72a5f714c245729df000acc3f10ce6b0028_HCG019QI_PB_Enhanced_Images_SG_07.jpg","datePublished":"2026-04-07T00:00:00+00:00","dateModified":"2026-04-07T05:26:32+00:00","breadcrumb":{"@id":"https:\/\/b2b.calibereurope.com\/de\/produkt\/hcg019qi-sg-de_de\/#breadcrumb"},"inLanguage":"de","potentialAction":[{"@type":"ReadAction","target":["https:\/\/b2b.calibereurope.com\/de\/produkt\/hcg019qi-sg-de_de\/"]}]},{"@type":"ImageObject","inLanguage":"de","@id":"https:\/\/b2b.calibereurope.com\/de\/produkt\/hcg019qi-sg-de_de\/#primaryimage","url":"https:\/\/b2b.calibereurope.com\/wp-content\/uploads\/2026\/04\/0e56d72a5f714c245729df000acc3f10ce6b0028_HCG019QI_PB_Enhanced_Images_SG_07.jpg","contentUrl":"https:\/\/b2b.calibereurope.com\/wp-content\/uploads\/2026\/04\/0e56d72a5f714c245729df000acc3f10ce6b0028_HCG019QI_PB_Enhanced_Images_SG_07.jpg","width":2500,"height":2500},{"@type":"BreadcrumbList","@id":"https:\/\/b2b.calibereurope.com\/de\/produkt\/hcg019qi-sg-de_de\/#breadcrumb","itemListElement":[{"@type":"ListItem","position":1,"name":"Home","item":"https:\/\/b2b.calibereurope.com\/de\/"},{"@type":"ListItem","position":2,"name":"Shop","item":"https:\/\/b2b.calibereurope.com\/de\/shop\/"},{"@type":"ListItem","position":3,"name":"Wecker mit drahtloser Aufladung &#8211; Space Grey (HCG019QI-SG)"}]},{"@type":"WebSite","@id":"https:\/\/b2b.calibereurope.com\/#website","url":"https:\/\/b2b.calibereurope.com\/","name":"Caliber Europe B.V.","description":"B2B Webshop","publisher":{"@id":"https:\/\/b2b.calibereurope.com\/#organization"},"potentialAction":[{"@type":"SearchAction","target":{"@type":"EntryPoint","urlTemplate":"https:\/\/b2b.calibereurope.com\/?s={search_term_string}"},"query-input":{"@type":"PropertyValueSpecification","valueRequired":true,"valueName":"search_term_string"}}],"inLanguage":"de"},{"@type":"Organization","@id":"https:\/\/b2b.calibereurope.com\/#organization","name":"Caliber Europe B.V.","url":"https:\/\/b2b.calibereurope.com\/","logo":{"@type":"ImageObject","inLanguage":"de","@id":"https:\/\/b2b.calibereurope.com\/#\/schema\/logo\/image\/","url":"https:\/\/b2b.calibereurope.com\/wp-content\/uploads\/2020\/12\/Caliber_Logo-Black.png","contentUrl":"https:\/\/b2b.calibereurope.com\/wp-content\/uploads\/2020\/12\/Caliber_Logo-Black.png","width":3157,"height":356,"caption":"Caliber Europe B.V."},"image":{"@id":"https:\/\/b2b.calibereurope.com\/#\/schema\/logo\/image\/"}}]}},"_links":{"self":[{"href":"https:\/\/b2b.calibereurope.com\/de\/wp-json\/wp\/v2\/product\/520445","targetHints":{"allow":["GET"]}}],"collection":[{"href":"https:\/\/b2b.calibereurope.com\/de\/wp-json\/wp\/v2\/product"}],"about":[{"href":"https:\/\/b2b.calibereurope.com\/de\/wp-json\/wp\/v2\/types\/product"}],"version-history":[{"count":0,"href":"https:\/\/b2b.calibereurope.com\/de\/wp-json\/wp\/v2\/product\/520445\/revisions"}],"wp:featuredmedia":[{"embeddable":true,"href":"https:\/\/b2b.calibereurope.com\/de\/wp-json\/wp\/v2\/media\/873101"}],"wp:attachment":[{"href":"https:\/\/b2b.calibereurope.com\/de\/wp-json\/wp\/v2\/media?parent=520445"}],"wp:term":[{"taxonomy":"product_brand","embeddable":true,"href":"https:\/\/b2b.calibereurope.com\/de\/wp-json\/wp\/v2\/product_brand?post=520445"},{"taxonomy":"product_cat","embeddable":true,"href":"https:\/\/b2b.calibereurope.com\/de\/wp-json\/wp\/v2\/product_cat?post=520445"},{"taxonomy":"product_tag","embeddable":true,"href":"https:\/\/b2b.calibereurope.com\/de\/wp-json\/wp\/v2\/product_tag?post=520445"}],"curies":[{"name":"wp","href":"https:\/\/api.w.org\/{rel}","templated":true}]}}