{"id":520693,"date":"2026-04-07T02:00:00","date_gmt":"2026-04-07T00:00:00","guid":{"rendered":"0"},"modified":"2026-04-07T07:27:17","modified_gmt":"2026-04-07T05:27:17","slug":"HCG019QI-PB-de_DE","status":"publish","type":"product","link":"https:\/\/b2b.calibereurope.com\/de\/produkt\/HCG019QI-PB-de_DE\/","title":{"rendered":"Digitaler Wecker mit drahtlosem Ladeger\u00e4t &#8211; Dualer Wecker mit Wecklicht &#8211; Pazifikblau (HCG019QI-PB)"},"content":{"rendered":"<p>Mit diesem Caliber HCG019QI-PB Digitalwecker mit drahtlosem <strong>Ladeger\u00e4t <\/strong>starten Sie und Ihr Handy voll aufgeladen in den Tag. Dieses Ger\u00e4t hat ein <strong>gro\u00dfes wei\u00dfes Display <\/strong>mit <strong>Dimmerfunktion <\/strong>und ist in der <strong>iPhone Farbe Pacific Blue <\/strong>gehalten. Es k\u00f6nnen <strong>2 Weckzeiten eingestellt werden <\/strong>und eine <strong>Schlummerfunktion <\/strong>ist ebenfalls verf\u00fcgbar, sodass Sie genau so aufwachen k\u00f6nnen, wie Sie m\u00f6chten. Dieser Wecker von Caliber verf\u00fcgt \u00fcber ein <strong>Nachtlicht <\/strong>mit <strong>einstellbarer Lichtfarbe <\/strong>und ein Wecklicht. Dank der Backup-Batterie k\u00f6nnen Sie nie wieder verschlafen.<\/p>\n<p><\/p>\n<p><strong>Merkmale:<\/strong><\/p>\n<ul>\n<li>Mit drahtlosem Handy-Ladeger\u00e4t<\/li>\n<li>Gro\u00dfes wei\u00dfes Display<\/li>\n<li>2 einstellbare Alarmzeiten<\/li>\n<li>Dimmbares Display<\/li>\n<li>Schlummerfunktion<\/li>\n<li>Nachtlicht in verschiedenen Farben<\/li>\n<li>Licht zum Aufwachen<\/li>\n<li>Ersatzbatterie<\/li>\n<li>Farbe: iPhone Pacific Blue<\/li>\n<li>Keine FM-Funktion<\/li>\n<\/ul>\n<h3>Multifunktionaler digitaler Wecker<\/h3>\n<p>Dieser digitale Wecker von Caliber hat alles, was Sie brauchen. Es enth\u00e4lt sowohl ein drahtloses Ladeger\u00e4t f\u00fcr Ihr Telefon als auch ein Nachtlicht. Der Wecker unterst\u00fctzt das Aufladen \u00fcber die Qi-Schnellladetechnologie. Ist Ihr Telefon damit kompatibel? Dann k\u00f6nnen Sie drahtlos \u00fcber den Wecker aufladen! Haben Sie das nicht? Dann k\u00f6nnen Sie Ihr Telefon \u00fcber den verf\u00fcgbaren USB-Ausgang aufladen. Dar\u00fcber hinaus verf\u00fcgt der Wecker \u00fcber ein Nachtlicht mit verschiedenen stimmungsvollen Farben.<\/p>\n<h3>Wachen Sie auf, wie Sie m\u00f6chten<\/h3>\n<p>Auf dem Wecker dieses Ger\u00e4ts k\u00f6nnen zwei Weckzeiten eingestellt werden. Ideal f\u00fcr die gemeinsame Nutzung des Weckers, wenn Sie und Ihr Partner zu unterschiedlichen Zeiten aufstehen! Sie k\u00f6nnen auch eine Schlummerfunktion einstellen, sodass Sie sich umdrehen k\u00f6nnen, wenn der Wecker klingelt, ohne sofort zu verschlafen. Sie werden mit einem Summerton geweckt. Praktisch zu wissen: Dieser digitale Wecker mit drahtlosem Ladeger\u00e4t von Caliber verf\u00fcgt nicht \u00fcber eine Radiofunktion.<\/p>\n<h3>Bequem in der Anwendung<\/h3>\n<p>Das elegante Design dieses Weckers zeigt ein sch\u00f6nes gro\u00dfes wei\u00dfes Display. Dank der automatischen Dimmerfunktion passt sich die Helligkeit der Umgebung an. Das Display wird gegen Mitternacht weniger hell und ist am fr\u00fchen Morgen wieder vollst\u00e4ndig hell. Auf diese Weise fungiert der digitale Wecker als Wecklicht und Sie wachen angenehm auf. Sie k\u00f6nnen die Helligkeit des Displays jederzeit anpassen. Wie alle modernen Wecker hat auch dieser Wecker eine Ersatzbatterie. So weckt Sie der Wecker immer p\u00fcnktlich, auch wenn der Strom pl\u00f6tzlich ausf\u00e4llt.<\/p>\n","protected":false},"excerpt":{"rendered":"<p>Mit diesem Caliber HCG019QI-PB Digitalwecker mit drahtlosem Ladeger\u00e4t starten Sie und Ihr Handy voll aufgeladen in den Tag. Dieses Ger\u00e4t hat ein gro\u00dfes wei\u00dfes Display mit Dimmerfunktion und ist in der iPhone Farbe Pacific Blue gehalten. Es k\u00f6nnen 2 Weckzeiten eingestellt werden und eine Schlummerfunktion ist ebenfalls verf\u00fcgbar, sodass Sie genau so aufwachen k\u00f6nnen, wie [&hellip;]<\/p>\n","protected":false},"featured_media":873261,"template":"","meta":{"_acf_changed":false,"site-sidebar-layout":"default","site-content-layout":"","ast-site-content-layout":"default","site-content-style":"default","site-sidebar-style":"default","ast-global-header-display":"","ast-banner-title-visibility":"","ast-main-header-display":"","ast-hfb-above-header-display":"","ast-hfb-below-header-display":"","ast-hfb-mobile-header-display":"","site-post-title":"","ast-breadcrumbs-content":"","ast-featured-img":"","footer-sml-layout":"","theme-transparent-header-meta":"","adv-header-id-meta":"","stick-header-meta":"","header-above-stick-meta":"","header-main-stick-meta":"","header-below-stick-meta":"","astra-migrate-meta-layouts":"default","ast-page-background-enabled":"default","ast-page-background-meta":{"desktop":{"background-color":"","background-image":"","background-repeat":"repeat","background-position":"center center","background-size":"auto","background-attachment":"scroll","background-type":"","background-media":"","overlay-type":"","overlay-color":"","overlay-opacity":"","overlay-gradient":""},"tablet":{"background-color":"","background-image":"","background-repeat":"repeat","background-position":"center center","background-size":"auto","background-attachment":"scroll","background-type":"","background-media":"","overlay-type":"","overlay-color":"","overlay-opacity":"","overlay-gradient":""},"mobile":{"background-color":"","background-image":"","background-repeat":"repeat","background-position":"center center","background-size":"auto","background-attachment":"scroll","background-type":"","background-media":"","overlay-type":"","overlay-color":"","overlay-opacity":"","overlay-gradient":""}},"ast-content-background-meta":{"desktop":{"background-color":"var(--ast-global-color-5)","background-image":"","background-repeat":"repeat","background-position":"center center","background-size":"auto","background-attachment":"scroll","background-type":"","background-media":"","overlay-type":"","overlay-color":"","overlay-opacity":"","overlay-gradient":""},"tablet":{"background-color":"var(--ast-global-color-5)","background-image":"","background-repeat":"repeat","background-position":"center center","background-size":"auto","background-attachment":"scroll","background-type":"","background-media":"","overlay-type":"","overlay-color":"","overlay-opacity":"","overlay-gradient":""},"mobile":{"background-color":"var(--ast-global-color-5)","background-image":"","background-repeat":"repeat","background-position":"center center","background-size":"auto","background-attachment":"scroll","background-type":"","background-media":"","overlay-type":"","overlay-color":"","overlay-opacity":"","overlay-gradient":""}}},"product_brand":[],"product_cat":[12263,12275],"product_tag":[],"class_list":{"0":"post-520693","1":"product","2":"type-product","3":"status-publish","4":"has-post-thumbnail","6":"product_cat-wonen_de_de","7":"product_cat-wekker_radios_de_de","8":"desktop-align-center","9":"tablet-align-center","10":"mobile-align-center","11":"ast-product-gallery-layout-horizontal","12":"ast-product-gallery-with-no-image","13":"ast-product-tabs-layout-horizontal","15":"first","16":"instock","17":"taxable","18":"shipping-taxable","19":"purchasable","20":"product-type-simple"},"acf":[],"yoast_head":"<!-- This site is optimized with the Yoast SEO plugin v26.5 - https:\/\/yoast.com\/wordpress\/plugins\/seo\/ -->\n<title>Digitaler Wecker mit drahtlosem Ladeger\u00e4t - Dualer Wecker mit Wecklicht - Pazifikblau (HCG019QI-PB) - Caliber Europe B.V.<\/title>\n<meta name=\"robots\" content=\"noindex, follow, max-snippet:-1, max-image-preview:large, max-video-preview:-1\" \/>\n<meta property=\"og:locale\" content=\"de_DE\" \/>\n<meta property=\"og:type\" content=\"article\" \/>\n<meta property=\"og:title\" content=\"Digitaler Wecker mit drahtlosem Ladeger\u00e4t - Dualer Wecker mit Wecklicht - Pazifikblau (HCG019QI-PB) - Caliber Europe B.V.\" \/>\n<meta property=\"og:description\" content=\"Mit diesem Caliber HCG019QI-PB Digitalwecker mit drahtlosem Ladeger\u00e4t starten Sie und Ihr Handy voll aufgeladen in den Tag. Dieses Ger\u00e4t hat ein gro\u00dfes wei\u00dfes Display mit Dimmerfunktion und ist in der iPhone Farbe Pacific Blue gehalten. Es k\u00f6nnen 2 Weckzeiten eingestellt werden und eine Schlummerfunktion ist ebenfalls verf\u00fcgbar, sodass Sie genau so aufwachen k\u00f6nnen, wie [&hellip;]\" \/>\n<meta property=\"og:url\" content=\"https:\/\/b2b.calibereurope.com\/de\/produkt\/hcg019qi-pb-de_de\/\" \/>\n<meta property=\"og:site_name\" content=\"Caliber Europe B.V.\" \/>\n<meta property=\"article:modified_time\" content=\"2026-04-07T05:27:17+00:00\" \/>\n<meta property=\"og:image\" content=\"https:\/\/b2b.calibereurope.com\/wp-content\/uploads\/2021\/09\/0534654c67d816ac040d3f7b1293928c11bbe92d_HCG019Qi_PB_iPhone.jpg\" \/>\n\t<meta property=\"og:image:width\" content=\"1024\" \/>\n\t<meta property=\"og:image:height\" content=\"768\" \/>\n\t<meta property=\"og:image:type\" content=\"image\/jpeg\" \/>\n<meta name=\"twitter:card\" content=\"summary_large_image\" \/>\n<meta name=\"twitter:label1\" content=\"Gesch\u00e4tzte Lesezeit\" \/>\n\t<meta name=\"twitter:data1\" content=\"2\u00a0Minuten\" \/>\n<script type=\"application\/ld+json\" class=\"yoast-schema-graph\">{\"@context\":\"https:\/\/schema.org\",\"@graph\":[{\"@type\":\"WebPage\",\"@id\":\"https:\/\/b2b.calibereurope.com\/de\/produkt\/hcg019qi-pb-de_de\/\",\"url\":\"https:\/\/b2b.calibereurope.com\/de\/produkt\/hcg019qi-pb-de_de\/\",\"name\":\"Digitaler Wecker mit drahtlosem Ladeger\u00e4t - Dualer Wecker mit Wecklicht - Pazifikblau (HCG019QI-PB) - Caliber Europe B.V.\",\"isPartOf\":{\"@id\":\"https:\/\/b2b.calibereurope.com\/#website\"},\"primaryImageOfPage\":{\"@id\":\"https:\/\/b2b.calibereurope.com\/de\/produkt\/hcg019qi-pb-de_de\/#primaryimage\"},\"image\":{\"@id\":\"https:\/\/b2b.calibereurope.com\/de\/produkt\/hcg019qi-pb-de_de\/#primaryimage\"},\"thumbnailUrl\":\"https:\/\/b2b.calibereurope.com\/wp-content\/uploads\/2026\/04\/3bc3b27b16075aafd80659b15641d1ab41b6c2c6_HCG019QI_PB.jpg\",\"datePublished\":\"2026-04-07T00:00:00+00:00\",\"dateModified\":\"2026-04-07T05:27:17+00:00\",\"breadcrumb\":{\"@id\":\"https:\/\/b2b.calibereurope.com\/de\/produkt\/hcg019qi-pb-de_de\/#breadcrumb\"},\"inLanguage\":\"de\",\"potentialAction\":[{\"@type\":\"ReadAction\",\"target\":[\"https:\/\/b2b.calibereurope.com\/de\/produkt\/hcg019qi-pb-de_de\/\"]}]},{\"@type\":\"ImageObject\",\"inLanguage\":\"de\",\"@id\":\"https:\/\/b2b.calibereurope.com\/de\/produkt\/hcg019qi-pb-de_de\/#primaryimage\",\"url\":\"https:\/\/b2b.calibereurope.com\/wp-content\/uploads\/2026\/04\/3bc3b27b16075aafd80659b15641d1ab41b6c2c6_HCG019QI_PB.jpg\",\"contentUrl\":\"https:\/\/b2b.calibereurope.com\/wp-content\/uploads\/2026\/04\/3bc3b27b16075aafd80659b15641d1ab41b6c2c6_HCG019QI_PB.jpg\",\"width\":2500,\"height\":2500},{\"@type\":\"BreadcrumbList\",\"@id\":\"https:\/\/b2b.calibereurope.com\/de\/produkt\/hcg019qi-pb-de_de\/#breadcrumb\",\"itemListElement\":[{\"@type\":\"ListItem\",\"position\":1,\"name\":\"Home\",\"item\":\"https:\/\/b2b.calibereurope.com\/de\/\"},{\"@type\":\"ListItem\",\"position\":2,\"name\":\"Shop\",\"item\":\"https:\/\/b2b.calibereurope.com\/de\/shop\/\"},{\"@type\":\"ListItem\",\"position\":3,\"name\":\"Wecker mit drahtloser Aufladung &#8211; Pacific Blue (HCG019QI-PB)\"}]},{\"@type\":\"WebSite\",\"@id\":\"https:\/\/b2b.calibereurope.com\/#website\",\"url\":\"https:\/\/b2b.calibereurope.com\/\",\"name\":\"Caliber Europe B.V.\",\"description\":\"B2B Webshop\",\"publisher\":{\"@id\":\"https:\/\/b2b.calibereurope.com\/#organization\"},\"potentialAction\":[{\"@type\":\"SearchAction\",\"target\":{\"@type\":\"EntryPoint\",\"urlTemplate\":\"https:\/\/b2b.calibereurope.com\/?s={search_term_string}\"},\"query-input\":{\"@type\":\"PropertyValueSpecification\",\"valueRequired\":true,\"valueName\":\"search_term_string\"}}],\"inLanguage\":\"de\"},{\"@type\":\"Organization\",\"@id\":\"https:\/\/b2b.calibereurope.com\/#organization\",\"name\":\"Caliber Europe B.V.\",\"url\":\"https:\/\/b2b.calibereurope.com\/\",\"logo\":{\"@type\":\"ImageObject\",\"inLanguage\":\"de\",\"@id\":\"https:\/\/b2b.calibereurope.com\/#\/schema\/logo\/image\/\",\"url\":\"https:\/\/b2b.calibereurope.com\/wp-content\/uploads\/2020\/12\/Caliber_Logo-Black.png\",\"contentUrl\":\"https:\/\/b2b.calibereurope.com\/wp-content\/uploads\/2020\/12\/Caliber_Logo-Black.png\",\"width\":3157,\"height\":356,\"caption\":\"Caliber Europe B.V.\"},\"image\":{\"@id\":\"https:\/\/b2b.calibereurope.com\/#\/schema\/logo\/image\/\"}}]}<\/script>\n<!-- \/ Yoast SEO plugin. -->","yoast_head_json":{"title":"Digitaler Wecker mit drahtlosem Ladeger\u00e4t - Dualer Wecker mit Wecklicht - Pazifikblau (HCG019QI-PB) - Caliber Europe B.V.","robots":{"index":"noindex","follow":"follow","max-snippet":"max-snippet:-1","max-image-preview":"max-image-preview:large","max-video-preview":"max-video-preview:-1"},"og_locale":"de_DE","og_type":"article","og_title":"Digitaler Wecker mit drahtlosem Ladeger\u00e4t - Dualer Wecker mit Wecklicht - Pazifikblau (HCG019QI-PB) - Caliber Europe B.V.","og_description":"Mit diesem Caliber HCG019QI-PB Digitalwecker mit drahtlosem Ladeger\u00e4t starten Sie und Ihr Handy voll aufgeladen in den Tag. Dieses Ger\u00e4t hat ein gro\u00dfes wei\u00dfes Display mit Dimmerfunktion und ist in der iPhone Farbe Pacific Blue gehalten. Es k\u00f6nnen 2 Weckzeiten eingestellt werden und eine Schlummerfunktion ist ebenfalls verf\u00fcgbar, sodass Sie genau so aufwachen k\u00f6nnen, wie [&hellip;]","og_url":"https:\/\/b2b.calibereurope.com\/de\/produkt\/hcg019qi-pb-de_de\/","og_site_name":"Caliber Europe B.V.","article_modified_time":"2026-04-07T05:27:17+00:00","og_image":[{"width":1024,"height":768,"url":"https:\/\/b2b.calibereurope.com\/wp-content\/uploads\/2021\/09\/0534654c67d816ac040d3f7b1293928c11bbe92d_HCG019Qi_PB_iPhone.jpg","type":"image\/jpeg"}],"twitter_card":"summary_large_image","twitter_misc":{"Gesch\u00e4tzte Lesezeit":"2\u00a0Minuten"},"schema":{"@context":"https:\/\/schema.org","@graph":[{"@type":"WebPage","@id":"https:\/\/b2b.calibereurope.com\/de\/produkt\/hcg019qi-pb-de_de\/","url":"https:\/\/b2b.calibereurope.com\/de\/produkt\/hcg019qi-pb-de_de\/","name":"Digitaler Wecker mit drahtlosem Ladeger\u00e4t - Dualer Wecker mit Wecklicht - Pazifikblau (HCG019QI-PB) - Caliber Europe B.V.","isPartOf":{"@id":"https:\/\/b2b.calibereurope.com\/#website"},"primaryImageOfPage":{"@id":"https:\/\/b2b.calibereurope.com\/de\/produkt\/hcg019qi-pb-de_de\/#primaryimage"},"image":{"@id":"https:\/\/b2b.calibereurope.com\/de\/produkt\/hcg019qi-pb-de_de\/#primaryimage"},"thumbnailUrl":"https:\/\/b2b.calibereurope.com\/wp-content\/uploads\/2026\/04\/3bc3b27b16075aafd80659b15641d1ab41b6c2c6_HCG019QI_PB.jpg","datePublished":"2026-04-07T00:00:00+00:00","dateModified":"2026-04-07T05:27:17+00:00","breadcrumb":{"@id":"https:\/\/b2b.calibereurope.com\/de\/produkt\/hcg019qi-pb-de_de\/#breadcrumb"},"inLanguage":"de","potentialAction":[{"@type":"ReadAction","target":["https:\/\/b2b.calibereurope.com\/de\/produkt\/hcg019qi-pb-de_de\/"]}]},{"@type":"ImageObject","inLanguage":"de","@id":"https:\/\/b2b.calibereurope.com\/de\/produkt\/hcg019qi-pb-de_de\/#primaryimage","url":"https:\/\/b2b.calibereurope.com\/wp-content\/uploads\/2026\/04\/3bc3b27b16075aafd80659b15641d1ab41b6c2c6_HCG019QI_PB.jpg","contentUrl":"https:\/\/b2b.calibereurope.com\/wp-content\/uploads\/2026\/04\/3bc3b27b16075aafd80659b15641d1ab41b6c2c6_HCG019QI_PB.jpg","width":2500,"height":2500},{"@type":"BreadcrumbList","@id":"https:\/\/b2b.calibereurope.com\/de\/produkt\/hcg019qi-pb-de_de\/#breadcrumb","itemListElement":[{"@type":"ListItem","position":1,"name":"Home","item":"https:\/\/b2b.calibereurope.com\/de\/"},{"@type":"ListItem","position":2,"name":"Shop","item":"https:\/\/b2b.calibereurope.com\/de\/shop\/"},{"@type":"ListItem","position":3,"name":"Wecker mit drahtloser Aufladung &#8211; Pacific Blue (HCG019QI-PB)"}]},{"@type":"WebSite","@id":"https:\/\/b2b.calibereurope.com\/#website","url":"https:\/\/b2b.calibereurope.com\/","name":"Caliber Europe B.V.","description":"B2B Webshop","publisher":{"@id":"https:\/\/b2b.calibereurope.com\/#organization"},"potentialAction":[{"@type":"SearchAction","target":{"@type":"EntryPoint","urlTemplate":"https:\/\/b2b.calibereurope.com\/?s={search_term_string}"},"query-input":{"@type":"PropertyValueSpecification","valueRequired":true,"valueName":"search_term_string"}}],"inLanguage":"de"},{"@type":"Organization","@id":"https:\/\/b2b.calibereurope.com\/#organization","name":"Caliber Europe B.V.","url":"https:\/\/b2b.calibereurope.com\/","logo":{"@type":"ImageObject","inLanguage":"de","@id":"https:\/\/b2b.calibereurope.com\/#\/schema\/logo\/image\/","url":"https:\/\/b2b.calibereurope.com\/wp-content\/uploads\/2020\/12\/Caliber_Logo-Black.png","contentUrl":"https:\/\/b2b.calibereurope.com\/wp-content\/uploads\/2020\/12\/Caliber_Logo-Black.png","width":3157,"height":356,"caption":"Caliber Europe B.V."},"image":{"@id":"https:\/\/b2b.calibereurope.com\/#\/schema\/logo\/image\/"}}]}},"_links":{"self":[{"href":"https:\/\/b2b.calibereurope.com\/de\/wp-json\/wp\/v2\/product\/520693","targetHints":{"allow":["GET"]}}],"collection":[{"href":"https:\/\/b2b.calibereurope.com\/de\/wp-json\/wp\/v2\/product"}],"about":[{"href":"https:\/\/b2b.calibereurope.com\/de\/wp-json\/wp\/v2\/types\/product"}],"version-history":[{"count":0,"href":"https:\/\/b2b.calibereurope.com\/de\/wp-json\/wp\/v2\/product\/520693\/revisions"}],"wp:featuredmedia":[{"embeddable":true,"href":"https:\/\/b2b.calibereurope.com\/de\/wp-json\/wp\/v2\/media\/873261"}],"wp:attachment":[{"href":"https:\/\/b2b.calibereurope.com\/de\/wp-json\/wp\/v2\/media?parent=520693"}],"wp:term":[{"taxonomy":"product_brand","embeddable":true,"href":"https:\/\/b2b.calibereurope.com\/de\/wp-json\/wp\/v2\/product_brand?post=520693"},{"taxonomy":"product_cat","embeddable":true,"href":"https:\/\/b2b.calibereurope.com\/de\/wp-json\/wp\/v2\/product_cat?post=520693"},{"taxonomy":"product_tag","embeddable":true,"href":"https:\/\/b2b.calibereurope.com\/de\/wp-json\/wp\/v2\/product_tag?post=520693"}],"curies":[{"name":"wp","href":"https:\/\/api.w.org\/{rel}","templated":true}]}}