{"id":520777,"date":"2026-04-07T02:00:00","date_gmt":"2026-04-07T00:00:00","guid":{"rendered":"0"},"modified":"2026-04-07T07:27:32","modified_gmt":"2026-04-07T05:27:32","slug":"HCG019QI-WA-de_DE","status":"publish","type":"product","link":"https:\/\/b2b.calibereurope.com\/de\/produkt\/HCG019QI-WA-de_DE\/","title":{"rendered":"Digitaler Wecker mit drahtlosem Ladeger\u00e4t &#8211; Wecklicht &#8211; Nachtlicht &#8211; Qi-Ladeger\u00e4t &#8211; Wei\u00df (HCG019QI-WA)"},"content":{"rendered":"<p>Beginnen Sie jeden Tag mit einem vollen Handy-Akku dank des Caliber HCG019QI-WA digitalen Weckers mit drahtlosem <strong>Ladeger\u00e4t<\/strong>. Legen Sie Ihr Telefon einfach auf den Wecker und der Ladevorgang beginnt! Dank der intelligenten <strong>Qi-Technologie <\/strong>haben Sie im Handumdrehen wieder einen vollen Akku. M\u00fcssen Sie immer Ihren Partner wecken? Auch das geh\u00f6rt dank der M\u00f6glichkeit, <strong>zwei Alarmzeiten einzustellen, <\/strong>der Vergangenheit an. Das <strong>Wecklicht <\/strong>sorgt daf\u00fcr, dass Sie am Morgen mit sanftem Licht aufwachen. Verwenden Sie die <strong>Schlummerfunktion<\/strong>, wenn Sie eine zus\u00e4tzliche Runde drehen m\u00f6chten.<\/p>\n<p><\/p>\n<p><strong>Merkmale:<\/strong><\/p>\n<ul>\n<li>Wecker mit drahtlosem Ladeger\u00e4t<\/li>\n<li>Gro\u00dfes Display<\/li>\n<li>Dimmbar<\/li>\n<li>2 Alarmzeiten<\/li>\n<li>Schlummerfunktion<\/li>\n<li>Nachtlicht in verschiedenen Farben<\/li>\n<li>Licht zum Aufwachen<\/li>\n<li>Ersatzbatterie<\/li>\n<li>Farbe: iPhone Wei\u00df<\/li>\n<\/ul>\n<p><strong>Hinweis: <\/strong>Keine FM-Funktion<\/p>\n<h3>Immer eine volle Batterie<\/h3>\n<p>Unterst\u00fctzt Ihr Telefon die intelligente Qi-Technologie? Dann k\u00f6nnen Sie Ihr Telefon ganz einfach drahtlos mit dem Wecker-Ladeger\u00e4t aufladen. Legen Sie Ihr Telefon einfach auf den Wecker und der Ladevorgang beginnt sofort! So wachen Sie morgens nie wieder mit einem leeren Telefon auf, sondern immer bereit f\u00fcr einen neuen Tag.<\/p>\n<h3>Ideal f\u00fcr Paare<\/h3>\n<p>Wenn Sie und Ihr Partner zu unterschiedlichen Zeiten aufstehen, bietet dieser Wecker eine praktische L\u00f6sung. Sie k\u00f6nnen auf dem digitalen Wecker zwei Weckzeiten einstellen. Auf diese Weise ben\u00f6tigen Sie nur einen Wecker und haben auf dem Nachttisch Platz f\u00fcr Ihre Lieblingsb\u00fccher oder andere wichtige Dinge. Das gro\u00dfe wei\u00dfe Display des Weckers macht es einfach, die Zeit digital abzulesen. Im unwahrscheinlichen Fall eines Stromausfalls sorgt die Backup-Batterie daf\u00fcr, dass der Alarm weiterhin funktioniert und die eingestellten Alarme ausgel\u00f6st werden. So k\u00f6nnen Sie immer beruhigt schlafen gehen.<\/p>\n<h3>Extra Stimmung im Schlafzimmer<\/h3>\n<p>Dieser Wecker mit drahtlosem Ladeger\u00e4t ist nicht nur ein funktionaler Gegenstand, sondern verleiht Ihrem Schlafzimmer auch ein wenig mehr Stimmung. Das Nachtlicht kann in verschiedenen Farben eingestellt werden, sodass Sie immer die richtige Stimmung einstellen k\u00f6nnen. Morgens k\u00f6nnen Sie ganz entspannt aufwachen, indem Sie die Wecklichtfunktion nutzen. Dadurch wird das Licht vor der Weckzeit allm\u00e4hlich heller und imitiert den Sonnenaufgang. Dank des sanften Lichts wachen Sie ganz nat\u00fcrlich auf.<\/p>\n","protected":false},"excerpt":{"rendered":"<p>Beginnen Sie jeden Tag mit einem vollen Handy-Akku dank des Caliber HCG019QI-WA digitalen Weckers mit drahtlosem Ladeger\u00e4t. Legen Sie Ihr Telefon einfach auf den Wecker und der Ladevorgang beginnt! Dank der intelligenten Qi-Technologie haben Sie im Handumdrehen wieder einen vollen Akku. M\u00fcssen Sie immer Ihren Partner wecken? Auch das geh\u00f6rt dank der M\u00f6glichkeit, zwei Alarmzeiten [&hellip;]<\/p>\n","protected":false},"featured_media":873277,"template":"","meta":{"_acf_changed":false,"site-sidebar-layout":"default","site-content-layout":"","ast-site-content-layout":"default","site-content-style":"default","site-sidebar-style":"default","ast-global-header-display":"","ast-banner-title-visibility":"","ast-main-header-display":"","ast-hfb-above-header-display":"","ast-hfb-below-header-display":"","ast-hfb-mobile-header-display":"","site-post-title":"","ast-breadcrumbs-content":"","ast-featured-img":"","footer-sml-layout":"","theme-transparent-header-meta":"","adv-header-id-meta":"","stick-header-meta":"","header-above-stick-meta":"","header-main-stick-meta":"","header-below-stick-meta":"","astra-migrate-meta-layouts":"default","ast-page-background-enabled":"default","ast-page-background-meta":{"desktop":{"background-color":"","background-image":"","background-repeat":"repeat","background-position":"center center","background-size":"auto","background-attachment":"scroll","background-type":"","background-media":"","overlay-type":"","overlay-color":"","overlay-opacity":"","overlay-gradient":""},"tablet":{"background-color":"","background-image":"","background-repeat":"repeat","background-position":"center center","background-size":"auto","background-attachment":"scroll","background-type":"","background-media":"","overlay-type":"","overlay-color":"","overlay-opacity":"","overlay-gradient":""},"mobile":{"background-color":"","background-image":"","background-repeat":"repeat","background-position":"center center","background-size":"auto","background-attachment":"scroll","background-type":"","background-media":"","overlay-type":"","overlay-color":"","overlay-opacity":"","overlay-gradient":""}},"ast-content-background-meta":{"desktop":{"background-color":"var(--ast-global-color-5)","background-image":"","background-repeat":"repeat","background-position":"center center","background-size":"auto","background-attachment":"scroll","background-type":"","background-media":"","overlay-type":"","overlay-color":"","overlay-opacity":"","overlay-gradient":""},"tablet":{"background-color":"var(--ast-global-color-5)","background-image":"","background-repeat":"repeat","background-position":"center center","background-size":"auto","background-attachment":"scroll","background-type":"","background-media":"","overlay-type":"","overlay-color":"","overlay-opacity":"","overlay-gradient":""},"mobile":{"background-color":"var(--ast-global-color-5)","background-image":"","background-repeat":"repeat","background-position":"center center","background-size":"auto","background-attachment":"scroll","background-type":"","background-media":"","overlay-type":"","overlay-color":"","overlay-opacity":"","overlay-gradient":""}}},"product_brand":[],"product_cat":[12263,12275],"product_tag":[],"class_list":{"0":"post-520777","1":"product","2":"type-product","3":"status-publish","4":"has-post-thumbnail","6":"product_cat-wonen_de_de","7":"product_cat-wekker_radios_de_de","8":"desktop-align-center","9":"tablet-align-center","10":"mobile-align-center","11":"ast-product-gallery-layout-horizontal","12":"ast-product-gallery-with-no-image","13":"ast-product-tabs-layout-horizontal","15":"first","16":"instock","17":"taxable","18":"shipping-taxable","19":"purchasable","20":"product-type-simple"},"acf":[],"yoast_head":"<!-- This site is optimized with the Yoast SEO plugin v26.5 - https:\/\/yoast.com\/wordpress\/plugins\/seo\/ -->\n<title>Digitaler Wecker mit drahtlosem Ladeger\u00e4t - Wecklicht - Nachtlicht - Qi-Ladeger\u00e4t - Wei\u00df (HCG019QI-WA) - Caliber Europe B.V.<\/title>\n<meta name=\"robots\" content=\"noindex, follow, max-snippet:-1, max-image-preview:large, max-video-preview:-1\" \/>\n<meta property=\"og:locale\" content=\"de_DE\" \/>\n<meta property=\"og:type\" content=\"article\" \/>\n<meta property=\"og:title\" content=\"Digitaler Wecker mit drahtlosem Ladeger\u00e4t - Wecklicht - Nachtlicht - Qi-Ladeger\u00e4t - Wei\u00df (HCG019QI-WA) - Caliber Europe B.V.\" \/>\n<meta property=\"og:description\" content=\"Beginnen Sie jeden Tag mit einem vollen Handy-Akku dank des Caliber HCG019QI-WA digitalen Weckers mit drahtlosem Ladeger\u00e4t. Legen Sie Ihr Telefon einfach auf den Wecker und der Ladevorgang beginnt! Dank der intelligenten Qi-Technologie haben Sie im Handumdrehen wieder einen vollen Akku. M\u00fcssen Sie immer Ihren Partner wecken? Auch das geh\u00f6rt dank der M\u00f6glichkeit, zwei Alarmzeiten [&hellip;]\" \/>\n<meta property=\"og:url\" content=\"https:\/\/b2b.calibereurope.com\/de\/produkt\/hcg019qi-wa-de_de\/\" \/>\n<meta property=\"og:site_name\" content=\"Caliber Europe B.V.\" \/>\n<meta property=\"article:modified_time\" content=\"2026-04-07T05:27:32+00:00\" \/>\n<meta property=\"og:image\" content=\"https:\/\/b2b.calibereurope.com\/wp-content\/uploads\/2021\/09\/a28e9a4200fefd736123067f6ee56bad95638a38_HCG019Qi_WA_iPhone.jpg\" \/>\n\t<meta property=\"og:image:width\" content=\"1024\" \/>\n\t<meta property=\"og:image:height\" content=\"768\" \/>\n\t<meta property=\"og:image:type\" content=\"image\/jpeg\" \/>\n<meta name=\"twitter:card\" content=\"summary_large_image\" \/>\n<meta name=\"twitter:label1\" content=\"Gesch\u00e4tzte Lesezeit\" \/>\n\t<meta name=\"twitter:data1\" content=\"2\u00a0Minuten\" \/>\n<script type=\"application\/ld+json\" class=\"yoast-schema-graph\">{\"@context\":\"https:\/\/schema.org\",\"@graph\":[{\"@type\":\"WebPage\",\"@id\":\"https:\/\/b2b.calibereurope.com\/de\/produkt\/hcg019qi-wa-de_de\/\",\"url\":\"https:\/\/b2b.calibereurope.com\/de\/produkt\/hcg019qi-wa-de_de\/\",\"name\":\"Digitaler Wecker mit drahtlosem Ladeger\u00e4t - Wecklicht - Nachtlicht - Qi-Ladeger\u00e4t - Wei\u00df (HCG019QI-WA) - Caliber Europe B.V.\",\"isPartOf\":{\"@id\":\"https:\/\/b2b.calibereurope.com\/#website\"},\"primaryImageOfPage\":{\"@id\":\"https:\/\/b2b.calibereurope.com\/de\/produkt\/hcg019qi-wa-de_de\/#primaryimage\"},\"image\":{\"@id\":\"https:\/\/b2b.calibereurope.com\/de\/produkt\/hcg019qi-wa-de_de\/#primaryimage\"},\"thumbnailUrl\":\"https:\/\/b2b.calibereurope.com\/wp-content\/uploads\/2026\/04\/fd0fd503a2868076f735b229f0ef278f28e9cd23_HCG019QI_PB_Enhanced_Images_WA_07.jpg\",\"datePublished\":\"2026-04-07T00:00:00+00:00\",\"dateModified\":\"2026-04-07T05:27:32+00:00\",\"breadcrumb\":{\"@id\":\"https:\/\/b2b.calibereurope.com\/de\/produkt\/hcg019qi-wa-de_de\/#breadcrumb\"},\"inLanguage\":\"de\",\"potentialAction\":[{\"@type\":\"ReadAction\",\"target\":[\"https:\/\/b2b.calibereurope.com\/de\/produkt\/hcg019qi-wa-de_de\/\"]}]},{\"@type\":\"ImageObject\",\"inLanguage\":\"de\",\"@id\":\"https:\/\/b2b.calibereurope.com\/de\/produkt\/hcg019qi-wa-de_de\/#primaryimage\",\"url\":\"https:\/\/b2b.calibereurope.com\/wp-content\/uploads\/2026\/04\/fd0fd503a2868076f735b229f0ef278f28e9cd23_HCG019QI_PB_Enhanced_Images_WA_07.jpg\",\"contentUrl\":\"https:\/\/b2b.calibereurope.com\/wp-content\/uploads\/2026\/04\/fd0fd503a2868076f735b229f0ef278f28e9cd23_HCG019QI_PB_Enhanced_Images_WA_07.jpg\",\"width\":2500,\"height\":2500},{\"@type\":\"BreadcrumbList\",\"@id\":\"https:\/\/b2b.calibereurope.com\/de\/produkt\/hcg019qi-wa-de_de\/#breadcrumb\",\"itemListElement\":[{\"@type\":\"ListItem\",\"position\":1,\"name\":\"Home\",\"item\":\"https:\/\/b2b.calibereurope.com\/de\/\"},{\"@type\":\"ListItem\",\"position\":2,\"name\":\"Shop\",\"item\":\"https:\/\/b2b.calibereurope.com\/de\/shop\/\"},{\"@type\":\"ListItem\",\"position\":3,\"name\":\"Wecker mit drahtloser Aufladung &#8211; wei\u00df (HCG019QI-WA)\"}]},{\"@type\":\"WebSite\",\"@id\":\"https:\/\/b2b.calibereurope.com\/#website\",\"url\":\"https:\/\/b2b.calibereurope.com\/\",\"name\":\"Caliber Europe B.V.\",\"description\":\"B2B Webshop\",\"publisher\":{\"@id\":\"https:\/\/b2b.calibereurope.com\/#organization\"},\"potentialAction\":[{\"@type\":\"SearchAction\",\"target\":{\"@type\":\"EntryPoint\",\"urlTemplate\":\"https:\/\/b2b.calibereurope.com\/?s={search_term_string}\"},\"query-input\":{\"@type\":\"PropertyValueSpecification\",\"valueRequired\":true,\"valueName\":\"search_term_string\"}}],\"inLanguage\":\"de\"},{\"@type\":\"Organization\",\"@id\":\"https:\/\/b2b.calibereurope.com\/#organization\",\"name\":\"Caliber Europe B.V.\",\"url\":\"https:\/\/b2b.calibereurope.com\/\",\"logo\":{\"@type\":\"ImageObject\",\"inLanguage\":\"de\",\"@id\":\"https:\/\/b2b.calibereurope.com\/#\/schema\/logo\/image\/\",\"url\":\"https:\/\/b2b.calibereurope.com\/wp-content\/uploads\/2020\/12\/Caliber_Logo-Black.png\",\"contentUrl\":\"https:\/\/b2b.calibereurope.com\/wp-content\/uploads\/2020\/12\/Caliber_Logo-Black.png\",\"width\":3157,\"height\":356,\"caption\":\"Caliber Europe B.V.\"},\"image\":{\"@id\":\"https:\/\/b2b.calibereurope.com\/#\/schema\/logo\/image\/\"}}]}<\/script>\n<!-- \/ Yoast SEO plugin. -->","yoast_head_json":{"title":"Digitaler Wecker mit drahtlosem Ladeger\u00e4t - Wecklicht - Nachtlicht - Qi-Ladeger\u00e4t - Wei\u00df (HCG019QI-WA) - Caliber Europe B.V.","robots":{"index":"noindex","follow":"follow","max-snippet":"max-snippet:-1","max-image-preview":"max-image-preview:large","max-video-preview":"max-video-preview:-1"},"og_locale":"de_DE","og_type":"article","og_title":"Digitaler Wecker mit drahtlosem Ladeger\u00e4t - Wecklicht - Nachtlicht - Qi-Ladeger\u00e4t - Wei\u00df (HCG019QI-WA) - Caliber Europe B.V.","og_description":"Beginnen Sie jeden Tag mit einem vollen Handy-Akku dank des Caliber HCG019QI-WA digitalen Weckers mit drahtlosem Ladeger\u00e4t. Legen Sie Ihr Telefon einfach auf den Wecker und der Ladevorgang beginnt! Dank der intelligenten Qi-Technologie haben Sie im Handumdrehen wieder einen vollen Akku. M\u00fcssen Sie immer Ihren Partner wecken? Auch das geh\u00f6rt dank der M\u00f6glichkeit, zwei Alarmzeiten [&hellip;]","og_url":"https:\/\/b2b.calibereurope.com\/de\/produkt\/hcg019qi-wa-de_de\/","og_site_name":"Caliber Europe B.V.","article_modified_time":"2026-04-07T05:27:32+00:00","og_image":[{"width":1024,"height":768,"url":"https:\/\/b2b.calibereurope.com\/wp-content\/uploads\/2021\/09\/a28e9a4200fefd736123067f6ee56bad95638a38_HCG019Qi_WA_iPhone.jpg","type":"image\/jpeg"}],"twitter_card":"summary_large_image","twitter_misc":{"Gesch\u00e4tzte Lesezeit":"2\u00a0Minuten"},"schema":{"@context":"https:\/\/schema.org","@graph":[{"@type":"WebPage","@id":"https:\/\/b2b.calibereurope.com\/de\/produkt\/hcg019qi-wa-de_de\/","url":"https:\/\/b2b.calibereurope.com\/de\/produkt\/hcg019qi-wa-de_de\/","name":"Digitaler Wecker mit drahtlosem Ladeger\u00e4t - Wecklicht - Nachtlicht - Qi-Ladeger\u00e4t - Wei\u00df (HCG019QI-WA) - Caliber Europe B.V.","isPartOf":{"@id":"https:\/\/b2b.calibereurope.com\/#website"},"primaryImageOfPage":{"@id":"https:\/\/b2b.calibereurope.com\/de\/produkt\/hcg019qi-wa-de_de\/#primaryimage"},"image":{"@id":"https:\/\/b2b.calibereurope.com\/de\/produkt\/hcg019qi-wa-de_de\/#primaryimage"},"thumbnailUrl":"https:\/\/b2b.calibereurope.com\/wp-content\/uploads\/2026\/04\/fd0fd503a2868076f735b229f0ef278f28e9cd23_HCG019QI_PB_Enhanced_Images_WA_07.jpg","datePublished":"2026-04-07T00:00:00+00:00","dateModified":"2026-04-07T05:27:32+00:00","breadcrumb":{"@id":"https:\/\/b2b.calibereurope.com\/de\/produkt\/hcg019qi-wa-de_de\/#breadcrumb"},"inLanguage":"de","potentialAction":[{"@type":"ReadAction","target":["https:\/\/b2b.calibereurope.com\/de\/produkt\/hcg019qi-wa-de_de\/"]}]},{"@type":"ImageObject","inLanguage":"de","@id":"https:\/\/b2b.calibereurope.com\/de\/produkt\/hcg019qi-wa-de_de\/#primaryimage","url":"https:\/\/b2b.calibereurope.com\/wp-content\/uploads\/2026\/04\/fd0fd503a2868076f735b229f0ef278f28e9cd23_HCG019QI_PB_Enhanced_Images_WA_07.jpg","contentUrl":"https:\/\/b2b.calibereurope.com\/wp-content\/uploads\/2026\/04\/fd0fd503a2868076f735b229f0ef278f28e9cd23_HCG019QI_PB_Enhanced_Images_WA_07.jpg","width":2500,"height":2500},{"@type":"BreadcrumbList","@id":"https:\/\/b2b.calibereurope.com\/de\/produkt\/hcg019qi-wa-de_de\/#breadcrumb","itemListElement":[{"@type":"ListItem","position":1,"name":"Home","item":"https:\/\/b2b.calibereurope.com\/de\/"},{"@type":"ListItem","position":2,"name":"Shop","item":"https:\/\/b2b.calibereurope.com\/de\/shop\/"},{"@type":"ListItem","position":3,"name":"Wecker mit drahtloser Aufladung &#8211; wei\u00df (HCG019QI-WA)"}]},{"@type":"WebSite","@id":"https:\/\/b2b.calibereurope.com\/#website","url":"https:\/\/b2b.calibereurope.com\/","name":"Caliber Europe B.V.","description":"B2B Webshop","publisher":{"@id":"https:\/\/b2b.calibereurope.com\/#organization"},"potentialAction":[{"@type":"SearchAction","target":{"@type":"EntryPoint","urlTemplate":"https:\/\/b2b.calibereurope.com\/?s={search_term_string}"},"query-input":{"@type":"PropertyValueSpecification","valueRequired":true,"valueName":"search_term_string"}}],"inLanguage":"de"},{"@type":"Organization","@id":"https:\/\/b2b.calibereurope.com\/#organization","name":"Caliber Europe B.V.","url":"https:\/\/b2b.calibereurope.com\/","logo":{"@type":"ImageObject","inLanguage":"de","@id":"https:\/\/b2b.calibereurope.com\/#\/schema\/logo\/image\/","url":"https:\/\/b2b.calibereurope.com\/wp-content\/uploads\/2020\/12\/Caliber_Logo-Black.png","contentUrl":"https:\/\/b2b.calibereurope.com\/wp-content\/uploads\/2020\/12\/Caliber_Logo-Black.png","width":3157,"height":356,"caption":"Caliber Europe B.V."},"image":{"@id":"https:\/\/b2b.calibereurope.com\/#\/schema\/logo\/image\/"}}]}},"_links":{"self":[{"href":"https:\/\/b2b.calibereurope.com\/de\/wp-json\/wp\/v2\/product\/520777","targetHints":{"allow":["GET"]}}],"collection":[{"href":"https:\/\/b2b.calibereurope.com\/de\/wp-json\/wp\/v2\/product"}],"about":[{"href":"https:\/\/b2b.calibereurope.com\/de\/wp-json\/wp\/v2\/types\/product"}],"version-history":[{"count":0,"href":"https:\/\/b2b.calibereurope.com\/de\/wp-json\/wp\/v2\/product\/520777\/revisions"}],"wp:featuredmedia":[{"embeddable":true,"href":"https:\/\/b2b.calibereurope.com\/de\/wp-json\/wp\/v2\/media\/873277"}],"wp:attachment":[{"href":"https:\/\/b2b.calibereurope.com\/de\/wp-json\/wp\/v2\/media?parent=520777"}],"wp:term":[{"taxonomy":"product_brand","embeddable":true,"href":"https:\/\/b2b.calibereurope.com\/de\/wp-json\/wp\/v2\/product_brand?post=520777"},{"taxonomy":"product_cat","embeddable":true,"href":"https:\/\/b2b.calibereurope.com\/de\/wp-json\/wp\/v2\/product_cat?post=520777"},{"taxonomy":"product_tag","embeddable":true,"href":"https:\/\/b2b.calibereurope.com\/de\/wp-json\/wp\/v2\/product_tag?post=520777"}],"curies":[{"name":"wp","href":"https:\/\/api.w.org\/{rel}","templated":true}]}}