{"id":520909,"date":"2026-04-07T02:00:00","date_gmt":"2026-04-07T00:00:00","guid":{"rendered":"0"},"modified":"2026-04-07T07:27:46","modified_gmt":"2026-04-07T05:27:46","slug":"HCG019QI-BA-de_DE","status":"publish","type":"product","link":"https:\/\/b2b.calibereurope.com\/de\/produkt\/HCG019QI-BA-de_DE\/","title":{"rendered":"Digitaler Wecker mit drahtlosem Ladeger\u00e4t &#8211; Dualer Wecker &#8211; Nachtlicht und Wecklicht (HCG019QI-BA)"},"content":{"rendered":"<p>Der Caliber HCG019QI-BA Digitalwecker mit drahtlosem Ladeger\u00e4t ist ideal f\u00fcr alle, die moderne Technik lieben. Sie k\u00f6nnen <strong>2 Weckzeiten <\/strong>einstellen, Ihr Telefon mit dem <strong>drahtlosen Ladeger\u00e4t <\/strong>aufladen und dieser Wecker verf\u00fcgt \u00fcber ein <strong>Nachtlicht <\/strong>mit <strong>verschiedenen stimmungsvollen Farben<\/strong>. Das <strong>gro\u00dfe wei\u00dfe Display <\/strong>ist <strong>dimmbar<\/strong>. Dank des <strong>Wecklichts <\/strong>und der <strong>Schlummerfunktion <\/strong>ist das Aufstehen viel einfacher! Dieses digitale Wecker-Ladeger\u00e4t kommt in der <strong>passenden schwarzen iPhone-Farbe <\/strong>und die <strong>Ersatzbatterie <\/strong>sorgt daf\u00fcr, dass Sie immer einen Alarm haben!<\/p>\n<p><\/p>\n<p><strong>Merkmale:<\/strong><\/p>\n<ul>\n<li>Wecker und drahtloses Handy-Ladeger\u00e4t in einem<\/li>\n<li>Licht zum Aufwachen<\/li>\n<li>2 Alarmzeiten<\/li>\n<li>Schlummerfunktion<\/li>\n<li>Gro\u00dfes wei\u00dfes Display<\/li>\n<li>Dimmbar<\/li>\n<li>Nachtlicht in verschiedenen Farben<\/li>\n<li>Ersatzbatterie<\/li>\n<li>Farbe: iPhone schwarz<\/li>\n<\/ul>\n<p><strong>Hinweis: <\/strong>Keine FM\/Radio-Funktion<\/p>\n<h3>Die besten Eigenschaften<\/h3>\n<p>Dieser digitale Wecker von Caliber ist genau das, was Sie brauchen. Dank seiner verschiedenen Funktionen k\u00f6nnen Sie so aufwachen, wie Sie es w\u00fcnschen. Stellen Sie zum Beispiel f\u00fcr sich und Ihren Partner eine separate Weckzeit ein. Mit der Doppelalarmfunktion k\u00f6nnen Sie zwei Wecker gleichzeitig stellen. Nutzen Sie die bekannte Schlummerfunktion, um etwas l\u00e4nger im Bett zu bleiben, ohne das Risiko, zu verschlafen. Das gro\u00dfe wei\u00dfe Display sorgt daf\u00fcr, dass die Uhrzeit immer gut ablesbar ist. Dieser Caliber Wecker verf\u00fcgt nicht \u00fcber eine Radiofunktion. Sie werden mit einem Summerton geweckt.<\/p>\n<h3>Intelligente Technologie<\/h3>\n<p>Dieser Caliber Wecker ist gleichzeitig auch ein Ladeger\u00e4t f\u00fcr Ihr Telefon. Mit dem Wecker-Ladeger\u00e4t k\u00f6nnen Sie Ihr iPhone oder ein anderes Smartphone drahtlos aufladen. Das liegt daran, dass der Wecker mit der Qi-Technologie ausgestattet ist, die ein schnelles Aufladen erm\u00f6glicht. Wenn Ihr Telefon dies unterst\u00fctzt, k\u00f6nnen Sie es im Handumdrehen drahtlos aufladen. Ist das nicht der Fall? Dann k\u00f6nnen Sie Ihr Telefon ganz einfach \u00fcber den USB-Anschluss des Wecker-Ladeger\u00e4ts aufladen. Dieser digitale Wecker verf\u00fcgt au\u00dferdem \u00fcber eine intelligente Dimmerfunktion. In der Nacht wird das Licht automatisch gedimmt, bis es gegen Mitternacht am schw\u00e4chsten ist, bevor es gegen Morgen wieder heller wird. So fungiert dieser Caliber Wecker auch direkt als Wecklicht, was das Aufwachen erleichtert.<\/p>\n<h3>N\u00fctzliche Extras<\/h3>\n<p>Neben all diesen Funktionen und Eigenschaften verf\u00fcgt dieser Caliber Wecker mit drahtlosem Ladeger\u00e4t auch \u00fcber ein Nachtlicht mit verschiedenen Farben. So k\u00f6nnen Sie die Stimmung des Raumes selbst bestimmen. Sie ben\u00f6tigen also nur eine Steckdose f\u00fcr Ihren Wecker, Ihr Ladeger\u00e4t und Ihr Nachtlicht. Ideal! Au\u00dferdem verf\u00fcgt dieser sch\u00f6ne schwarze Wecker \u00fcber eine Ersatzbatterie, die daf\u00fcr sorgt, dass Sie sich immer auf Ihren Wecker verlassen k\u00f6nnen, auch wenn der Strom kurz ausf\u00e4llt.<\/p>\n","protected":false},"excerpt":{"rendered":"<p>Der Caliber HCG019QI-BA Digitalwecker mit drahtlosem Ladeger\u00e4t ist ideal f\u00fcr alle, die moderne Technik lieben. Sie k\u00f6nnen 2 Weckzeiten einstellen, Ihr Telefon mit dem drahtlosen Ladeger\u00e4t aufladen und dieser Wecker verf\u00fcgt \u00fcber ein Nachtlicht mit verschiedenen stimmungsvollen Farben. Das gro\u00dfe wei\u00dfe Display ist dimmbar. Dank des Wecklichts und der Schlummerfunktion ist das Aufstehen viel einfacher! [&hellip;]<\/p>\n","protected":false},"featured_media":873293,"template":"","meta":{"_acf_changed":false,"site-sidebar-layout":"default","site-content-layout":"","ast-site-content-layout":"default","site-content-style":"default","site-sidebar-style":"default","ast-global-header-display":"","ast-banner-title-visibility":"","ast-main-header-display":"","ast-hfb-above-header-display":"","ast-hfb-below-header-display":"","ast-hfb-mobile-header-display":"","site-post-title":"","ast-breadcrumbs-content":"","ast-featured-img":"","footer-sml-layout":"","theme-transparent-header-meta":"","adv-header-id-meta":"","stick-header-meta":"","header-above-stick-meta":"","header-main-stick-meta":"","header-below-stick-meta":"","astra-migrate-meta-layouts":"default","ast-page-background-enabled":"default","ast-page-background-meta":{"desktop":{"background-color":"","background-image":"","background-repeat":"repeat","background-position":"center center","background-size":"auto","background-attachment":"scroll","background-type":"","background-media":"","overlay-type":"","overlay-color":"","overlay-opacity":"","overlay-gradient":""},"tablet":{"background-color":"","background-image":"","background-repeat":"repeat","background-position":"center center","background-size":"auto","background-attachment":"scroll","background-type":"","background-media":"","overlay-type":"","overlay-color":"","overlay-opacity":"","overlay-gradient":""},"mobile":{"background-color":"","background-image":"","background-repeat":"repeat","background-position":"center center","background-size":"auto","background-attachment":"scroll","background-type":"","background-media":"","overlay-type":"","overlay-color":"","overlay-opacity":"","overlay-gradient":""}},"ast-content-background-meta":{"desktop":{"background-color":"var(--ast-global-color-5)","background-image":"","background-repeat":"repeat","background-position":"center center","background-size":"auto","background-attachment":"scroll","background-type":"","background-media":"","overlay-type":"","overlay-color":"","overlay-opacity":"","overlay-gradient":""},"tablet":{"background-color":"var(--ast-global-color-5)","background-image":"","background-repeat":"repeat","background-position":"center center","background-size":"auto","background-attachment":"scroll","background-type":"","background-media":"","overlay-type":"","overlay-color":"","overlay-opacity":"","overlay-gradient":""},"mobile":{"background-color":"var(--ast-global-color-5)","background-image":"","background-repeat":"repeat","background-position":"center center","background-size":"auto","background-attachment":"scroll","background-type":"","background-media":"","overlay-type":"","overlay-color":"","overlay-opacity":"","overlay-gradient":""}}},"product_brand":[],"product_cat":[22956],"product_tag":[],"class_list":{"0":"post-520909","1":"product","2":"type-product","3":"status-publish","4":"has-post-thumbnail","6":"product_cat-keine-kategorie","7":"desktop-align-center","8":"tablet-align-center","9":"mobile-align-center","10":"ast-product-gallery-layout-horizontal","11":"ast-product-tabs-layout-horizontal","13":"first","14":"instock","15":"taxable","16":"shipping-taxable","17":"purchasable","18":"product-type-simple"},"acf":[],"yoast_head":"<!-- This site is optimized with the Yoast SEO plugin v26.5 - https:\/\/yoast.com\/wordpress\/plugins\/seo\/ -->\n<title>Digitaler Wecker mit drahtlosem Ladeger\u00e4t - Dualer Wecker - Nachtlicht und Wecklicht (HCG019QI-BA) - Caliber Europe B.V.<\/title>\n<meta name=\"robots\" content=\"noindex, follow, max-snippet:-1, max-image-preview:large, max-video-preview:-1\" \/>\n<meta property=\"og:locale\" content=\"de_DE\" \/>\n<meta property=\"og:type\" content=\"article\" \/>\n<meta property=\"og:title\" content=\"Digitaler Wecker mit drahtlosem Ladeger\u00e4t - Dualer Wecker - Nachtlicht und Wecklicht (HCG019QI-BA) - Caliber Europe B.V.\" \/>\n<meta property=\"og:description\" content=\"Der Caliber HCG019QI-BA Digitalwecker mit drahtlosem Ladeger\u00e4t ist ideal f\u00fcr alle, die moderne Technik lieben. Sie k\u00f6nnen 2 Weckzeiten einstellen, Ihr Telefon mit dem drahtlosen Ladeger\u00e4t aufladen und dieser Wecker verf\u00fcgt \u00fcber ein Nachtlicht mit verschiedenen stimmungsvollen Farben. Das gro\u00dfe wei\u00dfe Display ist dimmbar. Dank des Wecklichts und der Schlummerfunktion ist das Aufstehen viel einfacher! [&hellip;]\" \/>\n<meta property=\"og:url\" content=\"https:\/\/b2b.calibereurope.com\/de\/produkt\/hcg019qi-ba-de_de\/\" \/>\n<meta property=\"og:site_name\" content=\"Caliber Europe B.V.\" \/>\n<meta property=\"article:modified_time\" content=\"2026-04-07T05:27:46+00:00\" \/>\n<meta property=\"og:image\" content=\"https:\/\/b2b.calibereurope.com\/wp-content\/uploads\/2021\/09\/c59dd7d8b571d14ce052ad87fac2d68ff3c8f007_HCG019Qi_BA_iPhone.jpg\" \/>\n\t<meta property=\"og:image:width\" content=\"1024\" \/>\n\t<meta property=\"og:image:height\" content=\"768\" \/>\n\t<meta property=\"og:image:type\" content=\"image\/jpeg\" \/>\n<meta name=\"twitter:card\" content=\"summary_large_image\" \/>\n<meta name=\"twitter:label1\" content=\"Gesch\u00e4tzte Lesezeit\" \/>\n\t<meta name=\"twitter:data1\" content=\"2\u00a0Minuten\" \/>\n<script type=\"application\/ld+json\" class=\"yoast-schema-graph\">{\"@context\":\"https:\/\/schema.org\",\"@graph\":[{\"@type\":\"WebPage\",\"@id\":\"https:\/\/b2b.calibereurope.com\/de\/produkt\/hcg019qi-ba-de_de\/\",\"url\":\"https:\/\/b2b.calibereurope.com\/de\/produkt\/hcg019qi-ba-de_de\/\",\"name\":\"Digitaler Wecker mit drahtlosem Ladeger\u00e4t - Dualer Wecker - Nachtlicht und Wecklicht (HCG019QI-BA) - Caliber Europe B.V.\",\"isPartOf\":{\"@id\":\"https:\/\/b2b.calibereurope.com\/#website\"},\"primaryImageOfPage\":{\"@id\":\"https:\/\/b2b.calibereurope.com\/de\/produkt\/hcg019qi-ba-de_de\/#primaryimage\"},\"image\":{\"@id\":\"https:\/\/b2b.calibereurope.com\/de\/produkt\/hcg019qi-ba-de_de\/#primaryimage\"},\"thumbnailUrl\":\"https:\/\/b2b.calibereurope.com\/wp-content\/uploads\/2026\/04\/be99945668c8fda55b953d03e279accfbc267674_HCG019QI_BA_Enhanced_Images_BA_07.jpg\",\"datePublished\":\"2026-04-07T00:00:00+00:00\",\"dateModified\":\"2026-04-07T05:27:46+00:00\",\"breadcrumb\":{\"@id\":\"https:\/\/b2b.calibereurope.com\/de\/produkt\/hcg019qi-ba-de_de\/#breadcrumb\"},\"inLanguage\":\"de\",\"potentialAction\":[{\"@type\":\"ReadAction\",\"target\":[\"https:\/\/b2b.calibereurope.com\/de\/produkt\/hcg019qi-ba-de_de\/\"]}]},{\"@type\":\"ImageObject\",\"inLanguage\":\"de\",\"@id\":\"https:\/\/b2b.calibereurope.com\/de\/produkt\/hcg019qi-ba-de_de\/#primaryimage\",\"url\":\"https:\/\/b2b.calibereurope.com\/wp-content\/uploads\/2026\/04\/be99945668c8fda55b953d03e279accfbc267674_HCG019QI_BA_Enhanced_Images_BA_07.jpg\",\"contentUrl\":\"https:\/\/b2b.calibereurope.com\/wp-content\/uploads\/2026\/04\/be99945668c8fda55b953d03e279accfbc267674_HCG019QI_BA_Enhanced_Images_BA_07.jpg\",\"width\":2500,\"height\":2500},{\"@type\":\"BreadcrumbList\",\"@id\":\"https:\/\/b2b.calibereurope.com\/de\/produkt\/hcg019qi-ba-de_de\/#breadcrumb\",\"itemListElement\":[{\"@type\":\"ListItem\",\"position\":1,\"name\":\"Home\",\"item\":\"https:\/\/b2b.calibereurope.com\/de\/\"},{\"@type\":\"ListItem\",\"position\":2,\"name\":\"Shop\",\"item\":\"https:\/\/b2b.calibereurope.com\/de\/shop\/\"},{\"@type\":\"ListItem\",\"position\":3,\"name\":\"Wecker mit drahtloser Aufladung &#8211; Schwarz (HCG019QI-BA)\"}]},{\"@type\":\"WebSite\",\"@id\":\"https:\/\/b2b.calibereurope.com\/#website\",\"url\":\"https:\/\/b2b.calibereurope.com\/\",\"name\":\"Caliber Europe B.V.\",\"description\":\"B2B Webshop\",\"publisher\":{\"@id\":\"https:\/\/b2b.calibereurope.com\/#organization\"},\"potentialAction\":[{\"@type\":\"SearchAction\",\"target\":{\"@type\":\"EntryPoint\",\"urlTemplate\":\"https:\/\/b2b.calibereurope.com\/?s={search_term_string}\"},\"query-input\":{\"@type\":\"PropertyValueSpecification\",\"valueRequired\":true,\"valueName\":\"search_term_string\"}}],\"inLanguage\":\"de\"},{\"@type\":\"Organization\",\"@id\":\"https:\/\/b2b.calibereurope.com\/#organization\",\"name\":\"Caliber Europe B.V.\",\"url\":\"https:\/\/b2b.calibereurope.com\/\",\"logo\":{\"@type\":\"ImageObject\",\"inLanguage\":\"de\",\"@id\":\"https:\/\/b2b.calibereurope.com\/#\/schema\/logo\/image\/\",\"url\":\"https:\/\/b2b.calibereurope.com\/wp-content\/uploads\/2020\/12\/Caliber_Logo-Black.png\",\"contentUrl\":\"https:\/\/b2b.calibereurope.com\/wp-content\/uploads\/2020\/12\/Caliber_Logo-Black.png\",\"width\":3157,\"height\":356,\"caption\":\"Caliber Europe B.V.\"},\"image\":{\"@id\":\"https:\/\/b2b.calibereurope.com\/#\/schema\/logo\/image\/\"}}]}<\/script>\n<!-- \/ Yoast SEO plugin. -->","yoast_head_json":{"title":"Digitaler Wecker mit drahtlosem Ladeger\u00e4t - Dualer Wecker - Nachtlicht und Wecklicht (HCG019QI-BA) - Caliber Europe B.V.","robots":{"index":"noindex","follow":"follow","max-snippet":"max-snippet:-1","max-image-preview":"max-image-preview:large","max-video-preview":"max-video-preview:-1"},"og_locale":"de_DE","og_type":"article","og_title":"Digitaler Wecker mit drahtlosem Ladeger\u00e4t - Dualer Wecker - Nachtlicht und Wecklicht (HCG019QI-BA) - Caliber Europe B.V.","og_description":"Der Caliber HCG019QI-BA Digitalwecker mit drahtlosem Ladeger\u00e4t ist ideal f\u00fcr alle, die moderne Technik lieben. Sie k\u00f6nnen 2 Weckzeiten einstellen, Ihr Telefon mit dem drahtlosen Ladeger\u00e4t aufladen und dieser Wecker verf\u00fcgt \u00fcber ein Nachtlicht mit verschiedenen stimmungsvollen Farben. Das gro\u00dfe wei\u00dfe Display ist dimmbar. Dank des Wecklichts und der Schlummerfunktion ist das Aufstehen viel einfacher! [&hellip;]","og_url":"https:\/\/b2b.calibereurope.com\/de\/produkt\/hcg019qi-ba-de_de\/","og_site_name":"Caliber Europe B.V.","article_modified_time":"2026-04-07T05:27:46+00:00","og_image":[{"width":1024,"height":768,"url":"https:\/\/b2b.calibereurope.com\/wp-content\/uploads\/2021\/09\/c59dd7d8b571d14ce052ad87fac2d68ff3c8f007_HCG019Qi_BA_iPhone.jpg","type":"image\/jpeg"}],"twitter_card":"summary_large_image","twitter_misc":{"Gesch\u00e4tzte Lesezeit":"2\u00a0Minuten"},"schema":{"@context":"https:\/\/schema.org","@graph":[{"@type":"WebPage","@id":"https:\/\/b2b.calibereurope.com\/de\/produkt\/hcg019qi-ba-de_de\/","url":"https:\/\/b2b.calibereurope.com\/de\/produkt\/hcg019qi-ba-de_de\/","name":"Digitaler Wecker mit drahtlosem Ladeger\u00e4t - Dualer Wecker - Nachtlicht und Wecklicht (HCG019QI-BA) - Caliber Europe B.V.","isPartOf":{"@id":"https:\/\/b2b.calibereurope.com\/#website"},"primaryImageOfPage":{"@id":"https:\/\/b2b.calibereurope.com\/de\/produkt\/hcg019qi-ba-de_de\/#primaryimage"},"image":{"@id":"https:\/\/b2b.calibereurope.com\/de\/produkt\/hcg019qi-ba-de_de\/#primaryimage"},"thumbnailUrl":"https:\/\/b2b.calibereurope.com\/wp-content\/uploads\/2026\/04\/be99945668c8fda55b953d03e279accfbc267674_HCG019QI_BA_Enhanced_Images_BA_07.jpg","datePublished":"2026-04-07T00:00:00+00:00","dateModified":"2026-04-07T05:27:46+00:00","breadcrumb":{"@id":"https:\/\/b2b.calibereurope.com\/de\/produkt\/hcg019qi-ba-de_de\/#breadcrumb"},"inLanguage":"de","potentialAction":[{"@type":"ReadAction","target":["https:\/\/b2b.calibereurope.com\/de\/produkt\/hcg019qi-ba-de_de\/"]}]},{"@type":"ImageObject","inLanguage":"de","@id":"https:\/\/b2b.calibereurope.com\/de\/produkt\/hcg019qi-ba-de_de\/#primaryimage","url":"https:\/\/b2b.calibereurope.com\/wp-content\/uploads\/2026\/04\/be99945668c8fda55b953d03e279accfbc267674_HCG019QI_BA_Enhanced_Images_BA_07.jpg","contentUrl":"https:\/\/b2b.calibereurope.com\/wp-content\/uploads\/2026\/04\/be99945668c8fda55b953d03e279accfbc267674_HCG019QI_BA_Enhanced_Images_BA_07.jpg","width":2500,"height":2500},{"@type":"BreadcrumbList","@id":"https:\/\/b2b.calibereurope.com\/de\/produkt\/hcg019qi-ba-de_de\/#breadcrumb","itemListElement":[{"@type":"ListItem","position":1,"name":"Home","item":"https:\/\/b2b.calibereurope.com\/de\/"},{"@type":"ListItem","position":2,"name":"Shop","item":"https:\/\/b2b.calibereurope.com\/de\/shop\/"},{"@type":"ListItem","position":3,"name":"Wecker mit drahtloser Aufladung &#8211; Schwarz (HCG019QI-BA)"}]},{"@type":"WebSite","@id":"https:\/\/b2b.calibereurope.com\/#website","url":"https:\/\/b2b.calibereurope.com\/","name":"Caliber Europe B.V.","description":"B2B Webshop","publisher":{"@id":"https:\/\/b2b.calibereurope.com\/#organization"},"potentialAction":[{"@type":"SearchAction","target":{"@type":"EntryPoint","urlTemplate":"https:\/\/b2b.calibereurope.com\/?s={search_term_string}"},"query-input":{"@type":"PropertyValueSpecification","valueRequired":true,"valueName":"search_term_string"}}],"inLanguage":"de"},{"@type":"Organization","@id":"https:\/\/b2b.calibereurope.com\/#organization","name":"Caliber Europe B.V.","url":"https:\/\/b2b.calibereurope.com\/","logo":{"@type":"ImageObject","inLanguage":"de","@id":"https:\/\/b2b.calibereurope.com\/#\/schema\/logo\/image\/","url":"https:\/\/b2b.calibereurope.com\/wp-content\/uploads\/2020\/12\/Caliber_Logo-Black.png","contentUrl":"https:\/\/b2b.calibereurope.com\/wp-content\/uploads\/2020\/12\/Caliber_Logo-Black.png","width":3157,"height":356,"caption":"Caliber Europe B.V."},"image":{"@id":"https:\/\/b2b.calibereurope.com\/#\/schema\/logo\/image\/"}}]}},"_links":{"self":[{"href":"https:\/\/b2b.calibereurope.com\/de\/wp-json\/wp\/v2\/product\/520909","targetHints":{"allow":["GET"]}}],"collection":[{"href":"https:\/\/b2b.calibereurope.com\/de\/wp-json\/wp\/v2\/product"}],"about":[{"href":"https:\/\/b2b.calibereurope.com\/de\/wp-json\/wp\/v2\/types\/product"}],"version-history":[{"count":0,"href":"https:\/\/b2b.calibereurope.com\/de\/wp-json\/wp\/v2\/product\/520909\/revisions"}],"wp:featuredmedia":[{"embeddable":true,"href":"https:\/\/b2b.calibereurope.com\/de\/wp-json\/wp\/v2\/media\/873293"}],"wp:attachment":[{"href":"https:\/\/b2b.calibereurope.com\/de\/wp-json\/wp\/v2\/media?parent=520909"}],"wp:term":[{"taxonomy":"product_brand","embeddable":true,"href":"https:\/\/b2b.calibereurope.com\/de\/wp-json\/wp\/v2\/product_brand?post=520909"},{"taxonomy":"product_cat","embeddable":true,"href":"https:\/\/b2b.calibereurope.com\/de\/wp-json\/wp\/v2\/product_cat?post=520909"},{"taxonomy":"product_tag","embeddable":true,"href":"https:\/\/b2b.calibereurope.com\/de\/wp-json\/wp\/v2\/product_tag?post=520909"}],"curies":[{"name":"wp","href":"https:\/\/api.w.org\/{rel}","templated":true}]}}