{"id":521209,"date":"2023-06-29T02:00:00","date_gmt":"2023-06-29T00:00:00","guid":{"rendered":""},"modified":"2023-06-29T13:07:18","modified_gmt":"2023-06-29T11:07:18","slug":"HCG023-de_DE","status":"publish","type":"product","link":"https:\/\/b2b.calibereurope.com\/de\/produkt\/HCG023-de_DE\/","title":{"rendered":"Digitaler Radiowecker mit FM-Radio &#8211; Temperatur und Luftfeuchtigkeit &#8211; Doppelwecker &#8211; gro\u00dfes Display (HCG023)"},"content":{"rendered":"<p>Dieser Caliber HCG023 digitale Radiowecker ist <strong>Wecker<\/strong>, <strong>Temperatur- und Luftfeuchtigkeitsmesser in <\/strong>einem. Sie k\u00f6nnen <strong>bis zu zwei Weckzeiten gleichzeitig einstellen<\/strong>, sodass Sie und Ihr Partner beide zu Ihrer eigenen Zeit aufwachen. Nutzen Sie die <strong>Schlummerfunktion<\/strong>, um sich noch einmal in aller Seelenruhe umzudrehen. Das <strong>gro\u00dfe wei\u00dfe Display <\/strong>ist gut ablesbar und au\u00dferdem <strong>in 3 Modi dimmbar<\/strong>, sodass Sie immer die gew\u00fcnschte Helligkeit einstellen k\u00f6nnen. Stellen Sie bis zu <strong>10 Radiosender <\/strong>ein, damit Sie immer mit Ihrer Lieblingsmusik aufwachen.<\/p>\n<p><\/p>\n<p><strong>Merkmale:<\/strong><\/p>\n<ul>\n<li>Digitaler Radiowecker<\/li>\n<li>FM-Radio mit 10 Voreinstellungen<\/li>\n<li>Temperatur- und Luftfeuchtigkeitsmesser<\/li>\n<li>Doppelalarm<\/li>\n<li>Schlummerfunktion<\/li>\n<li>Gro\u00dfes wei\u00dfes Display<\/li>\n<li>Dimmbar<\/li>\n<li>Extra d\u00fcnnes Design<\/li>\n<li>Ersatzbatterie<\/li>\n<\/ul>\n<p><strong>Hinweis: <\/strong>Batterie nicht im Lieferumfang enthalten<\/p>\n<h3>Wachen Sie auf, wie Sie wollen<\/h3>\n<p>Ob Sie sich lieber von holl\u00e4ndischen Schlagern, Ihrer Lieblingsinterviewsendung oder klassischer Musik wecken lassen: Sie haben die Wahl! Dank der UKW-Radiofunktion dieses digitalen Weckers k\u00f6nnen Sie 10 Sender voreinstellen, sodass Sie immer ausw\u00e4hlen k\u00f6nnen, was Sie h\u00f6ren m\u00f6chten. Wenn das Aufwachen etwas schwieriger ist, k\u00f6nnen Sie die Schlummerfunktion nutzen. Dies kann zwischen 5 und 60 Minuten eingestellt werden. Dank der Doppelalarmfunktion k\u00f6nnen Sie zwei Alarmzeiten gleichzeitig einstellen.<\/p>\n<h3>Vollst\u00e4ndig ausgestattet<\/h3>\n<p>Zu warmer Raum oder sehr trockene Luft? Das tr\u00e4gt nicht gerade zu einem erholsamen Schlaf bei. Der integrierte Temperatur- und Luftfeuchtigkeitsmesser des Caliber Radioweckers bietet eine L\u00f6sung! Mit diesem digitalen Wecker in Ihrem Schlafzimmer sind Sie immer auf dem Laufenden und k\u00f6nnen sich eine gute Nachtruhe sichern!<\/p>\n<h3>Intelligentes Design<\/h3>\n<p>Auf dem gro\u00dfen wei\u00dfen Display des digitalen Radioweckers lassen sich die Uhrzeit sowie Temperatur und Luftfeuchtigkeit leicht ablesen. Dank seines besonders schlanken Designs nimmt der Wecker nur wenig Platz ein. Das Display ist au\u00dferdem in drei Modi dimmbar, sodass die Zahlen auch bei sonnigem Tageslicht gut ablesbar sind, der Bildschirm aber nicht zu hell ist, wenn der Rest des Schlafzimmers dunkel ist. Der digitale Wecker verf\u00fcgt \u00fcber eine Ersatzbatterie, sodass Sie sich auch bei einem unerwarteten Stromausfall auf Ihren Wecker verlassen k\u00f6nnen.<\/p>\n","protected":false},"excerpt":{"rendered":"<p>Dieser Caliber HCG023 digitale Radiowecker ist Wecker, Temperatur- und Luftfeuchtigkeitsmesser in einem. Sie k\u00f6nnen bis zu zwei Weckzeiten gleichzeitig einstellen, sodass Sie und Ihr Partner beide zu Ihrer eigenen Zeit aufwachen. Nutzen Sie die Schlummerfunktion, um sich noch einmal in aller Seelenruhe umzudrehen. Das gro\u00dfe wei\u00dfe Display ist gut ablesbar und au\u00dferdem in 3 Modi [&hellip;]<\/p>\n","protected":false},"featured_media":827921,"template":"","meta":{"_acf_changed":false,"site-sidebar-layout":"default","site-content-layout":"","ast-site-content-layout":"default","site-content-style":"default","site-sidebar-style":"default","ast-global-header-display":"","ast-banner-title-visibility":"","ast-main-header-display":"","ast-hfb-above-header-display":"","ast-hfb-below-header-display":"","ast-hfb-mobile-header-display":"","site-post-title":"","ast-breadcrumbs-content":"","ast-featured-img":"","footer-sml-layout":"","theme-transparent-header-meta":"","adv-header-id-meta":"","stick-header-meta":"","header-above-stick-meta":"","header-main-stick-meta":"","header-below-stick-meta":"","astra-migrate-meta-layouts":"default","ast-page-background-enabled":"default","ast-page-background-meta":{"desktop":{"background-color":"","background-image":"","background-repeat":"repeat","background-position":"center center","background-size":"auto","background-attachment":"scroll","background-type":"","background-media":"","overlay-type":"","overlay-color":"","overlay-opacity":"","overlay-gradient":""},"tablet":{"background-color":"","background-image":"","background-repeat":"repeat","background-position":"center center","background-size":"auto","background-attachment":"scroll","background-type":"","background-media":"","overlay-type":"","overlay-color":"","overlay-opacity":"","overlay-gradient":""},"mobile":{"background-color":"","background-image":"","background-repeat":"repeat","background-position":"center center","background-size":"auto","background-attachment":"scroll","background-type":"","background-media":"","overlay-type":"","overlay-color":"","overlay-opacity":"","overlay-gradient":""}},"ast-content-background-meta":{"desktop":{"background-color":"var(--ast-global-color-5)","background-image":"","background-repeat":"repeat","background-position":"center center","background-size":"auto","background-attachment":"scroll","background-type":"","background-media":"","overlay-type":"","overlay-color":"","overlay-opacity":"","overlay-gradient":""},"tablet":{"background-color":"var(--ast-global-color-5)","background-image":"","background-repeat":"repeat","background-position":"center center","background-size":"auto","background-attachment":"scroll","background-type":"","background-media":"","overlay-type":"","overlay-color":"","overlay-opacity":"","overlay-gradient":""},"mobile":{"background-color":"var(--ast-global-color-5)","background-image":"","background-repeat":"repeat","background-position":"center center","background-size":"auto","background-attachment":"scroll","background-type":"","background-media":"","overlay-type":"","overlay-color":"","overlay-opacity":"","overlay-gradient":""}}},"product_brand":[],"product_cat":[22956],"product_tag":[],"class_list":{"0":"post-521209","1":"product","2":"type-product","3":"status-publish","4":"has-post-thumbnail","6":"product_cat-keine-kategorie","7":"desktop-align-center","8":"tablet-align-center","9":"mobile-align-center","10":"ast-product-gallery-layout-horizontal","11":"ast-product-tabs-layout-horizontal","13":"first","14":"instock","15":"taxable","16":"shipping-taxable","17":"purchasable","18":"product-type-simple"},"acf":[],"yoast_head":"<!-- This site is optimized with the Yoast SEO plugin v26.5 - https:\/\/yoast.com\/wordpress\/plugins\/seo\/ -->\n<title>Digitaler Radiowecker mit FM-Radio - Temperatur und Luftfeuchtigkeit - Doppelwecker - gro\u00dfes Display (HCG023) - Caliber Europe B.V.<\/title>\n<meta name=\"robots\" content=\"noindex, follow, max-snippet:-1, max-image-preview:large, max-video-preview:-1\" \/>\n<meta property=\"og:locale\" content=\"de_DE\" \/>\n<meta property=\"og:type\" content=\"article\" \/>\n<meta property=\"og:title\" content=\"Digitaler Radiowecker mit FM-Radio - Temperatur und Luftfeuchtigkeit - Doppelwecker - gro\u00dfes Display (HCG023) - Caliber Europe B.V.\" \/>\n<meta property=\"og:description\" content=\"Dieser Caliber HCG023 digitale Radiowecker ist Wecker, Temperatur- und Luftfeuchtigkeitsmesser in einem. Sie k\u00f6nnen bis zu zwei Weckzeiten gleichzeitig einstellen, sodass Sie und Ihr Partner beide zu Ihrer eigenen Zeit aufwachen. Nutzen Sie die Schlummerfunktion, um sich noch einmal in aller Seelenruhe umzudrehen. Das gro\u00dfe wei\u00dfe Display ist gut ablesbar und au\u00dferdem in 3 Modi [&hellip;]\" \/>\n<meta property=\"og:url\" content=\"https:\/\/b2b.calibereurope.com\/de\/produkt\/HCG023-de_DE\/\" \/>\n<meta property=\"og:site_name\" content=\"Caliber Europe B.V.\" \/>\n<meta property=\"article:modified_time\" content=\"2023-06-29T11:07:18+00:00\" \/>\n<meta property=\"og:image\" content=\"https:\/\/b2b.calibereurope.com\/wp-content\/uploads\/2021\/11\/c6209e66e7986a3c64b64e1c95e4579b0ccf0ba8_HCG023.jpg\" \/>\n\t<meta property=\"og:image:width\" content=\"1024\" \/>\n\t<meta property=\"og:image:height\" content=\"768\" \/>\n\t<meta property=\"og:image:type\" content=\"image\/jpeg\" \/>\n<meta name=\"twitter:card\" content=\"summary_large_image\" \/>\n<meta name=\"twitter:label1\" content=\"Gesch\u00e4tzte Lesezeit\" \/>\n\t<meta name=\"twitter:data1\" content=\"2\u00a0Minuten\" \/>\n<script type=\"application\/ld+json\" class=\"yoast-schema-graph\">{\"@context\":\"https:\/\/schema.org\",\"@graph\":[{\"@type\":\"WebPage\",\"@id\":\"https:\/\/b2b.calibereurope.com\/de\/produkt\/HCG023-de_DE\/\",\"url\":\"https:\/\/b2b.calibereurope.com\/de\/produkt\/HCG023-de_DE\/\",\"name\":\"Digitaler Radiowecker mit FM-Radio - Temperatur und Luftfeuchtigkeit - Doppelwecker - gro\u00dfes Display (HCG023) - Caliber Europe B.V.\",\"isPartOf\":{\"@id\":\"https:\/\/b2b.calibereurope.com\/#website\"},\"primaryImageOfPage\":{\"@id\":\"https:\/\/b2b.calibereurope.com\/de\/produkt\/HCG023-de_DE\/#primaryimage\"},\"image\":{\"@id\":\"https:\/\/b2b.calibereurope.com\/de\/produkt\/HCG023-de_DE\/#primaryimage\"},\"thumbnailUrl\":\"https:\/\/b2b.calibereurope.com\/wp-content\/uploads\/2023\/06\/c6209e66e7986a3c64b64e1c95e4579b0ccf0ba8_HCG023.jpg\",\"datePublished\":\"2023-06-29T00:00:00+00:00\",\"dateModified\":\"2023-06-29T11:07:18+00:00\",\"breadcrumb\":{\"@id\":\"https:\/\/b2b.calibereurope.com\/de\/produkt\/HCG023-de_DE\/#breadcrumb\"},\"inLanguage\":\"de\",\"potentialAction\":[{\"@type\":\"ReadAction\",\"target\":[\"https:\/\/b2b.calibereurope.com\/de\/produkt\/HCG023-de_DE\/\"]}]},{\"@type\":\"ImageObject\",\"inLanguage\":\"de\",\"@id\":\"https:\/\/b2b.calibereurope.com\/de\/produkt\/HCG023-de_DE\/#primaryimage\",\"url\":\"https:\/\/b2b.calibereurope.com\/wp-content\/uploads\/2023\/06\/c6209e66e7986a3c64b64e1c95e4579b0ccf0ba8_HCG023.jpg\",\"contentUrl\":\"https:\/\/b2b.calibereurope.com\/wp-content\/uploads\/2023\/06\/c6209e66e7986a3c64b64e1c95e4579b0ccf0ba8_HCG023.jpg\",\"width\":1024,\"height\":768},{\"@type\":\"BreadcrumbList\",\"@id\":\"https:\/\/b2b.calibereurope.com\/de\/produkt\/HCG023-de_DE\/#breadcrumb\",\"itemListElement\":[{\"@type\":\"ListItem\",\"position\":1,\"name\":\"Home\",\"item\":\"https:\/\/b2b.calibereurope.com\/de\/\"},{\"@type\":\"ListItem\",\"position\":2,\"name\":\"Shop\",\"item\":\"https:\/\/b2b.calibereurope.com\/de\/shop\/\"},{\"@type\":\"ListItem\",\"position\":3,\"name\":\"Wecker mit FM-Radio, Temperatur- und Luftfeuchtigkeitsmesser(HCG023) (HCG023)\"}]},{\"@type\":\"WebSite\",\"@id\":\"https:\/\/b2b.calibereurope.com\/#website\",\"url\":\"https:\/\/b2b.calibereurope.com\/\",\"name\":\"Caliber Europe B.V.\",\"description\":\"B2B Webshop\",\"publisher\":{\"@id\":\"https:\/\/b2b.calibereurope.com\/#organization\"},\"potentialAction\":[{\"@type\":\"SearchAction\",\"target\":{\"@type\":\"EntryPoint\",\"urlTemplate\":\"https:\/\/b2b.calibereurope.com\/?s={search_term_string}\"},\"query-input\":{\"@type\":\"PropertyValueSpecification\",\"valueRequired\":true,\"valueName\":\"search_term_string\"}}],\"inLanguage\":\"de\"},{\"@type\":\"Organization\",\"@id\":\"https:\/\/b2b.calibereurope.com\/#organization\",\"name\":\"Caliber Europe B.V.\",\"url\":\"https:\/\/b2b.calibereurope.com\/\",\"logo\":{\"@type\":\"ImageObject\",\"inLanguage\":\"de\",\"@id\":\"https:\/\/b2b.calibereurope.com\/#\/schema\/logo\/image\/\",\"url\":\"https:\/\/b2b.calibereurope.com\/wp-content\/uploads\/2020\/12\/Caliber_Logo-Black.png\",\"contentUrl\":\"https:\/\/b2b.calibereurope.com\/wp-content\/uploads\/2020\/12\/Caliber_Logo-Black.png\",\"width\":3157,\"height\":356,\"caption\":\"Caliber Europe B.V.\"},\"image\":{\"@id\":\"https:\/\/b2b.calibereurope.com\/#\/schema\/logo\/image\/\"}}]}<\/script>\n<!-- \/ Yoast SEO plugin. -->","yoast_head_json":{"title":"Digitaler Radiowecker mit FM-Radio - Temperatur und Luftfeuchtigkeit - Doppelwecker - gro\u00dfes Display (HCG023) - Caliber Europe B.V.","robots":{"index":"noindex","follow":"follow","max-snippet":"max-snippet:-1","max-image-preview":"max-image-preview:large","max-video-preview":"max-video-preview:-1"},"og_locale":"de_DE","og_type":"article","og_title":"Digitaler Radiowecker mit FM-Radio - Temperatur und Luftfeuchtigkeit - Doppelwecker - gro\u00dfes Display (HCG023) - Caliber Europe B.V.","og_description":"Dieser Caliber HCG023 digitale Radiowecker ist Wecker, Temperatur- und Luftfeuchtigkeitsmesser in einem. Sie k\u00f6nnen bis zu zwei Weckzeiten gleichzeitig einstellen, sodass Sie und Ihr Partner beide zu Ihrer eigenen Zeit aufwachen. Nutzen Sie die Schlummerfunktion, um sich noch einmal in aller Seelenruhe umzudrehen. Das gro\u00dfe wei\u00dfe Display ist gut ablesbar und au\u00dferdem in 3 Modi [&hellip;]","og_url":"https:\/\/b2b.calibereurope.com\/de\/produkt\/HCG023-de_DE\/","og_site_name":"Caliber Europe B.V.","article_modified_time":"2023-06-29T11:07:18+00:00","og_image":[{"width":1024,"height":768,"url":"https:\/\/b2b.calibereurope.com\/wp-content\/uploads\/2021\/11\/c6209e66e7986a3c64b64e1c95e4579b0ccf0ba8_HCG023.jpg","type":"image\/jpeg"}],"twitter_card":"summary_large_image","twitter_misc":{"Gesch\u00e4tzte Lesezeit":"2\u00a0Minuten"},"schema":{"@context":"https:\/\/schema.org","@graph":[{"@type":"WebPage","@id":"https:\/\/b2b.calibereurope.com\/de\/produkt\/HCG023-de_DE\/","url":"https:\/\/b2b.calibereurope.com\/de\/produkt\/HCG023-de_DE\/","name":"Digitaler Radiowecker mit FM-Radio - Temperatur und Luftfeuchtigkeit - Doppelwecker - gro\u00dfes Display (HCG023) - Caliber Europe B.V.","isPartOf":{"@id":"https:\/\/b2b.calibereurope.com\/#website"},"primaryImageOfPage":{"@id":"https:\/\/b2b.calibereurope.com\/de\/produkt\/HCG023-de_DE\/#primaryimage"},"image":{"@id":"https:\/\/b2b.calibereurope.com\/de\/produkt\/HCG023-de_DE\/#primaryimage"},"thumbnailUrl":"https:\/\/b2b.calibereurope.com\/wp-content\/uploads\/2023\/06\/c6209e66e7986a3c64b64e1c95e4579b0ccf0ba8_HCG023.jpg","datePublished":"2023-06-29T00:00:00+00:00","dateModified":"2023-06-29T11:07:18+00:00","breadcrumb":{"@id":"https:\/\/b2b.calibereurope.com\/de\/produkt\/HCG023-de_DE\/#breadcrumb"},"inLanguage":"de","potentialAction":[{"@type":"ReadAction","target":["https:\/\/b2b.calibereurope.com\/de\/produkt\/HCG023-de_DE\/"]}]},{"@type":"ImageObject","inLanguage":"de","@id":"https:\/\/b2b.calibereurope.com\/de\/produkt\/HCG023-de_DE\/#primaryimage","url":"https:\/\/b2b.calibereurope.com\/wp-content\/uploads\/2023\/06\/c6209e66e7986a3c64b64e1c95e4579b0ccf0ba8_HCG023.jpg","contentUrl":"https:\/\/b2b.calibereurope.com\/wp-content\/uploads\/2023\/06\/c6209e66e7986a3c64b64e1c95e4579b0ccf0ba8_HCG023.jpg","width":1024,"height":768},{"@type":"BreadcrumbList","@id":"https:\/\/b2b.calibereurope.com\/de\/produkt\/HCG023-de_DE\/#breadcrumb","itemListElement":[{"@type":"ListItem","position":1,"name":"Home","item":"https:\/\/b2b.calibereurope.com\/de\/"},{"@type":"ListItem","position":2,"name":"Shop","item":"https:\/\/b2b.calibereurope.com\/de\/shop\/"},{"@type":"ListItem","position":3,"name":"Wecker mit FM-Radio, Temperatur- und Luftfeuchtigkeitsmesser(HCG023) (HCG023)"}]},{"@type":"WebSite","@id":"https:\/\/b2b.calibereurope.com\/#website","url":"https:\/\/b2b.calibereurope.com\/","name":"Caliber Europe B.V.","description":"B2B Webshop","publisher":{"@id":"https:\/\/b2b.calibereurope.com\/#organization"},"potentialAction":[{"@type":"SearchAction","target":{"@type":"EntryPoint","urlTemplate":"https:\/\/b2b.calibereurope.com\/?s={search_term_string}"},"query-input":{"@type":"PropertyValueSpecification","valueRequired":true,"valueName":"search_term_string"}}],"inLanguage":"de"},{"@type":"Organization","@id":"https:\/\/b2b.calibereurope.com\/#organization","name":"Caliber Europe B.V.","url":"https:\/\/b2b.calibereurope.com\/","logo":{"@type":"ImageObject","inLanguage":"de","@id":"https:\/\/b2b.calibereurope.com\/#\/schema\/logo\/image\/","url":"https:\/\/b2b.calibereurope.com\/wp-content\/uploads\/2020\/12\/Caliber_Logo-Black.png","contentUrl":"https:\/\/b2b.calibereurope.com\/wp-content\/uploads\/2020\/12\/Caliber_Logo-Black.png","width":3157,"height":356,"caption":"Caliber Europe B.V."},"image":{"@id":"https:\/\/b2b.calibereurope.com\/#\/schema\/logo\/image\/"}}]}},"_links":{"self":[{"href":"https:\/\/b2b.calibereurope.com\/de\/wp-json\/wp\/v2\/product\/521209","targetHints":{"allow":["GET"]}}],"collection":[{"href":"https:\/\/b2b.calibereurope.com\/de\/wp-json\/wp\/v2\/product"}],"about":[{"href":"https:\/\/b2b.calibereurope.com\/de\/wp-json\/wp\/v2\/types\/product"}],"version-history":[{"count":0,"href":"https:\/\/b2b.calibereurope.com\/de\/wp-json\/wp\/v2\/product\/521209\/revisions"}],"wp:featuredmedia":[{"embeddable":true,"href":"https:\/\/b2b.calibereurope.com\/de\/wp-json\/wp\/v2\/media\/827921"}],"wp:attachment":[{"href":"https:\/\/b2b.calibereurope.com\/de\/wp-json\/wp\/v2\/media?parent=521209"}],"wp:term":[{"taxonomy":"product_brand","embeddable":true,"href":"https:\/\/b2b.calibereurope.com\/de\/wp-json\/wp\/v2\/product_brand?post=521209"},{"taxonomy":"product_cat","embeddable":true,"href":"https:\/\/b2b.calibereurope.com\/de\/wp-json\/wp\/v2\/product_cat?post=521209"},{"taxonomy":"product_tag","embeddable":true,"href":"https:\/\/b2b.calibereurope.com\/de\/wp-json\/wp\/v2\/product_tag?post=521209"}],"curies":[{"name":"wp","href":"https:\/\/api.w.org\/{rel}","templated":true}]}}