{"id":521309,"date":"2025-02-10T01:00:00","date_gmt":"2025-02-10T00:00:00","guid":{"rendered":""},"modified":"2025-02-10T14:25:43","modified_gmt":"2025-02-10T13:25:43","slug":"RMD031BT-MP-de_DE","status":"publish","type":"product","link":"https:\/\/b2b.calibereurope.com\/de\/produkt\/RMD031BT-MP-de_DE\/","title":{"rendered":"Mediaplayer &#8211; Bluetooth\u00ae Technologie USB SD Black (RMD031BT-MP)"},"content":{"rendered":"<p>Die Bluetooth\u00ae Technologie-Headunit Kaliber RMD031BT-MP ist eine einfache Headunit, die f\u00fcr den modernen Benutzer geeignet ist. Schlie\u00dfen Sie Ihr Smartphone einfach \u00fcber Bluetooth\u00ae Technologie an, und Sie k\u00f6nnen alles drahtlos steuern. Sie h\u00f6ren Musik und telefonieren dank des internen Mikrofons freih\u00e4ndig \u00fcber Ihre Autolautsprecher.&nbsp;<\/p>\n<p><strong>Die perfekte Leistung<\/strong><br \/>Mit bis zu 4 x 55 Watt bietet der RMD031BT-MP genug Lautst\u00e4rke, um Ihre Musik ungest\u00f6rt w\u00e4hrend der Fahrt zu genie\u00dfen. Es ist auch m\u00f6glich, \u00fcber eine andere Verbindung Musik zu h\u00f6ren. Schlie\u00dfen Sie einen USB-Stick oder eine SD-Karte mit bis zu 32 GB Speicher an, und das Autoradio liest Ihre MP3-Dateien. Oder w\u00e4hlen Sie den Aux-Eingang mit einer Mini-Klinkenbuchse.<\/p>\n<p><strong>RCA-Ausgang und RDS<\/strong><br \/>Das Caliber RMD031BT-MP verf\u00fcgt \u00fcber einen RCA-Ausgang, so dass Sie einen separaten Verst\u00e4rker anschlie\u00dfen k\u00f6nnen, um Ihren Klang zu personalisieren. Dieses Radio hat die Standardgr\u00f6\u00dfe 1-DIN, so dass Sie Ihr altes Autoradio problemlos austauschen k\u00f6nnen.<\/p>\n","protected":false},"excerpt":{"rendered":"<p>Die Bluetooth\u00ae Technologie-Headunit Kaliber RMD031BT-MP ist eine einfache Headunit, die f\u00fcr den modernen Benutzer geeignet ist. Schlie\u00dfen Sie Ihr Smartphone einfach \u00fcber Bluetooth\u00ae Technologie an, und Sie k\u00f6nnen alles drahtlos steuern. Sie h\u00f6ren Musik und telefonieren dank des internen Mikrofons freih\u00e4ndig \u00fcber Ihre Autolautsprecher.&nbsp; Die perfekte LeistungMit bis zu 4 x 55 Watt bietet der [&hellip;]<\/p>\n","protected":false},"featured_media":856072,"template":"","meta":{"_acf_changed":false,"site-sidebar-layout":"default","site-content-layout":"","ast-site-content-layout":"default","site-content-style":"default","site-sidebar-style":"default","ast-global-header-display":"","ast-banner-title-visibility":"","ast-main-header-display":"","ast-hfb-above-header-display":"","ast-hfb-below-header-display":"","ast-hfb-mobile-header-display":"","site-post-title":"","ast-breadcrumbs-content":"","ast-featured-img":"","footer-sml-layout":"","theme-transparent-header-meta":"","adv-header-id-meta":"","stick-header-meta":"","header-above-stick-meta":"","header-main-stick-meta":"","header-below-stick-meta":"","astra-migrate-meta-layouts":"default","ast-page-background-enabled":"default","ast-page-background-meta":{"desktop":{"background-color":"","background-image":"","background-repeat":"repeat","background-position":"center center","background-size":"auto","background-attachment":"scroll","background-type":"","background-media":"","overlay-type":"","overlay-color":"","overlay-opacity":"","overlay-gradient":""},"tablet":{"background-color":"","background-image":"","background-repeat":"repeat","background-position":"center center","background-size":"auto","background-attachment":"scroll","background-type":"","background-media":"","overlay-type":"","overlay-color":"","overlay-opacity":"","overlay-gradient":""},"mobile":{"background-color":"","background-image":"","background-repeat":"repeat","background-position":"center center","background-size":"auto","background-attachment":"scroll","background-type":"","background-media":"","overlay-type":"","overlay-color":"","overlay-opacity":"","overlay-gradient":""}},"ast-content-background-meta":{"desktop":{"background-color":"var(--ast-global-color-5)","background-image":"","background-repeat":"repeat","background-position":"center center","background-size":"auto","background-attachment":"scroll","background-type":"","background-media":"","overlay-type":"","overlay-color":"","overlay-opacity":"","overlay-gradient":""},"tablet":{"background-color":"var(--ast-global-color-5)","background-image":"","background-repeat":"repeat","background-position":"center center","background-size":"auto","background-attachment":"scroll","background-type":"","background-media":"","overlay-type":"","overlay-color":"","overlay-opacity":"","overlay-gradient":""},"mobile":{"background-color":"var(--ast-global-color-5)","background-image":"","background-repeat":"repeat","background-position":"center center","background-size":"auto","background-attachment":"scroll","background-type":"","background-media":"","overlay-type":"","overlay-color":"","overlay-opacity":"","overlay-gradient":""}}},"product_brand":[],"product_cat":[22956],"product_tag":[],"class_list":{"0":"post-521309","1":"product","2":"type-product","3":"status-publish","4":"has-post-thumbnail","6":"product_cat-keine-kategorie","7":"desktop-align-center","8":"tablet-align-center","9":"mobile-align-center","10":"ast-product-gallery-layout-horizontal","11":"ast-product-tabs-layout-horizontal","13":"first","14":"outofstock","15":"taxable","16":"shipping-taxable","17":"purchasable","18":"product-type-simple"},"acf":[],"yoast_head":"<!-- This site is optimized with the Yoast SEO plugin v26.5 - https:\/\/yoast.com\/wordpress\/plugins\/seo\/ -->\n<title>Mediaplayer - Bluetooth\u00ae Technologie USB SD Black (RMD031BT-MP) - Caliber Europe B.V.<\/title>\n<meta name=\"robots\" content=\"noindex, follow, max-snippet:-1, max-image-preview:large, max-video-preview:-1\" \/>\n<meta property=\"og:locale\" content=\"de_DE\" \/>\n<meta property=\"og:type\" content=\"article\" \/>\n<meta property=\"og:title\" content=\"Mediaplayer - Bluetooth\u00ae Technologie USB SD Black (RMD031BT-MP) - Caliber Europe B.V.\" \/>\n<meta property=\"og:description\" content=\"Die Bluetooth\u00ae Technologie-Headunit Kaliber RMD031BT-MP ist eine einfache Headunit, die f\u00fcr den modernen Benutzer geeignet ist. Schlie\u00dfen Sie Ihr Smartphone einfach \u00fcber Bluetooth\u00ae Technologie an, und Sie k\u00f6nnen alles drahtlos steuern. Sie h\u00f6ren Musik und telefonieren dank des internen Mikrofons freih\u00e4ndig \u00fcber Ihre Autolautsprecher.&nbsp; Die perfekte LeistungMit bis zu 4 x 55 Watt bietet der [&hellip;]\" \/>\n<meta property=\"og:url\" content=\"https:\/\/b2b.calibereurope.com\/de\/produkt\/rmd031bt-mp-de_de\/\" \/>\n<meta property=\"og:site_name\" content=\"Caliber Europe B.V.\" \/>\n<meta property=\"article:modified_time\" content=\"2025-02-10T13:25:43+00:00\" \/>\n<meta property=\"og:image\" content=\"https:\/\/b2b.calibereurope.com\/wp-content\/uploads\/2021\/09\/d610e454270097246613a1107275703587f5ac76_RMD031BT_MP.jpg\" \/>\n\t<meta property=\"og:image:width\" content=\"1024\" \/>\n\t<meta property=\"og:image:height\" content=\"768\" \/>\n\t<meta property=\"og:image:type\" content=\"image\/jpeg\" \/>\n<meta name=\"twitter:card\" content=\"summary_large_image\" \/>\n<meta name=\"twitter:label1\" content=\"Gesch\u00e4tzte Lesezeit\" \/>\n\t<meta name=\"twitter:data1\" content=\"1\u00a0Minute\" \/>\n<script type=\"application\/ld+json\" class=\"yoast-schema-graph\">{\"@context\":\"https:\/\/schema.org\",\"@graph\":[{\"@type\":\"WebPage\",\"@id\":\"https:\/\/b2b.calibereurope.com\/de\/produkt\/rmd031bt-mp-de_de\/\",\"url\":\"https:\/\/b2b.calibereurope.com\/de\/produkt\/rmd031bt-mp-de_de\/\",\"name\":\"Mediaplayer - Bluetooth\u00ae Technologie USB SD Black (RMD031BT-MP) - Caliber Europe B.V.\",\"isPartOf\":{\"@id\":\"https:\/\/b2b.calibereurope.com\/#website\"},\"primaryImageOfPage\":{\"@id\":\"https:\/\/b2b.calibereurope.com\/de\/produkt\/rmd031bt-mp-de_de\/#primaryimage\"},\"image\":{\"@id\":\"https:\/\/b2b.calibereurope.com\/de\/produkt\/rmd031bt-mp-de_de\/#primaryimage\"},\"thumbnailUrl\":\"https:\/\/b2b.calibereurope.com\/wp-content\/uploads\/2025\/02\/d610e454270097246613a1107275703587f5ac76_RMD031BT_MP.jpg\",\"datePublished\":\"2025-02-10T00:00:00+00:00\",\"dateModified\":\"2025-02-10T13:25:43+00:00\",\"breadcrumb\":{\"@id\":\"https:\/\/b2b.calibereurope.com\/de\/produkt\/rmd031bt-mp-de_de\/#breadcrumb\"},\"inLanguage\":\"de\",\"potentialAction\":[{\"@type\":\"ReadAction\",\"target\":[\"https:\/\/b2b.calibereurope.com\/de\/produkt\/rmd031bt-mp-de_de\/\"]}]},{\"@type\":\"ImageObject\",\"inLanguage\":\"de\",\"@id\":\"https:\/\/b2b.calibereurope.com\/de\/produkt\/rmd031bt-mp-de_de\/#primaryimage\",\"url\":\"https:\/\/b2b.calibereurope.com\/wp-content\/uploads\/2025\/02\/d610e454270097246613a1107275703587f5ac76_RMD031BT_MP.jpg\",\"contentUrl\":\"https:\/\/b2b.calibereurope.com\/wp-content\/uploads\/2025\/02\/d610e454270097246613a1107275703587f5ac76_RMD031BT_MP.jpg\",\"width\":1024,\"height\":768},{\"@type\":\"BreadcrumbList\",\"@id\":\"https:\/\/b2b.calibereurope.com\/de\/produkt\/rmd031bt-mp-de_de\/#breadcrumb\",\"itemListElement\":[{\"@type\":\"ListItem\",\"position\":1,\"name\":\"Home\",\"item\":\"https:\/\/b2b.calibereurope.com\/de\/\"},{\"@type\":\"ListItem\",\"position\":2,\"name\":\"Shop\",\"item\":\"https:\/\/b2b.calibereurope.com\/de\/shop\/\"},{\"@type\":\"ListItem\",\"position\":3,\"name\":\"Mediaplayer &#8211; Bluetooth USB SD Black (RMD031BT-MP)\"}]},{\"@type\":\"WebSite\",\"@id\":\"https:\/\/b2b.calibereurope.com\/#website\",\"url\":\"https:\/\/b2b.calibereurope.com\/\",\"name\":\"Caliber Europe B.V.\",\"description\":\"B2B Webshop\",\"publisher\":{\"@id\":\"https:\/\/b2b.calibereurope.com\/#organization\"},\"potentialAction\":[{\"@type\":\"SearchAction\",\"target\":{\"@type\":\"EntryPoint\",\"urlTemplate\":\"https:\/\/b2b.calibereurope.com\/?s={search_term_string}\"},\"query-input\":{\"@type\":\"PropertyValueSpecification\",\"valueRequired\":true,\"valueName\":\"search_term_string\"}}],\"inLanguage\":\"de\"},{\"@type\":\"Organization\",\"@id\":\"https:\/\/b2b.calibereurope.com\/#organization\",\"name\":\"Caliber Europe B.V.\",\"url\":\"https:\/\/b2b.calibereurope.com\/\",\"logo\":{\"@type\":\"ImageObject\",\"inLanguage\":\"de\",\"@id\":\"https:\/\/b2b.calibereurope.com\/#\/schema\/logo\/image\/\",\"url\":\"https:\/\/b2b.calibereurope.com\/wp-content\/uploads\/2020\/12\/Caliber_Logo-Black.png\",\"contentUrl\":\"https:\/\/b2b.calibereurope.com\/wp-content\/uploads\/2020\/12\/Caliber_Logo-Black.png\",\"width\":3157,\"height\":356,\"caption\":\"Caliber Europe B.V.\"},\"image\":{\"@id\":\"https:\/\/b2b.calibereurope.com\/#\/schema\/logo\/image\/\"}}]}<\/script>\n<!-- \/ Yoast SEO plugin. -->","yoast_head_json":{"title":"Mediaplayer - Bluetooth\u00ae Technologie USB SD Black (RMD031BT-MP) - Caliber Europe B.V.","robots":{"index":"noindex","follow":"follow","max-snippet":"max-snippet:-1","max-image-preview":"max-image-preview:large","max-video-preview":"max-video-preview:-1"},"og_locale":"de_DE","og_type":"article","og_title":"Mediaplayer - Bluetooth\u00ae Technologie USB SD Black (RMD031BT-MP) - Caliber Europe B.V.","og_description":"Die Bluetooth\u00ae Technologie-Headunit Kaliber RMD031BT-MP ist eine einfache Headunit, die f\u00fcr den modernen Benutzer geeignet ist. Schlie\u00dfen Sie Ihr Smartphone einfach \u00fcber Bluetooth\u00ae Technologie an, und Sie k\u00f6nnen alles drahtlos steuern. Sie h\u00f6ren Musik und telefonieren dank des internen Mikrofons freih\u00e4ndig \u00fcber Ihre Autolautsprecher.&nbsp; Die perfekte LeistungMit bis zu 4 x 55 Watt bietet der [&hellip;]","og_url":"https:\/\/b2b.calibereurope.com\/de\/produkt\/rmd031bt-mp-de_de\/","og_site_name":"Caliber Europe B.V.","article_modified_time":"2025-02-10T13:25:43+00:00","og_image":[{"width":1024,"height":768,"url":"https:\/\/b2b.calibereurope.com\/wp-content\/uploads\/2021\/09\/d610e454270097246613a1107275703587f5ac76_RMD031BT_MP.jpg","type":"image\/jpeg"}],"twitter_card":"summary_large_image","twitter_misc":{"Gesch\u00e4tzte Lesezeit":"1\u00a0Minute"},"schema":{"@context":"https:\/\/schema.org","@graph":[{"@type":"WebPage","@id":"https:\/\/b2b.calibereurope.com\/de\/produkt\/rmd031bt-mp-de_de\/","url":"https:\/\/b2b.calibereurope.com\/de\/produkt\/rmd031bt-mp-de_de\/","name":"Mediaplayer - Bluetooth\u00ae Technologie USB SD Black (RMD031BT-MP) - Caliber Europe B.V.","isPartOf":{"@id":"https:\/\/b2b.calibereurope.com\/#website"},"primaryImageOfPage":{"@id":"https:\/\/b2b.calibereurope.com\/de\/produkt\/rmd031bt-mp-de_de\/#primaryimage"},"image":{"@id":"https:\/\/b2b.calibereurope.com\/de\/produkt\/rmd031bt-mp-de_de\/#primaryimage"},"thumbnailUrl":"https:\/\/b2b.calibereurope.com\/wp-content\/uploads\/2025\/02\/d610e454270097246613a1107275703587f5ac76_RMD031BT_MP.jpg","datePublished":"2025-02-10T00:00:00+00:00","dateModified":"2025-02-10T13:25:43+00:00","breadcrumb":{"@id":"https:\/\/b2b.calibereurope.com\/de\/produkt\/rmd031bt-mp-de_de\/#breadcrumb"},"inLanguage":"de","potentialAction":[{"@type":"ReadAction","target":["https:\/\/b2b.calibereurope.com\/de\/produkt\/rmd031bt-mp-de_de\/"]}]},{"@type":"ImageObject","inLanguage":"de","@id":"https:\/\/b2b.calibereurope.com\/de\/produkt\/rmd031bt-mp-de_de\/#primaryimage","url":"https:\/\/b2b.calibereurope.com\/wp-content\/uploads\/2025\/02\/d610e454270097246613a1107275703587f5ac76_RMD031BT_MP.jpg","contentUrl":"https:\/\/b2b.calibereurope.com\/wp-content\/uploads\/2025\/02\/d610e454270097246613a1107275703587f5ac76_RMD031BT_MP.jpg","width":1024,"height":768},{"@type":"BreadcrumbList","@id":"https:\/\/b2b.calibereurope.com\/de\/produkt\/rmd031bt-mp-de_de\/#breadcrumb","itemListElement":[{"@type":"ListItem","position":1,"name":"Home","item":"https:\/\/b2b.calibereurope.com\/de\/"},{"@type":"ListItem","position":2,"name":"Shop","item":"https:\/\/b2b.calibereurope.com\/de\/shop\/"},{"@type":"ListItem","position":3,"name":"Mediaplayer &#8211; Bluetooth USB SD Black (RMD031BT-MP)"}]},{"@type":"WebSite","@id":"https:\/\/b2b.calibereurope.com\/#website","url":"https:\/\/b2b.calibereurope.com\/","name":"Caliber Europe B.V.","description":"B2B Webshop","publisher":{"@id":"https:\/\/b2b.calibereurope.com\/#organization"},"potentialAction":[{"@type":"SearchAction","target":{"@type":"EntryPoint","urlTemplate":"https:\/\/b2b.calibereurope.com\/?s={search_term_string}"},"query-input":{"@type":"PropertyValueSpecification","valueRequired":true,"valueName":"search_term_string"}}],"inLanguage":"de"},{"@type":"Organization","@id":"https:\/\/b2b.calibereurope.com\/#organization","name":"Caliber Europe B.V.","url":"https:\/\/b2b.calibereurope.com\/","logo":{"@type":"ImageObject","inLanguage":"de","@id":"https:\/\/b2b.calibereurope.com\/#\/schema\/logo\/image\/","url":"https:\/\/b2b.calibereurope.com\/wp-content\/uploads\/2020\/12\/Caliber_Logo-Black.png","contentUrl":"https:\/\/b2b.calibereurope.com\/wp-content\/uploads\/2020\/12\/Caliber_Logo-Black.png","width":3157,"height":356,"caption":"Caliber Europe B.V."},"image":{"@id":"https:\/\/b2b.calibereurope.com\/#\/schema\/logo\/image\/"}}]}},"_links":{"self":[{"href":"https:\/\/b2b.calibereurope.com\/de\/wp-json\/wp\/v2\/product\/521309","targetHints":{"allow":["GET"]}}],"collection":[{"href":"https:\/\/b2b.calibereurope.com\/de\/wp-json\/wp\/v2\/product"}],"about":[{"href":"https:\/\/b2b.calibereurope.com\/de\/wp-json\/wp\/v2\/types\/product"}],"version-history":[{"count":0,"href":"https:\/\/b2b.calibereurope.com\/de\/wp-json\/wp\/v2\/product\/521309\/revisions"}],"wp:featuredmedia":[{"embeddable":true,"href":"https:\/\/b2b.calibereurope.com\/de\/wp-json\/wp\/v2\/media\/856072"}],"wp:attachment":[{"href":"https:\/\/b2b.calibereurope.com\/de\/wp-json\/wp\/v2\/media?parent=521309"}],"wp:term":[{"taxonomy":"product_brand","embeddable":true,"href":"https:\/\/b2b.calibereurope.com\/de\/wp-json\/wp\/v2\/product_brand?post=521309"},{"taxonomy":"product_cat","embeddable":true,"href":"https:\/\/b2b.calibereurope.com\/de\/wp-json\/wp\/v2\/product_cat?post=521309"},{"taxonomy":"product_tag","embeddable":true,"href":"https:\/\/b2b.calibereurope.com\/de\/wp-json\/wp\/v2\/product_tag?post=521309"}],"curies":[{"name":"wp","href":"https:\/\/api.w.org\/{rel}","templated":true}]}}