{"id":540222,"date":"2023-07-31T02:00:00","date_gmt":"2023-07-31T00:00:00","guid":{"rendered":""},"modified":"2023-07-31T09:59:09","modified_gmt":"2023-07-31T07:59:09","slug":"MiVue-C440-de_DE","status":"publish","type":"product","link":"https:\/\/b2b.calibereurope.com\/de\/produkt\/MiVue-C440-de_DE\/","title":{"rendered":"Mivue-C440"},"content":{"rendered":"<p>Nehmen Sie die Umwelt Ihres Autos in hoher Qualit\u00e4t mit dem Mio Mivue C440. Die vollst\u00e4ndige HD-Kamera dieses kompakten Dashcams zeichnet 130 Grad Ihrer Umgebung mit einer Bildfrequenz von 30 fps auf. Die MIVUE ist mit einem Starvis-CMOS-Sensor f\u00fcr Videos mit \u00fcberlegener Kontrast und hellen und tiefen Farben, auch in niedrigem Licht, ausgestattet. Mit qualitativ hochwertigen Videobildern setzen Sie Erinnerungen und unterst\u00fctzen Ihre Versicherungsgesellschaft problemlos mit Ihrer Versicherungsgesellschaft. Dieser praktische Autoassistent sieht alle Details von enger und weit aus und Sie k\u00f6nnen besser demonstrieren, was nach einem Unfall passiert ist. Das gibt ein famili\u00e4res Gef\u00fchl. Im Falle einer unerwarteten Aktion, beispielsweise der schnelle Richtungs\u00e4nderung, nimmt der G-Sensor die Bewegungen direkt und die Aufnahmen dieser F\u00f6rderung werden gespeichert.<\/p>\n","protected":false},"excerpt":{"rendered":"<p>Nehmen Sie die Umwelt Ihres Autos in hoher Qualit\u00e4t mit dem Mio Mivue C440. Die vollst\u00e4ndige HD-Kamera dieses kompakten Dashcams zeichnet 130 Grad Ihrer Umgebung mit einer Bildfrequenz von 30 fps auf. Die MIVUE ist mit einem Starvis-CMOS-Sensor f\u00fcr Videos mit \u00fcberlegener Kontrast und hellen und tiefen Farben, auch in niedrigem Licht, ausgestattet. Mit qualitativ [&hellip;]<\/p>\n","protected":false},"featured_media":829283,"template":"","meta":{"_acf_changed":false,"site-sidebar-layout":"default","site-content-layout":"","ast-site-content-layout":"default","site-content-style":"default","site-sidebar-style":"default","ast-global-header-display":"","ast-banner-title-visibility":"","ast-main-header-display":"","ast-hfb-above-header-display":"","ast-hfb-below-header-display":"","ast-hfb-mobile-header-display":"","site-post-title":"","ast-breadcrumbs-content":"","ast-featured-img":"","footer-sml-layout":"","theme-transparent-header-meta":"","adv-header-id-meta":"","stick-header-meta":"","header-above-stick-meta":"","header-main-stick-meta":"","header-below-stick-meta":"","astra-migrate-meta-layouts":"default","ast-page-background-enabled":"default","ast-page-background-meta":{"desktop":{"background-color":"","background-image":"","background-repeat":"repeat","background-position":"center center","background-size":"auto","background-attachment":"scroll","background-type":"","background-media":"","overlay-type":"","overlay-color":"","overlay-opacity":"","overlay-gradient":""},"tablet":{"background-color":"","background-image":"","background-repeat":"repeat","background-position":"center center","background-size":"auto","background-attachment":"scroll","background-type":"","background-media":"","overlay-type":"","overlay-color":"","overlay-opacity":"","overlay-gradient":""},"mobile":{"background-color":"","background-image":"","background-repeat":"repeat","background-position":"center center","background-size":"auto","background-attachment":"scroll","background-type":"","background-media":"","overlay-type":"","overlay-color":"","overlay-opacity":"","overlay-gradient":""}},"ast-content-background-meta":{"desktop":{"background-color":"var(--ast-global-color-5)","background-image":"","background-repeat":"repeat","background-position":"center center","background-size":"auto","background-attachment":"scroll","background-type":"","background-media":"","overlay-type":"","overlay-color":"","overlay-opacity":"","overlay-gradient":""},"tablet":{"background-color":"var(--ast-global-color-5)","background-image":"","background-repeat":"repeat","background-position":"center center","background-size":"auto","background-attachment":"scroll","background-type":"","background-media":"","overlay-type":"","overlay-color":"","overlay-opacity":"","overlay-gradient":""},"mobile":{"background-color":"var(--ast-global-color-5)","background-image":"","background-repeat":"repeat","background-position":"center center","background-size":"auto","background-attachment":"scroll","background-type":"","background-media":"","overlay-type":"","overlay-color":"","overlay-opacity":"","overlay-gradient":""}}},"product_brand":[],"product_cat":[12183,12191,20478,22956],"product_tag":[],"class_list":{"0":"post-540222","1":"product","2":"type-product","3":"status-publish","4":"has-post-thumbnail","6":"product_cat-beeld_de_de","7":"product_cat-dashcams_de_de","8":"product_cat-geen-categorie","9":"product_cat-keine-kategorie","10":"desktop-align-center","11":"tablet-align-center","12":"mobile-align-center","13":"ast-product-gallery-layout-horizontal","14":"ast-product-tabs-layout-horizontal","16":"first","17":"outofstock","18":"taxable","19":"shipping-taxable","20":"purchasable","21":"product-type-simple"},"acf":[],"yoast_head":"<!-- This site is optimized with the Yoast SEO plugin v26.5 - https:\/\/yoast.com\/wordpress\/plugins\/seo\/ -->\n<title>Mivue-C440 - Caliber Europe B.V.<\/title>\n<meta name=\"robots\" content=\"noindex, follow, max-snippet:-1, max-image-preview:large, max-video-preview:-1\" \/>\n<meta property=\"og:locale\" content=\"de_DE\" \/>\n<meta property=\"og:type\" content=\"article\" \/>\n<meta property=\"og:title\" content=\"Mivue-C440 - Caliber Europe B.V.\" \/>\n<meta property=\"og:description\" content=\"Nehmen Sie die Umwelt Ihres Autos in hoher Qualit\u00e4t mit dem Mio Mivue C440. Die vollst\u00e4ndige HD-Kamera dieses kompakten Dashcams zeichnet 130 Grad Ihrer Umgebung mit einer Bildfrequenz von 30 fps auf. Die MIVUE ist mit einem Starvis-CMOS-Sensor f\u00fcr Videos mit \u00fcberlegener Kontrast und hellen und tiefen Farben, auch in niedrigem Licht, ausgestattet. Mit qualitativ [&hellip;]\" \/>\n<meta property=\"og:url\" content=\"https:\/\/b2b.calibereurope.com\/product\/mivue-c440-de_de\/\" \/>\n<meta property=\"og:site_name\" content=\"Caliber Europe B.V.\" \/>\n<meta property=\"article:modified_time\" content=\"2023-07-31T07:59:09+00:00\" \/>\n<meta name=\"twitter:card\" content=\"summary_large_image\" \/>\n<meta name=\"twitter:label1\" content=\"Gesch\u00e4tzte Lesezeit\" \/>\n\t<meta name=\"twitter:data1\" content=\"1\u00a0Minute\" \/>\n<script type=\"application\/ld+json\" class=\"yoast-schema-graph\">{\"@context\":\"https:\/\/schema.org\",\"@graph\":[{\"@type\":\"WebPage\",\"@id\":\"https:\/\/b2b.calibereurope.com\/product\/mivue-c440-de_de\/\",\"url\":\"https:\/\/b2b.calibereurope.com\/product\/mivue-c440-de_de\/\",\"name\":\"Mivue-C440 - Caliber Europe B.V.\",\"isPartOf\":{\"@id\":\"https:\/\/b2b.calibereurope.com\/#website\"},\"primaryImageOfPage\":{\"@id\":\"https:\/\/b2b.calibereurope.com\/product\/mivue-c440-de_de\/#primaryimage\"},\"image\":{\"@id\":\"https:\/\/b2b.calibereurope.com\/product\/mivue-c440-de_de\/#primaryimage\"},\"thumbnailUrl\":\"https:\/\/b2b.calibereurope.com\/wp-content\/uploads\/2023\/07\/597efb0773bcf21378af3c0442727258d9817dc8_eu_mivue_c440_camera_angle_l45_04.png\",\"datePublished\":\"2023-07-31T00:00:00+00:00\",\"dateModified\":\"2023-07-31T07:59:09+00:00\",\"breadcrumb\":{\"@id\":\"https:\/\/b2b.calibereurope.com\/product\/mivue-c440-de_de\/#breadcrumb\"},\"inLanguage\":\"de\",\"potentialAction\":[{\"@type\":\"ReadAction\",\"target\":[\"https:\/\/b2b.calibereurope.com\/product\/mivue-c440-de_de\/\"]}]},{\"@type\":\"ImageObject\",\"inLanguage\":\"de\",\"@id\":\"https:\/\/b2b.calibereurope.com\/product\/mivue-c440-de_de\/#primaryimage\",\"url\":\"https:\/\/b2b.calibereurope.com\/wp-content\/uploads\/2023\/07\/597efb0773bcf21378af3c0442727258d9817dc8_eu_mivue_c440_camera_angle_l45_04.png\",\"contentUrl\":\"https:\/\/b2b.calibereurope.com\/wp-content\/uploads\/2023\/07\/597efb0773bcf21378af3c0442727258d9817dc8_eu_mivue_c440_camera_angle_l45_04.png\",\"width\":500,\"height\":500},{\"@type\":\"BreadcrumbList\",\"@id\":\"https:\/\/b2b.calibereurope.com\/product\/mivue-c440-de_de\/#breadcrumb\",\"itemListElement\":[{\"@type\":\"ListItem\",\"position\":1,\"name\":\"Home\",\"item\":\"https:\/\/b2b.calibereurope.com\/de\/\"},{\"@type\":\"ListItem\",\"position\":2,\"name\":\"Shop\",\"item\":\"https:\/\/b2b.calibereurope.com\/de\/shop\/\"},{\"@type\":\"ListItem\",\"position\":3,\"name\":\"Mivue-C440\"}]},{\"@type\":\"WebSite\",\"@id\":\"https:\/\/b2b.calibereurope.com\/#website\",\"url\":\"https:\/\/b2b.calibereurope.com\/\",\"name\":\"Caliber Europe B.V.\",\"description\":\"B2B Webshop\",\"publisher\":{\"@id\":\"https:\/\/b2b.calibereurope.com\/#organization\"},\"potentialAction\":[{\"@type\":\"SearchAction\",\"target\":{\"@type\":\"EntryPoint\",\"urlTemplate\":\"https:\/\/b2b.calibereurope.com\/?s={search_term_string}\"},\"query-input\":{\"@type\":\"PropertyValueSpecification\",\"valueRequired\":true,\"valueName\":\"search_term_string\"}}],\"inLanguage\":\"de\"},{\"@type\":\"Organization\",\"@id\":\"https:\/\/b2b.calibereurope.com\/#organization\",\"name\":\"Caliber Europe B.V.\",\"url\":\"https:\/\/b2b.calibereurope.com\/\",\"logo\":{\"@type\":\"ImageObject\",\"inLanguage\":\"de\",\"@id\":\"https:\/\/b2b.calibereurope.com\/#\/schema\/logo\/image\/\",\"url\":\"https:\/\/b2b.calibereurope.com\/wp-content\/uploads\/2020\/12\/Caliber_Logo-Black.png\",\"contentUrl\":\"https:\/\/b2b.calibereurope.com\/wp-content\/uploads\/2020\/12\/Caliber_Logo-Black.png\",\"width\":3157,\"height\":356,\"caption\":\"Caliber Europe B.V.\"},\"image\":{\"@id\":\"https:\/\/b2b.calibereurope.com\/#\/schema\/logo\/image\/\"}}]}<\/script>\n<!-- \/ Yoast SEO plugin. -->","yoast_head_json":{"title":"Mivue-C440 - Caliber Europe B.V.","robots":{"index":"noindex","follow":"follow","max-snippet":"max-snippet:-1","max-image-preview":"max-image-preview:large","max-video-preview":"max-video-preview:-1"},"og_locale":"de_DE","og_type":"article","og_title":"Mivue-C440 - Caliber Europe B.V.","og_description":"Nehmen Sie die Umwelt Ihres Autos in hoher Qualit\u00e4t mit dem Mio Mivue C440. Die vollst\u00e4ndige HD-Kamera dieses kompakten Dashcams zeichnet 130 Grad Ihrer Umgebung mit einer Bildfrequenz von 30 fps auf. Die MIVUE ist mit einem Starvis-CMOS-Sensor f\u00fcr Videos mit \u00fcberlegener Kontrast und hellen und tiefen Farben, auch in niedrigem Licht, ausgestattet. Mit qualitativ [&hellip;]","og_url":"https:\/\/b2b.calibereurope.com\/product\/mivue-c440-de_de\/","og_site_name":"Caliber Europe B.V.","article_modified_time":"2023-07-31T07:59:09+00:00","twitter_card":"summary_large_image","twitter_misc":{"Gesch\u00e4tzte Lesezeit":"1\u00a0Minute"},"schema":{"@context":"https:\/\/schema.org","@graph":[{"@type":"WebPage","@id":"https:\/\/b2b.calibereurope.com\/product\/mivue-c440-de_de\/","url":"https:\/\/b2b.calibereurope.com\/product\/mivue-c440-de_de\/","name":"Mivue-C440 - Caliber Europe B.V.","isPartOf":{"@id":"https:\/\/b2b.calibereurope.com\/#website"},"primaryImageOfPage":{"@id":"https:\/\/b2b.calibereurope.com\/product\/mivue-c440-de_de\/#primaryimage"},"image":{"@id":"https:\/\/b2b.calibereurope.com\/product\/mivue-c440-de_de\/#primaryimage"},"thumbnailUrl":"https:\/\/b2b.calibereurope.com\/wp-content\/uploads\/2023\/07\/597efb0773bcf21378af3c0442727258d9817dc8_eu_mivue_c440_camera_angle_l45_04.png","datePublished":"2023-07-31T00:00:00+00:00","dateModified":"2023-07-31T07:59:09+00:00","breadcrumb":{"@id":"https:\/\/b2b.calibereurope.com\/product\/mivue-c440-de_de\/#breadcrumb"},"inLanguage":"de","potentialAction":[{"@type":"ReadAction","target":["https:\/\/b2b.calibereurope.com\/product\/mivue-c440-de_de\/"]}]},{"@type":"ImageObject","inLanguage":"de","@id":"https:\/\/b2b.calibereurope.com\/product\/mivue-c440-de_de\/#primaryimage","url":"https:\/\/b2b.calibereurope.com\/wp-content\/uploads\/2023\/07\/597efb0773bcf21378af3c0442727258d9817dc8_eu_mivue_c440_camera_angle_l45_04.png","contentUrl":"https:\/\/b2b.calibereurope.com\/wp-content\/uploads\/2023\/07\/597efb0773bcf21378af3c0442727258d9817dc8_eu_mivue_c440_camera_angle_l45_04.png","width":500,"height":500},{"@type":"BreadcrumbList","@id":"https:\/\/b2b.calibereurope.com\/product\/mivue-c440-de_de\/#breadcrumb","itemListElement":[{"@type":"ListItem","position":1,"name":"Home","item":"https:\/\/b2b.calibereurope.com\/de\/"},{"@type":"ListItem","position":2,"name":"Shop","item":"https:\/\/b2b.calibereurope.com\/de\/shop\/"},{"@type":"ListItem","position":3,"name":"Mivue-C440"}]},{"@type":"WebSite","@id":"https:\/\/b2b.calibereurope.com\/#website","url":"https:\/\/b2b.calibereurope.com\/","name":"Caliber Europe B.V.","description":"B2B Webshop","publisher":{"@id":"https:\/\/b2b.calibereurope.com\/#organization"},"potentialAction":[{"@type":"SearchAction","target":{"@type":"EntryPoint","urlTemplate":"https:\/\/b2b.calibereurope.com\/?s={search_term_string}"},"query-input":{"@type":"PropertyValueSpecification","valueRequired":true,"valueName":"search_term_string"}}],"inLanguage":"de"},{"@type":"Organization","@id":"https:\/\/b2b.calibereurope.com\/#organization","name":"Caliber Europe B.V.","url":"https:\/\/b2b.calibereurope.com\/","logo":{"@type":"ImageObject","inLanguage":"de","@id":"https:\/\/b2b.calibereurope.com\/#\/schema\/logo\/image\/","url":"https:\/\/b2b.calibereurope.com\/wp-content\/uploads\/2020\/12\/Caliber_Logo-Black.png","contentUrl":"https:\/\/b2b.calibereurope.com\/wp-content\/uploads\/2020\/12\/Caliber_Logo-Black.png","width":3157,"height":356,"caption":"Caliber Europe B.V."},"image":{"@id":"https:\/\/b2b.calibereurope.com\/#\/schema\/logo\/image\/"}}]}},"_links":{"self":[{"href":"https:\/\/b2b.calibereurope.com\/de\/wp-json\/wp\/v2\/product\/540222","targetHints":{"allow":["GET"]}}],"collection":[{"href":"https:\/\/b2b.calibereurope.com\/de\/wp-json\/wp\/v2\/product"}],"about":[{"href":"https:\/\/b2b.calibereurope.com\/de\/wp-json\/wp\/v2\/types\/product"}],"version-history":[{"count":0,"href":"https:\/\/b2b.calibereurope.com\/de\/wp-json\/wp\/v2\/product\/540222\/revisions"}],"wp:featuredmedia":[{"embeddable":true,"href":"https:\/\/b2b.calibereurope.com\/de\/wp-json\/wp\/v2\/media\/829283"}],"wp:attachment":[{"href":"https:\/\/b2b.calibereurope.com\/de\/wp-json\/wp\/v2\/media?parent=540222"}],"wp:term":[{"taxonomy":"product_brand","embeddable":true,"href":"https:\/\/b2b.calibereurope.com\/de\/wp-json\/wp\/v2\/product_brand?post=540222"},{"taxonomy":"product_cat","embeddable":true,"href":"https:\/\/b2b.calibereurope.com\/de\/wp-json\/wp\/v2\/product_cat?post=540222"},{"taxonomy":"product_tag","embeddable":true,"href":"https:\/\/b2b.calibereurope.com\/de\/wp-json\/wp\/v2\/product_tag?post=540222"}],"curies":[{"name":"wp","href":"https:\/\/api.w.org\/{rel}","templated":true}]}}