{"id":549163,"date":"2025-01-15T01:00:00","date_gmt":"2025-01-15T00:00:00","guid":{"rendered":""},"modified":"2025-01-15T08:46:11","modified_gmt":"2025-01-15T07:46:11","slug":"HWP303U-de_DE","status":"publish","type":"product","link":"https:\/\/b2b.calibereurope.com\/de\/produkt\/HWP303U-de_DE\/","title":{"rendered":"Smart Socket mit USB &#8211; Switch &#8211; App -Betrieb &#8211; Google Home, Amazon Alexa und Siri (HWP303U)"},"content":{"rendered":"<p><P> \u00dcberwachen Sie Ihren Energieverbrauch und betreiben Sie Ihre Ger\u00e4te mit diesem Caliber HWP303U Smart Socket mit USB. \u00dcber die Smart -Home -App <strong> kostenloser Caliber <\/strong> k\u00f6nnen Sie die Sockets aus der Ferne <strong> pro St\u00fcck ein- und aus <\/strong> wechseln, aber auch <strong> Set -Zeitpl\u00e4ne <\/strong>. Auf diese Weise erhalten Sie Einblick in Ihren Stromverbrauch und k\u00f6nnen dies begrenzen. Mit <strong> drei Sockets <\/strong> und <strong> vier USB -Anschl\u00fcsse <\/strong> profitieren Sie auch von sieben Power -Punkten \u00fcber nur einen Sockel. Sie k\u00f6nnen den Sockel auch in seiner Gesamtheit mit dem <strong> physischen Schalter <\/strong> schalten. Der Steckerblock ist <strong> Fire -Retardant <\/strong>. <\/p>\n<p> <strong> Merkmale: <\/strong> <\/p>\n<ul>\n<li> 3 Sockets (8A, 3680W Gesamt)\n<li> 4 USB -Anschl\u00fcsse (2,4a, Max. 4a zur gleichen Zeit)\n<li> Kontrolle \u00fcber kostenlose Smart -Home -App f\u00fcr Caliber\n<li> Google Home, Amazon Alexa und Siri\n<li> Sockets k\u00f6nnen ausgeschaltet werden\n<li> Ein\/Aus -Taste f\u00fcr den gesamten Block\n<li> 1,5 Meter Kabel\n<li> ABS+PC Fire Recorpant\n<li> Staubdicht (IP20)\n<li> Hackerproof (ISO27017: 2015) <\/li>\n<\/ul>\n<h3> Immer mit Strom ausgestattet <\/h3>\n<p> Zwischen Drei Socken der Steckdose sind ein Platz, so dass Sie die Stecker einfach einf\u00fcgen k\u00f6nnen. M\u00f6chten Sie Ihr Smartphone, Ihr Musikbox oder Ihre drahtlosen Ohrh\u00f6rer aufladen? Dann k\u00f6nnen Sie dies leicht \u00fcber einen der vier USB -Anschl\u00fcsse am Ende der Steckdose tun. Der Steckerblock mit USB hat ein Kabel von 1,5 Metern lang, sodass Sie genug Spielen haben, um den Sockel ein wenig von der Steckdose zu legen. Dank der physischen Ein-\/Aus -Taste k\u00f6nnen Sie die Socket auch mit dem Ein- und Ausschalten der Steckdose problemlos schalten, wenn Sie Ihr Telefon nicht zur Hand haben. <\/p>\n<h3> Slim Design <\/h3>\n<p> Der Steckerblock ist mit WLAN ausgestattet und kann daher \u00fcber die Smart -Home -App kostenlos Caliber betrieben werden. Dort k\u00f6nnen Sie den Stromverbrauch pro Sockel anzeigen und dann Zeitpl\u00e4ne einstellen, um Energie zu sparen. Zum Beispiel verwenden Sie Ihren TV -Empf\u00e4nger nachts nicht. Warum also nicht ausschalten? Oder verwenden Sie den handlichen Sonnenaufgang und den Sonnenuntergangssensor, um in der Abendd\u00e4mmerung eine Lampe zu machen. Sie k\u00f6nnen die drei Sockets \u00fcber die App auf Ihrem Smartphone oder \u00fcber die Sprachsteuerung \u00fcber Google Home, Amazon Alexa oder Siri separat ein- und ausschalten. Schlie\u00dflich k\u00f6nnen Sie die Smart Socket auch mit anderen Smart -Home -Produkten in Smart Home anschlie\u00dfen, um Trigger zu setzen. <\/p>\n<h3> sichere Verwendung <\/h3>\n<p> W\u00e4hrend der Verwendung des Smart Socket mit USB ist auch Sicherheit garantiert. Zum Beispiel besteht der Block aus feuerfeindlichen Materialien und der Schutz der Kinder wird eingebaut. Der Steckerblock ist staubdicht, sodass Sie ihn auch hinter der Couch au\u00dfer Sichtweite bringen k\u00f6nnen. <\/p>\n","protected":false},"excerpt":{"rendered":"<p>\u00dcberwachen Sie Ihren Energieverbrauch und betreiben Sie Ihre Ger\u00e4te mit diesem Caliber HWP303U Smart Socket mit USB. \u00dcber die Smart -Home -App kostenloser Caliber k\u00f6nnen Sie die Sockets aus der Ferne pro St\u00fcck ein- und aus wechseln, aber auch Set -Zeitpl\u00e4ne . Auf diese Weise erhalten Sie Einblick in Ihren Stromverbrauch und k\u00f6nnen dies begrenzen. [&hellip;]<\/p>\n","protected":false},"featured_media":854038,"template":"","meta":{"_acf_changed":false,"site-sidebar-layout":"default","site-content-layout":"","ast-site-content-layout":"default","site-content-style":"default","site-sidebar-style":"default","ast-global-header-display":"","ast-banner-title-visibility":"","ast-main-header-display":"","ast-hfb-above-header-display":"","ast-hfb-below-header-display":"","ast-hfb-mobile-header-display":"","site-post-title":"","ast-breadcrumbs-content":"","ast-featured-img":"","footer-sml-layout":"","theme-transparent-header-meta":"","adv-header-id-meta":"","stick-header-meta":"","header-above-stick-meta":"","header-main-stick-meta":"","header-below-stick-meta":"","astra-migrate-meta-layouts":"default","ast-page-background-enabled":"default","ast-page-background-meta":{"desktop":{"background-color":"","background-image":"","background-repeat":"repeat","background-position":"center center","background-size":"auto","background-attachment":"scroll","background-type":"","background-media":"","overlay-type":"","overlay-color":"","overlay-opacity":"","overlay-gradient":""},"tablet":{"background-color":"","background-image":"","background-repeat":"repeat","background-position":"center center","background-size":"auto","background-attachment":"scroll","background-type":"","background-media":"","overlay-type":"","overlay-color":"","overlay-opacity":"","overlay-gradient":""},"mobile":{"background-color":"","background-image":"","background-repeat":"repeat","background-position":"center center","background-size":"auto","background-attachment":"scroll","background-type":"","background-media":"","overlay-type":"","overlay-color":"","overlay-opacity":"","overlay-gradient":""}},"ast-content-background-meta":{"desktop":{"background-color":"var(--ast-global-color-5)","background-image":"","background-repeat":"repeat","background-position":"center center","background-size":"auto","background-attachment":"scroll","background-type":"","background-media":"","overlay-type":"","overlay-color":"","overlay-opacity":"","overlay-gradient":""},"tablet":{"background-color":"var(--ast-global-color-5)","background-image":"","background-repeat":"repeat","background-position":"center center","background-size":"auto","background-attachment":"scroll","background-type":"","background-media":"","overlay-type":"","overlay-color":"","overlay-opacity":"","overlay-gradient":""},"mobile":{"background-color":"var(--ast-global-color-5)","background-image":"","background-repeat":"repeat","background-position":"center center","background-size":"auto","background-attachment":"scroll","background-type":"","background-media":"","overlay-type":"","overlay-color":"","overlay-opacity":"","overlay-gradient":""}}},"product_brand":[],"product_cat":[22956],"product_tag":[21751],"class_list":{"0":"post-549163","1":"product","2":"type-product","3":"status-publish","4":"has-post-thumbnail","6":"product_cat-keine-kategorie","7":"product_tag-plugs-de","8":"desktop-align-center","9":"tablet-align-center","10":"mobile-align-center","11":"ast-product-gallery-layout-horizontal","12":"ast-product-tabs-layout-horizontal","14":"first","15":"instock","16":"taxable","17":"shipping-taxable","18":"purchasable","19":"product-type-simple"},"acf":[],"yoast_head":"<!-- This site is optimized with the Yoast SEO plugin v26.5 - https:\/\/yoast.com\/wordpress\/plugins\/seo\/ -->\n<title>Smart Socket mit USB - Switch - App -Betrieb - Google Home, Amazon Alexa und Siri (HWP303U) - Caliber Europe B.V.<\/title>\n<meta name=\"robots\" content=\"noindex, follow, max-snippet:-1, max-image-preview:large, max-video-preview:-1\" \/>\n<meta property=\"og:locale\" content=\"de_DE\" \/>\n<meta property=\"og:type\" content=\"article\" \/>\n<meta property=\"og:title\" content=\"Smart Socket mit USB - Switch - App -Betrieb - Google Home, Amazon Alexa und Siri (HWP303U) - Caliber Europe B.V.\" \/>\n<meta property=\"og:description\" content=\"\u00dcberwachen Sie Ihren Energieverbrauch und betreiben Sie Ihre Ger\u00e4te mit diesem Caliber HWP303U Smart Socket mit USB. \u00dcber die Smart -Home -App kostenloser Caliber k\u00f6nnen Sie die Sockets aus der Ferne pro St\u00fcck ein- und aus wechseln, aber auch Set -Zeitpl\u00e4ne . Auf diese Weise erhalten Sie Einblick in Ihren Stromverbrauch und k\u00f6nnen dies begrenzen. [&hellip;]\" \/>\n<meta property=\"og:url\" content=\"https:\/\/b2b.calibereurope.com\/product\/hwp303u-de_de\/\" \/>\n<meta property=\"og:site_name\" content=\"Caliber Europe B.V.\" \/>\n<meta property=\"article:modified_time\" content=\"2025-01-15T07:46:11+00:00\" \/>\n<meta name=\"twitter:card\" content=\"summary_large_image\" \/>\n<meta name=\"twitter:label1\" content=\"Gesch\u00e4tzte Lesezeit\" \/>\n\t<meta name=\"twitter:data1\" content=\"2\u00a0Minuten\" \/>\n<script type=\"application\/ld+json\" class=\"yoast-schema-graph\">{\"@context\":\"https:\/\/schema.org\",\"@graph\":[{\"@type\":\"WebPage\",\"@id\":\"https:\/\/b2b.calibereurope.com\/product\/hwp303u-de_de\/\",\"url\":\"https:\/\/b2b.calibereurope.com\/product\/hwp303u-de_de\/\",\"name\":\"Smart Socket mit USB - Switch - App -Betrieb - Google Home, Amazon Alexa und Siri (HWP303U) - Caliber Europe B.V.\",\"isPartOf\":{\"@id\":\"https:\/\/b2b.calibereurope.com\/#website\"},\"primaryImageOfPage\":{\"@id\":\"https:\/\/b2b.calibereurope.com\/product\/hwp303u-de_de\/#primaryimage\"},\"image\":{\"@id\":\"https:\/\/b2b.calibereurope.com\/product\/hwp303u-de_de\/#primaryimage\"},\"thumbnailUrl\":\"https:\/\/b2b.calibereurope.com\/wp-content\/uploads\/2025\/01\/96bc4d4b0807ed15557222ed5479ec7df43d08b5_HWP303U.jpg\",\"datePublished\":\"2025-01-15T00:00:00+00:00\",\"dateModified\":\"2025-01-15T07:46:11+00:00\",\"breadcrumb\":{\"@id\":\"https:\/\/b2b.calibereurope.com\/product\/hwp303u-de_de\/#breadcrumb\"},\"inLanguage\":\"de\",\"potentialAction\":[{\"@type\":\"ReadAction\",\"target\":[\"https:\/\/b2b.calibereurope.com\/product\/hwp303u-de_de\/\"]}]},{\"@type\":\"ImageObject\",\"inLanguage\":\"de\",\"@id\":\"https:\/\/b2b.calibereurope.com\/product\/hwp303u-de_de\/#primaryimage\",\"url\":\"https:\/\/b2b.calibereurope.com\/wp-content\/uploads\/2025\/01\/96bc4d4b0807ed15557222ed5479ec7df43d08b5_HWP303U.jpg\",\"contentUrl\":\"https:\/\/b2b.calibereurope.com\/wp-content\/uploads\/2025\/01\/96bc4d4b0807ed15557222ed5479ec7df43d08b5_HWP303U.jpg\",\"width\":1024,\"height\":768},{\"@type\":\"BreadcrumbList\",\"@id\":\"https:\/\/b2b.calibereurope.com\/product\/hwp303u-de_de\/#breadcrumb\",\"itemListElement\":[{\"@type\":\"ListItem\",\"position\":1,\"name\":\"Home\",\"item\":\"https:\/\/b2b.calibereurope.com\/de\/\"},{\"@type\":\"ListItem\",\"position\":2,\"name\":\"Shop\",\"item\":\"https:\/\/b2b.calibereurope.com\/de\/shop\/\"},{\"@type\":\"ListItem\",\"position\":3,\"name\":\"Smart Power Socket &#8211; 4 USB-Anschl\u00fcsse (HWP303U)\"}]},{\"@type\":\"WebSite\",\"@id\":\"https:\/\/b2b.calibereurope.com\/#website\",\"url\":\"https:\/\/b2b.calibereurope.com\/\",\"name\":\"Caliber Europe B.V.\",\"description\":\"B2B Webshop\",\"publisher\":{\"@id\":\"https:\/\/b2b.calibereurope.com\/#organization\"},\"potentialAction\":[{\"@type\":\"SearchAction\",\"target\":{\"@type\":\"EntryPoint\",\"urlTemplate\":\"https:\/\/b2b.calibereurope.com\/?s={search_term_string}\"},\"query-input\":{\"@type\":\"PropertyValueSpecification\",\"valueRequired\":true,\"valueName\":\"search_term_string\"}}],\"inLanguage\":\"de\"},{\"@type\":\"Organization\",\"@id\":\"https:\/\/b2b.calibereurope.com\/#organization\",\"name\":\"Caliber Europe B.V.\",\"url\":\"https:\/\/b2b.calibereurope.com\/\",\"logo\":{\"@type\":\"ImageObject\",\"inLanguage\":\"de\",\"@id\":\"https:\/\/b2b.calibereurope.com\/#\/schema\/logo\/image\/\",\"url\":\"https:\/\/b2b.calibereurope.com\/wp-content\/uploads\/2020\/12\/Caliber_Logo-Black.png\",\"contentUrl\":\"https:\/\/b2b.calibereurope.com\/wp-content\/uploads\/2020\/12\/Caliber_Logo-Black.png\",\"width\":3157,\"height\":356,\"caption\":\"Caliber Europe B.V.\"},\"image\":{\"@id\":\"https:\/\/b2b.calibereurope.com\/#\/schema\/logo\/image\/\"}}]}<\/script>\n<!-- \/ Yoast SEO plugin. -->","yoast_head_json":{"title":"Smart Socket mit USB - Switch - App -Betrieb - Google Home, Amazon Alexa und Siri (HWP303U) - Caliber Europe B.V.","robots":{"index":"noindex","follow":"follow","max-snippet":"max-snippet:-1","max-image-preview":"max-image-preview:large","max-video-preview":"max-video-preview:-1"},"og_locale":"de_DE","og_type":"article","og_title":"Smart Socket mit USB - Switch - App -Betrieb - Google Home, Amazon Alexa und Siri (HWP303U) - Caliber Europe B.V.","og_description":"\u00dcberwachen Sie Ihren Energieverbrauch und betreiben Sie Ihre Ger\u00e4te mit diesem Caliber HWP303U Smart Socket mit USB. \u00dcber die Smart -Home -App kostenloser Caliber k\u00f6nnen Sie die Sockets aus der Ferne pro St\u00fcck ein- und aus wechseln, aber auch Set -Zeitpl\u00e4ne . Auf diese Weise erhalten Sie Einblick in Ihren Stromverbrauch und k\u00f6nnen dies begrenzen. [&hellip;]","og_url":"https:\/\/b2b.calibereurope.com\/product\/hwp303u-de_de\/","og_site_name":"Caliber Europe B.V.","article_modified_time":"2025-01-15T07:46:11+00:00","twitter_card":"summary_large_image","twitter_misc":{"Gesch\u00e4tzte Lesezeit":"2\u00a0Minuten"},"schema":{"@context":"https:\/\/schema.org","@graph":[{"@type":"WebPage","@id":"https:\/\/b2b.calibereurope.com\/product\/hwp303u-de_de\/","url":"https:\/\/b2b.calibereurope.com\/product\/hwp303u-de_de\/","name":"Smart Socket mit USB - Switch - App -Betrieb - Google Home, Amazon Alexa und Siri (HWP303U) - Caliber Europe B.V.","isPartOf":{"@id":"https:\/\/b2b.calibereurope.com\/#website"},"primaryImageOfPage":{"@id":"https:\/\/b2b.calibereurope.com\/product\/hwp303u-de_de\/#primaryimage"},"image":{"@id":"https:\/\/b2b.calibereurope.com\/product\/hwp303u-de_de\/#primaryimage"},"thumbnailUrl":"https:\/\/b2b.calibereurope.com\/wp-content\/uploads\/2025\/01\/96bc4d4b0807ed15557222ed5479ec7df43d08b5_HWP303U.jpg","datePublished":"2025-01-15T00:00:00+00:00","dateModified":"2025-01-15T07:46:11+00:00","breadcrumb":{"@id":"https:\/\/b2b.calibereurope.com\/product\/hwp303u-de_de\/#breadcrumb"},"inLanguage":"de","potentialAction":[{"@type":"ReadAction","target":["https:\/\/b2b.calibereurope.com\/product\/hwp303u-de_de\/"]}]},{"@type":"ImageObject","inLanguage":"de","@id":"https:\/\/b2b.calibereurope.com\/product\/hwp303u-de_de\/#primaryimage","url":"https:\/\/b2b.calibereurope.com\/wp-content\/uploads\/2025\/01\/96bc4d4b0807ed15557222ed5479ec7df43d08b5_HWP303U.jpg","contentUrl":"https:\/\/b2b.calibereurope.com\/wp-content\/uploads\/2025\/01\/96bc4d4b0807ed15557222ed5479ec7df43d08b5_HWP303U.jpg","width":1024,"height":768},{"@type":"BreadcrumbList","@id":"https:\/\/b2b.calibereurope.com\/product\/hwp303u-de_de\/#breadcrumb","itemListElement":[{"@type":"ListItem","position":1,"name":"Home","item":"https:\/\/b2b.calibereurope.com\/de\/"},{"@type":"ListItem","position":2,"name":"Shop","item":"https:\/\/b2b.calibereurope.com\/de\/shop\/"},{"@type":"ListItem","position":3,"name":"Smart Power Socket &#8211; 4 USB-Anschl\u00fcsse (HWP303U)"}]},{"@type":"WebSite","@id":"https:\/\/b2b.calibereurope.com\/#website","url":"https:\/\/b2b.calibereurope.com\/","name":"Caliber Europe B.V.","description":"B2B Webshop","publisher":{"@id":"https:\/\/b2b.calibereurope.com\/#organization"},"potentialAction":[{"@type":"SearchAction","target":{"@type":"EntryPoint","urlTemplate":"https:\/\/b2b.calibereurope.com\/?s={search_term_string}"},"query-input":{"@type":"PropertyValueSpecification","valueRequired":true,"valueName":"search_term_string"}}],"inLanguage":"de"},{"@type":"Organization","@id":"https:\/\/b2b.calibereurope.com\/#organization","name":"Caliber Europe B.V.","url":"https:\/\/b2b.calibereurope.com\/","logo":{"@type":"ImageObject","inLanguage":"de","@id":"https:\/\/b2b.calibereurope.com\/#\/schema\/logo\/image\/","url":"https:\/\/b2b.calibereurope.com\/wp-content\/uploads\/2020\/12\/Caliber_Logo-Black.png","contentUrl":"https:\/\/b2b.calibereurope.com\/wp-content\/uploads\/2020\/12\/Caliber_Logo-Black.png","width":3157,"height":356,"caption":"Caliber Europe B.V."},"image":{"@id":"https:\/\/b2b.calibereurope.com\/#\/schema\/logo\/image\/"}}]}},"_links":{"self":[{"href":"https:\/\/b2b.calibereurope.com\/de\/wp-json\/wp\/v2\/product\/549163","targetHints":{"allow":["GET"]}}],"collection":[{"href":"https:\/\/b2b.calibereurope.com\/de\/wp-json\/wp\/v2\/product"}],"about":[{"href":"https:\/\/b2b.calibereurope.com\/de\/wp-json\/wp\/v2\/types\/product"}],"version-history":[{"count":0,"href":"https:\/\/b2b.calibereurope.com\/de\/wp-json\/wp\/v2\/product\/549163\/revisions"}],"wp:featuredmedia":[{"embeddable":true,"href":"https:\/\/b2b.calibereurope.com\/de\/wp-json\/wp\/v2\/media\/854038"}],"wp:attachment":[{"href":"https:\/\/b2b.calibereurope.com\/de\/wp-json\/wp\/v2\/media?parent=549163"}],"wp:term":[{"taxonomy":"product_brand","embeddable":true,"href":"https:\/\/b2b.calibereurope.com\/de\/wp-json\/wp\/v2\/product_brand?post=549163"},{"taxonomy":"product_cat","embeddable":true,"href":"https:\/\/b2b.calibereurope.com\/de\/wp-json\/wp\/v2\/product_cat?post=549163"},{"taxonomy":"product_tag","embeddable":true,"href":"https:\/\/b2b.calibereurope.com\/de\/wp-json\/wp\/v2\/product_tag?post=549163"}],"curies":[{"name":"wp","href":"https:\/\/api.w.org\/{rel}","templated":true}]}}