{"id":600168,"date":"2024-02-20T01:00:00","date_gmt":"2024-02-20T00:00:00","guid":{"rendered":""},"modified":"2024-12-26T19:02:19","modified_gmt":"2024-12-26T18:02:19","slug":"hpg240bt-de_de","status":"publish","type":"product","link":"https:\/\/b2b.calibereurope.com\/de\/produkt\/hpg240bt-de_de\/","title":{"rendered":"Kabelloser Travel Bluetooth Speaker &#8211; Tragbarer Party-Lautsprecher &#8211; AUX, SD und USB (HPG240BT)"},"content":{"rendered":"<p>Nehmen Sie den Caliber Travel HPG240BT Bluetooth\u00ae Lautsprecher mit auf eine Party und bringen Sie eine gute Portion Stimmung mit! Ob zu Hause, am Strand oder im Park, der drahtlose Lautsprecher l\u00e4sst sich dank seines Ledergriffs leicht tragen und \u00fcberallhin mitnehmen. Spielen Sie Musik \u00fcber <strong>Bluetooth\u00ae, USB, SD oder AUX <\/strong>ab<strong>. <\/strong>Der <strong>eingebaute Akku <\/strong>bietet <strong>bis zu 16 Stunden Spielzeit<\/strong>, sodass Sie bis in die fr\u00fchen Morgenstunden durchhalten k\u00f6nnen. Mit der <strong>TWS-Pairing-Funktion <\/strong>k\u00f6nnen Sie zwei Caliber Bluetooth\u00ae Lautsprecher drahtlos koppeln, um den Klang zu verteilen und zu verst\u00e4rken.<\/p>\n<p><\/p>\n<p><strong>Merkmale:<\/strong><\/p>\n<ul>\n<li>Bluetooth\u00ae 5.0 Technologie<\/li>\n<li>USB-Wiedergabe- und Ladefunktion<\/li>\n<li>Micro SD-Karteneingang<\/li>\n<li>AUX-Anschluss (3,5 mm)<\/li>\n<li>Bis zu 16 Stunden drahtlose Spielzeit<\/li>\n<li>Koppeln Sie 2 Travel Lautsprecher miteinander<\/li>\n<li>Ledergriff f\u00fcr Komfort<\/li>\n<li>20W maximale Gesamtlautst\u00e4rke<\/li>\n<\/ul>\n<h3>H\u00f6ren Sie jederzeit und \u00fcberall Musik<\/h3>\n<p>Unterwegs? Und dank des integrierten Griffs k\u00f6nnen Sie den tragbaren Lautsprecher einfach mitnehmen, um unterwegs Musik zu h\u00f6ren. Dank des eingebauten Akkus ist der Bluetooth\u00ae Lautsprecher auch ideal f\u00fcr eine Gartenparty oder eine Poolparty geeignet. Mit einer vollen Batterie k\u00f6nnen Sie Ihre Lieblingsmusik als Hintergrundmusik, zum lauten Mitsingen oder zum gemeinsamen Tanzen bis zu 16 Stunden lang ununterbrochen genie\u00dfen.<\/p>\n<h3>F\u00fcr den perfekten Sound<\/h3>\n<p>Die Bluetooth\u00ae-Box hat eine Leistung von 20 Watt, sodass die Musik auch auf einer kleinen Party gut und deutlich zu h\u00f6ren ist. Selbst wenn Sie den Partylautsprecher im Freien verwenden, bietet er gen\u00fcgend Lautst\u00e4rke. M\u00f6chten Sie harte Beats werfen oder sind Sie mit einer gro\u00dfen Gruppe unterwegs? Dann ist die TWS-Kopplungsfunktion des drahtlosen Lautsprechers ideal. So k\u00f6nnen Sie ganz einfach 2 dieser Caliber Travel HPG240BT Lautsprecher anschlie\u00dfen, um den Sound aus mehreren Winkeln zu h\u00f6ren und die Lautst\u00e4rke zu erh\u00f6hen.<\/p>\n<h3>Spielen Sie Musik, wie Sie wollen<\/h3>\n<p>Dank der Bluetooth\u00ae 5.0 Technologie k\u00f6nnen Sie jedes Ger\u00e4t problemlos mit diesem drahtlosen Lautsprecher verbinden. Ist der Akku Ihres Smartphones leer oder ist Bluetooth\u00ae aus einem anderen Grund nicht ideal? W\u00e4hlen Sie dann USB, SD oder AUX und spielen Sie Musik \u00fcber eine dieser Wiedergabeoptionen ab. Mit diesem Lautsprecher k\u00f6nnen Sie jederzeit Ihre Lieblingscharts oder -podcasts anh\u00f6ren!<\/p>\n<p><\/p>\n<p><strong>Mitgeliefert:<\/strong><\/p>\n<ul>\n<li>Caliber Travel HPG240BT<\/li>\n<li>3,5 mm Audiokabel<\/li>\n<li>Micro USB-Ladekabel<\/li>\n<\/ul>\n","protected":false},"excerpt":{"rendered":"<p>Caliber Travel &#8211; Lautsprecher mit zus\u00e4tzlichen B\u00e4ssen &#8211; AUX USB RGB-LEDs und Akku &#8211; Schwarz<\/p>\n","protected":false},"featured_media":842192,"template":"","meta":{"_acf_changed":false,"site-sidebar-layout":"default","site-content-layout":"","ast-site-content-layout":"default","site-content-style":"default","site-sidebar-style":"default","ast-global-header-display":"","ast-banner-title-visibility":"","ast-main-header-display":"","ast-hfb-above-header-display":"","ast-hfb-below-header-display":"","ast-hfb-mobile-header-display":"","site-post-title":"","ast-breadcrumbs-content":"","ast-featured-img":"","footer-sml-layout":"","theme-transparent-header-meta":"","adv-header-id-meta":"","stick-header-meta":"","header-above-stick-meta":"","header-main-stick-meta":"","header-below-stick-meta":"","astra-migrate-meta-layouts":"default","ast-page-background-enabled":"default","ast-page-background-meta":{"desktop":{"background-color":"","background-image":"","background-repeat":"repeat","background-position":"center center","background-size":"auto","background-attachment":"scroll","background-type":"","background-media":"","overlay-type":"","overlay-color":"","overlay-opacity":"","overlay-gradient":""},"tablet":{"background-color":"","background-image":"","background-repeat":"repeat","background-position":"center center","background-size":"auto","background-attachment":"scroll","background-type":"","background-media":"","overlay-type":"","overlay-color":"","overlay-opacity":"","overlay-gradient":""},"mobile":{"background-color":"","background-image":"","background-repeat":"repeat","background-position":"center center","background-size":"auto","background-attachment":"scroll","background-type":"","background-media":"","overlay-type":"","overlay-color":"","overlay-opacity":"","overlay-gradient":""}},"ast-content-background-meta":{"desktop":{"background-color":"var(--ast-global-color-5)","background-image":"","background-repeat":"repeat","background-position":"center center","background-size":"auto","background-attachment":"scroll","background-type":"","background-media":"","overlay-type":"","overlay-color":"","overlay-opacity":"","overlay-gradient":""},"tablet":{"background-color":"var(--ast-global-color-5)","background-image":"","background-repeat":"repeat","background-position":"center center","background-size":"auto","background-attachment":"scroll","background-type":"","background-media":"","overlay-type":"","overlay-color":"","overlay-opacity":"","overlay-gradient":""},"mobile":{"background-color":"var(--ast-global-color-5)","background-image":"","background-repeat":"repeat","background-position":"center center","background-size":"auto","background-attachment":"scroll","background-type":"","background-media":"","overlay-type":"","overlay-color":"","overlay-opacity":"","overlay-gradient":""}}},"product_brand":[],"product_cat":[22956],"product_tag":[],"class_list":{"0":"post-600168","1":"product","2":"type-product","3":"status-publish","4":"has-post-thumbnail","6":"product_cat-keine-kategorie","7":"desktop-align-center","8":"tablet-align-center","9":"mobile-align-center","10":"ast-product-gallery-layout-horizontal","11":"ast-product-tabs-layout-horizontal","13":"first","14":"onbackorder","15":"taxable","16":"shipping-taxable","17":"purchasable","18":"product-type-simple"},"acf":[],"yoast_head":"<!-- This site is optimized with the Yoast SEO plugin v26.5 - https:\/\/yoast.com\/wordpress\/plugins\/seo\/ -->\n<title>Kabelloser Travel Bluetooth Speaker - Tragbarer Party-Lautsprecher - AUX, SD und USB (HPG240BT) - Caliber Europe B.V.<\/title>\n<meta name=\"robots\" content=\"noindex, follow, max-snippet:-1, max-image-preview:large, max-video-preview:-1\" \/>\n<meta property=\"og:locale\" content=\"de_DE\" \/>\n<meta property=\"og:type\" content=\"article\" \/>\n<meta property=\"og:title\" content=\"Kabelloser Travel Bluetooth Speaker - Tragbarer Party-Lautsprecher - AUX, SD und USB (HPG240BT) - Caliber Europe B.V.\" \/>\n<meta property=\"og:description\" content=\"Caliber Travel - Lautsprecher mit zus\u00e4tzlichen B\u00e4ssen - AUX USB RGB-LEDs und Akku - Schwarz\" \/>\n<meta property=\"og:url\" content=\"https:\/\/b2b.calibereurope.com\/product\/hpg240bt-de_de\/\" \/>\n<meta property=\"og:site_name\" content=\"Caliber Europe B.V.\" \/>\n<meta property=\"article:modified_time\" content=\"2024-12-26T18:02:19+00:00\" \/>\n<meta name=\"twitter:card\" content=\"summary_large_image\" \/>\n<meta name=\"twitter:label1\" content=\"Gesch\u00e4tzte Lesezeit\" \/>\n\t<meta name=\"twitter:data1\" content=\"2\u00a0Minuten\" \/>\n<script type=\"application\/ld+json\" class=\"yoast-schema-graph\">{\"@context\":\"https:\/\/schema.org\",\"@graph\":[{\"@type\":\"WebPage\",\"@id\":\"https:\/\/b2b.calibereurope.com\/product\/hpg240bt-de_de\/\",\"url\":\"https:\/\/b2b.calibereurope.com\/product\/hpg240bt-de_de\/\",\"name\":\"Kabelloser Travel Bluetooth Speaker - Tragbarer Party-Lautsprecher - AUX, SD und USB (HPG240BT) - Caliber Europe B.V.\",\"isPartOf\":{\"@id\":\"https:\/\/b2b.calibereurope.com\/#website\"},\"primaryImageOfPage\":{\"@id\":\"https:\/\/b2b.calibereurope.com\/product\/hpg240bt-de_de\/#primaryimage\"},\"image\":{\"@id\":\"https:\/\/b2b.calibereurope.com\/product\/hpg240bt-de_de\/#primaryimage\"},\"thumbnailUrl\":\"https:\/\/b2b.calibereurope.com\/wp-content\/uploads\/2024\/02\/a25d6922f085779ff443d76b76442d19540229b1_HPG240BT_web.jpg\",\"datePublished\":\"2024-02-20T00:00:00+00:00\",\"dateModified\":\"2024-12-26T18:02:19+00:00\",\"breadcrumb\":{\"@id\":\"https:\/\/b2b.calibereurope.com\/product\/hpg240bt-de_de\/#breadcrumb\"},\"inLanguage\":\"de\",\"potentialAction\":[{\"@type\":\"ReadAction\",\"target\":[\"https:\/\/b2b.calibereurope.com\/product\/hpg240bt-de_de\/\"]}]},{\"@type\":\"ImageObject\",\"inLanguage\":\"de\",\"@id\":\"https:\/\/b2b.calibereurope.com\/product\/hpg240bt-de_de\/#primaryimage\",\"url\":\"https:\/\/b2b.calibereurope.com\/wp-content\/uploads\/2024\/02\/a25d6922f085779ff443d76b76442d19540229b1_HPG240BT_web.jpg\",\"contentUrl\":\"https:\/\/b2b.calibereurope.com\/wp-content\/uploads\/2024\/02\/a25d6922f085779ff443d76b76442d19540229b1_HPG240BT_web.jpg\",\"width\":1024,\"height\":768},{\"@type\":\"BreadcrumbList\",\"@id\":\"https:\/\/b2b.calibereurope.com\/product\/hpg240bt-de_de\/#breadcrumb\",\"itemListElement\":[{\"@type\":\"ListItem\",\"position\":1,\"name\":\"Home\",\"item\":\"https:\/\/b2b.calibereurope.com\/de\/\"},{\"@type\":\"ListItem\",\"position\":2,\"name\":\"Shop\",\"item\":\"https:\/\/b2b.calibereurope.com\/de\/shop\/\"},{\"@type\":\"ListItem\",\"position\":3,\"name\":\"Caliber Travel &#8211; Lautsprecher mit zus\u00e4tzlichen B\u00e4ssen &#8211; AUX USB RGB-LEDs und Akku &#8211; Schwarz\"}]},{\"@type\":\"WebSite\",\"@id\":\"https:\/\/b2b.calibereurope.com\/#website\",\"url\":\"https:\/\/b2b.calibereurope.com\/\",\"name\":\"Caliber Europe B.V.\",\"description\":\"B2B Webshop\",\"publisher\":{\"@id\":\"https:\/\/b2b.calibereurope.com\/#organization\"},\"potentialAction\":[{\"@type\":\"SearchAction\",\"target\":{\"@type\":\"EntryPoint\",\"urlTemplate\":\"https:\/\/b2b.calibereurope.com\/?s={search_term_string}\"},\"query-input\":{\"@type\":\"PropertyValueSpecification\",\"valueRequired\":true,\"valueName\":\"search_term_string\"}}],\"inLanguage\":\"de\"},{\"@type\":\"Organization\",\"@id\":\"https:\/\/b2b.calibereurope.com\/#organization\",\"name\":\"Caliber Europe B.V.\",\"url\":\"https:\/\/b2b.calibereurope.com\/\",\"logo\":{\"@type\":\"ImageObject\",\"inLanguage\":\"de\",\"@id\":\"https:\/\/b2b.calibereurope.com\/#\/schema\/logo\/image\/\",\"url\":\"https:\/\/b2b.calibereurope.com\/wp-content\/uploads\/2020\/12\/Caliber_Logo-Black.png\",\"contentUrl\":\"https:\/\/b2b.calibereurope.com\/wp-content\/uploads\/2020\/12\/Caliber_Logo-Black.png\",\"width\":3157,\"height\":356,\"caption\":\"Caliber Europe B.V.\"},\"image\":{\"@id\":\"https:\/\/b2b.calibereurope.com\/#\/schema\/logo\/image\/\"}}]}<\/script>\n<!-- \/ Yoast SEO plugin. -->","yoast_head_json":{"title":"Kabelloser Travel Bluetooth Speaker - Tragbarer Party-Lautsprecher - AUX, SD und USB (HPG240BT) - Caliber Europe B.V.","robots":{"index":"noindex","follow":"follow","max-snippet":"max-snippet:-1","max-image-preview":"max-image-preview:large","max-video-preview":"max-video-preview:-1"},"og_locale":"de_DE","og_type":"article","og_title":"Kabelloser Travel Bluetooth Speaker - Tragbarer Party-Lautsprecher - AUX, SD und USB (HPG240BT) - Caliber Europe B.V.","og_description":"Caliber Travel - Lautsprecher mit zus\u00e4tzlichen B\u00e4ssen - AUX USB RGB-LEDs und Akku - Schwarz","og_url":"https:\/\/b2b.calibereurope.com\/product\/hpg240bt-de_de\/","og_site_name":"Caliber Europe B.V.","article_modified_time":"2024-12-26T18:02:19+00:00","twitter_card":"summary_large_image","twitter_misc":{"Gesch\u00e4tzte Lesezeit":"2\u00a0Minuten"},"schema":{"@context":"https:\/\/schema.org","@graph":[{"@type":"WebPage","@id":"https:\/\/b2b.calibereurope.com\/product\/hpg240bt-de_de\/","url":"https:\/\/b2b.calibereurope.com\/product\/hpg240bt-de_de\/","name":"Kabelloser Travel Bluetooth Speaker - Tragbarer Party-Lautsprecher - AUX, SD und USB (HPG240BT) - Caliber Europe B.V.","isPartOf":{"@id":"https:\/\/b2b.calibereurope.com\/#website"},"primaryImageOfPage":{"@id":"https:\/\/b2b.calibereurope.com\/product\/hpg240bt-de_de\/#primaryimage"},"image":{"@id":"https:\/\/b2b.calibereurope.com\/product\/hpg240bt-de_de\/#primaryimage"},"thumbnailUrl":"https:\/\/b2b.calibereurope.com\/wp-content\/uploads\/2024\/02\/a25d6922f085779ff443d76b76442d19540229b1_HPG240BT_web.jpg","datePublished":"2024-02-20T00:00:00+00:00","dateModified":"2024-12-26T18:02:19+00:00","breadcrumb":{"@id":"https:\/\/b2b.calibereurope.com\/product\/hpg240bt-de_de\/#breadcrumb"},"inLanguage":"de","potentialAction":[{"@type":"ReadAction","target":["https:\/\/b2b.calibereurope.com\/product\/hpg240bt-de_de\/"]}]},{"@type":"ImageObject","inLanguage":"de","@id":"https:\/\/b2b.calibereurope.com\/product\/hpg240bt-de_de\/#primaryimage","url":"https:\/\/b2b.calibereurope.com\/wp-content\/uploads\/2024\/02\/a25d6922f085779ff443d76b76442d19540229b1_HPG240BT_web.jpg","contentUrl":"https:\/\/b2b.calibereurope.com\/wp-content\/uploads\/2024\/02\/a25d6922f085779ff443d76b76442d19540229b1_HPG240BT_web.jpg","width":1024,"height":768},{"@type":"BreadcrumbList","@id":"https:\/\/b2b.calibereurope.com\/product\/hpg240bt-de_de\/#breadcrumb","itemListElement":[{"@type":"ListItem","position":1,"name":"Home","item":"https:\/\/b2b.calibereurope.com\/de\/"},{"@type":"ListItem","position":2,"name":"Shop","item":"https:\/\/b2b.calibereurope.com\/de\/shop\/"},{"@type":"ListItem","position":3,"name":"Caliber Travel &#8211; Lautsprecher mit zus\u00e4tzlichen B\u00e4ssen &#8211; AUX USB RGB-LEDs und Akku &#8211; Schwarz"}]},{"@type":"WebSite","@id":"https:\/\/b2b.calibereurope.com\/#website","url":"https:\/\/b2b.calibereurope.com\/","name":"Caliber Europe B.V.","description":"B2B Webshop","publisher":{"@id":"https:\/\/b2b.calibereurope.com\/#organization"},"potentialAction":[{"@type":"SearchAction","target":{"@type":"EntryPoint","urlTemplate":"https:\/\/b2b.calibereurope.com\/?s={search_term_string}"},"query-input":{"@type":"PropertyValueSpecification","valueRequired":true,"valueName":"search_term_string"}}],"inLanguage":"de"},{"@type":"Organization","@id":"https:\/\/b2b.calibereurope.com\/#organization","name":"Caliber Europe B.V.","url":"https:\/\/b2b.calibereurope.com\/","logo":{"@type":"ImageObject","inLanguage":"de","@id":"https:\/\/b2b.calibereurope.com\/#\/schema\/logo\/image\/","url":"https:\/\/b2b.calibereurope.com\/wp-content\/uploads\/2020\/12\/Caliber_Logo-Black.png","contentUrl":"https:\/\/b2b.calibereurope.com\/wp-content\/uploads\/2020\/12\/Caliber_Logo-Black.png","width":3157,"height":356,"caption":"Caliber Europe B.V."},"image":{"@id":"https:\/\/b2b.calibereurope.com\/#\/schema\/logo\/image\/"}}]}},"_links":{"self":[{"href":"https:\/\/b2b.calibereurope.com\/de\/wp-json\/wp\/v2\/product\/600168","targetHints":{"allow":["GET"]}}],"collection":[{"href":"https:\/\/b2b.calibereurope.com\/de\/wp-json\/wp\/v2\/product"}],"about":[{"href":"https:\/\/b2b.calibereurope.com\/de\/wp-json\/wp\/v2\/types\/product"}],"version-history":[{"count":0,"href":"https:\/\/b2b.calibereurope.com\/de\/wp-json\/wp\/v2\/product\/600168\/revisions"}],"wp:featuredmedia":[{"embeddable":true,"href":"https:\/\/b2b.calibereurope.com\/de\/wp-json\/wp\/v2\/media\/842192"}],"wp:attachment":[{"href":"https:\/\/b2b.calibereurope.com\/de\/wp-json\/wp\/v2\/media?parent=600168"}],"wp:term":[{"taxonomy":"product_brand","embeddable":true,"href":"https:\/\/b2b.calibereurope.com\/de\/wp-json\/wp\/v2\/product_brand?post=600168"},{"taxonomy":"product_cat","embeddable":true,"href":"https:\/\/b2b.calibereurope.com\/de\/wp-json\/wp\/v2\/product_cat?post=600168"},{"taxonomy":"product_tag","embeddable":true,"href":"https:\/\/b2b.calibereurope.com\/de\/wp-json\/wp\/v2\/product_tag?post=600168"}],"curies":[{"name":"wp","href":"https:\/\/api.w.org\/{rel}","templated":true}]}}