{"id":600252,"date":"2024-02-20T01:00:00","date_gmt":"2024-02-20T00:00:00","guid":{"rendered":""},"modified":"2024-12-26T19:02:20","modified_gmt":"2024-12-26T18:02:20","slug":"hpg340bt-de_de","status":"publish","type":"product","link":"https:\/\/b2b.calibereurope.com\/de\/produkt\/hpg340bt-de_de\/","title":{"rendered":"Boost Bluetooth Lautsprecher &#8211; drahtlos bis zu 16 Stunden Spielzeit &#8211; AUX, USB und Micro SD &#8211; TWS &#8211; 25W (HPG340BT)"},"content":{"rendered":"<p>Mit dem Caliber HPG340BT Bluetooth\u00ae Lautsprecher verwandeln Sie jede Zusammenkunft in eine gro\u00dfe Party. Dank der <strong>Bluetooth\u00ae-Technologie <\/strong>k\u00f6nnen Sie jedes beliebige Telefon anschlie\u00dfen, um Ihre Lieblingswiedergabelisten abzuspielen. Der tragbare Lautsprecher hat eine <strong>Reichweite <\/strong>von bis zu <strong>10 Metern<\/strong>, sodass sich Ihr Telefon nicht in der N\u00e4he der Box befinden muss. M\u00f6chten Sie lieber Ihren Akku schonen? Spielen Sie dann Musik \u00fcber <strong>AUX, USB oder Micro SD <\/strong>ab. Wenn Sie mehr Volumen produzieren m\u00f6chten, k\u00f6nnen Sie die Box <strong>mit einer zweiten HPG340BT Box kombinieren<\/strong>. Dank des <strong>eingebauten Akkus <\/strong>k\u00f6nnen Sie bis zu <strong>16 Stunden Spielzeit <\/strong>genie\u00dfen.<\/p>\n<p><\/p>\n<p><strong>Merkmale:<\/strong><\/p>\n<ul>\n<li>Bluetooth\u00ae Technologie 5.0<\/li>\n<li>Bis zu 10 Meter Reichweite<\/li>\n<li>Unterst\u00fctzt A2DP, AVRCP &amp; HFP-Profil<\/li>\n<li>AUX, USB und Micro SD (bis zu 64 GB)<\/li>\n<li>Kopplungsm\u00f6glichkeit mit HPG340BT Lautsprechern<\/li>\n<li>25W maximale Leistung<\/li>\n<li>16 Stunden Spielzeit<\/li>\n<li>Einfache Bedienung<\/li>\n<li>Wiederaufladbar \u00fcber Micro USB<\/li>\n<\/ul>\n<h3>Alle Ihre Lieblingssongs<\/h3>\n<p>Egal, ob Sie lieber zu R&amp;B in Ihrem Schlafzimmer tanzen oder in Ihrer Garage hart rocken wollen: mit diesem Bluetooth\u00ae Lautsprecher ist alles m\u00f6glich. Der Lautsprecher hat eine Reichweite von 10 Metern, sodass Sie viel Bewegungsfreiheit haben und nicht in der N\u00e4he des Lautsprechers bleiben m\u00fcssen. Wenn Sie Ihren Akku schonen m\u00f6chten oder Ihr Telefon nicht \u00fcber Bluetooth\u00ae verf\u00fcgt, k\u00f6nnen Sie Musik auch \u00fcber AUX, USB oder Micro SD abspielen. Sie haben also viele M\u00f6glichkeiten, Ihre Lieblingstitel zu h\u00f6ren.<\/p>\n<h3>Maximales Volumen<\/h3>\n<p>Mit dieser Bluetooth\u00ae-f\u00e4higen Box schaffen Sie maximale Lautst\u00e4rke. Die Box hat eine Leistung von 25 Watt. Das ist genug Volumen f\u00fcr kleine Partys. Wenn Sie Musik mit h\u00f6herer Lautst\u00e4rke m\u00f6gen, k\u00f6nnen Sie die Box mit einer zweiten Box koppeln, um zus\u00e4tzlichen Klang zu erhalten.<\/p>\n<h3>Ihr bester Freund f\u00fcr Partys<\/h3>\n<p>Der Bluetooth\u00ae Lautsprecher ist ideal zum Mitnehmen. Nehmen Sie die Partybox zum Beispiel mit an den Strand, in den Park oder zum Grillfest in der Nachbarschaft. Der Lautsprecher ist spritzwassergesch\u00fctzt, sodass er auch mal einen Spritzer vertragen kann. Dank des eingebauten Akkus k\u00f6nnen Sie Ihre Lieblingssongs bis zu 16 Stunden lang h\u00f6ren. Wenn der Akku leer ist, k\u00f6nnen Sie den Lautsprecher ganz einfach mit dem mitgelieferten Ladekabel aufladen. Sie bedienen den tragbaren Bluetooth\u00ae Lautsprecher ganz einfach \u00fcber die Steuertasten an der Box.<\/p>\n<p><\/p>\n<p><strong>&nbsp;Mitgeliefert:<\/strong><\/p>\n<ul>\n<li>Caliber HPG340BT Bluetooth\u00ae Lautsprecher<\/li>\n<li>Ladekabel<\/li>\n<\/ul>\n","protected":false},"excerpt":{"rendered":"<p>Caliber Boost &#8211; Lautsprecher mit zus\u00e4tzlichen B\u00e4ssen &#8211; AUX USB RGB-LEDs und Akku &#8211; Schwarz <\/p>\n","protected":false},"featured_media":842220,"template":"","meta":{"_acf_changed":false,"site-sidebar-layout":"default","site-content-layout":"","ast-site-content-layout":"default","site-content-style":"default","site-sidebar-style":"default","ast-global-header-display":"","ast-banner-title-visibility":"","ast-main-header-display":"","ast-hfb-above-header-display":"","ast-hfb-below-header-display":"","ast-hfb-mobile-header-display":"","site-post-title":"","ast-breadcrumbs-content":"","ast-featured-img":"","footer-sml-layout":"","theme-transparent-header-meta":"","adv-header-id-meta":"","stick-header-meta":"","header-above-stick-meta":"","header-main-stick-meta":"","header-below-stick-meta":"","astra-migrate-meta-layouts":"default","ast-page-background-enabled":"default","ast-page-background-meta":{"desktop":{"background-color":"","background-image":"","background-repeat":"repeat","background-position":"center center","background-size":"auto","background-attachment":"scroll","background-type":"","background-media":"","overlay-type":"","overlay-color":"","overlay-opacity":"","overlay-gradient":""},"tablet":{"background-color":"","background-image":"","background-repeat":"repeat","background-position":"center center","background-size":"auto","background-attachment":"scroll","background-type":"","background-media":"","overlay-type":"","overlay-color":"","overlay-opacity":"","overlay-gradient":""},"mobile":{"background-color":"","background-image":"","background-repeat":"repeat","background-position":"center center","background-size":"auto","background-attachment":"scroll","background-type":"","background-media":"","overlay-type":"","overlay-color":"","overlay-opacity":"","overlay-gradient":""}},"ast-content-background-meta":{"desktop":{"background-color":"var(--ast-global-color-5)","background-image":"","background-repeat":"repeat","background-position":"center center","background-size":"auto","background-attachment":"scroll","background-type":"","background-media":"","overlay-type":"","overlay-color":"","overlay-opacity":"","overlay-gradient":""},"tablet":{"background-color":"var(--ast-global-color-5)","background-image":"","background-repeat":"repeat","background-position":"center center","background-size":"auto","background-attachment":"scroll","background-type":"","background-media":"","overlay-type":"","overlay-color":"","overlay-opacity":"","overlay-gradient":""},"mobile":{"background-color":"var(--ast-global-color-5)","background-image":"","background-repeat":"repeat","background-position":"center center","background-size":"auto","background-attachment":"scroll","background-type":"","background-media":"","overlay-type":"","overlay-color":"","overlay-opacity":"","overlay-gradient":""}}},"product_brand":[],"product_cat":[22956],"product_tag":[],"class_list":{"0":"post-600252","1":"product","2":"type-product","3":"status-publish","4":"has-post-thumbnail","6":"product_cat-keine-kategorie","7":"desktop-align-center","8":"tablet-align-center","9":"mobile-align-center","10":"ast-product-gallery-layout-horizontal","11":"ast-product-tabs-layout-horizontal","13":"first","14":"instock","15":"taxable","16":"shipping-taxable","17":"purchasable","18":"product-type-simple"},"acf":[],"yoast_head":"<!-- This site is optimized with the Yoast SEO plugin v26.5 - https:\/\/yoast.com\/wordpress\/plugins\/seo\/ -->\n<title>Boost Bluetooth Lautsprecher - drahtlos bis zu 16 Stunden Spielzeit - AUX, USB und Micro SD - TWS - 25W (HPG340BT) - Caliber Europe B.V.<\/title>\n<meta name=\"robots\" content=\"noindex, follow, max-snippet:-1, max-image-preview:large, max-video-preview:-1\" \/>\n<meta property=\"og:locale\" content=\"de_DE\" \/>\n<meta property=\"og:type\" content=\"article\" \/>\n<meta property=\"og:title\" content=\"Boost Bluetooth Lautsprecher - drahtlos bis zu 16 Stunden Spielzeit - AUX, USB und Micro SD - TWS - 25W (HPG340BT) - Caliber Europe B.V.\" \/>\n<meta property=\"og:description\" content=\"Caliber Boost - Lautsprecher mit zus\u00e4tzlichen B\u00e4ssen - AUX USB RGB-LEDs und Akku - Schwarz\" \/>\n<meta property=\"og:url\" content=\"https:\/\/b2b.calibereurope.com\/product\/hpg340bt-de_de\/\" \/>\n<meta property=\"og:site_name\" content=\"Caliber Europe B.V.\" \/>\n<meta property=\"article:modified_time\" content=\"2024-12-26T18:02:20+00:00\" \/>\n<meta name=\"twitter:card\" content=\"summary_large_image\" \/>\n<meta name=\"twitter:label1\" content=\"Gesch\u00e4tzte Lesezeit\" \/>\n\t<meta name=\"twitter:data1\" content=\"2\u00a0Minuten\" \/>\n<script type=\"application\/ld+json\" class=\"yoast-schema-graph\">{\"@context\":\"https:\/\/schema.org\",\"@graph\":[{\"@type\":\"WebPage\",\"@id\":\"https:\/\/b2b.calibereurope.com\/product\/hpg340bt-de_de\/\",\"url\":\"https:\/\/b2b.calibereurope.com\/product\/hpg340bt-de_de\/\",\"name\":\"Boost Bluetooth Lautsprecher - drahtlos bis zu 16 Stunden Spielzeit - AUX, USB und Micro SD - TWS - 25W (HPG340BT) - Caliber Europe B.V.\",\"isPartOf\":{\"@id\":\"https:\/\/b2b.calibereurope.com\/#website\"},\"primaryImageOfPage\":{\"@id\":\"https:\/\/b2b.calibereurope.com\/product\/hpg340bt-de_de\/#primaryimage\"},\"image\":{\"@id\":\"https:\/\/b2b.calibereurope.com\/product\/hpg340bt-de_de\/#primaryimage\"},\"thumbnailUrl\":\"https:\/\/b2b.calibereurope.com\/wp-content\/uploads\/2024\/02\/a2a900cdea1eb7235e960555bf588794dea08c9e_HPG340BT_web.jpg\",\"datePublished\":\"2024-02-20T00:00:00+00:00\",\"dateModified\":\"2024-12-26T18:02:20+00:00\",\"breadcrumb\":{\"@id\":\"https:\/\/b2b.calibereurope.com\/product\/hpg340bt-de_de\/#breadcrumb\"},\"inLanguage\":\"de\",\"potentialAction\":[{\"@type\":\"ReadAction\",\"target\":[\"https:\/\/b2b.calibereurope.com\/product\/hpg340bt-de_de\/\"]}]},{\"@type\":\"ImageObject\",\"inLanguage\":\"de\",\"@id\":\"https:\/\/b2b.calibereurope.com\/product\/hpg340bt-de_de\/#primaryimage\",\"url\":\"https:\/\/b2b.calibereurope.com\/wp-content\/uploads\/2024\/02\/a2a900cdea1eb7235e960555bf588794dea08c9e_HPG340BT_web.jpg\",\"contentUrl\":\"https:\/\/b2b.calibereurope.com\/wp-content\/uploads\/2024\/02\/a2a900cdea1eb7235e960555bf588794dea08c9e_HPG340BT_web.jpg\",\"width\":1024,\"height\":768},{\"@type\":\"BreadcrumbList\",\"@id\":\"https:\/\/b2b.calibereurope.com\/product\/hpg340bt-de_de\/#breadcrumb\",\"itemListElement\":[{\"@type\":\"ListItem\",\"position\":1,\"name\":\"Home\",\"item\":\"https:\/\/b2b.calibereurope.com\/de\/\"},{\"@type\":\"ListItem\",\"position\":2,\"name\":\"Shop\",\"item\":\"https:\/\/b2b.calibereurope.com\/de\/shop\/\"},{\"@type\":\"ListItem\",\"position\":3,\"name\":\"Caliber Boost &#8211; Lautsprecher mit zus\u00e4tzlichen B\u00e4ssen &#8211; AUX USB RGB-LEDs und Akku &#8211; Schwarz\"}]},{\"@type\":\"WebSite\",\"@id\":\"https:\/\/b2b.calibereurope.com\/#website\",\"url\":\"https:\/\/b2b.calibereurope.com\/\",\"name\":\"Caliber Europe B.V.\",\"description\":\"B2B Webshop\",\"publisher\":{\"@id\":\"https:\/\/b2b.calibereurope.com\/#organization\"},\"potentialAction\":[{\"@type\":\"SearchAction\",\"target\":{\"@type\":\"EntryPoint\",\"urlTemplate\":\"https:\/\/b2b.calibereurope.com\/?s={search_term_string}\"},\"query-input\":{\"@type\":\"PropertyValueSpecification\",\"valueRequired\":true,\"valueName\":\"search_term_string\"}}],\"inLanguage\":\"de\"},{\"@type\":\"Organization\",\"@id\":\"https:\/\/b2b.calibereurope.com\/#organization\",\"name\":\"Caliber Europe B.V.\",\"url\":\"https:\/\/b2b.calibereurope.com\/\",\"logo\":{\"@type\":\"ImageObject\",\"inLanguage\":\"de\",\"@id\":\"https:\/\/b2b.calibereurope.com\/#\/schema\/logo\/image\/\",\"url\":\"https:\/\/b2b.calibereurope.com\/wp-content\/uploads\/2020\/12\/Caliber_Logo-Black.png\",\"contentUrl\":\"https:\/\/b2b.calibereurope.com\/wp-content\/uploads\/2020\/12\/Caliber_Logo-Black.png\",\"width\":3157,\"height\":356,\"caption\":\"Caliber Europe B.V.\"},\"image\":{\"@id\":\"https:\/\/b2b.calibereurope.com\/#\/schema\/logo\/image\/\"}}]}<\/script>\n<!-- \/ Yoast SEO plugin. -->","yoast_head_json":{"title":"Boost Bluetooth Lautsprecher - drahtlos bis zu 16 Stunden Spielzeit - AUX, USB und Micro SD - TWS - 25W (HPG340BT) - Caliber Europe B.V.","robots":{"index":"noindex","follow":"follow","max-snippet":"max-snippet:-1","max-image-preview":"max-image-preview:large","max-video-preview":"max-video-preview:-1"},"og_locale":"de_DE","og_type":"article","og_title":"Boost Bluetooth Lautsprecher - drahtlos bis zu 16 Stunden Spielzeit - AUX, USB und Micro SD - TWS - 25W (HPG340BT) - Caliber Europe B.V.","og_description":"Caliber Boost - Lautsprecher mit zus\u00e4tzlichen B\u00e4ssen - AUX USB RGB-LEDs und Akku - Schwarz","og_url":"https:\/\/b2b.calibereurope.com\/product\/hpg340bt-de_de\/","og_site_name":"Caliber Europe B.V.","article_modified_time":"2024-12-26T18:02:20+00:00","twitter_card":"summary_large_image","twitter_misc":{"Gesch\u00e4tzte Lesezeit":"2\u00a0Minuten"},"schema":{"@context":"https:\/\/schema.org","@graph":[{"@type":"WebPage","@id":"https:\/\/b2b.calibereurope.com\/product\/hpg340bt-de_de\/","url":"https:\/\/b2b.calibereurope.com\/product\/hpg340bt-de_de\/","name":"Boost Bluetooth Lautsprecher - drahtlos bis zu 16 Stunden Spielzeit - AUX, USB und Micro SD - TWS - 25W (HPG340BT) - Caliber Europe B.V.","isPartOf":{"@id":"https:\/\/b2b.calibereurope.com\/#website"},"primaryImageOfPage":{"@id":"https:\/\/b2b.calibereurope.com\/product\/hpg340bt-de_de\/#primaryimage"},"image":{"@id":"https:\/\/b2b.calibereurope.com\/product\/hpg340bt-de_de\/#primaryimage"},"thumbnailUrl":"https:\/\/b2b.calibereurope.com\/wp-content\/uploads\/2024\/02\/a2a900cdea1eb7235e960555bf588794dea08c9e_HPG340BT_web.jpg","datePublished":"2024-02-20T00:00:00+00:00","dateModified":"2024-12-26T18:02:20+00:00","breadcrumb":{"@id":"https:\/\/b2b.calibereurope.com\/product\/hpg340bt-de_de\/#breadcrumb"},"inLanguage":"de","potentialAction":[{"@type":"ReadAction","target":["https:\/\/b2b.calibereurope.com\/product\/hpg340bt-de_de\/"]}]},{"@type":"ImageObject","inLanguage":"de","@id":"https:\/\/b2b.calibereurope.com\/product\/hpg340bt-de_de\/#primaryimage","url":"https:\/\/b2b.calibereurope.com\/wp-content\/uploads\/2024\/02\/a2a900cdea1eb7235e960555bf588794dea08c9e_HPG340BT_web.jpg","contentUrl":"https:\/\/b2b.calibereurope.com\/wp-content\/uploads\/2024\/02\/a2a900cdea1eb7235e960555bf588794dea08c9e_HPG340BT_web.jpg","width":1024,"height":768},{"@type":"BreadcrumbList","@id":"https:\/\/b2b.calibereurope.com\/product\/hpg340bt-de_de\/#breadcrumb","itemListElement":[{"@type":"ListItem","position":1,"name":"Home","item":"https:\/\/b2b.calibereurope.com\/de\/"},{"@type":"ListItem","position":2,"name":"Shop","item":"https:\/\/b2b.calibereurope.com\/de\/shop\/"},{"@type":"ListItem","position":3,"name":"Caliber Boost &#8211; Lautsprecher mit zus\u00e4tzlichen B\u00e4ssen &#8211; AUX USB RGB-LEDs und Akku &#8211; Schwarz"}]},{"@type":"WebSite","@id":"https:\/\/b2b.calibereurope.com\/#website","url":"https:\/\/b2b.calibereurope.com\/","name":"Caliber Europe B.V.","description":"B2B Webshop","publisher":{"@id":"https:\/\/b2b.calibereurope.com\/#organization"},"potentialAction":[{"@type":"SearchAction","target":{"@type":"EntryPoint","urlTemplate":"https:\/\/b2b.calibereurope.com\/?s={search_term_string}"},"query-input":{"@type":"PropertyValueSpecification","valueRequired":true,"valueName":"search_term_string"}}],"inLanguage":"de"},{"@type":"Organization","@id":"https:\/\/b2b.calibereurope.com\/#organization","name":"Caliber Europe B.V.","url":"https:\/\/b2b.calibereurope.com\/","logo":{"@type":"ImageObject","inLanguage":"de","@id":"https:\/\/b2b.calibereurope.com\/#\/schema\/logo\/image\/","url":"https:\/\/b2b.calibereurope.com\/wp-content\/uploads\/2020\/12\/Caliber_Logo-Black.png","contentUrl":"https:\/\/b2b.calibereurope.com\/wp-content\/uploads\/2020\/12\/Caliber_Logo-Black.png","width":3157,"height":356,"caption":"Caliber Europe B.V."},"image":{"@id":"https:\/\/b2b.calibereurope.com\/#\/schema\/logo\/image\/"}}]}},"_links":{"self":[{"href":"https:\/\/b2b.calibereurope.com\/de\/wp-json\/wp\/v2\/product\/600252","targetHints":{"allow":["GET"]}}],"collection":[{"href":"https:\/\/b2b.calibereurope.com\/de\/wp-json\/wp\/v2\/product"}],"about":[{"href":"https:\/\/b2b.calibereurope.com\/de\/wp-json\/wp\/v2\/types\/product"}],"version-history":[{"count":0,"href":"https:\/\/b2b.calibereurope.com\/de\/wp-json\/wp\/v2\/product\/600252\/revisions"}],"wp:featuredmedia":[{"embeddable":true,"href":"https:\/\/b2b.calibereurope.com\/de\/wp-json\/wp\/v2\/media\/842220"}],"wp:attachment":[{"href":"https:\/\/b2b.calibereurope.com\/de\/wp-json\/wp\/v2\/media?parent=600252"}],"wp:term":[{"taxonomy":"product_brand","embeddable":true,"href":"https:\/\/b2b.calibereurope.com\/de\/wp-json\/wp\/v2\/product_brand?post=600252"},{"taxonomy":"product_cat","embeddable":true,"href":"https:\/\/b2b.calibereurope.com\/de\/wp-json\/wp\/v2\/product_cat?post=600252"},{"taxonomy":"product_tag","embeddable":true,"href":"https:\/\/b2b.calibereurope.com\/de\/wp-json\/wp\/v2\/product_tag?post=600252"}],"curies":[{"name":"wp","href":"https:\/\/api.w.org\/{rel}","templated":true}]}}