{"id":600336,"date":"2024-09-04T02:00:00","date_gmt":"2024-09-04T00:00:00","guid":{"rendered":""},"modified":"2024-09-04T12:56:48","modified_gmt":"2024-09-04T10:56:48","slug":"HPG640BT-de_DE","status":"publish","type":"product","link":"https:\/\/b2b.calibereurope.com\/de\/produkt\/HPG640BT-de_DE\/","title":{"rendered":"Statement Bluetooth Lautsprecher drahtlos &#8211; bis zu 22 Stunden Spielzeit &#8211; Powerbank und Partybeleuchtung (HPG640BT)"},"content":{"rendered":"<p>Versorgen Sie jede Hausparty, Bootsfahrt und jeden Campingausflug mit der besten Musik mit dem Caliber <strong>Bluetooth\u00ae Lautsprecher <\/strong>mit drahtloser <strong>Funktion<\/strong>. Dank des eingebauten Akkus k\u00f6nnen Sie Ihre Lieblingsbeats bis zu <strong>22 Stunden lang <\/strong>h\u00f6ren. Die <strong>RGB-Partylichter <\/strong>sorgen auf jeder Party f\u00fcr eine gem\u00fctliche Stimmung. Verwenden Sie die <strong>TWS-Funktion<\/strong>, um 2 Statement Lautsprecher f\u00fcr zus\u00e4tzliche Lautst\u00e4rke miteinander zu verbinden. Sie k\u00f6nnen den Lautsprecher als <strong>Powerbank <\/strong>verwenden, um Ihr Telefon aufzuladen, wenn Sie am Pool oder im Park sind.<\/p>\n<p><\/p>\n<p><strong>Merkmale:<\/strong><\/p>\n<ul>\n<li>10 Meter Bluetooth\u00ae-Reichweite<\/li>\n<li>Integrierter 3,5 mm Audio-Eingang<\/li>\n<li>Bis zu 22 Stunden drahtlose Spielzeit<\/li>\n<li>Mehrfarbige LED-Beleuchtung<\/li>\n<li>Koppeln Sie 2 Caliber Statements<\/li>\n<li>Spritzwassergesch\u00fctzt (IPX5)<\/li>\n<li>Powerbank f\u00fcr Telefone<\/li>\n<li>Inklusive USB-C-Ladekabel und Adapter<\/li>\n<\/ul>\n<h3>Sind Sie der Schrittmacher auf jeder Party?<\/h3>\n<p>Dann sollte ein drahtloser Lautsprecher nicht fehlen. Da Sie den Lautsprecher drahtlos verwenden k\u00f6nnen, k\u00f6nnen Sie die Partybox auf jede Party mitnehmen. Verwenden Sie den Caliber-Lautsprecher zum Beispiel auf einer Hausparty oder bei einem Picknick im Park. Der Partylautsprecher ist spritzwassergesch\u00fctzt, sodass Sie ihn sogar zu Poolpartys oder auf ein Boot mitnehmen k\u00f6nnen.<\/p>\n<h3>Immer verbunden<\/h3>\n<p>Der drahtlose Lautsprecher kann auf verschiedene Weise mit Ihrem Smartphone verbunden werden. \u00dcber Bluetooth\u00ae oder AUX k\u00f6nnen Sie Ihre Lieblingstitel in Sekundenschnelle h\u00f6ren. Sie haben eine Bluetooth\u00ae-Reichweite von bis zu 10 Metern. Dank des USB-Anschlusses k\u00f6nnen Sie den Lautsprecher sogar als Powerbank verwenden. Lassen Sie die Party einfach weitergehen, wenn Ihr Telefon kaputt zu gehen droht.<\/p>\n<h3>Mehr als nur guter Klang<\/h3>\n<p>Der Bluetooth\u00ae Lautsprecher bietet nicht nur hochwertigen Sound, sondern liefert auch eine Lichtshow f\u00fcr eine gelungene Party. Sie brauchen mehr Volumen? Dann nutzen Sie die TWS-Funktion. So k\u00f6nnen Sie den Lautsprecher drahtlos mit einem zweiten Caliber Statement Lautsprecher koppeln, um noch mehr Klang aus verschiedenen Winkeln zu erhalten.<\/p>\n<p><\/p>\n<p><strong>Mitgeliefert:<\/strong><\/p>\n<ul>\n<li>Caliber Statement HPG640BT<\/li>\n<li>USB-C-Ladekabel<\/li>\n<li>USB-Adapter<\/li>\n<li>AUX-Kabel 3,5 mm<\/li>\n<\/ul>\n","protected":false},"excerpt":{"rendered":"<p>Caliber Statement &#8211; Bluetooth-Lautsprecher mit zus\u00e4tzlichen B\u00e4ssen &#8211; AUX USB RGB-LEDs und Akku &#8211; Schwarz<\/p>\n","protected":false},"featured_media":851945,"template":"","meta":{"_acf_changed":false,"site-sidebar-layout":"default","site-content-layout":"","ast-site-content-layout":"default","site-content-style":"default","site-sidebar-style":"default","ast-global-header-display":"","ast-banner-title-visibility":"","ast-main-header-display":"","ast-hfb-above-header-display":"","ast-hfb-below-header-display":"","ast-hfb-mobile-header-display":"","site-post-title":"","ast-breadcrumbs-content":"","ast-featured-img":"","footer-sml-layout":"","theme-transparent-header-meta":"","adv-header-id-meta":"","stick-header-meta":"","header-above-stick-meta":"","header-main-stick-meta":"","header-below-stick-meta":"","astra-migrate-meta-layouts":"default","ast-page-background-enabled":"default","ast-page-background-meta":{"desktop":{"background-color":"","background-image":"","background-repeat":"repeat","background-position":"center center","background-size":"auto","background-attachment":"scroll","background-type":"","background-media":"","overlay-type":"","overlay-color":"","overlay-opacity":"","overlay-gradient":""},"tablet":{"background-color":"","background-image":"","background-repeat":"repeat","background-position":"center center","background-size":"auto","background-attachment":"scroll","background-type":"","background-media":"","overlay-type":"","overlay-color":"","overlay-opacity":"","overlay-gradient":""},"mobile":{"background-color":"","background-image":"","background-repeat":"repeat","background-position":"center center","background-size":"auto","background-attachment":"scroll","background-type":"","background-media":"","overlay-type":"","overlay-color":"","overlay-opacity":"","overlay-gradient":""}},"ast-content-background-meta":{"desktop":{"background-color":"var(--ast-global-color-5)","background-image":"","background-repeat":"repeat","background-position":"center center","background-size":"auto","background-attachment":"scroll","background-type":"","background-media":"","overlay-type":"","overlay-color":"","overlay-opacity":"","overlay-gradient":""},"tablet":{"background-color":"var(--ast-global-color-5)","background-image":"","background-repeat":"repeat","background-position":"center center","background-size":"auto","background-attachment":"scroll","background-type":"","background-media":"","overlay-type":"","overlay-color":"","overlay-opacity":"","overlay-gradient":""},"mobile":{"background-color":"var(--ast-global-color-5)","background-image":"","background-repeat":"repeat","background-position":"center center","background-size":"auto","background-attachment":"scroll","background-type":"","background-media":"","overlay-type":"","overlay-color":"","overlay-opacity":"","overlay-gradient":""}}},"product_brand":[],"product_cat":[22956],"product_tag":[],"class_list":{"0":"post-600336","1":"product","2":"type-product","3":"status-publish","4":"has-post-thumbnail","6":"product_cat-keine-kategorie","7":"desktop-align-center","8":"tablet-align-center","9":"mobile-align-center","10":"ast-product-gallery-layout-horizontal","11":"ast-product-tabs-layout-horizontal","13":"first","14":"onbackorder","15":"taxable","16":"shipping-taxable","17":"purchasable","18":"product-type-simple"},"acf":[],"yoast_head":"<!-- This site is optimized with the Yoast SEO plugin v26.5 - https:\/\/yoast.com\/wordpress\/plugins\/seo\/ -->\n<title>Statement Bluetooth Lautsprecher drahtlos - bis zu 22 Stunden Spielzeit - Powerbank und Partybeleuchtung (HPG640BT) - Caliber Europe B.V.<\/title>\n<meta name=\"robots\" content=\"noindex, follow, max-snippet:-1, max-image-preview:large, max-video-preview:-1\" \/>\n<meta property=\"og:locale\" content=\"de_DE\" \/>\n<meta property=\"og:type\" content=\"article\" \/>\n<meta property=\"og:title\" content=\"Statement Bluetooth Lautsprecher drahtlos - bis zu 22 Stunden Spielzeit - Powerbank und Partybeleuchtung (HPG640BT) - Caliber Europe B.V.\" \/>\n<meta property=\"og:description\" content=\"Caliber Statement - Bluetooth-Lautsprecher mit zus\u00e4tzlichen B\u00e4ssen - AUX USB RGB-LEDs und Akku - Schwarz\" \/>\n<meta property=\"og:url\" content=\"https:\/\/b2b.calibereurope.com\/product\/hpg640bt-de_de\/\" \/>\n<meta property=\"og:site_name\" content=\"Caliber Europe B.V.\" \/>\n<meta property=\"article:modified_time\" content=\"2024-09-04T10:56:48+00:00\" \/>\n<meta name=\"twitter:card\" content=\"summary_large_image\" \/>\n<meta name=\"twitter:label1\" content=\"Gesch\u00e4tzte Lesezeit\" \/>\n\t<meta name=\"twitter:data1\" content=\"2\u00a0Minuten\" \/>\n<script type=\"application\/ld+json\" class=\"yoast-schema-graph\">{\"@context\":\"https:\/\/schema.org\",\"@graph\":[{\"@type\":\"WebPage\",\"@id\":\"https:\/\/b2b.calibereurope.com\/product\/hpg640bt-de_de\/\",\"url\":\"https:\/\/b2b.calibereurope.com\/product\/hpg640bt-de_de\/\",\"name\":\"Statement Bluetooth Lautsprecher drahtlos - bis zu 22 Stunden Spielzeit - Powerbank und Partybeleuchtung (HPG640BT) - Caliber Europe B.V.\",\"isPartOf\":{\"@id\":\"https:\/\/b2b.calibereurope.com\/#website\"},\"primaryImageOfPage\":{\"@id\":\"https:\/\/b2b.calibereurope.com\/product\/hpg640bt-de_de\/#primaryimage\"},\"image\":{\"@id\":\"https:\/\/b2b.calibereurope.com\/product\/hpg640bt-de_de\/#primaryimage\"},\"thumbnailUrl\":\"https:\/\/b2b.calibereurope.com\/wp-content\/uploads\/2024\/09\/6f2b5f3e6433ecc151d837abe4ddb131257bdf25_HPG640BT__1_.jpg\",\"datePublished\":\"2024-09-04T00:00:00+00:00\",\"dateModified\":\"2024-09-04T10:56:48+00:00\",\"breadcrumb\":{\"@id\":\"https:\/\/b2b.calibereurope.com\/product\/hpg640bt-de_de\/#breadcrumb\"},\"inLanguage\":\"de\",\"potentialAction\":[{\"@type\":\"ReadAction\",\"target\":[\"https:\/\/b2b.calibereurope.com\/product\/hpg640bt-de_de\/\"]}]},{\"@type\":\"ImageObject\",\"inLanguage\":\"de\",\"@id\":\"https:\/\/b2b.calibereurope.com\/product\/hpg640bt-de_de\/#primaryimage\",\"url\":\"https:\/\/b2b.calibereurope.com\/wp-content\/uploads\/2024\/09\/6f2b5f3e6433ecc151d837abe4ddb131257bdf25_HPG640BT__1_.jpg\",\"contentUrl\":\"https:\/\/b2b.calibereurope.com\/wp-content\/uploads\/2024\/09\/6f2b5f3e6433ecc151d837abe4ddb131257bdf25_HPG640BT__1_.jpg\",\"width\":550,\"height\":412},{\"@type\":\"BreadcrumbList\",\"@id\":\"https:\/\/b2b.calibereurope.com\/product\/hpg640bt-de_de\/#breadcrumb\",\"itemListElement\":[{\"@type\":\"ListItem\",\"position\":1,\"name\":\"Home\",\"item\":\"https:\/\/b2b.calibereurope.com\/de\/\"},{\"@type\":\"ListItem\",\"position\":2,\"name\":\"Shop\",\"item\":\"https:\/\/b2b.calibereurope.com\/de\/shop\/\"},{\"@type\":\"ListItem\",\"position\":3,\"name\":\"Caliber Statement &#8211; Bluetooth-Lautsprecher mit zus\u00e4tzlichen B\u00e4ssen &#8211; AUX USB RGB-LEDs und Akku &#8211; Schwarz\"}]},{\"@type\":\"WebSite\",\"@id\":\"https:\/\/b2b.calibereurope.com\/#website\",\"url\":\"https:\/\/b2b.calibereurope.com\/\",\"name\":\"Caliber Europe B.V.\",\"description\":\"B2B Webshop\",\"publisher\":{\"@id\":\"https:\/\/b2b.calibereurope.com\/#organization\"},\"potentialAction\":[{\"@type\":\"SearchAction\",\"target\":{\"@type\":\"EntryPoint\",\"urlTemplate\":\"https:\/\/b2b.calibereurope.com\/?s={search_term_string}\"},\"query-input\":{\"@type\":\"PropertyValueSpecification\",\"valueRequired\":true,\"valueName\":\"search_term_string\"}}],\"inLanguage\":\"de\"},{\"@type\":\"Organization\",\"@id\":\"https:\/\/b2b.calibereurope.com\/#organization\",\"name\":\"Caliber Europe B.V.\",\"url\":\"https:\/\/b2b.calibereurope.com\/\",\"logo\":{\"@type\":\"ImageObject\",\"inLanguage\":\"de\",\"@id\":\"https:\/\/b2b.calibereurope.com\/#\/schema\/logo\/image\/\",\"url\":\"https:\/\/b2b.calibereurope.com\/wp-content\/uploads\/2020\/12\/Caliber_Logo-Black.png\",\"contentUrl\":\"https:\/\/b2b.calibereurope.com\/wp-content\/uploads\/2020\/12\/Caliber_Logo-Black.png\",\"width\":3157,\"height\":356,\"caption\":\"Caliber Europe B.V.\"},\"image\":{\"@id\":\"https:\/\/b2b.calibereurope.com\/#\/schema\/logo\/image\/\"}}]}<\/script>\n<!-- \/ Yoast SEO plugin. -->","yoast_head_json":{"title":"Statement Bluetooth Lautsprecher drahtlos - bis zu 22 Stunden Spielzeit - Powerbank und Partybeleuchtung (HPG640BT) - Caliber Europe B.V.","robots":{"index":"noindex","follow":"follow","max-snippet":"max-snippet:-1","max-image-preview":"max-image-preview:large","max-video-preview":"max-video-preview:-1"},"og_locale":"de_DE","og_type":"article","og_title":"Statement Bluetooth Lautsprecher drahtlos - bis zu 22 Stunden Spielzeit - Powerbank und Partybeleuchtung (HPG640BT) - Caliber Europe B.V.","og_description":"Caliber Statement - Bluetooth-Lautsprecher mit zus\u00e4tzlichen B\u00e4ssen - AUX USB RGB-LEDs und Akku - Schwarz","og_url":"https:\/\/b2b.calibereurope.com\/product\/hpg640bt-de_de\/","og_site_name":"Caliber Europe B.V.","article_modified_time":"2024-09-04T10:56:48+00:00","twitter_card":"summary_large_image","twitter_misc":{"Gesch\u00e4tzte Lesezeit":"2\u00a0Minuten"},"schema":{"@context":"https:\/\/schema.org","@graph":[{"@type":"WebPage","@id":"https:\/\/b2b.calibereurope.com\/product\/hpg640bt-de_de\/","url":"https:\/\/b2b.calibereurope.com\/product\/hpg640bt-de_de\/","name":"Statement Bluetooth Lautsprecher drahtlos - bis zu 22 Stunden Spielzeit - Powerbank und Partybeleuchtung (HPG640BT) - Caliber Europe B.V.","isPartOf":{"@id":"https:\/\/b2b.calibereurope.com\/#website"},"primaryImageOfPage":{"@id":"https:\/\/b2b.calibereurope.com\/product\/hpg640bt-de_de\/#primaryimage"},"image":{"@id":"https:\/\/b2b.calibereurope.com\/product\/hpg640bt-de_de\/#primaryimage"},"thumbnailUrl":"https:\/\/b2b.calibereurope.com\/wp-content\/uploads\/2024\/09\/6f2b5f3e6433ecc151d837abe4ddb131257bdf25_HPG640BT__1_.jpg","datePublished":"2024-09-04T00:00:00+00:00","dateModified":"2024-09-04T10:56:48+00:00","breadcrumb":{"@id":"https:\/\/b2b.calibereurope.com\/product\/hpg640bt-de_de\/#breadcrumb"},"inLanguage":"de","potentialAction":[{"@type":"ReadAction","target":["https:\/\/b2b.calibereurope.com\/product\/hpg640bt-de_de\/"]}]},{"@type":"ImageObject","inLanguage":"de","@id":"https:\/\/b2b.calibereurope.com\/product\/hpg640bt-de_de\/#primaryimage","url":"https:\/\/b2b.calibereurope.com\/wp-content\/uploads\/2024\/09\/6f2b5f3e6433ecc151d837abe4ddb131257bdf25_HPG640BT__1_.jpg","contentUrl":"https:\/\/b2b.calibereurope.com\/wp-content\/uploads\/2024\/09\/6f2b5f3e6433ecc151d837abe4ddb131257bdf25_HPG640BT__1_.jpg","width":550,"height":412},{"@type":"BreadcrumbList","@id":"https:\/\/b2b.calibereurope.com\/product\/hpg640bt-de_de\/#breadcrumb","itemListElement":[{"@type":"ListItem","position":1,"name":"Home","item":"https:\/\/b2b.calibereurope.com\/de\/"},{"@type":"ListItem","position":2,"name":"Shop","item":"https:\/\/b2b.calibereurope.com\/de\/shop\/"},{"@type":"ListItem","position":3,"name":"Caliber Statement &#8211; Bluetooth-Lautsprecher mit zus\u00e4tzlichen B\u00e4ssen &#8211; AUX USB RGB-LEDs und Akku &#8211; Schwarz"}]},{"@type":"WebSite","@id":"https:\/\/b2b.calibereurope.com\/#website","url":"https:\/\/b2b.calibereurope.com\/","name":"Caliber Europe B.V.","description":"B2B Webshop","publisher":{"@id":"https:\/\/b2b.calibereurope.com\/#organization"},"potentialAction":[{"@type":"SearchAction","target":{"@type":"EntryPoint","urlTemplate":"https:\/\/b2b.calibereurope.com\/?s={search_term_string}"},"query-input":{"@type":"PropertyValueSpecification","valueRequired":true,"valueName":"search_term_string"}}],"inLanguage":"de"},{"@type":"Organization","@id":"https:\/\/b2b.calibereurope.com\/#organization","name":"Caliber Europe B.V.","url":"https:\/\/b2b.calibereurope.com\/","logo":{"@type":"ImageObject","inLanguage":"de","@id":"https:\/\/b2b.calibereurope.com\/#\/schema\/logo\/image\/","url":"https:\/\/b2b.calibereurope.com\/wp-content\/uploads\/2020\/12\/Caliber_Logo-Black.png","contentUrl":"https:\/\/b2b.calibereurope.com\/wp-content\/uploads\/2020\/12\/Caliber_Logo-Black.png","width":3157,"height":356,"caption":"Caliber Europe B.V."},"image":{"@id":"https:\/\/b2b.calibereurope.com\/#\/schema\/logo\/image\/"}}]}},"_links":{"self":[{"href":"https:\/\/b2b.calibereurope.com\/de\/wp-json\/wp\/v2\/product\/600336","targetHints":{"allow":["GET"]}}],"collection":[{"href":"https:\/\/b2b.calibereurope.com\/de\/wp-json\/wp\/v2\/product"}],"about":[{"href":"https:\/\/b2b.calibereurope.com\/de\/wp-json\/wp\/v2\/types\/product"}],"version-history":[{"count":0,"href":"https:\/\/b2b.calibereurope.com\/de\/wp-json\/wp\/v2\/product\/600336\/revisions"}],"wp:featuredmedia":[{"embeddable":true,"href":"https:\/\/b2b.calibereurope.com\/de\/wp-json\/wp\/v2\/media\/851945"}],"wp:attachment":[{"href":"https:\/\/b2b.calibereurope.com\/de\/wp-json\/wp\/v2\/media?parent=600336"}],"wp:term":[{"taxonomy":"product_brand","embeddable":true,"href":"https:\/\/b2b.calibereurope.com\/de\/wp-json\/wp\/v2\/product_brand?post=600336"},{"taxonomy":"product_cat","embeddable":true,"href":"https:\/\/b2b.calibereurope.com\/de\/wp-json\/wp\/v2\/product_cat?post=600336"},{"taxonomy":"product_tag","embeddable":true,"href":"https:\/\/b2b.calibereurope.com\/de\/wp-json\/wp\/v2\/product_tag?post=600336"}],"curies":[{"name":"wp","href":"https:\/\/api.w.org\/{rel}","templated":true}]}}