{"id":603012,"date":"2025-02-10T01:00:00","date_gmt":"2025-02-10T00:00:00","guid":{"rendered":""},"modified":"2025-02-10T14:23:39","modified_gmt":"2025-02-10T13:23:39","slug":"RMD056DAB-BT-de_DE","status":"publish","type":"product","link":"https:\/\/b2b.calibereurope.com\/de\/produkt\/RMD056DAB-BT-de_DE\/","title":{"rendered":"Autoradio mit Bluetooth &#8211; 4 x 75W &#8211; DAB+ und FM Radio &#8211; USB &#8211; AUX &#8211; Externes Mikrofon (RMD056DAB-BT)"},"content":{"rendered":"<p>Das Autoradio Caliber RMD056DAB-BT mit Bluetooth\u00ae hat eine maximale Leistung von <strong>4 x 75 Watt. <\/strong>Dank der <strong>Bluetooth\u00ae-Technologie ist es <\/strong>m\u00f6glich, drahtlos Musik abzuspielen und <strong>freih\u00e4ndig zu telefonieren<\/strong>. Das Radio hat Anschl\u00fcsse f\u00fcr einen <strong>USB-Stick, eine SD-Karte bis zu 32 GB <\/strong>und ein <strong>3,5-Millimeter-AUX-Kabel<\/strong>. Das Autoradio verf\u00fcgt \u00fcber einen <strong>RCA-Ausgang<\/strong>, an den Sie einen separaten Verst\u00e4rker f\u00fcr Ihre Lautsprecher anschlie\u00dfen k\u00f6nnen. Mit diesem Autoradio mit <strong>UKW und DAB+ <\/strong>genie\u00dfen Sie die beste Klangqualit\u00e4t! Damit wird jede Autofahrt garantiert viel angenehmer.<\/p>\n<p><\/p>\n<p>&nbsp;<strong>Merkmale:<\/strong>\n<\/p>\n<ul>\n<li>FM und DAB+ Radio<\/li>\n<li>Bluetooth<\/li>\n<li>Ausgangsleistung: 4 x 75 Watt<\/li>\n<li>USB- und SD-Kartenanschluss (bis zu 32 GB)<\/li>\n<li>AUX-Eingang (3,5 mm) und RCA-Ausgang<\/li>\n<li>MP3- und WMA-Wiedergabe<\/li>\n<li>Geeignet zum Laden von Telefonen<\/li>\n<li>Einstellbare Tastenbeleuchtung<\/li>\n<li>Inkl. externem Mikrofon und DAB-Antenne<\/li>\n<li>Format: 1 DIN<\/li>\n<li>Einbautiefe: 110 mm<\/li>\n<\/ul>\n<h3>Bluetooth\u00ae Technologie<\/h3>\n<p>Dieses Autoradio ist mit einer Bluetooth\u00ae-Funktion ausgestattet, die ihre Vorteile hat. Sie k\u00f6nnen n\u00e4mlich ganz einfach Musik von Ihrem Telefon streamen. Es ist auch m\u00f6glich, freih\u00e4ndig zu telefonieren. Die 4 x 75 Watt Leistung sorgen daf\u00fcr, dass die Klangqualit\u00e4t immer optimal ist. Die Lautst\u00e4rke reicht aus, um Ihre Lieblingsmusik abzuspielen, und w\u00e4hrend Sie telefonieren, k\u00f6nnen Sie das Gespr\u00e4ch problemlos \u00fcber die Lautsprecher verfolgen.<\/p>\n<h3>Radio h\u00f6ren<\/h3>\n<p>Das Autoradio hat dank DAB+ eine bessere Klangqualit\u00e4t. Das Empfangssignal ist st\u00e4rker und die Wahrscheinlichkeit von Rauschen ist geringer. H\u00f6ren Sie noch UKW-Radio? Dann ist es m\u00f6glich, bis zu 54 FM-Sender einzustellen. Ob Sie sich f\u00fcr Ihre selbst zusammengestellte Musikliste entscheiden oder lieber Radio h\u00f6ren: mit diesem praktischen Autoradio ist alles m\u00f6glich.<\/p>\n<h3>Zus\u00e4tzliche Funktionen<\/h3>\n<p>Das Autoradio mit Bluetooth\u00ae verf\u00fcgt \u00fcber eine Reihe von Zusatzfunktionen. An den RCA-Ausgang k\u00f6nnen Sie einen separaten Verst\u00e4rker f\u00fcr Ihren Lautsprecher anschlie\u00dfen. Das Display kann nach Ihren W\u00fcnschen eingestellt werden und es ist m\u00f6glich, die Tastenbeleuchtung anzupassen. Das Radio verf\u00fcgt \u00fcber einen zus\u00e4tzlichen Standard-USB 1.1-Ladeanschluss, \u00fcber den Sie Ihr Handy aufladen k\u00f6nnen. Dieses 1 DIN Autoradio hat eine Standardgr\u00f6\u00dfe, sodass es leicht in Ihr Auto passt. Mit der mitgelieferten Fernbedienung k\u00f6nnen Sie die Lautst\u00e4rke regeln und Titel anhalten oder abspielen. Die verschiedenen Anschl\u00fcsse erm\u00f6glichen Ihnen die Wiedergabe Ihrer eigenen Musik \u00fcber einen USB- oder AUX-Eingang und den SD-Kartenleser. Kurzum, ein Autoradio mit vielen praktischen Funktionen!<\/p>\n<p><\/p>\n<p><strong>Mitgeliefert:<\/strong>\n<\/p>\n<ul>\n<li>Caliber RMD056DAB-BT Autoradio<\/li>\n<li>DAB+ Antenne<\/li>\n<li>Externes Mikrofon<\/li>\n<li>Fernbedienung<\/li>\n<\/ul>\n","protected":false},"excerpt":{"rendered":"<p>Autoradio mit DAB+ Bluetooth FM USB<\/p>\n","protected":false},"featured_media":655661,"template":"","meta":{"_acf_changed":false,"site-sidebar-layout":"default","site-content-layout":"","ast-site-content-layout":"default","site-content-style":"default","site-sidebar-style":"default","ast-global-header-display":"","ast-banner-title-visibility":"","ast-main-header-display":"","ast-hfb-above-header-display":"","ast-hfb-below-header-display":"","ast-hfb-mobile-header-display":"","site-post-title":"","ast-breadcrumbs-content":"","ast-featured-img":"","footer-sml-layout":"","theme-transparent-header-meta":"","adv-header-id-meta":"","stick-header-meta":"","header-above-stick-meta":"","header-main-stick-meta":"","header-below-stick-meta":"","astra-migrate-meta-layouts":"default","ast-page-background-enabled":"default","ast-page-background-meta":{"desktop":{"background-color":"","background-image":"","background-repeat":"repeat","background-position":"center center","background-size":"auto","background-attachment":"scroll","background-type":"","background-media":"","overlay-type":"","overlay-color":"","overlay-opacity":"","overlay-gradient":""},"tablet":{"background-color":"","background-image":"","background-repeat":"repeat","background-position":"center center","background-size":"auto","background-attachment":"scroll","background-type":"","background-media":"","overlay-type":"","overlay-color":"","overlay-opacity":"","overlay-gradient":""},"mobile":{"background-color":"","background-image":"","background-repeat":"repeat","background-position":"center center","background-size":"auto","background-attachment":"scroll","background-type":"","background-media":"","overlay-type":"","overlay-color":"","overlay-opacity":"","overlay-gradient":""}},"ast-content-background-meta":{"desktop":{"background-color":"var(--ast-global-color-5)","background-image":"","background-repeat":"repeat","background-position":"center center","background-size":"auto","background-attachment":"scroll","background-type":"","background-media":"","overlay-type":"","overlay-color":"","overlay-opacity":"","overlay-gradient":""},"tablet":{"background-color":"var(--ast-global-color-5)","background-image":"","background-repeat":"repeat","background-position":"center center","background-size":"auto","background-attachment":"scroll","background-type":"","background-media":"","overlay-type":"","overlay-color":"","overlay-opacity":"","overlay-gradient":""},"mobile":{"background-color":"var(--ast-global-color-5)","background-image":"","background-repeat":"repeat","background-position":"center center","background-size":"auto","background-attachment":"scroll","background-type":"","background-media":"","overlay-type":"","overlay-color":"","overlay-opacity":"","overlay-gradient":""}}},"product_brand":[],"product_cat":[22956],"product_tag":[],"class_list":{"0":"post-603012","1":"product","2":"type-product","3":"status-publish","4":"has-post-thumbnail","6":"product_cat-keine-kategorie","7":"desktop-align-center","8":"tablet-align-center","9":"mobile-align-center","10":"ast-product-gallery-layout-horizontal","11":"ast-product-tabs-layout-horizontal","13":"first","14":"outofstock","15":"taxable","16":"shipping-taxable","17":"purchasable","18":"product-type-simple"},"acf":[],"yoast_head":"<!-- This site is optimized with the Yoast SEO plugin v26.5 - https:\/\/yoast.com\/wordpress\/plugins\/seo\/ -->\n<title>Autoradio mit Bluetooth - 4 x 75W - DAB+ und FM Radio - USB - AUX - Externes Mikrofon (RMD056DAB-BT) - Caliber Europe B.V.<\/title>\n<meta name=\"robots\" content=\"noindex, follow, max-snippet:-1, max-image-preview:large, max-video-preview:-1\" \/>\n<meta property=\"og:locale\" content=\"de_DE\" \/>\n<meta property=\"og:type\" content=\"article\" \/>\n<meta property=\"og:title\" content=\"Autoradio mit Bluetooth - 4 x 75W - DAB+ und FM Radio - USB - AUX - Externes Mikrofon (RMD056DAB-BT) - Caliber Europe B.V.\" \/>\n<meta property=\"og:description\" content=\"Autoradio mit DAB+ Bluetooth FM USB\" \/>\n<meta property=\"og:url\" content=\"https:\/\/b2b.calibereurope.com\/product\/rmd056dab-bt-de_de\/\" \/>\n<meta property=\"og:site_name\" content=\"Caliber Europe B.V.\" \/>\n<meta property=\"article:modified_time\" content=\"2025-02-10T13:23:39+00:00\" \/>\n<meta name=\"twitter:card\" content=\"summary_large_image\" \/>\n<meta name=\"twitter:label1\" content=\"Gesch\u00e4tzte Lesezeit\" \/>\n\t<meta name=\"twitter:data1\" content=\"2\u00a0Minuten\" \/>\n<script type=\"application\/ld+json\" class=\"yoast-schema-graph\">{\"@context\":\"https:\/\/schema.org\",\"@graph\":[{\"@type\":\"WebPage\",\"@id\":\"https:\/\/b2b.calibereurope.com\/product\/rmd056dab-bt-de_de\/\",\"url\":\"https:\/\/b2b.calibereurope.com\/product\/rmd056dab-bt-de_de\/\",\"name\":\"Autoradio mit Bluetooth - 4 x 75W - DAB+ und FM Radio - USB - AUX - Externes Mikrofon (RMD056DAB-BT) - Caliber Europe B.V.\",\"isPartOf\":{\"@id\":\"https:\/\/b2b.calibereurope.com\/#website\"},\"primaryImageOfPage\":{\"@id\":\"https:\/\/b2b.calibereurope.com\/product\/rmd056dab-bt-de_de\/#primaryimage\"},\"image\":{\"@id\":\"https:\/\/b2b.calibereurope.com\/product\/rmd056dab-bt-de_de\/#primaryimage\"},\"thumbnailUrl\":\"https:\/\/b2b.calibereurope.com\/wp-content\/uploads\/2022\/04\/072ea9ae1d6dc92d8993c742fdbf10bfc0ef9d42_RMD056DAB_BT-scaled.jpg\",\"datePublished\":\"2025-02-10T00:00:00+00:00\",\"dateModified\":\"2025-02-10T13:23:39+00:00\",\"breadcrumb\":{\"@id\":\"https:\/\/b2b.calibereurope.com\/product\/rmd056dab-bt-de_de\/#breadcrumb\"},\"inLanguage\":\"de\",\"potentialAction\":[{\"@type\":\"ReadAction\",\"target\":[\"https:\/\/b2b.calibereurope.com\/product\/rmd056dab-bt-de_de\/\"]}]},{\"@type\":\"ImageObject\",\"inLanguage\":\"de\",\"@id\":\"https:\/\/b2b.calibereurope.com\/product\/rmd056dab-bt-de_de\/#primaryimage\",\"url\":\"https:\/\/b2b.calibereurope.com\/wp-content\/uploads\/2022\/04\/072ea9ae1d6dc92d8993c742fdbf10bfc0ef9d42_RMD056DAB_BT-scaled.jpg\",\"contentUrl\":\"https:\/\/b2b.calibereurope.com\/wp-content\/uploads\/2022\/04\/072ea9ae1d6dc92d8993c742fdbf10bfc0ef9d42_RMD056DAB_BT-scaled.jpg\",\"width\":2560,\"height\":1920},{\"@type\":\"BreadcrumbList\",\"@id\":\"https:\/\/b2b.calibereurope.com\/product\/rmd056dab-bt-de_de\/#breadcrumb\",\"itemListElement\":[{\"@type\":\"ListItem\",\"position\":1,\"name\":\"Home\",\"item\":\"https:\/\/b2b.calibereurope.com\/de\/\"},{\"@type\":\"ListItem\",\"position\":2,\"name\":\"Shop\",\"item\":\"https:\/\/b2b.calibereurope.com\/de\/shop\/\"},{\"@type\":\"ListItem\",\"position\":3,\"name\":\"Autoradio mit DAB+ Bluetooth FM USB 4x 75Watt &#8211; Kleuren Display (RMD056DAB-BT)\"}]},{\"@type\":\"WebSite\",\"@id\":\"https:\/\/b2b.calibereurope.com\/#website\",\"url\":\"https:\/\/b2b.calibereurope.com\/\",\"name\":\"Caliber Europe B.V.\",\"description\":\"B2B Webshop\",\"publisher\":{\"@id\":\"https:\/\/b2b.calibereurope.com\/#organization\"},\"potentialAction\":[{\"@type\":\"SearchAction\",\"target\":{\"@type\":\"EntryPoint\",\"urlTemplate\":\"https:\/\/b2b.calibereurope.com\/?s={search_term_string}\"},\"query-input\":{\"@type\":\"PropertyValueSpecification\",\"valueRequired\":true,\"valueName\":\"search_term_string\"}}],\"inLanguage\":\"de\"},{\"@type\":\"Organization\",\"@id\":\"https:\/\/b2b.calibereurope.com\/#organization\",\"name\":\"Caliber Europe B.V.\",\"url\":\"https:\/\/b2b.calibereurope.com\/\",\"logo\":{\"@type\":\"ImageObject\",\"inLanguage\":\"de\",\"@id\":\"https:\/\/b2b.calibereurope.com\/#\/schema\/logo\/image\/\",\"url\":\"https:\/\/b2b.calibereurope.com\/wp-content\/uploads\/2020\/12\/Caliber_Logo-Black.png\",\"contentUrl\":\"https:\/\/b2b.calibereurope.com\/wp-content\/uploads\/2020\/12\/Caliber_Logo-Black.png\",\"width\":3157,\"height\":356,\"caption\":\"Caliber Europe B.V.\"},\"image\":{\"@id\":\"https:\/\/b2b.calibereurope.com\/#\/schema\/logo\/image\/\"}}]}<\/script>\n<!-- \/ Yoast SEO plugin. -->","yoast_head_json":{"title":"Autoradio mit Bluetooth - 4 x 75W - DAB+ und FM Radio - USB - AUX - Externes Mikrofon (RMD056DAB-BT) - Caliber Europe B.V.","robots":{"index":"noindex","follow":"follow","max-snippet":"max-snippet:-1","max-image-preview":"max-image-preview:large","max-video-preview":"max-video-preview:-1"},"og_locale":"de_DE","og_type":"article","og_title":"Autoradio mit Bluetooth - 4 x 75W - DAB+ und FM Radio - USB - AUX - Externes Mikrofon (RMD056DAB-BT) - Caliber Europe B.V.","og_description":"Autoradio mit DAB+ Bluetooth FM USB","og_url":"https:\/\/b2b.calibereurope.com\/product\/rmd056dab-bt-de_de\/","og_site_name":"Caliber Europe B.V.","article_modified_time":"2025-02-10T13:23:39+00:00","twitter_card":"summary_large_image","twitter_misc":{"Gesch\u00e4tzte Lesezeit":"2\u00a0Minuten"},"schema":{"@context":"https:\/\/schema.org","@graph":[{"@type":"WebPage","@id":"https:\/\/b2b.calibereurope.com\/product\/rmd056dab-bt-de_de\/","url":"https:\/\/b2b.calibereurope.com\/product\/rmd056dab-bt-de_de\/","name":"Autoradio mit Bluetooth - 4 x 75W - DAB+ und FM Radio - USB - AUX - Externes Mikrofon (RMD056DAB-BT) - Caliber Europe B.V.","isPartOf":{"@id":"https:\/\/b2b.calibereurope.com\/#website"},"primaryImageOfPage":{"@id":"https:\/\/b2b.calibereurope.com\/product\/rmd056dab-bt-de_de\/#primaryimage"},"image":{"@id":"https:\/\/b2b.calibereurope.com\/product\/rmd056dab-bt-de_de\/#primaryimage"},"thumbnailUrl":"https:\/\/b2b.calibereurope.com\/wp-content\/uploads\/2022\/04\/072ea9ae1d6dc92d8993c742fdbf10bfc0ef9d42_RMD056DAB_BT-scaled.jpg","datePublished":"2025-02-10T00:00:00+00:00","dateModified":"2025-02-10T13:23:39+00:00","breadcrumb":{"@id":"https:\/\/b2b.calibereurope.com\/product\/rmd056dab-bt-de_de\/#breadcrumb"},"inLanguage":"de","potentialAction":[{"@type":"ReadAction","target":["https:\/\/b2b.calibereurope.com\/product\/rmd056dab-bt-de_de\/"]}]},{"@type":"ImageObject","inLanguage":"de","@id":"https:\/\/b2b.calibereurope.com\/product\/rmd056dab-bt-de_de\/#primaryimage","url":"https:\/\/b2b.calibereurope.com\/wp-content\/uploads\/2022\/04\/072ea9ae1d6dc92d8993c742fdbf10bfc0ef9d42_RMD056DAB_BT-scaled.jpg","contentUrl":"https:\/\/b2b.calibereurope.com\/wp-content\/uploads\/2022\/04\/072ea9ae1d6dc92d8993c742fdbf10bfc0ef9d42_RMD056DAB_BT-scaled.jpg","width":2560,"height":1920},{"@type":"BreadcrumbList","@id":"https:\/\/b2b.calibereurope.com\/product\/rmd056dab-bt-de_de\/#breadcrumb","itemListElement":[{"@type":"ListItem","position":1,"name":"Home","item":"https:\/\/b2b.calibereurope.com\/de\/"},{"@type":"ListItem","position":2,"name":"Shop","item":"https:\/\/b2b.calibereurope.com\/de\/shop\/"},{"@type":"ListItem","position":3,"name":"Autoradio mit DAB+ Bluetooth FM USB 4x 75Watt &#8211; Kleuren Display (RMD056DAB-BT)"}]},{"@type":"WebSite","@id":"https:\/\/b2b.calibereurope.com\/#website","url":"https:\/\/b2b.calibereurope.com\/","name":"Caliber Europe B.V.","description":"B2B Webshop","publisher":{"@id":"https:\/\/b2b.calibereurope.com\/#organization"},"potentialAction":[{"@type":"SearchAction","target":{"@type":"EntryPoint","urlTemplate":"https:\/\/b2b.calibereurope.com\/?s={search_term_string}"},"query-input":{"@type":"PropertyValueSpecification","valueRequired":true,"valueName":"search_term_string"}}],"inLanguage":"de"},{"@type":"Organization","@id":"https:\/\/b2b.calibereurope.com\/#organization","name":"Caliber Europe B.V.","url":"https:\/\/b2b.calibereurope.com\/","logo":{"@type":"ImageObject","inLanguage":"de","@id":"https:\/\/b2b.calibereurope.com\/#\/schema\/logo\/image\/","url":"https:\/\/b2b.calibereurope.com\/wp-content\/uploads\/2020\/12\/Caliber_Logo-Black.png","contentUrl":"https:\/\/b2b.calibereurope.com\/wp-content\/uploads\/2020\/12\/Caliber_Logo-Black.png","width":3157,"height":356,"caption":"Caliber Europe B.V."},"image":{"@id":"https:\/\/b2b.calibereurope.com\/#\/schema\/logo\/image\/"}}]}},"_links":{"self":[{"href":"https:\/\/b2b.calibereurope.com\/de\/wp-json\/wp\/v2\/product\/603012","targetHints":{"allow":["GET"]}}],"collection":[{"href":"https:\/\/b2b.calibereurope.com\/de\/wp-json\/wp\/v2\/product"}],"about":[{"href":"https:\/\/b2b.calibereurope.com\/de\/wp-json\/wp\/v2\/types\/product"}],"version-history":[{"count":0,"href":"https:\/\/b2b.calibereurope.com\/de\/wp-json\/wp\/v2\/product\/603012\/revisions"}],"wp:featuredmedia":[{"embeddable":true,"href":"https:\/\/b2b.calibereurope.com\/de\/wp-json\/wp\/v2\/media\/655661"}],"wp:attachment":[{"href":"https:\/\/b2b.calibereurope.com\/de\/wp-json\/wp\/v2\/media?parent=603012"}],"wp:term":[{"taxonomy":"product_brand","embeddable":true,"href":"https:\/\/b2b.calibereurope.com\/de\/wp-json\/wp\/v2\/product_brand?post=603012"},{"taxonomy":"product_cat","embeddable":true,"href":"https:\/\/b2b.calibereurope.com\/de\/wp-json\/wp\/v2\/product_cat?post=603012"},{"taxonomy":"product_tag","embeddable":true,"href":"https:\/\/b2b.calibereurope.com\/de\/wp-json\/wp\/v2\/product_tag?post=603012"}],"curies":[{"name":"wp","href":"https:\/\/api.w.org\/{rel}","templated":true}]}}