{"id":603016,"date":"2024-02-05T01:00:00","date_gmt":"2024-02-05T00:00:00","guid":{"rendered":""},"modified":"2024-02-05T09:28:23","modified_gmt":"2024-02-05T08:28:23","slug":"RCD239DAB-BT-de_DE","status":"publish","type":"product","link":"https:\/\/b2b.calibereurope.com\/de\/produkt\/RCD239DAB-BT-de_DE\/","title":{"rendered":"Autoradio mit Bluetooth\u00ae Technologie und DAB+ &#8211; CD\/USB\/SD 4x75Watt &#8211; Schwarz (RCD239DAB-BT)"},"content":{"rendered":"<p>Mit dem Caliber RCD239DAB-BT Bluetooth\u00ae Technologie  DAB+ Autoradio k\u00f6nnen Sie sowohl Ihre eigene Musik als auch das Radio in Ihrem Auto genie\u00dfen. Verbinden Sie Ihr Telefon \u00fcber Bluetooth\u00ae Technologie  oder spielen Sie Ihre CD-Sammlung ab. Dieses Autoradio hat verschiedene M\u00f6glichkeiten, Musik abzuspielen, aber nur dort, wo man gerade Lust dazu hat.<\/p>\n<p><\/p>\n<p><span style=\"font-weight: bold;\">DAB+ Qualit\u00e4t<\/span><\/p>\n<p>H\u00f6ren Sie w\u00e4hrend der Fahrt gerne Radio? Dann wollen Sie eine gute Klangqualit\u00e4t. DAB+ ist digitales Radio \u00fcber Funk und bietet einen besseren Klang als das \u00e4ltere UKW. Der Empfang ist besser und es gibt weniger L\u00e4rm. DAB+ sorgt f\u00fcr einen sch\u00e4rferen Klang, so dass Sie Ihre Lieblingshits genie\u00dfen und die Stimmen in Ihren Lieblingssendungen besser h\u00f6ren k\u00f6nnen. Es stehen viele DAB+- und UKW-Sender zur Auswahl, so dass Sie einfach zwischen ihnen wechseln k\u00f6nnen, ohne erneut nach der richtigen Frequenz suchen zu m\u00fcssen.<\/p>\n<p><\/p>\n<p><span style=\"font-weight: bold;\">Bluetooth\u00ae Technologie  und Wiedergabe<\/span><\/p>\n<p>Das Bluetooth\u00ae Technologie -Streaming ist dank der Profile A2DP und AVRCP klar und deutlich. Diese Profile verhindern auch Rauschen und Schluckauf. \u00dcber ID3-Tag zeigt das RCD239DAB-BT auf dem Bildschirm an, welchen K\u00fcnstler und welchen Titel Sie gerade h\u00f6ren. Das RCD239DAB-BT verf\u00fcgt \u00fcber einen 4-Band-Equalizer, mit dem Sie Ihre Musik ganz nach Ihrem Geschmack einstellen k\u00f6nnen.<\/p>\n<p><\/p>\n<p><span style=\"font-weight: bold;\">Freih\u00e4ndiges Telefonieren<\/span><\/p>\n<p>Verwenden Sie das RCD239DAB-BT als Freisprecheinrichtung f\u00fcr das Auto mit dem mitgelieferten externen Fahrzeugmikrofon. Platzieren Sie das Mikrofon einfach an einer Stelle, die Ihnen zusagt. Nehmen Sie das Telefon \u00fcber das Bedienfeld des Radios ab und f\u00fchren Sie Ihre Anrufe verst\u00e4ndlich \u00fcber die Fahrzeuglautsprecher.<\/p>\n<p><\/p>\n<p><span style=\"font-weight: bold;\">Verbindungen<\/span><\/p>\n<p>F\u00fcr die Wiedergabe von Musik, die nicht \u00fcber das Radio oder Bluetooth\u00ae Technologie  l\u00e4uft, verf\u00fcgt das RCD239DAB-BT \u00fcber mehrere Anschl\u00fcsse. Zun\u00e4chst einmal gibt es einen CD-Player. Haben Sie Ihre Musik auf einem USB-Stick oder einer SD-Karte? Dann spielen Sie es \u00fcber die entsprechenden Ports. Wenn Sie noch ein altes Abspielger\u00e4t haben, k\u00f6nnen Sie den 3,5-mm-Aux-Anschluss verwenden.<\/p>\n<p><\/p>\n<p>Das RCD239DAB-BT bietet auch die M\u00f6glichkeit, einen zus\u00e4tzlichen Verst\u00e4rker und Subwoofer anzuschlie\u00dfen. Dies geschieht \u00fcber die Cinch-Anschl\u00fcsse oder den Sub-Ausgang an der R\u00fcckseite der Headunit. Das Radio ist mit einem ISO-Anschluss ausgestattet, der einen Plug &amp; Play-Anschluss erm\u00f6glicht (vorausgesetzt, Ihr Fahrzeug verf\u00fcgt \u00fcber einen ISO-Anschluss).<\/p>\n","protected":false},"excerpt":{"rendered":"<p>Mit dem Caliber RCD239DAB-BT Bluetooth\u00ae Technologie DAB+ Autoradio k\u00f6nnen Sie sowohl Ihre eigene Musik als auch das Radio in Ihrem Auto genie\u00dfen. Verbinden Sie Ihr Telefon \u00fcber Bluetooth\u00ae Technologie oder spielen Sie Ihre CD-Sammlung ab. Dieses Autoradio hat verschiedene M\u00f6glichkeiten, Musik abzuspielen, aber nur dort, wo man gerade Lust dazu hat. DAB+ Qualit\u00e4t H\u00f6ren Sie [&hellip;]<\/p>\n","protected":false},"featured_media":841672,"template":"","meta":{"_acf_changed":false,"site-sidebar-layout":"default","site-content-layout":"","ast-site-content-layout":"default","site-content-style":"default","site-sidebar-style":"default","ast-global-header-display":"","ast-banner-title-visibility":"","ast-main-header-display":"","ast-hfb-above-header-display":"","ast-hfb-below-header-display":"","ast-hfb-mobile-header-display":"","site-post-title":"","ast-breadcrumbs-content":"","ast-featured-img":"","footer-sml-layout":"","theme-transparent-header-meta":"","adv-header-id-meta":"","stick-header-meta":"","header-above-stick-meta":"","header-main-stick-meta":"","header-below-stick-meta":"","astra-migrate-meta-layouts":"default","ast-page-background-enabled":"default","ast-page-background-meta":{"desktop":{"background-color":"","background-image":"","background-repeat":"repeat","background-position":"center center","background-size":"auto","background-attachment":"scroll","background-type":"","background-media":"","overlay-type":"","overlay-color":"","overlay-opacity":"","overlay-gradient":""},"tablet":{"background-color":"","background-image":"","background-repeat":"repeat","background-position":"center center","background-size":"auto","background-attachment":"scroll","background-type":"","background-media":"","overlay-type":"","overlay-color":"","overlay-opacity":"","overlay-gradient":""},"mobile":{"background-color":"","background-image":"","background-repeat":"repeat","background-position":"center center","background-size":"auto","background-attachment":"scroll","background-type":"","background-media":"","overlay-type":"","overlay-color":"","overlay-opacity":"","overlay-gradient":""}},"ast-content-background-meta":{"desktop":{"background-color":"var(--ast-global-color-5)","background-image":"","background-repeat":"repeat","background-position":"center center","background-size":"auto","background-attachment":"scroll","background-type":"","background-media":"","overlay-type":"","overlay-color":"","overlay-opacity":"","overlay-gradient":""},"tablet":{"background-color":"var(--ast-global-color-5)","background-image":"","background-repeat":"repeat","background-position":"center center","background-size":"auto","background-attachment":"scroll","background-type":"","background-media":"","overlay-type":"","overlay-color":"","overlay-opacity":"","overlay-gradient":""},"mobile":{"background-color":"var(--ast-global-color-5)","background-image":"","background-repeat":"repeat","background-position":"center center","background-size":"auto","background-attachment":"scroll","background-type":"","background-media":"","overlay-type":"","overlay-color":"","overlay-opacity":"","overlay-gradient":""}}},"product_brand":[],"product_cat":[22956],"product_tag":[],"class_list":{"0":"post-603016","1":"product","2":"type-product","3":"status-publish","4":"has-post-thumbnail","6":"product_cat-keine-kategorie","7":"desktop-align-center","8":"tablet-align-center","9":"mobile-align-center","10":"ast-product-gallery-layout-horizontal","11":"ast-product-tabs-layout-horizontal","13":"first","14":"onbackorder","15":"taxable","16":"shipping-taxable","17":"purchasable","18":"product-type-simple"},"acf":[],"yoast_head":"<!-- This site is optimized with the Yoast SEO plugin v26.5 - https:\/\/yoast.com\/wordpress\/plugins\/seo\/ -->\n<title>Autoradio mit Bluetooth\u00ae Technologie und DAB+ - CD\/USB\/SD 4x75Watt - Schwarz (RCD239DAB-BT) - Caliber Europe B.V.<\/title>\n<meta name=\"robots\" content=\"noindex, follow, max-snippet:-1, max-image-preview:large, max-video-preview:-1\" \/>\n<meta property=\"og:locale\" content=\"de_DE\" \/>\n<meta property=\"og:type\" content=\"article\" \/>\n<meta property=\"og:title\" content=\"Autoradio mit Bluetooth\u00ae Technologie und DAB+ - CD\/USB\/SD 4x75Watt - Schwarz (RCD239DAB-BT) - Caliber Europe B.V.\" \/>\n<meta property=\"og:description\" content=\"Mit dem Caliber RCD239DAB-BT Bluetooth\u00ae Technologie DAB+ Autoradio k\u00f6nnen Sie sowohl Ihre eigene Musik als auch das Radio in Ihrem Auto genie\u00dfen. Verbinden Sie Ihr Telefon \u00fcber Bluetooth\u00ae Technologie oder spielen Sie Ihre CD-Sammlung ab. Dieses Autoradio hat verschiedene M\u00f6glichkeiten, Musik abzuspielen, aber nur dort, wo man gerade Lust dazu hat. DAB+ Qualit\u00e4t H\u00f6ren Sie [&hellip;]\" \/>\n<meta property=\"og:url\" content=\"https:\/\/b2b.calibereurope.com\/product\/rcd239dab-bt-de_de\/\" \/>\n<meta property=\"og:site_name\" content=\"Caliber Europe B.V.\" \/>\n<meta property=\"article:modified_time\" content=\"2024-02-05T08:28:23+00:00\" \/>\n<meta name=\"twitter:card\" content=\"summary_large_image\" \/>\n<meta name=\"twitter:label1\" content=\"Gesch\u00e4tzte Lesezeit\" \/>\n\t<meta name=\"twitter:data1\" content=\"2\u00a0Minuten\" \/>\n<script type=\"application\/ld+json\" class=\"yoast-schema-graph\">{\"@context\":\"https:\/\/schema.org\",\"@graph\":[{\"@type\":\"WebPage\",\"@id\":\"https:\/\/b2b.calibereurope.com\/product\/rcd239dab-bt-de_de\/\",\"url\":\"https:\/\/b2b.calibereurope.com\/product\/rcd239dab-bt-de_de\/\",\"name\":\"Autoradio mit Bluetooth\u00ae Technologie und DAB+ - CD\/USB\/SD 4x75Watt - Schwarz (RCD239DAB-BT) - Caliber Europe B.V.\",\"isPartOf\":{\"@id\":\"https:\/\/b2b.calibereurope.com\/#website\"},\"primaryImageOfPage\":{\"@id\":\"https:\/\/b2b.calibereurope.com\/product\/rcd239dab-bt-de_de\/#primaryimage\"},\"image\":{\"@id\":\"https:\/\/b2b.calibereurope.com\/product\/rcd239dab-bt-de_de\/#primaryimage\"},\"thumbnailUrl\":\"https:\/\/b2b.calibereurope.com\/wp-content\/uploads\/2024\/02\/9914610620fa4659854aee859ed90fbf4f7f1d57_RCD239DAB_BT-scaled.jpg\",\"datePublished\":\"2024-02-05T00:00:00+00:00\",\"dateModified\":\"2024-02-05T08:28:23+00:00\",\"breadcrumb\":{\"@id\":\"https:\/\/b2b.calibereurope.com\/product\/rcd239dab-bt-de_de\/#breadcrumb\"},\"inLanguage\":\"de\",\"potentialAction\":[{\"@type\":\"ReadAction\",\"target\":[\"https:\/\/b2b.calibereurope.com\/product\/rcd239dab-bt-de_de\/\"]}]},{\"@type\":\"ImageObject\",\"inLanguage\":\"de\",\"@id\":\"https:\/\/b2b.calibereurope.com\/product\/rcd239dab-bt-de_de\/#primaryimage\",\"url\":\"https:\/\/b2b.calibereurope.com\/wp-content\/uploads\/2024\/02\/9914610620fa4659854aee859ed90fbf4f7f1d57_RCD239DAB_BT-scaled.jpg\",\"contentUrl\":\"https:\/\/b2b.calibereurope.com\/wp-content\/uploads\/2024\/02\/9914610620fa4659854aee859ed90fbf4f7f1d57_RCD239DAB_BT-scaled.jpg\",\"width\":2560,\"height\":1422},{\"@type\":\"BreadcrumbList\",\"@id\":\"https:\/\/b2b.calibereurope.com\/product\/rcd239dab-bt-de_de\/#breadcrumb\",\"itemListElement\":[{\"@type\":\"ListItem\",\"position\":1,\"name\":\"Home\",\"item\":\"https:\/\/b2b.calibereurope.com\/de\/\"},{\"@type\":\"ListItem\",\"position\":2,\"name\":\"Shop\",\"item\":\"https:\/\/b2b.calibereurope.com\/de\/shop\/\"},{\"@type\":\"ListItem\",\"position\":3,\"name\":\"Autoradio mit Bluetooth und DAB+ &#8211; CD\/USB\/SD 4x75Watt &#8211; Schwarz (RCD239DAB-BT)\"}]},{\"@type\":\"WebSite\",\"@id\":\"https:\/\/b2b.calibereurope.com\/#website\",\"url\":\"https:\/\/b2b.calibereurope.com\/\",\"name\":\"Caliber Europe B.V.\",\"description\":\"B2B Webshop\",\"publisher\":{\"@id\":\"https:\/\/b2b.calibereurope.com\/#organization\"},\"potentialAction\":[{\"@type\":\"SearchAction\",\"target\":{\"@type\":\"EntryPoint\",\"urlTemplate\":\"https:\/\/b2b.calibereurope.com\/?s={search_term_string}\"},\"query-input\":{\"@type\":\"PropertyValueSpecification\",\"valueRequired\":true,\"valueName\":\"search_term_string\"}}],\"inLanguage\":\"de\"},{\"@type\":\"Organization\",\"@id\":\"https:\/\/b2b.calibereurope.com\/#organization\",\"name\":\"Caliber Europe B.V.\",\"url\":\"https:\/\/b2b.calibereurope.com\/\",\"logo\":{\"@type\":\"ImageObject\",\"inLanguage\":\"de\",\"@id\":\"https:\/\/b2b.calibereurope.com\/#\/schema\/logo\/image\/\",\"url\":\"https:\/\/b2b.calibereurope.com\/wp-content\/uploads\/2020\/12\/Caliber_Logo-Black.png\",\"contentUrl\":\"https:\/\/b2b.calibereurope.com\/wp-content\/uploads\/2020\/12\/Caliber_Logo-Black.png\",\"width\":3157,\"height\":356,\"caption\":\"Caliber Europe B.V.\"},\"image\":{\"@id\":\"https:\/\/b2b.calibereurope.com\/#\/schema\/logo\/image\/\"}}]}<\/script>\n<!-- \/ Yoast SEO plugin. -->","yoast_head_json":{"title":"Autoradio mit Bluetooth\u00ae Technologie und DAB+ - CD\/USB\/SD 4x75Watt - Schwarz (RCD239DAB-BT) - Caliber Europe B.V.","robots":{"index":"noindex","follow":"follow","max-snippet":"max-snippet:-1","max-image-preview":"max-image-preview:large","max-video-preview":"max-video-preview:-1"},"og_locale":"de_DE","og_type":"article","og_title":"Autoradio mit Bluetooth\u00ae Technologie und DAB+ - CD\/USB\/SD 4x75Watt - Schwarz (RCD239DAB-BT) - Caliber Europe B.V.","og_description":"Mit dem Caliber RCD239DAB-BT Bluetooth\u00ae Technologie DAB+ Autoradio k\u00f6nnen Sie sowohl Ihre eigene Musik als auch das Radio in Ihrem Auto genie\u00dfen. Verbinden Sie Ihr Telefon \u00fcber Bluetooth\u00ae Technologie oder spielen Sie Ihre CD-Sammlung ab. Dieses Autoradio hat verschiedene M\u00f6glichkeiten, Musik abzuspielen, aber nur dort, wo man gerade Lust dazu hat. DAB+ Qualit\u00e4t H\u00f6ren Sie [&hellip;]","og_url":"https:\/\/b2b.calibereurope.com\/product\/rcd239dab-bt-de_de\/","og_site_name":"Caliber Europe B.V.","article_modified_time":"2024-02-05T08:28:23+00:00","twitter_card":"summary_large_image","twitter_misc":{"Gesch\u00e4tzte Lesezeit":"2\u00a0Minuten"},"schema":{"@context":"https:\/\/schema.org","@graph":[{"@type":"WebPage","@id":"https:\/\/b2b.calibereurope.com\/product\/rcd239dab-bt-de_de\/","url":"https:\/\/b2b.calibereurope.com\/product\/rcd239dab-bt-de_de\/","name":"Autoradio mit Bluetooth\u00ae Technologie und DAB+ - CD\/USB\/SD 4x75Watt - Schwarz (RCD239DAB-BT) - Caliber Europe B.V.","isPartOf":{"@id":"https:\/\/b2b.calibereurope.com\/#website"},"primaryImageOfPage":{"@id":"https:\/\/b2b.calibereurope.com\/product\/rcd239dab-bt-de_de\/#primaryimage"},"image":{"@id":"https:\/\/b2b.calibereurope.com\/product\/rcd239dab-bt-de_de\/#primaryimage"},"thumbnailUrl":"https:\/\/b2b.calibereurope.com\/wp-content\/uploads\/2024\/02\/9914610620fa4659854aee859ed90fbf4f7f1d57_RCD239DAB_BT-scaled.jpg","datePublished":"2024-02-05T00:00:00+00:00","dateModified":"2024-02-05T08:28:23+00:00","breadcrumb":{"@id":"https:\/\/b2b.calibereurope.com\/product\/rcd239dab-bt-de_de\/#breadcrumb"},"inLanguage":"de","potentialAction":[{"@type":"ReadAction","target":["https:\/\/b2b.calibereurope.com\/product\/rcd239dab-bt-de_de\/"]}]},{"@type":"ImageObject","inLanguage":"de","@id":"https:\/\/b2b.calibereurope.com\/product\/rcd239dab-bt-de_de\/#primaryimage","url":"https:\/\/b2b.calibereurope.com\/wp-content\/uploads\/2024\/02\/9914610620fa4659854aee859ed90fbf4f7f1d57_RCD239DAB_BT-scaled.jpg","contentUrl":"https:\/\/b2b.calibereurope.com\/wp-content\/uploads\/2024\/02\/9914610620fa4659854aee859ed90fbf4f7f1d57_RCD239DAB_BT-scaled.jpg","width":2560,"height":1422},{"@type":"BreadcrumbList","@id":"https:\/\/b2b.calibereurope.com\/product\/rcd239dab-bt-de_de\/#breadcrumb","itemListElement":[{"@type":"ListItem","position":1,"name":"Home","item":"https:\/\/b2b.calibereurope.com\/de\/"},{"@type":"ListItem","position":2,"name":"Shop","item":"https:\/\/b2b.calibereurope.com\/de\/shop\/"},{"@type":"ListItem","position":3,"name":"Autoradio mit Bluetooth und DAB+ &#8211; CD\/USB\/SD 4x75Watt &#8211; Schwarz (RCD239DAB-BT)"}]},{"@type":"WebSite","@id":"https:\/\/b2b.calibereurope.com\/#website","url":"https:\/\/b2b.calibereurope.com\/","name":"Caliber Europe B.V.","description":"B2B Webshop","publisher":{"@id":"https:\/\/b2b.calibereurope.com\/#organization"},"potentialAction":[{"@type":"SearchAction","target":{"@type":"EntryPoint","urlTemplate":"https:\/\/b2b.calibereurope.com\/?s={search_term_string}"},"query-input":{"@type":"PropertyValueSpecification","valueRequired":true,"valueName":"search_term_string"}}],"inLanguage":"de"},{"@type":"Organization","@id":"https:\/\/b2b.calibereurope.com\/#organization","name":"Caliber Europe B.V.","url":"https:\/\/b2b.calibereurope.com\/","logo":{"@type":"ImageObject","inLanguage":"de","@id":"https:\/\/b2b.calibereurope.com\/#\/schema\/logo\/image\/","url":"https:\/\/b2b.calibereurope.com\/wp-content\/uploads\/2020\/12\/Caliber_Logo-Black.png","contentUrl":"https:\/\/b2b.calibereurope.com\/wp-content\/uploads\/2020\/12\/Caliber_Logo-Black.png","width":3157,"height":356,"caption":"Caliber Europe B.V."},"image":{"@id":"https:\/\/b2b.calibereurope.com\/#\/schema\/logo\/image\/"}}]}},"_links":{"self":[{"href":"https:\/\/b2b.calibereurope.com\/de\/wp-json\/wp\/v2\/product\/603016","targetHints":{"allow":["GET"]}}],"collection":[{"href":"https:\/\/b2b.calibereurope.com\/de\/wp-json\/wp\/v2\/product"}],"about":[{"href":"https:\/\/b2b.calibereurope.com\/de\/wp-json\/wp\/v2\/types\/product"}],"version-history":[{"count":0,"href":"https:\/\/b2b.calibereurope.com\/de\/wp-json\/wp\/v2\/product\/603016\/revisions"}],"wp:featuredmedia":[{"embeddable":true,"href":"https:\/\/b2b.calibereurope.com\/de\/wp-json\/wp\/v2\/media\/841672"}],"wp:attachment":[{"href":"https:\/\/b2b.calibereurope.com\/de\/wp-json\/wp\/v2\/media?parent=603016"}],"wp:term":[{"taxonomy":"product_brand","embeddable":true,"href":"https:\/\/b2b.calibereurope.com\/de\/wp-json\/wp\/v2\/product_brand?post=603016"},{"taxonomy":"product_cat","embeddable":true,"href":"https:\/\/b2b.calibereurope.com\/de\/wp-json\/wp\/v2\/product_cat?post=603016"},{"taxonomy":"product_tag","embeddable":true,"href":"https:\/\/b2b.calibereurope.com\/de\/wp-json\/wp\/v2\/product_tag?post=603016"}],"curies":[{"name":"wp","href":"https:\/\/api.w.org\/{rel}","templated":true}]}}