{"id":616972,"date":"2026-02-02T00:00:00","date_gmt":"2026-02-02T00:00:00","guid":{"rendered":"0"},"modified":"2026-02-02T12:23:38","modified_gmt":"2026-02-02T11:23:38","slug":"RCD238DAB-fr_FR","status":"publish","type":"product","link":"https:\/\/b2b.calibereurope.com\/de\/produkt\/RCD238DAB-fr_FR\/","title":{"rendered":"Autoradio st\u00e9r\u00e9o avec technologie Bluetooth\u00ae et DAB+ &#8211; CD\/USB\/SD 4x75Watt &#8211; Noir (RCD238DAB-BT)"},"content":{"rendered":"<p>Avec la technologie Bluetooth\u00ae de l&#39;autoradio Caliber RCD238DAB-BT DAB+, vous pouvez profiter \u00e0 la fois de votre propre musique et de la radio dans la voiture. Connectez votre t\u00e9l\u00e9phone via la technologie Bluetooth\u00ae ou \u00e9coutez votre collection de CD. Cet autoradio propose diff\u00e9rentes options pour \u00e9couter de la musique, en fonction de ce que vous ressentez \u00e0 ce moment-l\u00e0. <\/p>\n<p><strong>Qualit\u00e9 DAB+<\/strong><br \/>Pr\u00e9f\u00e9rez-vous \u00e9couter la radio en conduisant ?  DAB + est une radio num\u00e9rique en direct et donne un meilleur son que l&#39;ancien FM. La r\u00e9ception est meilleure et vous \u00eates moins g\u00ean\u00e9 par le bruit. DAB+ donne plus de d\u00e9finition dans le son, ce qui vous permet de profiter davantage de vos tubes pr\u00e9f\u00e9r\u00e9s et de mieux entendre les voix de vos \u00e9missions pr\u00e9f\u00e9r\u00e9es. Il existe de nombreuses stations DAB+ et FM \u00e0 r\u00e9gler, vous pouvez donc facilement basculer entre les stations et vous n&#39;avez plus besoin de chercher la bonne fr\u00e9quence. <\/p>\n<p><strong>Technologie Bluetooth\u00ae et lecture<\/strong>< br>Le streaming de la technologie Bluetooth\u00ae est clair et d\u00e9fini gr\u00e2ce aux profils A2DP et AVRCP. Ces profils \u00e9vitent \u00e9galement le bruit et les accrocs. Via ID3-Tag, le RCD238DAB-BT affiche \u00e0 l&#39;\u00e9cran quel artiste et quelle chanson vous \u00e9coutez. Le RCD238DAB-BT dispose d&#39;un \u00e9galiseur pr\u00e9r\u00e9gl\u00e9 \u00e0 4 bandes, ce qui vous permet d&#39;ajuster votre musique \u00e0 votre go\u00fbt.<\/p>\n<p><strong>Appels mains libres<\/strong><br \/>Utilisez le RCD238DAB-BT avec le micro externe inclus \u00e9galement comme kit de voiture mains libres. Placez le microphone dans un endroit pratique pour vous. Vous pouvez r\u00e9pondre au t\u00e9l\u00e9phone via le tableau de commande de la radio et vous pouvez rendre vos conversations audibles via les haut-parleurs de la voiture. <\/p>\n<p><strong>Connexions<\/strong><br \/>vous pouvez \u00e9couter de la musique via la radio ou la technologie Bluetooth\u00ae de plus, le RCD238DAB-BT dispose de plusieurs autres connexions comme : un lecteur CD\/DVD. Vous avez votre musique sur une cl\u00e9 USB ou une carte SD ? Vous pouvez la jouer via les ports appropri\u00e9s. Si vous avez encore un ancien appareil de lecture, vous pouvez utiliser la connexion auxiliaire de 3,5 mm.<\/p>\n<p>Le RCD238DAB-BT a \u00e9galement la possibilit\u00e9 de connecter un amplificateur et un subwoofer suppl\u00e9mentaires. Vous le faites via les RCA ou la sortie secondaire \u00e0 l&#39;arri\u00e8re de l&#39;autoradio. La radio est \u00e9quip\u00e9e d&#39;un connecteur ISO, dont la connexion est Plug &#038; Play (\u00e0 condition que votre v\u00e9hicule soit \u00e9quip\u00e9 d&#39;une connexion ISO)<\/p>\n","protected":false},"excerpt":{"rendered":"<p>Avec la technologie Bluetooth\u00ae de l&#39;autoradio Caliber RCD238DAB-BT DAB+, vous pouvez profiter \u00e0 la fois de votre propre musique et de la radio dans la voiture. Connectez votre t\u00e9l\u00e9phone via la technologie Bluetooth\u00ae ou \u00e9coutez votre collection de CD. Cet autoradio propose diff\u00e9rentes options pour \u00e9couter de la musique, en fonction de ce que vous [&hellip;]<\/p>\n","protected":false},"featured_media":870927,"template":"","meta":{"_acf_changed":false,"site-sidebar-layout":"default","site-content-layout":"","ast-site-content-layout":"default","site-content-style":"default","site-sidebar-style":"default","ast-global-header-display":"","ast-banner-title-visibility":"","ast-main-header-display":"","ast-hfb-above-header-display":"","ast-hfb-below-header-display":"","ast-hfb-mobile-header-display":"","site-post-title":"","ast-breadcrumbs-content":"","ast-featured-img":"","footer-sml-layout":"","theme-transparent-header-meta":"","adv-header-id-meta":"","stick-header-meta":"","header-above-stick-meta":"","header-main-stick-meta":"","header-below-stick-meta":"","astra-migrate-meta-layouts":"default","ast-page-background-enabled":"default","ast-page-background-meta":{"desktop":{"background-color":"","background-image":"","background-repeat":"repeat","background-position":"center center","background-size":"auto","background-attachment":"scroll","background-type":"","background-media":"","overlay-type":"","overlay-color":"","overlay-opacity":"","overlay-gradient":""},"tablet":{"background-color":"","background-image":"","background-repeat":"repeat","background-position":"center center","background-size":"auto","background-attachment":"scroll","background-type":"","background-media":"","overlay-type":"","overlay-color":"","overlay-opacity":"","overlay-gradient":""},"mobile":{"background-color":"","background-image":"","background-repeat":"repeat","background-position":"center center","background-size":"auto","background-attachment":"scroll","background-type":"","background-media":"","overlay-type":"","overlay-color":"","overlay-opacity":"","overlay-gradient":""}},"ast-content-background-meta":{"desktop":{"background-color":"var(--ast-global-color-5)","background-image":"","background-repeat":"repeat","background-position":"center center","background-size":"auto","background-attachment":"scroll","background-type":"","background-media":"","overlay-type":"","overlay-color":"","overlay-opacity":"","overlay-gradient":""},"tablet":{"background-color":"var(--ast-global-color-5)","background-image":"","background-repeat":"repeat","background-position":"center center","background-size":"auto","background-attachment":"scroll","background-type":"","background-media":"","overlay-type":"","overlay-color":"","overlay-opacity":"","overlay-gradient":""},"mobile":{"background-color":"var(--ast-global-color-5)","background-image":"","background-repeat":"repeat","background-position":"center center","background-size":"auto","background-attachment":"scroll","background-type":"","background-media":"","overlay-type":"","overlay-color":"","overlay-opacity":"","overlay-gradient":""}}},"product_brand":[],"product_cat":[12139,12170,12171,12138],"product_tag":[],"class_list":{"0":"post-616972","1":"product","2":"type-product","3":"status-publish","4":"has-post-thumbnail","6":"product_cat-auto_de_de","7":"product_cat-radios_auto_fr_fr","8":"product_cat-radios_auto_de_de","9":"product_cat-auto_fr_fr","10":"desktop-align-center","11":"tablet-align-center","12":"mobile-align-center","13":"ast-product-gallery-layout-horizontal","14":"ast-product-tabs-layout-horizontal","16":"first","17":"instock","18":"taxable","19":"shipping-taxable","20":"purchasable","21":"product-type-simple"},"acf":[],"yoast_head":"<!-- This site is optimized with the Yoast SEO plugin v26.5 - https:\/\/yoast.com\/wordpress\/plugins\/seo\/ -->\n<title>Autoradio st\u00e9r\u00e9o avec technologie Bluetooth\u00ae et DAB+ - CD\/USB\/SD 4x75Watt - Noir (RCD238DAB-BT) - Caliber Europe B.V.<\/title>\n<meta name=\"robots\" content=\"noindex, follow, max-snippet:-1, max-image-preview:large, max-video-preview:-1\" \/>\n<meta property=\"og:locale\" content=\"de_DE\" \/>\n<meta property=\"og:type\" content=\"article\" \/>\n<meta property=\"og:title\" content=\"Autoradio st\u00e9r\u00e9o avec technologie Bluetooth\u00ae et DAB+ - CD\/USB\/SD 4x75Watt - Noir (RCD238DAB-BT) - Caliber Europe B.V.\" \/>\n<meta property=\"og:description\" content=\"Avec la technologie Bluetooth\u00ae de l&#039;autoradio Caliber RCD238DAB-BT DAB+, vous pouvez profiter \u00e0 la fois de votre propre musique et de la radio dans la voiture. Connectez votre t\u00e9l\u00e9phone via la technologie Bluetooth\u00ae ou \u00e9coutez votre collection de CD. Cet autoradio propose diff\u00e9rentes options pour \u00e9couter de la musique, en fonction de ce que vous [&hellip;]\" \/>\n<meta property=\"og:url\" content=\"https:\/\/b2b.calibereurope.com\/product\/rcd238dab-bt-de_de\/\" \/>\n<meta property=\"og:site_name\" content=\"Caliber Europe B.V.\" \/>\n<meta property=\"article:modified_time\" content=\"2026-02-02T11:23:38+00:00\" \/>\n<meta name=\"twitter:card\" content=\"summary_large_image\" \/>\n<meta name=\"twitter:label1\" content=\"Gesch\u00e4tzte Lesezeit\" \/>\n\t<meta name=\"twitter:data1\" content=\"2\u00a0Minuten\" \/>\n<script type=\"application\/ld+json\" class=\"yoast-schema-graph\">{\"@context\":\"https:\/\/schema.org\",\"@graph\":[{\"@type\":\"WebPage\",\"@id\":\"https:\/\/b2b.calibereurope.com\/product\/rcd238dab-bt-de_de\/\",\"url\":\"https:\/\/b2b.calibereurope.com\/product\/rcd238dab-bt-de_de\/\",\"name\":\"Autoradio st\u00e9r\u00e9o avec technologie Bluetooth\u00ae et DAB+ - CD\/USB\/SD 4x75Watt - Noir (RCD238DAB-BT) - Caliber Europe B.V.\",\"isPartOf\":{\"@id\":\"https:\/\/b2b.calibereurope.com\/#website\"},\"primaryImageOfPage\":{\"@id\":\"https:\/\/b2b.calibereurope.com\/product\/rcd238dab-bt-de_de\/#primaryimage\"},\"image\":{\"@id\":\"https:\/\/b2b.calibereurope.com\/product\/rcd238dab-bt-de_de\/#primaryimage\"},\"thumbnailUrl\":\"https:\/\/b2b.calibereurope.com\/wp-content\/uploads\/2026\/02\/4b2f5539365a6fa71653bd5669bedeca1bac376e_RCD238DAB_Front_view-2-scaled.jpg\",\"datePublished\":\"2026-02-02T00:00:00+00:00\",\"dateModified\":\"2026-02-02T11:23:38+00:00\",\"breadcrumb\":{\"@id\":\"https:\/\/b2b.calibereurope.com\/product\/rcd238dab-bt-de_de\/#breadcrumb\"},\"inLanguage\":\"de\",\"potentialAction\":[{\"@type\":\"ReadAction\",\"target\":[\"https:\/\/b2b.calibereurope.com\/product\/rcd238dab-bt-de_de\/\"]}]},{\"@type\":\"ImageObject\",\"inLanguage\":\"de\",\"@id\":\"https:\/\/b2b.calibereurope.com\/product\/rcd238dab-bt-de_de\/#primaryimage\",\"url\":\"https:\/\/b2b.calibereurope.com\/wp-content\/uploads\/2026\/02\/4b2f5539365a6fa71653bd5669bedeca1bac376e_RCD238DAB_Front_view-2-scaled.jpg\",\"contentUrl\":\"https:\/\/b2b.calibereurope.com\/wp-content\/uploads\/2026\/02\/4b2f5539365a6fa71653bd5669bedeca1bac376e_RCD238DAB_Front_view-2-scaled.jpg\",\"width\":2560,\"height\":2560},{\"@type\":\"BreadcrumbList\",\"@id\":\"https:\/\/b2b.calibereurope.com\/product\/rcd238dab-bt-de_de\/#breadcrumb\",\"itemListElement\":[{\"@type\":\"ListItem\",\"position\":1,\"name\":\"Home\",\"item\":\"https:\/\/b2b.calibereurope.com\/de\/\"},{\"@type\":\"ListItem\",\"position\":2,\"name\":\"Shop\",\"item\":\"https:\/\/b2b.calibereurope.com\/de\/shop\/\"},{\"@type\":\"ListItem\",\"position\":3,\"name\":\"RCD238DAB-BT\"}]},{\"@type\":\"WebSite\",\"@id\":\"https:\/\/b2b.calibereurope.com\/#website\",\"url\":\"https:\/\/b2b.calibereurope.com\/\",\"name\":\"Caliber Europe B.V.\",\"description\":\"B2B Webshop\",\"publisher\":{\"@id\":\"https:\/\/b2b.calibereurope.com\/#organization\"},\"potentialAction\":[{\"@type\":\"SearchAction\",\"target\":{\"@type\":\"EntryPoint\",\"urlTemplate\":\"https:\/\/b2b.calibereurope.com\/?s={search_term_string}\"},\"query-input\":{\"@type\":\"PropertyValueSpecification\",\"valueRequired\":true,\"valueName\":\"search_term_string\"}}],\"inLanguage\":\"de\"},{\"@type\":\"Organization\",\"@id\":\"https:\/\/b2b.calibereurope.com\/#organization\",\"name\":\"Caliber Europe B.V.\",\"url\":\"https:\/\/b2b.calibereurope.com\/\",\"logo\":{\"@type\":\"ImageObject\",\"inLanguage\":\"de\",\"@id\":\"https:\/\/b2b.calibereurope.com\/#\/schema\/logo\/image\/\",\"url\":\"https:\/\/b2b.calibereurope.com\/wp-content\/uploads\/2020\/12\/Caliber_Logo-Black.png\",\"contentUrl\":\"https:\/\/b2b.calibereurope.com\/wp-content\/uploads\/2020\/12\/Caliber_Logo-Black.png\",\"width\":3157,\"height\":356,\"caption\":\"Caliber Europe B.V.\"},\"image\":{\"@id\":\"https:\/\/b2b.calibereurope.com\/#\/schema\/logo\/image\/\"}}]}<\/script>\n<!-- \/ Yoast SEO plugin. -->","yoast_head_json":{"title":"Autoradio st\u00e9r\u00e9o avec technologie Bluetooth\u00ae et DAB+ - CD\/USB\/SD 4x75Watt - Noir (RCD238DAB-BT) - Caliber Europe B.V.","robots":{"index":"noindex","follow":"follow","max-snippet":"max-snippet:-1","max-image-preview":"max-image-preview:large","max-video-preview":"max-video-preview:-1"},"og_locale":"de_DE","og_type":"article","og_title":"Autoradio st\u00e9r\u00e9o avec technologie Bluetooth\u00ae et DAB+ - CD\/USB\/SD 4x75Watt - Noir (RCD238DAB-BT) - Caliber Europe B.V.","og_description":"Avec la technologie Bluetooth\u00ae de l&#39;autoradio Caliber RCD238DAB-BT DAB+, vous pouvez profiter \u00e0 la fois de votre propre musique et de la radio dans la voiture. Connectez votre t\u00e9l\u00e9phone via la technologie Bluetooth\u00ae ou \u00e9coutez votre collection de CD. Cet autoradio propose diff\u00e9rentes options pour \u00e9couter de la musique, en fonction de ce que vous [&hellip;]","og_url":"https:\/\/b2b.calibereurope.com\/product\/rcd238dab-bt-de_de\/","og_site_name":"Caliber Europe B.V.","article_modified_time":"2026-02-02T11:23:38+00:00","twitter_card":"summary_large_image","twitter_misc":{"Gesch\u00e4tzte Lesezeit":"2\u00a0Minuten"},"schema":{"@context":"https:\/\/schema.org","@graph":[{"@type":"WebPage","@id":"https:\/\/b2b.calibereurope.com\/product\/rcd238dab-bt-de_de\/","url":"https:\/\/b2b.calibereurope.com\/product\/rcd238dab-bt-de_de\/","name":"Autoradio st\u00e9r\u00e9o avec technologie Bluetooth\u00ae et DAB+ - CD\/USB\/SD 4x75Watt - Noir (RCD238DAB-BT) - Caliber Europe B.V.","isPartOf":{"@id":"https:\/\/b2b.calibereurope.com\/#website"},"primaryImageOfPage":{"@id":"https:\/\/b2b.calibereurope.com\/product\/rcd238dab-bt-de_de\/#primaryimage"},"image":{"@id":"https:\/\/b2b.calibereurope.com\/product\/rcd238dab-bt-de_de\/#primaryimage"},"thumbnailUrl":"https:\/\/b2b.calibereurope.com\/wp-content\/uploads\/2026\/02\/4b2f5539365a6fa71653bd5669bedeca1bac376e_RCD238DAB_Front_view-2-scaled.jpg","datePublished":"2026-02-02T00:00:00+00:00","dateModified":"2026-02-02T11:23:38+00:00","breadcrumb":{"@id":"https:\/\/b2b.calibereurope.com\/product\/rcd238dab-bt-de_de\/#breadcrumb"},"inLanguage":"de","potentialAction":[{"@type":"ReadAction","target":["https:\/\/b2b.calibereurope.com\/product\/rcd238dab-bt-de_de\/"]}]},{"@type":"ImageObject","inLanguage":"de","@id":"https:\/\/b2b.calibereurope.com\/product\/rcd238dab-bt-de_de\/#primaryimage","url":"https:\/\/b2b.calibereurope.com\/wp-content\/uploads\/2026\/02\/4b2f5539365a6fa71653bd5669bedeca1bac376e_RCD238DAB_Front_view-2-scaled.jpg","contentUrl":"https:\/\/b2b.calibereurope.com\/wp-content\/uploads\/2026\/02\/4b2f5539365a6fa71653bd5669bedeca1bac376e_RCD238DAB_Front_view-2-scaled.jpg","width":2560,"height":2560},{"@type":"BreadcrumbList","@id":"https:\/\/b2b.calibereurope.com\/product\/rcd238dab-bt-de_de\/#breadcrumb","itemListElement":[{"@type":"ListItem","position":1,"name":"Home","item":"https:\/\/b2b.calibereurope.com\/de\/"},{"@type":"ListItem","position":2,"name":"Shop","item":"https:\/\/b2b.calibereurope.com\/de\/shop\/"},{"@type":"ListItem","position":3,"name":"RCD238DAB-BT"}]},{"@type":"WebSite","@id":"https:\/\/b2b.calibereurope.com\/#website","url":"https:\/\/b2b.calibereurope.com\/","name":"Caliber Europe B.V.","description":"B2B Webshop","publisher":{"@id":"https:\/\/b2b.calibereurope.com\/#organization"},"potentialAction":[{"@type":"SearchAction","target":{"@type":"EntryPoint","urlTemplate":"https:\/\/b2b.calibereurope.com\/?s={search_term_string}"},"query-input":{"@type":"PropertyValueSpecification","valueRequired":true,"valueName":"search_term_string"}}],"inLanguage":"de"},{"@type":"Organization","@id":"https:\/\/b2b.calibereurope.com\/#organization","name":"Caliber Europe B.V.","url":"https:\/\/b2b.calibereurope.com\/","logo":{"@type":"ImageObject","inLanguage":"de","@id":"https:\/\/b2b.calibereurope.com\/#\/schema\/logo\/image\/","url":"https:\/\/b2b.calibereurope.com\/wp-content\/uploads\/2020\/12\/Caliber_Logo-Black.png","contentUrl":"https:\/\/b2b.calibereurope.com\/wp-content\/uploads\/2020\/12\/Caliber_Logo-Black.png","width":3157,"height":356,"caption":"Caliber Europe B.V."},"image":{"@id":"https:\/\/b2b.calibereurope.com\/#\/schema\/logo\/image\/"}}]}},"_links":{"self":[{"href":"https:\/\/b2b.calibereurope.com\/de\/wp-json\/wp\/v2\/product\/616972","targetHints":{"allow":["GET"]}}],"collection":[{"href":"https:\/\/b2b.calibereurope.com\/de\/wp-json\/wp\/v2\/product"}],"about":[{"href":"https:\/\/b2b.calibereurope.com\/de\/wp-json\/wp\/v2\/types\/product"}],"version-history":[{"count":0,"href":"https:\/\/b2b.calibereurope.com\/de\/wp-json\/wp\/v2\/product\/616972\/revisions"}],"wp:featuredmedia":[{"embeddable":true,"href":"https:\/\/b2b.calibereurope.com\/de\/wp-json\/wp\/v2\/media\/870927"}],"wp:attachment":[{"href":"https:\/\/b2b.calibereurope.com\/de\/wp-json\/wp\/v2\/media?parent=616972"}],"wp:term":[{"taxonomy":"product_brand","embeddable":true,"href":"https:\/\/b2b.calibereurope.com\/de\/wp-json\/wp\/v2\/product_brand?post=616972"},{"taxonomy":"product_cat","embeddable":true,"href":"https:\/\/b2b.calibereurope.com\/de\/wp-json\/wp\/v2\/product_cat?post=616972"},{"taxonomy":"product_tag","embeddable":true,"href":"https:\/\/b2b.calibereurope.com\/de\/wp-json\/wp\/v2\/product_tag?post=616972"}],"curies":[{"name":"wp","href":"https:\/\/api.w.org\/{rel}","templated":true}]}}