{"id":617515,"date":"2025-10-07T02:00:00","date_gmt":"2025-10-07T00:00:00","guid":{"rendered":""},"modified":"2025-10-07T12:05:43","modified_gmt":"2025-10-07T10:05:43","slug":"RMD053DAB-de_DE","status":"publish","type":"product","link":"https:\/\/b2b.calibereurope.com\/de\/produkt\/RMD053DAB-de_DE\/","title":{"rendered":"Autoradio &#8211; DAB+ FM Radio USB SD 4X 75W (RMD053DAB)"},"content":{"rendered":"<p>Das Caliber RMD053DAB ist ein DAB+ Autoradio. Damit erhalten Sie ein qualitativ hochwertiges Funksignal.&nbsp;<\/p>\n<p><\/p>\n<p><\/p>\n<p>DAB+ Qualit\u00e4t<\/p>\n<p>DAB+ hat eine bessere Klangqualit\u00e4t als das \u00e4ltere UKW. Der Empfang ist besser und man hat weniger L\u00e4rm. DAB+ verleiht dem Klang mehr Sch\u00e4rfe, sodass Sie Ihre Lieblingshits und -sendungen noch besser genie\u00dfen k\u00f6nnen.<\/p>\n<p><\/p>\n<p>Musikwiedergabe<\/p>\n<p>Der RMD053DAB hat mehrere physikalische Anschl\u00fcsse. Sie k\u00f6nnen einen USB-Stick, eine SD-Karte mit bis zu 32 GB Speicherplatz oder ein Aux-Kabel anschlie\u00dfen. \u00dcber den USB-Anschluss k\u00f6nnen Sie auch Ihr Smartphone aufladen. Mit 4 x 75 Watt Leistung wird es Ihnen nicht an Lautst\u00e4rke mangeln, um Ihre Lieblingshits w\u00e4hrend der Fahrt zu genie\u00dfen.<\/p>\n<p><\/p>\n<p>Zus\u00e4tzliche Merkmale<\/p>\n<p>Diese Headunit hat einen Cinch-Ausgang, an den Sie einen separaten Verst\u00e4rker f\u00fcr Ihre Lautsprecher anschlie\u00dfen k\u00f6nnen. So k\u00f6nnen Sie den Klang in Ihrem Auto individuell anpassen. RDS EON zeigt n\u00fctzliche Informationen auf dem Bildschirm an, z. B. den Titel der Sendung oder den Namen des Senders, den Sie gerade h\u00f6ren. Mit dieser Funktion k\u00f6nnen Sie z. B. auch Verkehrsinformationen weitergeben. Dieses Radio hat die Standard-1-DIN-Gr\u00f6\u00dfe, so dass Sie Ihr altes Autoradio problemlos ersetzen k\u00f6nnen.<\/p>\n<p><\/p>\n<p><\/p>\n","protected":false},"excerpt":{"rendered":"<p>Das Caliber RMD053DAB ist ein DAB+ Autoradio. Damit erhalten Sie ein qualitativ hochwertiges Funksignal.&nbsp; DAB+ Qualit\u00e4t DAB+ hat eine bessere Klangqualit\u00e4t als das \u00e4ltere UKW. Der Empfang ist besser und man hat weniger L\u00e4rm. DAB+ verleiht dem Klang mehr Sch\u00e4rfe, sodass Sie Ihre Lieblingshits und -sendungen noch besser genie\u00dfen k\u00f6nnen. Musikwiedergabe Der RMD053DAB hat mehrere [&hellip;]<\/p>\n","protected":false},"featured_media":858216,"template":"","meta":{"_acf_changed":false,"site-sidebar-layout":"default","site-content-layout":"","ast-site-content-layout":"default","site-content-style":"default","site-sidebar-style":"default","ast-global-header-display":"","ast-banner-title-visibility":"","ast-main-header-display":"","ast-hfb-above-header-display":"","ast-hfb-below-header-display":"","ast-hfb-mobile-header-display":"","site-post-title":"","ast-breadcrumbs-content":"","ast-featured-img":"","footer-sml-layout":"","theme-transparent-header-meta":"","adv-header-id-meta":"","stick-header-meta":"","header-above-stick-meta":"","header-main-stick-meta":"","header-below-stick-meta":"","astra-migrate-meta-layouts":"default","ast-page-background-enabled":"default","ast-page-background-meta":{"desktop":{"background-color":"","background-image":"","background-repeat":"repeat","background-position":"center center","background-size":"auto","background-attachment":"scroll","background-type":"","background-media":"","overlay-type":"","overlay-color":"","overlay-opacity":"","overlay-gradient":""},"tablet":{"background-color":"","background-image":"","background-repeat":"repeat","background-position":"center center","background-size":"auto","background-attachment":"scroll","background-type":"","background-media":"","overlay-type":"","overlay-color":"","overlay-opacity":"","overlay-gradient":""},"mobile":{"background-color":"","background-image":"","background-repeat":"repeat","background-position":"center center","background-size":"auto","background-attachment":"scroll","background-type":"","background-media":"","overlay-type":"","overlay-color":"","overlay-opacity":"","overlay-gradient":""}},"ast-content-background-meta":{"desktop":{"background-color":"var(--ast-global-color-5)","background-image":"","background-repeat":"repeat","background-position":"center center","background-size":"auto","background-attachment":"scroll","background-type":"","background-media":"","overlay-type":"","overlay-color":"","overlay-opacity":"","overlay-gradient":""},"tablet":{"background-color":"var(--ast-global-color-5)","background-image":"","background-repeat":"repeat","background-position":"center center","background-size":"auto","background-attachment":"scroll","background-type":"","background-media":"","overlay-type":"","overlay-color":"","overlay-opacity":"","overlay-gradient":""},"mobile":{"background-color":"var(--ast-global-color-5)","background-image":"","background-repeat":"repeat","background-position":"center center","background-size":"auto","background-attachment":"scroll","background-type":"","background-media":"","overlay-type":"","overlay-color":"","overlay-opacity":"","overlay-gradient":""}}},"product_brand":[],"product_cat":[22956],"product_tag":[],"class_list":{"0":"post-617515","1":"product","2":"type-product","3":"status-publish","4":"has-post-thumbnail","6":"product_cat-keine-kategorie","7":"desktop-align-center","8":"tablet-align-center","9":"mobile-align-center","10":"ast-product-gallery-layout-horizontal","11":"ast-product-tabs-layout-horizontal","13":"first","14":"outofstock","15":"taxable","16":"shipping-taxable","17":"purchasable","18":"product-type-simple"},"acf":[],"yoast_head":"<!-- This site is optimized with the Yoast SEO plugin v26.5 - https:\/\/yoast.com\/wordpress\/plugins\/seo\/ -->\n<title>Autoradio - DAB+ FM Radio USB SD 4X 75W (RMD053DAB) - Caliber Europe B.V.<\/title>\n<meta name=\"robots\" content=\"noindex, follow, max-snippet:-1, max-image-preview:large, max-video-preview:-1\" \/>\n<meta property=\"og:locale\" content=\"de_DE\" \/>\n<meta property=\"og:type\" content=\"article\" \/>\n<meta property=\"og:title\" content=\"Autoradio - DAB+ FM Radio USB SD 4X 75W (RMD053DAB) - Caliber Europe B.V.\" \/>\n<meta property=\"og:description\" content=\"Das Caliber RMD053DAB ist ein DAB+ Autoradio. Damit erhalten Sie ein qualitativ hochwertiges Funksignal.&nbsp; DAB+ Qualit\u00e4t DAB+ hat eine bessere Klangqualit\u00e4t als das \u00e4ltere UKW. Der Empfang ist besser und man hat weniger L\u00e4rm. DAB+ verleiht dem Klang mehr Sch\u00e4rfe, sodass Sie Ihre Lieblingshits und -sendungen noch besser genie\u00dfen k\u00f6nnen. Musikwiedergabe Der RMD053DAB hat mehrere [&hellip;]\" \/>\n<meta property=\"og:url\" content=\"https:\/\/b2b.calibereurope.com\/product\/rmd053dab-de_de\/\" \/>\n<meta property=\"og:site_name\" content=\"Caliber Europe B.V.\" \/>\n<meta property=\"article:modified_time\" content=\"2025-10-07T10:05:43+00:00\" \/>\n<meta name=\"twitter:card\" content=\"summary_large_image\" \/>\n<meta name=\"twitter:label1\" content=\"Gesch\u00e4tzte Lesezeit\" \/>\n\t<meta name=\"twitter:data1\" content=\"1\u00a0Minute\" \/>\n<script type=\"application\/ld+json\" class=\"yoast-schema-graph\">{\"@context\":\"https:\/\/schema.org\",\"@graph\":[{\"@type\":\"WebPage\",\"@id\":\"https:\/\/b2b.calibereurope.com\/product\/rmd053dab-de_de\/\",\"url\":\"https:\/\/b2b.calibereurope.com\/product\/rmd053dab-de_de\/\",\"name\":\"Autoradio - DAB+ FM Radio USB SD 4X 75W (RMD053DAB) - Caliber Europe B.V.\",\"isPartOf\":{\"@id\":\"https:\/\/b2b.calibereurope.com\/#website\"},\"primaryImageOfPage\":{\"@id\":\"https:\/\/b2b.calibereurope.com\/product\/rmd053dab-de_de\/#primaryimage\"},\"image\":{\"@id\":\"https:\/\/b2b.calibereurope.com\/product\/rmd053dab-de_de\/#primaryimage\"},\"thumbnailUrl\":\"https:\/\/b2b.calibereurope.com\/wp-content\/uploads\/2025\/10\/d6c2b196bb1a87f4f83f33d8e86827956fb04844_RMD053DAB-scaled.png\",\"datePublished\":\"2025-10-07T00:00:00+00:00\",\"dateModified\":\"2025-10-07T10:05:43+00:00\",\"breadcrumb\":{\"@id\":\"https:\/\/b2b.calibereurope.com\/product\/rmd053dab-de_de\/#breadcrumb\"},\"inLanguage\":\"de\",\"potentialAction\":[{\"@type\":\"ReadAction\",\"target\":[\"https:\/\/b2b.calibereurope.com\/product\/rmd053dab-de_de\/\"]}]},{\"@type\":\"ImageObject\",\"inLanguage\":\"de\",\"@id\":\"https:\/\/b2b.calibereurope.com\/product\/rmd053dab-de_de\/#primaryimage\",\"url\":\"https:\/\/b2b.calibereurope.com\/wp-content\/uploads\/2025\/10\/d6c2b196bb1a87f4f83f33d8e86827956fb04844_RMD053DAB-scaled.png\",\"contentUrl\":\"https:\/\/b2b.calibereurope.com\/wp-content\/uploads\/2025\/10\/d6c2b196bb1a87f4f83f33d8e86827956fb04844_RMD053DAB-scaled.png\",\"width\":2560,\"height\":1920},{\"@type\":\"BreadcrumbList\",\"@id\":\"https:\/\/b2b.calibereurope.com\/product\/rmd053dab-de_de\/#breadcrumb\",\"itemListElement\":[{\"@type\":\"ListItem\",\"position\":1,\"name\":\"Home\",\"item\":\"https:\/\/b2b.calibereurope.com\/de\/\"},{\"@type\":\"ListItem\",\"position\":2,\"name\":\"Shop\",\"item\":\"https:\/\/b2b.calibereurope.com\/de\/shop\/\"},{\"@type\":\"ListItem\",\"position\":3,\"name\":\"Autoradio &#8211; DAB+ FM Radio USB SD 4X 75W (RMD053DAB)\"}]},{\"@type\":\"WebSite\",\"@id\":\"https:\/\/b2b.calibereurope.com\/#website\",\"url\":\"https:\/\/b2b.calibereurope.com\/\",\"name\":\"Caliber Europe B.V.\",\"description\":\"B2B Webshop\",\"publisher\":{\"@id\":\"https:\/\/b2b.calibereurope.com\/#organization\"},\"potentialAction\":[{\"@type\":\"SearchAction\",\"target\":{\"@type\":\"EntryPoint\",\"urlTemplate\":\"https:\/\/b2b.calibereurope.com\/?s={search_term_string}\"},\"query-input\":{\"@type\":\"PropertyValueSpecification\",\"valueRequired\":true,\"valueName\":\"search_term_string\"}}],\"inLanguage\":\"de\"},{\"@type\":\"Organization\",\"@id\":\"https:\/\/b2b.calibereurope.com\/#organization\",\"name\":\"Caliber Europe B.V.\",\"url\":\"https:\/\/b2b.calibereurope.com\/\",\"logo\":{\"@type\":\"ImageObject\",\"inLanguage\":\"de\",\"@id\":\"https:\/\/b2b.calibereurope.com\/#\/schema\/logo\/image\/\",\"url\":\"https:\/\/b2b.calibereurope.com\/wp-content\/uploads\/2020\/12\/Caliber_Logo-Black.png\",\"contentUrl\":\"https:\/\/b2b.calibereurope.com\/wp-content\/uploads\/2020\/12\/Caliber_Logo-Black.png\",\"width\":3157,\"height\":356,\"caption\":\"Caliber Europe B.V.\"},\"image\":{\"@id\":\"https:\/\/b2b.calibereurope.com\/#\/schema\/logo\/image\/\"}}]}<\/script>\n<!-- \/ Yoast SEO plugin. -->","yoast_head_json":{"title":"Autoradio - DAB+ FM Radio USB SD 4X 75W (RMD053DAB) - Caliber Europe B.V.","robots":{"index":"noindex","follow":"follow","max-snippet":"max-snippet:-1","max-image-preview":"max-image-preview:large","max-video-preview":"max-video-preview:-1"},"og_locale":"de_DE","og_type":"article","og_title":"Autoradio - DAB+ FM Radio USB SD 4X 75W (RMD053DAB) - Caliber Europe B.V.","og_description":"Das Caliber RMD053DAB ist ein DAB+ Autoradio. Damit erhalten Sie ein qualitativ hochwertiges Funksignal.&nbsp; DAB+ Qualit\u00e4t DAB+ hat eine bessere Klangqualit\u00e4t als das \u00e4ltere UKW. Der Empfang ist besser und man hat weniger L\u00e4rm. DAB+ verleiht dem Klang mehr Sch\u00e4rfe, sodass Sie Ihre Lieblingshits und -sendungen noch besser genie\u00dfen k\u00f6nnen. Musikwiedergabe Der RMD053DAB hat mehrere [&hellip;]","og_url":"https:\/\/b2b.calibereurope.com\/product\/rmd053dab-de_de\/","og_site_name":"Caliber Europe B.V.","article_modified_time":"2025-10-07T10:05:43+00:00","twitter_card":"summary_large_image","twitter_misc":{"Gesch\u00e4tzte Lesezeit":"1\u00a0Minute"},"schema":{"@context":"https:\/\/schema.org","@graph":[{"@type":"WebPage","@id":"https:\/\/b2b.calibereurope.com\/product\/rmd053dab-de_de\/","url":"https:\/\/b2b.calibereurope.com\/product\/rmd053dab-de_de\/","name":"Autoradio - DAB+ FM Radio USB SD 4X 75W (RMD053DAB) - Caliber Europe B.V.","isPartOf":{"@id":"https:\/\/b2b.calibereurope.com\/#website"},"primaryImageOfPage":{"@id":"https:\/\/b2b.calibereurope.com\/product\/rmd053dab-de_de\/#primaryimage"},"image":{"@id":"https:\/\/b2b.calibereurope.com\/product\/rmd053dab-de_de\/#primaryimage"},"thumbnailUrl":"https:\/\/b2b.calibereurope.com\/wp-content\/uploads\/2025\/10\/d6c2b196bb1a87f4f83f33d8e86827956fb04844_RMD053DAB-scaled.png","datePublished":"2025-10-07T00:00:00+00:00","dateModified":"2025-10-07T10:05:43+00:00","breadcrumb":{"@id":"https:\/\/b2b.calibereurope.com\/product\/rmd053dab-de_de\/#breadcrumb"},"inLanguage":"de","potentialAction":[{"@type":"ReadAction","target":["https:\/\/b2b.calibereurope.com\/product\/rmd053dab-de_de\/"]}]},{"@type":"ImageObject","inLanguage":"de","@id":"https:\/\/b2b.calibereurope.com\/product\/rmd053dab-de_de\/#primaryimage","url":"https:\/\/b2b.calibereurope.com\/wp-content\/uploads\/2025\/10\/d6c2b196bb1a87f4f83f33d8e86827956fb04844_RMD053DAB-scaled.png","contentUrl":"https:\/\/b2b.calibereurope.com\/wp-content\/uploads\/2025\/10\/d6c2b196bb1a87f4f83f33d8e86827956fb04844_RMD053DAB-scaled.png","width":2560,"height":1920},{"@type":"BreadcrumbList","@id":"https:\/\/b2b.calibereurope.com\/product\/rmd053dab-de_de\/#breadcrumb","itemListElement":[{"@type":"ListItem","position":1,"name":"Home","item":"https:\/\/b2b.calibereurope.com\/de\/"},{"@type":"ListItem","position":2,"name":"Shop","item":"https:\/\/b2b.calibereurope.com\/de\/shop\/"},{"@type":"ListItem","position":3,"name":"Autoradio &#8211; DAB+ FM Radio USB SD 4X 75W (RMD053DAB)"}]},{"@type":"WebSite","@id":"https:\/\/b2b.calibereurope.com\/#website","url":"https:\/\/b2b.calibereurope.com\/","name":"Caliber Europe B.V.","description":"B2B Webshop","publisher":{"@id":"https:\/\/b2b.calibereurope.com\/#organization"},"potentialAction":[{"@type":"SearchAction","target":{"@type":"EntryPoint","urlTemplate":"https:\/\/b2b.calibereurope.com\/?s={search_term_string}"},"query-input":{"@type":"PropertyValueSpecification","valueRequired":true,"valueName":"search_term_string"}}],"inLanguage":"de"},{"@type":"Organization","@id":"https:\/\/b2b.calibereurope.com\/#organization","name":"Caliber Europe B.V.","url":"https:\/\/b2b.calibereurope.com\/","logo":{"@type":"ImageObject","inLanguage":"de","@id":"https:\/\/b2b.calibereurope.com\/#\/schema\/logo\/image\/","url":"https:\/\/b2b.calibereurope.com\/wp-content\/uploads\/2020\/12\/Caliber_Logo-Black.png","contentUrl":"https:\/\/b2b.calibereurope.com\/wp-content\/uploads\/2020\/12\/Caliber_Logo-Black.png","width":3157,"height":356,"caption":"Caliber Europe B.V."},"image":{"@id":"https:\/\/b2b.calibereurope.com\/#\/schema\/logo\/image\/"}}]}},"_links":{"self":[{"href":"https:\/\/b2b.calibereurope.com\/de\/wp-json\/wp\/v2\/product\/617515","targetHints":{"allow":["GET"]}}],"collection":[{"href":"https:\/\/b2b.calibereurope.com\/de\/wp-json\/wp\/v2\/product"}],"about":[{"href":"https:\/\/b2b.calibereurope.com\/de\/wp-json\/wp\/v2\/types\/product"}],"version-history":[{"count":0,"href":"https:\/\/b2b.calibereurope.com\/de\/wp-json\/wp\/v2\/product\/617515\/revisions"}],"wp:featuredmedia":[{"embeddable":true,"href":"https:\/\/b2b.calibereurope.com\/de\/wp-json\/wp\/v2\/media\/858216"}],"wp:attachment":[{"href":"https:\/\/b2b.calibereurope.com\/de\/wp-json\/wp\/v2\/media?parent=617515"}],"wp:term":[{"taxonomy":"product_brand","embeddable":true,"href":"https:\/\/b2b.calibereurope.com\/de\/wp-json\/wp\/v2\/product_brand?post=617515"},{"taxonomy":"product_cat","embeddable":true,"href":"https:\/\/b2b.calibereurope.com\/de\/wp-json\/wp\/v2\/product_cat?post=617515"},{"taxonomy":"product_tag","embeddable":true,"href":"https:\/\/b2b.calibereurope.com\/de\/wp-json\/wp\/v2\/product_tag?post=617515"}],"curies":[{"name":"wp","href":"https:\/\/api.w.org\/{rel}","templated":true}]}}