{"id":663806,"date":"2024-09-04T02:00:00","date_gmt":"2024-09-04T00:00:00","guid":{"rendered":""},"modified":"2024-09-04T12:58:13","modified_gmt":"2024-09-04T10:58:13","slug":"HPG440BT-de_DE","status":"publish","type":"product","link":"https:\/\/b2b.calibereurope.com\/de\/produkt\/HPG440BT-de_DE\/","title":{"rendered":"Elegance Bluetooth Lautsprecher drahtlos &#8211; USB und AUX &#8211; mit Lichteffekten &#8211; tragbar (HPG440BT)"},"content":{"rendered":"<p>Profitieren Sie von einem leistungsstarken Lautsprecher in kompakter Gr\u00f6\u00dfe mit dem Caliber HPG440BT Elegance Bluetooth\u00ae Lautsprecher. Mit einer <strong>Leistung von 100 Watt <\/strong>kann die Box mehr als genug Lautst\u00e4rke erzeugen, um eine gro\u00dfe Party zu feiern. Mit der <strong>TWS-Pairing-Funktion <\/strong>k\u00f6nnen Sie bis zu 2 Elegance Bluetooth\u00ae Lautsprecher koppeln, um den Klang zu verteilen und zu verst\u00e4rken. Ob Sie nun Musik \u00fcber <strong>Bluetooth\u00ae, USB oder AUX <\/strong>abspielen m\u00f6chten, alles ist m\u00f6glich. Der <strong>eingebaute Akku <\/strong>bietet bis zu <strong>9 Stunden Spielzeit<\/strong>, sodass Sie stundenlang Ihre Lieblingssongs h\u00f6ren k\u00f6nnen.<\/p>\n<p><\/p>\n<p><strong>Merkmale:<\/strong><\/p>\n<ul>\n<li>100 Watt Leistung<\/li>\n<li>Bluetooth\u00ae 5.0 Technologie<\/li>\n<li>USB-Anschluss f\u00fcr Sticks<\/li>\n<li>AUX-Anschluss (3,5 mm)<\/li>\n<li>Eingebauter Akku<\/li>\n<li>Bis zu 9 Stunden Spielzeit<\/li>\n<li>Koppeln Sie 2 Elegance Lautsprecher<\/li>\n<li>Spritzwassergesch\u00fctzt (IPX5)<\/li>\n<li>Inklusive USB-C-Ladekabel und Adapter<\/li>\n<\/ul>\n<h3>Kompakt und leistungsstark<\/h3>\n<p>Dieser drahtlose Lautsprecher hat eine Leistung von 100 Watt, sodass Sie Ihre Musik mit hoher Lautst\u00e4rke wiedergeben k\u00f6nnen. So k\u00f6nnen Sie Ihre Hits genie\u00dfen, auch wenn Sie drau\u00dfen sind. Sein elegantes Design mit Griff macht ihn zu einem sch\u00f6nen tragbaren Lautsprecher, der dank seiner kompakten Gr\u00f6\u00dfe auch leicht zu transportieren ist. Guter Klang und eine angenehme Gr\u00f6\u00dfe: ein Gewinn f\u00fcr beide Seiten!<\/p>\n<h3>Ideal f\u00fcr eine Party<\/h3>\n<p>Verwenden Sie den Bluetooth\u00ae Lautsprecher mit Lichtern, um eine gute Party zu feiern. Die eingebaute Partybeleuchtung in Form von RGB-LEDs sorgt sofort f\u00fcr zus\u00e4tzliche Stimmung. Mit der TWS-Pairing-Funktion k\u00f6nnen Sie auch zwei Caliber Elegance Bluetooth\u00ae-Lautsprecher koppeln, um noch mehr Klang aus verschiedenen Winkeln zu erzeugen. Die IPX5-Einstufung macht ihn zu einem spritzwassergesch\u00fctzten Lautsprecher, was die Bluetooth\u00ae-Box auch zu Ihrem idealen Partner bei einer Poolparty, Strandparty oder Gartenparty macht. Selbst im holl\u00e4ndischen Sommer, in dem es gelegentlich zu St\u00fcrzen kommen kann, sind Sie also mit dieser Box gut bedient.<\/p>\n<h3>Verbinden Sie, wie Sie m\u00f6chten<\/h3>\n<p>Koppeln Sie Ihr Smartphone einfach per Bluetooth\u00ae mit dem drahtlosen Lautsprecher und schon k\u00f6nnen Sie loslegen! Die Box hat eine Bluetooth\u00ae-Reichweite von 10 Metern. Ist Bluetooth\u00ae nicht praktisch, weil Sie sich mit Ihrem Telefon weiter weg bewegen oder den Akku schonen m\u00f6chten? Dann k\u00f6nnen Sie den USB- oder AUX-Anschluss zur Musikwiedergabe nutzen!<\/p>\n<p><\/p>\n<p><strong>&nbsp;Mitgeliefert:<\/strong><\/p>\n<ul>\n<li>Caliber Bluetooth\u00ae Lautsprecher<\/li>\n<li>USB-C Ladekabel und Adapter<\/li>\n<\/ul>\n","protected":false},"excerpt":{"rendered":"<p>Profitieren Sie von einem leistungsstarken Lautsprecher in kompakter Gr\u00f6\u00dfe mit dem Caliber HPG440BT Elegance Bluetooth\u00ae Lautsprecher. Mit einer Leistung von 100 Watt kann die Box mehr als genug Lautst\u00e4rke erzeugen, um eine gro\u00dfe Party zu feiern. Mit der TWS-Pairing-Funktion k\u00f6nnen Sie bis zu 2 Elegance Bluetooth\u00ae Lautsprecher koppeln, um den Klang zu verteilen und zu [&hellip;]<\/p>\n","protected":false},"featured_media":852009,"template":"","meta":{"_acf_changed":false,"site-sidebar-layout":"default","site-content-layout":"default","ast-site-content-layout":"default","site-content-style":"default","site-sidebar-style":"default","ast-global-header-display":"","ast-banner-title-visibility":"","ast-main-header-display":"","ast-hfb-above-header-display":"","ast-hfb-below-header-display":"","ast-hfb-mobile-header-display":"","site-post-title":"","ast-breadcrumbs-content":"","ast-featured-img":"","footer-sml-layout":"","theme-transparent-header-meta":"default","adv-header-id-meta":"","stick-header-meta":"default","header-above-stick-meta":"","header-main-stick-meta":"","header-below-stick-meta":"","astra-migrate-meta-layouts":"default","ast-page-background-enabled":"default","ast-page-background-meta":{"desktop":{"background-color":"","background-image":"","background-repeat":"repeat","background-position":"center center","background-size":"auto","background-attachment":"scroll","background-type":"","background-media":"","overlay-type":"","overlay-color":"","overlay-opacity":"","overlay-gradient":""},"tablet":{"background-color":"","background-image":"","background-repeat":"repeat","background-position":"center center","background-size":"auto","background-attachment":"scroll","background-type":"","background-media":"","overlay-type":"","overlay-color":"","overlay-opacity":"","overlay-gradient":""},"mobile":{"background-color":"","background-image":"","background-repeat":"repeat","background-position":"center center","background-size":"auto","background-attachment":"scroll","background-type":"","background-media":"","overlay-type":"","overlay-color":"","overlay-opacity":"","overlay-gradient":""}},"ast-content-background-meta":{"desktop":{"background-color":"var(--ast-global-color-5)","background-image":"","background-repeat":"repeat","background-position":"center center","background-size":"auto","background-attachment":"scroll","background-type":"","background-media":"","overlay-type":"","overlay-color":"","overlay-opacity":"","overlay-gradient":""},"tablet":{"background-color":"var(--ast-global-color-5)","background-image":"","background-repeat":"repeat","background-position":"center center","background-size":"auto","background-attachment":"scroll","background-type":"","background-media":"","overlay-type":"","overlay-color":"","overlay-opacity":"","overlay-gradient":""},"mobile":{"background-color":"var(--ast-global-color-5)","background-image":"","background-repeat":"repeat","background-position":"center center","background-size":"auto","background-attachment":"scroll","background-type":"","background-media":"","overlay-type":"","overlay-color":"","overlay-opacity":"","overlay-gradient":""}}},"product_brand":[],"product_cat":[22956],"product_tag":[],"class_list":{"0":"post-663806","1":"product","2":"type-product","3":"status-publish","4":"has-post-thumbnail","6":"product_cat-keine-kategorie","7":"desktop-align-center","8":"tablet-align-center","9":"mobile-align-center","10":"ast-product-gallery-layout-horizontal","11":"ast-product-tabs-layout-horizontal","13":"first","14":"instock","15":"taxable","16":"shipping-taxable","17":"purchasable","18":"product-type-simple"},"acf":[],"yoast_head":"<!-- This site is optimized with the Yoast SEO plugin v26.5 - https:\/\/yoast.com\/wordpress\/plugins\/seo\/ -->\n<title>Elegance Bluetooth Lautsprecher drahtlos - USB und AUX - mit Lichteffekten - tragbar (HPG440BT) - Caliber Europe B.V.<\/title>\n<meta name=\"robots\" content=\"noindex, follow, max-snippet:-1, max-image-preview:large, max-video-preview:-1\" \/>\n<meta property=\"og:locale\" content=\"de_DE\" \/>\n<meta property=\"og:type\" content=\"article\" \/>\n<meta property=\"og:title\" content=\"Elegance Bluetooth Lautsprecher drahtlos - USB und AUX - mit Lichteffekten - tragbar (HPG440BT) - Caliber Europe B.V.\" \/>\n<meta property=\"og:description\" content=\"Profitieren Sie von einem leistungsstarken Lautsprecher in kompakter Gr\u00f6\u00dfe mit dem Caliber HPG440BT Elegance Bluetooth\u00ae Lautsprecher. Mit einer Leistung von 100 Watt kann die Box mehr als genug Lautst\u00e4rke erzeugen, um eine gro\u00dfe Party zu feiern. Mit der TWS-Pairing-Funktion k\u00f6nnen Sie bis zu 2 Elegance Bluetooth\u00ae Lautsprecher koppeln, um den Klang zu verteilen und zu [&hellip;]\" \/>\n<meta property=\"og:url\" content=\"https:\/\/b2b.calibereurope.com\/?post_type=product&amp;p=663806\" \/>\n<meta property=\"og:site_name\" content=\"Caliber Europe B.V.\" \/>\n<meta property=\"article:modified_time\" content=\"2024-09-04T10:58:13+00:00\" \/>\n<meta name=\"twitter:card\" content=\"summary_large_image\" \/>\n<meta name=\"twitter:label1\" content=\"Gesch\u00e4tzte Lesezeit\" \/>\n\t<meta name=\"twitter:data1\" content=\"2\u00a0Minuten\" \/>\n<script type=\"application\/ld+json\" class=\"yoast-schema-graph\">{\"@context\":\"https:\/\/schema.org\",\"@graph\":[{\"@type\":\"WebPage\",\"@id\":\"https:\/\/b2b.calibereurope.com\/?post_type=product&p=663806\",\"url\":\"https:\/\/b2b.calibereurope.com\/?post_type=product&p=663806\",\"name\":\"Elegance Bluetooth Lautsprecher drahtlos - USB und AUX - mit Lichteffekten - tragbar (HPG440BT) - Caliber Europe B.V.\",\"isPartOf\":{\"@id\":\"https:\/\/b2b.calibereurope.com\/#website\"},\"primaryImageOfPage\":{\"@id\":\"https:\/\/b2b.calibereurope.com\/?post_type=product&p=663806#primaryimage\"},\"image\":{\"@id\":\"https:\/\/b2b.calibereurope.com\/?post_type=product&p=663806#primaryimage\"},\"thumbnailUrl\":\"https:\/\/b2b.calibereurope.com\/wp-content\/uploads\/2024\/09\/99968c6f5741dd9b70492130fc879f7d29b00cda_HPG440BT_Schuin_Links.jpg\",\"datePublished\":\"2024-09-04T00:00:00+00:00\",\"dateModified\":\"2024-09-04T10:58:13+00:00\",\"breadcrumb\":{\"@id\":\"https:\/\/b2b.calibereurope.com\/?post_type=product&p=663806#breadcrumb\"},\"inLanguage\":\"de\",\"potentialAction\":[{\"@type\":\"ReadAction\",\"target\":[\"https:\/\/b2b.calibereurope.com\/?post_type=product&p=663806\"]}]},{\"@type\":\"ImageObject\",\"inLanguage\":\"de\",\"@id\":\"https:\/\/b2b.calibereurope.com\/?post_type=product&p=663806#primaryimage\",\"url\":\"https:\/\/b2b.calibereurope.com\/wp-content\/uploads\/2024\/09\/99968c6f5741dd9b70492130fc879f7d29b00cda_HPG440BT_Schuin_Links.jpg\",\"contentUrl\":\"https:\/\/b2b.calibereurope.com\/wp-content\/uploads\/2024\/09\/99968c6f5741dd9b70492130fc879f7d29b00cda_HPG440BT_Schuin_Links.jpg\",\"width\":1024,\"height\":768},{\"@type\":\"BreadcrumbList\",\"@id\":\"https:\/\/b2b.calibereurope.com\/?post_type=product&p=663806#breadcrumb\",\"itemListElement\":[{\"@type\":\"ListItem\",\"position\":1,\"name\":\"Home\",\"item\":\"https:\/\/b2b.calibereurope.com\/de\/\"},{\"@type\":\"ListItem\",\"position\":2,\"name\":\"Shop\",\"item\":\"https:\/\/b2b.calibereurope.com\/de\/shop\/\"},{\"@type\":\"ListItem\",\"position\":3,\"name\":\"HPG440BT\"}]},{\"@type\":\"WebSite\",\"@id\":\"https:\/\/b2b.calibereurope.com\/#website\",\"url\":\"https:\/\/b2b.calibereurope.com\/\",\"name\":\"Caliber Europe B.V.\",\"description\":\"B2B Webshop\",\"publisher\":{\"@id\":\"https:\/\/b2b.calibereurope.com\/#organization\"},\"potentialAction\":[{\"@type\":\"SearchAction\",\"target\":{\"@type\":\"EntryPoint\",\"urlTemplate\":\"https:\/\/b2b.calibereurope.com\/?s={search_term_string}\"},\"query-input\":{\"@type\":\"PropertyValueSpecification\",\"valueRequired\":true,\"valueName\":\"search_term_string\"}}],\"inLanguage\":\"de\"},{\"@type\":\"Organization\",\"@id\":\"https:\/\/b2b.calibereurope.com\/#organization\",\"name\":\"Caliber Europe B.V.\",\"url\":\"https:\/\/b2b.calibereurope.com\/\",\"logo\":{\"@type\":\"ImageObject\",\"inLanguage\":\"de\",\"@id\":\"https:\/\/b2b.calibereurope.com\/#\/schema\/logo\/image\/\",\"url\":\"https:\/\/b2b.calibereurope.com\/wp-content\/uploads\/2020\/12\/Caliber_Logo-Black.png\",\"contentUrl\":\"https:\/\/b2b.calibereurope.com\/wp-content\/uploads\/2020\/12\/Caliber_Logo-Black.png\",\"width\":3157,\"height\":356,\"caption\":\"Caliber Europe B.V.\"},\"image\":{\"@id\":\"https:\/\/b2b.calibereurope.com\/#\/schema\/logo\/image\/\"}}]}<\/script>\n<!-- \/ Yoast SEO plugin. -->","yoast_head_json":{"title":"Elegance Bluetooth Lautsprecher drahtlos - USB und AUX - mit Lichteffekten - tragbar (HPG440BT) - Caliber Europe B.V.","robots":{"index":"noindex","follow":"follow","max-snippet":"max-snippet:-1","max-image-preview":"max-image-preview:large","max-video-preview":"max-video-preview:-1"},"og_locale":"de_DE","og_type":"article","og_title":"Elegance Bluetooth Lautsprecher drahtlos - USB und AUX - mit Lichteffekten - tragbar (HPG440BT) - Caliber Europe B.V.","og_description":"Profitieren Sie von einem leistungsstarken Lautsprecher in kompakter Gr\u00f6\u00dfe mit dem Caliber HPG440BT Elegance Bluetooth\u00ae Lautsprecher. Mit einer Leistung von 100 Watt kann die Box mehr als genug Lautst\u00e4rke erzeugen, um eine gro\u00dfe Party zu feiern. Mit der TWS-Pairing-Funktion k\u00f6nnen Sie bis zu 2 Elegance Bluetooth\u00ae Lautsprecher koppeln, um den Klang zu verteilen und zu [&hellip;]","og_url":"https:\/\/b2b.calibereurope.com\/?post_type=product&p=663806","og_site_name":"Caliber Europe B.V.","article_modified_time":"2024-09-04T10:58:13+00:00","twitter_card":"summary_large_image","twitter_misc":{"Gesch\u00e4tzte Lesezeit":"2\u00a0Minuten"},"schema":{"@context":"https:\/\/schema.org","@graph":[{"@type":"WebPage","@id":"https:\/\/b2b.calibereurope.com\/?post_type=product&p=663806","url":"https:\/\/b2b.calibereurope.com\/?post_type=product&p=663806","name":"Elegance Bluetooth Lautsprecher drahtlos - USB und AUX - mit Lichteffekten - tragbar (HPG440BT) - Caliber Europe B.V.","isPartOf":{"@id":"https:\/\/b2b.calibereurope.com\/#website"},"primaryImageOfPage":{"@id":"https:\/\/b2b.calibereurope.com\/?post_type=product&p=663806#primaryimage"},"image":{"@id":"https:\/\/b2b.calibereurope.com\/?post_type=product&p=663806#primaryimage"},"thumbnailUrl":"https:\/\/b2b.calibereurope.com\/wp-content\/uploads\/2024\/09\/99968c6f5741dd9b70492130fc879f7d29b00cda_HPG440BT_Schuin_Links.jpg","datePublished":"2024-09-04T00:00:00+00:00","dateModified":"2024-09-04T10:58:13+00:00","breadcrumb":{"@id":"https:\/\/b2b.calibereurope.com\/?post_type=product&p=663806#breadcrumb"},"inLanguage":"de","potentialAction":[{"@type":"ReadAction","target":["https:\/\/b2b.calibereurope.com\/?post_type=product&p=663806"]}]},{"@type":"ImageObject","inLanguage":"de","@id":"https:\/\/b2b.calibereurope.com\/?post_type=product&p=663806#primaryimage","url":"https:\/\/b2b.calibereurope.com\/wp-content\/uploads\/2024\/09\/99968c6f5741dd9b70492130fc879f7d29b00cda_HPG440BT_Schuin_Links.jpg","contentUrl":"https:\/\/b2b.calibereurope.com\/wp-content\/uploads\/2024\/09\/99968c6f5741dd9b70492130fc879f7d29b00cda_HPG440BT_Schuin_Links.jpg","width":1024,"height":768},{"@type":"BreadcrumbList","@id":"https:\/\/b2b.calibereurope.com\/?post_type=product&p=663806#breadcrumb","itemListElement":[{"@type":"ListItem","position":1,"name":"Home","item":"https:\/\/b2b.calibereurope.com\/de\/"},{"@type":"ListItem","position":2,"name":"Shop","item":"https:\/\/b2b.calibereurope.com\/de\/shop\/"},{"@type":"ListItem","position":3,"name":"HPG440BT"}]},{"@type":"WebSite","@id":"https:\/\/b2b.calibereurope.com\/#website","url":"https:\/\/b2b.calibereurope.com\/","name":"Caliber Europe B.V.","description":"B2B Webshop","publisher":{"@id":"https:\/\/b2b.calibereurope.com\/#organization"},"potentialAction":[{"@type":"SearchAction","target":{"@type":"EntryPoint","urlTemplate":"https:\/\/b2b.calibereurope.com\/?s={search_term_string}"},"query-input":{"@type":"PropertyValueSpecification","valueRequired":true,"valueName":"search_term_string"}}],"inLanguage":"de"},{"@type":"Organization","@id":"https:\/\/b2b.calibereurope.com\/#organization","name":"Caliber Europe B.V.","url":"https:\/\/b2b.calibereurope.com\/","logo":{"@type":"ImageObject","inLanguage":"de","@id":"https:\/\/b2b.calibereurope.com\/#\/schema\/logo\/image\/","url":"https:\/\/b2b.calibereurope.com\/wp-content\/uploads\/2020\/12\/Caliber_Logo-Black.png","contentUrl":"https:\/\/b2b.calibereurope.com\/wp-content\/uploads\/2020\/12\/Caliber_Logo-Black.png","width":3157,"height":356,"caption":"Caliber Europe B.V."},"image":{"@id":"https:\/\/b2b.calibereurope.com\/#\/schema\/logo\/image\/"}}]}},"_links":{"self":[{"href":"https:\/\/b2b.calibereurope.com\/de\/wp-json\/wp\/v2\/product\/663806","targetHints":{"allow":["GET"]}}],"collection":[{"href":"https:\/\/b2b.calibereurope.com\/de\/wp-json\/wp\/v2\/product"}],"about":[{"href":"https:\/\/b2b.calibereurope.com\/de\/wp-json\/wp\/v2\/types\/product"}],"version-history":[{"count":0,"href":"https:\/\/b2b.calibereurope.com\/de\/wp-json\/wp\/v2\/product\/663806\/revisions"}],"wp:featuredmedia":[{"embeddable":true,"href":"https:\/\/b2b.calibereurope.com\/de\/wp-json\/wp\/v2\/media\/852009"}],"wp:attachment":[{"href":"https:\/\/b2b.calibereurope.com\/de\/wp-json\/wp\/v2\/media?parent=663806"}],"wp:term":[{"taxonomy":"product_brand","embeddable":true,"href":"https:\/\/b2b.calibereurope.com\/de\/wp-json\/wp\/v2\/product_brand?post=663806"},{"taxonomy":"product_cat","embeddable":true,"href":"https:\/\/b2b.calibereurope.com\/de\/wp-json\/wp\/v2\/product_cat?post=663806"},{"taxonomy":"product_tag","embeddable":true,"href":"https:\/\/b2b.calibereurope.com\/de\/wp-json\/wp\/v2\/product_tag?post=663806"}],"curies":[{"name":"wp","href":"https:\/\/api.w.org\/{rel}","templated":true}]}}