{"id":696152,"date":"2024-06-19T02:00:00","date_gmt":"2024-06-19T00:00:00","guid":{"rendered":""},"modified":"2024-06-19T12:39:41","modified_gmt":"2024-06-19T10:39:41","slug":"RMD805BT-de_DE","status":"publish","type":"product","link":"https:\/\/b2b.calibereurope.com\/de\/produkt\/RMD805BT-de_DE\/","title":{"rendered":"Autoradio mit Bluetooth\u00ae-Technologie &#8211; 2 DIN &#8211; 6,2&#8243; Touchscreen &#8211; AM\/FM &#8211; USB &#8211; SD &#8211; AUX (RMD805BT)"},"content":{"rendered":"<p>Das Caliber RMD805BT ist ein Radio- und Infotainmentsystem f\u00fcr Ihr Auto. Schlie\u00dfen Sie Ihr Smartphone an und nutzen Sie das System zum Streamen von Audiodaten und als Freisprechanlage. So k\u00f6nnen Sie Radio und Ihre eigene Musik in hoher Klangqualit\u00e4t h\u00f6ren. Das System hat die \u00fcblichen 2-DIN-Ma\u00dfe, so dass Sie Ihr altes System problemlos ersetzen k\u00f6nnen.<\/p>\n<p><\/p>\n<p><span style=\"font-weight: bold;\">Verbinden Sie Ihr Smartphone<\/span><\/p>\n<p>Der RMD805BT l\u00e4sst sich ganz einfach per Bluetooth\u00ae Technologie mit Ihrem Smartphone verbinden. So k\u00f6nnen Sie beispielsweise ganz einfach Ihre Spotify-Wiedergabelisten anh\u00f6ren. Das System unterst\u00fctzt auch Mirrorlink, mit eingeschr\u00e4nkter Kompatibilit\u00e4t f\u00fcr iOS- und Android-Ger\u00e4te. Damit k\u00f6nnen Sie den Bildschirm Ihres Telefons duplizieren und \u00fcber den Touchscreen Ihrer Headunit steuern. Dank der Bluetooth\u00ae-Technologie k\u00f6nnen Sie das RMD805BT auch als Freisprechanlage verwenden. Dank der Unterst\u00fctzung des AVRCP-Bluetooth-Profils k\u00f6nnen Sie mit den Tasten des RMD805BT Ihre Musikwiedergabe und Telefonanrufe steuern.&nbsp;<\/p>\n<p><\/p>\n<p><span style=\"font-weight: bold;\">Informationen auf dem Touchscreen<\/span><\/p>\n<p>Der 6,2-Zoll-Touchscreen des RMD805BT bietet ein komfortables Men\u00fc. Sie k\u00f6nnen einfach mit dem Finger auf einen Radiosender oder eine andere Funktion tippen. Dar\u00fcber hinaus zeigt das Display dank der RDS-EON-Radiofunktion n\u00fctzliche Informationen wie den Radiosender, das Programm oder die Uhrzeit an. Auf Wunsch k\u00f6nnen Sie auch Verkehrsinformationen z. B. \u00fcber das Autoradio empfangen.<\/p>\n<p><\/p>\n<p><span style=\"font-weight: bold;\">Audioerweiterung in Ihrem Auto<\/span><\/p>\n<p>Der RMD805BT hat eine Ausgangsleistung von 4 x 75 Watt und kann damit eine beachtliche Lautst\u00e4rke erreichen. Ein guter Grund, Ihre Auto-Audioanlage mit leistungsstarken Lautsprechern und einem Subwoofer aufzur\u00fcsten. Das Radio verf\u00fcgt \u00fcber einen Subwoofer-Ausgang und einen Cinch-Anschluss zum Anschlie\u00dfen eines Verst\u00e4rkers. Der ISO-Stecker erm\u00f6glicht es Ihnen, das Radio an die bestehende Verkabelung in Ihrem Armaturenbrett anzuschlie\u00dfen, ohne dass es zu losen Kabeln kommt.&nbsp;<\/p>\n<p><\/p>\n<p><span style=\"font-weight: bold;\">Andere Verbindungen<\/span><\/p>\n<p>Sie m\u00f6chten Ihre Musik auf eine andere Art und Weise abspielen? Sie k\u00f6nnen dies auch von einer SD-Karte oder einem USB-Stick aus tun. Stecken Sie eine Karte oder einen USB-Stick (bis zu 32 GB) mit MP3- oder WMA-Dateien ein und genie\u00dfen Sie Ihre Lieblingssongs. M\u00f6chten Sie Fotos ansehen oder einen Film von einem Speichermedium einschalten? Dies ist im MPEG4-, DivX- und JPEG-Format m\u00f6glich.<\/p>\n<p><\/p>\n","protected":false},"excerpt":{"rendered":"<p>Das Caliber RMD805BT ist ein Radio- und Infotainmentsystem f\u00fcr Ihr Auto. Schlie\u00dfen Sie Ihr Smartphone an und nutzen Sie das System zum Streamen von Audiodaten und als Freisprechanlage. So k\u00f6nnen Sie Radio und Ihre eigene Musik in hoher Klangqualit\u00e4t h\u00f6ren. Das System hat die \u00fcblichen 2-DIN-Ma\u00dfe, so dass Sie Ihr altes System problemlos ersetzen k\u00f6nnen. [&hellip;]<\/p>\n","protected":false},"featured_media":845679,"template":"","meta":{"_acf_changed":false,"site-sidebar-layout":"default","site-content-layout":"","ast-site-content-layout":"default","site-content-style":"default","site-sidebar-style":"default","ast-global-header-display":"","ast-banner-title-visibility":"","ast-main-header-display":"","ast-hfb-above-header-display":"","ast-hfb-below-header-display":"","ast-hfb-mobile-header-display":"","site-post-title":"","ast-breadcrumbs-content":"","ast-featured-img":"","footer-sml-layout":"","theme-transparent-header-meta":"","adv-header-id-meta":"","stick-header-meta":"","header-above-stick-meta":"","header-main-stick-meta":"","header-below-stick-meta":"","astra-migrate-meta-layouts":"default","ast-page-background-enabled":"default","ast-page-background-meta":{"desktop":{"background-color":"","background-image":"","background-repeat":"repeat","background-position":"center center","background-size":"auto","background-attachment":"scroll","background-type":"","background-media":"","overlay-type":"","overlay-color":"","overlay-opacity":"","overlay-gradient":""},"tablet":{"background-color":"","background-image":"","background-repeat":"repeat","background-position":"center center","background-size":"auto","background-attachment":"scroll","background-type":"","background-media":"","overlay-type":"","overlay-color":"","overlay-opacity":"","overlay-gradient":""},"mobile":{"background-color":"","background-image":"","background-repeat":"repeat","background-position":"center center","background-size":"auto","background-attachment":"scroll","background-type":"","background-media":"","overlay-type":"","overlay-color":"","overlay-opacity":"","overlay-gradient":""}},"ast-content-background-meta":{"desktop":{"background-color":"var(--ast-global-color-5)","background-image":"","background-repeat":"repeat","background-position":"center center","background-size":"auto","background-attachment":"scroll","background-type":"","background-media":"","overlay-type":"","overlay-color":"","overlay-opacity":"","overlay-gradient":""},"tablet":{"background-color":"var(--ast-global-color-5)","background-image":"","background-repeat":"repeat","background-position":"center center","background-size":"auto","background-attachment":"scroll","background-type":"","background-media":"","overlay-type":"","overlay-color":"","overlay-opacity":"","overlay-gradient":""},"mobile":{"background-color":"var(--ast-global-color-5)","background-image":"","background-repeat":"repeat","background-position":"center center","background-size":"auto","background-attachment":"scroll","background-type":"","background-media":"","overlay-type":"","overlay-color":"","overlay-opacity":"","overlay-gradient":""}}},"product_brand":[],"product_cat":[22956],"product_tag":[],"class_list":{"0":"post-696152","1":"product","2":"type-product","3":"status-publish","4":"has-post-thumbnail","6":"product_cat-keine-kategorie","7":"desktop-align-center","8":"tablet-align-center","9":"mobile-align-center","10":"ast-product-gallery-layout-horizontal","11":"ast-product-tabs-layout-horizontal","13":"first","14":"instock","15":"taxable","16":"shipping-taxable","17":"purchasable","18":"product-type-simple"},"acf":[],"yoast_head":"<!-- This site is optimized with the Yoast SEO plugin v26.5 - https:\/\/yoast.com\/wordpress\/plugins\/seo\/ -->\n<title>Autoradio mit Bluetooth\u00ae-Technologie - 2 DIN - 6,2&quot; Touchscreen - AM\/FM - USB - SD - AUX (RMD805BT) - Caliber Europe B.V.<\/title>\n<meta name=\"robots\" content=\"noindex, follow, max-snippet:-1, max-image-preview:large, max-video-preview:-1\" \/>\n<meta property=\"og:locale\" content=\"de_DE\" \/>\n<meta property=\"og:type\" content=\"article\" \/>\n<meta property=\"og:title\" content=\"Autoradio mit Bluetooth\u00ae-Technologie - 2 DIN - 6,2&quot; Touchscreen - AM\/FM - USB - SD - AUX (RMD805BT) - Caliber Europe B.V.\" \/>\n<meta property=\"og:description\" content=\"Das Caliber RMD805BT ist ein Radio- und Infotainmentsystem f\u00fcr Ihr Auto. Schlie\u00dfen Sie Ihr Smartphone an und nutzen Sie das System zum Streamen von Audiodaten und als Freisprechanlage. So k\u00f6nnen Sie Radio und Ihre eigene Musik in hoher Klangqualit\u00e4t h\u00f6ren. Das System hat die \u00fcblichen 2-DIN-Ma\u00dfe, so dass Sie Ihr altes System problemlos ersetzen k\u00f6nnen. [&hellip;]\" \/>\n<meta property=\"og:url\" content=\"https:\/\/b2b.calibereurope.com\/product\/rmd805bt-de_de\/\" \/>\n<meta property=\"og:site_name\" content=\"Caliber Europe B.V.\" \/>\n<meta property=\"article:modified_time\" content=\"2024-06-19T10:39:41+00:00\" \/>\n<meta name=\"twitter:card\" content=\"summary_large_image\" \/>\n<meta name=\"twitter:label1\" content=\"Gesch\u00e4tzte Lesezeit\" \/>\n\t<meta name=\"twitter:data1\" content=\"2\u00a0Minuten\" \/>\n<script type=\"application\/ld+json\" class=\"yoast-schema-graph\">{\"@context\":\"https:\/\/schema.org\",\"@graph\":[{\"@type\":\"WebPage\",\"@id\":\"https:\/\/b2b.calibereurope.com\/product\/rmd805bt-de_de\/\",\"url\":\"https:\/\/b2b.calibereurope.com\/product\/rmd805bt-de_de\/\",\"name\":\"Autoradio mit Bluetooth\u00ae-Technologie - 2 DIN - 6,2\\\" Touchscreen - AM\/FM - USB - SD - AUX (RMD805BT) - Caliber Europe B.V.\",\"isPartOf\":{\"@id\":\"https:\/\/b2b.calibereurope.com\/#website\"},\"primaryImageOfPage\":{\"@id\":\"https:\/\/b2b.calibereurope.com\/product\/rmd805bt-de_de\/#primaryimage\"},\"image\":{\"@id\":\"https:\/\/b2b.calibereurope.com\/product\/rmd805bt-de_de\/#primaryimage\"},\"thumbnailUrl\":\"https:\/\/b2b.calibereurope.com\/wp-content\/uploads\/2024\/06\/a066ca9a9b0a0e877f2951356d711f7ee7bee5b9_RMD805BT_Front_dvd.jpg\",\"datePublished\":\"2024-06-19T00:00:00+00:00\",\"dateModified\":\"2024-06-19T10:39:41+00:00\",\"breadcrumb\":{\"@id\":\"https:\/\/b2b.calibereurope.com\/product\/rmd805bt-de_de\/#breadcrumb\"},\"inLanguage\":\"de\",\"potentialAction\":[{\"@type\":\"ReadAction\",\"target\":[\"https:\/\/b2b.calibereurope.com\/product\/rmd805bt-de_de\/\"]}]},{\"@type\":\"ImageObject\",\"inLanguage\":\"de\",\"@id\":\"https:\/\/b2b.calibereurope.com\/product\/rmd805bt-de_de\/#primaryimage\",\"url\":\"https:\/\/b2b.calibereurope.com\/wp-content\/uploads\/2024\/06\/a066ca9a9b0a0e877f2951356d711f7ee7bee5b9_RMD805BT_Front_dvd.jpg\",\"contentUrl\":\"https:\/\/b2b.calibereurope.com\/wp-content\/uploads\/2024\/06\/a066ca9a9b0a0e877f2951356d711f7ee7bee5b9_RMD805BT_Front_dvd.jpg\",\"width\":1024,\"height\":768},{\"@type\":\"BreadcrumbList\",\"@id\":\"https:\/\/b2b.calibereurope.com\/product\/rmd805bt-de_de\/#breadcrumb\",\"itemListElement\":[{\"@type\":\"ListItem\",\"position\":1,\"name\":\"Home\",\"item\":\"https:\/\/b2b.calibereurope.com\/de\/\"},{\"@type\":\"ListItem\",\"position\":2,\"name\":\"Shop\",\"item\":\"https:\/\/b2b.calibereurope.com\/de\/shop\/\"},{\"@type\":\"ListItem\",\"position\":3,\"name\":\"RMD805BT\"}]},{\"@type\":\"WebSite\",\"@id\":\"https:\/\/b2b.calibereurope.com\/#website\",\"url\":\"https:\/\/b2b.calibereurope.com\/\",\"name\":\"Caliber Europe B.V.\",\"description\":\"B2B Webshop\",\"publisher\":{\"@id\":\"https:\/\/b2b.calibereurope.com\/#organization\"},\"potentialAction\":[{\"@type\":\"SearchAction\",\"target\":{\"@type\":\"EntryPoint\",\"urlTemplate\":\"https:\/\/b2b.calibereurope.com\/?s={search_term_string}\"},\"query-input\":{\"@type\":\"PropertyValueSpecification\",\"valueRequired\":true,\"valueName\":\"search_term_string\"}}],\"inLanguage\":\"de\"},{\"@type\":\"Organization\",\"@id\":\"https:\/\/b2b.calibereurope.com\/#organization\",\"name\":\"Caliber Europe B.V.\",\"url\":\"https:\/\/b2b.calibereurope.com\/\",\"logo\":{\"@type\":\"ImageObject\",\"inLanguage\":\"de\",\"@id\":\"https:\/\/b2b.calibereurope.com\/#\/schema\/logo\/image\/\",\"url\":\"https:\/\/b2b.calibereurope.com\/wp-content\/uploads\/2020\/12\/Caliber_Logo-Black.png\",\"contentUrl\":\"https:\/\/b2b.calibereurope.com\/wp-content\/uploads\/2020\/12\/Caliber_Logo-Black.png\",\"width\":3157,\"height\":356,\"caption\":\"Caliber Europe B.V.\"},\"image\":{\"@id\":\"https:\/\/b2b.calibereurope.com\/#\/schema\/logo\/image\/\"}}]}<\/script>\n<!-- \/ Yoast SEO plugin. -->","yoast_head_json":{"title":"Autoradio mit Bluetooth\u00ae-Technologie - 2 DIN - 6,2\" Touchscreen - AM\/FM - USB - SD - AUX (RMD805BT) - Caliber Europe B.V.","robots":{"index":"noindex","follow":"follow","max-snippet":"max-snippet:-1","max-image-preview":"max-image-preview:large","max-video-preview":"max-video-preview:-1"},"og_locale":"de_DE","og_type":"article","og_title":"Autoradio mit Bluetooth\u00ae-Technologie - 2 DIN - 6,2\" Touchscreen - AM\/FM - USB - SD - AUX (RMD805BT) - Caliber Europe B.V.","og_description":"Das Caliber RMD805BT ist ein Radio- und Infotainmentsystem f\u00fcr Ihr Auto. Schlie\u00dfen Sie Ihr Smartphone an und nutzen Sie das System zum Streamen von Audiodaten und als Freisprechanlage. So k\u00f6nnen Sie Radio und Ihre eigene Musik in hoher Klangqualit\u00e4t h\u00f6ren. Das System hat die \u00fcblichen 2-DIN-Ma\u00dfe, so dass Sie Ihr altes System problemlos ersetzen k\u00f6nnen. [&hellip;]","og_url":"https:\/\/b2b.calibereurope.com\/product\/rmd805bt-de_de\/","og_site_name":"Caliber Europe B.V.","article_modified_time":"2024-06-19T10:39:41+00:00","twitter_card":"summary_large_image","twitter_misc":{"Gesch\u00e4tzte Lesezeit":"2\u00a0Minuten"},"schema":{"@context":"https:\/\/schema.org","@graph":[{"@type":"WebPage","@id":"https:\/\/b2b.calibereurope.com\/product\/rmd805bt-de_de\/","url":"https:\/\/b2b.calibereurope.com\/product\/rmd805bt-de_de\/","name":"Autoradio mit Bluetooth\u00ae-Technologie - 2 DIN - 6,2\" Touchscreen - AM\/FM - USB - SD - AUX (RMD805BT) - Caliber Europe B.V.","isPartOf":{"@id":"https:\/\/b2b.calibereurope.com\/#website"},"primaryImageOfPage":{"@id":"https:\/\/b2b.calibereurope.com\/product\/rmd805bt-de_de\/#primaryimage"},"image":{"@id":"https:\/\/b2b.calibereurope.com\/product\/rmd805bt-de_de\/#primaryimage"},"thumbnailUrl":"https:\/\/b2b.calibereurope.com\/wp-content\/uploads\/2024\/06\/a066ca9a9b0a0e877f2951356d711f7ee7bee5b9_RMD805BT_Front_dvd.jpg","datePublished":"2024-06-19T00:00:00+00:00","dateModified":"2024-06-19T10:39:41+00:00","breadcrumb":{"@id":"https:\/\/b2b.calibereurope.com\/product\/rmd805bt-de_de\/#breadcrumb"},"inLanguage":"de","potentialAction":[{"@type":"ReadAction","target":["https:\/\/b2b.calibereurope.com\/product\/rmd805bt-de_de\/"]}]},{"@type":"ImageObject","inLanguage":"de","@id":"https:\/\/b2b.calibereurope.com\/product\/rmd805bt-de_de\/#primaryimage","url":"https:\/\/b2b.calibereurope.com\/wp-content\/uploads\/2024\/06\/a066ca9a9b0a0e877f2951356d711f7ee7bee5b9_RMD805BT_Front_dvd.jpg","contentUrl":"https:\/\/b2b.calibereurope.com\/wp-content\/uploads\/2024\/06\/a066ca9a9b0a0e877f2951356d711f7ee7bee5b9_RMD805BT_Front_dvd.jpg","width":1024,"height":768},{"@type":"BreadcrumbList","@id":"https:\/\/b2b.calibereurope.com\/product\/rmd805bt-de_de\/#breadcrumb","itemListElement":[{"@type":"ListItem","position":1,"name":"Home","item":"https:\/\/b2b.calibereurope.com\/de\/"},{"@type":"ListItem","position":2,"name":"Shop","item":"https:\/\/b2b.calibereurope.com\/de\/shop\/"},{"@type":"ListItem","position":3,"name":"RMD805BT"}]},{"@type":"WebSite","@id":"https:\/\/b2b.calibereurope.com\/#website","url":"https:\/\/b2b.calibereurope.com\/","name":"Caliber Europe B.V.","description":"B2B Webshop","publisher":{"@id":"https:\/\/b2b.calibereurope.com\/#organization"},"potentialAction":[{"@type":"SearchAction","target":{"@type":"EntryPoint","urlTemplate":"https:\/\/b2b.calibereurope.com\/?s={search_term_string}"},"query-input":{"@type":"PropertyValueSpecification","valueRequired":true,"valueName":"search_term_string"}}],"inLanguage":"de"},{"@type":"Organization","@id":"https:\/\/b2b.calibereurope.com\/#organization","name":"Caliber Europe B.V.","url":"https:\/\/b2b.calibereurope.com\/","logo":{"@type":"ImageObject","inLanguage":"de","@id":"https:\/\/b2b.calibereurope.com\/#\/schema\/logo\/image\/","url":"https:\/\/b2b.calibereurope.com\/wp-content\/uploads\/2020\/12\/Caliber_Logo-Black.png","contentUrl":"https:\/\/b2b.calibereurope.com\/wp-content\/uploads\/2020\/12\/Caliber_Logo-Black.png","width":3157,"height":356,"caption":"Caliber Europe B.V."},"image":{"@id":"https:\/\/b2b.calibereurope.com\/#\/schema\/logo\/image\/"}}]}},"_links":{"self":[{"href":"https:\/\/b2b.calibereurope.com\/de\/wp-json\/wp\/v2\/product\/696152","targetHints":{"allow":["GET"]}}],"collection":[{"href":"https:\/\/b2b.calibereurope.com\/de\/wp-json\/wp\/v2\/product"}],"about":[{"href":"https:\/\/b2b.calibereurope.com\/de\/wp-json\/wp\/v2\/types\/product"}],"version-history":[{"count":0,"href":"https:\/\/b2b.calibereurope.com\/de\/wp-json\/wp\/v2\/product\/696152\/revisions"}],"wp:featuredmedia":[{"embeddable":true,"href":"https:\/\/b2b.calibereurope.com\/de\/wp-json\/wp\/v2\/media\/845679"}],"wp:attachment":[{"href":"https:\/\/b2b.calibereurope.com\/de\/wp-json\/wp\/v2\/media?parent=696152"}],"wp:term":[{"taxonomy":"product_brand","embeddable":true,"href":"https:\/\/b2b.calibereurope.com\/de\/wp-json\/wp\/v2\/product_brand?post=696152"},{"taxonomy":"product_cat","embeddable":true,"href":"https:\/\/b2b.calibereurope.com\/de\/wp-json\/wp\/v2\/product_cat?post=696152"},{"taxonomy":"product_tag","embeddable":true,"href":"https:\/\/b2b.calibereurope.com\/de\/wp-json\/wp\/v2\/product_tag?post=696152"}],"curies":[{"name":"wp","href":"https:\/\/api.w.org\/{rel}","templated":true}]}}