{"id":763362,"date":"2025-12-04T01:00:00","date_gmt":"2025-12-04T00:00:00","guid":{"rendered":"0"},"modified":"2025-12-04T14:47:34","modified_gmt":"2025-12-04T13:47:34","slug":"CDS5G-de_DE","status":"publish","type":"product","link":"https:\/\/b2b.calibereurope.com\/de\/produkt\/CDS5G-de_DE\/","title":{"rendered":"Autolautsprecher &#8211; 2 Stra\u00dfenlautsprecher &#8211; Lautsprecher Set 13 cm &#8211; 30 mm Hocht\u00f6ner &#8211; 100 W Max (CDS5G)"},"content":{"rendered":"<p> Der CDS5G -Autosprecher besteht aus einem <strong> -Spreis von zwei Lautsprechern mit Grill. <\/strong> Die Lautsprecher von <strong> 13 cm <\/strong> haben <strong> 2 Stra\u00dfenlautsprecher <\/strong> und <strong> 30 mm Neodym -Hocht\u00f6ner <\/strong>. Auf diese Weise k\u00f6nnen Sie alle hohen T\u00f6ne der Musik optimal genie\u00dfen. Stark&gt; 100 Watt und eine minimale Leistung von 40 Watt RMS . Auf diese Weise h\u00f6ren Sie alle Kl\u00e4nge der Musik. Die Sprecher haben eine <strong> -Montentiefe von 47 mm <\/strong> und einen <strong> -In -Durchmesser von 120 mm <\/strong>. Dank der gelieferten Materialien k\u00f6nnen Sie die Autolautsprecher problemlos installieren.<\/p>\n<p><\/p>\n<\/p>\n<ul>\n<li> Autosprecher von 13 cm <\/li>\n<li> 2 Stra\u00dfensystem <\/li>\n<li> 30 mm Neodym -Hocht\u00f6ner <\/li>\n<li> 40 Watt RMS <\/li>\n<li> Maximum Kraft: 100 Watt <\/li>\n<li> Empfindlichkeit: 92 dB\/w\/m <\/li>\n<li> Montagetiefe: 47 mm <\/li>\n<li> Durchmesser einbauen: 120 mm <\/li>\n<li> mit IMPP-Kegel im Kevlar-Look <\/li>\n<li> einschlie\u00dflich Grill <\/li>\n<\/ul>\n<h3> Ausgezeichnete Qualit\u00e4t <\/h3>\n<p> Die Lautsprecher f\u00fcr das Auto haben eine feste H\u00fclle und werden mit Grill geliefert. Der Grill sorgt daf\u00fcr, dass die Autolautsprecher gut gesch\u00fctzt sind. Dies ist wichtig, um beispielsweise Sch\u00e4den an den Hocht\u00f6nern zu verhindern. Dies kann w\u00e4hrend des Transports oder durch Unaufmerksamkeit der Passagiere auftreten. Auf diese Weise werden Sie dieses Lautsprecher -Set f\u00fcr lange Zeit genie\u00dfen! <\/p>\n<h3> Optimale Klangqualit\u00e4t <\/h3>\n<p> Mit diesem Lautsprecher -Set k\u00f6nnen Sie jetzt Ihre Lieblingsmusik w\u00e4hrend eines Laufwerks stundenlang genie\u00dfen. Dank der 2 Stra\u00dfennachter und der gebauten 30 -mm -Neodym -Hocht\u00f6ner unterscheiden sich die hohen T\u00f6ne von den niedrigen T\u00f6nen gut. Auf diese Weise k\u00f6nnen Sie die beste Klangqualit\u00e4t optimal genie\u00dfen. Die Autosprecher haben eine starke Kraft. Mit einer minimalen Leistung von 40 Watt RMS und einer maximalen Leistung von 100 Watt k\u00f6nnen Sie alle Ger\u00e4usche der Musik hervorragend h\u00f6ren. <\/p>\n<h3> schnell installiert <\/h3>\n<p> Die Lautsprecher f\u00fcr das Auto werden mit Grill, Schrauben und Clips geliefert. Die Autolautsprecher haben einen gebauten Durchmesser von 120 mm und eine Tiefe von 47 mm. Wenn Sie die mitgelieferten Materialien verwenden, k\u00f6nnen Sie Lautsprecher problemlos in Ihrem Auto befestigen.&nbsp;<\/p>\n<p><\/p>\n<ul>\n<li> Caliber CDS5G -Autolautsprecher <\/li>\n<li> Montage -Material: Schrauben und Clips <\/li>\n<li> Grill <\/li>\n<\/ul>\n","protected":false},"excerpt":{"rendered":"<p>Der CDS5G -Autosprecher besteht aus einem -Spreis von zwei Lautsprechern mit Grill. Die Lautsprecher von 13 cm haben 2 Stra\u00dfenlautsprecher und 30 mm Neodym -Hocht\u00f6ner . Auf diese Weise k\u00f6nnen Sie alle hohen T\u00f6ne der Musik optimal genie\u00dfen. Stark&gt; 100 Watt und eine minimale Leistung von 40 Watt RMS . Auf diese Weise h\u00f6ren Sie [&hellip;]<\/p>\n","protected":false},"featured_media":866610,"template":"","meta":{"_acf_changed":false,"site-sidebar-layout":"default","site-content-layout":"","ast-site-content-layout":"default","site-content-style":"default","site-sidebar-style":"default","ast-global-header-display":"","ast-banner-title-visibility":"","ast-main-header-display":"","ast-hfb-above-header-display":"","ast-hfb-below-header-display":"","ast-hfb-mobile-header-display":"","site-post-title":"","ast-breadcrumbs-content":"","ast-featured-img":"","footer-sml-layout":"","theme-transparent-header-meta":"","adv-header-id-meta":"","stick-header-meta":"","header-above-stick-meta":"","header-main-stick-meta":"","header-below-stick-meta":"","astra-migrate-meta-layouts":"default","ast-page-background-enabled":"default","ast-page-background-meta":{"desktop":{"background-color":"","background-image":"","background-repeat":"repeat","background-position":"center center","background-size":"auto","background-attachment":"scroll","background-type":"","background-media":"","overlay-type":"","overlay-color":"","overlay-opacity":"","overlay-gradient":""},"tablet":{"background-color":"","background-image":"","background-repeat":"repeat","background-position":"center center","background-size":"auto","background-attachment":"scroll","background-type":"","background-media":"","overlay-type":"","overlay-color":"","overlay-opacity":"","overlay-gradient":""},"mobile":{"background-color":"","background-image":"","background-repeat":"repeat","background-position":"center center","background-size":"auto","background-attachment":"scroll","background-type":"","background-media":"","overlay-type":"","overlay-color":"","overlay-opacity":"","overlay-gradient":""}},"ast-content-background-meta":{"desktop":{"background-color":"var(--ast-global-color-5)","background-image":"","background-repeat":"repeat","background-position":"center center","background-size":"auto","background-attachment":"scroll","background-type":"","background-media":"","overlay-type":"","overlay-color":"","overlay-opacity":"","overlay-gradient":""},"tablet":{"background-color":"var(--ast-global-color-5)","background-image":"","background-repeat":"repeat","background-position":"center center","background-size":"auto","background-attachment":"scroll","background-type":"","background-media":"","overlay-type":"","overlay-color":"","overlay-opacity":"","overlay-gradient":""},"mobile":{"background-color":"var(--ast-global-color-5)","background-image":"","background-repeat":"repeat","background-position":"center center","background-size":"auto","background-attachment":"scroll","background-type":"","background-media":"","overlay-type":"","overlay-color":"","overlay-opacity":"","overlay-gradient":""}}},"product_brand":[],"product_cat":[22956],"product_tag":[],"class_list":{"0":"post-763362","1":"product","2":"type-product","3":"status-publish","4":"has-post-thumbnail","6":"product_cat-keine-kategorie","7":"desktop-align-center","8":"tablet-align-center","9":"mobile-align-center","10":"ast-product-gallery-layout-horizontal","11":"ast-product-tabs-layout-horizontal","13":"first","14":"instock","15":"taxable","16":"shipping-taxable","17":"purchasable","18":"product-type-simple"},"acf":[],"yoast_head":"<!-- This site is optimized with the Yoast SEO plugin v26.5 - https:\/\/yoast.com\/wordpress\/plugins\/seo\/ -->\n<title>Autolautsprecher - 2 Stra\u00dfenlautsprecher - Lautsprecher Set 13 cm - 30 mm Hocht\u00f6ner - 100 W Max (CDS5G) - Caliber Europe B.V.<\/title>\n<meta name=\"robots\" content=\"noindex, follow, max-snippet:-1, max-image-preview:large, max-video-preview:-1\" \/>\n<meta property=\"og:locale\" content=\"de_DE\" \/>\n<meta property=\"og:type\" content=\"article\" \/>\n<meta property=\"og:title\" content=\"Autolautsprecher - 2 Stra\u00dfenlautsprecher - Lautsprecher Set 13 cm - 30 mm Hocht\u00f6ner - 100 W Max (CDS5G) - Caliber Europe B.V.\" \/>\n<meta property=\"og:description\" content=\"Der CDS5G -Autosprecher besteht aus einem -Spreis von zwei Lautsprechern mit Grill. Die Lautsprecher von 13 cm haben 2 Stra\u00dfenlautsprecher und 30 mm Neodym -Hocht\u00f6ner . Auf diese Weise k\u00f6nnen Sie alle hohen T\u00f6ne der Musik optimal genie\u00dfen. Stark&gt; 100 Watt und eine minimale Leistung von 40 Watt RMS . Auf diese Weise h\u00f6ren Sie [&hellip;]\" \/>\n<meta property=\"og:url\" content=\"https:\/\/b2b.calibereurope.com\/product\/cds5g-de_de\/\" \/>\n<meta property=\"og:site_name\" content=\"Caliber Europe B.V.\" \/>\n<meta property=\"article:modified_time\" content=\"2025-12-04T13:47:34+00:00\" \/>\n<meta name=\"twitter:card\" content=\"summary_large_image\" \/>\n<meta name=\"twitter:label1\" content=\"Gesch\u00e4tzte Lesezeit\" \/>\n\t<meta name=\"twitter:data1\" content=\"2\u00a0Minuten\" \/>\n<script type=\"application\/ld+json\" class=\"yoast-schema-graph\">{\"@context\":\"https:\/\/schema.org\",\"@graph\":[{\"@type\":\"WebPage\",\"@id\":\"https:\/\/b2b.calibereurope.com\/product\/cds5g-de_de\/\",\"url\":\"https:\/\/b2b.calibereurope.com\/product\/cds5g-de_de\/\",\"name\":\"Autolautsprecher - 2 Stra\u00dfenlautsprecher - Lautsprecher Set 13 cm - 30 mm Hocht\u00f6ner - 100 W Max (CDS5G) - Caliber Europe B.V.\",\"isPartOf\":{\"@id\":\"https:\/\/b2b.calibereurope.com\/#website\"},\"primaryImageOfPage\":{\"@id\":\"https:\/\/b2b.calibereurope.com\/product\/cds5g-de_de\/#primaryimage\"},\"image\":{\"@id\":\"https:\/\/b2b.calibereurope.com\/product\/cds5g-de_de\/#primaryimage\"},\"thumbnailUrl\":\"https:\/\/b2b.calibereurope.com\/wp-content\/uploads\/2025\/12\/bdec4db549ddde35042f331c4b8a4ea84437321c_CDS5G_top-4.jpg\",\"datePublished\":\"2025-12-04T00:00:00+00:00\",\"dateModified\":\"2025-12-04T13:47:34+00:00\",\"breadcrumb\":{\"@id\":\"https:\/\/b2b.calibereurope.com\/product\/cds5g-de_de\/#breadcrumb\"},\"inLanguage\":\"de\",\"potentialAction\":[{\"@type\":\"ReadAction\",\"target\":[\"https:\/\/b2b.calibereurope.com\/product\/cds5g-de_de\/\"]}]},{\"@type\":\"ImageObject\",\"inLanguage\":\"de\",\"@id\":\"https:\/\/b2b.calibereurope.com\/product\/cds5g-de_de\/#primaryimage\",\"url\":\"https:\/\/b2b.calibereurope.com\/wp-content\/uploads\/2025\/12\/bdec4db549ddde35042f331c4b8a4ea84437321c_CDS5G_top-4.jpg\",\"contentUrl\":\"https:\/\/b2b.calibereurope.com\/wp-content\/uploads\/2025\/12\/bdec4db549ddde35042f331c4b8a4ea84437321c_CDS5G_top-4.jpg\",\"width\":1024,\"height\":768},{\"@type\":\"BreadcrumbList\",\"@id\":\"https:\/\/b2b.calibereurope.com\/product\/cds5g-de_de\/#breadcrumb\",\"itemListElement\":[{\"@type\":\"ListItem\",\"position\":1,\"name\":\"Home\",\"item\":\"https:\/\/b2b.calibereurope.com\/de\/\"},{\"@type\":\"ListItem\",\"position\":2,\"name\":\"Shop\",\"item\":\"https:\/\/b2b.calibereurope.com\/de\/shop\/\"},{\"@type\":\"ListItem\",\"position\":3,\"name\":\"CDS5G\"}]},{\"@type\":\"WebSite\",\"@id\":\"https:\/\/b2b.calibereurope.com\/#website\",\"url\":\"https:\/\/b2b.calibereurope.com\/\",\"name\":\"Caliber Europe B.V.\",\"description\":\"B2B Webshop\",\"publisher\":{\"@id\":\"https:\/\/b2b.calibereurope.com\/#organization\"},\"potentialAction\":[{\"@type\":\"SearchAction\",\"target\":{\"@type\":\"EntryPoint\",\"urlTemplate\":\"https:\/\/b2b.calibereurope.com\/?s={search_term_string}\"},\"query-input\":{\"@type\":\"PropertyValueSpecification\",\"valueRequired\":true,\"valueName\":\"search_term_string\"}}],\"inLanguage\":\"de\"},{\"@type\":\"Organization\",\"@id\":\"https:\/\/b2b.calibereurope.com\/#organization\",\"name\":\"Caliber Europe B.V.\",\"url\":\"https:\/\/b2b.calibereurope.com\/\",\"logo\":{\"@type\":\"ImageObject\",\"inLanguage\":\"de\",\"@id\":\"https:\/\/b2b.calibereurope.com\/#\/schema\/logo\/image\/\",\"url\":\"https:\/\/b2b.calibereurope.com\/wp-content\/uploads\/2020\/12\/Caliber_Logo-Black.png\",\"contentUrl\":\"https:\/\/b2b.calibereurope.com\/wp-content\/uploads\/2020\/12\/Caliber_Logo-Black.png\",\"width\":3157,\"height\":356,\"caption\":\"Caliber Europe B.V.\"},\"image\":{\"@id\":\"https:\/\/b2b.calibereurope.com\/#\/schema\/logo\/image\/\"}}]}<\/script>\n<!-- \/ Yoast SEO plugin. -->","yoast_head_json":{"title":"Autolautsprecher - 2 Stra\u00dfenlautsprecher - Lautsprecher Set 13 cm - 30 mm Hocht\u00f6ner - 100 W Max (CDS5G) - Caliber Europe B.V.","robots":{"index":"noindex","follow":"follow","max-snippet":"max-snippet:-1","max-image-preview":"max-image-preview:large","max-video-preview":"max-video-preview:-1"},"og_locale":"de_DE","og_type":"article","og_title":"Autolautsprecher - 2 Stra\u00dfenlautsprecher - Lautsprecher Set 13 cm - 30 mm Hocht\u00f6ner - 100 W Max (CDS5G) - Caliber Europe B.V.","og_description":"Der CDS5G -Autosprecher besteht aus einem -Spreis von zwei Lautsprechern mit Grill. Die Lautsprecher von 13 cm haben 2 Stra\u00dfenlautsprecher und 30 mm Neodym -Hocht\u00f6ner . Auf diese Weise k\u00f6nnen Sie alle hohen T\u00f6ne der Musik optimal genie\u00dfen. Stark&gt; 100 Watt und eine minimale Leistung von 40 Watt RMS . Auf diese Weise h\u00f6ren Sie [&hellip;]","og_url":"https:\/\/b2b.calibereurope.com\/product\/cds5g-de_de\/","og_site_name":"Caliber Europe B.V.","article_modified_time":"2025-12-04T13:47:34+00:00","twitter_card":"summary_large_image","twitter_misc":{"Gesch\u00e4tzte Lesezeit":"2\u00a0Minuten"},"schema":{"@context":"https:\/\/schema.org","@graph":[{"@type":"WebPage","@id":"https:\/\/b2b.calibereurope.com\/product\/cds5g-de_de\/","url":"https:\/\/b2b.calibereurope.com\/product\/cds5g-de_de\/","name":"Autolautsprecher - 2 Stra\u00dfenlautsprecher - Lautsprecher Set 13 cm - 30 mm Hocht\u00f6ner - 100 W Max (CDS5G) - Caliber Europe B.V.","isPartOf":{"@id":"https:\/\/b2b.calibereurope.com\/#website"},"primaryImageOfPage":{"@id":"https:\/\/b2b.calibereurope.com\/product\/cds5g-de_de\/#primaryimage"},"image":{"@id":"https:\/\/b2b.calibereurope.com\/product\/cds5g-de_de\/#primaryimage"},"thumbnailUrl":"https:\/\/b2b.calibereurope.com\/wp-content\/uploads\/2025\/12\/bdec4db549ddde35042f331c4b8a4ea84437321c_CDS5G_top-4.jpg","datePublished":"2025-12-04T00:00:00+00:00","dateModified":"2025-12-04T13:47:34+00:00","breadcrumb":{"@id":"https:\/\/b2b.calibereurope.com\/product\/cds5g-de_de\/#breadcrumb"},"inLanguage":"de","potentialAction":[{"@type":"ReadAction","target":["https:\/\/b2b.calibereurope.com\/product\/cds5g-de_de\/"]}]},{"@type":"ImageObject","inLanguage":"de","@id":"https:\/\/b2b.calibereurope.com\/product\/cds5g-de_de\/#primaryimage","url":"https:\/\/b2b.calibereurope.com\/wp-content\/uploads\/2025\/12\/bdec4db549ddde35042f331c4b8a4ea84437321c_CDS5G_top-4.jpg","contentUrl":"https:\/\/b2b.calibereurope.com\/wp-content\/uploads\/2025\/12\/bdec4db549ddde35042f331c4b8a4ea84437321c_CDS5G_top-4.jpg","width":1024,"height":768},{"@type":"BreadcrumbList","@id":"https:\/\/b2b.calibereurope.com\/product\/cds5g-de_de\/#breadcrumb","itemListElement":[{"@type":"ListItem","position":1,"name":"Home","item":"https:\/\/b2b.calibereurope.com\/de\/"},{"@type":"ListItem","position":2,"name":"Shop","item":"https:\/\/b2b.calibereurope.com\/de\/shop\/"},{"@type":"ListItem","position":3,"name":"CDS5G"}]},{"@type":"WebSite","@id":"https:\/\/b2b.calibereurope.com\/#website","url":"https:\/\/b2b.calibereurope.com\/","name":"Caliber Europe B.V.","description":"B2B Webshop","publisher":{"@id":"https:\/\/b2b.calibereurope.com\/#organization"},"potentialAction":[{"@type":"SearchAction","target":{"@type":"EntryPoint","urlTemplate":"https:\/\/b2b.calibereurope.com\/?s={search_term_string}"},"query-input":{"@type":"PropertyValueSpecification","valueRequired":true,"valueName":"search_term_string"}}],"inLanguage":"de"},{"@type":"Organization","@id":"https:\/\/b2b.calibereurope.com\/#organization","name":"Caliber Europe B.V.","url":"https:\/\/b2b.calibereurope.com\/","logo":{"@type":"ImageObject","inLanguage":"de","@id":"https:\/\/b2b.calibereurope.com\/#\/schema\/logo\/image\/","url":"https:\/\/b2b.calibereurope.com\/wp-content\/uploads\/2020\/12\/Caliber_Logo-Black.png","contentUrl":"https:\/\/b2b.calibereurope.com\/wp-content\/uploads\/2020\/12\/Caliber_Logo-Black.png","width":3157,"height":356,"caption":"Caliber Europe B.V."},"image":{"@id":"https:\/\/b2b.calibereurope.com\/#\/schema\/logo\/image\/"}}]}},"_links":{"self":[{"href":"https:\/\/b2b.calibereurope.com\/de\/wp-json\/wp\/v2\/product\/763362","targetHints":{"allow":["GET"]}}],"collection":[{"href":"https:\/\/b2b.calibereurope.com\/de\/wp-json\/wp\/v2\/product"}],"about":[{"href":"https:\/\/b2b.calibereurope.com\/de\/wp-json\/wp\/v2\/types\/product"}],"version-history":[{"count":0,"href":"https:\/\/b2b.calibereurope.com\/de\/wp-json\/wp\/v2\/product\/763362\/revisions"}],"wp:featuredmedia":[{"embeddable":true,"href":"https:\/\/b2b.calibereurope.com\/de\/wp-json\/wp\/v2\/media\/866610"}],"wp:attachment":[{"href":"https:\/\/b2b.calibereurope.com\/de\/wp-json\/wp\/v2\/media?parent=763362"}],"wp:term":[{"taxonomy":"product_brand","embeddable":true,"href":"https:\/\/b2b.calibereurope.com\/de\/wp-json\/wp\/v2\/product_brand?post=763362"},{"taxonomy":"product_cat","embeddable":true,"href":"https:\/\/b2b.calibereurope.com\/de\/wp-json\/wp\/v2\/product_cat?post=763362"},{"taxonomy":"product_tag","embeddable":true,"href":"https:\/\/b2b.calibereurope.com\/de\/wp-json\/wp\/v2\/product_tag?post=763362"}],"curies":[{"name":"wp","href":"https:\/\/api.w.org\/{rel}","templated":true}]}}