{"id":763366,"date":"2026-04-07T02:00:00","date_gmt":"2026-04-07T00:00:00","guid":{"rendered":"0"},"modified":"2026-04-07T07:23:42","modified_gmt":"2026-04-07T05:23:42","slug":"CDS5-de_DE","status":"publish","type":"product","link":"https:\/\/b2b.calibereurope.com\/de\/produkt\/CDS5-de_DE\/","title":{"rendered":"Lautsprecher -Set &#8211; 13 cm &#8211; 100W max &#8211; 40 W RMS &#8211; 30 mM Neodym -Hocht\u00f6ner &#8211; 2 Stra\u00dfenkochvollen -Lautsprecher (CDS5)"},"content":{"rendered":"<p> Der CDDS5 -Lautsprechersatz wird in zwei zwei Sets von Two erh\u00e4ltlich.  Beide Lautsprecher sind jeweils <strahls> 13 cm . H\u00f6ren Sie sich jetzt all Ihre Lieblingshits mit diesen Lautsprechern f\u00fcr das Auto an. Dank der <strong> 30 mm Neodym -Hocht\u00f6ner <\/strong> k\u00f6nnen Sie alle hohen T\u00f6ne der Musik optimal genie\u00dfen. Die Autolautsprecher haben ein <strong> 2 Stra\u00dfensystems <\/strong>, sodass die hohen und niedrigen Musikt\u00f6ne gut unterschieden werden. Mit einem Klang von <strong> maximal 100 Watt und 40 Watt RMS <\/strong> sind Sie immer die beste Klangqualit\u00e4t und dies macht Ihren Laufwerk viel angenehmer. <\/strahls><\/p>\n<p> <\/p>\n<\/p>\n<p> <strong> Merkmale: <\/strong> <\/p>\n<ul>\n<li> Autolautsprecher von 13 cm <\/li>\n<li> Koaxiallautsprecher <\/li>\n<li> 30 mm Neodymiumt\u00f6ner <\/li>\n<li> 40 Watt RMS <\/li>\n<li> Maximale Leistung: 100 Watt <\/li>\n<li> Empfindlichkeit: 92 dB\/w\/m <\/li>\n<li> Assemblertiefe : 47 mm <\/li>\n<li> Eingebauter Durchmesser: 120 mm <\/li>\n<li> Mit IMPP-Kegel im Kevlar-Look <\/li>\n<\/ul>\n<h3> Zusammenf\u00fchrung in die Musik <\/h3>\n<p> Wenn Sie nach Lautsprechern suchen, die einen optimalen Klang in Ihrem Auto gew\u00e4hrleisten, sind Sie mit diesem Satz am richtigen Ort. Die 30 -mm -Neodym -Hocht\u00f6ner unterscheiden die hohen T\u00f6ne der niedrigen T\u00f6ne. Dank der koaxialen Sprecher und der Hocht\u00f6ner k\u00f6nnen Sie alle Details der Musik h\u00f6ren. <\/p>\n<h3> leistungsstarker Klang <\/h3>\n<p> Die 13 -cm -Autorenlautsprecher sind mit einer maximalen Leistung von 100 Watt und einer minimalen Leistung von 40 Watt RMS ausgestattet. Stellen Sie sicher, dass die Autolautsprecher bei langfristiger Exposition nicht \u00fcber das H\u00f6chstvolumen verf\u00fcgen. Dies ist auch nicht notwendig, um Ihre Lieblingslieder vollst\u00e4ndig zu genie\u00dfen. Die Ger\u00e4usche der Autolautsprecher sind zu h\u00f6ren, ob Sie das Volumen niedrig oder hoch haben. <\/p>\n<h3> Einfach zu installieren <\/h3>\n<p> Dank der gelieferten Materialien sind die Lautsprecher einfach zu installieren. Sie k\u00f6nnen den Lautsprechersatz problemlos mit einer Installationstiefe von 47 mm und einem durchgebauten Durchmesser von 120 mm in Ihrem Auto platzieren. Sie k\u00f6nnen sie dann mit den ausgelieferten Schrauben und Montageklammern befestigen.<\/p>\n<p><\/p>\n<\/p>\n<ul>\n<li> CDS5 -Lautsprecher -Set <\/li>\n<li> Befestigungselemente: Schrauben und Clips <\/li>\n<\/ul>\n","protected":false},"excerpt":{"rendered":"<p>Der CDDS5 -Lautsprechersatz wird in zwei zwei Sets von Two erh\u00e4ltlich. Beide Lautsprecher sind jeweils 13 cm . H\u00f6ren Sie sich jetzt all Ihre Lieblingshits mit diesen Lautsprechern f\u00fcr das Auto an. Dank der 30 mm Neodym -Hocht\u00f6ner k\u00f6nnen Sie alle hohen T\u00f6ne der Musik optimal genie\u00dfen. Die Autolautsprecher haben ein 2 Stra\u00dfensystems , sodass [&hellip;]<\/p>\n","protected":false},"featured_media":872637,"template":"","meta":{"_acf_changed":false,"site-sidebar-layout":"default","site-content-layout":"default","ast-site-content-layout":"default","site-content-style":"default","site-sidebar-style":"default","ast-global-header-display":"","ast-banner-title-visibility":"","ast-main-header-display":"","ast-hfb-above-header-display":"","ast-hfb-below-header-display":"","ast-hfb-mobile-header-display":"","site-post-title":"","ast-breadcrumbs-content":"","ast-featured-img":"","footer-sml-layout":"","theme-transparent-header-meta":"default","adv-header-id-meta":"","stick-header-meta":"default","header-above-stick-meta":"","header-main-stick-meta":"","header-below-stick-meta":"","astra-migrate-meta-layouts":"default","ast-page-background-enabled":"default","ast-page-background-meta":{"desktop":{"background-color":"","background-image":"","background-repeat":"repeat","background-position":"center center","background-size":"auto","background-attachment":"scroll","background-type":"","background-media":"","overlay-type":"","overlay-color":"","overlay-opacity":"","overlay-gradient":""},"tablet":{"background-color":"","background-image":"","background-repeat":"repeat","background-position":"center center","background-size":"auto","background-attachment":"scroll","background-type":"","background-media":"","overlay-type":"","overlay-color":"","overlay-opacity":"","overlay-gradient":""},"mobile":{"background-color":"","background-image":"","background-repeat":"repeat","background-position":"center center","background-size":"auto","background-attachment":"scroll","background-type":"","background-media":"","overlay-type":"","overlay-color":"","overlay-opacity":"","overlay-gradient":""}},"ast-content-background-meta":{"desktop":{"background-color":"var(--ast-global-color-5)","background-image":"","background-repeat":"repeat","background-position":"center center","background-size":"auto","background-attachment":"scroll","background-type":"","background-media":"","overlay-type":"","overlay-color":"","overlay-opacity":"","overlay-gradient":""},"tablet":{"background-color":"var(--ast-global-color-5)","background-image":"","background-repeat":"repeat","background-position":"center center","background-size":"auto","background-attachment":"scroll","background-type":"","background-media":"","overlay-type":"","overlay-color":"","overlay-opacity":"","overlay-gradient":""},"mobile":{"background-color":"var(--ast-global-color-5)","background-image":"","background-repeat":"repeat","background-position":"center center","background-size":"auto","background-attachment":"scroll","background-type":"","background-media":"","overlay-type":"","overlay-color":"","overlay-opacity":"","overlay-gradient":""}}},"product_brand":[],"product_cat":[12167],"product_tag":[],"class_list":{"0":"post-763366","1":"product","2":"type-product","3":"status-publish","4":"has-post-thumbnail","6":"product_cat-luidsprekers_auto_de_de","7":"desktop-align-center","8":"tablet-align-center","9":"mobile-align-center","10":"ast-product-gallery-layout-horizontal","11":"ast-product-tabs-layout-horizontal","13":"first","14":"instock","15":"taxable","16":"shipping-taxable","17":"purchasable","18":"product-type-simple"},"acf":[],"yoast_head":"<!-- This site is optimized with the Yoast SEO plugin v26.5 - https:\/\/yoast.com\/wordpress\/plugins\/seo\/ -->\n<title>Lautsprecher -Set - 13 cm - 100W max - 40 W RMS - 30 mM Neodym -Hocht\u00f6ner - 2 Stra\u00dfenkochvollen -Lautsprecher (CDS5) - Caliber Europe B.V.<\/title>\n<meta name=\"robots\" content=\"noindex, follow, max-snippet:-1, max-image-preview:large, max-video-preview:-1\" \/>\n<meta property=\"og:locale\" content=\"de_DE\" \/>\n<meta property=\"og:type\" content=\"article\" \/>\n<meta property=\"og:title\" content=\"Lautsprecher -Set - 13 cm - 100W max - 40 W RMS - 30 mM Neodym -Hocht\u00f6ner - 2 Stra\u00dfenkochvollen -Lautsprecher (CDS5) - Caliber Europe B.V.\" \/>\n<meta property=\"og:description\" content=\"Der CDDS5 -Lautsprechersatz wird in zwei zwei Sets von Two erh\u00e4ltlich. Beide Lautsprecher sind jeweils 13 cm . H\u00f6ren Sie sich jetzt all Ihre Lieblingshits mit diesen Lautsprechern f\u00fcr das Auto an. Dank der 30 mm Neodym -Hocht\u00f6ner k\u00f6nnen Sie alle hohen T\u00f6ne der Musik optimal genie\u00dfen. Die Autolautsprecher haben ein 2 Stra\u00dfensystems , sodass [&hellip;]\" \/>\n<meta property=\"og:url\" content=\"https:\/\/b2b.calibereurope.com\/product\/cds5-de_de\/\" \/>\n<meta property=\"og:site_name\" content=\"Caliber Europe B.V.\" \/>\n<meta property=\"article:modified_time\" content=\"2026-04-07T05:23:42+00:00\" \/>\n<meta name=\"twitter:card\" content=\"summary_large_image\" \/>\n<meta name=\"twitter:label1\" content=\"Gesch\u00e4tzte Lesezeit\" \/>\n\t<meta name=\"twitter:data1\" content=\"1\u00a0Minute\" \/>\n<script type=\"application\/ld+json\" class=\"yoast-schema-graph\">{\"@context\":\"https:\/\/schema.org\",\"@graph\":[{\"@type\":\"WebPage\",\"@id\":\"https:\/\/b2b.calibereurope.com\/product\/cds5-de_de\/\",\"url\":\"https:\/\/b2b.calibereurope.com\/product\/cds5-de_de\/\",\"name\":\"Lautsprecher -Set - 13 cm - 100W max - 40 W RMS - 30 mM Neodym -Hocht\u00f6ner - 2 Stra\u00dfenkochvollen -Lautsprecher (CDS5) - Caliber Europe B.V.\",\"isPartOf\":{\"@id\":\"https:\/\/b2b.calibereurope.com\/#website\"},\"primaryImageOfPage\":{\"@id\":\"https:\/\/b2b.calibereurope.com\/product\/cds5-de_de\/#primaryimage\"},\"image\":{\"@id\":\"https:\/\/b2b.calibereurope.com\/product\/cds5-de_de\/#primaryimage\"},\"thumbnailUrl\":\"https:\/\/b2b.calibereurope.com\/wp-content\/uploads\/2026\/04\/f5321a2f48b694ab58840718c2883941879ac7c5_CDS5_top.jpg\",\"datePublished\":\"2026-04-07T00:00:00+00:00\",\"dateModified\":\"2026-04-07T05:23:42+00:00\",\"breadcrumb\":{\"@id\":\"https:\/\/b2b.calibereurope.com\/product\/cds5-de_de\/#breadcrumb\"},\"inLanguage\":\"de\",\"potentialAction\":[{\"@type\":\"ReadAction\",\"target\":[\"https:\/\/b2b.calibereurope.com\/product\/cds5-de_de\/\"]}]},{\"@type\":\"ImageObject\",\"inLanguage\":\"de\",\"@id\":\"https:\/\/b2b.calibereurope.com\/product\/cds5-de_de\/#primaryimage\",\"url\":\"https:\/\/b2b.calibereurope.com\/wp-content\/uploads\/2026\/04\/f5321a2f48b694ab58840718c2883941879ac7c5_CDS5_top.jpg\",\"contentUrl\":\"https:\/\/b2b.calibereurope.com\/wp-content\/uploads\/2026\/04\/f5321a2f48b694ab58840718c2883941879ac7c5_CDS5_top.jpg\",\"width\":1024,\"height\":768},{\"@type\":\"BreadcrumbList\",\"@id\":\"https:\/\/b2b.calibereurope.com\/product\/cds5-de_de\/#breadcrumb\",\"itemListElement\":[{\"@type\":\"ListItem\",\"position\":1,\"name\":\"Home\",\"item\":\"https:\/\/b2b.calibereurope.com\/de\/\"},{\"@type\":\"ListItem\",\"position\":2,\"name\":\"Shop\",\"item\":\"https:\/\/b2b.calibereurope.com\/de\/shop\/\"},{\"@type\":\"ListItem\",\"position\":3,\"name\":\"CDS5\"}]},{\"@type\":\"WebSite\",\"@id\":\"https:\/\/b2b.calibereurope.com\/#website\",\"url\":\"https:\/\/b2b.calibereurope.com\/\",\"name\":\"Caliber Europe B.V.\",\"description\":\"B2B Webshop\",\"publisher\":{\"@id\":\"https:\/\/b2b.calibereurope.com\/#organization\"},\"potentialAction\":[{\"@type\":\"SearchAction\",\"target\":{\"@type\":\"EntryPoint\",\"urlTemplate\":\"https:\/\/b2b.calibereurope.com\/?s={search_term_string}\"},\"query-input\":{\"@type\":\"PropertyValueSpecification\",\"valueRequired\":true,\"valueName\":\"search_term_string\"}}],\"inLanguage\":\"de\"},{\"@type\":\"Organization\",\"@id\":\"https:\/\/b2b.calibereurope.com\/#organization\",\"name\":\"Caliber Europe B.V.\",\"url\":\"https:\/\/b2b.calibereurope.com\/\",\"logo\":{\"@type\":\"ImageObject\",\"inLanguage\":\"de\",\"@id\":\"https:\/\/b2b.calibereurope.com\/#\/schema\/logo\/image\/\",\"url\":\"https:\/\/b2b.calibereurope.com\/wp-content\/uploads\/2020\/12\/Caliber_Logo-Black.png\",\"contentUrl\":\"https:\/\/b2b.calibereurope.com\/wp-content\/uploads\/2020\/12\/Caliber_Logo-Black.png\",\"width\":3157,\"height\":356,\"caption\":\"Caliber Europe B.V.\"},\"image\":{\"@id\":\"https:\/\/b2b.calibereurope.com\/#\/schema\/logo\/image\/\"}}]}<\/script>\n<!-- \/ Yoast SEO plugin. -->","yoast_head_json":{"title":"Lautsprecher -Set - 13 cm - 100W max - 40 W RMS - 30 mM Neodym -Hocht\u00f6ner - 2 Stra\u00dfenkochvollen -Lautsprecher (CDS5) - Caliber Europe B.V.","robots":{"index":"noindex","follow":"follow","max-snippet":"max-snippet:-1","max-image-preview":"max-image-preview:large","max-video-preview":"max-video-preview:-1"},"og_locale":"de_DE","og_type":"article","og_title":"Lautsprecher -Set - 13 cm - 100W max - 40 W RMS - 30 mM Neodym -Hocht\u00f6ner - 2 Stra\u00dfenkochvollen -Lautsprecher (CDS5) - Caliber Europe B.V.","og_description":"Der CDDS5 -Lautsprechersatz wird in zwei zwei Sets von Two erh\u00e4ltlich. Beide Lautsprecher sind jeweils 13 cm . H\u00f6ren Sie sich jetzt all Ihre Lieblingshits mit diesen Lautsprechern f\u00fcr das Auto an. Dank der 30 mm Neodym -Hocht\u00f6ner k\u00f6nnen Sie alle hohen T\u00f6ne der Musik optimal genie\u00dfen. Die Autolautsprecher haben ein 2 Stra\u00dfensystems , sodass [&hellip;]","og_url":"https:\/\/b2b.calibereurope.com\/product\/cds5-de_de\/","og_site_name":"Caliber Europe B.V.","article_modified_time":"2026-04-07T05:23:42+00:00","twitter_card":"summary_large_image","twitter_misc":{"Gesch\u00e4tzte Lesezeit":"1\u00a0Minute"},"schema":{"@context":"https:\/\/schema.org","@graph":[{"@type":"WebPage","@id":"https:\/\/b2b.calibereurope.com\/product\/cds5-de_de\/","url":"https:\/\/b2b.calibereurope.com\/product\/cds5-de_de\/","name":"Lautsprecher -Set - 13 cm - 100W max - 40 W RMS - 30 mM Neodym -Hocht\u00f6ner - 2 Stra\u00dfenkochvollen -Lautsprecher (CDS5) - Caliber Europe B.V.","isPartOf":{"@id":"https:\/\/b2b.calibereurope.com\/#website"},"primaryImageOfPage":{"@id":"https:\/\/b2b.calibereurope.com\/product\/cds5-de_de\/#primaryimage"},"image":{"@id":"https:\/\/b2b.calibereurope.com\/product\/cds5-de_de\/#primaryimage"},"thumbnailUrl":"https:\/\/b2b.calibereurope.com\/wp-content\/uploads\/2026\/04\/f5321a2f48b694ab58840718c2883941879ac7c5_CDS5_top.jpg","datePublished":"2026-04-07T00:00:00+00:00","dateModified":"2026-04-07T05:23:42+00:00","breadcrumb":{"@id":"https:\/\/b2b.calibereurope.com\/product\/cds5-de_de\/#breadcrumb"},"inLanguage":"de","potentialAction":[{"@type":"ReadAction","target":["https:\/\/b2b.calibereurope.com\/product\/cds5-de_de\/"]}]},{"@type":"ImageObject","inLanguage":"de","@id":"https:\/\/b2b.calibereurope.com\/product\/cds5-de_de\/#primaryimage","url":"https:\/\/b2b.calibereurope.com\/wp-content\/uploads\/2026\/04\/f5321a2f48b694ab58840718c2883941879ac7c5_CDS5_top.jpg","contentUrl":"https:\/\/b2b.calibereurope.com\/wp-content\/uploads\/2026\/04\/f5321a2f48b694ab58840718c2883941879ac7c5_CDS5_top.jpg","width":1024,"height":768},{"@type":"BreadcrumbList","@id":"https:\/\/b2b.calibereurope.com\/product\/cds5-de_de\/#breadcrumb","itemListElement":[{"@type":"ListItem","position":1,"name":"Home","item":"https:\/\/b2b.calibereurope.com\/de\/"},{"@type":"ListItem","position":2,"name":"Shop","item":"https:\/\/b2b.calibereurope.com\/de\/shop\/"},{"@type":"ListItem","position":3,"name":"CDS5"}]},{"@type":"WebSite","@id":"https:\/\/b2b.calibereurope.com\/#website","url":"https:\/\/b2b.calibereurope.com\/","name":"Caliber Europe B.V.","description":"B2B Webshop","publisher":{"@id":"https:\/\/b2b.calibereurope.com\/#organization"},"potentialAction":[{"@type":"SearchAction","target":{"@type":"EntryPoint","urlTemplate":"https:\/\/b2b.calibereurope.com\/?s={search_term_string}"},"query-input":{"@type":"PropertyValueSpecification","valueRequired":true,"valueName":"search_term_string"}}],"inLanguage":"de"},{"@type":"Organization","@id":"https:\/\/b2b.calibereurope.com\/#organization","name":"Caliber Europe B.V.","url":"https:\/\/b2b.calibereurope.com\/","logo":{"@type":"ImageObject","inLanguage":"de","@id":"https:\/\/b2b.calibereurope.com\/#\/schema\/logo\/image\/","url":"https:\/\/b2b.calibereurope.com\/wp-content\/uploads\/2020\/12\/Caliber_Logo-Black.png","contentUrl":"https:\/\/b2b.calibereurope.com\/wp-content\/uploads\/2020\/12\/Caliber_Logo-Black.png","width":3157,"height":356,"caption":"Caliber Europe B.V."},"image":{"@id":"https:\/\/b2b.calibereurope.com\/#\/schema\/logo\/image\/"}}]}},"_links":{"self":[{"href":"https:\/\/b2b.calibereurope.com\/de\/wp-json\/wp\/v2\/product\/763366","targetHints":{"allow":["GET"]}}],"collection":[{"href":"https:\/\/b2b.calibereurope.com\/de\/wp-json\/wp\/v2\/product"}],"about":[{"href":"https:\/\/b2b.calibereurope.com\/de\/wp-json\/wp\/v2\/types\/product"}],"version-history":[{"count":0,"href":"https:\/\/b2b.calibereurope.com\/de\/wp-json\/wp\/v2\/product\/763366\/revisions"}],"wp:featuredmedia":[{"embeddable":true,"href":"https:\/\/b2b.calibereurope.com\/de\/wp-json\/wp\/v2\/media\/872637"}],"wp:attachment":[{"href":"https:\/\/b2b.calibereurope.com\/de\/wp-json\/wp\/v2\/media?parent=763366"}],"wp:term":[{"taxonomy":"product_brand","embeddable":true,"href":"https:\/\/b2b.calibereurope.com\/de\/wp-json\/wp\/v2\/product_brand?post=763366"},{"taxonomy":"product_cat","embeddable":true,"href":"https:\/\/b2b.calibereurope.com\/de\/wp-json\/wp\/v2\/product_cat?post=763366"},{"taxonomy":"product_tag","embeddable":true,"href":"https:\/\/b2b.calibereurope.com\/de\/wp-json\/wp\/v2\/product_tag?post=763366"}],"curies":[{"name":"wp","href":"https:\/\/api.w.org\/{rel}","templated":true}]}}