{"id":763374,"date":"2026-04-07T02:00:00","date_gmt":"2026-04-07T00:00:00","guid":{"rendered":"0"},"modified":"2026-04-07T07:23:58","modified_gmt":"2026-04-07T05:23:58","slug":"CDS6-de_DE","status":"publish","type":"product","link":"https:\/\/b2b.calibereurope.com\/de\/produkt\/CDS6-de_DE\/","title":{"rendered":"Autolautsprecher &#8211; 30 mm Mylar Dome -Hocht\u00f6ner &#8211; 120W Max &#8211; Koaxiallautsprecher &#8211; Lautsprechersatz 16,5 cm (CDS6)"},"content":{"rendered":"<p> Caliber CDS6 Autospeakers ist ein Sprecher -Set, das aus zwei Sprechern von <strong> 16,5 cm <\/strong> besteht. Die Lautsprecher sind mit <strong> 2 Stra\u00dfenlautsprechern <\/strong> ausgestattet, die die verschiedenen Frequenzen des Klangs trennen. Die <strong> Mylar Dome Hocht\u00f6ner von 30 mm <\/strong> unterscheiden die hohen T\u00f6ne der niedrigen T\u00f6ne und dies stellt sicher, dass alle Ger\u00e4usche zu h\u00f6ren sind. Die Autolautsprecher haben einen minimalen Klang von <strong> 50 Watt RMS <\/strong> und eine <strong> maximale Leistung von 120 Watt <\/strong>. Dies erm\u00f6glicht es diesen Autolautsprechern, einen sehr leistungsstarken Klang zu erzeugen.&nbsp;<\/p>\n<p><\/p>\n<ul>\n<li>Autosprecher von 16,5 cm<\/li>\n<li>30 mm Mylar Dome Hocht\u00f6ner<\/li>\n<li>50 Watt RMS<\/li>\n<li>Maximale Leistung 120 Watt<\/li>\n<li>Empfindlichkeit: 92 dB\/w\/m + 3DB<\/li>\n<li>Mit IMPP-Conve im Kevlar-Look<\/li>\n<li>Assemblertiefe: 56 mm<\/li>\n<li>Durchmesser Installieren: 143 mm<\/li>\n<\/ul>\n<h3> Upgrade Ihres Musikerlebnisses <\/h3>\n<p> Mit diesem Lautsprecher -Set k\u00f6nnen Sie Ihre Lieblingsmusik stundenlang im Auto h\u00f6ren! Dank der 30 mm Mylar Dome -Hocht\u00f6ner werden die hohen und niedrigen Musikt\u00f6ne unterschieden. Dies stellt sicher, dass Sie alle Ger\u00e4usche h\u00f6ren und gut zeigen k\u00f6nnen. Auf diese Weise k\u00f6nnen Sie eine optimale Klangqualit\u00e4t genie\u00dfen. <\/p>\n<h3> Sehr leistungsstarker Klang <\/h3>\n<p> Die Autolautsprecher haben eine maximale Leistung von 120 Watt und eine RMS -Leistung von 50 Watt, um das Beste aus der Musik herauszuholen. Genie\u00dfen Sie einen harten Bass und feinen Ger\u00e4uschen, w\u00e4hrend Sie von A bis B fahren. Die Montentiefe betr\u00e4gt 56 mm und der gebaute Durchmesser von 143 mm. Sie k\u00f6nnen das Set durch die Schrauben und Clips befestigen. Dar\u00fcber hinaus wird das Set mit Grill geliefert, der oben platziert werden muss, um den Lautsprecher zu sch\u00fctzen. Best\u00e4tigen Sie den Lautsprechersatz und genie\u00dfen Sie Ihre Lieblingslieder sofort!&nbsp;<\/p>\n<p><\/p>\n<li> Caliber CDS6 Autolautsprecher <\/li>\n<li> Befestigungselemente: Schrauben und Clips <\/li>\n<li> Grill <\/li>\n","protected":false},"excerpt":{"rendered":"<p>Caliber CDS6 Autospeakers ist ein Sprecher -Set, das aus zwei Sprechern von 16,5 cm besteht. Die Lautsprecher sind mit 2 Stra\u00dfenlautsprechern ausgestattet, die die verschiedenen Frequenzen des Klangs trennen. Die Mylar Dome Hocht\u00f6ner von 30 mm unterscheiden die hohen T\u00f6ne der niedrigen T\u00f6ne und dies stellt sicher, dass alle Ger\u00e4usche zu h\u00f6ren sind. Die Autolautsprecher [&hellip;]<\/p>\n","protected":false},"featured_media":872733,"template":"","meta":{"_acf_changed":false,"site-sidebar-layout":"default","site-content-layout":"default","ast-site-content-layout":"default","site-content-style":"default","site-sidebar-style":"default","ast-global-header-display":"","ast-banner-title-visibility":"","ast-main-header-display":"","ast-hfb-above-header-display":"","ast-hfb-below-header-display":"","ast-hfb-mobile-header-display":"","site-post-title":"","ast-breadcrumbs-content":"","ast-featured-img":"","footer-sml-layout":"","theme-transparent-header-meta":"default","adv-header-id-meta":"","stick-header-meta":"default","header-above-stick-meta":"","header-main-stick-meta":"","header-below-stick-meta":"","astra-migrate-meta-layouts":"default","ast-page-background-enabled":"default","ast-page-background-meta":{"desktop":{"background-color":"","background-image":"","background-repeat":"repeat","background-position":"center center","background-size":"auto","background-attachment":"scroll","background-type":"","background-media":"","overlay-type":"","overlay-color":"","overlay-opacity":"","overlay-gradient":""},"tablet":{"background-color":"","background-image":"","background-repeat":"repeat","background-position":"center center","background-size":"auto","background-attachment":"scroll","background-type":"","background-media":"","overlay-type":"","overlay-color":"","overlay-opacity":"","overlay-gradient":""},"mobile":{"background-color":"","background-image":"","background-repeat":"repeat","background-position":"center center","background-size":"auto","background-attachment":"scroll","background-type":"","background-media":"","overlay-type":"","overlay-color":"","overlay-opacity":"","overlay-gradient":""}},"ast-content-background-meta":{"desktop":{"background-color":"var(--ast-global-color-5)","background-image":"","background-repeat":"repeat","background-position":"center center","background-size":"auto","background-attachment":"scroll","background-type":"","background-media":"","overlay-type":"","overlay-color":"","overlay-opacity":"","overlay-gradient":""},"tablet":{"background-color":"var(--ast-global-color-5)","background-image":"","background-repeat":"repeat","background-position":"center center","background-size":"auto","background-attachment":"scroll","background-type":"","background-media":"","overlay-type":"","overlay-color":"","overlay-opacity":"","overlay-gradient":""},"mobile":{"background-color":"var(--ast-global-color-5)","background-image":"","background-repeat":"repeat","background-position":"center center","background-size":"auto","background-attachment":"scroll","background-type":"","background-media":"","overlay-type":"","overlay-color":"","overlay-opacity":"","overlay-gradient":""}}},"product_brand":[],"product_cat":[12167],"product_tag":[],"class_list":{"0":"post-763374","1":"product","2":"type-product","3":"status-publish","4":"has-post-thumbnail","6":"product_cat-luidsprekers_auto_de_de","7":"desktop-align-center","8":"tablet-align-center","9":"mobile-align-center","10":"ast-product-gallery-layout-horizontal","11":"ast-product-tabs-layout-horizontal","13":"first","14":"onbackorder","15":"taxable","16":"shipping-taxable","17":"purchasable","18":"product-type-simple"},"acf":[],"yoast_head":"<!-- This site is optimized with the Yoast SEO plugin v26.5 - https:\/\/yoast.com\/wordpress\/plugins\/seo\/ -->\n<title>Autolautsprecher - 30 mm Mylar Dome -Hocht\u00f6ner - 120W Max - Koaxiallautsprecher - Lautsprechersatz 16,5 cm (CDS6) - Caliber Europe B.V.<\/title>\n<meta name=\"robots\" content=\"noindex, follow, max-snippet:-1, max-image-preview:large, max-video-preview:-1\" \/>\n<meta property=\"og:locale\" content=\"de_DE\" \/>\n<meta property=\"og:type\" content=\"article\" \/>\n<meta property=\"og:title\" content=\"Autolautsprecher - 30 mm Mylar Dome -Hocht\u00f6ner - 120W Max - Koaxiallautsprecher - Lautsprechersatz 16,5 cm (CDS6) - Caliber Europe B.V.\" \/>\n<meta property=\"og:description\" content=\"Caliber CDS6 Autospeakers ist ein Sprecher -Set, das aus zwei Sprechern von 16,5 cm besteht. Die Lautsprecher sind mit 2 Stra\u00dfenlautsprechern ausgestattet, die die verschiedenen Frequenzen des Klangs trennen. Die Mylar Dome Hocht\u00f6ner von 30 mm unterscheiden die hohen T\u00f6ne der niedrigen T\u00f6ne und dies stellt sicher, dass alle Ger\u00e4usche zu h\u00f6ren sind. Die Autolautsprecher [&hellip;]\" \/>\n<meta property=\"og:url\" content=\"https:\/\/b2b.calibereurope.com\/product\/cds6-de_de\/\" \/>\n<meta property=\"og:site_name\" content=\"Caliber Europe B.V.\" \/>\n<meta property=\"article:modified_time\" content=\"2026-04-07T05:23:58+00:00\" \/>\n<meta name=\"twitter:card\" content=\"summary_large_image\" \/>\n<meta name=\"twitter:label1\" content=\"Gesch\u00e4tzte Lesezeit\" \/>\n\t<meta name=\"twitter:data1\" content=\"1\u00a0Minute\" \/>\n<script type=\"application\/ld+json\" class=\"yoast-schema-graph\">{\"@context\":\"https:\/\/schema.org\",\"@graph\":[{\"@type\":\"WebPage\",\"@id\":\"https:\/\/b2b.calibereurope.com\/product\/cds6-de_de\/\",\"url\":\"https:\/\/b2b.calibereurope.com\/product\/cds6-de_de\/\",\"name\":\"Autolautsprecher - 30 mm Mylar Dome -Hocht\u00f6ner - 120W Max - Koaxiallautsprecher - Lautsprechersatz 16,5 cm (CDS6) - Caliber Europe B.V.\",\"isPartOf\":{\"@id\":\"https:\/\/b2b.calibereurope.com\/#website\"},\"primaryImageOfPage\":{\"@id\":\"https:\/\/b2b.calibereurope.com\/product\/cds6-de_de\/#primaryimage\"},\"image\":{\"@id\":\"https:\/\/b2b.calibereurope.com\/product\/cds6-de_de\/#primaryimage\"},\"thumbnailUrl\":\"https:\/\/b2b.calibereurope.com\/wp-content\/uploads\/2026\/04\/bd859dfddd759da485c98f91272e6f72e6137622_CDS6_top.jpg\",\"datePublished\":\"2026-04-07T00:00:00+00:00\",\"dateModified\":\"2026-04-07T05:23:58+00:00\",\"breadcrumb\":{\"@id\":\"https:\/\/b2b.calibereurope.com\/product\/cds6-de_de\/#breadcrumb\"},\"inLanguage\":\"de\",\"potentialAction\":[{\"@type\":\"ReadAction\",\"target\":[\"https:\/\/b2b.calibereurope.com\/product\/cds6-de_de\/\"]}]},{\"@type\":\"ImageObject\",\"inLanguage\":\"de\",\"@id\":\"https:\/\/b2b.calibereurope.com\/product\/cds6-de_de\/#primaryimage\",\"url\":\"https:\/\/b2b.calibereurope.com\/wp-content\/uploads\/2026\/04\/bd859dfddd759da485c98f91272e6f72e6137622_CDS6_top.jpg\",\"contentUrl\":\"https:\/\/b2b.calibereurope.com\/wp-content\/uploads\/2026\/04\/bd859dfddd759da485c98f91272e6f72e6137622_CDS6_top.jpg\",\"width\":1024,\"height\":768},{\"@type\":\"BreadcrumbList\",\"@id\":\"https:\/\/b2b.calibereurope.com\/product\/cds6-de_de\/#breadcrumb\",\"itemListElement\":[{\"@type\":\"ListItem\",\"position\":1,\"name\":\"Home\",\"item\":\"https:\/\/b2b.calibereurope.com\/de\/\"},{\"@type\":\"ListItem\",\"position\":2,\"name\":\"Shop\",\"item\":\"https:\/\/b2b.calibereurope.com\/de\/shop\/\"},{\"@type\":\"ListItem\",\"position\":3,\"name\":\"CDS6\"}]},{\"@type\":\"WebSite\",\"@id\":\"https:\/\/b2b.calibereurope.com\/#website\",\"url\":\"https:\/\/b2b.calibereurope.com\/\",\"name\":\"Caliber Europe B.V.\",\"description\":\"B2B Webshop\",\"publisher\":{\"@id\":\"https:\/\/b2b.calibereurope.com\/#organization\"},\"potentialAction\":[{\"@type\":\"SearchAction\",\"target\":{\"@type\":\"EntryPoint\",\"urlTemplate\":\"https:\/\/b2b.calibereurope.com\/?s={search_term_string}\"},\"query-input\":{\"@type\":\"PropertyValueSpecification\",\"valueRequired\":true,\"valueName\":\"search_term_string\"}}],\"inLanguage\":\"de\"},{\"@type\":\"Organization\",\"@id\":\"https:\/\/b2b.calibereurope.com\/#organization\",\"name\":\"Caliber Europe B.V.\",\"url\":\"https:\/\/b2b.calibereurope.com\/\",\"logo\":{\"@type\":\"ImageObject\",\"inLanguage\":\"de\",\"@id\":\"https:\/\/b2b.calibereurope.com\/#\/schema\/logo\/image\/\",\"url\":\"https:\/\/b2b.calibereurope.com\/wp-content\/uploads\/2020\/12\/Caliber_Logo-Black.png\",\"contentUrl\":\"https:\/\/b2b.calibereurope.com\/wp-content\/uploads\/2020\/12\/Caliber_Logo-Black.png\",\"width\":3157,\"height\":356,\"caption\":\"Caliber Europe B.V.\"},\"image\":{\"@id\":\"https:\/\/b2b.calibereurope.com\/#\/schema\/logo\/image\/\"}}]}<\/script>\n<!-- \/ Yoast SEO plugin. -->","yoast_head_json":{"title":"Autolautsprecher - 30 mm Mylar Dome -Hocht\u00f6ner - 120W Max - Koaxiallautsprecher - Lautsprechersatz 16,5 cm (CDS6) - Caliber Europe B.V.","robots":{"index":"noindex","follow":"follow","max-snippet":"max-snippet:-1","max-image-preview":"max-image-preview:large","max-video-preview":"max-video-preview:-1"},"og_locale":"de_DE","og_type":"article","og_title":"Autolautsprecher - 30 mm Mylar Dome -Hocht\u00f6ner - 120W Max - Koaxiallautsprecher - Lautsprechersatz 16,5 cm (CDS6) - Caliber Europe B.V.","og_description":"Caliber CDS6 Autospeakers ist ein Sprecher -Set, das aus zwei Sprechern von 16,5 cm besteht. Die Lautsprecher sind mit 2 Stra\u00dfenlautsprechern ausgestattet, die die verschiedenen Frequenzen des Klangs trennen. Die Mylar Dome Hocht\u00f6ner von 30 mm unterscheiden die hohen T\u00f6ne der niedrigen T\u00f6ne und dies stellt sicher, dass alle Ger\u00e4usche zu h\u00f6ren sind. Die Autolautsprecher [&hellip;]","og_url":"https:\/\/b2b.calibereurope.com\/product\/cds6-de_de\/","og_site_name":"Caliber Europe B.V.","article_modified_time":"2026-04-07T05:23:58+00:00","twitter_card":"summary_large_image","twitter_misc":{"Gesch\u00e4tzte Lesezeit":"1\u00a0Minute"},"schema":{"@context":"https:\/\/schema.org","@graph":[{"@type":"WebPage","@id":"https:\/\/b2b.calibereurope.com\/product\/cds6-de_de\/","url":"https:\/\/b2b.calibereurope.com\/product\/cds6-de_de\/","name":"Autolautsprecher - 30 mm Mylar Dome -Hocht\u00f6ner - 120W Max - Koaxiallautsprecher - Lautsprechersatz 16,5 cm (CDS6) - Caliber Europe B.V.","isPartOf":{"@id":"https:\/\/b2b.calibereurope.com\/#website"},"primaryImageOfPage":{"@id":"https:\/\/b2b.calibereurope.com\/product\/cds6-de_de\/#primaryimage"},"image":{"@id":"https:\/\/b2b.calibereurope.com\/product\/cds6-de_de\/#primaryimage"},"thumbnailUrl":"https:\/\/b2b.calibereurope.com\/wp-content\/uploads\/2026\/04\/bd859dfddd759da485c98f91272e6f72e6137622_CDS6_top.jpg","datePublished":"2026-04-07T00:00:00+00:00","dateModified":"2026-04-07T05:23:58+00:00","breadcrumb":{"@id":"https:\/\/b2b.calibereurope.com\/product\/cds6-de_de\/#breadcrumb"},"inLanguage":"de","potentialAction":[{"@type":"ReadAction","target":["https:\/\/b2b.calibereurope.com\/product\/cds6-de_de\/"]}]},{"@type":"ImageObject","inLanguage":"de","@id":"https:\/\/b2b.calibereurope.com\/product\/cds6-de_de\/#primaryimage","url":"https:\/\/b2b.calibereurope.com\/wp-content\/uploads\/2026\/04\/bd859dfddd759da485c98f91272e6f72e6137622_CDS6_top.jpg","contentUrl":"https:\/\/b2b.calibereurope.com\/wp-content\/uploads\/2026\/04\/bd859dfddd759da485c98f91272e6f72e6137622_CDS6_top.jpg","width":1024,"height":768},{"@type":"BreadcrumbList","@id":"https:\/\/b2b.calibereurope.com\/product\/cds6-de_de\/#breadcrumb","itemListElement":[{"@type":"ListItem","position":1,"name":"Home","item":"https:\/\/b2b.calibereurope.com\/de\/"},{"@type":"ListItem","position":2,"name":"Shop","item":"https:\/\/b2b.calibereurope.com\/de\/shop\/"},{"@type":"ListItem","position":3,"name":"CDS6"}]},{"@type":"WebSite","@id":"https:\/\/b2b.calibereurope.com\/#website","url":"https:\/\/b2b.calibereurope.com\/","name":"Caliber Europe B.V.","description":"B2B Webshop","publisher":{"@id":"https:\/\/b2b.calibereurope.com\/#organization"},"potentialAction":[{"@type":"SearchAction","target":{"@type":"EntryPoint","urlTemplate":"https:\/\/b2b.calibereurope.com\/?s={search_term_string}"},"query-input":{"@type":"PropertyValueSpecification","valueRequired":true,"valueName":"search_term_string"}}],"inLanguage":"de"},{"@type":"Organization","@id":"https:\/\/b2b.calibereurope.com\/#organization","name":"Caliber Europe B.V.","url":"https:\/\/b2b.calibereurope.com\/","logo":{"@type":"ImageObject","inLanguage":"de","@id":"https:\/\/b2b.calibereurope.com\/#\/schema\/logo\/image\/","url":"https:\/\/b2b.calibereurope.com\/wp-content\/uploads\/2020\/12\/Caliber_Logo-Black.png","contentUrl":"https:\/\/b2b.calibereurope.com\/wp-content\/uploads\/2020\/12\/Caliber_Logo-Black.png","width":3157,"height":356,"caption":"Caliber Europe B.V."},"image":{"@id":"https:\/\/b2b.calibereurope.com\/#\/schema\/logo\/image\/"}}]}},"_links":{"self":[{"href":"https:\/\/b2b.calibereurope.com\/de\/wp-json\/wp\/v2\/product\/763374","targetHints":{"allow":["GET"]}}],"collection":[{"href":"https:\/\/b2b.calibereurope.com\/de\/wp-json\/wp\/v2\/product"}],"about":[{"href":"https:\/\/b2b.calibereurope.com\/de\/wp-json\/wp\/v2\/types\/product"}],"version-history":[{"count":0,"href":"https:\/\/b2b.calibereurope.com\/de\/wp-json\/wp\/v2\/product\/763374\/revisions"}],"wp:featuredmedia":[{"embeddable":true,"href":"https:\/\/b2b.calibereurope.com\/de\/wp-json\/wp\/v2\/media\/872733"}],"wp:attachment":[{"href":"https:\/\/b2b.calibereurope.com\/de\/wp-json\/wp\/v2\/media?parent=763374"}],"wp:term":[{"taxonomy":"product_brand","embeddable":true,"href":"https:\/\/b2b.calibereurope.com\/de\/wp-json\/wp\/v2\/product_brand?post=763374"},{"taxonomy":"product_cat","embeddable":true,"href":"https:\/\/b2b.calibereurope.com\/de\/wp-json\/wp\/v2\/product_cat?post=763374"},{"taxonomy":"product_tag","embeddable":true,"href":"https:\/\/b2b.calibereurope.com\/de\/wp-json\/wp\/v2\/product_tag?post=763374"}],"curies":[{"name":"wp","href":"https:\/\/api.w.org\/{rel}","templated":true}]}}