{"id":808853,"date":"2025-12-04T01:00:00","date_gmt":"2025-12-04T00:00:00","guid":{"rendered":"0"},"modified":"2025-12-04T14:48:44","modified_gmt":"2025-12-04T13:48:44","slug":"HPG317R-B-de_DE","status":"publish","type":"product","link":"https:\/\/b2b.calibereurope.com\/de\/produkt\/HPG317R-B-de_DE\/","title":{"rendered":"Tragbares Radio &#8211; Batterien oder Netzkabel &#8211; AM\/FM-Radio mit Handgriff und Kopfh\u00f6reranschluss &#8211; Schwarz (HPG317R-B)"},"content":{"rendered":"<p>Das Caliber HPG317R-B ist ein tragbares Radio mit einem einzigartigen <strong>Retro-Design<\/strong>. Das Caliber HPG317R-B l\u00e4sst dir die Wahl zwischen <strong>AM und FM<\/strong> Radio, damit du immer den Sender findest, den du h\u00f6ren willst. Mit den <strong>4 CLR14-Batterien<\/strong> und dem <strong>Griff<\/strong> kannst du das Radio \u00fcberallhin mitnehmen, oder du kannst es an das <strong>Stromkabel<\/strong> anschlie\u00dfen, wenn du es an einem festen Ort benutzen willst.<\/p>\n<p><strong>Merkmale:<\/strong><\/p>\n<ul>\n<li>FM\/AM-Radio<\/li>\n<li>Retro-Design<\/li>\n<li>LED-Stromanzeige<\/li>\n<li>Funktioniert mit 230V oder 4x C-Batterien<\/li>\n<li>Metall-Teleskopantenne<\/li>\n<li>Mit Tragegriff<\/li>\n<li>Kopfh\u00f6rerbuchse 3,5 mm<\/li>\n<li>3W Mono-Sound<\/li>\n<\/ul>\n<h3>\u00dcberall Musik h\u00f6ren<\/h3>\n<p>Dank des tragbaren Radios musst du nie wieder auf deine Lieblingsmusik und -programme verzichten. Egal, ob du auf Reisen, im Garten oder einfach nur auf dem Sofa bist, du kannst immer deine Lieblingssender h\u00f6ren. Dank seiner kompakten Gr\u00f6\u00dfe und seines geringen Gewichts kannst du dieses Radio \u00fcberall hin mitnehmen.<\/p>\n<h3>Einfach zu tragen<\/h3>\n<p>Das Radio hat einen praktischen Griff an der Oberseite. Mit diesem stabilen Griff kannst du das Funkger\u00e4t \u00fcberallhin mitnehmen. Da das Radio nur 810 Gramm wiegt, ist es \u00fcberhaupt kein Problem, es mitzunehmen. Willst du lieber in aller Ruhe Radio h\u00f6ren? Dann benutze den Kopfh\u00f6reranschluss, um \u00fcber Kopfh\u00f6rer oder Ohrst\u00f6psel zu h\u00f6ren.<\/p>\n<h3>Retro-Design<\/h3>\n<p>Das Radio hat ein einzigartiges Retro-Design. Damit ist es ein echter Hingucker in jedem Wohn- oder Schlafzimmer. Auch bei einer Mottoparty kannst du mit diesem tragbaren Radio mit Antenne beeindrucken. Komm in die 80er oder 90er Jahre Stimmung und bring die Musik mit!<\/p>\n","protected":false},"excerpt":{"rendered":"<p>Das Caliber HPG317R-B ist ein tragbares Radio mit einem einzigartigen Retro-Design. Das Caliber HPG317R-B l\u00e4sst dir die Wahl zwischen AM und FM Radio, damit du immer den Sender findest, den du h\u00f6ren willst. Mit den 4 CLR14-Batterien und dem Griff kannst du das Radio \u00fcberallhin mitnehmen, oder du kannst es an das Stromkabel anschlie\u00dfen, wenn [&hellip;]<\/p>\n","protected":false},"featured_media":867042,"template":"","meta":{"_acf_changed":false,"site-sidebar-layout":"default","site-content-layout":"","ast-site-content-layout":"default","site-content-style":"default","site-sidebar-style":"default","ast-global-header-display":"","ast-banner-title-visibility":"","ast-main-header-display":"","ast-hfb-above-header-display":"","ast-hfb-below-header-display":"","ast-hfb-mobile-header-display":"","site-post-title":"","ast-breadcrumbs-content":"","ast-featured-img":"","footer-sml-layout":"","theme-transparent-header-meta":"","adv-header-id-meta":"","stick-header-meta":"","header-above-stick-meta":"","header-main-stick-meta":"","header-below-stick-meta":"","astra-migrate-meta-layouts":"default","ast-page-background-enabled":"default","ast-page-background-meta":{"desktop":{"background-color":"","background-image":"","background-repeat":"repeat","background-position":"center center","background-size":"auto","background-attachment":"scroll","background-type":"","background-media":"","overlay-type":"","overlay-color":"","overlay-opacity":"","overlay-gradient":""},"tablet":{"background-color":"","background-image":"","background-repeat":"repeat","background-position":"center center","background-size":"auto","background-attachment":"scroll","background-type":"","background-media":"","overlay-type":"","overlay-color":"","overlay-opacity":"","overlay-gradient":""},"mobile":{"background-color":"","background-image":"","background-repeat":"repeat","background-position":"center center","background-size":"auto","background-attachment":"scroll","background-type":"","background-media":"","overlay-type":"","overlay-color":"","overlay-opacity":"","overlay-gradient":""}},"ast-content-background-meta":{"desktop":{"background-color":"var(--ast-global-color-5)","background-image":"","background-repeat":"repeat","background-position":"center center","background-size":"auto","background-attachment":"scroll","background-type":"","background-media":"","overlay-type":"","overlay-color":"","overlay-opacity":"","overlay-gradient":""},"tablet":{"background-color":"var(--ast-global-color-5)","background-image":"","background-repeat":"repeat","background-position":"center center","background-size":"auto","background-attachment":"scroll","background-type":"","background-media":"","overlay-type":"","overlay-color":"","overlay-opacity":"","overlay-gradient":""},"mobile":{"background-color":"var(--ast-global-color-5)","background-image":"","background-repeat":"repeat","background-position":"center center","background-size":"auto","background-attachment":"scroll","background-type":"","background-media":"","overlay-type":"","overlay-color":"","overlay-opacity":"","overlay-gradient":""}}},"product_brand":[],"product_cat":[22956],"product_tag":[],"class_list":{"0":"post-808853","1":"product","2":"type-product","3":"status-publish","4":"has-post-thumbnail","6":"product_cat-keine-kategorie","7":"desktop-align-center","8":"tablet-align-center","9":"mobile-align-center","10":"ast-product-gallery-layout-horizontal","11":"ast-product-gallery-with-no-image","12":"ast-product-tabs-layout-horizontal","14":"first","15":"instock","16":"taxable","17":"shipping-taxable","18":"purchasable","19":"product-type-simple"},"acf":[],"yoast_head":"<!-- This site is optimized with the Yoast SEO plugin v26.5 - https:\/\/yoast.com\/wordpress\/plugins\/seo\/ -->\n<title>Tragbares Radio - Batterien oder Netzkabel - AM\/FM-Radio mit Handgriff und Kopfh\u00f6reranschluss - Schwarz (HPG317R-B) - Caliber Europe B.V.<\/title>\n<meta name=\"robots\" content=\"noindex, follow, max-snippet:-1, max-image-preview:large, max-video-preview:-1\" \/>\n<meta property=\"og:locale\" content=\"de_DE\" \/>\n<meta property=\"og:type\" content=\"article\" \/>\n<meta property=\"og:title\" content=\"Tragbares Radio - Batterien oder Netzkabel - AM\/FM-Radio mit Handgriff und Kopfh\u00f6reranschluss - Schwarz (HPG317R-B) - Caliber Europe B.V.\" \/>\n<meta property=\"og:description\" content=\"Das Caliber HPG317R-B ist ein tragbares Radio mit einem einzigartigen Retro-Design. Das Caliber HPG317R-B l\u00e4sst dir die Wahl zwischen AM und FM Radio, damit du immer den Sender findest, den du h\u00f6ren willst. Mit den 4 CLR14-Batterien und dem Griff kannst du das Radio \u00fcberallhin mitnehmen, oder du kannst es an das Stromkabel anschlie\u00dfen, wenn [&hellip;]\" \/>\n<meta property=\"og:url\" content=\"https:\/\/b2b.calibereurope.com\/product\/hpg317r-b-de_de\/\" \/>\n<meta property=\"og:site_name\" content=\"Caliber Europe B.V.\" \/>\n<meta property=\"article:modified_time\" content=\"2025-12-04T13:48:44+00:00\" \/>\n<meta name=\"twitter:card\" content=\"summary_large_image\" \/>\n<meta name=\"twitter:label1\" content=\"Gesch\u00e4tzte Lesezeit\" \/>\n\t<meta name=\"twitter:data1\" content=\"1\u00a0Minute\" \/>\n<script type=\"application\/ld+json\" class=\"yoast-schema-graph\">{\"@context\":\"https:\/\/schema.org\",\"@graph\":[{\"@type\":\"WebPage\",\"@id\":\"https:\/\/b2b.calibereurope.com\/product\/hpg317r-b-de_de\/\",\"url\":\"https:\/\/b2b.calibereurope.com\/product\/hpg317r-b-de_de\/\",\"name\":\"Tragbares Radio - Batterien oder Netzkabel - AM\/FM-Radio mit Handgriff und Kopfh\u00f6reranschluss - Schwarz (HPG317R-B) - Caliber Europe B.V.\",\"isPartOf\":{\"@id\":\"https:\/\/b2b.calibereurope.com\/#website\"},\"primaryImageOfPage\":{\"@id\":\"https:\/\/b2b.calibereurope.com\/product\/hpg317r-b-de_de\/#primaryimage\"},\"image\":{\"@id\":\"https:\/\/b2b.calibereurope.com\/product\/hpg317r-b-de_de\/#primaryimage\"},\"thumbnailUrl\":\"https:\/\/b2b.calibereurope.com\/wp-content\/uploads\/2025\/12\/5ef97e5782244f81b96cc2649227ae0bdb97b969_HPG317R_B-4.jpg\",\"datePublished\":\"2025-12-04T00:00:00+00:00\",\"dateModified\":\"2025-12-04T13:48:44+00:00\",\"breadcrumb\":{\"@id\":\"https:\/\/b2b.calibereurope.com\/product\/hpg317r-b-de_de\/#breadcrumb\"},\"inLanguage\":\"de\",\"potentialAction\":[{\"@type\":\"ReadAction\",\"target\":[\"https:\/\/b2b.calibereurope.com\/product\/hpg317r-b-de_de\/\"]}]},{\"@type\":\"ImageObject\",\"inLanguage\":\"de\",\"@id\":\"https:\/\/b2b.calibereurope.com\/product\/hpg317r-b-de_de\/#primaryimage\",\"url\":\"https:\/\/b2b.calibereurope.com\/wp-content\/uploads\/2025\/12\/5ef97e5782244f81b96cc2649227ae0bdb97b969_HPG317R_B-4.jpg\",\"contentUrl\":\"https:\/\/b2b.calibereurope.com\/wp-content\/uploads\/2025\/12\/5ef97e5782244f81b96cc2649227ae0bdb97b969_HPG317R_B-4.jpg\",\"width\":1999,\"height\":2000},{\"@type\":\"BreadcrumbList\",\"@id\":\"https:\/\/b2b.calibereurope.com\/product\/hpg317r-b-de_de\/#breadcrumb\",\"itemListElement\":[{\"@type\":\"ListItem\",\"position\":1,\"name\":\"Home\",\"item\":\"https:\/\/b2b.calibereurope.com\/de\/\"},{\"@type\":\"ListItem\",\"position\":2,\"name\":\"Shop\",\"item\":\"https:\/\/b2b.calibereurope.com\/de\/shop\/\"},{\"@type\":\"ListItem\",\"position\":3,\"name\":\"HPG317R-B\"}]},{\"@type\":\"WebSite\",\"@id\":\"https:\/\/b2b.calibereurope.com\/#website\",\"url\":\"https:\/\/b2b.calibereurope.com\/\",\"name\":\"Caliber Europe B.V.\",\"description\":\"B2B Webshop\",\"publisher\":{\"@id\":\"https:\/\/b2b.calibereurope.com\/#organization\"},\"potentialAction\":[{\"@type\":\"SearchAction\",\"target\":{\"@type\":\"EntryPoint\",\"urlTemplate\":\"https:\/\/b2b.calibereurope.com\/?s={search_term_string}\"},\"query-input\":{\"@type\":\"PropertyValueSpecification\",\"valueRequired\":true,\"valueName\":\"search_term_string\"}}],\"inLanguage\":\"de\"},{\"@type\":\"Organization\",\"@id\":\"https:\/\/b2b.calibereurope.com\/#organization\",\"name\":\"Caliber Europe B.V.\",\"url\":\"https:\/\/b2b.calibereurope.com\/\",\"logo\":{\"@type\":\"ImageObject\",\"inLanguage\":\"de\",\"@id\":\"https:\/\/b2b.calibereurope.com\/#\/schema\/logo\/image\/\",\"url\":\"https:\/\/b2b.calibereurope.com\/wp-content\/uploads\/2020\/12\/Caliber_Logo-Black.png\",\"contentUrl\":\"https:\/\/b2b.calibereurope.com\/wp-content\/uploads\/2020\/12\/Caliber_Logo-Black.png\",\"width\":3157,\"height\":356,\"caption\":\"Caliber Europe B.V.\"},\"image\":{\"@id\":\"https:\/\/b2b.calibereurope.com\/#\/schema\/logo\/image\/\"}}]}<\/script>\n<!-- \/ Yoast SEO plugin. -->","yoast_head_json":{"title":"Tragbares Radio - Batterien oder Netzkabel - AM\/FM-Radio mit Handgriff und Kopfh\u00f6reranschluss - Schwarz (HPG317R-B) - Caliber Europe B.V.","robots":{"index":"noindex","follow":"follow","max-snippet":"max-snippet:-1","max-image-preview":"max-image-preview:large","max-video-preview":"max-video-preview:-1"},"og_locale":"de_DE","og_type":"article","og_title":"Tragbares Radio - Batterien oder Netzkabel - AM\/FM-Radio mit Handgriff und Kopfh\u00f6reranschluss - Schwarz (HPG317R-B) - Caliber Europe B.V.","og_description":"Das Caliber HPG317R-B ist ein tragbares Radio mit einem einzigartigen Retro-Design. Das Caliber HPG317R-B l\u00e4sst dir die Wahl zwischen AM und FM Radio, damit du immer den Sender findest, den du h\u00f6ren willst. Mit den 4 CLR14-Batterien und dem Griff kannst du das Radio \u00fcberallhin mitnehmen, oder du kannst es an das Stromkabel anschlie\u00dfen, wenn [&hellip;]","og_url":"https:\/\/b2b.calibereurope.com\/product\/hpg317r-b-de_de\/","og_site_name":"Caliber Europe B.V.","article_modified_time":"2025-12-04T13:48:44+00:00","twitter_card":"summary_large_image","twitter_misc":{"Gesch\u00e4tzte Lesezeit":"1\u00a0Minute"},"schema":{"@context":"https:\/\/schema.org","@graph":[{"@type":"WebPage","@id":"https:\/\/b2b.calibereurope.com\/product\/hpg317r-b-de_de\/","url":"https:\/\/b2b.calibereurope.com\/product\/hpg317r-b-de_de\/","name":"Tragbares Radio - Batterien oder Netzkabel - AM\/FM-Radio mit Handgriff und Kopfh\u00f6reranschluss - Schwarz (HPG317R-B) - Caliber Europe B.V.","isPartOf":{"@id":"https:\/\/b2b.calibereurope.com\/#website"},"primaryImageOfPage":{"@id":"https:\/\/b2b.calibereurope.com\/product\/hpg317r-b-de_de\/#primaryimage"},"image":{"@id":"https:\/\/b2b.calibereurope.com\/product\/hpg317r-b-de_de\/#primaryimage"},"thumbnailUrl":"https:\/\/b2b.calibereurope.com\/wp-content\/uploads\/2025\/12\/5ef97e5782244f81b96cc2649227ae0bdb97b969_HPG317R_B-4.jpg","datePublished":"2025-12-04T00:00:00+00:00","dateModified":"2025-12-04T13:48:44+00:00","breadcrumb":{"@id":"https:\/\/b2b.calibereurope.com\/product\/hpg317r-b-de_de\/#breadcrumb"},"inLanguage":"de","potentialAction":[{"@type":"ReadAction","target":["https:\/\/b2b.calibereurope.com\/product\/hpg317r-b-de_de\/"]}]},{"@type":"ImageObject","inLanguage":"de","@id":"https:\/\/b2b.calibereurope.com\/product\/hpg317r-b-de_de\/#primaryimage","url":"https:\/\/b2b.calibereurope.com\/wp-content\/uploads\/2025\/12\/5ef97e5782244f81b96cc2649227ae0bdb97b969_HPG317R_B-4.jpg","contentUrl":"https:\/\/b2b.calibereurope.com\/wp-content\/uploads\/2025\/12\/5ef97e5782244f81b96cc2649227ae0bdb97b969_HPG317R_B-4.jpg","width":1999,"height":2000},{"@type":"BreadcrumbList","@id":"https:\/\/b2b.calibereurope.com\/product\/hpg317r-b-de_de\/#breadcrumb","itemListElement":[{"@type":"ListItem","position":1,"name":"Home","item":"https:\/\/b2b.calibereurope.com\/de\/"},{"@type":"ListItem","position":2,"name":"Shop","item":"https:\/\/b2b.calibereurope.com\/de\/shop\/"},{"@type":"ListItem","position":3,"name":"HPG317R-B"}]},{"@type":"WebSite","@id":"https:\/\/b2b.calibereurope.com\/#website","url":"https:\/\/b2b.calibereurope.com\/","name":"Caliber Europe B.V.","description":"B2B Webshop","publisher":{"@id":"https:\/\/b2b.calibereurope.com\/#organization"},"potentialAction":[{"@type":"SearchAction","target":{"@type":"EntryPoint","urlTemplate":"https:\/\/b2b.calibereurope.com\/?s={search_term_string}"},"query-input":{"@type":"PropertyValueSpecification","valueRequired":true,"valueName":"search_term_string"}}],"inLanguage":"de"},{"@type":"Organization","@id":"https:\/\/b2b.calibereurope.com\/#organization","name":"Caliber Europe B.V.","url":"https:\/\/b2b.calibereurope.com\/","logo":{"@type":"ImageObject","inLanguage":"de","@id":"https:\/\/b2b.calibereurope.com\/#\/schema\/logo\/image\/","url":"https:\/\/b2b.calibereurope.com\/wp-content\/uploads\/2020\/12\/Caliber_Logo-Black.png","contentUrl":"https:\/\/b2b.calibereurope.com\/wp-content\/uploads\/2020\/12\/Caliber_Logo-Black.png","width":3157,"height":356,"caption":"Caliber Europe B.V."},"image":{"@id":"https:\/\/b2b.calibereurope.com\/#\/schema\/logo\/image\/"}}]}},"_links":{"self":[{"href":"https:\/\/b2b.calibereurope.com\/de\/wp-json\/wp\/v2\/product\/808853","targetHints":{"allow":["GET"]}}],"collection":[{"href":"https:\/\/b2b.calibereurope.com\/de\/wp-json\/wp\/v2\/product"}],"about":[{"href":"https:\/\/b2b.calibereurope.com\/de\/wp-json\/wp\/v2\/types\/product"}],"version-history":[{"count":0,"href":"https:\/\/b2b.calibereurope.com\/de\/wp-json\/wp\/v2\/product\/808853\/revisions"}],"wp:featuredmedia":[{"embeddable":true,"href":"https:\/\/b2b.calibereurope.com\/de\/wp-json\/wp\/v2\/media\/867042"}],"wp:attachment":[{"href":"https:\/\/b2b.calibereurope.com\/de\/wp-json\/wp\/v2\/media?parent=808853"}],"wp:term":[{"taxonomy":"product_brand","embeddable":true,"href":"https:\/\/b2b.calibereurope.com\/de\/wp-json\/wp\/v2\/product_brand?post=808853"},{"taxonomy":"product_cat","embeddable":true,"href":"https:\/\/b2b.calibereurope.com\/de\/wp-json\/wp\/v2\/product_cat?post=808853"},{"taxonomy":"product_tag","embeddable":true,"href":"https:\/\/b2b.calibereurope.com\/de\/wp-json\/wp\/v2\/product_tag?post=808853"}],"curies":[{"name":"wp","href":"https:\/\/api.w.org\/{rel}","templated":true}]}}